{"id":10125,"date":"2024-08-12T17:45:04","date_gmt":"2024-08-12T17:45:04","guid":{"rendered":"https:\/\/osaka.ma\/?post_type=product&#038;p=10125"},"modified":"2024-12-18T15:36:18","modified_gmt":"2024-12-18T15:36:18","slug":"hp-victus-16-i7-14700hx-16gb-1tb-ssd-rtx-4060-6gb-16-1-fhd-ips-144hz","status":"publish","type":"product","link":"https:\/\/osaka.ma\/de\/product\/hp-victus-16-i7-14700hx-16gb-1tb-ssd-rtx-4060-6gb-16-1-fhd-ips-144hz\/","title":{"rendered":"HP Victus 16 i7-14700HX\/ 16GB \/ 1TB SSD\/ RTX 4060 6GB\/ 16.1&#8243; FHD IPS 144HZ"},"content":{"rendered":"<div class=\"logo\"><img decoding=\"async\" class=\"aligncenter\" src=\"https:\/\/media.ldlc.com\/v3\/marque\/bo\/00\/03\/15\/98\/V30003159855_2.jpg\" alt=\"HP\" \/><\/div>\n<div><\/div>\n<div id=\"description\" class=\"description\">\n<div class=\"details-pdt-desc\">\n<section>Le\u00a0<strong>PC portable Gamer HP Victus 16<\/strong>\u00a0combine avantageusement, mobilit\u00e9 et performances de jeu pour un prix abordable. Avec un\u00a0<strong>processeur Intel\u00ae Core\u2122 i7-14700HX<\/strong>\u00a0et une\u00a0<strong>puce graphique NVIDIA GeForce RTX s\u00e9rie 4000<\/strong>, il vous permettra de profiter de performances fluides et rapides avec un bon niveau de qualit\u00e9 graphique.<\/section>\n<section>\n<div class=\"desc-image\"><img decoding=\"async\" src=\"https:\/\/media.ldlc.com\/bo\/images\/fiches\/pc_portables\/hp\/victus_15\/801.jpg\" alt=\"\" \/><\/div>\n<div class=\"desc-text\">\n<h2>PERFORMANCES POUR LE DIVERTISSEMENT<\/h2>\n<p>\u00c9quip\u00e9 d\u2019un processeur intel\u00ae Core\u2122 i7-14700HX, d\u2019une puce graphique NVIDIA GeForce RTX 4060 et d\u2019un SSD au format M.2 PCIe, ce PC portable HP Victus offre de bonnes performances et un fonctionnement rapide, pour le divertissement multim\u00e9dia et les jeux vid\u00e9o r\u00e9cents.<\/p>\n<\/div>\n<\/section>\n<section>\n<div class=\"desc-text\">\n<h2>CONFORT DE JEU AU QUOTIDIEN<\/h2>\n<p>Gr\u00e2ce \u00e0 son \u00e9cran de 16 pouces avec r\u00e9solution Full HD, ce PC portable Gamer offre une image confortable et riche en d\u00e9tails. De plus, avec son syst\u00e8me audio con\u00e7u en collaboration avec les experts Bang &amp; Olufsen, cet ordinateur portable HP offre aussi une exp\u00e9rience audio\/vid\u00e9o de qualit\u00e9.<\/p>\n<\/div>\n<div class=\"desc-image\"><img decoding=\"async\" src=\"https:\/\/media.ldlc.com\/bo\/images\/fiches\/pc_portables\/hp\/victus_15\/802.jpg\" alt=\"\" \/><\/div>\n<\/section>\n<section class=\"list\">\n<h2>CARACT\u00c9RISTIQUES PRINCIPALES :<\/h2>\n<ul>\n<li><strong>Processeur Intel\u00ae Core\u2122 i7-14700HX (8 Performance-Cores 5.5 GHz Turbo + 12 Efficient-Cores 3.9 GHz Turbo \u2013 28 Threads \u2013 Cache 33 Mo)<\/strong><\/li>\n<li><strong>16 GB<\/strong> (2 x 8 GB ) de m\u00e9moire <strong>DDR5<\/strong><\/li>\n<li><strong>\u00c9cran de 16\u2033 anti-reflets<\/strong>\u00a0avec r\u00e9solution <strong>Full HD\u00a0(1920 x 1080)<\/strong> fr\u00e9quence de <strong>144 Hz<\/strong><\/li>\n<li>Puce graphique\u00a0<strong>NVIDIA GeForce RTX 4060 8GB de m\u00e9moire<\/strong><\/li>\n<li>Fonctionnement fluide et rapide avec un\u00a0<strong>SSD 1TB M.2 PCIe<\/strong><\/li>\n<li>Communication sans fil fiable et performante Wi-Fi 6E + Bluetooth 5.2<\/li>\n<li>Clavier avec touches r\u00e9tro\u00e9clair\u00e9s ( Blanc )<\/li>\n<li>Syst\u00e8me de refroidissement performant avec 2 ventilateurs<\/li>\n<li>Haut-parleurs\u00a0int\u00e9gr\u00e9s avec technologie DTS:X Ultra<\/li>\n<li><strong>Windows 11<\/strong><\/li>\n<li>Neuf<\/li>\n<\/ul>\n<\/section>\n<\/div>\n<\/div>\n","protected":false},"excerpt":{"rendered":"<h2>CARACT\u00c9RISTIQUES PRINCIPALES :<\/h2>\n<ul>\n<li><strong>Processeur Intel\u00ae Core\u2122 i7-14700HX <\/strong>(Jusqu&#8217;\u00e0 5.5 GHz )<\/li>\n<li><strong>16 GB <\/strong>de m\u00e9moire <strong>DDR5<\/strong><\/li>\n<li><strong>\u00c9cran de 16\u2033 anti-reflets<\/strong>\u00a0avec r\u00e9solution <strong>Full HD <\/strong>et fr\u00e9quence de <strong>144 Hz<\/strong><\/li>\n<li>Puce graphique\u00a0<strong>NVIDIA GeForce RTX 4060 8GB de m\u00e9moire<\/strong><\/li>\n<li>Fonctionnement fluide et rapide avec un\u00a0<strong>SSD 1TB M.2 PCIe<\/strong><\/li>\n<li>Communication sans fil fiable et performante Wi-Fi 6E + Bluetooth 5.2<\/li>\n<li>Clavier avec touches r\u00e9tro\u00e9clair\u00e9s ( Blanc )<\/li>\n<li>Syst\u00e8me de refroidissement performant avec 2 ventilateurs<\/li>\n<li>Haut-parleurs\u00a0int\u00e9gr\u00e9s avec technologie DTS:X Ultra<\/li>\n<li><strong>Windows 11<\/strong><\/li>\n<li>Neuf<\/li>\n<\/ul>\n","protected":false},"featured_media":1009830,"template":"","meta":{"_acf_changed":false},"pwb-brand":[],"product_brand":[],"product_cat":[122,121],"product_tag":[],"pcb_component_type":[],"class_list":{"0":"post-10125","1":"product","2":"type-product","3":"status-publish","4":"has-post-thumbnail","6":"product_cat-gaming","7":"product_cat-pc-portable","9":"first","10":"outofstock","11":"shipping-taxable","12":"product-type-simple"},"translation":{"provider":"WPGlobus","version":"3.0.2","language":"de","enabled_languages":["en","es","de","fr","ru"],"languages":{"en":{"title":true,"content":true,"excerpt":true},"es":{"title":false,"content":false,"excerpt":false},"de":{"title":false,"content":false,"excerpt":false},"fr":{"title":false,"content":false,"excerpt":false},"ru":{"title":false,"content":false,"excerpt":false}}},"acf":[],"yoast_head":"<!-- This site is optimized with the Yoast SEO plugin v27.2 - https:\/\/yoast.com\/product\/yoast-seo-wordpress\/ -->\n<title>HP Victus 16 i7-14700HX\/ 16GB \/ 1TB SSD\/ RTX 4060 6GB\/ 16.1&quot; FHD IPS 144HZ - Osaka<\/title>\n<meta name=\"robots\" content=\"index, follow, max-snippet:-1, max-image-preview:large, max-video-preview:-1\" \/>\n<link rel=\"canonical\" href=\"https:\/\/osaka.ma\/product\/hp-victus-16-i7-14700hx-16gb-1tb-ssd-rtx-4060-6gb-16-1-fhd-ips-144hz\/\" \/>\n<meta property=\"og:locale\" content=\"de_DE\" \/>\n<meta property=\"og:type\" content=\"article\" \/>\n<meta property=\"og:title\" content=\"HP Victus 16 i7-14700HX\/ 16GB \/ 1TB SSD\/ RTX 4060 6GB\/ 16.1&quot; FHD IPS 144HZ - Osaka\" \/>\n<meta property=\"og:url\" content=\"https:\/\/osaka.ma\/product\/hp-victus-16-i7-14700hx-16gb-1tb-ssd-rtx-4060-6gb-16-1-fhd-ips-144hz\/\" \/>\n<meta property=\"og:site_name\" content=\"Osaka\" \/>\n<meta property=\"article:modified_time\" content=\"2024-12-18T15:36:18+00:00\" \/>\n<meta property=\"og:image\" content=\"https:\/\/osaka.ma\/wp-content\/uploads\/2024\/07\/HP-victus-15-2.jpg\" \/>\n\t<meta property=\"og:image:width\" content=\"1600\" \/>\n\t<meta property=\"og:image:height\" content=\"1600\" \/>\n\t<meta property=\"og:image:type\" content=\"image\/jpeg\" \/>\n<meta name=\"twitter:card\" content=\"summary_large_image\" \/>\n<meta name=\"twitter:label1\" content=\"Est. reading time\" \/>\n\t<meta name=\"twitter:data1\" content=\"2 minutes\" \/>\n<script type=\"application\/ld+json\" class=\"yoast-schema-graph\">{\"@context\":\"https:\/\/schema.org\",\"@graph\":[{\"@type\":\"WebPage\",\"@id\":\"https:\/\/osaka.ma\/product\/hp-victus-16-i7-14700hx-16gb-1tb-ssd-rtx-4060-6gb-16-1-fhd-ips-144hz\/\",\"url\":\"https:\/\/osaka.ma\/product\/hp-victus-16-i7-14700hx-16gb-1tb-ssd-rtx-4060-6gb-16-1-fhd-ips-144hz\/\",\"name\":\"HP Victus 16 i7-14700HX\/ 16GB \/ 1TB SSD\/ RTX 4060 6GB\/ 16.1\\\" FHD IPS 144HZ - Osaka\",\"isPartOf\":{\"@id\":\"https:\/\/osaka.ma\/#website\"},\"primaryImageOfPage\":{\"@id\":\"https:\/\/osaka.ma\/product\/hp-victus-16-i7-14700hx-16gb-1tb-ssd-rtx-4060-6gb-16-1-fhd-ips-144hz\/#primaryimage\"},\"image\":{\"@id\":\"https:\/\/osaka.ma\/product\/hp-victus-16-i7-14700hx-16gb-1tb-ssd-rtx-4060-6gb-16-1-fhd-ips-144hz\/#primaryimage\"},\"thumbnailUrl\":\"https:\/\/osaka.ma\/wp-content\/uploads\/2024\/07\/HP-victus-15-2.jpg\",\"datePublished\":\"2024-08-12T17:45:04+00:00\",\"dateModified\":\"2024-12-18T15:36:18+00:00\",\"breadcrumb\":{\"@id\":\"https:\/\/osaka.ma\/product\/hp-victus-16-i7-14700hx-16gb-1tb-ssd-rtx-4060-6gb-16-1-fhd-ips-144hz\/#breadcrumb\"},\"inLanguage\":\"de-DE\",\"potentialAction\":[{\"@type\":\"ReadAction\",\"target\":[\"https:\/\/osaka.ma\/product\/hp-victus-16-i7-14700hx-16gb-1tb-ssd-rtx-4060-6gb-16-1-fhd-ips-144hz\/\"]}]},{\"@type\":\"ImageObject\",\"inLanguage\":\"de-DE\",\"@id\":\"https:\/\/osaka.ma\/product\/hp-victus-16-i7-14700hx-16gb-1tb-ssd-rtx-4060-6gb-16-1-fhd-ips-144hz\/#primaryimage\",\"url\":\"https:\/\/osaka.ma\/wp-content\/uploads\/2024\/07\/HP-victus-15-2.jpg\",\"contentUrl\":\"https:\/\/osaka.ma\/wp-content\/uploads\/2024\/07\/HP-victus-15-2.jpg\",\"width\":1600,\"height\":1600,\"caption\":\"HP VICTUS 16 Ryzen 7 7840HS\/ 16 GB DDR5 \/ 512 GB Gen4 \/ RTX 4070 8GB \/ 16.1'' FHD IPS 144 Hz\"},{\"@type\":\"BreadcrumbList\",\"@id\":\"https:\/\/osaka.ma\/product\/hp-victus-16-i7-14700hx-16gb-1tb-ssd-rtx-4060-6gb-16-1-fhd-ips-144hz\/#breadcrumb\",\"itemListElement\":[{\"@type\":\"ListItem\",\"position\":1,\"name\":\"Home\",\"item\":\"https:\/\/osaka.ma\/\"},{\"@type\":\"ListItem\",\"position\":2,\"name\":\"Shop\",\"item\":\"https:\/\/osaka.ma\/shop-2\/\"},{\"@type\":\"ListItem\",\"position\":3,\"name\":\"HP Victus 16 i7-14700HX\/ 16GB \/ 1TB SSD\/ RTX 4060 6GB\/ 16.1&#8243; FHD IPS 144HZ\"}]},{\"@type\":\"WebSite\",\"@id\":\"https:\/\/osaka.ma\/#website\",\"url\":\"https:\/\/osaka.ma\/\",\"name\":\"Osaka\",\"description\":\"\",\"publisher\":{\"@id\":\"https:\/\/osaka.ma\/#organization\"},\"potentialAction\":[{\"@type\":\"SearchAction\",\"target\":{\"@type\":\"EntryPoint\",\"urlTemplate\":\"https:\/\/osaka.ma\/?s={search_term_string}\"},\"query-input\":{\"@type\":\"PropertyValueSpecification\",\"valueRequired\":true,\"valueName\":\"search_term_string\"}}],\"inLanguage\":\"de-DE\"},{\"@type\":\"Organization\",\"@id\":\"https:\/\/osaka.ma\/#organization\",\"name\":\"Osaka\",\"url\":\"https:\/\/osaka.ma\/\",\"logo\":{\"@type\":\"ImageObject\",\"inLanguage\":\"de-DE\",\"@id\":\"https:\/\/osaka.ma\/#\/schema\/logo\/image\/\",\"url\":\"https:\/\/osaka.ma\/wp-content\/uploads\/2026\/01\/model-slogan-logo-2Plan-de-travail-1dksl-plus-finnn.png\",\"contentUrl\":\"https:\/\/osaka.ma\/wp-content\/uploads\/2026\/01\/model-slogan-logo-2Plan-de-travail-1dksl-plus-finnn.png\",\"width\":842,\"height\":226,\"caption\":\"Osaka\"},\"image\":{\"@id\":\"https:\/\/osaka.ma\/#\/schema\/logo\/image\/\"}}]}<\/script>\n<!-- \/ Yoast SEO plugin. -->","yoast_head_json":{"title":"HP Victus 16 i7-14700HX\/ 16GB \/ 1TB SSD\/ RTX 4060 6GB\/ 16.1\" FHD IPS 144HZ - Osaka","robots":{"index":"index","follow":"follow","max-snippet":"max-snippet:-1","max-image-preview":"max-image-preview:large","max-video-preview":"max-video-preview:-1"},"canonical":"https:\/\/osaka.ma\/product\/hp-victus-16-i7-14700hx-16gb-1tb-ssd-rtx-4060-6gb-16-1-fhd-ips-144hz\/","og_locale":"de_DE","og_type":"article","og_title":"HP Victus 16 i7-14700HX\/ 16GB \/ 1TB SSD\/ RTX 4060 6GB\/ 16.1\" FHD IPS 144HZ - Osaka","og_url":"https:\/\/osaka.ma\/product\/hp-victus-16-i7-14700hx-16gb-1tb-ssd-rtx-4060-6gb-16-1-fhd-ips-144hz\/","og_site_name":"Osaka","article_modified_time":"2024-12-18T15:36:18+00:00","og_image":[{"width":1600,"height":1600,"url":"https:\/\/osaka.ma\/wp-content\/uploads\/2024\/07\/HP-victus-15-2.jpg","type":"image\/jpeg"}],"twitter_card":"summary_large_image","twitter_misc":{"Est. reading time":"2 minutes"},"schema":{"@context":"https:\/\/schema.org","@graph":[{"@type":"WebPage","@id":"https:\/\/osaka.ma\/product\/hp-victus-16-i7-14700hx-16gb-1tb-ssd-rtx-4060-6gb-16-1-fhd-ips-144hz\/","url":"https:\/\/osaka.ma\/product\/hp-victus-16-i7-14700hx-16gb-1tb-ssd-rtx-4060-6gb-16-1-fhd-ips-144hz\/","name":"HP Victus 16 i7-14700HX\/ 16GB \/ 1TB SSD\/ RTX 4060 6GB\/ 16.1\" FHD IPS 144HZ - Osaka","isPartOf":{"@id":"https:\/\/osaka.ma\/#website"},"primaryImageOfPage":{"@id":"https:\/\/osaka.ma\/product\/hp-victus-16-i7-14700hx-16gb-1tb-ssd-rtx-4060-6gb-16-1-fhd-ips-144hz\/#primaryimage"},"image":{"@id":"https:\/\/osaka.ma\/product\/hp-victus-16-i7-14700hx-16gb-1tb-ssd-rtx-4060-6gb-16-1-fhd-ips-144hz\/#primaryimage"},"thumbnailUrl":"https:\/\/osaka.ma\/wp-content\/uploads\/2024\/07\/HP-victus-15-2.jpg","datePublished":"2024-08-12T17:45:04+00:00","dateModified":"2024-12-18T15:36:18+00:00","breadcrumb":{"@id":"https:\/\/osaka.ma\/product\/hp-victus-16-i7-14700hx-16gb-1tb-ssd-rtx-4060-6gb-16-1-fhd-ips-144hz\/#breadcrumb"},"inLanguage":"de-DE","potentialAction":[{"@type":"ReadAction","target":["https:\/\/osaka.ma\/product\/hp-victus-16-i7-14700hx-16gb-1tb-ssd-rtx-4060-6gb-16-1-fhd-ips-144hz\/"]}]},{"@type":"ImageObject","inLanguage":"de-DE","@id":"https:\/\/osaka.ma\/product\/hp-victus-16-i7-14700hx-16gb-1tb-ssd-rtx-4060-6gb-16-1-fhd-ips-144hz\/#primaryimage","url":"https:\/\/osaka.ma\/wp-content\/uploads\/2024\/07\/HP-victus-15-2.jpg","contentUrl":"https:\/\/osaka.ma\/wp-content\/uploads\/2024\/07\/HP-victus-15-2.jpg","width":1600,"height":1600,"caption":"HP VICTUS 16 Ryzen 7 7840HS\/ 16 GB DDR5 \/ 512 GB Gen4 \/ RTX 4070 8GB \/ 16.1'' FHD IPS 144 Hz"},{"@type":"BreadcrumbList","@id":"https:\/\/osaka.ma\/product\/hp-victus-16-i7-14700hx-16gb-1tb-ssd-rtx-4060-6gb-16-1-fhd-ips-144hz\/#breadcrumb","itemListElement":[{"@type":"ListItem","position":1,"name":"Home","item":"https:\/\/osaka.ma\/"},{"@type":"ListItem","position":2,"name":"Shop","item":"https:\/\/osaka.ma\/shop-2\/"},{"@type":"ListItem","position":3,"name":"HP Victus 16 i7-14700HX\/ 16GB \/ 1TB SSD\/ RTX 4060 6GB\/ 16.1&#8243; FHD IPS 144HZ"}]},{"@type":"WebSite","@id":"https:\/\/osaka.ma\/#website","url":"https:\/\/osaka.ma\/","name":"Osaka","description":"","publisher":{"@id":"https:\/\/osaka.ma\/#organization"},"potentialAction":[{"@type":"SearchAction","target":{"@type":"EntryPoint","urlTemplate":"https:\/\/osaka.ma\/?s={search_term_string}"},"query-input":{"@type":"PropertyValueSpecification","valueRequired":true,"valueName":"search_term_string"}}],"inLanguage":"de-DE"},{"@type":"Organization","@id":"https:\/\/osaka.ma\/#organization","name":"Osaka","url":"https:\/\/osaka.ma\/","logo":{"@type":"ImageObject","inLanguage":"de-DE","@id":"https:\/\/osaka.ma\/#\/schema\/logo\/image\/","url":"https:\/\/osaka.ma\/wp-content\/uploads\/2026\/01\/model-slogan-logo-2Plan-de-travail-1dksl-plus-finnn.png","contentUrl":"https:\/\/osaka.ma\/wp-content\/uploads\/2026\/01\/model-slogan-logo-2Plan-de-travail-1dksl-plus-finnn.png","width":842,"height":226,"caption":"Osaka"},"image":{"@id":"https:\/\/osaka.ma\/#\/schema\/logo\/image\/"}}]}},"jetpack_sharing_enabled":true,"brands":[],"_links":{"self":[{"href":"https:\/\/osaka.ma\/de\/wp-json\/wp\/v2\/product\/10125","targetHints":{"allow":["GET"]}}],"collection":[{"href":"https:\/\/osaka.ma\/de\/wp-json\/wp\/v2\/product"}],"about":[{"href":"https:\/\/osaka.ma\/de\/wp-json\/wp\/v2\/types\/product"}],"version-history":[{"count":0,"href":"https:\/\/osaka.ma\/de\/wp-json\/wp\/v2\/product\/10125\/revisions"}],"wp:featuredmedia":[{"embeddable":true,"href":"https:\/\/osaka.ma\/de\/wp-json\/wp\/v2\/media\/1009830"}],"wp:attachment":[{"href":"https:\/\/osaka.ma\/de\/wp-json\/wp\/v2\/media?parent=10125"}],"wp:term":[{"taxonomy":"pwb-brand","embeddable":true,"href":"https:\/\/osaka.ma\/de\/wp-json\/wp\/v2\/pwb-brand?post=10125"},{"taxonomy":"product_brand","embeddable":true,"href":"https:\/\/osaka.ma\/de\/wp-json\/wp\/v2\/product_brand?post=10125"},{"taxonomy":"product_cat","embeddable":true,"href":"https:\/\/osaka.ma\/de\/wp-json\/wp\/v2\/product_cat?post=10125"},{"taxonomy":"product_tag","embeddable":true,"href":"https:\/\/osaka.ma\/de\/wp-json\/wp\/v2\/product_tag?post=10125"},{"taxonomy":"pcb_component_type","embeddable":true,"href":"https:\/\/osaka.ma\/de\/wp-json\/wp\/v2\/pcb_component_type?post=10125"}],"curies":[{"name":"wp","href":"https:\/\/api.w.org\/{rel}","templated":true}]}}