{"id":10132,"date":"2024-08-13T17:33:10","date_gmt":"2024-08-13T17:33:10","guid":{"rendered":"https:\/\/osaka.ma\/?post_type=product&#038;p=10132"},"modified":"2024-12-18T15:36:18","modified_gmt":"2024-12-18T15:36:18","slug":"samsung-galaxy-book3-i5-1335u-8gb-512gb-15-6-fhd","status":"publish","type":"product","link":"https:\/\/osaka.ma\/de\/product\/samsung-galaxy-book3-i5-1335u-8gb-512gb-15-6-fhd\/","title":{"rendered":"SAMSUNG GALAXY BOOK 3 I5 1335U\/8GB\/512GB\/15.6 FHD"},"content":{"rendered":"<h2 class=\"h2-master\">Mobilit\u00e9, confort et hautes performances<\/h2>\n<section>Le\u00a0<strong>notebook Samsung Galaxy Book3<\/strong>\u00a0allie mobilit\u00e9 et efficacit\u00e9 en un seul appareil. Avec son format compact et l\u00e9ger et ses composants performants, ce notebook Samsung vous offre l&#8217;efficacit\u00e9 dont vous avez besoin au quotidien pour une utilisation tr\u00e8s polyvalente.<\/section>\n<section>\n<div class=\"desc-image\"><img decoding=\"async\" src=\"https:\/\/media.ldlc.com\/bo\/images\/fiches\/pc_portables\/samsung\/galaxy_book3\/801.jpg\" alt=\"\" \/><\/div>\n<div class=\"desc-text\">\n<h2>Allier performance et mobilit\u00e9<\/h2>\n<p>Le format ultra fin du portable Samsung Galaxy Book3 ne l&#8217;emp\u00eache pas d&#8217;offrir des performances \u00e9lev\u00e9es. Le Galaxy Book3 d\u00e9livre des performances \u00e9lev\u00e9es gr\u00e2ce \u00e0 un processeur Intel Core de 13e g\u00e9n\u00e9ration. Ce CPU est associ\u00e9 \u00e0 un SSD rapide et \u00e0 un syst\u00e8me de refroidissement puissant.<\/p>\n<\/div>\n<\/section>\n<section>\n<div class=\"desc-text\">\n<div class=\"desc-text\">\n<h2>Appel vid\u00e9o immersif<\/h2>\n<p>L&#8217;ordinateur portable Galaxy Book3 vous permet de faire bonne figure lors des appels vid\u00e9o, tout en \u00e9liminant les distractions en arri\u00e8re-plan. Il est dot\u00e9 d&#8217;une cam\u00e9ra HD et d&#8217;un excellent son clair Dolby Atmos et de deux microphones.<\/p>\n<\/div>\n<\/div>\n<div class=\"desc-image\"><img decoding=\"async\" src=\"https:\/\/media.ldlc.com\/bo\/images\/fiches\/pc_portables\/samsung\/galaxy_book3\/802.jpg\" alt=\"\" \/><\/div>\n<\/section>\n<div><\/div>\n<div>\n<h2>CARACT\u00c9RISTIQUES PRINCIPALES :<\/h2>\n<ul>\n<li><strong>Processeur Intel Core i5-1335U <\/strong>(2 Performance-Cores 4.60 GHz Turbo + 8 Efficient-Cores 3.4 GHz Turbo \u2013 12 Threads \u2013 Cache 12 Mo)<\/li>\n<li>Ecran de 15.6 pouces avec r\u00e9solution FHD LED Display (1920 x 1080), Anti-\u00e9blouissement<\/li>\n<li><em><strong>Image fluide avec fr\u00e9quence d\u2019affichage de 60 Hz<\/strong><\/em><\/li>\n<li>8 Go de m\u00e9moire LPDDR4 int\u00e9gr\u00e9e 4266 MHz<\/li>\n<li>Puce graphique Intel\u00ae Iris\u00ae Xe Graphics<\/li>\n<li><strong>SSD 512 GB NVMe<\/strong><\/li>\n<li><strong>Clavier professionnel <\/strong>avec\u00a0<strong>pav\u00e9 num\u00e9rique<\/strong><\/li>\n<li>Sortie HDMI, pour la connexion \u00e0 un \u00e9cran externe<\/li>\n<li><strong>SSD PCIe M.2 de 512 Go<\/strong><\/li>\n<li>Communication sans fil\u00a0<strong>Wi-Fi 6E<\/strong>\u00a0+\u00a0<strong>Bluetooth 5.2<\/strong><\/li>\n<li>2 connecteurs USB-C<\/li>\n<li>Lecteur de carte m\u00e9moire MicroSD int\u00e9gr\u00e9<\/li>\n<li>Webcam FHD 720p int\u00e9gr\u00e9e<\/li>\n<li>2 haut-parleurs avec technologie Dolby Atmos\u00ae<\/li>\n<li>Syst\u00e8me de refroidissement performant<\/li>\n<li>Adaptateur d\u2019alimentation 45 W<\/li>\n<li><strong>Windows 11 Famille<\/strong><\/li>\n<li>ETAT COMME NEUF<\/li>\n<\/ul>\n<\/div>\n<section class=\"list\"><\/section>\n","protected":false},"excerpt":{"rendered":"<h2>CARACT\u00c9RISTIQUES PRINCIPALES :<\/h2>\n<ul>\n<li><strong>Processeur Intel Core i5-1335U <\/strong>(2 Performance-Cores 4.60 GHz Turbo + 8 Efficient-Cores 3.4 GHz Turbo \u2013 12 Threads \u2013 Cache 12 Mo)<\/li>\n<li>Ecran de 15.6 pouces avec r\u00e9solution FHD LED Display (1920 x 1080), Anti-\u00e9blouissement<\/li>\n<li><em><strong>Image fluide avec fr\u00e9quence d\u2019affichage de 60 Hz<\/strong><\/em><\/li>\n<li>8 Go de m\u00e9moire LPDDR4 int\u00e9gr\u00e9e 4266 MHz<\/li>\n<li>Puce graphique Intel\u00ae Iris\u00ae Xe Graphics<\/li>\n<li><strong>SSD 512 GB NVMe<\/strong><\/li>\n<li><strong>Clavier professionnel <\/strong>avec\u00a0<strong>pav\u00e9 num\u00e9rique<\/strong><\/li>\n<li>Communication sans fil fiable et performante\u00a0<strong>Wi-Fi 6<\/strong>\u00a0+<strong> Bluetooth 5.1<\/strong><\/li>\n<li>2 haut-parleurs avec technologie Dolby Atmos\u00ae<\/li>\n<li>Syst\u00e8me de refroidissement performant<\/li>\n<li>Adaptateur d\u2019alimentation 45 W<\/li>\n<li><strong>Windows 11 Famille<\/strong><\/li>\n<li>ETAT COMME NEUF<\/li>\n<\/ul>\n","protected":false},"featured_media":1010163,"template":"","meta":{"_acf_changed":false},"pwb-brand":[],"product_brand":[],"product_cat":[121,126],"product_tag":[],"pcb_component_type":[],"class_list":{"0":"post-10132","1":"product","2":"type-product","3":"status-publish","4":"has-post-thumbnail","6":"product_cat-pc-portable","7":"product_cat-professional","9":"first","10":"outofstock","11":"shipping-taxable","12":"product-type-simple"},"translation":{"provider":"WPGlobus","version":"3.0.2","language":"de","enabled_languages":["en","es","de","fr","ru"],"languages":{"en":{"title":true,"content":true,"excerpt":true},"es":{"title":false,"content":false,"excerpt":false},"de":{"title":false,"content":false,"excerpt":false},"fr":{"title":false,"content":false,"excerpt":false},"ru":{"title":false,"content":false,"excerpt":false}}},"acf":[],"yoast_head":"<!-- This site is optimized with the Yoast SEO plugin v27.2 - https:\/\/yoast.com\/product\/yoast-seo-wordpress\/ -->\n<title>SAMSUNG GALAXY BOOK 3 I5 1335U\/8GB\/512GB\/15.6 FHD - Osaka<\/title>\n<meta name=\"robots\" content=\"index, follow, max-snippet:-1, max-image-preview:large, max-video-preview:-1\" \/>\n<link rel=\"canonical\" href=\"https:\/\/osaka.ma\/es\/product\/samsung-galaxy-book3-i5-1335u-8gb-512gb-15-6-fhd\/\" \/>\n<meta property=\"og:locale\" content=\"de_DE\" \/>\n<meta property=\"og:type\" content=\"article\" \/>\n<meta property=\"og:title\" content=\"SAMSUNG GALAXY BOOK 3 I5 1335U\/8GB\/512GB\/15.6 FHD - Osaka\" \/>\n<meta property=\"og:url\" content=\"https:\/\/osaka.ma\/es\/product\/samsung-galaxy-book3-i5-1335u-8gb-512gb-15-6-fhd\/\" \/>\n<meta property=\"og:site_name\" content=\"Osaka\" \/>\n<meta property=\"article:modified_time\" content=\"2024-12-18T15:36:18+00:00\" \/>\n<meta property=\"og:image\" content=\"https:\/\/osaka.ma\/wp-content\/uploads\/2024\/08\/SAMSUNG-GALAXY-BOOK3-3.jpg\" \/>\n\t<meta property=\"og:image:width\" content=\"2272\" \/>\n\t<meta property=\"og:image:height\" content=\"1552\" \/>\n\t<meta property=\"og:image:type\" content=\"image\/jpeg\" \/>\n<meta name=\"twitter:card\" content=\"summary_large_image\" \/>\n<meta name=\"twitter:label1\" content=\"Est. reading time\" \/>\n\t<meta name=\"twitter:data1\" content=\"2 minutes\" \/>\n<script type=\"application\/ld+json\" class=\"yoast-schema-graph\">{\"@context\":\"https:\/\/schema.org\",\"@graph\":[{\"@type\":\"WebPage\",\"@id\":\"https:\/\/osaka.ma\/es\/product\/samsung-galaxy-book3-i5-1335u-8gb-512gb-15-6-fhd\/\",\"url\":\"https:\/\/osaka.ma\/es\/product\/samsung-galaxy-book3-i5-1335u-8gb-512gb-15-6-fhd\/\",\"name\":\"SAMSUNG GALAXY BOOK 3 I5 1335U\/8GB\/512GB\/15.6 FHD - Osaka\",\"isPartOf\":{\"@id\":\"https:\/\/osaka.ma\/#website\"},\"primaryImageOfPage\":{\"@id\":\"https:\/\/osaka.ma\/es\/product\/samsung-galaxy-book3-i5-1335u-8gb-512gb-15-6-fhd\/#primaryimage\"},\"image\":{\"@id\":\"https:\/\/osaka.ma\/es\/product\/samsung-galaxy-book3-i5-1335u-8gb-512gb-15-6-fhd\/#primaryimage\"},\"thumbnailUrl\":\"https:\/\/osaka.ma\/wp-content\/uploads\/2024\/08\/SAMSUNG-GALAXY-BOOK3-3.jpg\",\"datePublished\":\"2024-08-13T17:33:10+00:00\",\"dateModified\":\"2024-12-18T15:36:18+00:00\",\"breadcrumb\":{\"@id\":\"https:\/\/osaka.ma\/es\/product\/samsung-galaxy-book3-i5-1335u-8gb-512gb-15-6-fhd\/#breadcrumb\"},\"inLanguage\":\"de-DE\",\"potentialAction\":[{\"@type\":\"ReadAction\",\"target\":[\"https:\/\/osaka.ma\/es\/product\/samsung-galaxy-book3-i5-1335u-8gb-512gb-15-6-fhd\/\"]}]},{\"@type\":\"ImageObject\",\"inLanguage\":\"de-DE\",\"@id\":\"https:\/\/osaka.ma\/es\/product\/samsung-galaxy-book3-i5-1335u-8gb-512gb-15-6-fhd\/#primaryimage\",\"url\":\"https:\/\/osaka.ma\/wp-content\/uploads\/2024\/08\/SAMSUNG-GALAXY-BOOK3-3.jpg\",\"contentUrl\":\"https:\/\/osaka.ma\/wp-content\/uploads\/2024\/08\/SAMSUNG-GALAXY-BOOK3-3.jpg\",\"width\":2272,\"height\":1552},{\"@type\":\"BreadcrumbList\",\"@id\":\"https:\/\/osaka.ma\/es\/product\/samsung-galaxy-book3-i5-1335u-8gb-512gb-15-6-fhd\/#breadcrumb\",\"itemListElement\":[{\"@type\":\"ListItem\",\"position\":1,\"name\":\"Home\",\"item\":\"https:\/\/osaka.ma\/\"},{\"@type\":\"ListItem\",\"position\":2,\"name\":\"Shop\",\"item\":\"https:\/\/osaka.ma\/shop-2\/\"},{\"@type\":\"ListItem\",\"position\":3,\"name\":\"SAMSUNG GALAXY BOOK 3 I5 1335U\/8GB\/512GB\/15.6 FHD\"}]},{\"@type\":\"WebSite\",\"@id\":\"https:\/\/osaka.ma\/#website\",\"url\":\"https:\/\/osaka.ma\/\",\"name\":\"Osaka\",\"description\":\"\",\"publisher\":{\"@id\":\"https:\/\/osaka.ma\/#organization\"},\"potentialAction\":[{\"@type\":\"SearchAction\",\"target\":{\"@type\":\"EntryPoint\",\"urlTemplate\":\"https:\/\/osaka.ma\/?s={search_term_string}\"},\"query-input\":{\"@type\":\"PropertyValueSpecification\",\"valueRequired\":true,\"valueName\":\"search_term_string\"}}],\"inLanguage\":\"de-DE\"},{\"@type\":\"Organization\",\"@id\":\"https:\/\/osaka.ma\/#organization\",\"name\":\"Osaka\",\"url\":\"https:\/\/osaka.ma\/\",\"logo\":{\"@type\":\"ImageObject\",\"inLanguage\":\"de-DE\",\"@id\":\"https:\/\/osaka.ma\/#\/schema\/logo\/image\/\",\"url\":\"https:\/\/osaka.ma\/wp-content\/uploads\/2026\/01\/model-slogan-logo-2Plan-de-travail-1dksl-plus-finnn.png\",\"contentUrl\":\"https:\/\/osaka.ma\/wp-content\/uploads\/2026\/01\/model-slogan-logo-2Plan-de-travail-1dksl-plus-finnn.png\",\"width\":842,\"height\":226,\"caption\":\"Osaka\"},\"image\":{\"@id\":\"https:\/\/osaka.ma\/#\/schema\/logo\/image\/\"}}]}<\/script>\n<!-- \/ Yoast SEO plugin. -->","yoast_head_json":{"title":"SAMSUNG GALAXY BOOK 3 I5 1335U\/8GB\/512GB\/15.6 FHD - Osaka","robots":{"index":"index","follow":"follow","max-snippet":"max-snippet:-1","max-image-preview":"max-image-preview:large","max-video-preview":"max-video-preview:-1"},"canonical":"https:\/\/osaka.ma\/es\/product\/samsung-galaxy-book3-i5-1335u-8gb-512gb-15-6-fhd\/","og_locale":"de_DE","og_type":"article","og_title":"SAMSUNG GALAXY BOOK 3 I5 1335U\/8GB\/512GB\/15.6 FHD - Osaka","og_url":"https:\/\/osaka.ma\/es\/product\/samsung-galaxy-book3-i5-1335u-8gb-512gb-15-6-fhd\/","og_site_name":"Osaka","article_modified_time":"2024-12-18T15:36:18+00:00","og_image":[{"width":2272,"height":1552,"url":"https:\/\/osaka.ma\/wp-content\/uploads\/2024\/08\/SAMSUNG-GALAXY-BOOK3-3.jpg","type":"image\/jpeg"}],"twitter_card":"summary_large_image","twitter_misc":{"Est. reading time":"2 minutes"},"schema":{"@context":"https:\/\/schema.org","@graph":[{"@type":"WebPage","@id":"https:\/\/osaka.ma\/es\/product\/samsung-galaxy-book3-i5-1335u-8gb-512gb-15-6-fhd\/","url":"https:\/\/osaka.ma\/es\/product\/samsung-galaxy-book3-i5-1335u-8gb-512gb-15-6-fhd\/","name":"SAMSUNG GALAXY BOOK 3 I5 1335U\/8GB\/512GB\/15.6 FHD - Osaka","isPartOf":{"@id":"https:\/\/osaka.ma\/#website"},"primaryImageOfPage":{"@id":"https:\/\/osaka.ma\/es\/product\/samsung-galaxy-book3-i5-1335u-8gb-512gb-15-6-fhd\/#primaryimage"},"image":{"@id":"https:\/\/osaka.ma\/es\/product\/samsung-galaxy-book3-i5-1335u-8gb-512gb-15-6-fhd\/#primaryimage"},"thumbnailUrl":"https:\/\/osaka.ma\/wp-content\/uploads\/2024\/08\/SAMSUNG-GALAXY-BOOK3-3.jpg","datePublished":"2024-08-13T17:33:10+00:00","dateModified":"2024-12-18T15:36:18+00:00","breadcrumb":{"@id":"https:\/\/osaka.ma\/es\/product\/samsung-galaxy-book3-i5-1335u-8gb-512gb-15-6-fhd\/#breadcrumb"},"inLanguage":"de-DE","potentialAction":[{"@type":"ReadAction","target":["https:\/\/osaka.ma\/es\/product\/samsung-galaxy-book3-i5-1335u-8gb-512gb-15-6-fhd\/"]}]},{"@type":"ImageObject","inLanguage":"de-DE","@id":"https:\/\/osaka.ma\/es\/product\/samsung-galaxy-book3-i5-1335u-8gb-512gb-15-6-fhd\/#primaryimage","url":"https:\/\/osaka.ma\/wp-content\/uploads\/2024\/08\/SAMSUNG-GALAXY-BOOK3-3.jpg","contentUrl":"https:\/\/osaka.ma\/wp-content\/uploads\/2024\/08\/SAMSUNG-GALAXY-BOOK3-3.jpg","width":2272,"height":1552},{"@type":"BreadcrumbList","@id":"https:\/\/osaka.ma\/es\/product\/samsung-galaxy-book3-i5-1335u-8gb-512gb-15-6-fhd\/#breadcrumb","itemListElement":[{"@type":"ListItem","position":1,"name":"Home","item":"https:\/\/osaka.ma\/"},{"@type":"ListItem","position":2,"name":"Shop","item":"https:\/\/osaka.ma\/shop-2\/"},{"@type":"ListItem","position":3,"name":"SAMSUNG GALAXY BOOK 3 I5 1335U\/8GB\/512GB\/15.6 FHD"}]},{"@type":"WebSite","@id":"https:\/\/osaka.ma\/#website","url":"https:\/\/osaka.ma\/","name":"Osaka","description":"","publisher":{"@id":"https:\/\/osaka.ma\/#organization"},"potentialAction":[{"@type":"SearchAction","target":{"@type":"EntryPoint","urlTemplate":"https:\/\/osaka.ma\/?s={search_term_string}"},"query-input":{"@type":"PropertyValueSpecification","valueRequired":true,"valueName":"search_term_string"}}],"inLanguage":"de-DE"},{"@type":"Organization","@id":"https:\/\/osaka.ma\/#organization","name":"Osaka","url":"https:\/\/osaka.ma\/","logo":{"@type":"ImageObject","inLanguage":"de-DE","@id":"https:\/\/osaka.ma\/#\/schema\/logo\/image\/","url":"https:\/\/osaka.ma\/wp-content\/uploads\/2026\/01\/model-slogan-logo-2Plan-de-travail-1dksl-plus-finnn.png","contentUrl":"https:\/\/osaka.ma\/wp-content\/uploads\/2026\/01\/model-slogan-logo-2Plan-de-travail-1dksl-plus-finnn.png","width":842,"height":226,"caption":"Osaka"},"image":{"@id":"https:\/\/osaka.ma\/#\/schema\/logo\/image\/"}}]}},"jetpack_sharing_enabled":true,"brands":[],"_links":{"self":[{"href":"https:\/\/osaka.ma\/de\/wp-json\/wp\/v2\/product\/10132","targetHints":{"allow":["GET"]}}],"collection":[{"href":"https:\/\/osaka.ma\/de\/wp-json\/wp\/v2\/product"}],"about":[{"href":"https:\/\/osaka.ma\/de\/wp-json\/wp\/v2\/types\/product"}],"version-history":[{"count":0,"href":"https:\/\/osaka.ma\/de\/wp-json\/wp\/v2\/product\/10132\/revisions"}],"wp:featuredmedia":[{"embeddable":true,"href":"https:\/\/osaka.ma\/de\/wp-json\/wp\/v2\/media\/1010163"}],"wp:attachment":[{"href":"https:\/\/osaka.ma\/de\/wp-json\/wp\/v2\/media?parent=10132"}],"wp:term":[{"taxonomy":"pwb-brand","embeddable":true,"href":"https:\/\/osaka.ma\/de\/wp-json\/wp\/v2\/pwb-brand?post=10132"},{"taxonomy":"product_brand","embeddable":true,"href":"https:\/\/osaka.ma\/de\/wp-json\/wp\/v2\/product_brand?post=10132"},{"taxonomy":"product_cat","embeddable":true,"href":"https:\/\/osaka.ma\/de\/wp-json\/wp\/v2\/product_cat?post=10132"},{"taxonomy":"product_tag","embeddable":true,"href":"https:\/\/osaka.ma\/de\/wp-json\/wp\/v2\/product_tag?post=10132"},{"taxonomy":"pcb_component_type","embeddable":true,"href":"https:\/\/osaka.ma\/de\/wp-json\/wp\/v2\/pcb_component_type?post=10132"}],"curies":[{"name":"wp","href":"https:\/\/api.w.org\/{rel}","templated":true}]}}