{"id":1022342,"date":"2026-03-30T16:26:51","date_gmt":"2026-03-30T15:26:51","guid":{"rendered":"https:\/\/osaka.ma\/product\/logitech-g840-xl-gaming-mouse-pad-noir\/"},"modified":"2026-03-31T14:36:25","modified_gmt":"2026-03-31T13:36:25","slug":"logitech-g840-xl-gaming-mouse-pad-noir","status":"publish","type":"product","link":"https:\/\/osaka.ma\/de\/product\/logitech-g840-xl-gaming-mouse-pad-noir\/","title":{"rendered":"Logitech G840 XL Gaming Mouse Pad (Noir)"},"content":{"rendered":"<div class=\"logo\"><img decoding=\"async\" class=\"aligncenter\" src=\"https:\/\/media.ldlc.com\/v3\/marque\/bo\/00\/05\/88\/13\/V30005881352_2.jpg\" alt=\"Logitech G\" \/><\/div>\n<div id=\"description\" class=\"description\">\n<div class=\"details-pdt-desc\">\n<h2 class=\"h2-master\">Le tapis confortable pour tous vos \u00e9quipements<\/h2>\n<section>Le tapis <strong>Logitech G840 XL<\/strong> couvre enti\u00e8rement votre bureau, offrant une surface homog\u00e8ne qui optimise les performances des capteurs, surtout avec les souris Logitech G. Sa base en caoutchouc assure une excellente stabilit\u00e9 m\u00eame pendant les sessions intenses.<\/section>\n<section>\n<div class=\"desc-image\"><img decoding=\"async\" src=\"https:\/\/media.ldlc.com\/bo\/images\/fiches\/tapis_de_souris\/Logitech\/G840_XL\/1.jpg\" alt=\"\" \/><\/div>\n<div class=\"desc-text\">\n<h2>Un tapis de souris ultra large<\/h2>\n<p>Le <strong data-start=\"3\" data-end=\"23\">Logitech G840 XL<\/strong> offre une large surface pour positionner clavier et souris librement, avec une texture optimis\u00e9e garantissant pr\u00e9cision et r\u00e9activit\u00e9, que vous utilisiez une souris optique ou laser.<\/p>\n<\/div>\n<\/section>\n<section>\n<div class=\"desc-text\">\n<h2>Des performances \u00e9gales sur toutes les surfaces<\/h2>\n<p>Le <strong data-start=\"3\" data-end=\"23\">Logitech G840 XL<\/strong> dispose d\u2019une surface lisse et r\u00e9guli\u00e8re pour un suivi de capteur optimal, ainsi qu\u2019une base en caoutchouc offrant stabilit\u00e9 et souplesse tout en \u00e9vitant les plis g\u00eanants.<\/p>\n<\/div>\n<div class=\"desc-image\"><img decoding=\"async\" src=\"https:\/\/media.ldlc.com\/bo\/images\/fiches\/tapis_de_souris\/Logitech\/G840_XL\/2.jpg\" alt=\"\" \/><\/div>\n<\/section>\n<section class=\"list\">\n<h2>Caract\u00e9ristiques principales :<\/h2>\n<ul>\n<li>Une taille XL pour recouvrir l&#8217;ensemble de votre bureau<\/li>\n<li><strong>Une base solide en caoutchouc et flexible avec une texture homog\u00e8ne de la surface<\/strong><\/li>\n<li>Surface en tissu trait\u00e9 \u00e0 la chaleur<\/li>\n<li><strong>Parfaite ad\u00e9quation avec les capteurs de souris Logitech G<\/strong><\/li>\n<li>S&#8217;enroule facilement pour un transport simplifi\u00e9<\/li>\n<li><strong>Epaisseur :<\/strong>\u00a03 mm<\/li>\n<li><strong>Dimensions :<\/strong>\u00a0900 x 400 mm<\/li>\n<\/ul>\n<\/section>\n<\/div>\n<\/div>\n","protected":false},"excerpt":{"rendered":"<h6>Tapis de souris pour gamer format XL<\/h6>\n<p>Id\u00e9al pour accueillir tous vos \u00e9quipements, le tapis de souris\u00a0<strong>Logitech G840 XL Gaming Mouse Pad<\/strong> recouvrira l&#8217;int\u00e9gralit\u00e9 de votre bureau. La texture homog\u00e8ne de la surface am\u00e9liore les performances des capteurs, tout particuli\u00e8rement avec les souris de jeu Logitech G.<\/p>\n","protected":false},"featured_media":6030,"template":"","meta":{"_acf_changed":false},"pwb-brand":[],"product_brand":[],"product_cat":[16],"product_tag":[],"pcb_component_type":[],"class_list":{"0":"post-1022342","1":"product","2":"type-product","3":"status-publish","4":"has-post-thumbnail","6":"product_cat-uncategorized","8":"first","9":"outofstock","10":"shipping-taxable","11":"product-type-simple"},"translation":{"provider":"WPGlobus","version":"3.0.2","language":"de","enabled_languages":["en","es","de","fr","ru"],"languages":{"en":{"title":true,"content":true,"excerpt":true},"es":{"title":false,"content":false,"excerpt":false},"de":{"title":false,"content":false,"excerpt":false},"fr":{"title":false,"content":false,"excerpt":false},"ru":{"title":false,"content":false,"excerpt":false}}},"acf":[],"yoast_head":"<!-- This site is optimized with the Yoast SEO plugin v27.2 - https:\/\/yoast.com\/product\/yoast-seo-wordpress\/ -->\n<title>Logitech G840 XL: Tapis de Bureau Haute Performance - Osaka<\/title>\n<meta name=\"robots\" content=\"index, follow, max-snippet:-1, max-image-preview:large, max-video-preview:-1\" \/>\n<link rel=\"canonical\" href=\"https:\/\/osaka.ma\/product\/logitech-g840-xl-gaming-mouse-pad-noir\/\" \/>\n<meta property=\"og:locale\" content=\"de_DE\" \/>\n<meta property=\"og:type\" content=\"article\" \/>\n<meta property=\"og:title\" content=\"Logitech G840 XL Gaming Mouse Pad (Noir) - Osaka\" \/>\n<meta property=\"og:url\" content=\"https:\/\/osaka.ma\/product\/logitech-g840-xl-gaming-mouse-pad-noir\/\" \/>\n<meta property=\"og:site_name\" content=\"Osaka\" \/>\n<meta property=\"article:modified_time\" content=\"2026-03-31T13:36:25+00:00\" \/>\n<meta property=\"og:image\" content=\"https:\/\/osaka.ma\/wp-content\/uploads\/2026\/01\/LOGITECH-G840-XL.jpg\" \/>\n\t<meta property=\"og:image:width\" content=\"1600\" \/>\n\t<meta property=\"og:image:height\" content=\"1600\" \/>\n\t<meta property=\"og:image:type\" content=\"image\/jpeg\" \/>\n<meta name=\"twitter:card\" content=\"summary_large_image\" \/>\n<meta name=\"twitter:label1\" content=\"Est. reading time\" \/>\n\t<meta name=\"twitter:data1\" content=\"3 minutes\" \/>\n<script type=\"application\/ld+json\" class=\"yoast-schema-graph\">{\"@context\":\"https:\/\/schema.org\",\"@graph\":[{\"@type\":\"WebPage\",\"@id\":\"https:\/\/osaka.ma\/product\/logitech-g840-xl-gaming-mouse-pad-noir\/\",\"url\":\"https:\/\/osaka.ma\/product\/logitech-g840-xl-gaming-mouse-pad-noir\/\",\"name\":\"Logitech G840 XL: Tapis de Bureau Haute Performance - Osaka\",\"isPartOf\":{\"@id\":\"https:\/\/osaka.ma\/#website\"},\"primaryImageOfPage\":{\"@id\":\"https:\/\/osaka.ma\/product\/logitech-g840-xl-gaming-mouse-pad-noir\/#primaryimage\"},\"image\":{\"@id\":\"https:\/\/osaka.ma\/product\/logitech-g840-xl-gaming-mouse-pad-noir\/#primaryimage\"},\"thumbnailUrl\":\"https:\/\/osaka.ma\/wp-content\/uploads\/2026\/01\/LOGITECH-G840-XL.jpg\",\"datePublished\":\"2026-03-30T15:26:51+00:00\",\"dateModified\":\"2026-03-31T13:36:25+00:00\",\"description\":\"Am\u00e9liorez votre bureau avec le Logitech G840 XL. Profitez d'une exp\u00e9rience de jeu fluide et pr\u00e9cise que vous soyez sur souris optique ou laser.\",\"breadcrumb\":{\"@id\":\"https:\/\/osaka.ma\/product\/logitech-g840-xl-gaming-mouse-pad-noir\/#breadcrumb\"},\"inLanguage\":\"de-DE\",\"potentialAction\":[{\"@type\":\"ReadAction\",\"target\":[\"https:\/\/osaka.ma\/product\/logitech-g840-xl-gaming-mouse-pad-noir\/\"]}]},{\"@type\":\"ImageObject\",\"inLanguage\":\"de-DE\",\"@id\":\"https:\/\/osaka.ma\/product\/logitech-g840-xl-gaming-mouse-pad-noir\/#primaryimage\",\"url\":\"https:\/\/osaka.ma\/wp-content\/uploads\/2026\/01\/LOGITECH-G840-XL.jpg\",\"contentUrl\":\"https:\/\/osaka.ma\/wp-content\/uploads\/2026\/01\/LOGITECH-G840-XL.jpg\",\"width\":1600,\"height\":1600},{\"@type\":\"BreadcrumbList\",\"@id\":\"https:\/\/osaka.ma\/product\/logitech-g840-xl-gaming-mouse-pad-noir\/#breadcrumb\",\"itemListElement\":[{\"@type\":\"ListItem\",\"position\":1,\"name\":\"Home\",\"item\":\"https:\/\/osaka.ma\/\"},{\"@type\":\"ListItem\",\"position\":2,\"name\":\"Shop\",\"item\":\"https:\/\/osaka.ma\/shop-2\/\"},{\"@type\":\"ListItem\",\"position\":3,\"name\":\"Logitech G840 XL Gaming Mouse Pad (Noir)\"}]},{\"@type\":\"WebSite\",\"@id\":\"https:\/\/osaka.ma\/#website\",\"url\":\"https:\/\/osaka.ma\/\",\"name\":\"Osaka\",\"description\":\"\",\"publisher\":{\"@id\":\"https:\/\/osaka.ma\/#organization\"},\"potentialAction\":[{\"@type\":\"SearchAction\",\"target\":{\"@type\":\"EntryPoint\",\"urlTemplate\":\"https:\/\/osaka.ma\/?s={search_term_string}\"},\"query-input\":{\"@type\":\"PropertyValueSpecification\",\"valueRequired\":true,\"valueName\":\"search_term_string\"}}],\"inLanguage\":\"de-DE\"},{\"@type\":\"Organization\",\"@id\":\"https:\/\/osaka.ma\/#organization\",\"name\":\"Osaka\",\"url\":\"https:\/\/osaka.ma\/\",\"logo\":{\"@type\":\"ImageObject\",\"inLanguage\":\"de-DE\",\"@id\":\"https:\/\/osaka.ma\/#\/schema\/logo\/image\/\",\"url\":\"https:\/\/osaka.ma\/wp-content\/uploads\/2026\/01\/model-slogan-logo-2Plan-de-travail-1dksl-plus-finnn.png\",\"contentUrl\":\"https:\/\/osaka.ma\/wp-content\/uploads\/2026\/01\/model-slogan-logo-2Plan-de-travail-1dksl-plus-finnn.png\",\"width\":842,\"height\":226,\"caption\":\"Osaka\"},\"image\":{\"@id\":\"https:\/\/osaka.ma\/#\/schema\/logo\/image\/\"}}]}<\/script>\n<!-- \/ Yoast SEO plugin. -->","yoast_head_json":{"title":"Logitech G840 XL: Tapis de Bureau Haute Performance - Osaka","robots":{"index":"index","follow":"follow","max-snippet":"max-snippet:-1","max-image-preview":"max-image-preview:large","max-video-preview":"max-video-preview:-1"},"canonical":"https:\/\/osaka.ma\/product\/logitech-g840-xl-gaming-mouse-pad-noir\/","og_locale":"de_DE","og_type":"article","og_title":"Logitech G840 XL Gaming Mouse Pad (Noir) - Osaka","og_url":"https:\/\/osaka.ma\/product\/logitech-g840-xl-gaming-mouse-pad-noir\/","og_site_name":"Osaka","article_modified_time":"2026-03-31T13:36:25+00:00","og_image":[{"width":1600,"height":1600,"url":"https:\/\/osaka.ma\/wp-content\/uploads\/2026\/01\/LOGITECH-G840-XL.jpg","type":"image\/jpeg"}],"twitter_card":"summary_large_image","twitter_misc":{"Est. reading time":"3 minutes"},"schema":{"@context":"https:\/\/schema.org","@graph":[{"@type":"WebPage","@id":"https:\/\/osaka.ma\/product\/logitech-g840-xl-gaming-mouse-pad-noir\/","url":"https:\/\/osaka.ma\/product\/logitech-g840-xl-gaming-mouse-pad-noir\/","name":"Logitech G840 XL: Tapis de Bureau Haute Performance - Osaka","isPartOf":{"@id":"https:\/\/osaka.ma\/#website"},"primaryImageOfPage":{"@id":"https:\/\/osaka.ma\/product\/logitech-g840-xl-gaming-mouse-pad-noir\/#primaryimage"},"image":{"@id":"https:\/\/osaka.ma\/product\/logitech-g840-xl-gaming-mouse-pad-noir\/#primaryimage"},"thumbnailUrl":"https:\/\/osaka.ma\/wp-content\/uploads\/2026\/01\/LOGITECH-G840-XL.jpg","datePublished":"2026-03-30T15:26:51+00:00","dateModified":"2026-03-31T13:36:25+00:00","description":"Am\u00e9liorez votre bureau avec le Logitech G840 XL. Profitez d'une exp\u00e9rience de jeu fluide et pr\u00e9cise que vous soyez sur souris optique ou laser.","breadcrumb":{"@id":"https:\/\/osaka.ma\/product\/logitech-g840-xl-gaming-mouse-pad-noir\/#breadcrumb"},"inLanguage":"de-DE","potentialAction":[{"@type":"ReadAction","target":["https:\/\/osaka.ma\/product\/logitech-g840-xl-gaming-mouse-pad-noir\/"]}]},{"@type":"ImageObject","inLanguage":"de-DE","@id":"https:\/\/osaka.ma\/product\/logitech-g840-xl-gaming-mouse-pad-noir\/#primaryimage","url":"https:\/\/osaka.ma\/wp-content\/uploads\/2026\/01\/LOGITECH-G840-XL.jpg","contentUrl":"https:\/\/osaka.ma\/wp-content\/uploads\/2026\/01\/LOGITECH-G840-XL.jpg","width":1600,"height":1600},{"@type":"BreadcrumbList","@id":"https:\/\/osaka.ma\/product\/logitech-g840-xl-gaming-mouse-pad-noir\/#breadcrumb","itemListElement":[{"@type":"ListItem","position":1,"name":"Home","item":"https:\/\/osaka.ma\/"},{"@type":"ListItem","position":2,"name":"Shop","item":"https:\/\/osaka.ma\/shop-2\/"},{"@type":"ListItem","position":3,"name":"Logitech G840 XL Gaming Mouse Pad (Noir)"}]},{"@type":"WebSite","@id":"https:\/\/osaka.ma\/#website","url":"https:\/\/osaka.ma\/","name":"Osaka","description":"","publisher":{"@id":"https:\/\/osaka.ma\/#organization"},"potentialAction":[{"@type":"SearchAction","target":{"@type":"EntryPoint","urlTemplate":"https:\/\/osaka.ma\/?s={search_term_string}"},"query-input":{"@type":"PropertyValueSpecification","valueRequired":true,"valueName":"search_term_string"}}],"inLanguage":"de-DE"},{"@type":"Organization","@id":"https:\/\/osaka.ma\/#organization","name":"Osaka","url":"https:\/\/osaka.ma\/","logo":{"@type":"ImageObject","inLanguage":"de-DE","@id":"https:\/\/osaka.ma\/#\/schema\/logo\/image\/","url":"https:\/\/osaka.ma\/wp-content\/uploads\/2026\/01\/model-slogan-logo-2Plan-de-travail-1dksl-plus-finnn.png","contentUrl":"https:\/\/osaka.ma\/wp-content\/uploads\/2026\/01\/model-slogan-logo-2Plan-de-travail-1dksl-plus-finnn.png","width":842,"height":226,"caption":"Osaka"},"image":{"@id":"https:\/\/osaka.ma\/#\/schema\/logo\/image\/"}}]}},"jetpack_sharing_enabled":true,"brands":[],"_links":{"self":[{"href":"https:\/\/osaka.ma\/de\/wp-json\/wp\/v2\/product\/1022342","targetHints":{"allow":["GET"]}}],"collection":[{"href":"https:\/\/osaka.ma\/de\/wp-json\/wp\/v2\/product"}],"about":[{"href":"https:\/\/osaka.ma\/de\/wp-json\/wp\/v2\/types\/product"}],"version-history":[{"count":1,"href":"https:\/\/osaka.ma\/de\/wp-json\/wp\/v2\/product\/1022342\/revisions"}],"predecessor-version":[{"id":1022413,"href":"https:\/\/osaka.ma\/de\/wp-json\/wp\/v2\/product\/1022342\/revisions\/1022413"}],"wp:featuredmedia":[{"embeddable":true,"href":"https:\/\/osaka.ma\/de\/wp-json\/wp\/v2\/media\/6030"}],"wp:attachment":[{"href":"https:\/\/osaka.ma\/de\/wp-json\/wp\/v2\/media?parent=1022342"}],"wp:term":[{"taxonomy":"pwb-brand","embeddable":true,"href":"https:\/\/osaka.ma\/de\/wp-json\/wp\/v2\/pwb-brand?post=1022342"},{"taxonomy":"product_brand","embeddable":true,"href":"https:\/\/osaka.ma\/de\/wp-json\/wp\/v2\/product_brand?post=1022342"},{"taxonomy":"product_cat","embeddable":true,"href":"https:\/\/osaka.ma\/de\/wp-json\/wp\/v2\/product_cat?post=1022342"},{"taxonomy":"product_tag","embeddable":true,"href":"https:\/\/osaka.ma\/de\/wp-json\/wp\/v2\/product_tag?post=1022342"},{"taxonomy":"pcb_component_type","embeddable":true,"href":"https:\/\/osaka.ma\/de\/wp-json\/wp\/v2\/pcb_component_type?post=1022342"}],"curies":[{"name":"wp","href":"https:\/\/api.w.org\/{rel}","templated":true}]}}