{"id":10230,"date":"2024-08-27T11:12:46","date_gmt":"2024-08-27T11:12:46","guid":{"rendered":"https:\/\/osaka.ma\/?post_type=product&#038;p=10230"},"modified":"2024-12-18T15:36:18","modified_gmt":"2024-12-18T15:36:18","slug":"dell-vostro-3500-15-i5-1135g7-16gb-512gb-15-6%e2%80%b3-fhd","status":"publish","type":"product","link":"https:\/\/osaka.ma\/de\/product\/dell-vostro-3500-15-i5-1135g7-16gb-512gb-15-6%e2%80%b3-fhd\/","title":{"rendered":"DELL VOSTRO 3500 15 i5-1135G7\/ 16GB \/ 512GB \/ 15.6\u2033 FHD"},"content":{"rendered":"<div class=\"logo\"><a href=\"https:\/\/www.ldlc.com\/dell\/bint000005597\/\" rel=\"nofollow noopener\" target=\"_blank\"><img decoding=\"async\" src=\"https:\/\/media.ldlc.com\/v3\/marque\/bo\/00\/05\/32\/41\/V30005324130_2.jpg\" alt=\"Dell\" \/><\/a><\/div>\n<div id=\"description\" class=\"description\">\n<div class=\"details-pdt-desc\">\n<h2 class=\"h2-master\">PC portable sobre et efficace pour l&#8217;entreprise<\/h2>\n<section>Le<strong>\u00a0PC portable Dell Vostro 3500<\/strong>\u00a0est un ordinateur sobre, simple et efficace pour les entreprises. Puissant, autonome et con\u00e7u pour durer, il allie brillamment mobilit\u00e9 et efficacit\u00e9. Il est \u00e9quip\u00e9 d&#8217;un processeur<strong>\u00a0<\/strong>Intel Core i5, de 8 Go de RAM,<strong>\u00a0<\/strong>d&#8217;un SSD 512 Go.<\/p>\n<\/section>\n<section>\n<div class=\"desc-image\"><img decoding=\"async\" src=\"https:\/\/media.ldlc.com\/bo\/images\/fiches\/pc_portables\/dell\/vostro_3591\/professionnel.jpg\" alt=\"\" \/><\/div>\n<div class=\"desc-text\">\n<h2>Restez productif<\/h2>\n<ul>\n<li>Processeur\u00a0<strong>Intel Core i5-1135G7<\/strong>\u00a0(Quad-Core 2.4 GHz \/ 4.2 GHz Turbo &#8211; 8 Threads &#8211; Cache 8 Mo)<\/li>\n<li>16 Go de m\u00e9moire DDR4 2666 MHz<\/li>\n<li><strong>Ecran mat de 15.6&#8243;<\/strong>\u00a0avec r\u00e9solution Full HD (1920 x 1080 pixels)<\/li>\n<li>SSD M.2 PCI-E 512 Go<\/li>\n<li>Communication sans fil Wi-Fi AC + Bluetooth<\/li>\n<li>Connecteur HDMI<\/li>\n<li>Webcam HD 720p<\/li>\n<li><strong>Microsoft Windows 10 Professionnel 64 bits<\/strong><\/li>\n<\/ul>\n<\/div>\n<\/section>\n<section>\n<div class=\"desc-text\">\n<h2>Dell Mobile Connect<\/h2>\n<p>L\u2019application DMC couple votre smartphone\u00a0iOS ou Android \u00e0 votre ordinateur portable. Vous avez ainsi la possibilit\u00e9 de transf\u00e9rer les notifications d\u2019appels t\u00e9l\u00e9phoniques, de SMS, de messages instantan\u00e9s et d\u2019autres applications vers votre ordinateur portable pour rester concentr\u00e9 sur un\u00a0seul \u00e9cran.<\/p>\n<\/div>\n<div class=\"desc-image\"><img decoding=\"async\" src=\"https:\/\/media.ldlc.com\/bo\/images\/fiches\/pc_portables\/dell\/vostro_3590\/dell_vostro_3590_001.jpg\" alt=\"\" \/><\/div>\n<\/section>\n<\/div>\n<\/div>\n<h2>Caract\u00e9ristiques principales :<\/h2>\n<ul>\n<li><strong>Processeur Intel Core i5-1135G7<\/strong>\u00a0(Quad-Core 2.4 GHz \/ 4.2 GHz Turbo &#8211; 8 Threads &#8211; Cache 8 Mo)<\/li>\n<li><strong>Clavier professionnel <\/strong>avec\u00a0<strong>pav\u00e9 num\u00e9rique<\/strong><\/li>\n<li>16 Go de m\u00e9moire DDR4 \u00a02666 MHz<\/li>\n<li>Puce graphique Intel\u00ae Iris\u00ae Xe Graphics<\/li>\n<li><strong>\u00c9cran <\/strong>15.6 pouces avec r\u00e9solution FHD LED Display (1920 x 1080), Anti-\u00e9blouissement avec fr\u00e9quence d\u2019affichage de 60 Hz<\/li>\n<li>Fonctionnement fluide et rapide avec un<strong> SSD M.2 PCIe\u00a0 NVMe de 512 Go<\/strong><\/li>\n<li>Communication sans fil performante : Wi-Fi AC + Bluetooth 4.2<\/li>\n<li>2 ports USB 3.0 et 1 port USB 2.0 avec lecteur de carte m\u00e9moire MicroSD int\u00e9gr\u00e9<\/li>\n<li>Webcam FHD 720p int\u00e9gr\u00e9e<\/li>\n<li>Sortie HDMI, pour la connexion \u00e0 un \u00e9cran externe<\/li>\n<li><strong>Windows 10 Professionnel<\/strong><\/li>\n<li>ETAT COMME NEUF<\/li>\n<\/ul>\n","protected":false},"excerpt":{"rendered":"<h2>Caract\u00e9ristiques principales :<\/h2>\n<ul>\n<li><strong>Processeur Intel Core i5-1135G7<\/strong>\u00a0(Quad-Core 2.4 GHz \/ 4.2 GHz Turbo &#8211; 8 Threads &#8211; Cache 8 Mo)<\/li>\n<li><strong>Clavier professionnel <\/strong>avec\u00a0<strong>pav\u00e9 num\u00e9rique<\/strong><\/li>\n<li>16 Go de m\u00e9moire DDR4 \u00a02666 MHz<\/li>\n<li>Puce graphique Intel\u00ae Iris\u00ae Xe Graphics<\/li>\n<li><strong>\u00c9cran <\/strong>15.6 pouces avec r\u00e9solution FHD LED Display (1920 x 1080), Anti-\u00e9blouissement avec fr\u00e9quence d\u2019affichage de 60 Hz<\/li>\n<li>Fonctionnement fluide et rapide avec un<strong> SSD M.2 PCIe\u00a0 NVMe de 512 Go<\/strong><\/li>\n<li>Communication sans fil performante : Wi-Fi AC + Bluetooth 4.2<\/li>\n<li>2 ports USB 3.0 et 1 port USB 2.0 avec lecteur de carte m\u00e9moire MicroSD int\u00e9gr\u00e9<\/li>\n<li>Webcam FHD 720p int\u00e9gr\u00e9e<\/li>\n<li>Sortie HDMI, pour la connexion \u00e0 un \u00e9cran externe<\/li>\n<li><strong>Windows 10 Professionnel<\/strong><\/li>\n<li>ETAT COMME NEUF<\/li>\n<\/ul>\n","protected":false},"featured_media":1010232,"template":"","meta":{"_acf_changed":false},"pwb-brand":[],"product_brand":[],"product_cat":[57,53],"product_tag":[],"pcb_component_type":[],"class_list":{"0":"post-10230","1":"product","2":"type-product","3":"status-publish","4":"has-post-thumbnail","6":"product_cat-intel","7":"product_cat-pc-gamer","9":"first","10":"outofstock","11":"shipping-taxable","12":"product-type-simple"},"translation":{"provider":"WPGlobus","version":"3.0.2","language":"de","enabled_languages":["en","es","de","fr","ru"],"languages":{"en":{"title":true,"content":true,"excerpt":true},"es":{"title":false,"content":false,"excerpt":false},"de":{"title":false,"content":false,"excerpt":false},"fr":{"title":false,"content":false,"excerpt":false},"ru":{"title":false,"content":false,"excerpt":false}}},"acf":[],"yoast_head":"<!-- This site is optimized with the Yoast SEO plugin v27.2 - https:\/\/yoast.com\/product\/yoast-seo-wordpress\/ -->\n<title>DELL VOSTRO 3500 15 i5-1135G7\/ 16GB \/ 512GB \/ 15.6\u2033 FHD - Osaka<\/title>\n<meta name=\"robots\" content=\"index, follow, max-snippet:-1, max-image-preview:large, max-video-preview:-1\" \/>\n<link rel=\"canonical\" href=\"https:\/\/osaka.ma\/de\/product\/dell-vostro-3500-15-i5-1135g7-16gb-512gb-15-6\u2033-fhd\/\" \/>\n<meta property=\"og:locale\" content=\"de_DE\" \/>\n<meta property=\"og:type\" content=\"article\" \/>\n<meta property=\"og:title\" content=\"DELL VOSTRO 3500 15 i5-1135G7\/ 16GB \/ 512GB \/ 15.6\u2033 FHD - Osaka\" \/>\n<meta property=\"og:url\" content=\"https:\/\/osaka.ma\/de\/product\/dell-vostro-3500-15-i5-1135g7-16gb-512gb-15-6\u2033-fhd\/\" \/>\n<meta property=\"og:site_name\" content=\"Osaka\" \/>\n<meta property=\"article:modified_time\" content=\"2024-12-18T15:36:18+00:00\" \/>\n<meta property=\"og:image\" content=\"https:\/\/osaka.ma\/wp-content\/uploads\/2024\/08\/DELL-VOSTRO-3500.jpg\" \/>\n\t<meta property=\"og:image:width\" content=\"1600\" \/>\n\t<meta property=\"og:image:height\" content=\"1600\" \/>\n\t<meta property=\"og:image:type\" content=\"image\/jpeg\" \/>\n<meta name=\"twitter:card\" content=\"summary_large_image\" \/>\n<meta name=\"twitter:label1\" content=\"Est. reading time\" \/>\n\t<meta name=\"twitter:data1\" content=\"2 minutes\" \/>\n<script type=\"application\/ld+json\" class=\"yoast-schema-graph\">{\"@context\":\"https:\/\/schema.org\",\"@graph\":[{\"@type\":\"WebPage\",\"@id\":\"https:\/\/osaka.ma\/de\/product\/dell-vostro-3500-15-i5-1135g7-16gb-512gb-15-6%e2%80%b3-fhd\/\",\"url\":\"https:\/\/osaka.ma\/de\/product\/dell-vostro-3500-15-i5-1135g7-16gb-512gb-15-6%e2%80%b3-fhd\/\",\"name\":\"DELL VOSTRO 3500 15 i5-1135G7\/ 16GB \/ 512GB \/ 15.6\u2033 FHD - Osaka\",\"isPartOf\":{\"@id\":\"https:\/\/osaka.ma\/#website\"},\"primaryImageOfPage\":{\"@id\":\"https:\/\/osaka.ma\/de\/product\/dell-vostro-3500-15-i5-1135g7-16gb-512gb-15-6%e2%80%b3-fhd\/#primaryimage\"},\"image\":{\"@id\":\"https:\/\/osaka.ma\/de\/product\/dell-vostro-3500-15-i5-1135g7-16gb-512gb-15-6%e2%80%b3-fhd\/#primaryimage\"},\"thumbnailUrl\":\"https:\/\/osaka.ma\/wp-content\/uploads\/2024\/08\/DELL-VOSTRO-3500.jpg\",\"datePublished\":\"2024-08-27T11:12:46+00:00\",\"dateModified\":\"2024-12-18T15:36:18+00:00\",\"breadcrumb\":{\"@id\":\"https:\/\/osaka.ma\/de\/product\/dell-vostro-3500-15-i5-1135g7-16gb-512gb-15-6%e2%80%b3-fhd\/#breadcrumb\"},\"inLanguage\":\"de-DE\",\"potentialAction\":[{\"@type\":\"ReadAction\",\"target\":[\"https:\/\/osaka.ma\/de\/product\/dell-vostro-3500-15-i5-1135g7-16gb-512gb-15-6%e2%80%b3-fhd\/\"]}]},{\"@type\":\"ImageObject\",\"inLanguage\":\"de-DE\",\"@id\":\"https:\/\/osaka.ma\/de\/product\/dell-vostro-3500-15-i5-1135g7-16gb-512gb-15-6%e2%80%b3-fhd\/#primaryimage\",\"url\":\"https:\/\/osaka.ma\/wp-content\/uploads\/2024\/08\/DELL-VOSTRO-3500.jpg\",\"contentUrl\":\"https:\/\/osaka.ma\/wp-content\/uploads\/2024\/08\/DELL-VOSTRO-3500.jpg\",\"width\":1600,\"height\":1600},{\"@type\":\"BreadcrumbList\",\"@id\":\"https:\/\/osaka.ma\/de\/product\/dell-vostro-3500-15-i5-1135g7-16gb-512gb-15-6%e2%80%b3-fhd\/#breadcrumb\",\"itemListElement\":[{\"@type\":\"ListItem\",\"position\":1,\"name\":\"Home\",\"item\":\"https:\/\/osaka.ma\/\"},{\"@type\":\"ListItem\",\"position\":2,\"name\":\"Shop\",\"item\":\"https:\/\/osaka.ma\/shop-2\/\"},{\"@type\":\"ListItem\",\"position\":3,\"name\":\"DELL VOSTRO 3500 15 i5-1135G7\/ 16GB \/ 512GB \/ 15.6\u2033 FHD\"}]},{\"@type\":\"WebSite\",\"@id\":\"https:\/\/osaka.ma\/#website\",\"url\":\"https:\/\/osaka.ma\/\",\"name\":\"Osaka\",\"description\":\"\",\"publisher\":{\"@id\":\"https:\/\/osaka.ma\/#organization\"},\"potentialAction\":[{\"@type\":\"SearchAction\",\"target\":{\"@type\":\"EntryPoint\",\"urlTemplate\":\"https:\/\/osaka.ma\/?s={search_term_string}\"},\"query-input\":{\"@type\":\"PropertyValueSpecification\",\"valueRequired\":true,\"valueName\":\"search_term_string\"}}],\"inLanguage\":\"de-DE\"},{\"@type\":\"Organization\",\"@id\":\"https:\/\/osaka.ma\/#organization\",\"name\":\"Osaka\",\"url\":\"https:\/\/osaka.ma\/\",\"logo\":{\"@type\":\"ImageObject\",\"inLanguage\":\"de-DE\",\"@id\":\"https:\/\/osaka.ma\/#\/schema\/logo\/image\/\",\"url\":\"https:\/\/osaka.ma\/wp-content\/uploads\/2026\/01\/model-slogan-logo-2Plan-de-travail-1dksl-plus-finnn.png\",\"contentUrl\":\"https:\/\/osaka.ma\/wp-content\/uploads\/2026\/01\/model-slogan-logo-2Plan-de-travail-1dksl-plus-finnn.png\",\"width\":842,\"height\":226,\"caption\":\"Osaka\"},\"image\":{\"@id\":\"https:\/\/osaka.ma\/#\/schema\/logo\/image\/\"}}]}<\/script>\n<!-- \/ Yoast SEO plugin. -->","yoast_head_json":{"title":"DELL VOSTRO 3500 15 i5-1135G7\/ 16GB \/ 512GB \/ 15.6\u2033 FHD - Osaka","robots":{"index":"index","follow":"follow","max-snippet":"max-snippet:-1","max-image-preview":"max-image-preview:large","max-video-preview":"max-video-preview:-1"},"canonical":"https:\/\/osaka.ma\/de\/product\/dell-vostro-3500-15-i5-1135g7-16gb-512gb-15-6\u2033-fhd\/","og_locale":"de_DE","og_type":"article","og_title":"DELL VOSTRO 3500 15 i5-1135G7\/ 16GB \/ 512GB \/ 15.6\u2033 FHD - Osaka","og_url":"https:\/\/osaka.ma\/de\/product\/dell-vostro-3500-15-i5-1135g7-16gb-512gb-15-6\u2033-fhd\/","og_site_name":"Osaka","article_modified_time":"2024-12-18T15:36:18+00:00","og_image":[{"width":1600,"height":1600,"url":"https:\/\/osaka.ma\/wp-content\/uploads\/2024\/08\/DELL-VOSTRO-3500.jpg","type":"image\/jpeg"}],"twitter_card":"summary_large_image","twitter_misc":{"Est. reading time":"2 minutes"},"schema":{"@context":"https:\/\/schema.org","@graph":[{"@type":"WebPage","@id":"https:\/\/osaka.ma\/de\/product\/dell-vostro-3500-15-i5-1135g7-16gb-512gb-15-6%e2%80%b3-fhd\/","url":"https:\/\/osaka.ma\/de\/product\/dell-vostro-3500-15-i5-1135g7-16gb-512gb-15-6%e2%80%b3-fhd\/","name":"DELL VOSTRO 3500 15 i5-1135G7\/ 16GB \/ 512GB \/ 15.6\u2033 FHD - Osaka","isPartOf":{"@id":"https:\/\/osaka.ma\/#website"},"primaryImageOfPage":{"@id":"https:\/\/osaka.ma\/de\/product\/dell-vostro-3500-15-i5-1135g7-16gb-512gb-15-6%e2%80%b3-fhd\/#primaryimage"},"image":{"@id":"https:\/\/osaka.ma\/de\/product\/dell-vostro-3500-15-i5-1135g7-16gb-512gb-15-6%e2%80%b3-fhd\/#primaryimage"},"thumbnailUrl":"https:\/\/osaka.ma\/wp-content\/uploads\/2024\/08\/DELL-VOSTRO-3500.jpg","datePublished":"2024-08-27T11:12:46+00:00","dateModified":"2024-12-18T15:36:18+00:00","breadcrumb":{"@id":"https:\/\/osaka.ma\/de\/product\/dell-vostro-3500-15-i5-1135g7-16gb-512gb-15-6%e2%80%b3-fhd\/#breadcrumb"},"inLanguage":"de-DE","potentialAction":[{"@type":"ReadAction","target":["https:\/\/osaka.ma\/de\/product\/dell-vostro-3500-15-i5-1135g7-16gb-512gb-15-6%e2%80%b3-fhd\/"]}]},{"@type":"ImageObject","inLanguage":"de-DE","@id":"https:\/\/osaka.ma\/de\/product\/dell-vostro-3500-15-i5-1135g7-16gb-512gb-15-6%e2%80%b3-fhd\/#primaryimage","url":"https:\/\/osaka.ma\/wp-content\/uploads\/2024\/08\/DELL-VOSTRO-3500.jpg","contentUrl":"https:\/\/osaka.ma\/wp-content\/uploads\/2024\/08\/DELL-VOSTRO-3500.jpg","width":1600,"height":1600},{"@type":"BreadcrumbList","@id":"https:\/\/osaka.ma\/de\/product\/dell-vostro-3500-15-i5-1135g7-16gb-512gb-15-6%e2%80%b3-fhd\/#breadcrumb","itemListElement":[{"@type":"ListItem","position":1,"name":"Home","item":"https:\/\/osaka.ma\/"},{"@type":"ListItem","position":2,"name":"Shop","item":"https:\/\/osaka.ma\/shop-2\/"},{"@type":"ListItem","position":3,"name":"DELL VOSTRO 3500 15 i5-1135G7\/ 16GB \/ 512GB \/ 15.6\u2033 FHD"}]},{"@type":"WebSite","@id":"https:\/\/osaka.ma\/#website","url":"https:\/\/osaka.ma\/","name":"Osaka","description":"","publisher":{"@id":"https:\/\/osaka.ma\/#organization"},"potentialAction":[{"@type":"SearchAction","target":{"@type":"EntryPoint","urlTemplate":"https:\/\/osaka.ma\/?s={search_term_string}"},"query-input":{"@type":"PropertyValueSpecification","valueRequired":true,"valueName":"search_term_string"}}],"inLanguage":"de-DE"},{"@type":"Organization","@id":"https:\/\/osaka.ma\/#organization","name":"Osaka","url":"https:\/\/osaka.ma\/","logo":{"@type":"ImageObject","inLanguage":"de-DE","@id":"https:\/\/osaka.ma\/#\/schema\/logo\/image\/","url":"https:\/\/osaka.ma\/wp-content\/uploads\/2026\/01\/model-slogan-logo-2Plan-de-travail-1dksl-plus-finnn.png","contentUrl":"https:\/\/osaka.ma\/wp-content\/uploads\/2026\/01\/model-slogan-logo-2Plan-de-travail-1dksl-plus-finnn.png","width":842,"height":226,"caption":"Osaka"},"image":{"@id":"https:\/\/osaka.ma\/#\/schema\/logo\/image\/"}}]}},"jetpack_sharing_enabled":true,"brands":[],"_links":{"self":[{"href":"https:\/\/osaka.ma\/de\/wp-json\/wp\/v2\/product\/10230","targetHints":{"allow":["GET"]}}],"collection":[{"href":"https:\/\/osaka.ma\/de\/wp-json\/wp\/v2\/product"}],"about":[{"href":"https:\/\/osaka.ma\/de\/wp-json\/wp\/v2\/types\/product"}],"version-history":[{"count":0,"href":"https:\/\/osaka.ma\/de\/wp-json\/wp\/v2\/product\/10230\/revisions"}],"wp:featuredmedia":[{"embeddable":true,"href":"https:\/\/osaka.ma\/de\/wp-json\/wp\/v2\/media\/1010232"}],"wp:attachment":[{"href":"https:\/\/osaka.ma\/de\/wp-json\/wp\/v2\/media?parent=10230"}],"wp:term":[{"taxonomy":"pwb-brand","embeddable":true,"href":"https:\/\/osaka.ma\/de\/wp-json\/wp\/v2\/pwb-brand?post=10230"},{"taxonomy":"product_brand","embeddable":true,"href":"https:\/\/osaka.ma\/de\/wp-json\/wp\/v2\/product_brand?post=10230"},{"taxonomy":"product_cat","embeddable":true,"href":"https:\/\/osaka.ma\/de\/wp-json\/wp\/v2\/product_cat?post=10230"},{"taxonomy":"product_tag","embeddable":true,"href":"https:\/\/osaka.ma\/de\/wp-json\/wp\/v2\/product_tag?post=10230"},{"taxonomy":"pcb_component_type","embeddable":true,"href":"https:\/\/osaka.ma\/de\/wp-json\/wp\/v2\/pcb_component_type?post=10230"}],"curies":[{"name":"wp","href":"https:\/\/api.w.org\/{rel}","templated":true}]}}