{"id":10319,"date":"2024-09-09T15:22:08","date_gmt":"2024-09-09T15:22:08","guid":{"rendered":"https:\/\/osaka.ma\/?post_type=product&#038;p=10319"},"modified":"2025-06-27T09:35:57","modified_gmt":"2025-06-27T09:35:57","slug":"asus-proart-pa328qv-31-5-ips-2k","status":"publish","type":"product","link":"https:\/\/osaka.ma\/de\/product\/asus-proart-pa328qv-31-5-ips-2k\/","title":{"rendered":"ASUS PROART PA328QV 31.5&#8243; IPS 2K"},"content":{"rendered":"<div class=\"logo\"><a href=\"https:\/\/www.ldlc.com\/asus\/bint000000806\/\" rel=\"nofollow noopener\" target=\"_blank\"><img decoding=\"async\" src=\"https:\/\/media.ldlc.com\/v3\/marque\/bo\/00\/05\/62\/42\/V30005624251_2.jpg\" alt=\"ASUS\" \/><\/a><\/div>\n<div id=\"description\" class=\"description\">\n<div class=\"details-pdt-desc\">\n<h2 class=\"h2-master\">Des couleurs splendides au service de votre cr\u00e9ativit\u00e9<\/h2>\n<section>Le\u00a0<strong>moniteur professionnel ASUS ProArt PA328QV<\/strong>\u00a0est con\u00e7u pour r\u00e9pondre aux besoins des artistes, qu&#8217;il s&#8217;agisse de retouche photo, de postproduction vid\u00e9o ou de graphisme. Calibr\u00e9 en usine, il est\u00a0<strong>labellis\u00e9 &#8220;Calman Verified&#8221;<\/strong>\u00a0pour vous offrir une superbe reproduction des couleurs (\u2206E &lt; 2) tout en proposant par ailleurs une\u00a0<strong>couverture de l\u2019espace colorim\u00e9trique 100 % sRGB et 100 % Rec. 709<\/strong>. B\u00e9n\u00e9ficiant des fonctionnalit\u00e9s ASUS ProArt Preset et ProArt Palette, avec un contr\u00f4le des couleurs \u00e0 six axes ainsi que des ajustements des niveaux de noir et de luminosit\u00e9, le ProArt Display PA328QV ex\u00e9cute rapidement et pr\u00e9cis\u00e9ment les effets stylistiques que vous souhaitez donner \u00e0 vos contenus multim\u00e9dias.<\/section>\n<section>\n<div class=\"desc-image\"><\/div>\n<div class=\"desc-text\">\n<h2>Reproduction fid\u00e8le des couleurs<\/h2>\n<p>Ce moniteur ProArt propose des espaces colorim\u00e9triques 100 % sRGB et 100 % Rec. 709 pour une reproduction riche et r\u00e9aliste de chaque nuance de couleur de vos photographies. D\u00e9couvrez des teintes \u00e0 la puret\u00e9 absolue gr\u00e2ce \u00e0 la reproduction fid\u00e8le et pr\u00e9cise des couleurs du moniteur. Parvenant \u00e0 atteindre un Delta inf\u00e9rieur \u00e0 deux (\u2206E &lt; 2), les images reproduites \u00e0 l&#8217;\u00e9cran sont particuli\u00e8rement, nettes afin que vous puissiez observer minutieusement ce \u00e0 quoi votre travail va ressembler au bout du compte. Calibr\u00e9 en usine, le ProArt Display PA328QV est labellis\u00e9 &#8220;Calman Verified&#8221; pour offrir une superbe reproduction des couleurs. Artiste professionnel ou amateur, votre exp\u00e9rience en mati\u00e8re de cr\u00e9ation de contenu s&#8217;en trouvera consid\u00e9rablement enrichie !<\/p>\n<\/div>\n<\/section>\n<section>\n<div class=\"desc-text\">\n<h2>Personnalisation rapide et facile<\/h2>\n<p>La fonction\u00a0<strong>ProArt Preset<\/strong>\u00a0propose plusieurs modes via lesquels l&#8217;utilisateur peut ajuster rapidement le niveau des couleurs. Cet outil permet de passer instantan\u00e9ment d&#8217;un profil \u00e0 l&#8217;autre, qu&#8217;il s&#8217;agisse d&#8217;\u00e9talonnage de couleurs, de montage vid\u00e9o ou de retouche photo.\u00a0<strong>ProArt Palette<\/strong>\u00a0est un outil qui permet \u00e0 l&#8217;utilisateur de personnaliser l&#8217;affichage de son moniteur via de nombreux param\u00e8tres dont les r\u00e9glages de la teinte, de la temp\u00e9rature et du gamma des couleurs, tous facilement accessibles via des menus intuitifs \u00e0 l&#8217;\u00e9cran. On y retrouve une \u00e9chelle de gris en deux points et des curseurs pour r\u00e9gler les six couleurs qui permettent \u00e0 l&#8217;utilisateur de r\u00e9gler son moniteur avec pr\u00e9cision et simplicit\u00e9. ProArt Palette favorise une production plus rapide et homog\u00e8ne de contenus en facilitant par exemple la gestion des couleurs affich\u00e9es.<\/p>\n<\/div>\n<div class=\"desc-image\"><\/div>\n<\/section>\n<section>\n<div class=\"desc-image\"><\/div>\n<div class=\"desc-text\">\n<h2>Pr\u00e9vision pr\u00e9cise en temps r\u00e9el<\/h2>\n<p><strong>QuickFit Plus<\/strong>\u00a0propose de superposer une grille transparente sur votre cr\u00e9ation en cours afin de vous aider \u00e0 aligner toutes les \u00e9l\u00e9ments et les pr\u00e9visualiser. Le marqueur central et la zone de s\u00e9curit\u00e9 permettent une pr\u00e9visualisation en temps r\u00e9el lorsque vous \u00eates sur un plateau de tournage, afin d&#8217;\u00e9viter que l&#8217;image vid\u00e9o ne d\u00e9passe l&#8217;\u00e9cran. La r\u00e8gle indique la taille r\u00e9elle en pouces sur le bord ; vous pouvez \u00e9galement personnaliser la taille du cadre pour l&#8217;adapter \u00e0 vos pr\u00e9f\u00e9rences.<\/p>\n<\/div>\n<\/section>\n<section>\n<div class=\"desc-text\">\n<h2>Confort de travail<\/h2>\n<p>Le moniteur arbore un\u00a0<strong>pied ergonomique<\/strong>\u00a0gr\u00e2ce auquel vous pourrez adapter \u00e0 votre guise la hauteur, l&#8217;angle de rotation, l&#8217;inclinaison et le pivotement de l&#8217;\u00e9cran pour votre plus grand confort. Vous pouvez \u00e9largir vos possibilit\u00e9s en faisant pivoter l\u2019\u00e9cran \u00e0 90 degr\u00e9s, dans le sens des aiguilles d\u2019une montre ou contraire, pour l&#8217;utiliser en mode portrait ou paysage selon votre activit\u00e9. C\u00f4t\u00e9 affichage, la technologie\u00a0<strong>ASUS Ultra-Low Blue Light<\/strong>\u00a0pr\u00e9serve vos yeux de la lumi\u00e8re bleue nocive. Elle propose 4 filtres de lumi\u00e8re bleue facilement accessibles sur le menu \u00e0 l&#8217;\u00e9cran via les raccourcis. De plus, la technologie\u00a0<strong>ASUS Flicker-Free<\/strong>\u00a0vous offre une exp\u00e9rience visuelle et un environnement de travail bien plus confortables en r\u00e9duisant le scintillement \u00e0 l&#8217;\u00e9cran pour att\u00e9nuer la fatigue de vos yeux et les maux de t\u00eate pouvant appara\u00eetre lorsque vous passez de nombreuses heures devant votre \u00e9cran.<\/p>\n<\/div>\n<div class=\"desc-image\"><\/div>\n<\/section>\n<section class=\"list\">\n<h2>Caract\u00e9ristiques principales :<\/h2>\n<ul>\n<li>Ecran mat de 31.5&#8243; au format 16\/9 avec\u00a0<strong>r\u00e9solution\u00a0WQHD (2560 x 1440)<\/strong><\/li>\n<li><strong>Dalle IPS<\/strong>\u00a0: couleurs lumineuses et angles de vision larges (178\u00b0)<\/li>\n<li>Des couleurs riches et profondes avec un\u00a0contraste typique de 1000:1<\/li>\n<li><strong>Gamut couleurs : 100% sRGB \/ 100% Rec.709<\/strong><\/li>\n<li>Grande pr\u00e9cision des couleurs : pr\u00e9-calibration\u00a0en usine, Delta E&lt;2 &#8211; Certification &#8220;Calman Verified&#8221;<\/li>\n<li>Fonctions ProArt Preset et ProArt Palette pour l&#8217;ajustement colorim\u00e9trique<\/li>\n<li><strong>Technologie Adaptive-Sync<\/strong>\u00a0pour une meilleure fluidit\u00e9 de l&#8217;image<\/li>\n<li>Affichage\u00a0fluide avec un temps de r\u00e9ponse de\u00a05 ms (gris \u00e0 gris)<\/li>\n<li><strong>Design ergonomique<\/strong>\u00a0avec r\u00e9glage en hauteur sur 140 mm, pivot sur 90\u00b0 et rotation horizontale +30\u00b0\/-30\u00b0<\/li>\n<li>Connecteurs num\u00e9riques\u00a0<strong>1x DisplayPort + 2x HDMI<\/strong><\/li>\n<li>Hub avec\u00a04 ports USB 3.0, pour la connexion de vos p\u00e9riph\u00e9riques<\/li>\n<li>Confort oculaire sup\u00e9rieur avec FlickerFree et Ultra-Low Blue Light<\/li>\n<li>Haut-parleurs int\u00e9gr\u00e9s (2 x 2 Watts)<\/li>\n<\/ul>\n<\/section>\n<\/div>\n<\/div>\n","protected":false},"excerpt":{"rendered":"<h2>Caract\u00e9ristiques principales :<\/h2>\n<ul>\n<li>Ecran mat de 31.5&#8243; au format 16\/9 avec\u00a0<strong>r\u00e9solution\u00a0WQHD (2560 x 1440)<\/strong><\/li>\n<li><strong>Dalle IPS<\/strong>\u00a0: couleurs lumineuses et angles de vision larges (178\u00b0)<\/li>\n<li>Des couleurs riches et profondes avec un\u00a0contraste typique de 1000:1<\/li>\n<li><strong>Gamut couleurs : 100% sRGB \/ 100% Rec.709<\/strong><\/li>\n<li>Grande pr\u00e9cision des couleurs : pr\u00e9-calibration\u00a0en usine, Delta E&lt;2 &#8211; Certification &#8220;Calman Verified&#8221;<\/li>\n<li>Fonctions ProArt Preset et ProArt Palette pour l&#8217;ajustement colorim\u00e9trique<\/li>\n<li><strong>Technologie Adaptive-Sync<\/strong>\u00a0pour une meilleure fluidit\u00e9 de l&#8217;image<\/li>\n<li>Affichage\u00a0fluide avec un temps de r\u00e9ponse de\u00a05 ms (gris \u00e0 gris)<\/li>\n<li><strong>Design ergonomique<\/strong>\u00a0avec r\u00e9glage en hauteur sur 140 mm, pivot sur 90\u00b0 et rotation horizontale +30\u00b0\/-30\u00b0<\/li>\n<li>Connecteurs num\u00e9riques\u00a0<strong>1x DisplayPort + 2x HDMI<\/strong><\/li>\n<li>Hub avec\u00a04 ports USB 3.0, pour la connexion de vos p\u00e9riph\u00e9riques<\/li>\n<li>Confort oculaire sup\u00e9rieur avec FlickerFree et Ultra-Low Blue Light<\/li>\n<li>Haut-parleurs int\u00e9gr\u00e9s (2 x 2 Watts)<\/li>\n<\/ul>\n","protected":false},"featured_media":1010320,"template":"","meta":{"_acf_changed":false},"pwb-brand":[],"product_brand":[],"product_cat":[59,58],"product_tag":[],"pcb_component_type":[],"class_list":{"0":"post-10319","1":"product","2":"type-product","3":"status-publish","4":"has-post-thumbnail","6":"product_cat-32-pouce-et-plus","7":"product_cat-ecrans-et-moniteurs-pc","9":"first","10":"outofstock","11":"shipping-taxable","12":"product-type-simple"},"translation":{"provider":"WPGlobus","version":"3.0.2","language":"de","enabled_languages":["en","es","de","fr","ru"],"languages":{"en":{"title":true,"content":true,"excerpt":true},"es":{"title":false,"content":false,"excerpt":false},"de":{"title":false,"content":false,"excerpt":false},"fr":{"title":false,"content":false,"excerpt":false},"ru":{"title":false,"content":false,"excerpt":false}}},"acf":[],"yoast_head":"<!-- This site is optimized with the Yoast SEO plugin v27.2 - https:\/\/yoast.com\/product\/yoast-seo-wordpress\/ -->\n<title>ASUS PROART PA328QV 31.5&quot; IPS 2K - Osaka<\/title>\n<meta name=\"robots\" content=\"index, follow, max-snippet:-1, max-image-preview:large, max-video-preview:-1\" \/>\n<link rel=\"canonical\" href=\"https:\/\/osaka.ma\/product\/asus-proart-pa328qv-31-5-ips-2k\/\" \/>\n<meta property=\"og:locale\" content=\"de_DE\" \/>\n<meta property=\"og:type\" content=\"article\" \/>\n<meta property=\"og:title\" content=\"ASUS PROART PA328QV 31.5&quot; IPS 2K - Osaka\" \/>\n<meta property=\"og:url\" content=\"https:\/\/osaka.ma\/product\/asus-proart-pa328qv-31-5-ips-2k\/\" \/>\n<meta property=\"og:site_name\" content=\"Osaka\" \/>\n<meta property=\"article:modified_time\" content=\"2025-06-27T09:35:57+00:00\" \/>\n<meta property=\"og:image\" content=\"https:\/\/osaka.ma\/wp-content\/uploads\/2024\/09\/ASUS-PROART-31.5.jpg\" \/>\n\t<meta property=\"og:image:width\" content=\"1600\" \/>\n\t<meta property=\"og:image:height\" content=\"1600\" \/>\n\t<meta property=\"og:image:type\" content=\"image\/jpeg\" \/>\n<meta name=\"twitter:card\" content=\"summary_large_image\" \/>\n<meta name=\"twitter:label1\" content=\"Est. reading time\" \/>\n\t<meta name=\"twitter:data1\" content=\"5 minutes\" \/>\n<script type=\"application\/ld+json\" class=\"yoast-schema-graph\">{\"@context\":\"https:\/\/schema.org\",\"@graph\":[{\"@type\":\"WebPage\",\"@id\":\"https:\/\/osaka.ma\/product\/asus-proart-pa328qv-31-5-ips-2k\/\",\"url\":\"https:\/\/osaka.ma\/product\/asus-proart-pa328qv-31-5-ips-2k\/\",\"name\":\"ASUS PROART PA328QV 31.5\\\" IPS 2K - Osaka\",\"isPartOf\":{\"@id\":\"https:\/\/osaka.ma\/#website\"},\"primaryImageOfPage\":{\"@id\":\"https:\/\/osaka.ma\/product\/asus-proart-pa328qv-31-5-ips-2k\/#primaryimage\"},\"image\":{\"@id\":\"https:\/\/osaka.ma\/product\/asus-proart-pa328qv-31-5-ips-2k\/#primaryimage\"},\"thumbnailUrl\":\"https:\/\/osaka.ma\/wp-content\/uploads\/2024\/09\/ASUS-PROART-31.5.jpg\",\"datePublished\":\"2024-09-09T15:22:08+00:00\",\"dateModified\":\"2025-06-27T09:35:57+00:00\",\"breadcrumb\":{\"@id\":\"https:\/\/osaka.ma\/product\/asus-proart-pa328qv-31-5-ips-2k\/#breadcrumb\"},\"inLanguage\":\"de-DE\",\"potentialAction\":[{\"@type\":\"ReadAction\",\"target\":[\"https:\/\/osaka.ma\/product\/asus-proart-pa328qv-31-5-ips-2k\/\"]}]},{\"@type\":\"ImageObject\",\"inLanguage\":\"de-DE\",\"@id\":\"https:\/\/osaka.ma\/product\/asus-proart-pa328qv-31-5-ips-2k\/#primaryimage\",\"url\":\"https:\/\/osaka.ma\/wp-content\/uploads\/2024\/09\/ASUS-PROART-31.5.jpg\",\"contentUrl\":\"https:\/\/osaka.ma\/wp-content\/uploads\/2024\/09\/ASUS-PROART-31.5.jpg\",\"width\":1600,\"height\":1600},{\"@type\":\"BreadcrumbList\",\"@id\":\"https:\/\/osaka.ma\/product\/asus-proart-pa328qv-31-5-ips-2k\/#breadcrumb\",\"itemListElement\":[{\"@type\":\"ListItem\",\"position\":1,\"name\":\"Home\",\"item\":\"https:\/\/osaka.ma\/\"},{\"@type\":\"ListItem\",\"position\":2,\"name\":\"Shop\",\"item\":\"https:\/\/osaka.ma\/shop-2\/\"},{\"@type\":\"ListItem\",\"position\":3,\"name\":\"ASUS PROART PA328QV 31.5&#8243; IPS 2K\"}]},{\"@type\":\"WebSite\",\"@id\":\"https:\/\/osaka.ma\/#website\",\"url\":\"https:\/\/osaka.ma\/\",\"name\":\"Osaka\",\"description\":\"\",\"publisher\":{\"@id\":\"https:\/\/osaka.ma\/#organization\"},\"potentialAction\":[{\"@type\":\"SearchAction\",\"target\":{\"@type\":\"EntryPoint\",\"urlTemplate\":\"https:\/\/osaka.ma\/?s={search_term_string}\"},\"query-input\":{\"@type\":\"PropertyValueSpecification\",\"valueRequired\":true,\"valueName\":\"search_term_string\"}}],\"inLanguage\":\"de-DE\"},{\"@type\":\"Organization\",\"@id\":\"https:\/\/osaka.ma\/#organization\",\"name\":\"Osaka\",\"url\":\"https:\/\/osaka.ma\/\",\"logo\":{\"@type\":\"ImageObject\",\"inLanguage\":\"de-DE\",\"@id\":\"https:\/\/osaka.ma\/#\/schema\/logo\/image\/\",\"url\":\"https:\/\/osaka.ma\/wp-content\/uploads\/2026\/01\/model-slogan-logo-2Plan-de-travail-1dksl-plus-finnn.png\",\"contentUrl\":\"https:\/\/osaka.ma\/wp-content\/uploads\/2026\/01\/model-slogan-logo-2Plan-de-travail-1dksl-plus-finnn.png\",\"width\":842,\"height\":226,\"caption\":\"Osaka\"},\"image\":{\"@id\":\"https:\/\/osaka.ma\/#\/schema\/logo\/image\/\"}}]}<\/script>\n<!-- \/ Yoast SEO plugin. -->","yoast_head_json":{"title":"ASUS PROART PA328QV 31.5\" IPS 2K - Osaka","robots":{"index":"index","follow":"follow","max-snippet":"max-snippet:-1","max-image-preview":"max-image-preview:large","max-video-preview":"max-video-preview:-1"},"canonical":"https:\/\/osaka.ma\/product\/asus-proart-pa328qv-31-5-ips-2k\/","og_locale":"de_DE","og_type":"article","og_title":"ASUS PROART PA328QV 31.5\" IPS 2K - Osaka","og_url":"https:\/\/osaka.ma\/product\/asus-proart-pa328qv-31-5-ips-2k\/","og_site_name":"Osaka","article_modified_time":"2025-06-27T09:35:57+00:00","og_image":[{"width":1600,"height":1600,"url":"https:\/\/osaka.ma\/wp-content\/uploads\/2024\/09\/ASUS-PROART-31.5.jpg","type":"image\/jpeg"}],"twitter_card":"summary_large_image","twitter_misc":{"Est. reading time":"5 minutes"},"schema":{"@context":"https:\/\/schema.org","@graph":[{"@type":"WebPage","@id":"https:\/\/osaka.ma\/product\/asus-proart-pa328qv-31-5-ips-2k\/","url":"https:\/\/osaka.ma\/product\/asus-proart-pa328qv-31-5-ips-2k\/","name":"ASUS PROART PA328QV 31.5\" IPS 2K - Osaka","isPartOf":{"@id":"https:\/\/osaka.ma\/#website"},"primaryImageOfPage":{"@id":"https:\/\/osaka.ma\/product\/asus-proart-pa328qv-31-5-ips-2k\/#primaryimage"},"image":{"@id":"https:\/\/osaka.ma\/product\/asus-proart-pa328qv-31-5-ips-2k\/#primaryimage"},"thumbnailUrl":"https:\/\/osaka.ma\/wp-content\/uploads\/2024\/09\/ASUS-PROART-31.5.jpg","datePublished":"2024-09-09T15:22:08+00:00","dateModified":"2025-06-27T09:35:57+00:00","breadcrumb":{"@id":"https:\/\/osaka.ma\/product\/asus-proart-pa328qv-31-5-ips-2k\/#breadcrumb"},"inLanguage":"de-DE","potentialAction":[{"@type":"ReadAction","target":["https:\/\/osaka.ma\/product\/asus-proart-pa328qv-31-5-ips-2k\/"]}]},{"@type":"ImageObject","inLanguage":"de-DE","@id":"https:\/\/osaka.ma\/product\/asus-proart-pa328qv-31-5-ips-2k\/#primaryimage","url":"https:\/\/osaka.ma\/wp-content\/uploads\/2024\/09\/ASUS-PROART-31.5.jpg","contentUrl":"https:\/\/osaka.ma\/wp-content\/uploads\/2024\/09\/ASUS-PROART-31.5.jpg","width":1600,"height":1600},{"@type":"BreadcrumbList","@id":"https:\/\/osaka.ma\/product\/asus-proart-pa328qv-31-5-ips-2k\/#breadcrumb","itemListElement":[{"@type":"ListItem","position":1,"name":"Home","item":"https:\/\/osaka.ma\/"},{"@type":"ListItem","position":2,"name":"Shop","item":"https:\/\/osaka.ma\/shop-2\/"},{"@type":"ListItem","position":3,"name":"ASUS PROART PA328QV 31.5&#8243; IPS 2K"}]},{"@type":"WebSite","@id":"https:\/\/osaka.ma\/#website","url":"https:\/\/osaka.ma\/","name":"Osaka","description":"","publisher":{"@id":"https:\/\/osaka.ma\/#organization"},"potentialAction":[{"@type":"SearchAction","target":{"@type":"EntryPoint","urlTemplate":"https:\/\/osaka.ma\/?s={search_term_string}"},"query-input":{"@type":"PropertyValueSpecification","valueRequired":true,"valueName":"search_term_string"}}],"inLanguage":"de-DE"},{"@type":"Organization","@id":"https:\/\/osaka.ma\/#organization","name":"Osaka","url":"https:\/\/osaka.ma\/","logo":{"@type":"ImageObject","inLanguage":"de-DE","@id":"https:\/\/osaka.ma\/#\/schema\/logo\/image\/","url":"https:\/\/osaka.ma\/wp-content\/uploads\/2026\/01\/model-slogan-logo-2Plan-de-travail-1dksl-plus-finnn.png","contentUrl":"https:\/\/osaka.ma\/wp-content\/uploads\/2026\/01\/model-slogan-logo-2Plan-de-travail-1dksl-plus-finnn.png","width":842,"height":226,"caption":"Osaka"},"image":{"@id":"https:\/\/osaka.ma\/#\/schema\/logo\/image\/"}}]}},"jetpack_sharing_enabled":true,"brands":[],"_links":{"self":[{"href":"https:\/\/osaka.ma\/de\/wp-json\/wp\/v2\/product\/10319","targetHints":{"allow":["GET"]}}],"collection":[{"href":"https:\/\/osaka.ma\/de\/wp-json\/wp\/v2\/product"}],"about":[{"href":"https:\/\/osaka.ma\/de\/wp-json\/wp\/v2\/types\/product"}],"version-history":[{"count":0,"href":"https:\/\/osaka.ma\/de\/wp-json\/wp\/v2\/product\/10319\/revisions"}],"wp:featuredmedia":[{"embeddable":true,"href":"https:\/\/osaka.ma\/de\/wp-json\/wp\/v2\/media\/1010320"}],"wp:attachment":[{"href":"https:\/\/osaka.ma\/de\/wp-json\/wp\/v2\/media?parent=10319"}],"wp:term":[{"taxonomy":"pwb-brand","embeddable":true,"href":"https:\/\/osaka.ma\/de\/wp-json\/wp\/v2\/pwb-brand?post=10319"},{"taxonomy":"product_brand","embeddable":true,"href":"https:\/\/osaka.ma\/de\/wp-json\/wp\/v2\/product_brand?post=10319"},{"taxonomy":"product_cat","embeddable":true,"href":"https:\/\/osaka.ma\/de\/wp-json\/wp\/v2\/product_cat?post=10319"},{"taxonomy":"product_tag","embeddable":true,"href":"https:\/\/osaka.ma\/de\/wp-json\/wp\/v2\/product_tag?post=10319"},{"taxonomy":"pcb_component_type","embeddable":true,"href":"https:\/\/osaka.ma\/de\/wp-json\/wp\/v2\/pcb_component_type?post=10319"}],"curies":[{"name":"wp","href":"https:\/\/api.w.org\/{rel}","templated":true}]}}