{"id":10362,"date":"2024-09-10T16:02:08","date_gmt":"2024-09-10T16:02:08","guid":{"rendered":"https:\/\/osaka.ma\/?post_type=product&#038;p=10362"},"modified":"2025-07-31T19:03:08","modified_gmt":"2025-07-31T18:03:08","slug":"beats-solo-3-wireless-noir","status":"publish","type":"product","link":"https:\/\/osaka.ma\/de\/product\/beats-solo-3-wireless-noir\/","title":{"rendered":"Beats Solo 3 Wireless Noir"},"content":{"rendered":"<div class=\"logo\"><img decoding=\"async\" src=\"https:\/\/media.ldlc.com\/v3\/marque\/bo\/00\/01\/44\/72\/V30001447298_2.jpg\" alt=\"Beats by Dr. Dre\" \/><\/div>\n<div id=\"description\" class=\"description\">\n<h2>Le choix id\u00e9al pour vos activit\u00e9s au quotidien<\/h2>\n<p>Offrez-vous la libert\u00e9 du sans fil avec le casque\u00a0<strong>Beats Solo 3 Wireless<\/strong>. Parfait pour vous accompagner dans votre vie \u00e0 cent \u00e0 l&#8217;heure, laissez-vous porter par l&#8217;\u00e9motion du meilleur de votre musique gr\u00e2ce \u00e0 un son limpide et dynamique. Et pour un confort au quotidien, la structure r\u00e9glable et les oreillettes confortables du Solo 3 Wireless seront des alli\u00e9s de choix pour vos activit\u00e9s au quotidien.<\/p>\n<\/div>\n<div><\/div>\n<div><\/div>\n<div><\/div>\n<div><\/div>\n<div><\/div>\n<div>\n<h2>Jusqu&#8217;\u00e0 40 heures d&#8217;autonomie<\/h2>\n<div>\n<p>Oubliez les contraintes des casques filaires avec le Beats Solo 3 Wireless. D\u00e9branchez votre casque,\u00a0couplez-le \u00e0 votre source audio\u00a0<strong>Bluetooth\u00a0<\/strong>et d\u00e9placez-vous en toute libert\u00e9. Int\u00e9grant la nouvelle technologie Apple W1, b\u00e9n\u00e9ficiez d&#8217;<strong>une autonomie de 40 heures<\/strong>\u00a0! Pas de panique en cas de batterie faible,\u00a0<strong>une recharge Fast Fuel de 5 minutes vous assure jusqu&#8217;\u00e0 trois heures d&#8217;autonomie<\/strong>.<\/p>\n<p>De plus, prenez des appels en gardant les mains libres gr\u00e2ce au\u00a0<strong>micro int\u00e9gr\u00e9<\/strong>\u00a0et utilisez les\u00a0<strong>commandes int\u00e9gr\u00e9es aux \u00e9couteurs<\/strong>\u00a0pour r\u00e9gler votre exp\u00e9rience d&#8217;\u00e9coute sans toucher votre source audio.<\/p>\n<\/div>\n<p>&nbsp;<\/p>\n<\/div>\n<div>\n<h2>Vivez la musique<\/h2>\n<div>\n<p>Durable et compacte, la structure\u00a0du casque\u00a0<strong>Solo 3 Wireless<\/strong>\u00a0en fait le nec plus ultra des accessoires mobiles. Que vous soyez en train de voyager dans le m\u00e9tro, de danser dans votre salon ou de travailler dans votre bureau, vous n&#8217;aurez jamais \u00e0 vous soucier de d\u00e9m\u00ealer un fil.\u00a0Ce\u00a0<strong>casque haut de gamme<\/strong>\u00a0s&#8217;adapte \u00e0 votre mode de vie, partout o\u00f9 vous l&#8217;emmenez !<\/p>\n<p>Quant aux\u00a0<strong>oreillettes rembourr\u00e9es<\/strong>, elles att\u00e9nuent les bruits ext\u00e9rieurs pour vous garantir une parfaite immersion dans le monde de la musique.<\/p>\n<h2>Caract\u00e9ristiques principales :<\/h2>\n<ul>\n<li><b>Jusqu&#8217;\u00e0 40 heures d&#8217;autonomie pour une \u00e9coute sans limite<\/b><\/li>\n<li><strong>Oreillettes rembourr\u00e9es pour un confort in\u00e9gal\u00e9<\/strong><\/li>\n<li>Courbes fluides pour un port personnalis\u00e9 confortable<\/li>\n<li><strong>Design durable, compact et pliable<\/strong>\u00a0: transport facilit\u00e9<\/li>\n<li><strong>Recharge Fast Fuel<\/strong>\u00a0pour vous offrir 3 heures d&#8217;\u00e9coute en seulement 5 minutes de rechargement<\/li>\n<li>Micro et commandes int\u00e9gr\u00e9s au casque : gestion des appels mains libres<\/li>\n<li>Indicateur de niveau de charge<\/li>\n<li>Poids : 215 g<\/li>\n<li>Neuf<\/li>\n<\/ul>\n<\/div>\n<\/div>\n","protected":false},"excerpt":{"rendered":"<h2>Caract\u00e9ristiques principales :<\/h2>\n<ul>\n<li><b>Jusqu&#8217;\u00e0 40 heures d&#8217;autonomie pour une \u00e9coute sans limite<\/b><\/li>\n<li><strong>Oreillettes rembourr\u00e9es pour un confort in\u00e9gal\u00e9<\/strong><\/li>\n<li>Courbes fluides pour un port personnalis\u00e9 confortable<\/li>\n<li><strong>Design durable, compact et pliable<\/strong>\u00a0: transport facilit\u00e9<\/li>\n<li><strong>Recharge Fast Fuel<\/strong>\u00a0pour vous offrir 3 heures d&#8217;\u00e9coute en seulement 5 minutes de rechargement<\/li>\n<li>Micro et commandes int\u00e9gr\u00e9s au casque : gestion des appels mains libres<\/li>\n<li>Indicateur de niveau de charge<\/li>\n<li>Poids : 215 g<\/li>\n<li>Neuf<\/li>\n<\/ul>\n","protected":false},"featured_media":1010367,"template":"","meta":{"_acf_changed":false},"pwb-brand":[],"product_brand":[],"product_cat":[31,39],"product_tag":[],"pcb_component_type":[],"class_list":{"0":"post-10362","1":"product","2":"type-product","3":"status-publish","4":"has-post-thumbnail","6":"product_cat-accessoires","7":"product_cat-casques","9":"first","10":"outofstock","11":"shipping-taxable","12":"product-type-simple"},"translation":{"provider":"WPGlobus","version":"3.0.2","language":"de","enabled_languages":["en","es","de","fr","ru"],"languages":{"en":{"title":true,"content":true,"excerpt":true},"es":{"title":false,"content":false,"excerpt":false},"de":{"title":false,"content":false,"excerpt":false},"fr":{"title":false,"content":false,"excerpt":false},"ru":{"title":false,"content":false,"excerpt":false}}},"acf":[],"yoast_head":"<!-- This site is optimized with the Yoast SEO plugin v27.2 - https:\/\/yoast.com\/product\/yoast-seo-wordpress\/ -->\n<title>Beats Solo 3 Wireless Noir - Osaka<\/title>\n<meta name=\"robots\" content=\"index, follow, max-snippet:-1, max-image-preview:large, max-video-preview:-1\" \/>\n<link rel=\"canonical\" href=\"https:\/\/osaka.ma\/product\/beats-solo-3-wireless-noir\/\" \/>\n<meta property=\"og:locale\" content=\"de_DE\" \/>\n<meta property=\"og:type\" content=\"article\" \/>\n<meta property=\"og:title\" content=\"Beats Solo 3 Wireless Noir - Osaka\" \/>\n<meta property=\"og:url\" content=\"https:\/\/osaka.ma\/product\/beats-solo-3-wireless-noir\/\" \/>\n<meta property=\"og:site_name\" content=\"Osaka\" \/>\n<meta property=\"article:modified_time\" content=\"2025-07-31T18:03:08+00:00\" \/>\n<meta property=\"og:image\" content=\"https:\/\/osaka.ma\/wp-content\/uploads\/2024\/09\/Beats-Solo-3-Wireless-Noir3.jpg\" \/>\n\t<meta property=\"og:image:width\" content=\"1600\" \/>\n\t<meta property=\"og:image:height\" content=\"1600\" \/>\n\t<meta property=\"og:image:type\" content=\"image\/jpeg\" \/>\n<meta name=\"twitter:card\" content=\"summary_large_image\" \/>\n<meta name=\"twitter:label1\" content=\"Est. reading time\" \/>\n\t<meta name=\"twitter:data1\" content=\"2 minutes\" \/>\n<script type=\"application\/ld+json\" class=\"yoast-schema-graph\">{\"@context\":\"https:\/\/schema.org\",\"@graph\":[{\"@type\":\"WebPage\",\"@id\":\"https:\/\/osaka.ma\/product\/beats-solo-3-wireless-noir\/\",\"url\":\"https:\/\/osaka.ma\/product\/beats-solo-3-wireless-noir\/\",\"name\":\"Beats Solo 3 Wireless Noir - Osaka\",\"isPartOf\":{\"@id\":\"https:\/\/osaka.ma\/#website\"},\"primaryImageOfPage\":{\"@id\":\"https:\/\/osaka.ma\/product\/beats-solo-3-wireless-noir\/#primaryimage\"},\"image\":{\"@id\":\"https:\/\/osaka.ma\/product\/beats-solo-3-wireless-noir\/#primaryimage\"},\"thumbnailUrl\":\"https:\/\/osaka.ma\/wp-content\/uploads\/2024\/09\/Beats-Solo-3-Wireless-Noir3.jpg\",\"datePublished\":\"2024-09-10T16:02:08+00:00\",\"dateModified\":\"2025-07-31T18:03:08+00:00\",\"breadcrumb\":{\"@id\":\"https:\/\/osaka.ma\/product\/beats-solo-3-wireless-noir\/#breadcrumb\"},\"inLanguage\":\"de-DE\",\"potentialAction\":[{\"@type\":\"ReadAction\",\"target\":[\"https:\/\/osaka.ma\/product\/beats-solo-3-wireless-noir\/\"]}]},{\"@type\":\"ImageObject\",\"inLanguage\":\"de-DE\",\"@id\":\"https:\/\/osaka.ma\/product\/beats-solo-3-wireless-noir\/#primaryimage\",\"url\":\"https:\/\/osaka.ma\/wp-content\/uploads\/2024\/09\/Beats-Solo-3-Wireless-Noir3.jpg\",\"contentUrl\":\"https:\/\/osaka.ma\/wp-content\/uploads\/2024\/09\/Beats-Solo-3-Wireless-Noir3.jpg\",\"width\":1600,\"height\":1600},{\"@type\":\"BreadcrumbList\",\"@id\":\"https:\/\/osaka.ma\/product\/beats-solo-3-wireless-noir\/#breadcrumb\",\"itemListElement\":[{\"@type\":\"ListItem\",\"position\":1,\"name\":\"Home\",\"item\":\"https:\/\/osaka.ma\/\"},{\"@type\":\"ListItem\",\"position\":2,\"name\":\"Shop\",\"item\":\"https:\/\/osaka.ma\/shop-2\/\"},{\"@type\":\"ListItem\",\"position\":3,\"name\":\"Beats Solo 3 Wireless Noir\"}]},{\"@type\":\"WebSite\",\"@id\":\"https:\/\/osaka.ma\/#website\",\"url\":\"https:\/\/osaka.ma\/\",\"name\":\"Osaka\",\"description\":\"\",\"publisher\":{\"@id\":\"https:\/\/osaka.ma\/#organization\"},\"potentialAction\":[{\"@type\":\"SearchAction\",\"target\":{\"@type\":\"EntryPoint\",\"urlTemplate\":\"https:\/\/osaka.ma\/?s={search_term_string}\"},\"query-input\":{\"@type\":\"PropertyValueSpecification\",\"valueRequired\":true,\"valueName\":\"search_term_string\"}}],\"inLanguage\":\"de-DE\"},{\"@type\":\"Organization\",\"@id\":\"https:\/\/osaka.ma\/#organization\",\"name\":\"Osaka\",\"url\":\"https:\/\/osaka.ma\/\",\"logo\":{\"@type\":\"ImageObject\",\"inLanguage\":\"de-DE\",\"@id\":\"https:\/\/osaka.ma\/#\/schema\/logo\/image\/\",\"url\":\"https:\/\/osaka.ma\/wp-content\/uploads\/2026\/01\/model-slogan-logo-2Plan-de-travail-1dksl-plus-finnn.png\",\"contentUrl\":\"https:\/\/osaka.ma\/wp-content\/uploads\/2026\/01\/model-slogan-logo-2Plan-de-travail-1dksl-plus-finnn.png\",\"width\":842,\"height\":226,\"caption\":\"Osaka\"},\"image\":{\"@id\":\"https:\/\/osaka.ma\/#\/schema\/logo\/image\/\"}}]}<\/script>\n<!-- \/ Yoast SEO plugin. -->","yoast_head_json":{"title":"Beats Solo 3 Wireless Noir - Osaka","robots":{"index":"index","follow":"follow","max-snippet":"max-snippet:-1","max-image-preview":"max-image-preview:large","max-video-preview":"max-video-preview:-1"},"canonical":"https:\/\/osaka.ma\/product\/beats-solo-3-wireless-noir\/","og_locale":"de_DE","og_type":"article","og_title":"Beats Solo 3 Wireless Noir - Osaka","og_url":"https:\/\/osaka.ma\/product\/beats-solo-3-wireless-noir\/","og_site_name":"Osaka","article_modified_time":"2025-07-31T18:03:08+00:00","og_image":[{"width":1600,"height":1600,"url":"https:\/\/osaka.ma\/wp-content\/uploads\/2024\/09\/Beats-Solo-3-Wireless-Noir3.jpg","type":"image\/jpeg"}],"twitter_card":"summary_large_image","twitter_misc":{"Est. reading time":"2 minutes"},"schema":{"@context":"https:\/\/schema.org","@graph":[{"@type":"WebPage","@id":"https:\/\/osaka.ma\/product\/beats-solo-3-wireless-noir\/","url":"https:\/\/osaka.ma\/product\/beats-solo-3-wireless-noir\/","name":"Beats Solo 3 Wireless Noir - Osaka","isPartOf":{"@id":"https:\/\/osaka.ma\/#website"},"primaryImageOfPage":{"@id":"https:\/\/osaka.ma\/product\/beats-solo-3-wireless-noir\/#primaryimage"},"image":{"@id":"https:\/\/osaka.ma\/product\/beats-solo-3-wireless-noir\/#primaryimage"},"thumbnailUrl":"https:\/\/osaka.ma\/wp-content\/uploads\/2024\/09\/Beats-Solo-3-Wireless-Noir3.jpg","datePublished":"2024-09-10T16:02:08+00:00","dateModified":"2025-07-31T18:03:08+00:00","breadcrumb":{"@id":"https:\/\/osaka.ma\/product\/beats-solo-3-wireless-noir\/#breadcrumb"},"inLanguage":"de-DE","potentialAction":[{"@type":"ReadAction","target":["https:\/\/osaka.ma\/product\/beats-solo-3-wireless-noir\/"]}]},{"@type":"ImageObject","inLanguage":"de-DE","@id":"https:\/\/osaka.ma\/product\/beats-solo-3-wireless-noir\/#primaryimage","url":"https:\/\/osaka.ma\/wp-content\/uploads\/2024\/09\/Beats-Solo-3-Wireless-Noir3.jpg","contentUrl":"https:\/\/osaka.ma\/wp-content\/uploads\/2024\/09\/Beats-Solo-3-Wireless-Noir3.jpg","width":1600,"height":1600},{"@type":"BreadcrumbList","@id":"https:\/\/osaka.ma\/product\/beats-solo-3-wireless-noir\/#breadcrumb","itemListElement":[{"@type":"ListItem","position":1,"name":"Home","item":"https:\/\/osaka.ma\/"},{"@type":"ListItem","position":2,"name":"Shop","item":"https:\/\/osaka.ma\/shop-2\/"},{"@type":"ListItem","position":3,"name":"Beats Solo 3 Wireless Noir"}]},{"@type":"WebSite","@id":"https:\/\/osaka.ma\/#website","url":"https:\/\/osaka.ma\/","name":"Osaka","description":"","publisher":{"@id":"https:\/\/osaka.ma\/#organization"},"potentialAction":[{"@type":"SearchAction","target":{"@type":"EntryPoint","urlTemplate":"https:\/\/osaka.ma\/?s={search_term_string}"},"query-input":{"@type":"PropertyValueSpecification","valueRequired":true,"valueName":"search_term_string"}}],"inLanguage":"de-DE"},{"@type":"Organization","@id":"https:\/\/osaka.ma\/#organization","name":"Osaka","url":"https:\/\/osaka.ma\/","logo":{"@type":"ImageObject","inLanguage":"de-DE","@id":"https:\/\/osaka.ma\/#\/schema\/logo\/image\/","url":"https:\/\/osaka.ma\/wp-content\/uploads\/2026\/01\/model-slogan-logo-2Plan-de-travail-1dksl-plus-finnn.png","contentUrl":"https:\/\/osaka.ma\/wp-content\/uploads\/2026\/01\/model-slogan-logo-2Plan-de-travail-1dksl-plus-finnn.png","width":842,"height":226,"caption":"Osaka"},"image":{"@id":"https:\/\/osaka.ma\/#\/schema\/logo\/image\/"}}]}},"jetpack_sharing_enabled":true,"brands":[],"_links":{"self":[{"href":"https:\/\/osaka.ma\/de\/wp-json\/wp\/v2\/product\/10362","targetHints":{"allow":["GET"]}}],"collection":[{"href":"https:\/\/osaka.ma\/de\/wp-json\/wp\/v2\/product"}],"about":[{"href":"https:\/\/osaka.ma\/de\/wp-json\/wp\/v2\/types\/product"}],"version-history":[{"count":0,"href":"https:\/\/osaka.ma\/de\/wp-json\/wp\/v2\/product\/10362\/revisions"}],"wp:featuredmedia":[{"embeddable":true,"href":"https:\/\/osaka.ma\/de\/wp-json\/wp\/v2\/media\/1010367"}],"wp:attachment":[{"href":"https:\/\/osaka.ma\/de\/wp-json\/wp\/v2\/media?parent=10362"}],"wp:term":[{"taxonomy":"pwb-brand","embeddable":true,"href":"https:\/\/osaka.ma\/de\/wp-json\/wp\/v2\/pwb-brand?post=10362"},{"taxonomy":"product_brand","embeddable":true,"href":"https:\/\/osaka.ma\/de\/wp-json\/wp\/v2\/product_brand?post=10362"},{"taxonomy":"product_cat","embeddable":true,"href":"https:\/\/osaka.ma\/de\/wp-json\/wp\/v2\/product_cat?post=10362"},{"taxonomy":"product_tag","embeddable":true,"href":"https:\/\/osaka.ma\/de\/wp-json\/wp\/v2\/product_tag?post=10362"},{"taxonomy":"pcb_component_type","embeddable":true,"href":"https:\/\/osaka.ma\/de\/wp-json\/wp\/v2\/pcb_component_type?post=10362"}],"curies":[{"name":"wp","href":"https:\/\/api.w.org\/{rel}","templated":true}]}}