{"id":10446,"date":"2024-09-17T15:34:55","date_gmt":"2024-09-17T15:34:55","guid":{"rendered":"https:\/\/osaka.ma\/?post_type=product&#038;p=10446"},"modified":"2024-12-18T15:36:20","modified_gmt":"2024-12-18T15:36:20","slug":"samsung-galaxy-book-4-intel-core-7-16gb-512gb-15-6","status":"publish","type":"product","link":"https:\/\/osaka.ma\/de\/product\/samsung-galaxy-book-4-intel-core-7-16gb-512gb-15-6\/","title":{"rendered":"SAMSUNG GALAXY BOOK 4 INTEL CORE 7 16GB 512GB 15.6&#8243;"},"content":{"rendered":"<div class=\"logo\"><a href=\"https:\/\/www.ldlc.com\/samsung\/bint000001080\/\" rel=\"nofollow noopener\" target=\"_blank\"><img decoding=\"async\" src=\"https:\/\/media.ldlc.com\/v3\/marque\/bo\/00\/06\/07\/33\/V30006073318.jpg\" alt=\"Samsung\" \/><\/a><\/div>\n<div id=\"description\" class=\"description\">\n<div class=\"details-pdt-desc\">\n<h2 class=\"h2-master\">Mobilit\u00e9, performance et confort r\u00e9unis<\/h2>\n<section>Le Samsung Galaxy Book4 360 est un ordinateur portable convertible de 15.6 pouces fin et l\u00e9ger, tactile et compatible avec le S Pen (inclus). Ce dernier, gr\u00e2ce \u00e0 son temps de latence ultra-faible, vous permet de b\u00e9n\u00e9ficier d&#8217;une exp\u00e9rience d&#8217;\u00e9criture et de dessin fluide comme sur du papier.<br \/>\n<\/section>\n<section>\n<div class=\"desc-image\"><img decoding=\"async\" src=\"https:\/\/media.ldlc.com\/bo\/images\/fiches\/pc_portables\/samsung\/galaxy_book4_360\/801.jpg\" alt=\"\" \/><\/div>\n<div class=\"desc-text\">\n<h2>Alliance de performance et de mobilit\u00e9<\/h2>\n<p>Certifi\u00e9 Intel Evo, le PC portable convertible Samsung Galaxy Book4 360 offre les performances spectaculaires dont vous avez besoin pour votre travail. Il int\u00e8gre un processeur Intel Core Raptor Lake, offre des graphismes superbes via son \u00e9cran OLED de 15.6&#8243; et b\u00e9n\u00e9ficie d&#8217;un syst\u00e8me de refroidissement performant, pour permettre \u00e0 votre ordinateur de fonctionner de mani\u00e8re silencieuse et sans surchauffe.<\/p>\n<\/div>\n<\/section>\n<section>\n<div class=\"desc-text\">\n<h2>\u00c9cran OLED tactile Full HD<\/h2>\n<p>L&#8217;\u00e9cran du Galaxy Book4 360 prend vie gr\u00e2ce \u00e0 une dalle tactile Full HD OLED ! Avec dalle lumineuse (370 nits) et un niveau de couleur sup\u00e9rieur, vous pouvez voir des couleurs plus vives et des contrastes profonds qui font ressortir les d\u00e9tails, pour une exp\u00e9rience visuelle incroyable dans votre travail.<\/p>\n<\/div>\n<div class=\"desc-image\"><img decoding=\"async\" src=\"https:\/\/media.ldlc.com\/bo\/images\/fiches\/pc_portables\/samsung\/galaxy_book4_360\/802.jpg\" alt=\"\" \/><\/div>\n<\/section>\n<section>\n<div class=\"desc-image\"><img decoding=\"async\" src=\"https:\/\/media.ldlc.com\/bo\/images\/fiches\/pc_portables\/samsung\/galaxy_book4_360\/803.jpg\" alt=\"\" \/><\/div>\n<div class=\"desc-text\">\n<h2>Communication de grande qualit\u00e9<\/h2>\n<p>Faites bonne impression lors de vos conf\u00e9rences vid\u00e9o avec le Galaxy Book4 360. O\u00f9 que vous soyez, comptez sur une cam\u00e9ra Full HD et sur la fonctionnalit\u00e9 de cadrage automatique pour \u00eatre toujours \u00e0 votre avantage. La cam\u00e9ra 1080p, combin\u00e9e aux haut-parleurs compatibles Dolby Atmos et \u00e0 la technologie de r\u00e9duction de bruits environnants intelligente, vous permet de vivre une exp\u00e9rience tout \u00e0 fait immersive.<\/p>\n<\/div>\n<\/section>\n<section>\n<h2>Caract\u00e9ristiques principales :<\/h2>\n<ul>\n<li><strong>Processeur Intel Core 7-150U<\/strong>\u00a0(2 Performance-Cores 1.8 GHz \/ 5.4 GHz Turbo + 8 Efficient-Cores 1.2 GHz \/ 4 GHz Turbo &#8211; 12 Threads &#8211; Cache 12 Mo)<\/li>\n<li>16 Go de m\u00e9moire<\/li>\n<li><strong>\u00c9cran OLED tactile de 15.6 pouces<\/strong>\u00a0avec r\u00e9solution Full HD (1920 x 1080)<\/li>\n<li>Sortie HDMI, pour la connexion \u00e0 un \u00e9cran externe<\/li>\n<li><strong>SSD M.2 PCIe de 512 Go<\/strong><\/li>\n<li>Communication sans fil\u00a0<strong>Wi-Fi 6E<\/strong>\u00a0+\u00a0<strong>Bluetooth 5.3<\/strong><\/li>\n<li>2 connecteurs Thunderbolt 4 (USB-C)<\/li>\n<li>Lecteur de cartes m\u00e9moire MicroSD int\u00e9gr\u00e9<\/li>\n<li>Webcam Full HD int\u00e9gr\u00e9e<\/li>\n<li>S\u00e9curit\u00e9 : Puce TPM et lecteur d&#8217;empreinte digitale<\/li>\n<li>Chargeur 65 W pour connecteur USB Type-C<\/li>\n<li><strong>Windows 11<\/strong><\/li>\n<li>Neuf avec Emballage<\/li>\n<\/ul>\n<\/section>\n<\/div>\n<\/div>\n","protected":false},"excerpt":{"rendered":"<h2>Caract\u00e9ristiques principales :<\/h2>\n<ul>\n<li><strong>Processeur Intel Core 7-150U<\/strong>\u00a0(2 Performance-Cores 1.8 GHz \/ 5.4 GHz Turbo + 8 Efficient-Cores 1.2 GHz \/ 4 GHz Turbo &#8211; 12 Threads &#8211; Cache 12 Mo)<\/li>\n<li>16 Go de m\u00e9moire<\/li>\n<li><strong>\u00c9cran OLED tactile de 15.6 pouces<\/strong>\u00a0avec r\u00e9solution Full HD (1920 x 1080)<\/li>\n<li>Sortie HDMI, pour la connexion \u00e0 un \u00e9cran externe<\/li>\n<li><strong>SSD M.2 PCIe de 512 Go<\/strong><\/li>\n<li>Communication sans fil\u00a0<strong>Wi-Fi 6E<\/strong>\u00a0+\u00a0<strong>Bluetooth 5.3<\/strong><\/li>\n<li>2 connecteurs Thunderbolt 4 (USB-C)<\/li>\n<li>Lecteur de cartes m\u00e9moire MicroSD int\u00e9gr\u00e9<\/li>\n<li>Webcam Full HD int\u00e9gr\u00e9e<\/li>\n<li>S\u00e9curit\u00e9 : Puce TPM et lecteur d&#8217;empreinte digitale<\/li>\n<li>Chargeur 65 W pour connecteur USB Type-C<\/li>\n<li><strong>Windows 11<\/strong><\/li>\n<li>Neuf avec Emballage<\/li>\n<\/ul>\n","protected":false},"featured_media":1010447,"template":"","meta":{"_acf_changed":false},"pwb-brand":[],"product_brand":[],"product_cat":[121,126],"product_tag":[],"pcb_component_type":[],"class_list":{"0":"post-10446","1":"product","2":"type-product","3":"status-publish","4":"has-post-thumbnail","6":"product_cat-pc-portable","7":"product_cat-professional","9":"first","10":"outofstock","11":"shipping-taxable","12":"product-type-simple"},"translation":{"provider":"WPGlobus","version":"3.0.2","language":"de","enabled_languages":["en","es","de","fr","ru"],"languages":{"en":{"title":true,"content":true,"excerpt":true},"es":{"title":false,"content":false,"excerpt":false},"de":{"title":false,"content":false,"excerpt":false},"fr":{"title":false,"content":false,"excerpt":false},"ru":{"title":false,"content":false,"excerpt":false}}},"acf":[],"yoast_head":"<!-- This site is optimized with the Yoast SEO plugin v27.2 - https:\/\/yoast.com\/product\/yoast-seo-wordpress\/ -->\n<title>SAMSUNG GALAXY BOOK 4 INTEL CORE 7 16GB 512GB 15.6&quot; - Osaka<\/title>\n<meta name=\"robots\" content=\"index, follow, max-snippet:-1, max-image-preview:large, max-video-preview:-1\" \/>\n<link rel=\"canonical\" href=\"https:\/\/osaka.ma\/es\/product\/samsung-galaxy-book-4-intel-core-7-16gb-512gb-15-6\/\" \/>\n<meta property=\"og:locale\" content=\"de_DE\" \/>\n<meta property=\"og:type\" content=\"article\" \/>\n<meta property=\"og:title\" content=\"SAMSUNG GALAXY BOOK 4 INTEL CORE 7 16GB 512GB 15.6&quot; - Osaka\" \/>\n<meta property=\"og:url\" content=\"https:\/\/osaka.ma\/es\/product\/samsung-galaxy-book-4-intel-core-7-16gb-512gb-15-6\/\" \/>\n<meta property=\"og:site_name\" content=\"Osaka\" \/>\n<meta property=\"article:modified_time\" content=\"2024-12-18T15:36:20+00:00\" \/>\n<meta property=\"og:image\" content=\"https:\/\/osaka.ma\/wp-content\/uploads\/2024\/09\/Samsung-Galaxy-Book-4.jpg\" \/>\n\t<meta property=\"og:image:width\" content=\"953\" \/>\n\t<meta property=\"og:image:height\" content=\"853\" \/>\n\t<meta property=\"og:image:type\" content=\"image\/jpeg\" \/>\n<meta name=\"twitter:card\" content=\"summary_large_image\" \/>\n<meta name=\"twitter:label1\" content=\"Est. reading time\" \/>\n\t<meta name=\"twitter:data1\" content=\"3 minutes\" \/>\n<script type=\"application\/ld+json\" class=\"yoast-schema-graph\">{\"@context\":\"https:\/\/schema.org\",\"@graph\":[{\"@type\":\"WebPage\",\"@id\":\"https:\/\/osaka.ma\/es\/product\/samsung-galaxy-book-4-intel-core-7-16gb-512gb-15-6\/\",\"url\":\"https:\/\/osaka.ma\/es\/product\/samsung-galaxy-book-4-intel-core-7-16gb-512gb-15-6\/\",\"name\":\"SAMSUNG GALAXY BOOK 4 INTEL CORE 7 16GB 512GB 15.6\\\" - Osaka\",\"isPartOf\":{\"@id\":\"https:\/\/osaka.ma\/#website\"},\"primaryImageOfPage\":{\"@id\":\"https:\/\/osaka.ma\/es\/product\/samsung-galaxy-book-4-intel-core-7-16gb-512gb-15-6\/#primaryimage\"},\"image\":{\"@id\":\"https:\/\/osaka.ma\/es\/product\/samsung-galaxy-book-4-intel-core-7-16gb-512gb-15-6\/#primaryimage\"},\"thumbnailUrl\":\"https:\/\/osaka.ma\/wp-content\/uploads\/2024\/09\/Samsung-Galaxy-Book-4.jpg\",\"datePublished\":\"2024-09-17T15:34:55+00:00\",\"dateModified\":\"2024-12-18T15:36:20+00:00\",\"breadcrumb\":{\"@id\":\"https:\/\/osaka.ma\/es\/product\/samsung-galaxy-book-4-intel-core-7-16gb-512gb-15-6\/#breadcrumb\"},\"inLanguage\":\"de-DE\",\"potentialAction\":[{\"@type\":\"ReadAction\",\"target\":[\"https:\/\/osaka.ma\/es\/product\/samsung-galaxy-book-4-intel-core-7-16gb-512gb-15-6\/\"]}]},{\"@type\":\"ImageObject\",\"inLanguage\":\"de-DE\",\"@id\":\"https:\/\/osaka.ma\/es\/product\/samsung-galaxy-book-4-intel-core-7-16gb-512gb-15-6\/#primaryimage\",\"url\":\"https:\/\/osaka.ma\/wp-content\/uploads\/2024\/09\/Samsung-Galaxy-Book-4.jpg\",\"contentUrl\":\"https:\/\/osaka.ma\/wp-content\/uploads\/2024\/09\/Samsung-Galaxy-Book-4.jpg\",\"width\":953,\"height\":853},{\"@type\":\"BreadcrumbList\",\"@id\":\"https:\/\/osaka.ma\/es\/product\/samsung-galaxy-book-4-intel-core-7-16gb-512gb-15-6\/#breadcrumb\",\"itemListElement\":[{\"@type\":\"ListItem\",\"position\":1,\"name\":\"Home\",\"item\":\"https:\/\/osaka.ma\/\"},{\"@type\":\"ListItem\",\"position\":2,\"name\":\"Shop\",\"item\":\"https:\/\/osaka.ma\/shop-2\/\"},{\"@type\":\"ListItem\",\"position\":3,\"name\":\"SAMSUNG GALAXY BOOK 4 INTEL CORE 7 16GB 512GB 15.6&#8243;\"}]},{\"@type\":\"WebSite\",\"@id\":\"https:\/\/osaka.ma\/#website\",\"url\":\"https:\/\/osaka.ma\/\",\"name\":\"Osaka\",\"description\":\"\",\"publisher\":{\"@id\":\"https:\/\/osaka.ma\/#organization\"},\"potentialAction\":[{\"@type\":\"SearchAction\",\"target\":{\"@type\":\"EntryPoint\",\"urlTemplate\":\"https:\/\/osaka.ma\/?s={search_term_string}\"},\"query-input\":{\"@type\":\"PropertyValueSpecification\",\"valueRequired\":true,\"valueName\":\"search_term_string\"}}],\"inLanguage\":\"de-DE\"},{\"@type\":\"Organization\",\"@id\":\"https:\/\/osaka.ma\/#organization\",\"name\":\"Osaka\",\"url\":\"https:\/\/osaka.ma\/\",\"logo\":{\"@type\":\"ImageObject\",\"inLanguage\":\"de-DE\",\"@id\":\"https:\/\/osaka.ma\/#\/schema\/logo\/image\/\",\"url\":\"https:\/\/osaka.ma\/wp-content\/uploads\/2026\/01\/model-slogan-logo-2Plan-de-travail-1dksl-plus-finnn.png\",\"contentUrl\":\"https:\/\/osaka.ma\/wp-content\/uploads\/2026\/01\/model-slogan-logo-2Plan-de-travail-1dksl-plus-finnn.png\",\"width\":842,\"height\":226,\"caption\":\"Osaka\"},\"image\":{\"@id\":\"https:\/\/osaka.ma\/#\/schema\/logo\/image\/\"}}]}<\/script>\n<!-- \/ Yoast SEO plugin. -->","yoast_head_json":{"title":"SAMSUNG GALAXY BOOK 4 INTEL CORE 7 16GB 512GB 15.6\" - Osaka","robots":{"index":"index","follow":"follow","max-snippet":"max-snippet:-1","max-image-preview":"max-image-preview:large","max-video-preview":"max-video-preview:-1"},"canonical":"https:\/\/osaka.ma\/es\/product\/samsung-galaxy-book-4-intel-core-7-16gb-512gb-15-6\/","og_locale":"de_DE","og_type":"article","og_title":"SAMSUNG GALAXY BOOK 4 INTEL CORE 7 16GB 512GB 15.6\" - Osaka","og_url":"https:\/\/osaka.ma\/es\/product\/samsung-galaxy-book-4-intel-core-7-16gb-512gb-15-6\/","og_site_name":"Osaka","article_modified_time":"2024-12-18T15:36:20+00:00","og_image":[{"width":953,"height":853,"url":"https:\/\/osaka.ma\/wp-content\/uploads\/2024\/09\/Samsung-Galaxy-Book-4.jpg","type":"image\/jpeg"}],"twitter_card":"summary_large_image","twitter_misc":{"Est. reading time":"3 minutes"},"schema":{"@context":"https:\/\/schema.org","@graph":[{"@type":"WebPage","@id":"https:\/\/osaka.ma\/es\/product\/samsung-galaxy-book-4-intel-core-7-16gb-512gb-15-6\/","url":"https:\/\/osaka.ma\/es\/product\/samsung-galaxy-book-4-intel-core-7-16gb-512gb-15-6\/","name":"SAMSUNG GALAXY BOOK 4 INTEL CORE 7 16GB 512GB 15.6\" - Osaka","isPartOf":{"@id":"https:\/\/osaka.ma\/#website"},"primaryImageOfPage":{"@id":"https:\/\/osaka.ma\/es\/product\/samsung-galaxy-book-4-intel-core-7-16gb-512gb-15-6\/#primaryimage"},"image":{"@id":"https:\/\/osaka.ma\/es\/product\/samsung-galaxy-book-4-intel-core-7-16gb-512gb-15-6\/#primaryimage"},"thumbnailUrl":"https:\/\/osaka.ma\/wp-content\/uploads\/2024\/09\/Samsung-Galaxy-Book-4.jpg","datePublished":"2024-09-17T15:34:55+00:00","dateModified":"2024-12-18T15:36:20+00:00","breadcrumb":{"@id":"https:\/\/osaka.ma\/es\/product\/samsung-galaxy-book-4-intel-core-7-16gb-512gb-15-6\/#breadcrumb"},"inLanguage":"de-DE","potentialAction":[{"@type":"ReadAction","target":["https:\/\/osaka.ma\/es\/product\/samsung-galaxy-book-4-intel-core-7-16gb-512gb-15-6\/"]}]},{"@type":"ImageObject","inLanguage":"de-DE","@id":"https:\/\/osaka.ma\/es\/product\/samsung-galaxy-book-4-intel-core-7-16gb-512gb-15-6\/#primaryimage","url":"https:\/\/osaka.ma\/wp-content\/uploads\/2024\/09\/Samsung-Galaxy-Book-4.jpg","contentUrl":"https:\/\/osaka.ma\/wp-content\/uploads\/2024\/09\/Samsung-Galaxy-Book-4.jpg","width":953,"height":853},{"@type":"BreadcrumbList","@id":"https:\/\/osaka.ma\/es\/product\/samsung-galaxy-book-4-intel-core-7-16gb-512gb-15-6\/#breadcrumb","itemListElement":[{"@type":"ListItem","position":1,"name":"Home","item":"https:\/\/osaka.ma\/"},{"@type":"ListItem","position":2,"name":"Shop","item":"https:\/\/osaka.ma\/shop-2\/"},{"@type":"ListItem","position":3,"name":"SAMSUNG GALAXY BOOK 4 INTEL CORE 7 16GB 512GB 15.6&#8243;"}]},{"@type":"WebSite","@id":"https:\/\/osaka.ma\/#website","url":"https:\/\/osaka.ma\/","name":"Osaka","description":"","publisher":{"@id":"https:\/\/osaka.ma\/#organization"},"potentialAction":[{"@type":"SearchAction","target":{"@type":"EntryPoint","urlTemplate":"https:\/\/osaka.ma\/?s={search_term_string}"},"query-input":{"@type":"PropertyValueSpecification","valueRequired":true,"valueName":"search_term_string"}}],"inLanguage":"de-DE"},{"@type":"Organization","@id":"https:\/\/osaka.ma\/#organization","name":"Osaka","url":"https:\/\/osaka.ma\/","logo":{"@type":"ImageObject","inLanguage":"de-DE","@id":"https:\/\/osaka.ma\/#\/schema\/logo\/image\/","url":"https:\/\/osaka.ma\/wp-content\/uploads\/2026\/01\/model-slogan-logo-2Plan-de-travail-1dksl-plus-finnn.png","contentUrl":"https:\/\/osaka.ma\/wp-content\/uploads\/2026\/01\/model-slogan-logo-2Plan-de-travail-1dksl-plus-finnn.png","width":842,"height":226,"caption":"Osaka"},"image":{"@id":"https:\/\/osaka.ma\/#\/schema\/logo\/image\/"}}]}},"jetpack_sharing_enabled":true,"brands":[],"_links":{"self":[{"href":"https:\/\/osaka.ma\/de\/wp-json\/wp\/v2\/product\/10446","targetHints":{"allow":["GET"]}}],"collection":[{"href":"https:\/\/osaka.ma\/de\/wp-json\/wp\/v2\/product"}],"about":[{"href":"https:\/\/osaka.ma\/de\/wp-json\/wp\/v2\/types\/product"}],"version-history":[{"count":0,"href":"https:\/\/osaka.ma\/de\/wp-json\/wp\/v2\/product\/10446\/revisions"}],"wp:featuredmedia":[{"embeddable":true,"href":"https:\/\/osaka.ma\/de\/wp-json\/wp\/v2\/media\/1010447"}],"wp:attachment":[{"href":"https:\/\/osaka.ma\/de\/wp-json\/wp\/v2\/media?parent=10446"}],"wp:term":[{"taxonomy":"pwb-brand","embeddable":true,"href":"https:\/\/osaka.ma\/de\/wp-json\/wp\/v2\/pwb-brand?post=10446"},{"taxonomy":"product_brand","embeddable":true,"href":"https:\/\/osaka.ma\/de\/wp-json\/wp\/v2\/product_brand?post=10446"},{"taxonomy":"product_cat","embeddable":true,"href":"https:\/\/osaka.ma\/de\/wp-json\/wp\/v2\/product_cat?post=10446"},{"taxonomy":"product_tag","embeddable":true,"href":"https:\/\/osaka.ma\/de\/wp-json\/wp\/v2\/product_tag?post=10446"},{"taxonomy":"pcb_component_type","embeddable":true,"href":"https:\/\/osaka.ma\/de\/wp-json\/wp\/v2\/pcb_component_type?post=10446"}],"curies":[{"name":"wp","href":"https:\/\/api.w.org\/{rel}","templated":true}]}}