{"id":10471,"date":"2024-09-19T11:15:00","date_gmt":"2024-09-19T11:15:00","guid":{"rendered":"https:\/\/osaka.ma\/?post_type=product&#038;p=10471"},"modified":"2024-12-18T15:36:20","modified_gmt":"2024-12-18T15:36:20","slug":"dell-inspiron-16-5645-ryzen-7-8840u-16gb-ddr5-1tb-16-fhd","status":"publish","type":"product","link":"https:\/\/osaka.ma\/de\/product\/dell-inspiron-16-5645-ryzen-7-8840u-16gb-ddr5-1tb-16-fhd\/","title":{"rendered":"DELL INSPIRON 16 5645 RYZEN 7 8840U\/ 16GB DDR5\/ 1TB\/ 16&#8243; FHD+"},"content":{"rendered":"<div class=\"celwidget aplus-module premium-module-2-fullbackground-image aplus-premium\" data-csa-c-id=\"4fe51n-2w2zg6-6zl9h5-k4qwjs\" data-cel-widget=\"aplus-premium-module-2-fullbackground-image\">\n<div class=\"a-section a-spacing-none premium-aplus premium-aplus-module-2\">\n<div class=\"a-section a-spacing-none premium-background-wrapper\">\n<div class=\"a-section a-spacing-none background-image\"><img decoding=\"async\" class=\"\" src=\"https:\/\/m.media-amazon.com\/images\/S\/aplus-media-library-service-media\/b152c1e0-78e3-4308-b837-d5cf1a1766a2.__CR0,0,1464,600_PT0_SX1464_V1___.jpg\" alt=\"Inspiron 5645\" data-src=\"https:\/\/m.media-amazon.com\/images\/S\/aplus-media-library-service-media\/b152c1e0-78e3-4308-b837-d5cf1a1766a2.__CR0,0,1464,600_PT0_SX1464_V1___.jpg\" \/><\/div>\n<\/div>\n<\/div>\n<\/div>\n<div class=\"celwidget aplus-module premium-module-14-video-image-carousel aplus-premium\" data-csa-c-id=\"k7u5gy-g68037-su07xm-nmiyaa\" data-cel-widget=\"aplus-premium-module-14-video-image-carousel\">\n<div class=\"a-section a-spacing-none premium-aplus premium-aplus-module-14\">\n<div class=\"a-section a-spacing-none aplus-carousel-container\">\n<div id=\"premium-aplus-14-carousel-1-id\" class=\"a-begin a-carousel-container a-carousel-display-single a-carousel-transition-slideCircular a-carousel-initialized\" data-a-carousel-options=\"{&quot;peek_percentage&quot;:0,&quot;minimum_gutter_width&quot;:0,&quot;show_partial_next&quot;:false,&quot;name&quot;:&quot;premium-aplus-14-carousel-1&quot;}\" data-a-display-strategy=\"single\" data-a-transition-strategy=\"slideCircular\">\n<div class=\"a-row a-carousel-controls a-carousel-row\">\n<div class=\"a-carousel-row-inner\">\n<div class=\"a-carousel-col a-carousel-center\">\n<div id=\"anonCarousel2\" class=\"a-carousel-viewport\">\n<div class=\"a-section a-spacing-none aplus-display-table aplus-display-table-width\">\n<div class=\"a-section a-spacing-none text-panel-container aplus-container-1 aplus-display-table-cell\">\n<h1 class=\"aplus-h1 a-text-bold\">Ordinateur portable Inspiron 16<\/h1>\n<p class=\"aplus-p2\">Exploitez la vitesse des processeurs AMD Ryzen s\u00e9rie pour des performances efficacies.<\/p>\n<ul class=\"a-unordered-list a-vertical\">\n<li><span class=\"a-list-item\">\u00c9cran non tactile 16 pouces FHD+ 16:10 (1 920 x 1 200) antireflet, 250 cd\/m\u00b2, grand angle de vue avec ComfortView Support<\/span><\/li>\n<li><span class=\"a-list-item\">Processeur AMD Ryzen 7 8840U 8 coeurs\/16 threads<\/span><\/li>\n<li><span class=\"a-list-item\">Carte graphiques HawkPoint, UMA<\/span><\/li>\n<li><span class=\"a-list-item\">Disque SSD M.2 PCIe NVMe de 1 To<\/span><\/li>\n<li><span class=\"a-list-item\">16 Go, 2 x 8 Go, DDR5, 5 600 MT\/s m\u00e9moire<\/span><\/li>\n<\/ul>\n<\/div>\n<\/div>\n<\/div>\n<\/div>\n<\/div>\n<\/div>\n<div class=\"a-section a-carousel-col a-carousel-right\"><img decoding=\"async\" class=\"\" src=\"https:\/\/m.media-amazon.com\/images\/S\/aplus-media-library-service-media\/71802811-b91a-4c57-b6f4-6b7b7aac3cc0.__CR0,0,800,600_PT0_SX800_V1___.jpg\" alt=\"IOI\" data-src=\"https:\/\/m.media-amazon.com\/images\/S\/aplus-media-library-service-media\/71802811-b91a-4c57-b6f4-6b7b7aac3cc0.__CR0,0,800,600_PT0_SX800_V1___.jpg\" \/><\/div>\n<\/div>\n<\/div>\n<\/div>\n<\/div>\n<div class=\"celwidget aplus-module premium-module-1-image-text aplus-premium\" data-csa-c-id=\"hrwjdm-h7s3hl-vmdpun-dyowzf\" data-cel-widget=\"aplus-premium-module-1-image-text\">\n<div class=\"a-section a-spacing-none premium-aplus premium-aplus-module-1 aplus-container-1\">\n<div class=\"a-section a-spacing-none aplus-display-table\">\n<div class=\"a-section a-spacing-none aplus-module-section aplus-display-table-cell aplus-text-section-right\">\n<h1 class=\"aplus-h1 aplus-module-1-heading a-text-bold\">Con\u00e7u pour des exp\u00e9riences immersives<\/h1>\n<p class=\"aplus-p2 aplus-module-1-description\">Technologie Dell ComfortView Plus int\u00e9gr\u00e9e pour un affichage confortable, en r\u00e9duisant la lumi\u00e8re bleue nocive sans sacrifier la fid\u00e9lit\u00e9 des couleurs.<\/p>\n<p class=\"aplus-p2 aplus-module-1-description\">De plus, profitez d\u2019une exp\u00e9rience audiovisuelle immersive avec Dolby Vision, qui apporte de la couleur et du contraste, et Dolby Atmos, pour une exp\u00e9rience sonore spatiale.<\/p>\n<\/div>\n<\/div>\n<\/div>\n<\/div>\n<div class=\"celwidget aplus-module premium-module-2-fullbackground-image aplus-premium\" data-csa-c-id=\"ds5x43-lgcyov-xuf75h-t46iix\" data-cel-widget=\"aplus-premium-module-2-fullbackground-image\">\n<div class=\"a-section a-spacing-none premium-aplus premium-aplus-module-2\">\n<h1 class=\"a-text-center aplus-container-3 aplus-h1 a-text-bold\">Approfondissez votre exp\u00e9rience avec l\u2019IA<\/h1>\n<div class=\"a-section a-spacing-none premium-background-wrapper\">\n<div class=\"a-section a-spacing-none background-image\"><img decoding=\"async\" class=\"\" src=\"https:\/\/m.media-amazon.com\/images\/S\/aplus-media-library-service-media\/02cc5ddf-af07-450e-8898-4928063875b9.__CR0,0,1464,600_PT0_SX1464_V1___.jpg\" alt=\"OI\" data-src=\"https:\/\/m.media-amazon.com\/images\/S\/aplus-media-library-service-media\/02cc5ddf-af07-450e-8898-4928063875b9.__CR0,0,1464,600_PT0_SX1464_V1___.jpg\" \/><\/div>\n<\/div>\n<div class=\"a-section a-text-center\">\n<p class=\"aplus-description aplus-container-3 aplus-p1\">Avec l\u2019IA AMD Ryzen int\u00e9gr\u00e9e, am\u00e9liorez les exp\u00e9riences de visioconf\u00e9rence gr\u00e2ce aux effets Windows Studio optimis\u00e9s par l\u2019IA, et ex\u00e9cutez vos t\u00e2ches plus rapidement avec Copilot, votre assistant IA personnel.<\/p>\n<\/div>\n<\/div>\n<\/div>\n<div class=\"celwidget aplus-module premium-module-3-four-column-images aplus-premium\" data-csa-c-id=\"dgqda4-gzxfsl-zbsh5y-in69dr\" data-cel-widget=\"aplus-premium-module-3-four-column-images\">\n<div class=\"a-section a-spacing-none premium-aplus premium-aplus-module-3 aplus-container-1\">\n<h1 class=\"a-text-center premium-module-3-heading aplus-h1 a-text-bold\">Des fonctionnalit\u00e9s pr\u00eates pour la productivit\u00e9<\/h1>\n<div class=\"a-section a-spacing-none premium-aplus-four-column\">\n<div class=\"a-section a-spacing-none premium-aplus-column\">\n<div class=\"a-section a-spacing-none {'column-image'}\"><img decoding=\"async\" class=\"\" src=\"https:\/\/m.media-amazon.com\/images\/S\/aplus-media-library-service-media\/7e9c5a8e-5db6-4915-8151-cfc31b0e3a44.__CR0,0,300,225_PT0_SX300_V1___.jpg\" alt=\"OI\" data-src=\"https:\/\/m.media-amazon.com\/images\/S\/aplus-media-library-service-media\/7e9c5a8e-5db6-4915-8151-cfc31b0e3a44.__CR0,0,300,225_PT0_SX300_V1___.jpg\" \/><\/div>\n<div class=\"a-section a-spacing-none column-heading\">\n<h1 class=\"aplus-h3 a-text-bold\">Lecteur d\u2019empreintes digitales<\/h1>\n<\/div>\n<div class=\"a-section a-spacing-none column-description\">\n<p class=\"aplus-p3\">Lecteur d\u2019empreintes digitales pour une connexion rapide et s\u00e9curis\u00e9e.<\/p>\n<\/div>\n<\/div>\n<div class=\"a-section a-spacing-none premium-aplus-column\">\n<div class=\"a-section a-spacing-none {'column-image'}\"><img decoding=\"async\" class=\"\" src=\"https:\/\/m.media-amazon.com\/images\/S\/aplus-media-library-service-media\/4ebe11d0-cae5-4548-b35b-2361ffca0694.__CR0,0,300,225_PT0_SX300_V1___.jpg\" alt=\"OI\" data-src=\"https:\/\/m.media-amazon.com\/images\/S\/aplus-media-library-service-media\/4ebe11d0-cae5-4548-b35b-2361ffca0694.__CR0,0,300,225_PT0_SX300_V1___.jpg\" \/><\/div>\n<div class=\"a-section a-spacing-none column-heading\">\n<h1 class=\"aplus-h3 a-text-bold\">Batterie longue dur\u00e9e<\/h1>\n<\/div>\n<div class=\"a-section a-spacing-none column-description\">\n<p class=\"aplus-p3\">15 heures et 20 minutes d\u2019autonomie avec un \u00e9cran FHD.<\/p>\n<\/div>\n<\/div>\n<div class=\"a-section a-spacing-none premium-aplus-column\">\n<div class=\"a-section a-spacing-none {'column-image'}\"><img decoding=\"async\" class=\"\" src=\"https:\/\/m.media-amazon.com\/images\/S\/aplus-media-library-service-media\/6d76f345-fabb-47cc-8c98-906911235d03.__CR0,0,300,225_PT0_SX300_V1___.jpg\" alt=\"OO\" data-src=\"https:\/\/m.media-amazon.com\/images\/S\/aplus-media-library-service-media\/6d76f345-fabb-47cc-8c98-906911235d03.__CR0,0,300,225_PT0_SX300_V1___.jpg\" \/><\/div>\n<div class=\"a-section a-spacing-none column-heading\">\n<h1 class=\"aplus-h3 a-text-bold\">Gestion thermique adaptative<\/h1>\n<\/div>\n<div class=\"a-section a-spacing-none column-description\">\n<p class=\"aplus-p3\">La technologie int\u00e9gr\u00e9e permet \u00e0 votre PC de d\u00e9tecter lorsqu\u2019il se trouve sur une surface.<\/p>\n<\/div>\n<\/div>\n<div class=\"a-section a-spacing-none premium-aplus-column\">\n<div class=\"a-section a-spacing-none {'column-image'}\"><img decoding=\"async\" class=\"\" src=\"https:\/\/m.media-amazon.com\/images\/S\/aplus-media-library-service-media\/19654e24-0fd7-465d-ac51-fb85f904649d.__CR0,0,300,225_PT0_SX300_V1___.jpg\" alt=\"IO\" data-src=\"https:\/\/m.media-amazon.com\/images\/S\/aplus-media-library-service-media\/19654e24-0fd7-465d-ac51-fb85f904649d.__CR0,0,300,225_PT0_SX300_V1___.jpg\" \/><\/div>\n<div class=\"a-section a-spacing-none column-heading\">\n<h1 class=\"aplus-h3 a-text-bold\">Clavier<\/h1>\n<\/div>\n<div class=\"a-section a-spacing-none column-description\">\n<p class=\"aplus-p3\">Clavier de taille standard avec pav\u00e9 num\u00e9rique pour faciliter l\u2019utilisation et am\u00e9liorer la productivit\u00e9.<\/p>\n<\/div>\n<\/div>\n<\/div>\n<\/div>\n<\/div>\n<div class=\"celwidget aplus-module premium-module-14-video-image-carousel aplus-premium\" data-csa-c-id=\"wqux04-yuu7hs-673k5g-nrmzd0\" data-cel-widget=\"aplus-premium-module-14-video-image-carousel\">\n<div class=\"a-section a-spacing-none premium-aplus premium-aplus-module-14\">\n<div class=\"a-section a-spacing-none aplus-carousel-container\">\n<div id=\"premium-aplus-14-carousel-5-id\" class=\"a-begin a-carousel-container a-carousel-display-single a-carousel-transition-slideCircular a-carousel-initialized\" data-a-carousel-options=\"{&quot;peek_percentage&quot;:0,&quot;minimum_gutter_width&quot;:0,&quot;show_partial_next&quot;:false,&quot;name&quot;:&quot;premium-aplus-14-carousel-5&quot;}\" data-a-display-strategy=\"single\" data-a-transition-strategy=\"slideCircular\">\n<div class=\"a-row a-carousel-controls a-carousel-row\">\n<div class=\"a-carousel-row-inner\">\n<div class=\"a-carousel-col a-carousel-center\">\n<div id=\"anonCarousel3\" class=\"a-carousel-viewport\">\n<div class=\"a-section a-spacing-none aplus-display-table aplus-display-table-width\">\n<div class=\"a-section a-spacing-none media-placeholder\"><\/div>\n<div class=\"a-section a-spacing-none media-container\"><img decoding=\"async\" src=\"https:\/\/m.media-amazon.com\/images\/S\/aplus-media-library-service-media\/8ea47bb0-68bf-4ef3-92a3-3f6778b81f1e.__CR0,0,800,600_PT0_SX800_V1___.jpg\" alt=\"oi\" \/><\/div>\n<\/div>\n<div class=\"a-section a-spacing-none aplus-display-table aplus-display-table-width\">\n<div class=\"a-section a-spacing-none text-panel-container aplus-container-1 aplus-display-table-cell\">\n<h1 class=\"aplus-h1 a-text-bold\">Con\u00e7u pour la productivit\u00e9<\/h1>\n<p class=\"aplus-p2\">Votre ordinateur Inspiron est d\u00e9sormais pr\u00eat \u00e0 l\u2019emploi avec des tests de niveau militaire, pour une fiabilit\u00e9 accrue, et un module Trusted Platform Module int\u00e9gr\u00e9 et facile \u00e0 utiliser, pour prot\u00e9ger vos donn\u00e9es. De plus, connectez tous vos appareils personnels et professionnels gr\u00e2ce \u00e0 un large \u00e9ventail d\u2019options de connectivit\u00e9.<\/p>\n<\/div>\n<div class=\"a-section a-spacing-none media-placeholder\"><\/div>\n<div class=\"a-section a-spacing-none media-container\"><img decoding=\"async\" src=\"https:\/\/m.media-amazon.com\/images\/S\/aplus-media-library-service-media\/ee1d8c6f-2feb-474b-b0f0-143942fed7f5.__CR0,0,800,600_PT0_SX800_V1___.jpg\" alt=\"OOO\" \/><\/div>\n<\/div>\n<div class=\"a-section a-spacing-none aplus-display-table aplus-display-table-width\">\n<div class=\"a-section a-spacing-none media-container\"><img decoding=\"async\" src=\"https:\/\/m.media-amazon.com\/images\/S\/aplus-media-library-service-media\/3d54a28b-2b6f-4e4a-b0fd-2097dfaa7d5c.__CR0,0,800,600_PT0_SX800_V1___.jpg\" alt=\"O\" \/><\/div>\n<\/div>\n<\/div>\n<\/div>\n<\/div>\n<\/div>\n<\/div>\n<\/div>\n<\/div>\n<\/div>\n<div class=\"celwidget aplus-module premium-module-2-fullbackground-image aplus-premium\" data-csa-c-id=\"lrddd2-zbkszs-qm2qzm-oq3a9m\" data-cel-widget=\"aplus-premium-module-2-fullbackground-image\">\n<div class=\"a-section a-spacing-none premium-aplus premium-aplus-module-2\">\n<h1 class=\"a-text-center aplus-container-3 aplus-h1 a-text-bold\">Ports et logements<\/h1>\n<div class=\"a-section a-spacing-none premium-background-wrapper\">\n<div class=\"a-section a-spacing-none background-image\"><img decoding=\"async\" class=\"\" src=\"https:\/\/m.media-amazon.com\/images\/S\/aplus-media-library-service-media\/e3b19d6e-e37c-4c60-99bc-d05ea01c13ac.__CR0,0,1464,600_PT0_SX1464_V1___.jpg\" alt=\"PO\" data-src=\"https:\/\/m.media-amazon.com\/images\/S\/aplus-media-library-service-media\/e3b19d6e-e37c-4c60-99bc-d05ea01c13ac.__CR0,0,1464,600_PT0_SX1464_V1___.jpg\" \/><\/div>\n<\/div>\n<div class=\"a-section a-text-center\">\n<p class=\"aplus-description aplus-container-3 aplus-p1\">1. Lecteur de carte SD | 2. Prise jack pour casque | 3. Port USB-A 3.2 Gen 1 | 4. Logement antivol | 5. Prise jack d\u2019alimentation | 6. Port HDMI 1.4 | 7. Port USB-A 3.2 Gen 1 | 8. Port USB 3.2 Gen 2 Type-C (DP\/PowerDelivery)<\/p>\n<\/div>\n<h2>CARACT\u00c9RISTIQUES PRINCIPALES :<\/h2>\n<ul>\n<li><strong>Processeur AMD Ryzen 7 8840U<\/strong> (8-Core 3.3 GHz \/ 5.1 GHz Turbo &#8211; 16 Threads &#8211; Cache 24 Mo)<\/li>\n<li>M\u00e9moire 16\u00a0Go\u00a0: 2\u00a0x\u00a08\u00a0Go, DDR5, 5\u00a0600\u00a0MT\/s<\/li>\n<li>Ecran 16&#8243; avec r\u00e9solution Full HD+ (1\u00a0920\u00a0x\u00a01\u00a0200 pixels) avec angles de vision larges<\/li>\n<li>Carte graphique<strong> AMD Radeon 780M<\/strong><\/li>\n<li><strong>SSD M.2 PCIe NVMe de 1 To<\/strong><\/li>\n<li>Communication sans fil performante : Wi-Fi 6E + , \u200eBluetooth 802.11ax<\/li>\n<li>Syst\u00e8me audio st\u00e9r\u00e9o avec technologie Waves\u00a0MaxxAudio<sup>\u00ae<\/sup> Pro, 2 x 2 W = 4 W au total<\/li>\n<li>Webcam FHD 1080p<\/li>\n<li><strong>Windows 11<\/strong><\/li>\n<li><strong>Condition :\u00a0 Neuf avec Emballage<\/strong><\/li>\n<\/ul>\n<\/div>\n<\/div>\n","protected":false},"excerpt":{"rendered":"<h2>CARACT\u00c9RISTIQUES PRINCIPALES :<\/h2>\n<ul>\n<li><strong>Processeur AMD Ryzen 7 8840U<\/strong> (8-Core 3.3 GHz \/ 5.1 GHz Turbo &#8211; 16 Threads &#8211; Cache 24 Mo)<\/li>\n<li>M\u00e9moire 16\u00a0Go\u00a0: 2\u00a0x\u00a08\u00a0Go, DDR5, 5\u00a0600\u00a0MT\/s<\/li>\n<li>Ecran 16&#8243; avec r\u00e9solution Full HD+ (1\u00a0920\u00a0x\u00a01\u00a0200 pixels) avec angles de vision larges<\/li>\n<li>Carte graphique<strong> AMD Radeon 780M<\/strong><\/li>\n<li><strong>SSD M.2 PCIe NVMe de 1 To<\/strong><\/li>\n<li>Communication sans fil performante : Wi-Fi 6E + , \u200eBluetooth 802.11ax<\/li>\n<li>Syst\u00e8me audio st\u00e9r\u00e9o avec technologie Waves\u00a0MaxxAudio<sup>\u00ae<\/sup> Pro, 2 x 2 W = 4 W au total<\/li>\n<li>Webcam FHD 1080p<\/li>\n<li><strong>Windows 11<\/strong><\/li>\n<li><strong>Condition : Neuf avec Emballage<\/strong><\/li>\n<\/ul>\n","protected":false},"featured_media":1010472,"template":"","meta":{"_acf_changed":false},"pwb-brand":[],"product_brand":[],"product_cat":[121,126],"product_tag":[],"pcb_component_type":[],"class_list":{"0":"post-10471","1":"product","2":"type-product","3":"status-publish","4":"has-post-thumbnail","6":"product_cat-pc-portable","7":"product_cat-professional","9":"first","10":"outofstock","11":"shipping-taxable","12":"product-type-simple"},"translation":{"provider":"WPGlobus","version":"3.0.2","language":"de","enabled_languages":["en","es","de","fr","ru"],"languages":{"en":{"title":true,"content":true,"excerpt":true},"es":{"title":false,"content":false,"excerpt":false},"de":{"title":false,"content":false,"excerpt":false},"fr":{"title":false,"content":false,"excerpt":false},"ru":{"title":false,"content":false,"excerpt":false}}},"acf":[],"yoast_head":"<!-- This site is optimized with the Yoast SEO plugin v27.2 - https:\/\/yoast.com\/product\/yoast-seo-wordpress\/ -->\n<title>DELL INSPIRON 16 5645 RYZEN 7 8840U\/ 16GB DDR5\/ 1TB\/ 16&quot; FHD+ - Osaka<\/title>\n<meta name=\"robots\" content=\"index, follow, max-snippet:-1, max-image-preview:large, max-video-preview:-1\" \/>\n<link rel=\"canonical\" href=\"https:\/\/osaka.ma\/product\/dell-inspiron-16-5645-ryzen-7-8840u-16gb-ddr5-1tb-16-fhd\/\" \/>\n<meta property=\"og:locale\" content=\"de_DE\" \/>\n<meta property=\"og:type\" content=\"article\" \/>\n<meta property=\"og:title\" content=\"DELL INSPIRON 16 5645 RYZEN 7 8840U\/ 16GB DDR5\/ 1TB\/ 16&quot; FHD+ - Osaka\" \/>\n<meta property=\"og:url\" content=\"https:\/\/osaka.ma\/product\/dell-inspiron-16-5645-ryzen-7-8840u-16gb-ddr5-1tb-16-fhd\/\" \/>\n<meta property=\"og:site_name\" content=\"Osaka\" \/>\n<meta property=\"article:modified_time\" content=\"2024-12-18T15:36:20+00:00\" \/>\n<meta property=\"og:image\" content=\"https:\/\/osaka.ma\/wp-content\/uploads\/2024\/09\/DELL-INSPIRON-16-5645.jpg\" \/>\n\t<meta property=\"og:image:width\" content=\"882\" \/>\n\t<meta property=\"og:image:height\" content=\"740\" \/>\n\t<meta property=\"og:image:type\" content=\"image\/jpeg\" \/>\n<meta name=\"twitter:card\" content=\"summary_large_image\" \/>\n<meta name=\"twitter:label1\" content=\"Est. reading time\" \/>\n\t<meta name=\"twitter:data1\" content=\"5 minutes\" \/>\n<script type=\"application\/ld+json\" class=\"yoast-schema-graph\">{\"@context\":\"https:\/\/schema.org\",\"@graph\":[{\"@type\":\"WebPage\",\"@id\":\"https:\/\/osaka.ma\/product\/dell-inspiron-16-5645-ryzen-7-8840u-16gb-ddr5-1tb-16-fhd\/\",\"url\":\"https:\/\/osaka.ma\/product\/dell-inspiron-16-5645-ryzen-7-8840u-16gb-ddr5-1tb-16-fhd\/\",\"name\":\"DELL INSPIRON 16 5645 RYZEN 7 8840U\/ 16GB DDR5\/ 1TB\/ 16\\\" FHD+ - Osaka\",\"isPartOf\":{\"@id\":\"https:\/\/osaka.ma\/#website\"},\"primaryImageOfPage\":{\"@id\":\"https:\/\/osaka.ma\/product\/dell-inspiron-16-5645-ryzen-7-8840u-16gb-ddr5-1tb-16-fhd\/#primaryimage\"},\"image\":{\"@id\":\"https:\/\/osaka.ma\/product\/dell-inspiron-16-5645-ryzen-7-8840u-16gb-ddr5-1tb-16-fhd\/#primaryimage\"},\"thumbnailUrl\":\"https:\/\/osaka.ma\/wp-content\/uploads\/2024\/09\/DELL-INSPIRON-16-5645.jpg\",\"datePublished\":\"2024-09-19T11:15:00+00:00\",\"dateModified\":\"2024-12-18T15:36:20+00:00\",\"breadcrumb\":{\"@id\":\"https:\/\/osaka.ma\/product\/dell-inspiron-16-5645-ryzen-7-8840u-16gb-ddr5-1tb-16-fhd\/#breadcrumb\"},\"inLanguage\":\"de-DE\",\"potentialAction\":[{\"@type\":\"ReadAction\",\"target\":[\"https:\/\/osaka.ma\/product\/dell-inspiron-16-5645-ryzen-7-8840u-16gb-ddr5-1tb-16-fhd\/\"]}]},{\"@type\":\"ImageObject\",\"inLanguage\":\"de-DE\",\"@id\":\"https:\/\/osaka.ma\/product\/dell-inspiron-16-5645-ryzen-7-8840u-16gb-ddr5-1tb-16-fhd\/#primaryimage\",\"url\":\"https:\/\/osaka.ma\/wp-content\/uploads\/2024\/09\/DELL-INSPIRON-16-5645.jpg\",\"contentUrl\":\"https:\/\/osaka.ma\/wp-content\/uploads\/2024\/09\/DELL-INSPIRON-16-5645.jpg\",\"width\":882,\"height\":740},{\"@type\":\"BreadcrumbList\",\"@id\":\"https:\/\/osaka.ma\/product\/dell-inspiron-16-5645-ryzen-7-8840u-16gb-ddr5-1tb-16-fhd\/#breadcrumb\",\"itemListElement\":[{\"@type\":\"ListItem\",\"position\":1,\"name\":\"Home\",\"item\":\"https:\/\/osaka.ma\/\"},{\"@type\":\"ListItem\",\"position\":2,\"name\":\"Shop\",\"item\":\"https:\/\/osaka.ma\/shop-2\/\"},{\"@type\":\"ListItem\",\"position\":3,\"name\":\"DELL INSPIRON 16 5645 RYZEN 7 8840U\/ 16GB DDR5\/ 1TB\/ 16&#8243; FHD+\"}]},{\"@type\":\"WebSite\",\"@id\":\"https:\/\/osaka.ma\/#website\",\"url\":\"https:\/\/osaka.ma\/\",\"name\":\"Osaka\",\"description\":\"\",\"publisher\":{\"@id\":\"https:\/\/osaka.ma\/#organization\"},\"potentialAction\":[{\"@type\":\"SearchAction\",\"target\":{\"@type\":\"EntryPoint\",\"urlTemplate\":\"https:\/\/osaka.ma\/?s={search_term_string}\"},\"query-input\":{\"@type\":\"PropertyValueSpecification\",\"valueRequired\":true,\"valueName\":\"search_term_string\"}}],\"inLanguage\":\"de-DE\"},{\"@type\":\"Organization\",\"@id\":\"https:\/\/osaka.ma\/#organization\",\"name\":\"Osaka\",\"url\":\"https:\/\/osaka.ma\/\",\"logo\":{\"@type\":\"ImageObject\",\"inLanguage\":\"de-DE\",\"@id\":\"https:\/\/osaka.ma\/#\/schema\/logo\/image\/\",\"url\":\"https:\/\/osaka.ma\/wp-content\/uploads\/2026\/01\/model-slogan-logo-2Plan-de-travail-1dksl-plus-finnn.png\",\"contentUrl\":\"https:\/\/osaka.ma\/wp-content\/uploads\/2026\/01\/model-slogan-logo-2Plan-de-travail-1dksl-plus-finnn.png\",\"width\":842,\"height\":226,\"caption\":\"Osaka\"},\"image\":{\"@id\":\"https:\/\/osaka.ma\/#\/schema\/logo\/image\/\"}}]}<\/script>\n<!-- \/ Yoast SEO plugin. -->","yoast_head_json":{"title":"DELL INSPIRON 16 5645 RYZEN 7 8840U\/ 16GB DDR5\/ 1TB\/ 16\" FHD+ - Osaka","robots":{"index":"index","follow":"follow","max-snippet":"max-snippet:-1","max-image-preview":"max-image-preview:large","max-video-preview":"max-video-preview:-1"},"canonical":"https:\/\/osaka.ma\/product\/dell-inspiron-16-5645-ryzen-7-8840u-16gb-ddr5-1tb-16-fhd\/","og_locale":"de_DE","og_type":"article","og_title":"DELL INSPIRON 16 5645 RYZEN 7 8840U\/ 16GB DDR5\/ 1TB\/ 16\" FHD+ - Osaka","og_url":"https:\/\/osaka.ma\/product\/dell-inspiron-16-5645-ryzen-7-8840u-16gb-ddr5-1tb-16-fhd\/","og_site_name":"Osaka","article_modified_time":"2024-12-18T15:36:20+00:00","og_image":[{"width":882,"height":740,"url":"https:\/\/osaka.ma\/wp-content\/uploads\/2024\/09\/DELL-INSPIRON-16-5645.jpg","type":"image\/jpeg"}],"twitter_card":"summary_large_image","twitter_misc":{"Est. reading time":"5 minutes"},"schema":{"@context":"https:\/\/schema.org","@graph":[{"@type":"WebPage","@id":"https:\/\/osaka.ma\/product\/dell-inspiron-16-5645-ryzen-7-8840u-16gb-ddr5-1tb-16-fhd\/","url":"https:\/\/osaka.ma\/product\/dell-inspiron-16-5645-ryzen-7-8840u-16gb-ddr5-1tb-16-fhd\/","name":"DELL INSPIRON 16 5645 RYZEN 7 8840U\/ 16GB DDR5\/ 1TB\/ 16\" FHD+ - Osaka","isPartOf":{"@id":"https:\/\/osaka.ma\/#website"},"primaryImageOfPage":{"@id":"https:\/\/osaka.ma\/product\/dell-inspiron-16-5645-ryzen-7-8840u-16gb-ddr5-1tb-16-fhd\/#primaryimage"},"image":{"@id":"https:\/\/osaka.ma\/product\/dell-inspiron-16-5645-ryzen-7-8840u-16gb-ddr5-1tb-16-fhd\/#primaryimage"},"thumbnailUrl":"https:\/\/osaka.ma\/wp-content\/uploads\/2024\/09\/DELL-INSPIRON-16-5645.jpg","datePublished":"2024-09-19T11:15:00+00:00","dateModified":"2024-12-18T15:36:20+00:00","breadcrumb":{"@id":"https:\/\/osaka.ma\/product\/dell-inspiron-16-5645-ryzen-7-8840u-16gb-ddr5-1tb-16-fhd\/#breadcrumb"},"inLanguage":"de-DE","potentialAction":[{"@type":"ReadAction","target":["https:\/\/osaka.ma\/product\/dell-inspiron-16-5645-ryzen-7-8840u-16gb-ddr5-1tb-16-fhd\/"]}]},{"@type":"ImageObject","inLanguage":"de-DE","@id":"https:\/\/osaka.ma\/product\/dell-inspiron-16-5645-ryzen-7-8840u-16gb-ddr5-1tb-16-fhd\/#primaryimage","url":"https:\/\/osaka.ma\/wp-content\/uploads\/2024\/09\/DELL-INSPIRON-16-5645.jpg","contentUrl":"https:\/\/osaka.ma\/wp-content\/uploads\/2024\/09\/DELL-INSPIRON-16-5645.jpg","width":882,"height":740},{"@type":"BreadcrumbList","@id":"https:\/\/osaka.ma\/product\/dell-inspiron-16-5645-ryzen-7-8840u-16gb-ddr5-1tb-16-fhd\/#breadcrumb","itemListElement":[{"@type":"ListItem","position":1,"name":"Home","item":"https:\/\/osaka.ma\/"},{"@type":"ListItem","position":2,"name":"Shop","item":"https:\/\/osaka.ma\/shop-2\/"},{"@type":"ListItem","position":3,"name":"DELL INSPIRON 16 5645 RYZEN 7 8840U\/ 16GB DDR5\/ 1TB\/ 16&#8243; FHD+"}]},{"@type":"WebSite","@id":"https:\/\/osaka.ma\/#website","url":"https:\/\/osaka.ma\/","name":"Osaka","description":"","publisher":{"@id":"https:\/\/osaka.ma\/#organization"},"potentialAction":[{"@type":"SearchAction","target":{"@type":"EntryPoint","urlTemplate":"https:\/\/osaka.ma\/?s={search_term_string}"},"query-input":{"@type":"PropertyValueSpecification","valueRequired":true,"valueName":"search_term_string"}}],"inLanguage":"de-DE"},{"@type":"Organization","@id":"https:\/\/osaka.ma\/#organization","name":"Osaka","url":"https:\/\/osaka.ma\/","logo":{"@type":"ImageObject","inLanguage":"de-DE","@id":"https:\/\/osaka.ma\/#\/schema\/logo\/image\/","url":"https:\/\/osaka.ma\/wp-content\/uploads\/2026\/01\/model-slogan-logo-2Plan-de-travail-1dksl-plus-finnn.png","contentUrl":"https:\/\/osaka.ma\/wp-content\/uploads\/2026\/01\/model-slogan-logo-2Plan-de-travail-1dksl-plus-finnn.png","width":842,"height":226,"caption":"Osaka"},"image":{"@id":"https:\/\/osaka.ma\/#\/schema\/logo\/image\/"}}]}},"jetpack_sharing_enabled":true,"brands":[],"_links":{"self":[{"href":"https:\/\/osaka.ma\/de\/wp-json\/wp\/v2\/product\/10471","targetHints":{"allow":["GET"]}}],"collection":[{"href":"https:\/\/osaka.ma\/de\/wp-json\/wp\/v2\/product"}],"about":[{"href":"https:\/\/osaka.ma\/de\/wp-json\/wp\/v2\/types\/product"}],"version-history":[{"count":0,"href":"https:\/\/osaka.ma\/de\/wp-json\/wp\/v2\/product\/10471\/revisions"}],"wp:featuredmedia":[{"embeddable":true,"href":"https:\/\/osaka.ma\/de\/wp-json\/wp\/v2\/media\/1010472"}],"wp:attachment":[{"href":"https:\/\/osaka.ma\/de\/wp-json\/wp\/v2\/media?parent=10471"}],"wp:term":[{"taxonomy":"pwb-brand","embeddable":true,"href":"https:\/\/osaka.ma\/de\/wp-json\/wp\/v2\/pwb-brand?post=10471"},{"taxonomy":"product_brand","embeddable":true,"href":"https:\/\/osaka.ma\/de\/wp-json\/wp\/v2\/product_brand?post=10471"},{"taxonomy":"product_cat","embeddable":true,"href":"https:\/\/osaka.ma\/de\/wp-json\/wp\/v2\/product_cat?post=10471"},{"taxonomy":"product_tag","embeddable":true,"href":"https:\/\/osaka.ma\/de\/wp-json\/wp\/v2\/product_tag?post=10471"},{"taxonomy":"pcb_component_type","embeddable":true,"href":"https:\/\/osaka.ma\/de\/wp-json\/wp\/v2\/pcb_component_type?post=10471"}],"curies":[{"name":"wp","href":"https:\/\/api.w.org\/{rel}","templated":true}]}}