{"id":10492,"date":"2024-09-23T14:16:49","date_gmt":"2024-09-23T14:16:49","guid":{"rendered":"https:\/\/osaka.ma\/?post_type=product&#038;p=10492"},"modified":"2024-12-18T15:36:20","modified_gmt":"2024-12-18T15:36:20","slug":"pc-gamer-i9-13900kf-64gb-1tb-ssd-rtx-4080-16gb","status":"publish","type":"product","link":"https:\/\/osaka.ma\/de\/product\/pc-gamer-i9-13900kf-64gb-1tb-ssd-rtx-4080-16gb\/","title":{"rendered":"PC Gamer I9 13900KF\/ 64GB\/ 1TB SSD\/ RTX 4080 16GB"},"content":{"rendered":"<h4>Caract\u00e9ristiques principales :<\/h4>\n<ul>\n<li>Processeur<a href=\"https:\/\/osaka.ma\/produit\/intel-core-i9-13900k-3-0-ghz-5-8-ghz\/\"><strong> INTEL\u00aeCORE\u2122 13900KF<\/strong><\/a><br \/>\nProcesseur 8-Core (5.3 GHz de fr\u00e9quence Turbo\/ 3.5 GHz de fr\u00e9quence de base ) 16-Threads Socket 1200 Cache L3 16 MB Intel UHD Graphics 750<\/li>\n<li>Carte m\u00e8re <a href=\"https:\/\/osaka.ma\/produit\/msi-pro-z690-p-ddr4\/\"><strong>MSI Z690-P DDR4<\/strong><\/a><\/li>\n<li>Ram <a href=\"https:\/\/osaka.ma\/produit\/64gb16x4-gigastone-ddr4-3200mhz\/\"><strong>64GB (16&#215;4) DDR4 3200MHZ GIGASTONE\u00a0<\/strong><\/a><\/li>\n<li>Carte graphique <strong>PALIT GAMEROCK RTX 4080 16GB<\/strong><\/li>\n<li>Bo\u00eetier <strong>HYBROK TITAN EVO BLACK (7 Fans ARGB)<\/strong><\/li>\n<li>SSD <a href=\"https:\/\/osaka.ma\/produit\/1tb-ssd-crucial-p3-plus-gen4-m-2-nvme\/\"><strong>1TB CRUCIAL P3 PLUS GEN4 5000Mb\/s<\/strong><\/a><\/li>\n<li>Watercoling <a href=\"https:\/\/osaka.ma\/produit\/msi-mag-coreliquid-m360\/\"><strong>MSI MAG CORELEQUID M360<\/strong><\/a><\/li>\n<li>Alimentation <strong>NOX HUMMER X 1000W GOLD EDITION<\/strong><\/li>\n<li><strong>Win11 \/ Bien assembl\u00e9<\/strong><\/li>\n<\/ul>\n<div class=\"logo\">\n<div class=\"logo\"><\/div>\n<div id=\"description\" class=\"description\">\n<div class=\"details-pdt-desc\">\n<section>\n<div class=\"logo\">\n<div class=\"logo\"><a href=\"https:\/\/www.ldlc.com\/intel\/bint000000192\/\" rel=\"nofollow noopener\" target=\"_blank\"><img decoding=\"async\" src=\"https:\/\/media.ldlc.com\/v3\/marque\/bo\/00\/05\/72\/22\/V30005722262_2.jpg\" alt=\"Intel\" \/><\/a><\/div>\n<div id=\"description\" class=\"description\">\n<div class=\"details-pdt-desc\">\n<h2 class=\"h2-master\">Architecture hybride pour performances hors norme<\/h2>\n<section>En offrant encore plus de puissance pour les programmes exigeants et les jeux et plus de c\u0153urs pour les t\u00e2ches de fond, les<strong>\u00a0processeurs Intel Core de 13\u00e8me g\u00e9n\u00e9ration<\/strong>\u00a0vous permettent de faire encore plus de choses et encore plus rapidement. Jeux, multit\u00e2che intensif, cr\u00e9ation de contenu ou streaming, les\u00a0<strong>processeurs Intel Raptor Lake\u00a0<\/strong>sont la solution id\u00e9ale pour aller au-del\u00e0 de ce que vous pouviez imaginer en mati\u00e8re de puissance et de performance. Des jeux fluides, un PC qui ne ralentit pas, des t\u00e2ches multiples et simultan\u00e9es, tout cela est possible avec un processeur<strong>\u00a0Intel Core de 13\u00e8me g\u00e9n\u00e9ration<\/strong>.<\/p>\n<\/section>\n<section>\n<div class=\"desc-image\"><img decoding=\"async\" src=\"https:\/\/media.ldlc.com\/bo\/images\/fiches\/Processeur\/Intel\/intel_raptor_lake_001.jpg\" alt=\"\" \/><\/div>\n<div class=\"desc-text\">\n<h2>Intel Core\u00a0i9-13900KF 24-Core (8P+16E)<\/h2>\n<ul>\n<li>Processeur\u00a0<strong>24 Cores<\/strong>\u00a0\/ 32 Threads<\/li>\n<li><strong>8 Performance-Cores<\/strong>\u00a0(3.0 GHz &#8211; 5.8 GHz) + 16 Efficient-Cores (2.2 GHz &#8211; 4.3 GHz)<\/li>\n<li>Cache\u00a0<strong>L3 36 Mo<\/strong>\u00a0+ Cache L2 32 Mo<\/li>\n<li><strong>Unlocked\u00a0<\/strong>(co\u00e9fficient multiplicateur d\u00e9bloqu\u00e9 pour l&#8217;overclocking)<\/li>\n<li>IGP : Aucun<\/li>\n<li>Contr\u00f4leur m\u00e9moire : DDR4 \/\u00a0<strong>DDR5<\/strong><\/li>\n<li>Compatible\u00a0<strong>PCI-E 5.0<\/strong><\/li>\n<li>TDP\u00a0: 125W<\/li>\n<li>TDP max. (Turbo Power) : 253W<\/li>\n<\/ul>\n<\/div>\n<\/section>\n<section>\n<div class=\"desc-text\">\n<h2>Des coeurs \u00e0 l&#8217;ouvrage<\/h2>\n<p>Con\u00e7u pour r\u00e9pondre aux besoins des gamers d&#8217;aujourd&#8217;hui. La derni\u00e8re version de la puissante architecture hybride d&#8217;Intel est id\u00e9ale pour sublimer votre exp\u00e9rience de jeu. Les\u00a0<strong>Performance-cores<\/strong>\u00a0lib\u00e8rent leur talent pour obtenir le meilleur des derniers jeux et logiciels de gaming. Les\u00a0<strong>Efficient-cores<\/strong>\u00a0vous permettent de travailler, de jouer en solo et, plus important, avec d\u2019autres. Enfin,\u00a0<strong>Intel Thread Director<\/strong>\u00a0vous permet de profiter d\u2019une fluidit\u00e9 de jeu au top et d&#8217;assurer que votre PC ne ralentit pas, m\u00eame s\u2019il ex\u00e9cute des t\u00e2ches de fond.<\/p>\n<\/div>\n<div class=\"desc-image\"><img decoding=\"async\" src=\"https:\/\/media.ldlc.com\/bo\/images\/fiches\/Processeur\/Intel\/intel_raptor_lake_002.jpg\" alt=\"\" \/><\/div>\n<\/section>\n<section>\n<div class=\"desc-image\"><img decoding=\"async\" src=\"https:\/\/media.ldlc.com\/bo\/images\/fiches\/Processeur\/Intel\/intel_raptor_lake_003.jpg\" alt=\"\" \/><\/div>\n<div class=\"desc-text\">\n<h2>Toujours plus haut<\/h2>\n<p>Les processeurs Intel Core de 13\u1d49\u00a0g\u00e9n\u00e9ration pour PC de bureau offrent la plateforme la plus compl\u00e8te pour utiliser les technologies de gaming que vous voulez. La prise en charge de la DDR4 et de la DDR5 vous offre le choix de la configuration de la m\u00e9moire. La prise en charge de la technologie Thunderbolt 4 offre un moyen simple et rapide de connecter des p\u00e9riph\u00e9riques. Poussez votre machine plus loin que le max : Overclocking am\u00e9lior\u00e9 sur les deux ensembles de c\u0153urs pour des performances \u00e0 votre niveau. Vous pouvez jouer et streamer en m\u00eame temps, autant que vous voulez.<\/p>\n<\/div>\n<\/section>\n<\/div>\n<\/div>\n<\/div>\n<div id=\"description\" class=\"description\">\n<div class=\"details-pdt-desc\">\n<section>&nbsp;<\/p>\n<\/section>\n<\/div>\n<\/div>\n<\/section>\n<div class=\"logo\">\n<h2 id=\"_ctl0_ContentPlaceHolder1_titre_desc\" class=\"grb_fch-prod__titre_desc\">Palit GEFORCE RTX 4080 16GB GameRock OC<\/h2>\n<div id=\"_ctl0_ContentPlaceHolder1_seo_new\">\n<div id=\"_ctl0_ContentPlaceHolder1_lbl_desc_web_1\" class=\"fiche_strong\"><\/div>\n<div id=\"_ctl0_ContentPlaceHolder1_lbl_desc_web_2\" class=\"fiche_strong\"><img decoding=\"async\" id=\"_ctl0_ContentPlaceHolder1_img_1_old\" src=\"https:\/\/www.grosbill.com\/images_produits\/7ac489e8-f079-4be2-a4d0-d7f737ef9b4a.jpg\" alt=\"GEFORCE RTX 4080 16GB GameRock OC \" \/><\/div>\n<div id=\"_ctl0_ContentPlaceHolder1_lbl_desc_web_add\"><\/div>\n<\/div>\n<div id=\"_ctl0_ContentPlaceHolder1_seo_old\">\n<div id=\"_ctl0_ContentPlaceHolder1_lbl_desc_web\" class=\"fiche_strong\">\n<p>La\u00a0<a href=\"https:\/\/www.grosbill.com\/carte-graphique-6\/palit-800.aspx\" target=\"_blank\" rel=\"noopener\">carte graphique\u00a0<\/a><strong><a href=\"https:\/\/www.grosbill.com\/carte-graphique-6\/palit-800.aspx\" target=\"_blank\" rel=\"noopener\">Palit<\/a>\u00a0RTX 4080 GameRock OC 16GB<\/strong>\u00a0est con\u00e7ue pour offrir une performance graphique de nouvelle g\u00e9n\u00e9ration pour les jeux les plus exigeants. Avec une m\u00e9moire vive de\u00a0<strong>16 Go<\/strong>, cette carte graphique est capable de g\u00e9rer des graphismes complexes \u00e0 des vitesses incroyablement rapides, pour une exp\u00e9rience de jeu fluide et r\u00e9aliste. Gr\u00e2ce \u00e0 sa connectivit\u00e9\u00a0<strong>HDMI<\/strong>\u00a0et\u00a0<strong>DP<\/strong>, cette carte graphique est facile \u00e0 connecter \u00e0 votre \u00e9cran pour une exp\u00e9rience de jeu ultime.<\/p>\n<p>&nbsp;<\/p>\n<p><strong>Refroidissement efficace pour une performance optimale<\/strong><\/p>\n<p>&nbsp;<\/p>\n<p>La\u00a0<a href=\"https:\/\/www.grosbill.com\/2-carte_graphique-cat-informatique\" target=\"_blank\" rel=\"noopener\">carte graphique<\/a>\u00a0<strong>Palit RTX 4080 GameRock OC 16GB<\/strong>\u00a0est \u00e9quip\u00e9e d&#8217;un syst\u00e8me de refroidissement avanc\u00e9 pour maintenir des temp\u00e9ratures basses et assurer une performance graphique optimale. La\u00a0<strong>technologie de refroidissement avanc\u00e9e<\/strong> garantit une dissipation de chaleur efficace, pour des performances optimales pendant les longues sessions de jeu. Le syst\u00e8me de refroidissement silencieux permet \u00e9galement une exp\u00e9rience de jeu plus agr\u00e9able, sans bruit de ventilateur excessif.<\/p>\n<p>&nbsp;<\/p>\n<p><strong>Des fonctionnalit\u00e9s intelligentes pour des performances personnalis\u00e9es<\/strong><\/p>\n<p>&nbsp;<\/p>\n<p>La\u00a0<a href=\"https:\/\/www.grosbill.com\/2-carte_graphique-cat-informatique\" target=\"_blank\" rel=\"noopener\">carte graphique<\/a>\u00a0<strong>Palit RTX 4080 GameRock OC 16GB<\/strong> est \u00e9quip\u00e9e de fonctionnalit\u00e9s intelligentes pour des performances personnalis\u00e9es. Gr\u00e2ce \u00e0 l&#8217;application de gestion des performances, vous pouvez personnaliser les param\u00e8tres pour r\u00e9pondre aux exigences de vos jeux et de vos applications. Vous pouvez \u00e9galement surveiller les performances de votre carte graphique en temps r\u00e9el, pour une meilleure compr\u00e9hension de la mani\u00e8re dont elle fonctionne. Avec ses\u00a0fonctionnalit\u00e9s intelligentes et ses performances graphiques de pointe, la carte graphique\u00a0<strong>Palit RTX 4080 GameRock OC 16GB<\/strong>\u00a0est un excellent choix pour les joueurs professionnels et les cr\u00e9ateurs de contenu.<\/p>\n<\/div>\n<div id=\"_ctl0_ContentPlaceHolder1_desc_web_img\" class=\"img-description\">\u00a0<img decoding=\"async\" id=\"_ctl0_ContentPlaceHolder1_img_2_old\" src=\"https:\/\/www.grosbill.com\/images_produits\/c6008839-49f5-4680-944e-93a65750e5f2.jpg\" alt=\"GEFORCE RTX 4080 16GB GameRock OC \" \/><\/div>\n<\/div>\n<\/div>\n<div id=\"description\" class=\"description\">\n<div class=\"details-pdt-desc\">\n<section>\n<div class=\"logo\">\n<div class=\"logo\"><img decoding=\"async\" class=\"aligncenter\" src=\"https:\/\/media.ldlc.com\/v3\/marque\/bo\/00\/05\/95\/32\/V30005953241.jpg\" alt=\"Crucial\" \/><\/div>\n<div id=\"description\" class=\"description\">\n<div class=\"details-pdt-desc\">\n<h2 class=\"h2-master\">Crucial P3 Plus : G\u00e9rez les charges de travail les plus lourdes<\/h2>\n<section>Le<strong>\u00a0SSD NVMe Crucial P3 Plus<\/strong>\u00a04 offre des performances sup\u00e9rieures avec des vitesses de lecture\/d\u2019\u00e9criture s\u00e9quentielle pouvant atteindre 5\u00a0000 Mo\/s \/ 4200\u00a0Mo\/s (<em>en fonction des mod\u00e8les<\/em>) gr\u00e2ce \u00e0 son intefrace PCI-Express 4.0. Acc\u00e9l\u00e9ration d\u2019\u00e9criture dynamique et protection thermique adaptative pour assurer la protection de vos donn\u00e9es tout en am\u00e9liorant la fiabilit\u00e9 du syst\u00e8me\u2026 le P3 Plus est la solution de stockage NVMe pour les professionnels, les cr\u00e9ateurs, les gamers et tous les autres utilisateurs en qu\u00eate de performances \u00e9lev\u00e9es.<\/section>\n<section>\n<div class=\"desc-image\"><img decoding=\"async\" src=\"https:\/\/media.ldlc.com\/bo\/images\/fiches\/Disque_dur_SSD\/crucial\/crucial_p3_plus.jpg\" alt=\"\" \/><\/div>\n<div class=\"desc-text\">\n<h2>POINTS FORTS<\/h2>\n<ul>\n<li>Le SSD NVMe Crucial P3 Plus offre des temps de chargement et des transferts de donn\u00e9es 8,9\u00a0fois plus rapides que ceux des disques SATA6 et 43\u00a0% plus rapides que ceux des SSD PCIe 3.0 les plus performants.<\/li>\n<li>Avec un espace g\u00e9n\u00e9reux, le Crucial P3 Plus peut facilement stocker tous les programmes, applications, fichiers, documents, photos et vid\u00e9os dont ont besoin vos \u00e9quipes.<\/li>\n<li>Avec son logiciel de gestion SSD pour l\u2019optimisation des performances et les mises \u00e0 jour du firmware, le SSD Crucial P3 Plus offre \u00e0 votre entreprise s\u00e9curit\u00e9 et tranquillit\u00e9 d\u2019esprit.<\/li>\n<\/ul>\n<\/div>\n<\/section>\n<\/div>\n<\/div>\n<\/div>\n<\/section>\n<\/div>\n<\/div>\n<\/div>\n<\/div>\n<\/div>\n","protected":false},"excerpt":{"rendered":"<h4>Caract\u00e9ristiques principales :<\/h4>\n<ul>\n<li>Processeur<strong> INTEL\u00aeCORE\u2122 13900KF<\/strong><br \/>\nProcesseur 8-Core (5.3 GHz de fr\u00e9quence Turbo\/ 3.5 GHz de fr\u00e9quence de base ) 16-Threads Socket 1200 Cache L3 16 MB Intel UHD Graphics 750<\/li>\n<li>Carte m\u00e8re <strong>MSI Z690-P DDR4<\/strong><\/li>\n<li>Ram <strong>64GB (16&#215;4) DDR4 3200MHZ GIGASTONE\u00a0<\/strong><\/li>\n<li>Carte graphique <strong>PALIT GAMEROCK RTX 4080 16GB<\/strong><\/li>\n<li>Bo\u00eetier <strong>HYBROK TITAN EVO BLACK (7 Fans ARGB)<\/strong><\/li>\n<li>SSD <strong>1TB CRUCIAL P3 PLUS GEN4 5000Mb\/s<\/strong><\/li>\n<li>Watercoling <strong>MSI MAG CORELEQUID M360<\/strong><\/li>\n<li>Alimentation <strong>NOX HUMMER X 1000W GOLD EDITION<\/strong><\/li>\n<li><strong>Win11 \/ Bien assembl\u00e9<\/strong><\/li>\n<\/ul>\n","protected":false},"featured_media":1010491,"template":"","meta":{"_acf_changed":false},"pwb-brand":[],"product_brand":[],"product_cat":[57,53],"product_tag":[],"pcb_component_type":[],"class_list":{"0":"post-10492","1":"product","2":"type-product","3":"status-publish","4":"has-post-thumbnail","6":"product_cat-intel","7":"product_cat-pc-gamer","9":"first","10":"outofstock","11":"shipping-taxable","12":"product-type-simple"},"translation":{"provider":"WPGlobus","version":"3.0.2","language":"de","enabled_languages":["en","es","de","fr","ru"],"languages":{"en":{"title":true,"content":true,"excerpt":true},"es":{"title":false,"content":false,"excerpt":false},"de":{"title":false,"content":false,"excerpt":false},"fr":{"title":false,"content":false,"excerpt":false},"ru":{"title":false,"content":false,"excerpt":false}}},"acf":[],"yoast_head":"<!-- This site is optimized with the Yoast SEO plugin v27.2 - https:\/\/yoast.com\/product\/yoast-seo-wordpress\/ -->\n<title>PC Gamer I9 13900KF\/ 64GB\/ 1TB SSD\/ RTX 4080 16GB - Osaka<\/title>\n<meta name=\"robots\" content=\"index, follow, max-snippet:-1, max-image-preview:large, max-video-preview:-1\" \/>\n<link rel=\"canonical\" href=\"https:\/\/osaka.ma\/product\/pc-gamer-i9-13900kf-64gb-1tb-ssd-rtx-4080-16gb\/\" \/>\n<meta property=\"og:locale\" content=\"de_DE\" \/>\n<meta property=\"og:type\" content=\"article\" \/>\n<meta property=\"og:title\" content=\"PC Gamer I9 13900KF\/ 64GB\/ 1TB SSD\/ RTX 4080 16GB - Osaka\" \/>\n<meta property=\"og:url\" content=\"https:\/\/osaka.ma\/product\/pc-gamer-i9-13900kf-64gb-1tb-ssd-rtx-4080-16gb\/\" \/>\n<meta property=\"og:site_name\" content=\"Osaka\" \/>\n<meta property=\"article:modified_time\" content=\"2024-12-18T15:36:20+00:00\" \/>\n<meta property=\"og:image\" content=\"https:\/\/osaka.ma\/wp-content\/uploads\/2024\/09\/hybrok-titan-evo-black-7-fans-argb.png\" \/>\n\t<meta property=\"og:image:width\" content=\"600\" \/>\n\t<meta property=\"og:image:height\" content=\"600\" \/>\n\t<meta property=\"og:image:type\" content=\"image\/png\" \/>\n<meta name=\"twitter:card\" content=\"summary_large_image\" \/>\n<meta name=\"twitter:label1\" content=\"Est. reading time\" \/>\n\t<meta name=\"twitter:data1\" content=\"6 minutes\" \/>\n<script type=\"application\/ld+json\" class=\"yoast-schema-graph\">{\"@context\":\"https:\/\/schema.org\",\"@graph\":[{\"@type\":\"WebPage\",\"@id\":\"https:\/\/osaka.ma\/product\/pc-gamer-i9-13900kf-64gb-1tb-ssd-rtx-4080-16gb\/\",\"url\":\"https:\/\/osaka.ma\/product\/pc-gamer-i9-13900kf-64gb-1tb-ssd-rtx-4080-16gb\/\",\"name\":\"PC Gamer I9 13900KF\/ 64GB\/ 1TB SSD\/ RTX 4080 16GB - Osaka\",\"isPartOf\":{\"@id\":\"https:\/\/osaka.ma\/#website\"},\"primaryImageOfPage\":{\"@id\":\"https:\/\/osaka.ma\/product\/pc-gamer-i9-13900kf-64gb-1tb-ssd-rtx-4080-16gb\/#primaryimage\"},\"image\":{\"@id\":\"https:\/\/osaka.ma\/product\/pc-gamer-i9-13900kf-64gb-1tb-ssd-rtx-4080-16gb\/#primaryimage\"},\"thumbnailUrl\":\"https:\/\/osaka.ma\/wp-content\/uploads\/2024\/09\/hybrok-titan-evo-black-7-fans-argb.png\",\"datePublished\":\"2024-09-23T14:16:49+00:00\",\"dateModified\":\"2024-12-18T15:36:20+00:00\",\"breadcrumb\":{\"@id\":\"https:\/\/osaka.ma\/product\/pc-gamer-i9-13900kf-64gb-1tb-ssd-rtx-4080-16gb\/#breadcrumb\"},\"inLanguage\":\"de-DE\",\"potentialAction\":[{\"@type\":\"ReadAction\",\"target\":[\"https:\/\/osaka.ma\/product\/pc-gamer-i9-13900kf-64gb-1tb-ssd-rtx-4080-16gb\/\"]}]},{\"@type\":\"ImageObject\",\"inLanguage\":\"de-DE\",\"@id\":\"https:\/\/osaka.ma\/product\/pc-gamer-i9-13900kf-64gb-1tb-ssd-rtx-4080-16gb\/#primaryimage\",\"url\":\"https:\/\/osaka.ma\/wp-content\/uploads\/2024\/09\/hybrok-titan-evo-black-7-fans-argb.png\",\"contentUrl\":\"https:\/\/osaka.ma\/wp-content\/uploads\/2024\/09\/hybrok-titan-evo-black-7-fans-argb.png\",\"width\":600,\"height\":600},{\"@type\":\"BreadcrumbList\",\"@id\":\"https:\/\/osaka.ma\/product\/pc-gamer-i9-13900kf-64gb-1tb-ssd-rtx-4080-16gb\/#breadcrumb\",\"itemListElement\":[{\"@type\":\"ListItem\",\"position\":1,\"name\":\"Home\",\"item\":\"https:\/\/osaka.ma\/\"},{\"@type\":\"ListItem\",\"position\":2,\"name\":\"Shop\",\"item\":\"https:\/\/osaka.ma\/shop-2\/\"},{\"@type\":\"ListItem\",\"position\":3,\"name\":\"PC Gamer I9 13900KF\/ 64GB\/ 1TB SSD\/ RTX 4080 16GB\"}]},{\"@type\":\"WebSite\",\"@id\":\"https:\/\/osaka.ma\/#website\",\"url\":\"https:\/\/osaka.ma\/\",\"name\":\"Osaka\",\"description\":\"\",\"publisher\":{\"@id\":\"https:\/\/osaka.ma\/#organization\"},\"potentialAction\":[{\"@type\":\"SearchAction\",\"target\":{\"@type\":\"EntryPoint\",\"urlTemplate\":\"https:\/\/osaka.ma\/?s={search_term_string}\"},\"query-input\":{\"@type\":\"PropertyValueSpecification\",\"valueRequired\":true,\"valueName\":\"search_term_string\"}}],\"inLanguage\":\"de-DE\"},{\"@type\":\"Organization\",\"@id\":\"https:\/\/osaka.ma\/#organization\",\"name\":\"Osaka\",\"url\":\"https:\/\/osaka.ma\/\",\"logo\":{\"@type\":\"ImageObject\",\"inLanguage\":\"de-DE\",\"@id\":\"https:\/\/osaka.ma\/#\/schema\/logo\/image\/\",\"url\":\"https:\/\/osaka.ma\/wp-content\/uploads\/2026\/01\/model-slogan-logo-2Plan-de-travail-1dksl-plus-finnn.png\",\"contentUrl\":\"https:\/\/osaka.ma\/wp-content\/uploads\/2026\/01\/model-slogan-logo-2Plan-de-travail-1dksl-plus-finnn.png\",\"width\":842,\"height\":226,\"caption\":\"Osaka\"},\"image\":{\"@id\":\"https:\/\/osaka.ma\/#\/schema\/logo\/image\/\"}}]}<\/script>\n<!-- \/ Yoast SEO plugin. -->","yoast_head_json":{"title":"PC Gamer I9 13900KF\/ 64GB\/ 1TB SSD\/ RTX 4080 16GB - Osaka","robots":{"index":"index","follow":"follow","max-snippet":"max-snippet:-1","max-image-preview":"max-image-preview:large","max-video-preview":"max-video-preview:-1"},"canonical":"https:\/\/osaka.ma\/product\/pc-gamer-i9-13900kf-64gb-1tb-ssd-rtx-4080-16gb\/","og_locale":"de_DE","og_type":"article","og_title":"PC Gamer I9 13900KF\/ 64GB\/ 1TB SSD\/ RTX 4080 16GB - Osaka","og_url":"https:\/\/osaka.ma\/product\/pc-gamer-i9-13900kf-64gb-1tb-ssd-rtx-4080-16gb\/","og_site_name":"Osaka","article_modified_time":"2024-12-18T15:36:20+00:00","og_image":[{"width":600,"height":600,"url":"https:\/\/osaka.ma\/wp-content\/uploads\/2024\/09\/hybrok-titan-evo-black-7-fans-argb.png","type":"image\/png"}],"twitter_card":"summary_large_image","twitter_misc":{"Est. reading time":"6 minutes"},"schema":{"@context":"https:\/\/schema.org","@graph":[{"@type":"WebPage","@id":"https:\/\/osaka.ma\/product\/pc-gamer-i9-13900kf-64gb-1tb-ssd-rtx-4080-16gb\/","url":"https:\/\/osaka.ma\/product\/pc-gamer-i9-13900kf-64gb-1tb-ssd-rtx-4080-16gb\/","name":"PC Gamer I9 13900KF\/ 64GB\/ 1TB SSD\/ RTX 4080 16GB - Osaka","isPartOf":{"@id":"https:\/\/osaka.ma\/#website"},"primaryImageOfPage":{"@id":"https:\/\/osaka.ma\/product\/pc-gamer-i9-13900kf-64gb-1tb-ssd-rtx-4080-16gb\/#primaryimage"},"image":{"@id":"https:\/\/osaka.ma\/product\/pc-gamer-i9-13900kf-64gb-1tb-ssd-rtx-4080-16gb\/#primaryimage"},"thumbnailUrl":"https:\/\/osaka.ma\/wp-content\/uploads\/2024\/09\/hybrok-titan-evo-black-7-fans-argb.png","datePublished":"2024-09-23T14:16:49+00:00","dateModified":"2024-12-18T15:36:20+00:00","breadcrumb":{"@id":"https:\/\/osaka.ma\/product\/pc-gamer-i9-13900kf-64gb-1tb-ssd-rtx-4080-16gb\/#breadcrumb"},"inLanguage":"de-DE","potentialAction":[{"@type":"ReadAction","target":["https:\/\/osaka.ma\/product\/pc-gamer-i9-13900kf-64gb-1tb-ssd-rtx-4080-16gb\/"]}]},{"@type":"ImageObject","inLanguage":"de-DE","@id":"https:\/\/osaka.ma\/product\/pc-gamer-i9-13900kf-64gb-1tb-ssd-rtx-4080-16gb\/#primaryimage","url":"https:\/\/osaka.ma\/wp-content\/uploads\/2024\/09\/hybrok-titan-evo-black-7-fans-argb.png","contentUrl":"https:\/\/osaka.ma\/wp-content\/uploads\/2024\/09\/hybrok-titan-evo-black-7-fans-argb.png","width":600,"height":600},{"@type":"BreadcrumbList","@id":"https:\/\/osaka.ma\/product\/pc-gamer-i9-13900kf-64gb-1tb-ssd-rtx-4080-16gb\/#breadcrumb","itemListElement":[{"@type":"ListItem","position":1,"name":"Home","item":"https:\/\/osaka.ma\/"},{"@type":"ListItem","position":2,"name":"Shop","item":"https:\/\/osaka.ma\/shop-2\/"},{"@type":"ListItem","position":3,"name":"PC Gamer I9 13900KF\/ 64GB\/ 1TB SSD\/ RTX 4080 16GB"}]},{"@type":"WebSite","@id":"https:\/\/osaka.ma\/#website","url":"https:\/\/osaka.ma\/","name":"Osaka","description":"","publisher":{"@id":"https:\/\/osaka.ma\/#organization"},"potentialAction":[{"@type":"SearchAction","target":{"@type":"EntryPoint","urlTemplate":"https:\/\/osaka.ma\/?s={search_term_string}"},"query-input":{"@type":"PropertyValueSpecification","valueRequired":true,"valueName":"search_term_string"}}],"inLanguage":"de-DE"},{"@type":"Organization","@id":"https:\/\/osaka.ma\/#organization","name":"Osaka","url":"https:\/\/osaka.ma\/","logo":{"@type":"ImageObject","inLanguage":"de-DE","@id":"https:\/\/osaka.ma\/#\/schema\/logo\/image\/","url":"https:\/\/osaka.ma\/wp-content\/uploads\/2026\/01\/model-slogan-logo-2Plan-de-travail-1dksl-plus-finnn.png","contentUrl":"https:\/\/osaka.ma\/wp-content\/uploads\/2026\/01\/model-slogan-logo-2Plan-de-travail-1dksl-plus-finnn.png","width":842,"height":226,"caption":"Osaka"},"image":{"@id":"https:\/\/osaka.ma\/#\/schema\/logo\/image\/"}}]}},"jetpack_sharing_enabled":true,"brands":[],"_links":{"self":[{"href":"https:\/\/osaka.ma\/de\/wp-json\/wp\/v2\/product\/10492","targetHints":{"allow":["GET"]}}],"collection":[{"href":"https:\/\/osaka.ma\/de\/wp-json\/wp\/v2\/product"}],"about":[{"href":"https:\/\/osaka.ma\/de\/wp-json\/wp\/v2\/types\/product"}],"version-history":[{"count":0,"href":"https:\/\/osaka.ma\/de\/wp-json\/wp\/v2\/product\/10492\/revisions"}],"wp:featuredmedia":[{"embeddable":true,"href":"https:\/\/osaka.ma\/de\/wp-json\/wp\/v2\/media\/1010491"}],"wp:attachment":[{"href":"https:\/\/osaka.ma\/de\/wp-json\/wp\/v2\/media?parent=10492"}],"wp:term":[{"taxonomy":"pwb-brand","embeddable":true,"href":"https:\/\/osaka.ma\/de\/wp-json\/wp\/v2\/pwb-brand?post=10492"},{"taxonomy":"product_brand","embeddable":true,"href":"https:\/\/osaka.ma\/de\/wp-json\/wp\/v2\/product_brand?post=10492"},{"taxonomy":"product_cat","embeddable":true,"href":"https:\/\/osaka.ma\/de\/wp-json\/wp\/v2\/product_cat?post=10492"},{"taxonomy":"product_tag","embeddable":true,"href":"https:\/\/osaka.ma\/de\/wp-json\/wp\/v2\/product_tag?post=10492"},{"taxonomy":"pcb_component_type","embeddable":true,"href":"https:\/\/osaka.ma\/de\/wp-json\/wp\/v2\/pcb_component_type?post=10492"}],"curies":[{"name":"wp","href":"https:\/\/api.w.org\/{rel}","templated":true}]}}