{"id":10562,"date":"2024-09-25T10:21:23","date_gmt":"2024-09-25T10:21:23","guid":{"rendered":"https:\/\/osaka.ma\/?post_type=product&#038;p=10562"},"modified":"2025-11-06T13:01:54","modified_gmt":"2025-11-06T12:01:54","slug":"connect-n271a-27%e2%80%b3-ips-100hz","status":"publish","type":"product","link":"https:\/\/osaka.ma\/de\/product\/connect-n271a-27%e2%80%b3-ips-100hz\/","title":{"rendered":"Connect N271A 27\u2033 IPS 100Hz"},"content":{"rendered":"<div class=\"elementor-element elementor-element-783e3822 elementor-widget elementor-widget-heading\" data-id=\"783e3822\" data-element_type=\"widget\" data-widget_type=\"heading.default\">\n<div class=\"elementor-widget-container\">\n<h2 class=\"elementor-heading-title elementor-size-large\">Design mince, hautes performances et \u00e9cran QHD 100 Hz !<\/h2>\n<\/div>\n<\/div>\n<section class=\"elementor-element elementor-element-25bb29a2 elementor-section-boxed elementor-section-height-default elementor-section-height-default elementor-section elementor-inner-section\" data-id=\"25bb29a2\" data-element_type=\"section\">\n<div class=\"elementor-container elementor-column-gap-default\">\n<div class=\"elementor-row\">\n<div class=\"elementor-element elementor-element-5ee56305 elementor-column elementor-col-100 elementor-inner-column\" data-id=\"5ee56305\" data-element_type=\"column\">\n<div class=\"elementor-column-wrap elementor-element-populated\">\n<div class=\"elementor-widget-wrap\">\n<div class=\"elementor-element elementor-element-7a9e9bd9 elementor-widget elementor-widget-text-editor\" data-id=\"7a9e9bd9\" data-element_type=\"widget\" data-widget_type=\"text-editor.default\">\n<div class=\"elementor-widget-container\">\n<div class=\"elementor-text-editor elementor-clearfix\">\n<section>\n<div class=\"font-claude-message pr-4 md:pr-9 relative leading-[1.65rem] [&amp;_pre&gt;div]:bg-bg-300 [&amp;_pre]:-mr-4 md:[&amp;_pre]:-mr-9\" style=\"text-rendering: optimizelegibility; -webkit-font-smoothing: antialiased; box-sizing: border-box; overflow-wrap: break-word; position: relative;\">\n<div class=\"grid-col-1 grid gap-2.5 [&amp;_&gt;_*]:min-w-0\" style=\"text-rendering: optimizelegibility; -webkit-font-smoothing: antialiased; box-sizing: border-box; overflow-wrap: break-word;\">\n<p class=\"whitespace-pre-wrap break-words\">Le\u00a0<strong>CONNECT N271A 27\u2033<\/strong>\u00a0est un\u00a0<strong>\u00e9cran gamer<\/strong>\u00a0de haute qualit\u00e9 con\u00e7u pour offrir une exp\u00e9rience visuelle exceptionnelle. Dot\u00e9 d&#8217;une\u00a0<strong>dalle IPS<\/strong>, il assure des couleurs vives et des angles de vision larges sur un\u00a0<strong>\u00e9cran de 27 pouces<\/strong>\u00a0avec une\u00a0<strong>r\u00e9solution de 1920\u00d71080<\/strong>. Son\u00a0<strong>taux de rafra\u00eechissement de 100 Hz<\/strong>\u00a0et son\u00a0<strong>temps de r\u00e9ponse de 4 ms<\/strong>\u00a0garantissent une fluidit\u00e9 et une r\u00e9activit\u00e9 optimales pour les jeux et les vid\u00e9os. Contrairement aux \u00e9crans incurv\u00e9s, son\u00a0<strong>\u00e9cran plat<\/strong>\u00a0offre une surface de vision classique et confortable. La connectivit\u00e9 est simplifi\u00e9e gr\u00e2ce aux\u00a0<strong>entr\u00e9es vid\u00e9o<\/strong>\u00a0:\u00a0<strong>1X HDMI Femelle<\/strong>\u00a0et\u00a0<strong>1X VGA<\/strong>, permettant une compatibilit\u00e9 avec une vari\u00e9t\u00e9 de dispositifs. Alliant performance et design, cet \u00e9cran\u00a0<strong>CONNECT N271A 27\u2033<\/strong>\u00a0est id\u00e9al pour les gamers et les utilisateurs professionnels.<\/p>\n<\/div>\n<\/div>\n<div class=\"absolute -bottom-0 -right-1.5 sm:right-2\">\n<div class=\"border-0.5 border-border-300 flex items-center translate-y-1\/2 rounded-lg px-2 pb-1 pt-3 shadow-sm transition bg-bg-000\">\n<div class=\"text-text-400 -mx-1 -mt-2 flex items-stretch justify-between gap-0.5\">\n<div class=\"flex gap-0.5\"><\/div>\n<\/div>\n<\/div>\n<\/div>\n<\/section>\n<\/div>\n<\/div>\n<\/div>\n<\/div>\n<\/div>\n<\/div>\n<\/div>\n<\/div>\n<\/section>\n<section class=\"elementor-element elementor-element-3d5b1a0d elementor-reverse-mobile elementor-section-boxed elementor-section-height-default elementor-section-height-default elementor-section elementor-inner-section\" data-id=\"3d5b1a0d\" data-element_type=\"section\" data-settings=\"{&quot;background_background&quot;:&quot;classic&quot;}\">\n<div class=\"elementor-container elementor-column-gap-default\">\n<div class=\"elementor-row\">\n<div class=\"elementor-element elementor-element-5a2a57 elementor-column elementor-col-50 elementor-inner-column\" data-id=\"5a2a57\" data-element_type=\"column\">\n<div class=\"elementor-column-wrap elementor-element-populated\">\n<div class=\"elementor-widget-wrap\">\n<div class=\"elementor-element elementor-element-2911c33c elementor-widget elementor-widget-image\" data-id=\"2911c33c\" data-element_type=\"widget\" data-widget_type=\"image.default\">\n<div class=\"elementor-widget-container\">\n<div class=\"elementor-image\"><img decoding=\"async\" title=\"\" src=\"https:\/\/pcgamercasa.ma\/img\/cms\/CONNECT-N271A-27%E2%80%B3-Next-level-pc-7.jpg\" alt=\"\" \/><\/div>\n<\/div>\n<\/div>\n<\/div>\n<\/div>\n<\/div>\n<div class=\"elementor-element elementor-element-34493dd8 elementor-column elementor-col-50 elementor-inner-column\" data-id=\"34493dd8\" data-element_type=\"column\">\n<div class=\"elementor-column-wrap elementor-element-populated\">\n<div class=\"elementor-widget-wrap\">\n<div class=\"elementor-element elementor-element-47f8d8d9 elementor-widget elementor-widget-heading\" data-id=\"47f8d8d9\" data-element_type=\"widget\" data-widget_type=\"heading.default\">\n<div class=\"elementor-widget-container\">\n<h3 class=\"elementor-heading-title elementor-size-default\">Qualit\u00e9 d&#8217;Image Sup\u00e9rieure<\/h3>\n<\/div>\n<\/div>\n<div class=\"elementor-element elementor-element-6820cf6d elementor-widget elementor-widget-text-editor\" data-id=\"6820cf6d\" data-element_type=\"widget\" data-widget_type=\"text-editor.default\">\n<div class=\"elementor-widget-container\">\n<div class=\"elementor-text-editor elementor-clearfix\">\n<section>\n<section>\n<div class=\"desc-text\">\n<section>\n<div class=\"desc-text\">\n<p class=\"whitespace-pre-wrap break-words\">Le\u00a0<strong>Connect N271A<\/strong>\u00a0offre une\u00a0<strong>exp\u00e9rience visuelle exceptionnelle<\/strong>\u00a0gr\u00e2ce \u00e0 sa\u00a0<strong>dalle IPS 27 pouces<\/strong>. La\u00a0<strong>technologie IPS<\/strong>\u00a0assure des\u00a0<strong>couleurs vives<\/strong>\u00a0et des\u00a0<strong>angles de vision larges<\/strong>, tandis que la\u00a0<strong>r\u00e9solution Full HD 1920&#215;1080<\/strong>\u00a0garantit des\u00a0<strong>images nettes<\/strong>\u00a0et\u00a0<strong>d\u00e9taill\u00e9es<\/strong>. L&#8217;<strong>\u00e9cran plat<\/strong>\u00a0offre une\u00a0<strong>surface de visualisation classique<\/strong>, id\u00e9ale pour le\u00a0<strong>gaming<\/strong>\u00a0et le\u00a0<strong>travail professionnel<\/strong>.<\/p>\n<p class=\"whitespace-pre-wrap break-words\">\n<\/div>\n<\/section>\n<\/div>\n<\/section>\n<\/section>\n<\/div>\n<\/div>\n<\/div>\n<\/div>\n<\/div>\n<\/div>\n<\/div>\n<\/div>\n<\/section>\n<section class=\"elementor-element elementor-element-6d954531 elementor-section-boxed elementor-section-height-default elementor-section-height-default elementor-section elementor-inner-section\" data-id=\"6d954531\" data-element_type=\"section\">\n<div class=\"elementor-container elementor-column-gap-default\">\n<div class=\"elementor-row\">\n<div class=\"elementor-element elementor-element-4b62fc60 elementor-column elementor-col-50 elementor-inner-column\" data-id=\"4b62fc60\" data-element_type=\"column\">\n<div class=\"elementor-column-wrap elementor-element-populated\">\n<div class=\"elementor-widget-wrap\">\n<div class=\"elementor-element elementor-element-5dc3eb29 elementor-widget elementor-widget-heading\" data-id=\"5dc3eb29\" data-element_type=\"widget\" data-widget_type=\"heading.default\">\n<div class=\"elementor-widget-container\">\n<h3 class=\"elementor-heading-title elementor-size-default\">Performance Gaming Optimis\u00e9e<\/h3>\n<\/div>\n<\/div>\n<div class=\"elementor-element elementor-element-1d81e6ac elementor-widget elementor-widget-text-editor\" data-id=\"1d81e6ac\" data-element_type=\"widget\" data-widget_type=\"text-editor.default\">\n<div class=\"elementor-widget-container\">\n<div class=\"elementor-text-editor elementor-clearfix\">\n<section>\n<div class=\"desc-text\">\n<div class=\"desc-text\">\n<p class=\"whitespace-pre-wrap break-words\">Con\u00e7u pour les\u00a0<strong>gamers<\/strong>, le N271A excelle avec son\u00a0<strong>taux de rafra\u00eechissement de 100Hz<\/strong>\u00a0et son\u00a0<strong>temps de r\u00e9ponse de 4ms<\/strong>. Ces caract\u00e9ristiques assurent une\u00a0<strong>fluidit\u00e9<\/strong>\u00a0et une\u00a0<strong>r\u00e9activit\u00e9 optimales<\/strong>, r\u00e9duisant les\u00a0<strong>saccades<\/strong>\u00a0et le\u00a0<strong>flou de mouvement<\/strong>. Profitez d&#8217;une\u00a0<strong>exp\u00e9rience de jeu immersive<\/strong>\u00a0et\u00a0<strong>r\u00e9active<\/strong>, parfaite pour les\u00a0<strong>jeux d&#8217;action<\/strong>\u00a0et les\u00a0<strong>titres comp\u00e9titifs<\/strong>.<\/p>\n<p class=\"whitespace-pre-wrap break-words\">\n<\/div>\n<\/div>\n<\/section>\n<\/div>\n<\/div>\n<\/div>\n<\/div>\n<\/div>\n<\/div>\n<div class=\"elementor-element elementor-element-47b2102c elementor-column elementor-col-50 elementor-inner-column\" data-id=\"47b2102c\" data-element_type=\"column\">\n<div class=\"elementor-column-wrap elementor-element-populated\">\n<div class=\"elementor-widget-wrap\">\n<div class=\"elementor-element elementor-element-4d7bba27 elementor-widget elementor-widget-image\" data-id=\"4d7bba27\" data-element_type=\"widget\" data-widget_type=\"image.default\">\n<div class=\"elementor-widget-container\">\n<div class=\"elementor-image\"><img decoding=\"async\" title=\"\" src=\"https:\/\/pcgamercasa.ma\/img\/cms\/CONNECT-N271A-27%E2%80%B3-Next-level-pc-6.jpg\" alt=\"\" \/><\/div>\n<\/div>\n<\/div>\n<\/div>\n<\/div>\n<\/div>\n<\/div>\n<\/div>\n<\/section>\n<section class=\"elementor-element elementor-element-616d7889 elementor-reverse-mobile elementor-section-boxed elementor-section-height-default elementor-section-height-default elementor-section elementor-inner-section\" data-id=\"616d7889\" data-element_type=\"section\" data-settings=\"{&quot;background_background&quot;:&quot;classic&quot;}\">\n<div class=\"elementor-container elementor-column-gap-default\">\n<div class=\"elementor-row\">\n<div class=\"elementor-element elementor-element-524fdf02 elementor-column elementor-col-50 elementor-inner-column\" data-id=\"524fdf02\" data-element_type=\"column\">\n<div class=\"elementor-column-wrap elementor-element-populated\">\n<div class=\"elementor-widget-wrap\">\n<div class=\"elementor-element elementor-element-10e33730 elementor-widget elementor-widget-image\" data-id=\"10e33730\" data-element_type=\"widget\" data-widget_type=\"image.default\">\n<div class=\"elementor-widget-container\">\n<div class=\"elementor-image\"><img decoding=\"async\" title=\"\" src=\"https:\/\/pcgamercasa.ma\/img\/cms\/CONNECT-N271A-27%E2%80%B3-Next-level-pc-5.jpg\" alt=\"\" \/><\/div>\n<\/div>\n<\/div>\n<\/div>\n<\/div>\n<\/div>\n<div class=\"elementor-element elementor-element-3d038af1 elementor-column elementor-col-50 elementor-inner-column\" data-id=\"3d038af1\" data-element_type=\"column\">\n<div class=\"elementor-column-wrap elementor-element-populated\">\n<div class=\"elementor-widget-wrap\">\n<div class=\"elementor-element elementor-element-2212c292 elementor-widget elementor-widget-heading\" data-id=\"2212c292\" data-element_type=\"widget\" data-widget_type=\"heading.default\">\n<div class=\"elementor-widget-container\">\n<h3 class=\"elementor-heading-title elementor-size-default\">Connectivit\u00e9 Polyvalente<\/h3>\n<\/div>\n<\/div>\n<div class=\"elementor-element elementor-element-74a9977e elementor-widget elementor-widget-text-editor\" data-id=\"74a9977e\" data-element_type=\"widget\" data-widget_type=\"text-editor.default\">\n<div class=\"elementor-widget-container\">\n<div class=\"elementor-text-editor elementor-clearfix\">\n<section>\n<div class=\"desc-text\">\n<div class=\"font-claude-message pr-4 md:pr-9 relative leading-[1.65rem] [&amp;_pre&gt;div]:bg-bg-300 [&amp;_pre]:-mr-4 md:[&amp;_pre]:-mr-9\" style=\"text-rendering: optimizelegibility; -webkit-font-smoothing: antialiased; box-sizing: border-box; overflow-wrap: break-word; position: relative;\">\n<div class=\"grid-col-1 grid gap-2.5 [&amp;_&gt;_*]:min-w-0\" style=\"text-rendering: optimizelegibility; -webkit-font-smoothing: antialiased; box-sizing: border-box; overflow-wrap: break-word;\">\n<p class=\"whitespace-pre-wrap break-words\">Le\u00a0<strong>moniteur N271A<\/strong>\u00a0s&#8217;adapte \u00e0 divers\u00a0<strong>setups<\/strong>\u00a0gr\u00e2ce \u00e0 ses\u00a0<strong>entr\u00e9es HDMI<\/strong>\u00a0et\u00a0<strong>VGA<\/strong>. Cette\u00a0<strong>connectivit\u00e9 polyvalente<\/strong>\u00a0permet une\u00a0<strong>compatibilit\u00e9 \u00e9tendue<\/strong>\u00a0avec les\u00a0<strong>PC<\/strong>,\u00a0<strong>consoles<\/strong>\u00a0et autres\u00a0<strong>appareils<\/strong>. Son\u00a0<strong>design \u00e9l\u00e9gant<\/strong>\u00a0et ses\u00a0<strong>performances \u00e9quilibr\u00e9es<\/strong>\u00a0en font un choix id\u00e9al pour les\u00a0<strong>gamers<\/strong>\u00a0et les\u00a0<strong>professionnels<\/strong>\u00a0recherchant un\u00a0<strong>\u00e9cran polyvalent<\/strong>\u00a0\u00e0 un\u00a0<strong>prix abordable<\/strong>.<\/p>\n<\/div>\n<\/div>\n<div class=\"absolute -bottom-0 -right-1.5 sm:right-2\">\n<div class=\"border-0.5 border-border-300 flex items-center translate-y-1\/2 rounded-lg px-2 pb-1 pt-3 shadow-sm transition scale-95 opacity-0 group-hover:scale-100 group-hover:opacity-100 bg-bg-000\">\n<div class=\"text-text-400 -mx-1 -mt-2 flex items-stretch justify-between gap-0.5\">\n<div class=\"flex gap-0.5\"><\/div>\n<\/div>\n<\/div>\n<\/div>\n<\/div>\n<\/section>\n<\/div>\n<\/div>\n<\/div>\n<\/div>\n<\/div>\n<\/div>\n<\/div>\n<\/div>\n<\/section>\n","protected":false},"excerpt":{"rendered":"<p>Design mince, hautes performances et \u00e9cran QHD 100 Hz ! Le\u00a0CONNECT N271A 27\u2033\u00a0est un\u00a0\u00e9cran gamer\u00a0de haute qualit\u00e9 con\u00e7u pour offrir une exp\u00e9rience visuelle exceptionnelle. Dot\u00e9 d&#8217;une\u00a0dalle IPS, il assure des<\/p>\n","protected":false},"featured_media":1010563,"template":"","meta":{"_acf_changed":false},"pwb-brand":[],"product_brand":[],"product_cat":[62,58],"product_tag":[],"pcb_component_type":[],"class_list":{"0":"post-10562","1":"product","2":"type-product","3":"status-publish","4":"has-post-thumbnail","6":"product_cat-27-pouce","7":"product_cat-ecrans-et-moniteurs-pc","9":"first","10":"outofstock","11":"shipping-taxable","12":"product-type-simple"},"translation":{"provider":"WPGlobus","version":"3.0.2","language":"de","enabled_languages":["en","es","de","fr","ru"],"languages":{"en":{"title":true,"content":true,"excerpt":false},"es":{"title":false,"content":false,"excerpt":false},"de":{"title":false,"content":false,"excerpt":false},"fr":{"title":false,"content":false,"excerpt":false},"ru":{"title":false,"content":false,"excerpt":false}}},"acf":[],"yoast_head":"<!-- This site is optimized with the Yoast SEO plugin v27.2 - https:\/\/yoast.com\/product\/yoast-seo-wordpress\/ -->\n<title>Connect N271A 27\u2033 IPS 100Hz - Osaka<\/title>\n<meta name=\"robots\" content=\"index, follow, max-snippet:-1, max-image-preview:large, max-video-preview:-1\" \/>\n<link rel=\"canonical\" href=\"https:\/\/osaka.ma\/de\/product\/connect-n271a-27\u2033-ips-100hz\/\" \/>\n<meta property=\"og:locale\" content=\"de_DE\" \/>\n<meta property=\"og:type\" content=\"article\" \/>\n<meta property=\"og:title\" content=\"Connect N271A 27\u2033 IPS 100Hz - Osaka\" \/>\n<meta property=\"og:url\" content=\"https:\/\/osaka.ma\/de\/product\/connect-n271a-27\u2033-ips-100hz\/\" \/>\n<meta property=\"og:site_name\" content=\"Osaka\" \/>\n<meta property=\"article:modified_time\" content=\"2025-11-06T12:01:54+00:00\" \/>\n<meta property=\"og:image\" content=\"https:\/\/osaka.ma\/wp-content\/uploads\/2024\/09\/Connect-N271A-27\u2033-IPS-100Hz.jpg\" \/>\n\t<meta property=\"og:image:width\" content=\"700\" \/>\n\t<meta property=\"og:image:height\" content=\"869\" \/>\n\t<meta property=\"og:image:type\" content=\"image\/jpeg\" \/>\n<meta name=\"twitter:card\" content=\"summary_large_image\" \/>\n<meta name=\"twitter:label1\" content=\"Est. reading time\" \/>\n\t<meta name=\"twitter:data1\" content=\"4 minutes\" \/>\n<script type=\"application\/ld+json\" class=\"yoast-schema-graph\">{\"@context\":\"https:\/\/schema.org\",\"@graph\":[{\"@type\":\"WebPage\",\"@id\":\"https:\/\/osaka.ma\/de\/product\/connect-n271a-27%e2%80%b3-ips-100hz\/\",\"url\":\"https:\/\/osaka.ma\/de\/product\/connect-n271a-27%e2%80%b3-ips-100hz\/\",\"name\":\"Connect N271A 27\u2033 IPS 100Hz - Osaka\",\"isPartOf\":{\"@id\":\"https:\/\/osaka.ma\/#website\"},\"primaryImageOfPage\":{\"@id\":\"https:\/\/osaka.ma\/de\/product\/connect-n271a-27%e2%80%b3-ips-100hz\/#primaryimage\"},\"image\":{\"@id\":\"https:\/\/osaka.ma\/de\/product\/connect-n271a-27%e2%80%b3-ips-100hz\/#primaryimage\"},\"thumbnailUrl\":\"https:\/\/osaka.ma\/wp-content\/uploads\/2024\/09\/Connect-N271A-27\u2033-IPS-100Hz.jpg\",\"datePublished\":\"2024-09-25T10:21:23+00:00\",\"dateModified\":\"2025-11-06T12:01:54+00:00\",\"breadcrumb\":{\"@id\":\"https:\/\/osaka.ma\/de\/product\/connect-n271a-27%e2%80%b3-ips-100hz\/#breadcrumb\"},\"inLanguage\":\"de-DE\",\"potentialAction\":[{\"@type\":\"ReadAction\",\"target\":[\"https:\/\/osaka.ma\/de\/product\/connect-n271a-27%e2%80%b3-ips-100hz\/\"]}]},{\"@type\":\"ImageObject\",\"inLanguage\":\"de-DE\",\"@id\":\"https:\/\/osaka.ma\/de\/product\/connect-n271a-27%e2%80%b3-ips-100hz\/#primaryimage\",\"url\":\"https:\/\/osaka.ma\/wp-content\/uploads\/2024\/09\/Connect-N271A-27\u2033-IPS-100Hz.jpg\",\"contentUrl\":\"https:\/\/osaka.ma\/wp-content\/uploads\/2024\/09\/Connect-N271A-27\u2033-IPS-100Hz.jpg\",\"width\":700,\"height\":869},{\"@type\":\"BreadcrumbList\",\"@id\":\"https:\/\/osaka.ma\/de\/product\/connect-n271a-27%e2%80%b3-ips-100hz\/#breadcrumb\",\"itemListElement\":[{\"@type\":\"ListItem\",\"position\":1,\"name\":\"Home\",\"item\":\"https:\/\/osaka.ma\/\"},{\"@type\":\"ListItem\",\"position\":2,\"name\":\"Shop\",\"item\":\"https:\/\/osaka.ma\/shop-2\/\"},{\"@type\":\"ListItem\",\"position\":3,\"name\":\"Connect N271A 27\u2033 IPS 100Hz\"}]},{\"@type\":\"WebSite\",\"@id\":\"https:\/\/osaka.ma\/#website\",\"url\":\"https:\/\/osaka.ma\/\",\"name\":\"Osaka\",\"description\":\"\",\"publisher\":{\"@id\":\"https:\/\/osaka.ma\/#organization\"},\"potentialAction\":[{\"@type\":\"SearchAction\",\"target\":{\"@type\":\"EntryPoint\",\"urlTemplate\":\"https:\/\/osaka.ma\/?s={search_term_string}\"},\"query-input\":{\"@type\":\"PropertyValueSpecification\",\"valueRequired\":true,\"valueName\":\"search_term_string\"}}],\"inLanguage\":\"de-DE\"},{\"@type\":\"Organization\",\"@id\":\"https:\/\/osaka.ma\/#organization\",\"name\":\"Osaka\",\"url\":\"https:\/\/osaka.ma\/\",\"logo\":{\"@type\":\"ImageObject\",\"inLanguage\":\"de-DE\",\"@id\":\"https:\/\/osaka.ma\/#\/schema\/logo\/image\/\",\"url\":\"https:\/\/osaka.ma\/wp-content\/uploads\/2026\/01\/model-slogan-logo-2Plan-de-travail-1dksl-plus-finnn.png\",\"contentUrl\":\"https:\/\/osaka.ma\/wp-content\/uploads\/2026\/01\/model-slogan-logo-2Plan-de-travail-1dksl-plus-finnn.png\",\"width\":842,\"height\":226,\"caption\":\"Osaka\"},\"image\":{\"@id\":\"https:\/\/osaka.ma\/#\/schema\/logo\/image\/\"}}]}<\/script>\n<!-- \/ Yoast SEO plugin. -->","yoast_head_json":{"title":"Connect N271A 27\u2033 IPS 100Hz - Osaka","robots":{"index":"index","follow":"follow","max-snippet":"max-snippet:-1","max-image-preview":"max-image-preview:large","max-video-preview":"max-video-preview:-1"},"canonical":"https:\/\/osaka.ma\/de\/product\/connect-n271a-27\u2033-ips-100hz\/","og_locale":"de_DE","og_type":"article","og_title":"Connect N271A 27\u2033 IPS 100Hz - Osaka","og_url":"https:\/\/osaka.ma\/de\/product\/connect-n271a-27\u2033-ips-100hz\/","og_site_name":"Osaka","article_modified_time":"2025-11-06T12:01:54+00:00","og_image":[{"width":700,"height":869,"url":"https:\/\/osaka.ma\/wp-content\/uploads\/2024\/09\/Connect-N271A-27\u2033-IPS-100Hz.jpg","type":"image\/jpeg"}],"twitter_card":"summary_large_image","twitter_misc":{"Est. reading time":"4 minutes"},"schema":{"@context":"https:\/\/schema.org","@graph":[{"@type":"WebPage","@id":"https:\/\/osaka.ma\/de\/product\/connect-n271a-27%e2%80%b3-ips-100hz\/","url":"https:\/\/osaka.ma\/de\/product\/connect-n271a-27%e2%80%b3-ips-100hz\/","name":"Connect N271A 27\u2033 IPS 100Hz - Osaka","isPartOf":{"@id":"https:\/\/osaka.ma\/#website"},"primaryImageOfPage":{"@id":"https:\/\/osaka.ma\/de\/product\/connect-n271a-27%e2%80%b3-ips-100hz\/#primaryimage"},"image":{"@id":"https:\/\/osaka.ma\/de\/product\/connect-n271a-27%e2%80%b3-ips-100hz\/#primaryimage"},"thumbnailUrl":"https:\/\/osaka.ma\/wp-content\/uploads\/2024\/09\/Connect-N271A-27\u2033-IPS-100Hz.jpg","datePublished":"2024-09-25T10:21:23+00:00","dateModified":"2025-11-06T12:01:54+00:00","breadcrumb":{"@id":"https:\/\/osaka.ma\/de\/product\/connect-n271a-27%e2%80%b3-ips-100hz\/#breadcrumb"},"inLanguage":"de-DE","potentialAction":[{"@type":"ReadAction","target":["https:\/\/osaka.ma\/de\/product\/connect-n271a-27%e2%80%b3-ips-100hz\/"]}]},{"@type":"ImageObject","inLanguage":"de-DE","@id":"https:\/\/osaka.ma\/de\/product\/connect-n271a-27%e2%80%b3-ips-100hz\/#primaryimage","url":"https:\/\/osaka.ma\/wp-content\/uploads\/2024\/09\/Connect-N271A-27\u2033-IPS-100Hz.jpg","contentUrl":"https:\/\/osaka.ma\/wp-content\/uploads\/2024\/09\/Connect-N271A-27\u2033-IPS-100Hz.jpg","width":700,"height":869},{"@type":"BreadcrumbList","@id":"https:\/\/osaka.ma\/de\/product\/connect-n271a-27%e2%80%b3-ips-100hz\/#breadcrumb","itemListElement":[{"@type":"ListItem","position":1,"name":"Home","item":"https:\/\/osaka.ma\/"},{"@type":"ListItem","position":2,"name":"Shop","item":"https:\/\/osaka.ma\/shop-2\/"},{"@type":"ListItem","position":3,"name":"Connect N271A 27\u2033 IPS 100Hz"}]},{"@type":"WebSite","@id":"https:\/\/osaka.ma\/#website","url":"https:\/\/osaka.ma\/","name":"Osaka","description":"","publisher":{"@id":"https:\/\/osaka.ma\/#organization"},"potentialAction":[{"@type":"SearchAction","target":{"@type":"EntryPoint","urlTemplate":"https:\/\/osaka.ma\/?s={search_term_string}"},"query-input":{"@type":"PropertyValueSpecification","valueRequired":true,"valueName":"search_term_string"}}],"inLanguage":"de-DE"},{"@type":"Organization","@id":"https:\/\/osaka.ma\/#organization","name":"Osaka","url":"https:\/\/osaka.ma\/","logo":{"@type":"ImageObject","inLanguage":"de-DE","@id":"https:\/\/osaka.ma\/#\/schema\/logo\/image\/","url":"https:\/\/osaka.ma\/wp-content\/uploads\/2026\/01\/model-slogan-logo-2Plan-de-travail-1dksl-plus-finnn.png","contentUrl":"https:\/\/osaka.ma\/wp-content\/uploads\/2026\/01\/model-slogan-logo-2Plan-de-travail-1dksl-plus-finnn.png","width":842,"height":226,"caption":"Osaka"},"image":{"@id":"https:\/\/osaka.ma\/#\/schema\/logo\/image\/"}}]}},"jetpack_sharing_enabled":true,"brands":[],"_links":{"self":[{"href":"https:\/\/osaka.ma\/de\/wp-json\/wp\/v2\/product\/10562","targetHints":{"allow":["GET"]}}],"collection":[{"href":"https:\/\/osaka.ma\/de\/wp-json\/wp\/v2\/product"}],"about":[{"href":"https:\/\/osaka.ma\/de\/wp-json\/wp\/v2\/types\/product"}],"version-history":[{"count":0,"href":"https:\/\/osaka.ma\/de\/wp-json\/wp\/v2\/product\/10562\/revisions"}],"wp:featuredmedia":[{"embeddable":true,"href":"https:\/\/osaka.ma\/de\/wp-json\/wp\/v2\/media\/1010563"}],"wp:attachment":[{"href":"https:\/\/osaka.ma\/de\/wp-json\/wp\/v2\/media?parent=10562"}],"wp:term":[{"taxonomy":"pwb-brand","embeddable":true,"href":"https:\/\/osaka.ma\/de\/wp-json\/wp\/v2\/pwb-brand?post=10562"},{"taxonomy":"product_brand","embeddable":true,"href":"https:\/\/osaka.ma\/de\/wp-json\/wp\/v2\/product_brand?post=10562"},{"taxonomy":"product_cat","embeddable":true,"href":"https:\/\/osaka.ma\/de\/wp-json\/wp\/v2\/product_cat?post=10562"},{"taxonomy":"product_tag","embeddable":true,"href":"https:\/\/osaka.ma\/de\/wp-json\/wp\/v2\/product_tag?post=10562"},{"taxonomy":"pcb_component_type","embeddable":true,"href":"https:\/\/osaka.ma\/de\/wp-json\/wp\/v2\/pcb_component_type?post=10562"}],"curies":[{"name":"wp","href":"https:\/\/api.w.org\/{rel}","templated":true}]}}