{"id":10765,"date":"2024-10-09T10:00:58","date_gmt":"2024-10-09T10:00:58","guid":{"rendered":"https:\/\/osaka.ma\/?post_type=product&#038;p=10765"},"modified":"2024-12-18T15:36:22","modified_gmt":"2024-12-18T15:36:22","slug":"pc-gamer-i9-11900k-32gb-1tb-ssd-rtx-4080-8gb","status":"publish","type":"product","link":"https:\/\/osaka.ma\/de\/product\/pc-gamer-i9-11900k-32gb-1tb-ssd-rtx-4080-8gb\/","title":{"rendered":"PC Gamer I9 11900K\/ 32GB\/ 1TB SSD\/ RTX 4060 8GB"},"content":{"rendered":"<div id=\"description\" class=\"description\">\n<div><img decoding=\"async\" class=\" wp-image-6550 aligncenter\" src=\"https:\/\/osaka.ma\/wp-content\/uploads\/2023\/10\/OSA-1.png\" alt=\"\" width=\"294\" height=\"113\" \/><\/div>\n<div><\/div>\n<\/div>\n<p><strong><i><img decoding=\"async\" class=\"\" src=\"https:\/\/media.ldlc.com\/bo\/images\/fiches\/kit_upgrade\/case_80.png\" alt=\"\" width=\"48\" height=\"48\" \/><\/i>PC Gamer Osaka<\/strong>\u00a0vous offre une configuration avec des composants \u00e9quilibr\u00e9s, ce PC Gamer compos\u00e9 d\u2019un processeur\u00a0<strong>INTEL\u00ae CORE\u2122i9 <\/strong>ainsi que d\u2019une carte graphique <strong>NVIDIA GEFORCE RTX 4000<\/strong> <b>series\u00a0<\/b>Il int\u00e8gre \u00e9galement un\u00a0<strong>SSD NVMe<\/strong>\u00a0<strong>GEN 4<\/strong>\u00a0pour un syst\u00e8me toujours plus rapide et<strong> RAM DDR4<\/strong>. Voila les atouts de ce PC puissant taill\u00e9 pour travailler dans les meilleures conditions.<\/p>\n<p>&nbsp;<\/p>\n<h2>CARACT\u00c9RISTIQUES PRINCIPALES :<\/h2>\n<ul>\n<li>Processeur <a href=\"https:\/\/osaka.ma\/produit\/intel-core-i9-11900k-3-5-ghz-5-3-ghz\/\"><strong>INTEL\u00aeCORE\u2122I9 11900K<\/strong><\/a> Processeur 20-Core (8 Performance-Cores 5.6 GHz Turbo + 12 Efficient-Cores 4.3 GHz Turbo) 28-Threads Socket 1700 Cache L3 36 MB Intel UHD Graphics 770<\/li>\n<li>Carte m\u00e8re <a href=\"https:\/\/osaka.ma\/produit\/asus-rog-strix-z490-a-gaming\/\"><strong>ASUS ROG Z490-F GAMING<\/strong><\/a><\/li>\n<li>Ram <a href=\"https:\/\/osaka.ma\/produit\/32gb-2-x-16gb-corsair-vengeance-rgb-pro-ddr4-3200mhz\/\"><strong>32GB DDR4 CORSAIR VENGEANCE RGB PRO 3200MHZ<\/strong><\/a><\/li>\n<li>Carte graphique <strong>MSI VENTUS XS RTX 4060 8GB<\/strong><\/li>\n<li>Bo\u00eetier <a href=\"https:\/\/osaka.ma\/produit\/corsair-3000d-airflow-noir\/\"><strong>Corsair 3000D Airflow (Noir)<\/strong><\/a><\/li>\n<li>SSD <a href=\"https:\/\/osaka.ma\/produit\/kingston-ssd-nv2-1tb-m-2-nvme\/\"><strong>Kingston SSD NV2 1TB M.2 NVMe<\/strong><\/a><\/li>\n<li>Ventirad <strong>DeepCool AK400 Black<\/strong><\/li>\n<li>Alimentation\u00a0<a href=\"https:\/\/osaka.ma\/produit\/msi-mag-a650bnl-80-bronze\/\"><b> MSI MAG A650BNL 650W 80PLUS BRONZE<\/b><\/a><\/li>\n<li><strong>Win11 \/ Bien assembl\u00e9<\/strong><\/li>\n<\/ul>\n<p>&nbsp;<\/p>\n<div class=\"logo\"><img decoding=\"async\" src=\"https:\/\/media.ldlc.com\/v3\/marque\/bo\/00\/05\/72\/22\/V30005722262_2.jpg\" alt=\"Intel\" \/><\/div>\n<div id=\"description\" class=\"description\">\n<div class=\"details-pdt-desc\">\n<h2 class=\"h2-master\">Processeur Intel Core 11\u00e8me g\u00e9n\u00e9ration Rocket Lake-S<\/h2>\n<section>La\u00a0<strong>11\u00e8me g\u00e9n\u00e9ration de processeur Intel Core Rocket Lake-S\u00a0<\/strong>vous propulse vers toujours plus de puissance gr\u00e2ce \u00e0 sa compatibilit\u00e9 avec la norme\u00a0<strong>PCI-Express 4.0<\/strong>\u00a0et la pr\u00e9sence de l\u2019<strong>Hyper Threading<\/strong>\u00a0sur toute la gamme depuis le Core i3 jusqu\u2019au Core i9. Ses fr\u00e9quences Turbo vont toujours plus haut en conservant des TDP identiques aux g\u00e9n\u00e9rations pr\u00e9c\u00e9dentes. Les performances de pointe et la fluidit\u00e9 sont de mise pour tous que ce soit pour une utilisation bureautique, cr\u00e9ative ou gaming. Le\u00a0<strong>processeur Intel Core i9-11900K<\/strong>\u00a0dot\u00e9 de\u00a0<strong>8 Cores<\/strong>\u00a0(16 Threads), de\u00a0<strong>16 Mo de cache<\/strong>\u00a0et de\u00a0<strong>fr\u00e9quences Turbo pouvant atteindre 5.3 GHz<\/strong>\u00a0se destine aux gamers avertis et aux utilisateurs qui ont besoin d\u2019un processeur \u00e0 l\u2019aise dans toutes les situations.Performances irr\u00e9sistibles dans les Jeux, r\u00e9alit\u00e9 virtuelle sans ralentissement, multit\u00e2che intensif, les processeurs Intel Core de 11\u00e8me g\u00e9n\u00e9ration sont ultra polyvalents et rien ne leur fait peur !<\/section>\n<section>\n<div class=\"desc-image\"><img decoding=\"async\" src=\"https:\/\/media.ldlc.com\/bo\/images\/fiches\/processeur\/intel\/rocket_lake_s\/800_1.jpg\" alt=\"\" \/><\/div>\n<div class=\"desc-text\">\n<h2>INTEL CORE I9-11900K : 8 CORES DE 3.5 GHZ \u00c0 5.3 GHZ<\/h2>\n<p>Le\u00a0<strong>processeur Intel Core i9-11900K<\/strong>\u00a0embarque\u00a0<strong>8 Coeurs et 16 threads<\/strong>\u00a0accompagn\u00e9s de\u00a0<strong>16 Mo de Cache.<\/strong>\u00a0Il propose des performances de haute vol\u00e9e\u00a0 avec sa fr\u00e9quence de base \u00e0 3.5 GHz et\u00a0<strong>jusqu\u2019 \u00e0 5.3 GHz en mode Turbo<\/strong>. Son\u00a0<strong>coefficient multiplicateur d\u00e9bloqu\u00e9<\/strong>\u00a0lui conf\u00e8re des possibilit\u00e9s de mont\u00e9e en fr\u00e9quence\u00a0 \u00e9lev\u00e9e via overclocking pour toujours plus de performances.<\/p>\n<\/div>\n<\/section>\n<section>\n<div class=\"desc-text\">\n<h2>LES GAMERS EN POINT DE MIRE<\/h2>\n<p>Avec le\u00a0<strong>processeur pour PC de bureau<\/strong>\u00a0Intel Core i9-11900K est \u00e0 m\u00eame de s\u2019affranchir rapidement et sans ralentissement des t\u00e2ches les plus lourdes et vous fera b\u00e9n\u00e9ficier d\u2019un multit\u00e2che intensif fluide. Il est aussi id\u00e9al pour jouer aux derniers jeux vid\u00e9o notamment les Triple-A, regarder des films en tr\u00e8s haute r\u00e9solution, cr\u00e9er et retoucher du contenu num\u00e9rique, la seule limit\u00e9 \u00e9tant votre imagination. Le processeur Intel Core i9 11\u00e8me g\u00e9n\u00e9ration est dot\u00e9 de la technologie\u00a0<em><strong>Intel Turbo Boost Max 3.0<\/strong><\/em><em>\u00a0<\/em>qui permet un surplus de puissance lorsque votre utilisation le demande.<\/p>\n<\/div>\n<div class=\"desc-image\"><img decoding=\"async\" src=\"https:\/\/media.ldlc.com\/bo\/images\/fiches\/processeur\/intel\/rocket_lake_s\/800_2.jpg\" alt=\"\" \/><\/div>\n<\/section>\n<section>\n<div class=\"desc-image\"><img decoding=\"async\" src=\"https:\/\/media.ldlc.com\/bo\/images\/fiches\/processeur\/intel\/rocket_lake_s\/800_3.jpg\" alt=\"\" \/><\/div>\n<div class=\"desc-text\">\n<h2><\/h2>\n<h2>UNE CR\u00c9ATIVIT\u00c9 ILLIMIT\u00c9E<\/h2>\n<p>Le processeur Intel Core i9-11900K est de taille pour vous permettre d\u2019exprimer votre cr\u00e9ativit\u00e9 en toute fluidit\u00e9 et vos t\u00e2ches quotidiennes seront ex\u00e9cut\u00e9es toujours avec la m\u00eame rapidit\u00e9. Ses 8 c\u0153urs (16 threads) et sa fr\u00e9quence turbo \u00e0 5.3 Ghz, feront de ce processeur un \u00e9lement de choix pour les joueurs \u00e0 la recherche d\u2019un processeur avec un bon rapport performances\/prix.<\/p>\n<\/div>\n<\/section>\n<\/div>\n<\/div>\n<p>&nbsp;<\/p>\n<div class=\"logo\">\n<div class=\"logo\"><img decoding=\"async\" class=\"aligncenter\" src=\"https:\/\/media.ldlc.com\/v3\/marque\/bo\/00\/05\/99\/39\/V30005993997.gif\" alt=\"MSI\" \/><\/div>\n<div id=\"description\" class=\"description\">\n<div class=\"details-pdt-desc\">\n<h2 class=\"h2-master\">NVIDIA DLSS 3 et ray tracing au coeur du jeu<\/h2>\n<section>Bas\u00e9e sur l\u2019architecture NVIDIA Ada Lovelace, la carte graphique\u00a0<strong>MSI GeForce RTX 4060 VENTUS XS BLACK 8G <\/strong>s\u2019appuie sur la technologie\u00a0<strong>DLSS 3\u00a0<\/strong>et le<strong>\u00a0ray tracing mat\u00e9riel<\/strong>\u00a0pour sublimer les jeux les plus r\u00e9cents et vous permettre de vivre une exp\u00e9rience vid\u00e9oludique immersive et r\u00e9aliste. Au-del\u00e0 du jeu, les cartes graphiques NVIDIA GeForce RTX 4060 offrent de hautes performances pour cr\u00e9er et streamer.<\/section>\n<section>\n<div class=\"desc-image\"><img decoding=\"async\" src=\"https:\/\/media.ldlc.com\/bo\/images\/fiches\/Carte_graphique\/MSI\/msi_rtx_ventus_2x_black_001.jpg\" alt=\"\" \/><\/div>\n<div class=\"desc-text\">\n<h2>MSI GEFORCE RTX 4060 VENTUS XS BLACK 8G<\/h2>\n<ul>\n<li>Syst\u00e8me de refroidissement Dual Fan<\/li>\n<li>Ventilateurs TORX FAN 4.0<\/li>\n<li>Backplate renrforc\u00e9e<\/li>\n<li>Technologie Zero Frozr : arr\u00eat des ventilateurs lorsque le syst\u00e8me est peu sollicit\u00e9<\/li>\n<li>Logiciels MSI Center et Afterburner<\/li>\n<\/ul>\n<\/div>\n<\/section>\n<section>\n<div class=\"desc-text\">\n<h2>ARCHITECTURE NVIDIA ADA LOVELACE<\/h2>\n<p>Cette architecture nouvelle va vous permettre de garder une longueur d\u2019avance. Elle est en avance sur son temps comme sur le jeu.<\/p>\n<ul>\n<li>Nouveaux multiprocesseurs de flux : Jusqu\u2019\u00e0 2 fois plus de performances et de rendement \u00e9nerg\u00e9tique<\/li>\n<li>C\u0153urs Tensor de quatri\u00e8me g\u00e9n\u00e9ration : Jusqu\u2019\u00e0 2 fois plus de performances d\u2019IA<\/li>\n<li>C\u0153urs RT de troisi\u00e8me g\u00e9n\u00e9ration : Jusqu\u2019\u00e0 2 fois plus de performances de ray tracing et des graphismes r\u00e9alistes et immersifs<\/li>\n<li>Plateforme NVIDIA Reflex \u00e0 faible latence<\/li>\n<li>Encodeur NVIDIA : Conception pour le streaming en direct<\/li>\n<li>NVIDIA Broadcast : Vid\u00e9o et voix optimis\u00e9es par l\u2019IA<\/li>\n<li>NVIDIA Studio : Acc\u00e9l\u00e9rez votre cr\u00e9ativit\u00e9<\/li>\n<li>NVIDIA DLSS 3 : Performances acc\u00e9l\u00e9r\u00e9es par l\u2019IA<\/li>\n<\/ul>\n<p>&nbsp;<\/p>\n<\/div>\n<div class=\"desc-image\"><img decoding=\"async\" src=\"https:\/\/media.ldlc.com\/bo\/images\/fiches\/Carte_graphique\/NVIDIA\/nvidia_ada_lovelace_001.jpg\" alt=\"\" \/><\/div>\n<\/section>\n<section>\n<div class=\"desc-image\"><img decoding=\"async\" src=\"https:\/\/media.ldlc.com\/bo\/images\/fiches\/Carte_graphique\/NVIDIA\/nvidia_ada_lovelace_002.jpg\" alt=\"\" \/><\/div>\n<div class=\"desc-text\">\n<h2>RAY TRACING<\/h2>\n<p>Hyper-r\u00e9aliste et hyper-rapide, le Ray tracing vous rapproche au plus pr\u00e8s de la r\u00e9alit\u00e9. L\u2019architecture Ada exploite toute la puissance du ray tracing, qui simule le comportement de la lumi\u00e8re dans le monde r\u00e9el. Gr\u00e2ce \u00e0 la puissance des GPU RTX s\u00e9rie 40 et aux c\u0153urs RT de troisi\u00e8me g\u00e9n\u00e9ration, vous profitez de mondes virtuels plus d\u00e9taill\u00e9s que jamais.<\/p>\n<\/div>\n<\/section>\n<section>\n<div class=\"desc-text\">\n<h2>NVIDIA DLSS\u00a03<\/h2>\n<p>Multipliez vos performances gr\u00e2ce \u00e0 l\u2019IA. Innovation r\u00e9volutionnaire dans le domaine du rendu graphique bas\u00e9 sur l\u2019IA, le DLSS acc\u00e9l\u00e8re grandement les performances de jeu. Optimis\u00e9 par les c\u0153urs Tensor de quatri\u00e8me g\u00e9n\u00e9ration et l\u2019acc\u00e9l\u00e9rateur de flux optiques des GPU GeForce RTX s\u00e9rie 40, le DLSS 3 exploite l\u2019IA pour g\u00e9n\u00e9rer des images additionnelles de haute qualit\u00e9.<\/p>\n<\/div>\n<div class=\"desc-image\"><img decoding=\"async\" src=\"https:\/\/media.ldlc.com\/bo\/images\/fiches\/Carte_graphique\/NVIDIA\/nvidia_ada_lovelace_003.jpg\" alt=\"\" \/><\/div>\n<\/section>\n<section>\n<div class=\"desc-image\"><img decoding=\"async\" src=\"https:\/\/media.ldlc.com\/bo\/images\/fiches\/Carte_graphique\/NVIDIA\/nvidia_ada_lovelace_004.jpg\" alt=\"\" \/><\/div>\n<div class=\"desc-text\">\n<h2>NVIDIA REFLEX<\/h2>\n<p>La victoire se mesure en millisecondes. Les GPU GeForce RTX s\u00e9rie 40 et la technologie NVIDIA Reflex fournissent la latence la plus faible et la meilleure r\u00e9activit\u00e9 pour vous garantir un avantage comp\u00e9titif ultime. Con\u00e7ue pour optimiser et mesurer la latence de votre syst\u00e8me, la technologie NVIDIA Reflex acc\u00e9l\u00e8re l\u2019acquisition des cibles, minimise les temps de r\u00e9action et renforce la pr\u00e9cision de vos tirs dans les jeux comp\u00e9titifs.<\/p>\n<\/div>\n<\/section>\n<section>\n<div class=\"desc-text\">\n<h2>NVIDIA STUDIO<\/h2>\n<p>Vos id\u00e9es, acc\u00e9l\u00e9r\u00e9es par NVIDIA Studio. Faites passer vos projets cr\u00e9atifs au niveau sup\u00e9rieur avec NVIDIA Studio. Optimis\u00e9es par un nouveau mat\u00e9riel d\u00e9di\u00e9, les cartes graphiques RTX s\u00e9rie 40 vous fournissent des performances in\u00e9gal\u00e9es pour le rendu 3D, le montage vid\u00e9o et la conception graphique. Profitez des capacit\u00e9s d\u2019acc\u00e9l\u00e9ration sans pr\u00e9c\u00e9dent de RTX dans les principales applications de cr\u00e9ation du march\u00e9, des pilotes NVIDIA Studio \u00e0 la pointe de la technologie con\u00e7us pour garantir un maximum de stabilit\u00e9 et d\u2019une suite d\u2019outils exclusifs exploitant la puissance de RTX pour acc\u00e9l\u00e9rer les workflows de cr\u00e9ation assist\u00e9s par l\u2019IA.<\/p>\n<\/div>\n<div class=\"desc-image\"><img decoding=\"async\" src=\"https:\/\/media.ldlc.com\/bo\/images\/fiches\/Carte_graphique\/NVIDIA\/nvidia_ada_lovelace_005.jpg\" alt=\"\" \/><\/div>\n<\/section>\n<\/div>\n<\/div>\n<\/div>\n<div><\/div>\n<div><a href=\"https:\/\/www.ldlc.com\/kingston\/bint000005591\/\" rel=\"nofollow noopener\" target=\"_blank\"><img decoding=\"async\" src=\"https:\/\/media.ldlc.com\/v3\/marque\/190\/C000005591.gif\" alt=\"Kingston\" \/><\/a><\/div>\n<div>\n<p>Le SSD Kingston NV2 se dote d\u2019une interface PCIe 4.0 x4 NVMe pour une solution de stockage qui offre des vitesses de lecture\/\u00e9criture allant jusqu\u2019\u00e0 3 500\/2 800 Mo\/s (suivant les mod\u00e8les). Sa conception compacte et unilat\u00e9rale M.2 2280 rend le NV2 id\u00e9al pour les ordinateurs portables et les syst\u00e8mes \u00e0 petit facteur de forme (SFF). Il est propos\u00e9 dans des capacit\u00e9s \u00e0 partir de 250 Go.<\/p>\n<p>&nbsp;<\/p>\n<p><strong>Format de Disque<\/strong>\u00a0: Carte M.2<\/p>\n<p><strong>Capacit\u00e9 de disque<\/strong>\u00a0: 1 To<\/p>\n<p><strong>Interface<\/strong>\u00a0: PCI-E 4.0 4x<\/p>\n<p><strong>Vitesse en lecture<\/strong>\u00a0: 3500 Mo\/s<\/p>\n<p><strong>Vitesse en \u00e9criture<\/strong>\u00a0: 2100 Mo\/s<\/p>\n<\/div>\n","protected":false},"excerpt":{"rendered":"<h2>CARACT\u00c9RISTIQUES PRINCIPALES :<\/h2>\n<ul>\n<li>Processeur <strong>INTEL\u00aeCORE\u2122I9 11900K<\/strong> Processeur 20-Core (8 Performance-Cores 5.6 GHz Turbo + 12 Efficient-Cores 4.3 GHz Turbo) 28-Threads Socket 1700 Cache L3 36 MB Intel UHD Graphics 770<\/li>\n<li>Carte m\u00e8re <strong>ASUS ROG Z490-F GAMING<\/strong><\/li>\n<li>Ram <strong>32GB DDR4 CORSAIR VENGEANCE RGB PRO 3200MHZ<\/strong><\/li>\n<li>Carte graphique <strong>MSI VENTUS XS RTX 4060 8GB<\/strong><\/li>\n<li>Bo\u00eetier <strong>Corsair 3000D Airflow (Noir)<\/strong><\/li>\n<li>SSD <strong>Kingston SSD NV2 1TB M.2 NVMe<\/strong><\/li>\n<li>Ventirad <strong>DeepCool AK400 Black<\/strong><\/li>\n<li>Alimentation\u00a0<b> MSI MAG A650BNL 650W 80PLUS BRONZE<\/b><\/li>\n<li><strong>Win11 \/ Bien assembl\u00e9<\/strong><\/li>\n<\/ul>\n","protected":false},"featured_media":1010489,"template":"","meta":{"_acf_changed":false},"pwb-brand":[],"product_brand":[],"product_cat":[57,53],"product_tag":[],"pcb_component_type":[],"class_list":{"0":"post-10765","1":"product","2":"type-product","3":"status-publish","4":"has-post-thumbnail","6":"product_cat-intel","7":"product_cat-pc-gamer","9":"first","10":"outofstock","11":"shipping-taxable","12":"product-type-simple"},"translation":{"provider":"WPGlobus","version":"3.0.2","language":"de","enabled_languages":["en","es","de","fr","ru"],"languages":{"en":{"title":true,"content":true,"excerpt":true},"es":{"title":false,"content":false,"excerpt":false},"de":{"title":false,"content":false,"excerpt":false},"fr":{"title":false,"content":false,"excerpt":false},"ru":{"title":false,"content":false,"excerpt":false}}},"acf":[],"yoast_head":"<!-- This site is optimized with the Yoast SEO plugin v27.2 - https:\/\/yoast.com\/product\/yoast-seo-wordpress\/ -->\n<title>PC Gamer I9 11900K\/ 32GB\/ 1TB SSD\/ RTX 4060 8GB - Osaka<\/title>\n<meta name=\"robots\" content=\"index, follow, max-snippet:-1, max-image-preview:large, max-video-preview:-1\" \/>\n<link rel=\"canonical\" href=\"https:\/\/osaka.ma\/product\/pc-gamer-i9-11900k-32gb-1tb-ssd-rtx-4080-8gb\/\" \/>\n<meta property=\"og:locale\" content=\"de_DE\" \/>\n<meta property=\"og:type\" content=\"article\" \/>\n<meta property=\"og:title\" content=\"PC Gamer I9 11900K\/ 32GB\/ 1TB SSD\/ RTX 4060 8GB - Osaka\" \/>\n<meta property=\"og:url\" content=\"https:\/\/osaka.ma\/product\/pc-gamer-i9-11900k-32gb-1tb-ssd-rtx-4080-8gb\/\" \/>\n<meta property=\"og:site_name\" content=\"Osaka\" \/>\n<meta property=\"article:modified_time\" content=\"2024-12-18T15:36:22+00:00\" \/>\n<meta property=\"og:image\" content=\"https:\/\/osaka.ma\/wp-content\/uploads\/2024\/09\/corsair-icue-3000d-rgb-airflow-noir.jpg\" \/>\n\t<meta property=\"og:image:width\" content=\"370\" \/>\n\t<meta property=\"og:image:height\" content=\"423\" \/>\n\t<meta property=\"og:image:type\" content=\"image\/jpeg\" \/>\n<meta name=\"twitter:card\" content=\"summary_large_image\" \/>\n<meta name=\"twitter:label1\" content=\"Est. reading time\" \/>\n\t<meta name=\"twitter:data1\" content=\"8 minutes\" \/>\n<script type=\"application\/ld+json\" class=\"yoast-schema-graph\">{\"@context\":\"https:\/\/schema.org\",\"@graph\":[{\"@type\":\"WebPage\",\"@id\":\"https:\/\/osaka.ma\/product\/pc-gamer-i9-11900k-32gb-1tb-ssd-rtx-4080-8gb\/\",\"url\":\"https:\/\/osaka.ma\/product\/pc-gamer-i9-11900k-32gb-1tb-ssd-rtx-4080-8gb\/\",\"name\":\"PC Gamer I9 11900K\/ 32GB\/ 1TB SSD\/ RTX 4060 8GB - Osaka\",\"isPartOf\":{\"@id\":\"https:\/\/osaka.ma\/#website\"},\"primaryImageOfPage\":{\"@id\":\"https:\/\/osaka.ma\/product\/pc-gamer-i9-11900k-32gb-1tb-ssd-rtx-4080-8gb\/#primaryimage\"},\"image\":{\"@id\":\"https:\/\/osaka.ma\/product\/pc-gamer-i9-11900k-32gb-1tb-ssd-rtx-4080-8gb\/#primaryimage\"},\"thumbnailUrl\":\"https:\/\/osaka.ma\/wp-content\/uploads\/2024\/09\/corsair-icue-3000d-rgb-airflow-noir.jpg\",\"datePublished\":\"2024-10-09T10:00:58+00:00\",\"dateModified\":\"2024-12-18T15:36:22+00:00\",\"breadcrumb\":{\"@id\":\"https:\/\/osaka.ma\/product\/pc-gamer-i9-11900k-32gb-1tb-ssd-rtx-4080-8gb\/#breadcrumb\"},\"inLanguage\":\"de-DE\",\"potentialAction\":[{\"@type\":\"ReadAction\",\"target\":[\"https:\/\/osaka.ma\/product\/pc-gamer-i9-11900k-32gb-1tb-ssd-rtx-4080-8gb\/\"]}]},{\"@type\":\"ImageObject\",\"inLanguage\":\"de-DE\",\"@id\":\"https:\/\/osaka.ma\/product\/pc-gamer-i9-11900k-32gb-1tb-ssd-rtx-4080-8gb\/#primaryimage\",\"url\":\"https:\/\/osaka.ma\/wp-content\/uploads\/2024\/09\/corsair-icue-3000d-rgb-airflow-noir.jpg\",\"contentUrl\":\"https:\/\/osaka.ma\/wp-content\/uploads\/2024\/09\/corsair-icue-3000d-rgb-airflow-noir.jpg\",\"width\":370,\"height\":423},{\"@type\":\"BreadcrumbList\",\"@id\":\"https:\/\/osaka.ma\/product\/pc-gamer-i9-11900k-32gb-1tb-ssd-rtx-4080-8gb\/#breadcrumb\",\"itemListElement\":[{\"@type\":\"ListItem\",\"position\":1,\"name\":\"Home\",\"item\":\"https:\/\/osaka.ma\/\"},{\"@type\":\"ListItem\",\"position\":2,\"name\":\"Shop\",\"item\":\"https:\/\/osaka.ma\/shop-2\/\"},{\"@type\":\"ListItem\",\"position\":3,\"name\":\"PC Gamer I9 11900K\/ 32GB\/ 1TB SSD\/ RTX 4060 8GB\"}]},{\"@type\":\"WebSite\",\"@id\":\"https:\/\/osaka.ma\/#website\",\"url\":\"https:\/\/osaka.ma\/\",\"name\":\"Osaka\",\"description\":\"\",\"publisher\":{\"@id\":\"https:\/\/osaka.ma\/#organization\"},\"potentialAction\":[{\"@type\":\"SearchAction\",\"target\":{\"@type\":\"EntryPoint\",\"urlTemplate\":\"https:\/\/osaka.ma\/?s={search_term_string}\"},\"query-input\":{\"@type\":\"PropertyValueSpecification\",\"valueRequired\":true,\"valueName\":\"search_term_string\"}}],\"inLanguage\":\"de-DE\"},{\"@type\":\"Organization\",\"@id\":\"https:\/\/osaka.ma\/#organization\",\"name\":\"Osaka\",\"url\":\"https:\/\/osaka.ma\/\",\"logo\":{\"@type\":\"ImageObject\",\"inLanguage\":\"de-DE\",\"@id\":\"https:\/\/osaka.ma\/#\/schema\/logo\/image\/\",\"url\":\"https:\/\/osaka.ma\/wp-content\/uploads\/2026\/01\/model-slogan-logo-2Plan-de-travail-1dksl-plus-finnn.png\",\"contentUrl\":\"https:\/\/osaka.ma\/wp-content\/uploads\/2026\/01\/model-slogan-logo-2Plan-de-travail-1dksl-plus-finnn.png\",\"width\":842,\"height\":226,\"caption\":\"Osaka\"},\"image\":{\"@id\":\"https:\/\/osaka.ma\/#\/schema\/logo\/image\/\"}}]}<\/script>\n<!-- \/ Yoast SEO plugin. -->","yoast_head_json":{"title":"PC Gamer I9 11900K\/ 32GB\/ 1TB SSD\/ RTX 4060 8GB - Osaka","robots":{"index":"index","follow":"follow","max-snippet":"max-snippet:-1","max-image-preview":"max-image-preview:large","max-video-preview":"max-video-preview:-1"},"canonical":"https:\/\/osaka.ma\/product\/pc-gamer-i9-11900k-32gb-1tb-ssd-rtx-4080-8gb\/","og_locale":"de_DE","og_type":"article","og_title":"PC Gamer I9 11900K\/ 32GB\/ 1TB SSD\/ RTX 4060 8GB - Osaka","og_url":"https:\/\/osaka.ma\/product\/pc-gamer-i9-11900k-32gb-1tb-ssd-rtx-4080-8gb\/","og_site_name":"Osaka","article_modified_time":"2024-12-18T15:36:22+00:00","og_image":[{"width":370,"height":423,"url":"https:\/\/osaka.ma\/wp-content\/uploads\/2024\/09\/corsair-icue-3000d-rgb-airflow-noir.jpg","type":"image\/jpeg"}],"twitter_card":"summary_large_image","twitter_misc":{"Est. reading time":"8 minutes"},"schema":{"@context":"https:\/\/schema.org","@graph":[{"@type":"WebPage","@id":"https:\/\/osaka.ma\/product\/pc-gamer-i9-11900k-32gb-1tb-ssd-rtx-4080-8gb\/","url":"https:\/\/osaka.ma\/product\/pc-gamer-i9-11900k-32gb-1tb-ssd-rtx-4080-8gb\/","name":"PC Gamer I9 11900K\/ 32GB\/ 1TB SSD\/ RTX 4060 8GB - Osaka","isPartOf":{"@id":"https:\/\/osaka.ma\/#website"},"primaryImageOfPage":{"@id":"https:\/\/osaka.ma\/product\/pc-gamer-i9-11900k-32gb-1tb-ssd-rtx-4080-8gb\/#primaryimage"},"image":{"@id":"https:\/\/osaka.ma\/product\/pc-gamer-i9-11900k-32gb-1tb-ssd-rtx-4080-8gb\/#primaryimage"},"thumbnailUrl":"https:\/\/osaka.ma\/wp-content\/uploads\/2024\/09\/corsair-icue-3000d-rgb-airflow-noir.jpg","datePublished":"2024-10-09T10:00:58+00:00","dateModified":"2024-12-18T15:36:22+00:00","breadcrumb":{"@id":"https:\/\/osaka.ma\/product\/pc-gamer-i9-11900k-32gb-1tb-ssd-rtx-4080-8gb\/#breadcrumb"},"inLanguage":"de-DE","potentialAction":[{"@type":"ReadAction","target":["https:\/\/osaka.ma\/product\/pc-gamer-i9-11900k-32gb-1tb-ssd-rtx-4080-8gb\/"]}]},{"@type":"ImageObject","inLanguage":"de-DE","@id":"https:\/\/osaka.ma\/product\/pc-gamer-i9-11900k-32gb-1tb-ssd-rtx-4080-8gb\/#primaryimage","url":"https:\/\/osaka.ma\/wp-content\/uploads\/2024\/09\/corsair-icue-3000d-rgb-airflow-noir.jpg","contentUrl":"https:\/\/osaka.ma\/wp-content\/uploads\/2024\/09\/corsair-icue-3000d-rgb-airflow-noir.jpg","width":370,"height":423},{"@type":"BreadcrumbList","@id":"https:\/\/osaka.ma\/product\/pc-gamer-i9-11900k-32gb-1tb-ssd-rtx-4080-8gb\/#breadcrumb","itemListElement":[{"@type":"ListItem","position":1,"name":"Home","item":"https:\/\/osaka.ma\/"},{"@type":"ListItem","position":2,"name":"Shop","item":"https:\/\/osaka.ma\/shop-2\/"},{"@type":"ListItem","position":3,"name":"PC Gamer I9 11900K\/ 32GB\/ 1TB SSD\/ RTX 4060 8GB"}]},{"@type":"WebSite","@id":"https:\/\/osaka.ma\/#website","url":"https:\/\/osaka.ma\/","name":"Osaka","description":"","publisher":{"@id":"https:\/\/osaka.ma\/#organization"},"potentialAction":[{"@type":"SearchAction","target":{"@type":"EntryPoint","urlTemplate":"https:\/\/osaka.ma\/?s={search_term_string}"},"query-input":{"@type":"PropertyValueSpecification","valueRequired":true,"valueName":"search_term_string"}}],"inLanguage":"de-DE"},{"@type":"Organization","@id":"https:\/\/osaka.ma\/#organization","name":"Osaka","url":"https:\/\/osaka.ma\/","logo":{"@type":"ImageObject","inLanguage":"de-DE","@id":"https:\/\/osaka.ma\/#\/schema\/logo\/image\/","url":"https:\/\/osaka.ma\/wp-content\/uploads\/2026\/01\/model-slogan-logo-2Plan-de-travail-1dksl-plus-finnn.png","contentUrl":"https:\/\/osaka.ma\/wp-content\/uploads\/2026\/01\/model-slogan-logo-2Plan-de-travail-1dksl-plus-finnn.png","width":842,"height":226,"caption":"Osaka"},"image":{"@id":"https:\/\/osaka.ma\/#\/schema\/logo\/image\/"}}]}},"jetpack_sharing_enabled":true,"brands":[],"_links":{"self":[{"href":"https:\/\/osaka.ma\/de\/wp-json\/wp\/v2\/product\/10765","targetHints":{"allow":["GET"]}}],"collection":[{"href":"https:\/\/osaka.ma\/de\/wp-json\/wp\/v2\/product"}],"about":[{"href":"https:\/\/osaka.ma\/de\/wp-json\/wp\/v2\/types\/product"}],"version-history":[{"count":0,"href":"https:\/\/osaka.ma\/de\/wp-json\/wp\/v2\/product\/10765\/revisions"}],"wp:featuredmedia":[{"embeddable":true,"href":"https:\/\/osaka.ma\/de\/wp-json\/wp\/v2\/media\/1010489"}],"wp:attachment":[{"href":"https:\/\/osaka.ma\/de\/wp-json\/wp\/v2\/media?parent=10765"}],"wp:term":[{"taxonomy":"pwb-brand","embeddable":true,"href":"https:\/\/osaka.ma\/de\/wp-json\/wp\/v2\/pwb-brand?post=10765"},{"taxonomy":"product_brand","embeddable":true,"href":"https:\/\/osaka.ma\/de\/wp-json\/wp\/v2\/product_brand?post=10765"},{"taxonomy":"product_cat","embeddable":true,"href":"https:\/\/osaka.ma\/de\/wp-json\/wp\/v2\/product_cat?post=10765"},{"taxonomy":"product_tag","embeddable":true,"href":"https:\/\/osaka.ma\/de\/wp-json\/wp\/v2\/product_tag?post=10765"},{"taxonomy":"pcb_component_type","embeddable":true,"href":"https:\/\/osaka.ma\/de\/wp-json\/wp\/v2\/pcb_component_type?post=10765"}],"curies":[{"name":"wp","href":"https:\/\/api.w.org\/{rel}","templated":true}]}}