{"id":10839,"date":"2024-10-16T15:24:50","date_gmt":"2024-10-16T15:24:50","guid":{"rendered":"https:\/\/osaka.ma\/?post_type=product&#038;p=10839"},"modified":"2024-12-18T15:36:23","modified_gmt":"2024-12-18T15:36:23","slug":"lenovo-legion-slim-5-ryzen-7-8845hs-16gb-512gb-rtx-4060-8gb-16-qhd-165hz","status":"publish","type":"product","link":"https:\/\/osaka.ma\/de\/product\/lenovo-legion-slim-5-ryzen-7-8845hs-16gb-512gb-rtx-4060-8gb-16-qhd-165hz\/","title":{"rendered":"LENOVO LEGION SLIM 5 RYZEN 7 8845HS\/ 16GB\/ 512GB RTX 4060 8GB 16&#8243; QHD+ 165HZ"},"content":{"rendered":"<div class=\"logo\"><a href=\"https:\/\/www.ldlc.com\/lenovo\/bint000033945\/\" rel=\"nofollow noopener\" target=\"_blank\"><img decoding=\"async\" src=\"https:\/\/media.ldlc.com\/v3\/marque\/bo\/00\/03\/12\/03\/V30003120395_2.jpg\" alt=\"Lenovo\" \/><\/a><\/div>\n<div id=\"description\" class=\"description\">\n<div class=\"details-pdt-desc\">\n<h2 class=\"h2-master\">Confort et efficacit\u00e9 au quotidien<\/h2>\n<section>Avec son format mince et ses composants performants, le PC portable\u00a0<strong>Lenovo IdeaPad Slim 5<\/strong>\u00a0allie confort et mobilit\u00e9. Cet ordinateur portable sera un achat id\u00e9al pour les besoins informatiques du quotidien, y compris le divertissement multim\u00e9dia occasionnel.<\/section>\n<section>\n<div class=\"desc-image\"><img decoding=\"async\" src=\"https:\/\/media.ldlc.com\/bo\/images\/fiches\/pc_portables\/lenovo\/ideapad_slim_5_gen9\/801.jpg\" alt=\"\" \/><\/div>\n<div class=\"desc-text\">\n<h2>Performance au quotidien<\/h2>\n<p>Accomplissez sans effort les t\u00e2ches quotidiennes gr\u00e2ce aux performances \u00e9lev\u00e9es des processeurs AMD Ryzen. Gr\u00e2ce aux grandes capacit\u00e9s de m\u00e9moire et de stockage, vous pouvez acc\u00e9der \u00e0 vos contenus en un clin d\u2019\u0153il. De plus, l\u2019IdeaPad Slim 5 Gen 9 est dot\u00e9 de Smart Power pour offrir des performances, une autonomie et des capacit\u00e9s de refroidissement optimales en fonction de la t\u00e2che \u00e0 accomplir.<\/p>\n<\/div>\n<\/section>\n<section>\n<div class=\"desc-text\">\n<h2>Productivit\u00e9 nomade<\/h2>\n<p>Gr\u00e2ce aux outils de conf\u00e9rence Full HD du portable IdeaPad Slim 5, \u00e0 une large gamme de ports et \u00e0 une batterie dont l\u2019autonomie dure toute la journ\u00e9e et qui se recharge en un clin d\u2019\u0153il, vous n\u2019\u00eates jamais en manque de productivit\u00e9. Adapt\u00e9e \u00e0 votre pr\u00e9sence, la cam\u00e9ra Full HD infrarouge utilise un capteur ToF pour des identifications sans contact faciles, une sortie de veille instantan\u00e9e et un verrouillage automatique de l&#8217;ordinateur. Deux ports USB-C multifonction vous permettent d&#8217;\u00e9tendre vos flux de travail, de charger des accessoires et de transf\u00e9rer des fichiers volumineux rapidement.<\/p>\n<\/div>\n<div class=\"desc-image\"><img decoding=\"async\" src=\"https:\/\/media.ldlc.com\/bo\/images\/fiches\/pc_portables\/lenovo\/ideapad_slim_5_gen9\/802.jpg\" alt=\"\" \/><\/div>\n<\/section>\n<section class=\"list\">\n<h2>Caract\u00e9ristiques principales :<\/h2>\n<ul>\n<li><strong>Processeur AMD Ryzen 7 8845HS <\/strong>(8 Cores 3.8 GHz \/ 5.1 GHz Turbo &#8211; 16 Threads &#8211; Cache 16 MB)<\/li>\n<li>16 Go de m\u00e9moire DDR5 (m\u00e9moire int\u00e9gr\u00e9e)<\/li>\n<li>\u00c9cran anti-reflets de 16&#8243; avec r\u00e9solution\u00a0<strong>QHD+<\/strong> (2560 x 1600 pixels) et fr\u00e9quence de <strong>165Hz<\/strong><\/li>\n<li><strong>SSD M.2 PCIe de 512 Go<\/strong><\/li>\n<li>Communication sans fil\u00a0<strong>Wi-Fi 6E\u00a0<\/strong>+\u00a0<strong>Bluetooth 5.2<\/strong><\/li>\n<li>Haut-parleurs st\u00e9r\u00e9o avec technologie Dolby Audio<\/li>\n<li>Module TPM 2.0 (firmware)<\/li>\n<li>Webcam HD 1080p avec obturateur int\u00e9gr\u00e9<\/li>\n<li><strong>Microsoft Windows 11 Famille<\/strong><\/li>\n<li>neuf<\/li>\n<\/ul>\n<\/section>\n<\/div>\n<\/div>\n","protected":false},"excerpt":{"rendered":"<h2>Caract\u00e9ristiques principales :<\/h2>\n<ul>\n<li><strong>Processeur AMD Ryzen 7 8845HS <\/strong>(8 Cores 3.8 GHz \/ 5.1 GHz Turbo &#8211; 16 Threads &#8211; Cache 16 MB)<\/li>\n<li>16 Go de m\u00e9moire DDR5 (m\u00e9moire int\u00e9gr\u00e9e)<\/li>\n<li>\u00c9cran anti-reflets de 16&#8243; avec r\u00e9solution\u00a0<strong>QHD+<\/strong> (2560 x 1600 pixels) et fr\u00e9quence de <strong>165Hz<\/strong><\/li>\n<li><strong>SSD M.2 PCIe de 512 Go<\/strong><\/li>\n<li>Communication sans fil\u00a0<strong>Wi-Fi 6E\u00a0<\/strong>+\u00a0<strong>Bluetooth 5.2<\/strong><\/li>\n<li>Haut-parleurs st\u00e9r\u00e9o avec technologie Dolby Audio<\/li>\n<li>Module TPM 2.0 (firmware)<\/li>\n<li>Webcam HD 1080p avec obturateur int\u00e9gr\u00e9<\/li>\n<li><strong>Microsoft Windows 11 Famille<\/strong><\/li>\n<li>neuf<\/li>\n<\/ul>\n","protected":false},"featured_media":1010847,"template":"","meta":{"_acf_changed":false},"pwb-brand":[],"product_brand":[],"product_cat":[122,121,126],"product_tag":[],"pcb_component_type":[],"class_list":{"0":"post-10839","1":"product","2":"type-product","3":"status-publish","4":"has-post-thumbnail","6":"product_cat-gaming","7":"product_cat-pc-portable","8":"product_cat-professional","10":"first","11":"outofstock","12":"shipping-taxable","13":"product-type-simple"},"translation":{"provider":"WPGlobus","version":"3.0.2","language":"de","enabled_languages":["en","es","de","fr","ru"],"languages":{"en":{"title":true,"content":true,"excerpt":true},"es":{"title":false,"content":false,"excerpt":false},"de":{"title":false,"content":false,"excerpt":false},"fr":{"title":false,"content":false,"excerpt":false},"ru":{"title":false,"content":false,"excerpt":false}}},"acf":[],"yoast_head":"<!-- This site is optimized with the Yoast SEO plugin v27.2 - https:\/\/yoast.com\/product\/yoast-seo-wordpress\/ -->\n<title>LENOVO LEGION SLIM 5 RYZEN 7 8845HS\/ 16GB\/ 512GB RTX 4060 8GB 16&quot; QHD+ 165HZ - Osaka<\/title>\n<meta name=\"robots\" content=\"index, follow, max-snippet:-1, max-image-preview:large, max-video-preview:-1\" \/>\n<link rel=\"canonical\" href=\"https:\/\/osaka.ma\/product\/lenovo-legion-slim-5-ryzen-7-8845hs-16gb-512gb-rtx-4060-8gb-16-qhd-165hz\/\" \/>\n<meta property=\"og:locale\" content=\"de_DE\" \/>\n<meta property=\"og:type\" content=\"article\" \/>\n<meta property=\"og:title\" content=\"LENOVO LEGION SLIM 5 RYZEN 7 8845HS\/ 16GB\/ 512GB RTX 4060 8GB 16&quot; QHD+ 165HZ - Osaka\" \/>\n<meta property=\"og:url\" content=\"https:\/\/osaka.ma\/product\/lenovo-legion-slim-5-ryzen-7-8845hs-16gb-512gb-rtx-4060-8gb-16-qhd-165hz\/\" \/>\n<meta property=\"og:site_name\" content=\"Osaka\" \/>\n<meta property=\"article:modified_time\" content=\"2024-12-18T15:36:23+00:00\" \/>\n<meta property=\"og:image\" content=\"https:\/\/osaka.ma\/wp-content\/uploads\/2024\/10\/enovo-legion-slim-5-gaming-laptop-16-0in-165-hz-wqxga-8-core-amd-ryzen-7-7840hs-16gb-ddr5-1tb-pcie-ssd-geforce-rtx-4060-8gb-16-0in-165-hz-win-11.jpg\" \/>\n\t<meta property=\"og:image:width\" content=\"1272\" \/>\n\t<meta property=\"og:image:height\" content=\"1144\" \/>\n\t<meta property=\"og:image:type\" content=\"image\/jpeg\" \/>\n<meta name=\"twitter:card\" content=\"summary_large_image\" \/>\n<meta name=\"twitter:label1\" content=\"Est. reading time\" \/>\n\t<meta name=\"twitter:data1\" content=\"3 minutes\" \/>\n<script type=\"application\/ld+json\" class=\"yoast-schema-graph\">{\"@context\":\"https:\/\/schema.org\",\"@graph\":[{\"@type\":\"WebPage\",\"@id\":\"https:\/\/osaka.ma\/product\/lenovo-legion-slim-5-ryzen-7-8845hs-16gb-512gb-rtx-4060-8gb-16-qhd-165hz\/\",\"url\":\"https:\/\/osaka.ma\/product\/lenovo-legion-slim-5-ryzen-7-8845hs-16gb-512gb-rtx-4060-8gb-16-qhd-165hz\/\",\"name\":\"LENOVO LEGION SLIM 5 RYZEN 7 8845HS\/ 16GB\/ 512GB RTX 4060 8GB 16\\\" QHD+ 165HZ - Osaka\",\"isPartOf\":{\"@id\":\"https:\/\/osaka.ma\/#website\"},\"primaryImageOfPage\":{\"@id\":\"https:\/\/osaka.ma\/product\/lenovo-legion-slim-5-ryzen-7-8845hs-16gb-512gb-rtx-4060-8gb-16-qhd-165hz\/#primaryimage\"},\"image\":{\"@id\":\"https:\/\/osaka.ma\/product\/lenovo-legion-slim-5-ryzen-7-8845hs-16gb-512gb-rtx-4060-8gb-16-qhd-165hz\/#primaryimage\"},\"thumbnailUrl\":\"https:\/\/osaka.ma\/wp-content\/uploads\/2024\/10\/enovo-legion-slim-5-gaming-laptop-16-0in-165-hz-wqxga-8-core-amd-ryzen-7-7840hs-16gb-ddr5-1tb-pcie-ssd-geforce-rtx-4060-8gb-16-0in-165-hz-win-11.jpg\",\"datePublished\":\"2024-10-16T15:24:50+00:00\",\"dateModified\":\"2024-12-18T15:36:23+00:00\",\"breadcrumb\":{\"@id\":\"https:\/\/osaka.ma\/product\/lenovo-legion-slim-5-ryzen-7-8845hs-16gb-512gb-rtx-4060-8gb-16-qhd-165hz\/#breadcrumb\"},\"inLanguage\":\"de-DE\",\"potentialAction\":[{\"@type\":\"ReadAction\",\"target\":[\"https:\/\/osaka.ma\/product\/lenovo-legion-slim-5-ryzen-7-8845hs-16gb-512gb-rtx-4060-8gb-16-qhd-165hz\/\"]}]},{\"@type\":\"ImageObject\",\"inLanguage\":\"de-DE\",\"@id\":\"https:\/\/osaka.ma\/product\/lenovo-legion-slim-5-ryzen-7-8845hs-16gb-512gb-rtx-4060-8gb-16-qhd-165hz\/#primaryimage\",\"url\":\"https:\/\/osaka.ma\/wp-content\/uploads\/2024\/10\/enovo-legion-slim-5-gaming-laptop-16-0in-165-hz-wqxga-8-core-amd-ryzen-7-7840hs-16gb-ddr5-1tb-pcie-ssd-geforce-rtx-4060-8gb-16-0in-165-hz-win-11.jpg\",\"contentUrl\":\"https:\/\/osaka.ma\/wp-content\/uploads\/2024\/10\/enovo-legion-slim-5-gaming-laptop-16-0in-165-hz-wqxga-8-core-amd-ryzen-7-7840hs-16gb-ddr5-1tb-pcie-ssd-geforce-rtx-4060-8gb-16-0in-165-hz-win-11.jpg\",\"width\":1272,\"height\":1144},{\"@type\":\"BreadcrumbList\",\"@id\":\"https:\/\/osaka.ma\/product\/lenovo-legion-slim-5-ryzen-7-8845hs-16gb-512gb-rtx-4060-8gb-16-qhd-165hz\/#breadcrumb\",\"itemListElement\":[{\"@type\":\"ListItem\",\"position\":1,\"name\":\"Home\",\"item\":\"https:\/\/osaka.ma\/\"},{\"@type\":\"ListItem\",\"position\":2,\"name\":\"Shop\",\"item\":\"https:\/\/osaka.ma\/shop-2\/\"},{\"@type\":\"ListItem\",\"position\":3,\"name\":\"LENOVO LEGION SLIM 5 RYZEN 7 8845HS\/ 16GB\/ 512GB RTX 4060 8GB 16&#8243; QHD+ 165HZ\"}]},{\"@type\":\"WebSite\",\"@id\":\"https:\/\/osaka.ma\/#website\",\"url\":\"https:\/\/osaka.ma\/\",\"name\":\"Osaka\",\"description\":\"\",\"publisher\":{\"@id\":\"https:\/\/osaka.ma\/#organization\"},\"potentialAction\":[{\"@type\":\"SearchAction\",\"target\":{\"@type\":\"EntryPoint\",\"urlTemplate\":\"https:\/\/osaka.ma\/?s={search_term_string}\"},\"query-input\":{\"@type\":\"PropertyValueSpecification\",\"valueRequired\":true,\"valueName\":\"search_term_string\"}}],\"inLanguage\":\"de-DE\"},{\"@type\":\"Organization\",\"@id\":\"https:\/\/osaka.ma\/#organization\",\"name\":\"Osaka\",\"url\":\"https:\/\/osaka.ma\/\",\"logo\":{\"@type\":\"ImageObject\",\"inLanguage\":\"de-DE\",\"@id\":\"https:\/\/osaka.ma\/#\/schema\/logo\/image\/\",\"url\":\"https:\/\/osaka.ma\/wp-content\/uploads\/2026\/01\/model-slogan-logo-2Plan-de-travail-1dksl-plus-finnn.png\",\"contentUrl\":\"https:\/\/osaka.ma\/wp-content\/uploads\/2026\/01\/model-slogan-logo-2Plan-de-travail-1dksl-plus-finnn.png\",\"width\":842,\"height\":226,\"caption\":\"Osaka\"},\"image\":{\"@id\":\"https:\/\/osaka.ma\/#\/schema\/logo\/image\/\"}}]}<\/script>\n<!-- \/ Yoast SEO plugin. -->","yoast_head_json":{"title":"LENOVO LEGION SLIM 5 RYZEN 7 8845HS\/ 16GB\/ 512GB RTX 4060 8GB 16\" QHD+ 165HZ - Osaka","robots":{"index":"index","follow":"follow","max-snippet":"max-snippet:-1","max-image-preview":"max-image-preview:large","max-video-preview":"max-video-preview:-1"},"canonical":"https:\/\/osaka.ma\/product\/lenovo-legion-slim-5-ryzen-7-8845hs-16gb-512gb-rtx-4060-8gb-16-qhd-165hz\/","og_locale":"de_DE","og_type":"article","og_title":"LENOVO LEGION SLIM 5 RYZEN 7 8845HS\/ 16GB\/ 512GB RTX 4060 8GB 16\" QHD+ 165HZ - Osaka","og_url":"https:\/\/osaka.ma\/product\/lenovo-legion-slim-5-ryzen-7-8845hs-16gb-512gb-rtx-4060-8gb-16-qhd-165hz\/","og_site_name":"Osaka","article_modified_time":"2024-12-18T15:36:23+00:00","og_image":[{"width":1272,"height":1144,"url":"https:\/\/osaka.ma\/wp-content\/uploads\/2024\/10\/enovo-legion-slim-5-gaming-laptop-16-0in-165-hz-wqxga-8-core-amd-ryzen-7-7840hs-16gb-ddr5-1tb-pcie-ssd-geforce-rtx-4060-8gb-16-0in-165-hz-win-11.jpg","type":"image\/jpeg"}],"twitter_card":"summary_large_image","twitter_misc":{"Est. reading time":"3 minutes"},"schema":{"@context":"https:\/\/schema.org","@graph":[{"@type":"WebPage","@id":"https:\/\/osaka.ma\/product\/lenovo-legion-slim-5-ryzen-7-8845hs-16gb-512gb-rtx-4060-8gb-16-qhd-165hz\/","url":"https:\/\/osaka.ma\/product\/lenovo-legion-slim-5-ryzen-7-8845hs-16gb-512gb-rtx-4060-8gb-16-qhd-165hz\/","name":"LENOVO LEGION SLIM 5 RYZEN 7 8845HS\/ 16GB\/ 512GB RTX 4060 8GB 16\" QHD+ 165HZ - Osaka","isPartOf":{"@id":"https:\/\/osaka.ma\/#website"},"primaryImageOfPage":{"@id":"https:\/\/osaka.ma\/product\/lenovo-legion-slim-5-ryzen-7-8845hs-16gb-512gb-rtx-4060-8gb-16-qhd-165hz\/#primaryimage"},"image":{"@id":"https:\/\/osaka.ma\/product\/lenovo-legion-slim-5-ryzen-7-8845hs-16gb-512gb-rtx-4060-8gb-16-qhd-165hz\/#primaryimage"},"thumbnailUrl":"https:\/\/osaka.ma\/wp-content\/uploads\/2024\/10\/enovo-legion-slim-5-gaming-laptop-16-0in-165-hz-wqxga-8-core-amd-ryzen-7-7840hs-16gb-ddr5-1tb-pcie-ssd-geforce-rtx-4060-8gb-16-0in-165-hz-win-11.jpg","datePublished":"2024-10-16T15:24:50+00:00","dateModified":"2024-12-18T15:36:23+00:00","breadcrumb":{"@id":"https:\/\/osaka.ma\/product\/lenovo-legion-slim-5-ryzen-7-8845hs-16gb-512gb-rtx-4060-8gb-16-qhd-165hz\/#breadcrumb"},"inLanguage":"de-DE","potentialAction":[{"@type":"ReadAction","target":["https:\/\/osaka.ma\/product\/lenovo-legion-slim-5-ryzen-7-8845hs-16gb-512gb-rtx-4060-8gb-16-qhd-165hz\/"]}]},{"@type":"ImageObject","inLanguage":"de-DE","@id":"https:\/\/osaka.ma\/product\/lenovo-legion-slim-5-ryzen-7-8845hs-16gb-512gb-rtx-4060-8gb-16-qhd-165hz\/#primaryimage","url":"https:\/\/osaka.ma\/wp-content\/uploads\/2024\/10\/enovo-legion-slim-5-gaming-laptop-16-0in-165-hz-wqxga-8-core-amd-ryzen-7-7840hs-16gb-ddr5-1tb-pcie-ssd-geforce-rtx-4060-8gb-16-0in-165-hz-win-11.jpg","contentUrl":"https:\/\/osaka.ma\/wp-content\/uploads\/2024\/10\/enovo-legion-slim-5-gaming-laptop-16-0in-165-hz-wqxga-8-core-amd-ryzen-7-7840hs-16gb-ddr5-1tb-pcie-ssd-geforce-rtx-4060-8gb-16-0in-165-hz-win-11.jpg","width":1272,"height":1144},{"@type":"BreadcrumbList","@id":"https:\/\/osaka.ma\/product\/lenovo-legion-slim-5-ryzen-7-8845hs-16gb-512gb-rtx-4060-8gb-16-qhd-165hz\/#breadcrumb","itemListElement":[{"@type":"ListItem","position":1,"name":"Home","item":"https:\/\/osaka.ma\/"},{"@type":"ListItem","position":2,"name":"Shop","item":"https:\/\/osaka.ma\/shop-2\/"},{"@type":"ListItem","position":3,"name":"LENOVO LEGION SLIM 5 RYZEN 7 8845HS\/ 16GB\/ 512GB RTX 4060 8GB 16&#8243; QHD+ 165HZ"}]},{"@type":"WebSite","@id":"https:\/\/osaka.ma\/#website","url":"https:\/\/osaka.ma\/","name":"Osaka","description":"","publisher":{"@id":"https:\/\/osaka.ma\/#organization"},"potentialAction":[{"@type":"SearchAction","target":{"@type":"EntryPoint","urlTemplate":"https:\/\/osaka.ma\/?s={search_term_string}"},"query-input":{"@type":"PropertyValueSpecification","valueRequired":true,"valueName":"search_term_string"}}],"inLanguage":"de-DE"},{"@type":"Organization","@id":"https:\/\/osaka.ma\/#organization","name":"Osaka","url":"https:\/\/osaka.ma\/","logo":{"@type":"ImageObject","inLanguage":"de-DE","@id":"https:\/\/osaka.ma\/#\/schema\/logo\/image\/","url":"https:\/\/osaka.ma\/wp-content\/uploads\/2026\/01\/model-slogan-logo-2Plan-de-travail-1dksl-plus-finnn.png","contentUrl":"https:\/\/osaka.ma\/wp-content\/uploads\/2026\/01\/model-slogan-logo-2Plan-de-travail-1dksl-plus-finnn.png","width":842,"height":226,"caption":"Osaka"},"image":{"@id":"https:\/\/osaka.ma\/#\/schema\/logo\/image\/"}}]}},"jetpack_sharing_enabled":true,"brands":[],"_links":{"self":[{"href":"https:\/\/osaka.ma\/de\/wp-json\/wp\/v2\/product\/10839","targetHints":{"allow":["GET"]}}],"collection":[{"href":"https:\/\/osaka.ma\/de\/wp-json\/wp\/v2\/product"}],"about":[{"href":"https:\/\/osaka.ma\/de\/wp-json\/wp\/v2\/types\/product"}],"version-history":[{"count":0,"href":"https:\/\/osaka.ma\/de\/wp-json\/wp\/v2\/product\/10839\/revisions"}],"wp:featuredmedia":[{"embeddable":true,"href":"https:\/\/osaka.ma\/de\/wp-json\/wp\/v2\/media\/1010847"}],"wp:attachment":[{"href":"https:\/\/osaka.ma\/de\/wp-json\/wp\/v2\/media?parent=10839"}],"wp:term":[{"taxonomy":"pwb-brand","embeddable":true,"href":"https:\/\/osaka.ma\/de\/wp-json\/wp\/v2\/pwb-brand?post=10839"},{"taxonomy":"product_brand","embeddable":true,"href":"https:\/\/osaka.ma\/de\/wp-json\/wp\/v2\/product_brand?post=10839"},{"taxonomy":"product_cat","embeddable":true,"href":"https:\/\/osaka.ma\/de\/wp-json\/wp\/v2\/product_cat?post=10839"},{"taxonomy":"product_tag","embeddable":true,"href":"https:\/\/osaka.ma\/de\/wp-json\/wp\/v2\/product_tag?post=10839"},{"taxonomy":"pcb_component_type","embeddable":true,"href":"https:\/\/osaka.ma\/de\/wp-json\/wp\/v2\/pcb_component_type?post=10839"}],"curies":[{"name":"wp","href":"https:\/\/api.w.org\/{rel}","templated":true}]}}