{"id":11124,"date":"2024-10-29T11:43:33","date_gmt":"2024-10-29T11:43:33","guid":{"rendered":"https:\/\/osaka.ma\/?post_type=product&#038;p=11124"},"modified":"2024-12-18T15:36:26","modified_gmt":"2024-12-18T15:36:26","slug":"asus-vivobook-15-oled-i3-13th-8gb-512gb","status":"publish","type":"product","link":"https:\/\/osaka.ma\/de\/product\/asus-vivobook-15-oled-i3-13th-8gb-512gb\/","title":{"rendered":"ASUS VIVOBOOK 15 OLED I3 13TH 8GB 512GB"},"content":{"rendered":"<div class=\"logo\"><a href=\"https:\/\/www.ldlc.com\/asus\/bint000000806\/\" rel=\"nofollow noopener\" target=\"_blank\"><img decoding=\"async\" src=\"https:\/\/media.ldlc.com\/v3\/marque\/bo\/00\/05\/62\/42\/V30005624251_2.jpg\" alt=\"ASUS\" \/><\/a><\/div>\n<div id=\"description\" class=\"description\">\n<div class=\"details-pdt-desc\">\n<h2 class=\"h2-master\">Performance et mobilit\u00e9 avec un \u00e9cran OLED<\/h2>\n<section>Mince, \u00e9l\u00e9gant et sophistiqu\u00e9, le PC portable\u00a0<strong>ASUS Vivobook S15 OLED S1504GA<\/strong>\u00a0vous offre la puissance et la mobilit\u00e9 dont vous avez besoin. Son \u00e9cran OLED de 15.6&#8243; \u00e0 cadre mince (rapport surface\/\u00e9cran de 84\u2009%) et son clavier chiclet offrent un excellent confort d&#8217;utilisation.<br \/>\n<\/section>\n<section>\n<div class=\"desc-image\"><img decoding=\"async\" src=\"https:\/\/media.ldlc.com\/bo\/images\/fiches\/pc_portables\/asus\/asus_vivobook_s15_oled_s1504fa.jpg\" alt=\"\" \/><\/div>\n<div class=\"desc-text\">\n<h2>Performances et confort<\/h2>\n<p>Avec son processeur Intel Core i3, sa m\u00e9moire RAM DDR4 et son SSD au format M.2 PCIe 3.0, le PC portable ASUS Vivobook S15 OLED S1504 offre puissance et vitesse. Ce PC portable ASUS sera ainsi adapt\u00e9 \u00e0 un large \u00e9ventails d&#8217;utilisations, aussi bien pour le travail que pour le divertissement num\u00e9rique.<\/p>\n<\/div>\n<\/section>\n<section>\n<div class=\"desc-text\">\n<h2>Couleurs splendides avec un \u00e9cran OLED<\/h2>\n<p>La dalle OLED de ce mod\u00e8le apporte un affichage des couleurs de meilleure qualit\u00e9, avec une\u00a0<strong>couverture des couleurs plus large (100% DCI-P3) quel que soit le niveau de luminosit\u00e9<\/strong>, pour une restitution des couleurs plus riche et plus fid\u00e8le \u00e0 la r\u00e9alit\u00e9. La capacit\u00e9 d&#8217;affichage des couleurs est \u00e9galement plus vaste avec jusqu&#8217;\u00e0 1,07 milliard de couleurs. L&#8217;id\u00e9al pour vos projets artistiques, mais aussi pour mettre en valeur tout type de contenu ! Le temps de r\u00e9ponse est aussi plus rapide avec 0,2 ms contre en moyenne 10 ms sur d&#8217;autres mod\u00e8les avec \u00e9cran LCD classique.<\/p>\n<\/div>\n<div class=\"desc-image\"><img decoding=\"async\" src=\"https:\/\/media.ldlc.com\/bo\/images\/fiches\/pc_portables\/asus\/s533\/oled.jpg\" alt=\"\" \/><\/div>\n<\/section>\n<section class=\"list\">\n<h2>Caract\u00e9ristiques principales :<\/h2>\n<ul>\n<li><strong>Processeur Intel Core i3-N305<\/strong>\u00a0(Octo-Core 3.8 GHz Turbo &#8211; Cache 6 Mo)<\/li>\n<li>8 Go de m\u00e9moire DDR4 (m\u00e9moire int\u00e9gr\u00e9e)<\/li>\n<li>\u00c9cran OLED de 15.6 pouces brillant avec r\u00e9solution\u00a0<strong>Full HD<\/strong>\u00a0(1920 x 1080)<\/li>\n<li><strong>SSD M.2 PCIe 3.0 de 512 Go<\/strong><\/li>\n<li>Communication sans fil Wi-Fi AC + Bluetooth 5.1<\/li>\n<li>Webcam HD 720p int\u00e9gr\u00e9e<\/li>\n<li>Excellent confort de frappe avec un clavier chiclet<\/li>\n<li><strong>Windows 11\u00a0<\/strong><\/li>\n<li>Etat : Neuf<\/li>\n<\/ul>\n<\/section>\n<\/div>\n<\/div>\n","protected":false},"excerpt":{"rendered":"<h2>Caract\u00e9ristiques principales :<\/h2>\n<ul>\n<li><strong>Processeur Intel Core i3-N305<\/strong>\u00a0(Octo-Core 3.8 GHz Turbo &#8211; Cache 6 Mo)<\/li>\n<li>8 Go de m\u00e9moire DDR4 (m\u00e9moire int\u00e9gr\u00e9e)<\/li>\n<li>\u00c9cran OLED de 15.6 pouces brillant avec r\u00e9solution\u00a0<strong>Full HD<\/strong>\u00a0(1920 x 1080)<\/li>\n<li><strong>SSD M.2 PCIe 3.0 de 512 Go<\/strong><\/li>\n<li>Communication sans fil Wi-Fi AC + Bluetooth 5.1<\/li>\n<li>Webcam HD 720p int\u00e9gr\u00e9e<\/li>\n<li>Excellent confort de frappe avec un clavier chiclet<\/li>\n<li><strong>Windows 11\u00a0<\/strong><\/li>\n<li>Etat : Neuf<\/li>\n<\/ul>\n","protected":false},"featured_media":1011125,"template":"","meta":{"_acf_changed":false},"pwb-brand":[],"product_brand":[],"product_cat":[121,126],"product_tag":[],"pcb_component_type":[],"class_list":{"0":"post-11124","1":"product","2":"type-product","3":"status-publish","4":"has-post-thumbnail","6":"product_cat-pc-portable","7":"product_cat-professional","9":"first","10":"outofstock","11":"shipping-taxable","12":"product-type-simple"},"translation":{"provider":"WPGlobus","version":"3.0.2","language":"de","enabled_languages":["en","es","de","fr","ru"],"languages":{"en":{"title":true,"content":true,"excerpt":true},"es":{"title":false,"content":false,"excerpt":false},"de":{"title":false,"content":false,"excerpt":false},"fr":{"title":false,"content":false,"excerpt":false},"ru":{"title":false,"content":false,"excerpt":false}}},"acf":[],"yoast_head":"<!-- This site is optimized with the Yoast SEO plugin v27.2 - https:\/\/yoast.com\/product\/yoast-seo-wordpress\/ -->\n<title>ASUS VIVOBOOK 15 OLED I3 13TH 8GB 512GB - Osaka<\/title>\n<meta name=\"robots\" content=\"index, follow, max-snippet:-1, max-image-preview:large, max-video-preview:-1\" \/>\n<link rel=\"canonical\" href=\"https:\/\/osaka.ma\/product\/asus-vivobook-15-oled-i3-13th-8gb-512gb\/\" \/>\n<meta property=\"og:locale\" content=\"de_DE\" \/>\n<meta property=\"og:type\" content=\"article\" \/>\n<meta property=\"og:title\" content=\"ASUS VIVOBOOK 15 OLED I3 13TH 8GB 512GB - Osaka\" \/>\n<meta property=\"og:url\" content=\"https:\/\/osaka.ma\/product\/asus-vivobook-15-oled-i3-13th-8gb-512gb\/\" \/>\n<meta property=\"og:site_name\" content=\"Osaka\" \/>\n<meta property=\"article:modified_time\" content=\"2024-12-18T15:36:26+00:00\" \/>\n<meta property=\"og:image\" content=\"https:\/\/osaka.ma\/wp-content\/uploads\/2024\/10\/ASUS-VIVOBOOK-15-OLED-I3-13TH-8GB-512GB.jpg\" \/>\n\t<meta property=\"og:image:width\" content=\"1600\" \/>\n\t<meta property=\"og:image:height\" content=\"1600\" \/>\n\t<meta property=\"og:image:type\" content=\"image\/jpeg\" \/>\n<meta name=\"twitter:card\" content=\"summary_large_image\" \/>\n<meta name=\"twitter:label1\" content=\"Est. reading time\" \/>\n\t<meta name=\"twitter:data1\" content=\"2 minutes\" \/>\n<script type=\"application\/ld+json\" class=\"yoast-schema-graph\">{\"@context\":\"https:\/\/schema.org\",\"@graph\":[{\"@type\":\"WebPage\",\"@id\":\"https:\/\/osaka.ma\/product\/asus-vivobook-15-oled-i3-13th-8gb-512gb\/\",\"url\":\"https:\/\/osaka.ma\/product\/asus-vivobook-15-oled-i3-13th-8gb-512gb\/\",\"name\":\"ASUS VIVOBOOK 15 OLED I3 13TH 8GB 512GB - Osaka\",\"isPartOf\":{\"@id\":\"https:\/\/osaka.ma\/#website\"},\"primaryImageOfPage\":{\"@id\":\"https:\/\/osaka.ma\/product\/asus-vivobook-15-oled-i3-13th-8gb-512gb\/#primaryimage\"},\"image\":{\"@id\":\"https:\/\/osaka.ma\/product\/asus-vivobook-15-oled-i3-13th-8gb-512gb\/#primaryimage\"},\"thumbnailUrl\":\"https:\/\/osaka.ma\/wp-content\/uploads\/2024\/10\/ASUS-VIVOBOOK-15-OLED-I3-13TH-8GB-512GB.jpg\",\"datePublished\":\"2024-10-29T11:43:33+00:00\",\"dateModified\":\"2024-12-18T15:36:26+00:00\",\"breadcrumb\":{\"@id\":\"https:\/\/osaka.ma\/product\/asus-vivobook-15-oled-i3-13th-8gb-512gb\/#breadcrumb\"},\"inLanguage\":\"de-DE\",\"potentialAction\":[{\"@type\":\"ReadAction\",\"target\":[\"https:\/\/osaka.ma\/product\/asus-vivobook-15-oled-i3-13th-8gb-512gb\/\"]}]},{\"@type\":\"ImageObject\",\"inLanguage\":\"de-DE\",\"@id\":\"https:\/\/osaka.ma\/product\/asus-vivobook-15-oled-i3-13th-8gb-512gb\/#primaryimage\",\"url\":\"https:\/\/osaka.ma\/wp-content\/uploads\/2024\/10\/ASUS-VIVOBOOK-15-OLED-I3-13TH-8GB-512GB.jpg\",\"contentUrl\":\"https:\/\/osaka.ma\/wp-content\/uploads\/2024\/10\/ASUS-VIVOBOOK-15-OLED-I3-13TH-8GB-512GB.jpg\",\"width\":1600,\"height\":1600},{\"@type\":\"BreadcrumbList\",\"@id\":\"https:\/\/osaka.ma\/product\/asus-vivobook-15-oled-i3-13th-8gb-512gb\/#breadcrumb\",\"itemListElement\":[{\"@type\":\"ListItem\",\"position\":1,\"name\":\"Home\",\"item\":\"https:\/\/osaka.ma\/\"},{\"@type\":\"ListItem\",\"position\":2,\"name\":\"Shop\",\"item\":\"https:\/\/osaka.ma\/shop-2\/\"},{\"@type\":\"ListItem\",\"position\":3,\"name\":\"ASUS VIVOBOOK 15 OLED I3 13TH 8GB 512GB\"}]},{\"@type\":\"WebSite\",\"@id\":\"https:\/\/osaka.ma\/#website\",\"url\":\"https:\/\/osaka.ma\/\",\"name\":\"Osaka\",\"description\":\"\",\"publisher\":{\"@id\":\"https:\/\/osaka.ma\/#organization\"},\"potentialAction\":[{\"@type\":\"SearchAction\",\"target\":{\"@type\":\"EntryPoint\",\"urlTemplate\":\"https:\/\/osaka.ma\/?s={search_term_string}\"},\"query-input\":{\"@type\":\"PropertyValueSpecification\",\"valueRequired\":true,\"valueName\":\"search_term_string\"}}],\"inLanguage\":\"de-DE\"},{\"@type\":\"Organization\",\"@id\":\"https:\/\/osaka.ma\/#organization\",\"name\":\"Osaka\",\"url\":\"https:\/\/osaka.ma\/\",\"logo\":{\"@type\":\"ImageObject\",\"inLanguage\":\"de-DE\",\"@id\":\"https:\/\/osaka.ma\/#\/schema\/logo\/image\/\",\"url\":\"https:\/\/osaka.ma\/wp-content\/uploads\/2026\/01\/model-slogan-logo-2Plan-de-travail-1dksl-plus-finnn.png\",\"contentUrl\":\"https:\/\/osaka.ma\/wp-content\/uploads\/2026\/01\/model-slogan-logo-2Plan-de-travail-1dksl-plus-finnn.png\",\"width\":842,\"height\":226,\"caption\":\"Osaka\"},\"image\":{\"@id\":\"https:\/\/osaka.ma\/#\/schema\/logo\/image\/\"}}]}<\/script>\n<!-- \/ Yoast SEO plugin. -->","yoast_head_json":{"title":"ASUS VIVOBOOK 15 OLED I3 13TH 8GB 512GB - Osaka","robots":{"index":"index","follow":"follow","max-snippet":"max-snippet:-1","max-image-preview":"max-image-preview:large","max-video-preview":"max-video-preview:-1"},"canonical":"https:\/\/osaka.ma\/product\/asus-vivobook-15-oled-i3-13th-8gb-512gb\/","og_locale":"de_DE","og_type":"article","og_title":"ASUS VIVOBOOK 15 OLED I3 13TH 8GB 512GB - Osaka","og_url":"https:\/\/osaka.ma\/product\/asus-vivobook-15-oled-i3-13th-8gb-512gb\/","og_site_name":"Osaka","article_modified_time":"2024-12-18T15:36:26+00:00","og_image":[{"width":1600,"height":1600,"url":"https:\/\/osaka.ma\/wp-content\/uploads\/2024\/10\/ASUS-VIVOBOOK-15-OLED-I3-13TH-8GB-512GB.jpg","type":"image\/jpeg"}],"twitter_card":"summary_large_image","twitter_misc":{"Est. reading time":"2 minutes"},"schema":{"@context":"https:\/\/schema.org","@graph":[{"@type":"WebPage","@id":"https:\/\/osaka.ma\/product\/asus-vivobook-15-oled-i3-13th-8gb-512gb\/","url":"https:\/\/osaka.ma\/product\/asus-vivobook-15-oled-i3-13th-8gb-512gb\/","name":"ASUS VIVOBOOK 15 OLED I3 13TH 8GB 512GB - Osaka","isPartOf":{"@id":"https:\/\/osaka.ma\/#website"},"primaryImageOfPage":{"@id":"https:\/\/osaka.ma\/product\/asus-vivobook-15-oled-i3-13th-8gb-512gb\/#primaryimage"},"image":{"@id":"https:\/\/osaka.ma\/product\/asus-vivobook-15-oled-i3-13th-8gb-512gb\/#primaryimage"},"thumbnailUrl":"https:\/\/osaka.ma\/wp-content\/uploads\/2024\/10\/ASUS-VIVOBOOK-15-OLED-I3-13TH-8GB-512GB.jpg","datePublished":"2024-10-29T11:43:33+00:00","dateModified":"2024-12-18T15:36:26+00:00","breadcrumb":{"@id":"https:\/\/osaka.ma\/product\/asus-vivobook-15-oled-i3-13th-8gb-512gb\/#breadcrumb"},"inLanguage":"de-DE","potentialAction":[{"@type":"ReadAction","target":["https:\/\/osaka.ma\/product\/asus-vivobook-15-oled-i3-13th-8gb-512gb\/"]}]},{"@type":"ImageObject","inLanguage":"de-DE","@id":"https:\/\/osaka.ma\/product\/asus-vivobook-15-oled-i3-13th-8gb-512gb\/#primaryimage","url":"https:\/\/osaka.ma\/wp-content\/uploads\/2024\/10\/ASUS-VIVOBOOK-15-OLED-I3-13TH-8GB-512GB.jpg","contentUrl":"https:\/\/osaka.ma\/wp-content\/uploads\/2024\/10\/ASUS-VIVOBOOK-15-OLED-I3-13TH-8GB-512GB.jpg","width":1600,"height":1600},{"@type":"BreadcrumbList","@id":"https:\/\/osaka.ma\/product\/asus-vivobook-15-oled-i3-13th-8gb-512gb\/#breadcrumb","itemListElement":[{"@type":"ListItem","position":1,"name":"Home","item":"https:\/\/osaka.ma\/"},{"@type":"ListItem","position":2,"name":"Shop","item":"https:\/\/osaka.ma\/shop-2\/"},{"@type":"ListItem","position":3,"name":"ASUS VIVOBOOK 15 OLED I3 13TH 8GB 512GB"}]},{"@type":"WebSite","@id":"https:\/\/osaka.ma\/#website","url":"https:\/\/osaka.ma\/","name":"Osaka","description":"","publisher":{"@id":"https:\/\/osaka.ma\/#organization"},"potentialAction":[{"@type":"SearchAction","target":{"@type":"EntryPoint","urlTemplate":"https:\/\/osaka.ma\/?s={search_term_string}"},"query-input":{"@type":"PropertyValueSpecification","valueRequired":true,"valueName":"search_term_string"}}],"inLanguage":"de-DE"},{"@type":"Organization","@id":"https:\/\/osaka.ma\/#organization","name":"Osaka","url":"https:\/\/osaka.ma\/","logo":{"@type":"ImageObject","inLanguage":"de-DE","@id":"https:\/\/osaka.ma\/#\/schema\/logo\/image\/","url":"https:\/\/osaka.ma\/wp-content\/uploads\/2026\/01\/model-slogan-logo-2Plan-de-travail-1dksl-plus-finnn.png","contentUrl":"https:\/\/osaka.ma\/wp-content\/uploads\/2026\/01\/model-slogan-logo-2Plan-de-travail-1dksl-plus-finnn.png","width":842,"height":226,"caption":"Osaka"},"image":{"@id":"https:\/\/osaka.ma\/#\/schema\/logo\/image\/"}}]}},"jetpack_sharing_enabled":true,"brands":[],"_links":{"self":[{"href":"https:\/\/osaka.ma\/de\/wp-json\/wp\/v2\/product\/11124","targetHints":{"allow":["GET"]}}],"collection":[{"href":"https:\/\/osaka.ma\/de\/wp-json\/wp\/v2\/product"}],"about":[{"href":"https:\/\/osaka.ma\/de\/wp-json\/wp\/v2\/types\/product"}],"version-history":[{"count":0,"href":"https:\/\/osaka.ma\/de\/wp-json\/wp\/v2\/product\/11124\/revisions"}],"wp:featuredmedia":[{"embeddable":true,"href":"https:\/\/osaka.ma\/de\/wp-json\/wp\/v2\/media\/1011125"}],"wp:attachment":[{"href":"https:\/\/osaka.ma\/de\/wp-json\/wp\/v2\/media?parent=11124"}],"wp:term":[{"taxonomy":"pwb-brand","embeddable":true,"href":"https:\/\/osaka.ma\/de\/wp-json\/wp\/v2\/pwb-brand?post=11124"},{"taxonomy":"product_brand","embeddable":true,"href":"https:\/\/osaka.ma\/de\/wp-json\/wp\/v2\/product_brand?post=11124"},{"taxonomy":"product_cat","embeddable":true,"href":"https:\/\/osaka.ma\/de\/wp-json\/wp\/v2\/product_cat?post=11124"},{"taxonomy":"product_tag","embeddable":true,"href":"https:\/\/osaka.ma\/de\/wp-json\/wp\/v2\/product_tag?post=11124"},{"taxonomy":"pcb_component_type","embeddable":true,"href":"https:\/\/osaka.ma\/de\/wp-json\/wp\/v2\/pcb_component_type?post=11124"}],"curies":[{"name":"wp","href":"https:\/\/api.w.org\/{rel}","templated":true}]}}