{"id":11465,"date":"2024-12-13T16:40:46","date_gmt":"2024-12-13T16:40:46","guid":{"rendered":"https:\/\/osaka.ma\/?post_type=product&#038;p=11465"},"modified":"2025-10-21T13:02:49","modified_gmt":"2025-10-21T12:02:49","slug":"msi-thin-15-b13ve-intel-i7-13620h-16gb-ddr4-512gb-ssd-rtx-4050-15-6-fhd-144hz","status":"publish","type":"product","link":"https:\/\/osaka.ma\/de\/product\/msi-thin-15-b13ve-intel-i7-13620h-16gb-ddr4-512gb-ssd-rtx-4050-15-6-fhd-144hz\/","title":{"rendered":"MSI Thin 15 B13VE | Intel i7-13620H | 16GB DDR4 | 512GB SSD | RTX 4050 | 15.6&#8243; FHD 144Hz"},"content":{"rendered":"<div class=\"logo\"><a href=\"https:\/\/www.ldlc.com\/msi\/bint000000992\/\" rel=\"nofollow noopener\" target=\"_blank\"><img decoding=\"async\" class=\"aligncenter\" src=\"https:\/\/media.ldlc.com\/v3\/marque\/bo\/00\/05\/99\/39\/V30005993997.gif\" alt=\"MSI\" \/><\/a><\/div>\n<div id=\"description\" class=\"description\">\n<div class=\"details-pdt-desc\">\n<h2 class=\"h2-master\">MSI Thin 15 B13VE: Performances abordables pour les Gamers<\/h2>\n<section>Profitez d&#8217;excellentes performances avec le PC portable Gamer\u00a0<strong>MSI Thin 15 B13VE<\/strong> ! Cet ordinateur portable MSI offre un parfait confort de jeu gr\u00e2ce \u00e0 ses composants performants, son \u00e9cran de 15.6&#8243; Full HD 144 Hz, son clavier gamer r\u00e9tro\u00e9clair\u00e9 et son syst\u00e8me audio performant. Le PC portable MSI Thin 15 B12VE-1230FR propose d&#8217;excellentes performances gr\u00e2ce \u00e0 son processeur <strong>Intel i7-13620H\u00a0<\/strong>, ses<strong>\u00a016 Go de m\u00e9moire DDR4<\/strong>, sa puce graphique\u00a0<strong>NVIDIA GeForce RTX 4050\u00a0<\/strong>et son\u00a0<strong>SSD M.2 PCIe de 512 Go<\/strong>.<\/section>\n<section>\n<div class=\"desc-image\"><img fetchpriority=\"high\" decoding=\"async\" class=\"alignnone\" src=\"https:\/\/media.ldlc.com\/bo\/images\/fiches\/pc_portables\/msi\/Thin_15_B12U\/801.jpg\" alt=\"MSI Thin 15 B13VE | Intel i7-13620H | 16GB DDR4 | 512GB SSD | RTX 4050 | 15.6&quot; FHD 144Hz\" width=\"800\" height=\"500\" \/><\/div>\n<div class=\"desc-text\">\n<h2>Processeur Intel Core i5 de 13e g\u00e9n\u00e9ration<\/h2>\n<p>Gr\u00e2ce \u00e0 un processeur Intel Core de 13e g\u00e9n\u00e9ration, avec architecture hybride, l&#8217;ordinateur portable Thin 15 vous offre un coup de fouet en termes d&#8217;am\u00e9lioration des performances pour tous vos projets multit\u00e2ches et tous vos jeux les plus exigeants.<\/p>\n<\/div>\n<\/section>\n<section>\n<div class=\"desc-text\">\n<h2>MSI Thin 15 B13VE: NVIDIA GeForce RTX 4050<\/h2>\n<p>Les puces graphiques NVIDIA GeForce RTX s\u00e9rie 40 offrent une rapidit\u00e9 extr\u00eame aux gamers et aux cr\u00e9ateurs. Bas\u00e9s sur l&#8217;architecture NVIDIA Ada Lovelace \u00e0 haut degr\u00e9 d\u2019efficacit\u00e9, ces GPU constituent une avanc\u00e9e d\u00e9cisive en mati\u00e8re de performances gr\u00e2ce au DLSS 3 bas\u00e9 sur l&#8217;IA et au ray tracing qui assure des images ultrar\u00e9alistes. De plus, la suite de technologies Max-Q optimise les performances du syst\u00e8me, l&#8217;alimentation, l&#8217;autonomie de la batterie et le niveau de bruit, pour une efficacit\u00e9 plus \u00e9lev\u00e9e.<\/p>\n<\/div>\n<div class=\"desc-image\"><img decoding=\"async\" class=\"alignnone\" src=\"https:\/\/media.ldlc.com\/bo\/images\/fiches\/pc_portables\/msi\/Thin_15_B12U\/802b.jpg\" alt=\"MSI Thin 15 B13VE | Intel i7-13620H | 16GB DDR4 | 512GB SSD | RTX 4050 | 15.6&quot; FHD 144Hz\" width=\"800\" height=\"500\" \/><\/div>\n<\/section>\n<section>\n<div class=\"desc-image\"><img decoding=\"async\" class=\"alignnone\" src=\"https:\/\/media.ldlc.com\/bo\/images\/fiches\/pc_portables\/msi\/Thin_15_B12U\/803.jpg\" alt=\"MSI Thin 15 B13VE | Intel i7-13620H | 16GB DDR4 | 512GB SSD | RTX 4050 | 15.6&quot; FHD 144Hz\" width=\"800\" height=\"500\" \/><\/div>\n<div class=\"desc-text\">\n<h2>Un affichage Full HD 144 Hz<\/h2>\n<p>Le PC portable Gamer MSI Thin 15 allie performance et design mince. Pens\u00e9 pour r\u00e9pondre aux besoins des joueurs, notamment en termes de qualit\u00e9 d&#8217;images, ce PC portable MSI propose un taux de rafra\u00eechissement \u00e9lev\u00e9 (144 Hz) pour vous permettre de vivre votre jeu comme si vous y \u00e9tiez, gr\u00e2ce \u00e0 une fluidit\u00e9 et une rapidit\u00e9 d&#8217;affichage \u00e0 couper le souffle.<\/p>\n<\/div>\n<\/section>\n<section>\n<h2>Caract\u00e9ristiques principales du MSI Thin 15 B13VE:<\/h2>\n<ul>\n<li><strong data-start=\"96\" data-end=\"110\">Processeur<\/strong> : Intel\u00ae Core\u2122 i7-13620H (up to 4.9 GHz, 24 MB L3 cache, 10 cores, 16 threads)<br data-start=\"189\" data-end=\"192\" data-is-only-node=\"\" \/><strong data-start=\"192\" data-end=\"203\">M\u00e9moire<\/strong> : 16 Go DDR4 3200 MHz (2 x 8 Go \u2013 2 slots)<br data-start=\"246\" data-end=\"249\" \/><strong data-start=\"249\" data-end=\"258\">\u00c9cran<\/strong> : 15.6&#8243; FHD (1920 x 1080), IPS, 144Hz, anti-reflet, larges angles de vision<br data-start=\"334\" data-end=\"337\" \/><strong data-start=\"337\" data-end=\"355\">Puce graphique<\/strong> : NVIDIA GeForce RTX 4050 avec 6 Go de m\u00e9moire GDDR6<br data-start=\"408\" data-end=\"411\" \/><strong data-start=\"411\" data-end=\"423\">Stockage<\/strong> : 512 Go PCIe\u00ae NVMe\u2122 M.2 SSD<br data-start=\"452\" data-end=\"455\" \/><strong data-start=\"455\" data-end=\"481\">Communication sans fil<\/strong> : Wi-Fi 6 + Bluetooth 5.2<br data-start=\"507\" data-end=\"510\" \/><strong data-start=\"510\" data-end=\"521\">Clavier<\/strong> : QWERTY avec r\u00e9tro\u00e9clairage<br data-start=\"550\" data-end=\"553\" \/><strong data-start=\"553\" data-end=\"565\">Batterie<\/strong> : 89% de capacit\u00e9 restante<br data-start=\"592\" data-end=\"595\" \/><strong data-start=\"595\" data-end=\"610\">Connectique<\/strong> : USB-C, HDMI, RJ45, USB 3.2<br data-start=\"639\" data-end=\"642\" \/><strong data-start=\"642\" data-end=\"668\">Syst\u00e8me d\u2019exploitation<\/strong> : Windows 11 Famille<br data-start=\"689\" data-end=\"692\" \/><strong data-start=\"692\" data-end=\"705\">Condition<\/strong> : Occasion (15 jours d\u2019utilisation, excellent \u00e9tat, sans emballage)<\/li>\n<\/ul>\n<\/section>\n<\/div>\n<\/div>\n","protected":false},"excerpt":{"rendered":"<section>\n<div class=\"desc-text\">\n<p>Le PC portable Gamer MSI Thin 15 allie performance et design mince. Pens\u00e9 pour r\u00e9pondre aux besoins des joueurs, notamment en termes de qualit\u00e9 d&#8217;images, ce PC portable MSI propose un taux de rafra\u00eechissement \u00e9lev\u00e9 (144 Hz) pour vous permettre de vivre votre jeu comme si vous y \u00e9tiez, gr\u00e2ce \u00e0 une fluidit\u00e9 et une rapidit\u00e9 d&#8217;affichage \u00e0 couper le souffle.<\/p>\n<\/div>\n<\/section>\n<section>\n<h2>Caract\u00e9ristiques principales :<\/h2>\n<ul>\n<li><strong data-start=\"96\" data-end=\"110\">Processeur<\/strong> : Intel\u00ae Core\u2122 i7-13620H (up to 4.9 GHz, 24 MB L3 cache, 10 cores, 16 threads)<br data-start=\"189\" data-end=\"192\" data-is-only-node=\"\" \/><strong data-start=\"192\" data-end=\"203\">M\u00e9moire<\/strong> : 16 Go DDR4 3200 MHz (2 x 8 Go \u2013 2 slots)<br data-start=\"246\" data-end=\"249\" \/><strong data-start=\"249\" data-end=\"258\">\u00c9cran<\/strong> : 15.6&#8243; FHD (1920 x 1080), IPS, 144Hz, anti-reflet, larges angles de vision<br data-start=\"334\" data-end=\"337\" \/><strong data-start=\"337\" data-end=\"355\">Puce graphique<\/strong> : NVIDIA GeForce RTX 4050 avec 6 Go de m\u00e9moire GDDR6<br data-start=\"408\" data-end=\"411\" \/><strong data-start=\"411\" data-end=\"423\">Stockage<\/strong> : 512 Go PCIe\u00ae NVMe\u2122 M.2 SSD<br data-start=\"452\" data-end=\"455\" \/><strong data-start=\"455\" data-end=\"481\">Communication sans fil<\/strong> : Wi-Fi 6 + Bluetooth 5.2<br data-start=\"507\" data-end=\"510\" \/><strong data-start=\"510\" data-end=\"521\">Clavier<\/strong> : QWERTY avec r\u00e9tro\u00e9clairage<br data-start=\"550\" data-end=\"553\" \/><strong data-start=\"553\" data-end=\"565\">Batterie<\/strong> : 89% de capacit\u00e9 restante<br data-start=\"592\" data-end=\"595\" \/><strong data-start=\"595\" data-end=\"610\">Connectique<\/strong> : USB-C, HDMI, RJ45, USB 3.2<br data-start=\"639\" data-end=\"642\" \/><strong data-start=\"642\" data-end=\"668\">Syst\u00e8me d\u2019exploitation<\/strong> : Windows 11 Famille<br data-start=\"689\" data-end=\"692\" \/><strong data-start=\"692\" data-end=\"705\">Condition<\/strong> : Occasion (15 jours d\u2019utilisation, excellent \u00e9tat, sans emballage)<\/li>\n<\/ul>\n<\/section>\n","protected":false},"featured_media":1011470,"template":"","meta":{"_acf_changed":false},"pwb-brand":[],"product_brand":[96],"product_cat":[122,121],"product_tag":[],"pcb_component_type":[],"class_list":{"0":"post-11465","1":"product","2":"type-product","3":"status-publish","4":"has-post-thumbnail","6":"product_brand-msi","7":"product_cat-gaming","8":"product_cat-pc-portable","10":"first","11":"outofstock","12":"shipping-taxable","13":"product-type-simple"},"translation":{"provider":"WPGlobus","version":"3.0.2","language":"de","enabled_languages":["en","es","de","fr","ru"],"languages":{"en":{"title":true,"content":true,"excerpt":true},"es":{"title":false,"content":false,"excerpt":false},"de":{"title":false,"content":false,"excerpt":false},"fr":{"title":false,"content":false,"excerpt":false},"ru":{"title":false,"content":false,"excerpt":false}}},"acf":[],"yoast_head":"<!-- This site is optimized with the Yoast SEO plugin v27.2 - https:\/\/yoast.com\/product\/yoast-seo-wordpress\/ -->\n<title>MSI Thin 15 B13VE | Intel i7-13620H | 16GB DDR4 | 512GB SSD | RTX 4050 | 15.6&quot; FHD 144Hz - Osaka<\/title>\n<meta name=\"robots\" content=\"index, follow, max-snippet:-1, max-image-preview:large, max-video-preview:-1\" \/>\n<link rel=\"canonical\" href=\"https:\/\/osaka.ma\/es\/product\/msi-thin-15-b13ve-intel-i7-13620h-16gb-ddr4-512gb-ssd-rtx-4050-15-6-fhd-144hz\/\" \/>\n<meta property=\"og:locale\" content=\"de_DE\" \/>\n<meta property=\"og:type\" content=\"article\" \/>\n<meta property=\"og:title\" content=\"MSI Thin 15 B13VE | Intel i7-13620H | 16GB DDR4 | 512GB SSD | RTX 4050 | 15.6&quot; FHD 144Hz - Osaka\" \/>\n<meta property=\"og:url\" content=\"https:\/\/osaka.ma\/es\/product\/msi-thin-15-b13ve-intel-i7-13620h-16gb-ddr4-512gb-ssd-rtx-4050-15-6-fhd-144hz\/\" \/>\n<meta property=\"og:site_name\" content=\"Osaka\" \/>\n<meta property=\"article:modified_time\" content=\"2025-10-21T12:02:49+00:00\" \/>\n<meta property=\"og:image\" content=\"https:\/\/osaka.ma\/wp-content\/uploads\/2024\/12\/MSI-THIN-15-B13VE-i5-13420H-16GB-512GB-NVIDIA-RTX-4050-6GB.jpg\" \/>\n\t<meta property=\"og:image:width\" content=\"1600\" \/>\n\t<meta property=\"og:image:height\" content=\"1600\" \/>\n\t<meta property=\"og:image:type\" content=\"image\/jpeg\" \/>\n<meta name=\"twitter:card\" content=\"summary_large_image\" \/>\n<meta name=\"twitter:label1\" content=\"Est. reading time\" \/>\n\t<meta name=\"twitter:data1\" content=\"5 minutes\" \/>\n<script type=\"application\/ld+json\" class=\"yoast-schema-graph\">{\"@context\":\"https:\/\/schema.org\",\"@graph\":[{\"@type\":\"WebPage\",\"@id\":\"https:\/\/osaka.ma\/es\/product\/msi-thin-15-b13ve-intel-i7-13620h-16gb-ddr4-512gb-ssd-rtx-4050-15-6-fhd-144hz\/\",\"url\":\"https:\/\/osaka.ma\/es\/product\/msi-thin-15-b13ve-intel-i7-13620h-16gb-ddr4-512gb-ssd-rtx-4050-15-6-fhd-144hz\/\",\"name\":\"MSI Thin 15 B13VE | Intel i7-13620H | 16GB DDR4 | 512GB SSD | RTX 4050 | 15.6\\\" FHD 144Hz - Osaka\",\"isPartOf\":{\"@id\":\"https:\/\/osaka.ma\/#website\"},\"primaryImageOfPage\":{\"@id\":\"https:\/\/osaka.ma\/es\/product\/msi-thin-15-b13ve-intel-i7-13620h-16gb-ddr4-512gb-ssd-rtx-4050-15-6-fhd-144hz\/#primaryimage\"},\"image\":{\"@id\":\"https:\/\/osaka.ma\/es\/product\/msi-thin-15-b13ve-intel-i7-13620h-16gb-ddr4-512gb-ssd-rtx-4050-15-6-fhd-144hz\/#primaryimage\"},\"thumbnailUrl\":\"https:\/\/osaka.ma\/wp-content\/uploads\/2024\/12\/MSI-THIN-15-B13VE-i5-13420H-16GB-512GB-NVIDIA-RTX-4050-6GB.jpg\",\"datePublished\":\"2024-12-13T16:40:46+00:00\",\"dateModified\":\"2025-10-21T12:02:49+00:00\",\"breadcrumb\":{\"@id\":\"https:\/\/osaka.ma\/es\/product\/msi-thin-15-b13ve-intel-i7-13620h-16gb-ddr4-512gb-ssd-rtx-4050-15-6-fhd-144hz\/#breadcrumb\"},\"inLanguage\":\"de-DE\",\"potentialAction\":[{\"@type\":\"ReadAction\",\"target\":[\"https:\/\/osaka.ma\/es\/product\/msi-thin-15-b13ve-intel-i7-13620h-16gb-ddr4-512gb-ssd-rtx-4050-15-6-fhd-144hz\/\"]}]},{\"@type\":\"ImageObject\",\"inLanguage\":\"de-DE\",\"@id\":\"https:\/\/osaka.ma\/es\/product\/msi-thin-15-b13ve-intel-i7-13620h-16gb-ddr4-512gb-ssd-rtx-4050-15-6-fhd-144hz\/#primaryimage\",\"url\":\"https:\/\/osaka.ma\/wp-content\/uploads\/2024\/12\/MSI-THIN-15-B13VE-i5-13420H-16GB-512GB-NVIDIA-RTX-4050-6GB.jpg\",\"contentUrl\":\"https:\/\/osaka.ma\/wp-content\/uploads\/2024\/12\/MSI-THIN-15-B13VE-i5-13420H-16GB-512GB-NVIDIA-RTX-4050-6GB.jpg\",\"width\":1600,\"height\":1600,\"caption\":\"MSI Thin 15 B13VE | Intel i7-13620H | 16GB DDR4 | 512GB SSD | RTX 4050 | 15.6\\\" FHD 144Hz\"},{\"@type\":\"BreadcrumbList\",\"@id\":\"https:\/\/osaka.ma\/es\/product\/msi-thin-15-b13ve-intel-i7-13620h-16gb-ddr4-512gb-ssd-rtx-4050-15-6-fhd-144hz\/#breadcrumb\",\"itemListElement\":[{\"@type\":\"ListItem\",\"position\":1,\"name\":\"Home\",\"item\":\"https:\/\/osaka.ma\/\"},{\"@type\":\"ListItem\",\"position\":2,\"name\":\"Shop\",\"item\":\"https:\/\/osaka.ma\/shop-2\/\"},{\"@type\":\"ListItem\",\"position\":3,\"name\":\"MSI Thin 15 B13VE | Intel i7-13620H | 16GB DDR4 | 512GB SSD | RTX 4050 | 15.6&#8243; FHD 144Hz\"}]},{\"@type\":\"WebSite\",\"@id\":\"https:\/\/osaka.ma\/#website\",\"url\":\"https:\/\/osaka.ma\/\",\"name\":\"Osaka\",\"description\":\"\",\"publisher\":{\"@id\":\"https:\/\/osaka.ma\/#organization\"},\"potentialAction\":[{\"@type\":\"SearchAction\",\"target\":{\"@type\":\"EntryPoint\",\"urlTemplate\":\"https:\/\/osaka.ma\/?s={search_term_string}\"},\"query-input\":{\"@type\":\"PropertyValueSpecification\",\"valueRequired\":true,\"valueName\":\"search_term_string\"}}],\"inLanguage\":\"de-DE\"},{\"@type\":\"Organization\",\"@id\":\"https:\/\/osaka.ma\/#organization\",\"name\":\"Osaka\",\"url\":\"https:\/\/osaka.ma\/\",\"logo\":{\"@type\":\"ImageObject\",\"inLanguage\":\"de-DE\",\"@id\":\"https:\/\/osaka.ma\/#\/schema\/logo\/image\/\",\"url\":\"https:\/\/osaka.ma\/wp-content\/uploads\/2026\/01\/model-slogan-logo-2Plan-de-travail-1dksl-plus-finnn.png\",\"contentUrl\":\"https:\/\/osaka.ma\/wp-content\/uploads\/2026\/01\/model-slogan-logo-2Plan-de-travail-1dksl-plus-finnn.png\",\"width\":842,\"height\":226,\"caption\":\"Osaka\"},\"image\":{\"@id\":\"https:\/\/osaka.ma\/#\/schema\/logo\/image\/\"}}]}<\/script>\n<!-- \/ Yoast SEO plugin. -->","yoast_head_json":{"title":"MSI Thin 15 B13VE | Intel i7-13620H | 16GB DDR4 | 512GB SSD | RTX 4050 | 15.6\" FHD 144Hz - Osaka","robots":{"index":"index","follow":"follow","max-snippet":"max-snippet:-1","max-image-preview":"max-image-preview:large","max-video-preview":"max-video-preview:-1"},"canonical":"https:\/\/osaka.ma\/es\/product\/msi-thin-15-b13ve-intel-i7-13620h-16gb-ddr4-512gb-ssd-rtx-4050-15-6-fhd-144hz\/","og_locale":"de_DE","og_type":"article","og_title":"MSI Thin 15 B13VE | Intel i7-13620H | 16GB DDR4 | 512GB SSD | RTX 4050 | 15.6\" FHD 144Hz - Osaka","og_url":"https:\/\/osaka.ma\/es\/product\/msi-thin-15-b13ve-intel-i7-13620h-16gb-ddr4-512gb-ssd-rtx-4050-15-6-fhd-144hz\/","og_site_name":"Osaka","article_modified_time":"2025-10-21T12:02:49+00:00","og_image":[{"width":1600,"height":1600,"url":"https:\/\/osaka.ma\/wp-content\/uploads\/2024\/12\/MSI-THIN-15-B13VE-i5-13420H-16GB-512GB-NVIDIA-RTX-4050-6GB.jpg","type":"image\/jpeg"}],"twitter_card":"summary_large_image","twitter_misc":{"Est. reading time":"5 minutes"},"schema":{"@context":"https:\/\/schema.org","@graph":[{"@type":"WebPage","@id":"https:\/\/osaka.ma\/es\/product\/msi-thin-15-b13ve-intel-i7-13620h-16gb-ddr4-512gb-ssd-rtx-4050-15-6-fhd-144hz\/","url":"https:\/\/osaka.ma\/es\/product\/msi-thin-15-b13ve-intel-i7-13620h-16gb-ddr4-512gb-ssd-rtx-4050-15-6-fhd-144hz\/","name":"MSI Thin 15 B13VE | Intel i7-13620H | 16GB DDR4 | 512GB SSD | RTX 4050 | 15.6\" FHD 144Hz - Osaka","isPartOf":{"@id":"https:\/\/osaka.ma\/#website"},"primaryImageOfPage":{"@id":"https:\/\/osaka.ma\/es\/product\/msi-thin-15-b13ve-intel-i7-13620h-16gb-ddr4-512gb-ssd-rtx-4050-15-6-fhd-144hz\/#primaryimage"},"image":{"@id":"https:\/\/osaka.ma\/es\/product\/msi-thin-15-b13ve-intel-i7-13620h-16gb-ddr4-512gb-ssd-rtx-4050-15-6-fhd-144hz\/#primaryimage"},"thumbnailUrl":"https:\/\/osaka.ma\/wp-content\/uploads\/2024\/12\/MSI-THIN-15-B13VE-i5-13420H-16GB-512GB-NVIDIA-RTX-4050-6GB.jpg","datePublished":"2024-12-13T16:40:46+00:00","dateModified":"2025-10-21T12:02:49+00:00","breadcrumb":{"@id":"https:\/\/osaka.ma\/es\/product\/msi-thin-15-b13ve-intel-i7-13620h-16gb-ddr4-512gb-ssd-rtx-4050-15-6-fhd-144hz\/#breadcrumb"},"inLanguage":"de-DE","potentialAction":[{"@type":"ReadAction","target":["https:\/\/osaka.ma\/es\/product\/msi-thin-15-b13ve-intel-i7-13620h-16gb-ddr4-512gb-ssd-rtx-4050-15-6-fhd-144hz\/"]}]},{"@type":"ImageObject","inLanguage":"de-DE","@id":"https:\/\/osaka.ma\/es\/product\/msi-thin-15-b13ve-intel-i7-13620h-16gb-ddr4-512gb-ssd-rtx-4050-15-6-fhd-144hz\/#primaryimage","url":"https:\/\/osaka.ma\/wp-content\/uploads\/2024\/12\/MSI-THIN-15-B13VE-i5-13420H-16GB-512GB-NVIDIA-RTX-4050-6GB.jpg","contentUrl":"https:\/\/osaka.ma\/wp-content\/uploads\/2024\/12\/MSI-THIN-15-B13VE-i5-13420H-16GB-512GB-NVIDIA-RTX-4050-6GB.jpg","width":1600,"height":1600,"caption":"MSI Thin 15 B13VE | Intel i7-13620H | 16GB DDR4 | 512GB SSD | RTX 4050 | 15.6\" FHD 144Hz"},{"@type":"BreadcrumbList","@id":"https:\/\/osaka.ma\/es\/product\/msi-thin-15-b13ve-intel-i7-13620h-16gb-ddr4-512gb-ssd-rtx-4050-15-6-fhd-144hz\/#breadcrumb","itemListElement":[{"@type":"ListItem","position":1,"name":"Home","item":"https:\/\/osaka.ma\/"},{"@type":"ListItem","position":2,"name":"Shop","item":"https:\/\/osaka.ma\/shop-2\/"},{"@type":"ListItem","position":3,"name":"MSI Thin 15 B13VE | Intel i7-13620H | 16GB DDR4 | 512GB SSD | RTX 4050 | 15.6&#8243; FHD 144Hz"}]},{"@type":"WebSite","@id":"https:\/\/osaka.ma\/#website","url":"https:\/\/osaka.ma\/","name":"Osaka","description":"","publisher":{"@id":"https:\/\/osaka.ma\/#organization"},"potentialAction":[{"@type":"SearchAction","target":{"@type":"EntryPoint","urlTemplate":"https:\/\/osaka.ma\/?s={search_term_string}"},"query-input":{"@type":"PropertyValueSpecification","valueRequired":true,"valueName":"search_term_string"}}],"inLanguage":"de-DE"},{"@type":"Organization","@id":"https:\/\/osaka.ma\/#organization","name":"Osaka","url":"https:\/\/osaka.ma\/","logo":{"@type":"ImageObject","inLanguage":"de-DE","@id":"https:\/\/osaka.ma\/#\/schema\/logo\/image\/","url":"https:\/\/osaka.ma\/wp-content\/uploads\/2026\/01\/model-slogan-logo-2Plan-de-travail-1dksl-plus-finnn.png","contentUrl":"https:\/\/osaka.ma\/wp-content\/uploads\/2026\/01\/model-slogan-logo-2Plan-de-travail-1dksl-plus-finnn.png","width":842,"height":226,"caption":"Osaka"},"image":{"@id":"https:\/\/osaka.ma\/#\/schema\/logo\/image\/"}}]}},"jetpack_sharing_enabled":true,"brands":[],"_links":{"self":[{"href":"https:\/\/osaka.ma\/de\/wp-json\/wp\/v2\/product\/11465","targetHints":{"allow":["GET"]}}],"collection":[{"href":"https:\/\/osaka.ma\/de\/wp-json\/wp\/v2\/product"}],"about":[{"href":"https:\/\/osaka.ma\/de\/wp-json\/wp\/v2\/types\/product"}],"version-history":[{"count":0,"href":"https:\/\/osaka.ma\/de\/wp-json\/wp\/v2\/product\/11465\/revisions"}],"wp:featuredmedia":[{"embeddable":true,"href":"https:\/\/osaka.ma\/de\/wp-json\/wp\/v2\/media\/1011470"}],"wp:attachment":[{"href":"https:\/\/osaka.ma\/de\/wp-json\/wp\/v2\/media?parent=11465"}],"wp:term":[{"taxonomy":"pwb-brand","embeddable":true,"href":"https:\/\/osaka.ma\/de\/wp-json\/wp\/v2\/pwb-brand?post=11465"},{"taxonomy":"product_brand","embeddable":true,"href":"https:\/\/osaka.ma\/de\/wp-json\/wp\/v2\/product_brand?post=11465"},{"taxonomy":"product_cat","embeddable":true,"href":"https:\/\/osaka.ma\/de\/wp-json\/wp\/v2\/product_cat?post=11465"},{"taxonomy":"product_tag","embeddable":true,"href":"https:\/\/osaka.ma\/de\/wp-json\/wp\/v2\/product_tag?post=11465"},{"taxonomy":"pcb_component_type","embeddable":true,"href":"https:\/\/osaka.ma\/de\/wp-json\/wp\/v2\/pcb_component_type?post=11465"}],"curies":[{"name":"wp","href":"https:\/\/api.w.org\/{rel}","templated":true}]}}