{"id":11497,"date":"2024-12-14T09:52:31","date_gmt":"2024-12-14T09:52:31","guid":{"rendered":"https:\/\/osaka.ma\/?post_type=product&#038;p=11497"},"modified":"2024-12-30T10:41:53","modified_gmt":"2024-12-30T10:41:53","slug":"asus-rog-g614j-i9-14900hx-32gb-ddr5-5200mhz-1tb-ssd-gen-4-rtx-4070-16-qhd-240hz","status":"publish","type":"product","link":"https:\/\/osaka.ma\/de\/product\/asus-rog-g614j-i9-14900hx-32gb-ddr5-5200mhz-1tb-ssd-gen-4-rtx-4070-16-qhd-240hz\/","title":{"rendered":"ASUS ROG G614J  i9 14900HX \/32GB DDR5 5200MHz \/ 1TB SSD Gen 4 \/  RTX 4070 \/16&#8243; QHD 240Hz"},"content":{"rendered":"<div class=\"logo\"><a href=\"https:\/\/www.ldlc.com\/asus\/bint000000806\/\" rel=\"nofollow noopener\" target=\"_blank\"><img decoding=\"async\" class=\"aligncenter\" src=\"https:\/\/media.ldlc.com\/v3\/marque\/bo\/00\/05\/62\/42\/V30005624251_2.jpg\" alt=\"ASUS\" width=\"251\" height=\"111\" \/><\/a><\/div>\n<div id=\"description\" class=\"description\">\n<div class=\"details-pdt-desc\">\n<h2 class=\"h2-master\">Confort et hautes performances avec un \u00e9cran 240 Hz<\/h2>\n<section>Le\u00a0<strong>PC Portable Gaming ASUS ROG STRIX G16<\/strong>\u00a0vous permettra de jouer dans les meilleures conditions \u00e0 vos jeux PC favoris gr\u00e2ce \u00e0 des composants ultra-performants, un \u00e9cran ROG Nebula Display 240 Hz et une conception haut de gamme qui ne laisse rien au hasard. Le PC portable Gamer ASUS ROG STRIX G16 G614JIR-N4168W offre de hautes performances gr\u00e2ce \u00e0 son<strong>\u00a0processeur Intel Core i9-14900HX<\/strong>, ses 32 Go de m\u00e9moire DDR5, son<strong>\u00a0SSD M.2 PCIe 4.0 de 1 To<\/strong>\u00a0et sa\u00a0<strong>puce graphique NVIDIA GeForce RTX 4070<\/strong>.<\/section>\n<section>\n<div class=\"desc-image\"><img decoding=\"async\" src=\"https:\/\/media.ldlc.com\/bo\/images\/fiches\/pc_portables\/asus\/g614\/800_1.jpg\" alt=\"\" \/><\/div>\n<div class=\"desc-text\">\n<h2>Performances pour les Gamers<\/h2>\n<p>En plus de ses composants ultra-performants nouvelle g\u00e9n\u00e9ration, le ROG Strix G16 b\u00e9n\u00e9ficie d&#8217;un superbe design. Avec son processeur Intel Core i9-14900HX et sa puce graphique GeForce RTX s\u00e9rie 4000, ce PC portable ASUS se montrera capable de vous hisser au plus pr\u00e8s des joueurs professionnels.<\/p>\n<\/div>\n<\/section>\n<section>\n<div class=\"desc-text\">\n<h2>Affichage fluide avec un \u00e9cran 240 Hz<\/h2>\n<p>Avec cet ordinateur portable de jeu aux vitesses d&#8217;affichage ultrarapides, mettez-vous dans la peau d&#8217;un professionnel de l&#8217;eSport ! La\u00a0<strong>dalle\u00a0ROG Nebula Display de 240 Hz \/ 3 ms<\/strong>\u00a0permet de jouer aux meilleurs jeux FPS du moment afin que vous soyez toujours au meilleur niveau, pr\u00eat \u00e0 c\u00f4toyer l&#8217;\u00e9lite. Ultrarapide, la fr\u00e9quence de rafra\u00eechissement de 240 Hz fluidifie consid\u00e9rablement les images qu&#8217;affichent les jeux d&#8217;action rapide tandis que le temps de r\u00e9ponse (gris-\u00e0-gris) de 3 ms r\u00e9duit le flou cin\u00e9tique afin que vous puissiez traquer l&#8217;ennemi avec une pr\u00e9cision renouvel\u00e9e. Prenez l&#8217;avantage lors des combats dans lesquels la rapidit\u00e9 et le sens aiguis\u00e9 de l&#8217;environnement de jeu sont essentiels \u00e0 toute victoire.<\/p>\n<\/div>\n<div class=\"desc-image\"><img decoding=\"async\" src=\"https:\/\/media.ldlc.com\/bo\/images\/fiches\/pc_portables\/asus\/g614\/800_2.jpg\" alt=\"\" \/><\/div>\n<\/section>\n<section>\n<div class=\"desc-image\"><img decoding=\"async\" src=\"https:\/\/media.ldlc.com\/bo\/images\/fiches\/pc_portables\/asus\/g614\/800_3.jpg\" alt=\"\" \/><\/div>\n<div class=\"desc-text\">\n<h2>Refroidissement performant<\/h2>\n<p>La philosophie du refroidissement intelligent ROG r\u00e9side dans son alliance entre fonctionnalit\u00e9s utiles et param\u00e8tres syst\u00e8me correctement ajust\u00e9s pour garantir la meilleure exp\u00e9rience possible au niveau du ch\u00e2ssis et des composants. Les performances du PC sont boost\u00e9es gr\u00e2ce \u00e0 l&#8217;utilisation d&#8217;une p\u00e2te thermique fabriqu\u00e9e \u00e0 partir de m\u00e9tal liquide et appliqu\u00e9e directement sur le processeur. De plus, le design du ch\u00e2ssis am\u00e9liore la ventilation pour minimiser les niveaux de bruit en comparaison avec les g\u00e9n\u00e9rations pr\u00e9c\u00e9dentes.<\/p>\n<\/div>\n<\/section>\n<section class=\"list\">\n<h2>Caract\u00e9ristiques principales :<\/h2>\n<ul>\n<li><strong>Processeur Intel Core i9-14900HX\u00a0<\/strong>(8 Performance-Cores 2.2 GHz \/ 5.8 GHz Turbo + 16 Efficient-Cores 1.6 GHz \/ 4.1 GHz Turbo &#8211; 32 Threads &#8211; Cache 36 Mo)<\/li>\n<li>32 Go de m\u00e9moire vive DDR5 5600 MHz (2 x 16 Go &#8211; 2 slots &#8211; maximum 32 Go au total)<\/li>\n<li>\u00c9cran de niveau IPS 16&#8243; avec r\u00e9solution QHD+ 16\/10 (2560 x 1600 pixels) et\u00a0<strong>fr\u00e9quence de 240 Hz<\/strong><\/li>\n<li>Puce graphique\u00a0<strong>NVIDIA GeForce RTX 4070<\/strong>\u00a0avec 8 Go de m\u00e9moire d\u00e9di\u00e9e GDDR6 (2175 MHz Boost Clock +50MHz OC, 115W+25W Dynamic Boost)<\/li>\n<li><strong>SSD M.2 PCIe 4.0 de 1 To<\/strong><\/li>\n<li>Communication sans fil performante :\u00a0Wi-Fi 6E + Bluetooth\u00a05.2<\/li>\n<li>Clavier gaming avec touches r\u00e9tro\u00e9clair\u00e9es RGB 4 zones<\/li>\n<li>Pav\u00e9 tactile avec NumberPad<\/li>\n<li>Haut-parleurs int\u00e9gr\u00e9s 2 x 1W avec technologie Smart Amp<\/li>\n<li><b>Windows 11 Famille<\/b><\/li>\n<\/ul>\n<\/section>\n<\/div>\n<\/div>\n","protected":false},"excerpt":{"rendered":"<p><strong>PC Portable Gaming ASUS ROG STRIX G16<\/strong>\u00a0vous permettra de jouer dans les meilleures conditions \u00e0 vos jeux PC favoris gr\u00e2ce \u00e0 des composants ultra-performants, un \u00e9cran ROG Nebula Display 240 Hz et une conception haut de gamme qui ne laisse rien au hasard. Le PC portable Gamer ASUS ROG STRIX G16 G614JIR-N4168W offre de hautes performances gr\u00e2ce \u00e0 son<strong>\u00a0processeur Intel Core i9-14900HX<\/strong>, ses 32 Go de m\u00e9moire DDR5, son<strong>\u00a0SSD M.2 PCIe 4.0 de 1 To<\/strong>\u00a0et sa\u00a0<strong>puce graphique NVIDIA GeForce RTX 4070<\/strong>.<\/p>\n<h2>Caract\u00e9ristiques principales :<\/h2>\n<ul>\n<li><strong>Processeur Intel Core i9-14900HX\u00a0<\/strong>(8 Performance-Cores 2.2 GHz \/ 5.8 GHz Turbo + 16 Efficient-Cores 1.6 GHz \/ 4.1 GHz Turbo &#8211; 32 Threads &#8211; Cache 36 Mo)<\/li>\n<li>32 Go de m\u00e9moire vive DDR5 5600 MHz (2 x 16 Go &#8211; 2 slots &#8211; maximum 32 Go au total)<\/li>\n<li>\u00c9cran de niveau IPS 16&#8243; avec r\u00e9solution QHD+ 16\/10 (2560 x 1600 pixels) et\u00a0<strong>fr\u00e9quence de 240 Hz<\/strong><\/li>\n<li>Puce graphique\u00a0<strong>NVIDIA GeForce RTX 4070<\/strong>\u00a0avec 8 Go de m\u00e9moire d\u00e9di\u00e9e GDDR6 (2175 MHz Boost Clock +50MHz OC, 115W+25W Dynamic Boost)<\/li>\n<li><strong>SSD M.2 PCIe 4.0 de 1 To<\/strong><\/li>\n<li>Communication sans fil performante :\u00a0Wi-Fi 6E + Bluetooth\u00a05.2<\/li>\n<li>Clavier gaming avec touches r\u00e9tro\u00e9clair\u00e9es RGB 4 zones<\/li>\n<li>Pav\u00e9 tactile avec NumberPad<\/li>\n<li>Haut-parleurs int\u00e9gr\u00e9s 2 x 1W avec technologie Smart Amp<\/li>\n<li><b>Windows 11 Famille<\/b><\/li>\n<li>Neuf\u00a0 dans\u00a0 l&#8217;emballage<\/li>\n<\/ul>\n","protected":false},"featured_media":1011502,"template":"","meta":{"_acf_changed":false},"pwb-brand":[],"product_brand":[],"product_cat":[122,121],"product_tag":[],"pcb_component_type":[],"class_list":{"0":"post-11497","1":"product","2":"type-product","3":"status-publish","4":"has-post-thumbnail","6":"product_cat-gaming","7":"product_cat-pc-portable","9":"first","10":"outofstock","11":"shipping-taxable","12":"product-type-simple"},"translation":{"provider":"WPGlobus","version":"3.0.2","language":"de","enabled_languages":["en","es","de","fr","ru"],"languages":{"en":{"title":true,"content":true,"excerpt":true},"es":{"title":false,"content":false,"excerpt":false},"de":{"title":false,"content":false,"excerpt":false},"fr":{"title":false,"content":false,"excerpt":false},"ru":{"title":false,"content":false,"excerpt":false}}},"acf":[],"yoast_head":"<!-- This site is optimized with the Yoast SEO plugin v27.2 - https:\/\/yoast.com\/product\/yoast-seo-wordpress\/ -->\n<title>ASUS ROG G614J i9 14900HX \/32GB DDR5 5200MHz \/ 1TB SSD Gen 4 \/ RTX 4070 \/16&quot; QHD 240Hz - Osaka<\/title>\n<meta name=\"robots\" content=\"index, follow, max-snippet:-1, max-image-preview:large, max-video-preview:-1\" \/>\n<link rel=\"canonical\" href=\"https:\/\/osaka.ma\/product\/asus-rog-g614j-i9-14900hx-32gb-ddr5-5200mhz-1tb-ssd-gen-4-rtx-4070-16-qhd-240hz\/\" \/>\n<meta property=\"og:locale\" content=\"de_DE\" \/>\n<meta property=\"og:type\" content=\"article\" \/>\n<meta property=\"og:title\" content=\"ASUS ROG G614J i9 14900HX \/32GB DDR5 5200MHz \/ 1TB SSD Gen 4 \/ RTX 4070 \/16&quot; QHD 240Hz - Osaka\" \/>\n<meta property=\"og:url\" content=\"https:\/\/osaka.ma\/product\/asus-rog-g614j-i9-14900hx-32gb-ddr5-5200mhz-1tb-ssd-gen-4-rtx-4070-16-qhd-240hz\/\" \/>\n<meta property=\"og:site_name\" content=\"Osaka\" \/>\n<meta property=\"article:modified_time\" content=\"2024-12-30T10:41:53+00:00\" \/>\n<meta property=\"og:image\" content=\"https:\/\/osaka.ma\/wp-content\/uploads\/2024\/12\/ASUS-ROG-STRIX-G16-G614JIR-N4168W-maroc-S.jpg\" \/>\n\t<meta property=\"og:image:width\" content=\"1600\" \/>\n\t<meta property=\"og:image:height\" content=\"1600\" \/>\n\t<meta property=\"og:image:type\" content=\"image\/jpeg\" \/>\n<meta name=\"twitter:card\" content=\"summary_large_image\" \/>\n<meta name=\"twitter:label1\" content=\"Est. reading time\" \/>\n\t<meta name=\"twitter:data1\" content=\"4 minutes\" \/>\n<script type=\"application\/ld+json\" class=\"yoast-schema-graph\">{\"@context\":\"https:\/\/schema.org\",\"@graph\":[{\"@type\":\"WebPage\",\"@id\":\"https:\/\/osaka.ma\/product\/asus-rog-g614j-i9-14900hx-32gb-ddr5-5200mhz-1tb-ssd-gen-4-rtx-4070-16-qhd-240hz\/\",\"url\":\"https:\/\/osaka.ma\/product\/asus-rog-g614j-i9-14900hx-32gb-ddr5-5200mhz-1tb-ssd-gen-4-rtx-4070-16-qhd-240hz\/\",\"name\":\"ASUS ROG G614J i9 14900HX \/32GB DDR5 5200MHz \/ 1TB SSD Gen 4 \/ RTX 4070 \/16\\\" QHD 240Hz - Osaka\",\"isPartOf\":{\"@id\":\"https:\/\/osaka.ma\/#website\"},\"primaryImageOfPage\":{\"@id\":\"https:\/\/osaka.ma\/product\/asus-rog-g614j-i9-14900hx-32gb-ddr5-5200mhz-1tb-ssd-gen-4-rtx-4070-16-qhd-240hz\/#primaryimage\"},\"image\":{\"@id\":\"https:\/\/osaka.ma\/product\/asus-rog-g614j-i9-14900hx-32gb-ddr5-5200mhz-1tb-ssd-gen-4-rtx-4070-16-qhd-240hz\/#primaryimage\"},\"thumbnailUrl\":\"https:\/\/osaka.ma\/wp-content\/uploads\/2024\/12\/ASUS-ROG-STRIX-G16-G614JIR-N4168W-maroc-S.jpg\",\"datePublished\":\"2024-12-14T09:52:31+00:00\",\"dateModified\":\"2024-12-30T10:41:53+00:00\",\"breadcrumb\":{\"@id\":\"https:\/\/osaka.ma\/product\/asus-rog-g614j-i9-14900hx-32gb-ddr5-5200mhz-1tb-ssd-gen-4-rtx-4070-16-qhd-240hz\/#breadcrumb\"},\"inLanguage\":\"de-DE\",\"potentialAction\":[{\"@type\":\"ReadAction\",\"target\":[\"https:\/\/osaka.ma\/product\/asus-rog-g614j-i9-14900hx-32gb-ddr5-5200mhz-1tb-ssd-gen-4-rtx-4070-16-qhd-240hz\/\"]}]},{\"@type\":\"ImageObject\",\"inLanguage\":\"de-DE\",\"@id\":\"https:\/\/osaka.ma\/product\/asus-rog-g614j-i9-14900hx-32gb-ddr5-5200mhz-1tb-ssd-gen-4-rtx-4070-16-qhd-240hz\/#primaryimage\",\"url\":\"https:\/\/osaka.ma\/wp-content\/uploads\/2024\/12\/ASUS-ROG-STRIX-G16-G614JIR-N4168W-maroc-S.jpg\",\"contentUrl\":\"https:\/\/osaka.ma\/wp-content\/uploads\/2024\/12\/ASUS-ROG-STRIX-G16-G614JIR-N4168W-maroc-S.jpg\",\"width\":1600,\"height\":1600},{\"@type\":\"BreadcrumbList\",\"@id\":\"https:\/\/osaka.ma\/product\/asus-rog-g614j-i9-14900hx-32gb-ddr5-5200mhz-1tb-ssd-gen-4-rtx-4070-16-qhd-240hz\/#breadcrumb\",\"itemListElement\":[{\"@type\":\"ListItem\",\"position\":1,\"name\":\"Home\",\"item\":\"https:\/\/osaka.ma\/\"},{\"@type\":\"ListItem\",\"position\":2,\"name\":\"Shop\",\"item\":\"https:\/\/osaka.ma\/shop-2\/\"},{\"@type\":\"ListItem\",\"position\":3,\"name\":\"ASUS ROG G614J i9 14900HX \/32GB DDR5 5200MHz \/ 1TB SSD Gen 4 \/ RTX 4070 \/16&#8243; QHD 240Hz\"}]},{\"@type\":\"WebSite\",\"@id\":\"https:\/\/osaka.ma\/#website\",\"url\":\"https:\/\/osaka.ma\/\",\"name\":\"Osaka\",\"description\":\"\",\"publisher\":{\"@id\":\"https:\/\/osaka.ma\/#organization\"},\"potentialAction\":[{\"@type\":\"SearchAction\",\"target\":{\"@type\":\"EntryPoint\",\"urlTemplate\":\"https:\/\/osaka.ma\/?s={search_term_string}\"},\"query-input\":{\"@type\":\"PropertyValueSpecification\",\"valueRequired\":true,\"valueName\":\"search_term_string\"}}],\"inLanguage\":\"de-DE\"},{\"@type\":\"Organization\",\"@id\":\"https:\/\/osaka.ma\/#organization\",\"name\":\"Osaka\",\"url\":\"https:\/\/osaka.ma\/\",\"logo\":{\"@type\":\"ImageObject\",\"inLanguage\":\"de-DE\",\"@id\":\"https:\/\/osaka.ma\/#\/schema\/logo\/image\/\",\"url\":\"https:\/\/osaka.ma\/wp-content\/uploads\/2026\/01\/model-slogan-logo-2Plan-de-travail-1dksl-plus-finnn.png\",\"contentUrl\":\"https:\/\/osaka.ma\/wp-content\/uploads\/2026\/01\/model-slogan-logo-2Plan-de-travail-1dksl-plus-finnn.png\",\"width\":842,\"height\":226,\"caption\":\"Osaka\"},\"image\":{\"@id\":\"https:\/\/osaka.ma\/#\/schema\/logo\/image\/\"}}]}<\/script>\n<!-- \/ Yoast SEO plugin. -->","yoast_head_json":{"title":"ASUS ROG G614J i9 14900HX \/32GB DDR5 5200MHz \/ 1TB SSD Gen 4 \/ RTX 4070 \/16\" QHD 240Hz - Osaka","robots":{"index":"index","follow":"follow","max-snippet":"max-snippet:-1","max-image-preview":"max-image-preview:large","max-video-preview":"max-video-preview:-1"},"canonical":"https:\/\/osaka.ma\/product\/asus-rog-g614j-i9-14900hx-32gb-ddr5-5200mhz-1tb-ssd-gen-4-rtx-4070-16-qhd-240hz\/","og_locale":"de_DE","og_type":"article","og_title":"ASUS ROG G614J i9 14900HX \/32GB DDR5 5200MHz \/ 1TB SSD Gen 4 \/ RTX 4070 \/16\" QHD 240Hz - Osaka","og_url":"https:\/\/osaka.ma\/product\/asus-rog-g614j-i9-14900hx-32gb-ddr5-5200mhz-1tb-ssd-gen-4-rtx-4070-16-qhd-240hz\/","og_site_name":"Osaka","article_modified_time":"2024-12-30T10:41:53+00:00","og_image":[{"width":1600,"height":1600,"url":"https:\/\/osaka.ma\/wp-content\/uploads\/2024\/12\/ASUS-ROG-STRIX-G16-G614JIR-N4168W-maroc-S.jpg","type":"image\/jpeg"}],"twitter_card":"summary_large_image","twitter_misc":{"Est. reading time":"4 minutes"},"schema":{"@context":"https:\/\/schema.org","@graph":[{"@type":"WebPage","@id":"https:\/\/osaka.ma\/product\/asus-rog-g614j-i9-14900hx-32gb-ddr5-5200mhz-1tb-ssd-gen-4-rtx-4070-16-qhd-240hz\/","url":"https:\/\/osaka.ma\/product\/asus-rog-g614j-i9-14900hx-32gb-ddr5-5200mhz-1tb-ssd-gen-4-rtx-4070-16-qhd-240hz\/","name":"ASUS ROG G614J i9 14900HX \/32GB DDR5 5200MHz \/ 1TB SSD Gen 4 \/ RTX 4070 \/16\" QHD 240Hz - Osaka","isPartOf":{"@id":"https:\/\/osaka.ma\/#website"},"primaryImageOfPage":{"@id":"https:\/\/osaka.ma\/product\/asus-rog-g614j-i9-14900hx-32gb-ddr5-5200mhz-1tb-ssd-gen-4-rtx-4070-16-qhd-240hz\/#primaryimage"},"image":{"@id":"https:\/\/osaka.ma\/product\/asus-rog-g614j-i9-14900hx-32gb-ddr5-5200mhz-1tb-ssd-gen-4-rtx-4070-16-qhd-240hz\/#primaryimage"},"thumbnailUrl":"https:\/\/osaka.ma\/wp-content\/uploads\/2024\/12\/ASUS-ROG-STRIX-G16-G614JIR-N4168W-maroc-S.jpg","datePublished":"2024-12-14T09:52:31+00:00","dateModified":"2024-12-30T10:41:53+00:00","breadcrumb":{"@id":"https:\/\/osaka.ma\/product\/asus-rog-g614j-i9-14900hx-32gb-ddr5-5200mhz-1tb-ssd-gen-4-rtx-4070-16-qhd-240hz\/#breadcrumb"},"inLanguage":"de-DE","potentialAction":[{"@type":"ReadAction","target":["https:\/\/osaka.ma\/product\/asus-rog-g614j-i9-14900hx-32gb-ddr5-5200mhz-1tb-ssd-gen-4-rtx-4070-16-qhd-240hz\/"]}]},{"@type":"ImageObject","inLanguage":"de-DE","@id":"https:\/\/osaka.ma\/product\/asus-rog-g614j-i9-14900hx-32gb-ddr5-5200mhz-1tb-ssd-gen-4-rtx-4070-16-qhd-240hz\/#primaryimage","url":"https:\/\/osaka.ma\/wp-content\/uploads\/2024\/12\/ASUS-ROG-STRIX-G16-G614JIR-N4168W-maroc-S.jpg","contentUrl":"https:\/\/osaka.ma\/wp-content\/uploads\/2024\/12\/ASUS-ROG-STRIX-G16-G614JIR-N4168W-maroc-S.jpg","width":1600,"height":1600},{"@type":"BreadcrumbList","@id":"https:\/\/osaka.ma\/product\/asus-rog-g614j-i9-14900hx-32gb-ddr5-5200mhz-1tb-ssd-gen-4-rtx-4070-16-qhd-240hz\/#breadcrumb","itemListElement":[{"@type":"ListItem","position":1,"name":"Home","item":"https:\/\/osaka.ma\/"},{"@type":"ListItem","position":2,"name":"Shop","item":"https:\/\/osaka.ma\/shop-2\/"},{"@type":"ListItem","position":3,"name":"ASUS ROG G614J i9 14900HX \/32GB DDR5 5200MHz \/ 1TB SSD Gen 4 \/ RTX 4070 \/16&#8243; QHD 240Hz"}]},{"@type":"WebSite","@id":"https:\/\/osaka.ma\/#website","url":"https:\/\/osaka.ma\/","name":"Osaka","description":"","publisher":{"@id":"https:\/\/osaka.ma\/#organization"},"potentialAction":[{"@type":"SearchAction","target":{"@type":"EntryPoint","urlTemplate":"https:\/\/osaka.ma\/?s={search_term_string}"},"query-input":{"@type":"PropertyValueSpecification","valueRequired":true,"valueName":"search_term_string"}}],"inLanguage":"de-DE"},{"@type":"Organization","@id":"https:\/\/osaka.ma\/#organization","name":"Osaka","url":"https:\/\/osaka.ma\/","logo":{"@type":"ImageObject","inLanguage":"de-DE","@id":"https:\/\/osaka.ma\/#\/schema\/logo\/image\/","url":"https:\/\/osaka.ma\/wp-content\/uploads\/2026\/01\/model-slogan-logo-2Plan-de-travail-1dksl-plus-finnn.png","contentUrl":"https:\/\/osaka.ma\/wp-content\/uploads\/2026\/01\/model-slogan-logo-2Plan-de-travail-1dksl-plus-finnn.png","width":842,"height":226,"caption":"Osaka"},"image":{"@id":"https:\/\/osaka.ma\/#\/schema\/logo\/image\/"}}]}},"jetpack_sharing_enabled":true,"brands":[],"_links":{"self":[{"href":"https:\/\/osaka.ma\/de\/wp-json\/wp\/v2\/product\/11497","targetHints":{"allow":["GET"]}}],"collection":[{"href":"https:\/\/osaka.ma\/de\/wp-json\/wp\/v2\/product"}],"about":[{"href":"https:\/\/osaka.ma\/de\/wp-json\/wp\/v2\/types\/product"}],"version-history":[{"count":0,"href":"https:\/\/osaka.ma\/de\/wp-json\/wp\/v2\/product\/11497\/revisions"}],"wp:featuredmedia":[{"embeddable":true,"href":"https:\/\/osaka.ma\/de\/wp-json\/wp\/v2\/media\/1011502"}],"wp:attachment":[{"href":"https:\/\/osaka.ma\/de\/wp-json\/wp\/v2\/media?parent=11497"}],"wp:term":[{"taxonomy":"pwb-brand","embeddable":true,"href":"https:\/\/osaka.ma\/de\/wp-json\/wp\/v2\/pwb-brand?post=11497"},{"taxonomy":"product_brand","embeddable":true,"href":"https:\/\/osaka.ma\/de\/wp-json\/wp\/v2\/product_brand?post=11497"},{"taxonomy":"product_cat","embeddable":true,"href":"https:\/\/osaka.ma\/de\/wp-json\/wp\/v2\/product_cat?post=11497"},{"taxonomy":"product_tag","embeddable":true,"href":"https:\/\/osaka.ma\/de\/wp-json\/wp\/v2\/product_tag?post=11497"},{"taxonomy":"pcb_component_type","embeddable":true,"href":"https:\/\/osaka.ma\/de\/wp-json\/wp\/v2\/pcb_component_type?post=11497"}],"curies":[{"name":"wp","href":"https:\/\/api.w.org\/{rel}","templated":true}]}}