{"id":11546,"date":"2024-12-14T14:52:05","date_gmt":"2024-12-14T14:52:05","guid":{"rendered":"https:\/\/osaka.ma\/?post_type=product&#038;p=11546"},"modified":"2024-12-31T13:25:04","modified_gmt":"2024-12-31T13:25:04","slug":"razer-blade-18-i9-14900hx-32gb-ddr5-1tb-rtx-4080-12gb-18-mini-led-qhd-300hz","status":"publish","type":"product","link":"https:\/\/osaka.ma\/de\/product\/razer-blade-18-i9-14900hx-32gb-ddr5-1tb-rtx-4080-12gb-18-mini-led-qhd-300hz\/","title":{"rendered":"RAZER BLADE 18 i9-14900HX \/32GB DDR5  \/ 1TB  \/RTX 4080 12GB \/18\u201d Mini LED QHD+ 300Hz"},"content":{"rendered":"<div class=\"celwidget aplus-module 3p-module-b aplus-standard\" data-csa-c-id=\"o0cbva-743lpt-7ebb1m-e7xqow\" data-cel-widget=\"aplus-3p-module-b\">\n<div class=\"aplus-module-wrapper aplus-3p-fixed-width\"><\/div>\n<\/div>\n<div class=\"celwidget aplus-module module-9 aplus-standard\" data-csa-c-id=\"hxmlsk-6nb1h5-4g1oy8-yh9hq0\" data-cel-widget=\"aplus-module-9\">\n<div class=\"aplus-module-wrapper apm-fixed-width apm-spacing\">\n<div class=\"apm-flex\">\n<div class=\"apm-flex-item-third-width\"><\/div>\n<div class=\"apm-flex-item-third-width\">\n<div class=\"logo\"><img fetchpriority=\"high\" decoding=\"async\" class=\"aligncenter\" src=\"https:\/\/media.ldlc.com\/v3\/marque\/bo\/00\/05\/97\/25\/V30005972551.png\" alt=\"Razer\" width=\"427\" height=\"189\" \/><\/div>\n<div id=\"description\" class=\"description\">\n<div class=\"details-pdt-desc\">\n<h2><\/h2>\n<h2 class=\"h2-master\">Puissance et vitesse<\/h2>\n<section>Gagnez en puissance, en confort et en mobilit\u00e9 avec le\u00a0<strong>Razer Blade 18<\/strong>avec processeur Intel de 14e g\u00e9n\u00e9ration ! Ce PC portable Gamer offre de hautes performances de jeu et offre un excellent confort d\u2019utilisation avec son \u00e9cran <strong>Mini LED QHD+ 300H<\/strong>z et son clavier r\u00e9tro\u00e9clair\u00e9 Razer Chroma ! Le Razer Blade 18 offre performance et rapidit\u00e9 gr\u00e2ce \u00e0 son <strong>processeur Intel Core i9-14900HX<\/strong>, ses 32Go de m\u00e9moire DDR5, son <strong>SSD M.2 PCIe de 1 TB\u00a0<\/strong>et sa puce graphique\u00a0<strong>NVIDIA GeForce RTX 4080 Laptop <\/strong>avec 12GB de m\u00e9moire GDDR6.<\/section>\n<section><\/section>\n<section>\n<div class=\"desc-image\"><img decoding=\"async\" src=\"https:\/\/media.ldlc.com\/bo\/images\/fiches\/pc_portables\/razer\/blade_16\/801.jpg\" alt=\"\" \/><\/div>\n<div class=\"desc-text\">\n<h2><\/h2>\n<h2>\u00e9cran QHD+ avec fr\u00e9quence de 300HZ<\/h2>\n<p>Le Razer Blade 18 offre de hautes performances d\u2019affichage et un grand confort visuel. Son \u00e9cran \u00e0 cadre mince optimise le confort et l\u2019immersion. Avec une r\u00e9solution QHD+ et une fr\u00e9quence d\u2019affichage \u00e0300 Hz, il offre une image riche en d\u00e9tails et surtout ultra-fluide ! Par ailleurs, l\u2019\u00e9cran b\u00e9n\u00e9ficie d\u2019un calibrage d\u2019usine avec prise en charge de 100% des couleurs DCI-P3. Profitez ainsi de couleurs particuli\u00e8rement fid\u00e8les ! L\u2019\u00e9cran prend \u00e9galement en charge la technologie <strong>NVIDIA G-SYNC<\/strong>, pour affichage fluide et sans d\u00e9chirures.<\/p>\n<\/div>\n<\/section>\n<section>\n<div class=\"desc-text\">\n<h2>Performance et finesse<\/h2>\n<p>Malgr\u00e9 ses dimensions compactes et son poids l\u00e9ger, le PC portable Razer Blade 18 offre de hautes performances de jeu gr\u00e2ce \u00e0 ses composants ultra-performants. Equip\u00e9 notamment d\u2019un <strong>processeur \u201cDesktop\u201d Intel Core i9 HX de 14e g\u00e9n\u00e9ration<\/strong>\u00a0et d\u2019une puce graphique NVIDIA GeForce RTX S\u00e9rie 4000, ce PC portable Razer offre de hautes performances de jeu. Construits avec l\u2019architecture NVIDIA Ada Lovelace extr\u00eamement efficace, ces processeurs graphiques r\u00e9volutionnent les performances avec le DLSS 3 aliment\u00e9 par IA et permettent de cr\u00e9er des mondes virtuels r\u00e9alistes gr\u00e2ce au full ray-tracing. En plus, la suite de technologies Max-Q optimise les performances du syst\u00e8me, la consommation, l\u2019autonomie de la batterie et le niveau acoustique, pour une efficacit\u00e9 maximale.<\/p>\n<p>&nbsp;<\/p>\n<\/div>\n<div class=\"desc-image\"><img decoding=\"async\" src=\"https:\/\/media.ldlc.com\/bo\/images\/fiches\/pc_portables\/razer\/blade_16\/802.jpg\" alt=\"\" \/><\/div>\n<\/section>\n<section>\n<div class=\"desc-image\"><img decoding=\"async\" src=\"https:\/\/media.ldlc.com\/bo\/images\/fiches\/pc_portables\/razer\/blade_16\/803.jpg\" alt=\"\" \/><\/div>\n<div class=\"desc-text\">\n<h2><\/h2>\n<h2>Syst\u00e8me de refroidissement performant<\/h2>\n<p>Con\u00e7u avec des mat\u00e9riaux thermiques de pointe, le syst\u00e8me de refroidissement par chambre \u00e0 vapeur, dissipe silencieusement et efficacement la chaleur gr\u00e2ce \u00e0 l\u2019\u00e9vaporation et \u00e0 la condensation d\u2019un fluide interne. Une caract\u00e9ristique qui donne au Razer Blade 18 une forme compacte et davantage de puissance. Le syst\u00e8me exploite au maximum ses bloqueurs thermiques de nanoparticules et ses composants de qualit\u00e9 serveur pour tirer le meilleur parti de chaque FPS.<\/p>\n<\/div>\n<\/section>\n<section class=\"list\">\n<h2>Caract\u00e9ristiques principales :<\/h2>\n<ul>\n<li>Conception haut de gamme monobloc en aluminium anodis\u00e9<\/li>\n<li><strong>Processeur Intel Core i9-14900HX<\/strong>\u00a0(8 Performance-Cores 5.8 GHz Turbo + 16 Efficient-Cores 4.1 GHz Turbo \u2013 32 Threads \u2013 Cache 36 MB Intel Smart Cache )<\/li>\n<li>\u00c9cran de 16 pouces avec\u00a0<strong>r\u00e9solution QHD+<\/strong>, temps de r\u00e9ponse de 3 ms et\u00a0<strong>fr\u00e9quence de 300 Hz<\/strong><\/li>\n<li><strong>32 GB<\/strong>\u00a0de m\u00e9moire vive\u00a0<strong>DDR5 5600 MHz<\/strong>\u00a0(2 slots avec maximum 64 Go au total)<\/li>\n<li>Puce graphique\u00a0<strong>NVIDIA GeForce RTX 4080 Laptop<\/strong> avec <strong>12 GB<\/strong> de m\u00e9moire d\u00e9di\u00e9e<\/li>\n<li>1 connecteur HDMI 2.1 et un connecteur Thunderbolt 4 \/ USB-C avec Power Delivery 3 de 100W<\/li>\n<li><strong>SSD M.2 PCIe de 1 TB<\/strong>\u00a0+ slot libre pour un second SSD M.2 PCIe<\/li>\n<li><strong>Clavier Gamer anti-ghosting<\/strong>\u00a0avec\u00a0<strong>r\u00e9tro\u00e9clairage RGB touche par touche<\/strong>\u00a0et technologie\u00a0<strong>Razer Chroma<\/strong><\/li>\n<li>Communication sans fil Wi-Fi 6E + Bluetooth 5.3<\/li>\n<li>Webcam HD IR 1080p compatible Windows Hello<\/li>\n<li>4 haut-parleurs (2 tweeters et 2 sub) avec support de la technologie THX Spatial Audio<\/li>\n<li>Adaptateur secteur compact 330 Watts<\/li>\n<li>Windows 11<\/li>\n<\/ul>\n<\/section>\n<\/div>\n<\/div>\n<\/div>\n<\/div>\n<\/div>\n<\/div>\n","protected":false},"excerpt":{"rendered":"<p>Gagnez en puissance, en confort et en mobilit\u00e9 avec le\u00a0<strong>Razer Blade 18<\/strong>avec processeur Intel de 14e g\u00e9n\u00e9ration ! Ce PC portable Gamer offre de hautes performances de jeu et offre un excellent confort d\u2019utilisation avec son \u00e9cran <strong>Mini LED QHD+ 300H<\/strong>z et son clavier r\u00e9tro\u00e9clair\u00e9 Razer Chroma ! Le Razer Blade 18 offre performance et rapidit\u00e9 gr\u00e2ce \u00e0 son <strong>processeur Intel Core i9-14900HX<\/strong>, ses 32Go de m\u00e9moire DDR5, son <strong>SSD M.2 PCIe de 1 TB\u00a0<\/strong>et sa puce graphique\u00a0<strong>NVIDIA GeForce RTX 4080 Laptop <\/strong>avec 12GB de m\u00e9moire GDDR6.<\/p>\n<p><strong>Caract\u00e9ristiques principales :<\/strong><\/p>\n<ul>\n<li>Conception haut de gamme monobloc en aluminium anodis\u00e9<\/li>\n<li><strong>Processeur Intel Core i9-14900HX<\/strong>\u00a0(8 Performance-Cores 5.8 GHz Turbo + 16 Efficient-Cores 4.1 GHz Turbo \u2013 32 Threads \u2013 Cache 36 MB Intel Smart Cache )<\/li>\n<li>\u00c9cran de 16 pouces avec\u00a0<strong>r\u00e9solution QHD+<\/strong>, temps de r\u00e9ponse de 3 ms et\u00a0<strong>fr\u00e9quence de 300 Hz<\/strong><\/li>\n<li><strong>32 GB<\/strong>\u00a0de m\u00e9moire vive\u00a0<strong>DDR5 5600 MHz<\/strong>\u00a0(2 slots avec maximum 64 Go au total)<\/li>\n<li>Puce graphique\u00a0<strong>NVIDIA GeForce RTX 4080 Laptop<\/strong> avec <strong>12 GB<\/strong> de m\u00e9moire d\u00e9di\u00e9e<\/li>\n<li>1 connecteur HDMI 2.1 et un connecteur Thunderbolt 4 \/ USB-C avec Power Delivery 3 de 100W<\/li>\n<li><strong>SSD M.2 PCIe de 1 TB<\/strong>\u00a0+ slot libre pour un second SSD M.2 PCIe<\/li>\n<li><strong>Clavier Gamer anti-ghosting<\/strong>\u00a0avec\u00a0<strong>r\u00e9tro\u00e9clairage RGB touche par touche<\/strong>\u00a0et technologie\u00a0<strong>Razer Chroma<\/strong><\/li>\n<li>Communication sans fil Wi-Fi 6E + Bluetooth 5.3<\/li>\n<li>Webcam HD IR 1080p compatible Windows Hello<\/li>\n<li>4 haut-parleurs (2 tweeters et 2 sub) avec support de la technologie THX Spatial Audio<\/li>\n<li>Adaptateur secteur compact 330 Watts<\/li>\n<li>Windows 11<\/li>\n<li>Neuf sans emballage<\/li>\n<\/ul>\n","protected":false},"featured_media":1011550,"template":"","meta":{"_acf_changed":false},"pwb-brand":[],"product_brand":[],"product_cat":[122,121],"product_tag":[],"pcb_component_type":[],"class_list":{"0":"post-11546","1":"product","2":"type-product","3":"status-publish","4":"has-post-thumbnail","6":"product_cat-gaming","7":"product_cat-pc-portable","9":"first","10":"outofstock","11":"shipping-taxable","12":"product-type-simple"},"translation":{"provider":"WPGlobus","version":"3.0.2","language":"de","enabled_languages":["en","es","de","fr","ru"],"languages":{"en":{"title":true,"content":true,"excerpt":true},"es":{"title":false,"content":false,"excerpt":false},"de":{"title":false,"content":false,"excerpt":false},"fr":{"title":false,"content":false,"excerpt":false},"ru":{"title":false,"content":false,"excerpt":false}}},"acf":[],"yoast_head":"<!-- This site is optimized with the Yoast SEO plugin v27.2 - https:\/\/yoast.com\/product\/yoast-seo-wordpress\/ -->\n<title>RAZER BLADE 18 i9-14900HX \/32GB DDR5 \/ 1TB \/RTX 4080 12GB \/18\u201d Mini LED QHD+ 300Hz - Osaka<\/title>\n<meta name=\"robots\" content=\"index, follow, max-snippet:-1, max-image-preview:large, max-video-preview:-1\" \/>\n<link rel=\"canonical\" href=\"https:\/\/osaka.ma\/es\/product\/razer-blade-18-i9-14900hx-32gb-ddr5-1tb-rtx-4080-12gb-18-mini-led-qhd-300hz\/\" \/>\n<meta property=\"og:locale\" content=\"de_DE\" \/>\n<meta property=\"og:type\" content=\"article\" \/>\n<meta property=\"og:title\" content=\"RAZER BLADE 18 i9-14900HX \/32GB DDR5 \/ 1TB \/RTX 4080 12GB \/18\u201d Mini LED QHD+ 300Hz - Osaka\" \/>\n<meta property=\"og:url\" content=\"https:\/\/osaka.ma\/es\/product\/razer-blade-18-i9-14900hx-32gb-ddr5-1tb-rtx-4080-12gb-18-mini-led-qhd-300hz\/\" \/>\n<meta property=\"og:site_name\" content=\"Osaka\" \/>\n<meta property=\"article:modified_time\" content=\"2024-12-31T13:25:04+00:00\" \/>\n<meta property=\"og:image\" content=\"https:\/\/osaka.ma\/wp-content\/uploads\/2024\/12\/6579510_sd.webp\" \/>\n\t<meta property=\"og:image:width\" content=\"900\" \/>\n\t<meta property=\"og:image:height\" content=\"900\" \/>\n\t<meta property=\"og:image:type\" content=\"image\/webp\" \/>\n<meta name=\"twitter:card\" content=\"summary_large_image\" \/>\n<meta name=\"twitter:label1\" content=\"Est. reading time\" \/>\n\t<meta name=\"twitter:data1\" content=\"4 minutes\" \/>\n<script type=\"application\/ld+json\" class=\"yoast-schema-graph\">{\"@context\":\"https:\/\/schema.org\",\"@graph\":[{\"@type\":\"WebPage\",\"@id\":\"https:\/\/osaka.ma\/es\/product\/razer-blade-18-i9-14900hx-32gb-ddr5-1tb-rtx-4080-12gb-18-mini-led-qhd-300hz\/\",\"url\":\"https:\/\/osaka.ma\/es\/product\/razer-blade-18-i9-14900hx-32gb-ddr5-1tb-rtx-4080-12gb-18-mini-led-qhd-300hz\/\",\"name\":\"RAZER BLADE 18 i9-14900HX \/32GB DDR5 \/ 1TB \/RTX 4080 12GB \/18\u201d Mini LED QHD+ 300Hz - Osaka\",\"isPartOf\":{\"@id\":\"https:\/\/osaka.ma\/#website\"},\"primaryImageOfPage\":{\"@id\":\"https:\/\/osaka.ma\/es\/product\/razer-blade-18-i9-14900hx-32gb-ddr5-1tb-rtx-4080-12gb-18-mini-led-qhd-300hz\/#primaryimage\"},\"image\":{\"@id\":\"https:\/\/osaka.ma\/es\/product\/razer-blade-18-i9-14900hx-32gb-ddr5-1tb-rtx-4080-12gb-18-mini-led-qhd-300hz\/#primaryimage\"},\"thumbnailUrl\":\"https:\/\/osaka.ma\/wp-content\/uploads\/2024\/12\/6579510_sd.webp\",\"datePublished\":\"2024-12-14T14:52:05+00:00\",\"dateModified\":\"2024-12-31T13:25:04+00:00\",\"breadcrumb\":{\"@id\":\"https:\/\/osaka.ma\/es\/product\/razer-blade-18-i9-14900hx-32gb-ddr5-1tb-rtx-4080-12gb-18-mini-led-qhd-300hz\/#breadcrumb\"},\"inLanguage\":\"de-DE\",\"potentialAction\":[{\"@type\":\"ReadAction\",\"target\":[\"https:\/\/osaka.ma\/es\/product\/razer-blade-18-i9-14900hx-32gb-ddr5-1tb-rtx-4080-12gb-18-mini-led-qhd-300hz\/\"]}]},{\"@type\":\"ImageObject\",\"inLanguage\":\"de-DE\",\"@id\":\"https:\/\/osaka.ma\/es\/product\/razer-blade-18-i9-14900hx-32gb-ddr5-1tb-rtx-4080-12gb-18-mini-led-qhd-300hz\/#primaryimage\",\"url\":\"https:\/\/osaka.ma\/wp-content\/uploads\/2024\/12\/6579510_sd.webp\",\"contentUrl\":\"https:\/\/osaka.ma\/wp-content\/uploads\/2024\/12\/6579510_sd.webp\",\"width\":900,\"height\":900},{\"@type\":\"BreadcrumbList\",\"@id\":\"https:\/\/osaka.ma\/es\/product\/razer-blade-18-i9-14900hx-32gb-ddr5-1tb-rtx-4080-12gb-18-mini-led-qhd-300hz\/#breadcrumb\",\"itemListElement\":[{\"@type\":\"ListItem\",\"position\":1,\"name\":\"Home\",\"item\":\"https:\/\/osaka.ma\/\"},{\"@type\":\"ListItem\",\"position\":2,\"name\":\"Shop\",\"item\":\"https:\/\/osaka.ma\/shop-2\/\"},{\"@type\":\"ListItem\",\"position\":3,\"name\":\"RAZER BLADE 18 i9-14900HX \/32GB DDR5 \/ 1TB \/RTX 4080 12GB \/18\u201d Mini LED QHD+ 300Hz\"}]},{\"@type\":\"WebSite\",\"@id\":\"https:\/\/osaka.ma\/#website\",\"url\":\"https:\/\/osaka.ma\/\",\"name\":\"Osaka\",\"description\":\"\",\"publisher\":{\"@id\":\"https:\/\/osaka.ma\/#organization\"},\"potentialAction\":[{\"@type\":\"SearchAction\",\"target\":{\"@type\":\"EntryPoint\",\"urlTemplate\":\"https:\/\/osaka.ma\/?s={search_term_string}\"},\"query-input\":{\"@type\":\"PropertyValueSpecification\",\"valueRequired\":true,\"valueName\":\"search_term_string\"}}],\"inLanguage\":\"de-DE\"},{\"@type\":\"Organization\",\"@id\":\"https:\/\/osaka.ma\/#organization\",\"name\":\"Osaka\",\"url\":\"https:\/\/osaka.ma\/\",\"logo\":{\"@type\":\"ImageObject\",\"inLanguage\":\"de-DE\",\"@id\":\"https:\/\/osaka.ma\/#\/schema\/logo\/image\/\",\"url\":\"https:\/\/osaka.ma\/wp-content\/uploads\/2026\/01\/model-slogan-logo-2Plan-de-travail-1dksl-plus-finnn.png\",\"contentUrl\":\"https:\/\/osaka.ma\/wp-content\/uploads\/2026\/01\/model-slogan-logo-2Plan-de-travail-1dksl-plus-finnn.png\",\"width\":842,\"height\":226,\"caption\":\"Osaka\"},\"image\":{\"@id\":\"https:\/\/osaka.ma\/#\/schema\/logo\/image\/\"}}]}<\/script>\n<!-- \/ Yoast SEO plugin. -->","yoast_head_json":{"title":"RAZER BLADE 18 i9-14900HX \/32GB DDR5 \/ 1TB \/RTX 4080 12GB \/18\u201d Mini LED QHD+ 300Hz - Osaka","robots":{"index":"index","follow":"follow","max-snippet":"max-snippet:-1","max-image-preview":"max-image-preview:large","max-video-preview":"max-video-preview:-1"},"canonical":"https:\/\/osaka.ma\/es\/product\/razer-blade-18-i9-14900hx-32gb-ddr5-1tb-rtx-4080-12gb-18-mini-led-qhd-300hz\/","og_locale":"de_DE","og_type":"article","og_title":"RAZER BLADE 18 i9-14900HX \/32GB DDR5 \/ 1TB \/RTX 4080 12GB \/18\u201d Mini LED QHD+ 300Hz - Osaka","og_url":"https:\/\/osaka.ma\/es\/product\/razer-blade-18-i9-14900hx-32gb-ddr5-1tb-rtx-4080-12gb-18-mini-led-qhd-300hz\/","og_site_name":"Osaka","article_modified_time":"2024-12-31T13:25:04+00:00","og_image":[{"width":900,"height":900,"url":"https:\/\/osaka.ma\/wp-content\/uploads\/2024\/12\/6579510_sd.webp","type":"image\/webp"}],"twitter_card":"summary_large_image","twitter_misc":{"Est. reading time":"4 minutes"},"schema":{"@context":"https:\/\/schema.org","@graph":[{"@type":"WebPage","@id":"https:\/\/osaka.ma\/es\/product\/razer-blade-18-i9-14900hx-32gb-ddr5-1tb-rtx-4080-12gb-18-mini-led-qhd-300hz\/","url":"https:\/\/osaka.ma\/es\/product\/razer-blade-18-i9-14900hx-32gb-ddr5-1tb-rtx-4080-12gb-18-mini-led-qhd-300hz\/","name":"RAZER BLADE 18 i9-14900HX \/32GB DDR5 \/ 1TB \/RTX 4080 12GB \/18\u201d Mini LED QHD+ 300Hz - Osaka","isPartOf":{"@id":"https:\/\/osaka.ma\/#website"},"primaryImageOfPage":{"@id":"https:\/\/osaka.ma\/es\/product\/razer-blade-18-i9-14900hx-32gb-ddr5-1tb-rtx-4080-12gb-18-mini-led-qhd-300hz\/#primaryimage"},"image":{"@id":"https:\/\/osaka.ma\/es\/product\/razer-blade-18-i9-14900hx-32gb-ddr5-1tb-rtx-4080-12gb-18-mini-led-qhd-300hz\/#primaryimage"},"thumbnailUrl":"https:\/\/osaka.ma\/wp-content\/uploads\/2024\/12\/6579510_sd.webp","datePublished":"2024-12-14T14:52:05+00:00","dateModified":"2024-12-31T13:25:04+00:00","breadcrumb":{"@id":"https:\/\/osaka.ma\/es\/product\/razer-blade-18-i9-14900hx-32gb-ddr5-1tb-rtx-4080-12gb-18-mini-led-qhd-300hz\/#breadcrumb"},"inLanguage":"de-DE","potentialAction":[{"@type":"ReadAction","target":["https:\/\/osaka.ma\/es\/product\/razer-blade-18-i9-14900hx-32gb-ddr5-1tb-rtx-4080-12gb-18-mini-led-qhd-300hz\/"]}]},{"@type":"ImageObject","inLanguage":"de-DE","@id":"https:\/\/osaka.ma\/es\/product\/razer-blade-18-i9-14900hx-32gb-ddr5-1tb-rtx-4080-12gb-18-mini-led-qhd-300hz\/#primaryimage","url":"https:\/\/osaka.ma\/wp-content\/uploads\/2024\/12\/6579510_sd.webp","contentUrl":"https:\/\/osaka.ma\/wp-content\/uploads\/2024\/12\/6579510_sd.webp","width":900,"height":900},{"@type":"BreadcrumbList","@id":"https:\/\/osaka.ma\/es\/product\/razer-blade-18-i9-14900hx-32gb-ddr5-1tb-rtx-4080-12gb-18-mini-led-qhd-300hz\/#breadcrumb","itemListElement":[{"@type":"ListItem","position":1,"name":"Home","item":"https:\/\/osaka.ma\/"},{"@type":"ListItem","position":2,"name":"Shop","item":"https:\/\/osaka.ma\/shop-2\/"},{"@type":"ListItem","position":3,"name":"RAZER BLADE 18 i9-14900HX \/32GB DDR5 \/ 1TB \/RTX 4080 12GB \/18\u201d Mini LED QHD+ 300Hz"}]},{"@type":"WebSite","@id":"https:\/\/osaka.ma\/#website","url":"https:\/\/osaka.ma\/","name":"Osaka","description":"","publisher":{"@id":"https:\/\/osaka.ma\/#organization"},"potentialAction":[{"@type":"SearchAction","target":{"@type":"EntryPoint","urlTemplate":"https:\/\/osaka.ma\/?s={search_term_string}"},"query-input":{"@type":"PropertyValueSpecification","valueRequired":true,"valueName":"search_term_string"}}],"inLanguage":"de-DE"},{"@type":"Organization","@id":"https:\/\/osaka.ma\/#organization","name":"Osaka","url":"https:\/\/osaka.ma\/","logo":{"@type":"ImageObject","inLanguage":"de-DE","@id":"https:\/\/osaka.ma\/#\/schema\/logo\/image\/","url":"https:\/\/osaka.ma\/wp-content\/uploads\/2026\/01\/model-slogan-logo-2Plan-de-travail-1dksl-plus-finnn.png","contentUrl":"https:\/\/osaka.ma\/wp-content\/uploads\/2026\/01\/model-slogan-logo-2Plan-de-travail-1dksl-plus-finnn.png","width":842,"height":226,"caption":"Osaka"},"image":{"@id":"https:\/\/osaka.ma\/#\/schema\/logo\/image\/"}}]}},"jetpack_sharing_enabled":true,"brands":[],"_links":{"self":[{"href":"https:\/\/osaka.ma\/de\/wp-json\/wp\/v2\/product\/11546","targetHints":{"allow":["GET"]}}],"collection":[{"href":"https:\/\/osaka.ma\/de\/wp-json\/wp\/v2\/product"}],"about":[{"href":"https:\/\/osaka.ma\/de\/wp-json\/wp\/v2\/types\/product"}],"version-history":[{"count":0,"href":"https:\/\/osaka.ma\/de\/wp-json\/wp\/v2\/product\/11546\/revisions"}],"wp:featuredmedia":[{"embeddable":true,"href":"https:\/\/osaka.ma\/de\/wp-json\/wp\/v2\/media\/1011550"}],"wp:attachment":[{"href":"https:\/\/osaka.ma\/de\/wp-json\/wp\/v2\/media?parent=11546"}],"wp:term":[{"taxonomy":"pwb-brand","embeddable":true,"href":"https:\/\/osaka.ma\/de\/wp-json\/wp\/v2\/pwb-brand?post=11546"},{"taxonomy":"product_brand","embeddable":true,"href":"https:\/\/osaka.ma\/de\/wp-json\/wp\/v2\/product_brand?post=11546"},{"taxonomy":"product_cat","embeddable":true,"href":"https:\/\/osaka.ma\/de\/wp-json\/wp\/v2\/product_cat?post=11546"},{"taxonomy":"product_tag","embeddable":true,"href":"https:\/\/osaka.ma\/de\/wp-json\/wp\/v2\/product_tag?post=11546"},{"taxonomy":"pcb_component_type","embeddable":true,"href":"https:\/\/osaka.ma\/de\/wp-json\/wp\/v2\/pcb_component_type?post=11546"}],"curies":[{"name":"wp","href":"https:\/\/api.w.org\/{rel}","templated":true}]}}