{"id":11997,"date":"2025-01-08T10:20:12","date_gmt":"2025-01-08T10:20:12","guid":{"rendered":"https:\/\/osaka.ma\/?post_type=product&#038;p=11997"},"modified":"2025-03-07T09:32:51","modified_gmt":"2025-03-07T09:32:51","slug":"pc-gamer-ryzen7-5700x3d-16gb-512gb-rtx-3050-6g","status":"publish","type":"product","link":"https:\/\/osaka.ma\/de\/product\/pc-gamer-ryzen7-5700x3d-16gb-512gb-rtx-3050-6g\/","title":{"rendered":"PC Gamer RYZEN 7 5700X3D \/16GB\/ 512GB \/RTX 3050 6G"},"content":{"rendered":"<p><span style=\"font-size: 16px;\">PC Gamer Osaka vous offre une configuration <\/span><strong>AMD RYZEN\u2122<\/strong><span style=\"font-size: 16px;\">\u00a0avec des composants \u00e9quilibr\u00e9e avec un bon prix, ce PC Gamer compos\u00e9 d\u2019un processeur<\/span> <strong>AMD RYZEN\u2122Ryzen 7 5700X3D<\/strong> <span style=\"font-size: 16px;\">\u00a0ainsi que d\u2019une carte graphique\u00a0<\/span>ASUS GeForce RTX 3050 DUAL OC 6GB GDDR6\u00a0<span style=\"font-size: 16px;\">\u00a0Il int\u00e8gre \u00e9galement un SSD 512GB pour un syst\u00e8me toujours plus rapide et<\/span>\u00a016 (8\u00d72) Go de RAM<span style=\"font-size: 16px;\">. Voila les atouts de ce PC puissant taill\u00e9 pour travailler dans les meilleures conditions.<\/span><\/p>\n<div class=\"woocommerce-product-details__short-description\">\n<div class=\"woocommerce-product-details__short-description\">\n<ul>\n<li>Processeur<strong> Ryzen 7 5700X3D (3.0 GHz \/ 4.1 GHz)<\/strong><\/li>\n<li>Carte m\u00e8re<strong>\u00a0MSI A520M-A-PRO<\/strong><\/li>\n<li>Ram\u00a0<strong>16GB(8\u00d72) GIGASTONE\u00a0 3200MHZ<\/strong><\/li>\n<li>Carte graphique\u00a0<strong>ASUS GeForce RTX 3050 DUAL OC 6GB GDDR6<\/strong><\/li>\n<li>Bo\u00eetier<strong>\u00a0MSI M100A RGB<\/strong><\/li>\n<li>SSD\u00a0<strong><strong>512GB SSD NVME<\/strong><\/strong><\/li>\n<li>Ventirad<strong> DeepCool Gammaxx AG200<\/strong><\/li>\n<li>Alimentation<strong> MSI MAG A550BNL 80PLUS Bronze 550W<\/strong><\/li>\n<li><strong><strong><strong>Win11 \/ Bien assembl\u00e9<\/strong><\/strong><\/strong>\n<div class=\"logo\">\n<div class=\"logo\"><a href=\"https:\/\/www.ldlc.com\/amd\/bint000000805\/\" rel=\"nofollow noopener\" target=\"_blank\"><img decoding=\"async\" class=\"aligncenter\" src=\"https:\/\/media.ldlc.com\/v3\/marque\/bo\/00\/01\/69\/31\/V30001693127_2.gif\" alt=\"AMD\" \/><\/a><\/div>\n<div id=\"description\" class=\"description\">\n<div class=\"details-pdt-desc\">\n<h2 class=\"h2-master\">Le meilleur processeur pour le Jeu Vid\u00e9o, avec 100 Mo de cache !<\/h2>\n<section>Le\u00a0<strong>processeur gaming AMD Ryzen 7 5700X3D<\/strong>\u00a0int\u00e8gre la\u00a0<strong>technologie exclusive AMD 3D V-Cache<\/strong>\u00a0pour des performances exceptionnelles en Jeu. En multipliant par 3 la quantit\u00e9 de m\u00e9moire cache disponible, cette technologie permet au\u00a0<strong>processeur AMD Ryzen 7 5700X3D d&#8217;atteindre 100 Mo de cache L2 + L3<\/strong>. Cette capacit\u00e9 \u00e0 traiter un tr\u00e8s grand nombre d&#8217;instructions rend ce processeur AMD ultra-performant dans les jeux. Associ\u00e9 \u00e0 une carte graphique haut de gamme, le\u00a0<strong>Ryzen 7 5700X3D<\/strong>\u00a0est tout simplement ce qui se fait de mieux pour jouer sur PC.<\/section>\n<section>\n<div class=\"desc-image\"><img decoding=\"async\" src=\"https:\/\/media.ldlc.com\/bo\/images\/fiches\/Processeur\/AMD\/amd_ryzen_5000_002.jpg\" alt=\"\" \/><\/div>\n<div class=\"desc-text\">\n<h2>AMD 3D V-Cache 100 Mo<\/h2>\n<p><strong>100 Mo de cache pour les jeux<\/strong>, 100 Mo de cache pour traiter un plus grand nombre d&#8217;instructions. C&#8217;est ce que propose le\u00a0<strong>processeur AMD Ryzen 7 5700X3D<\/strong>, une premi\u00e8re pour un processeur pour PC de bureau grand public.\u00a0Lorsque vous b\u00e9n\u00e9ficiez de l&#8217;architecture de processeur la plus avanc\u00e9e pour les\u00a0gamers et les cr\u00e9ateurs de contenu, les possibilit\u00e9s sont infinies. Le\u00a0<strong>cache L2 + L3 de 100 Mo<\/strong>\u00a0permet\u00a0le traitement ultrarapide d&#8217;un grand nombre d&#8217;instructions et d&#8217;obtenir des performances encore plus spectaculaires dans les jeux.<\/p>\n<\/div>\n<\/section>\n<section>\n<div class=\"desc-text\">\n<h2>8\u00a0c\u0153urs natifs\u00a0et 16\u00a0coeurs logiques<\/h2>\n<p>Le\u00a0<strong>processeur pour PC de bureau\u00a0AMD Ryzen 7 5700X3D\u00a0<\/strong>propose\u00a0<strong>8 coeurs natifs<\/strong>\u00a0et\u00a0<strong>16 coeurs logiques<\/strong>\u00a0pour un traitement multit\u00e2che agr\u00e9ablement fluide. Gr\u00e2ce \u00e0 sa\u00a0<strong>fr\u00e9quence native \u00e9lev\u00e9e<\/strong>\u00a0et \u00e0 son mode\u00a0<strong><em>Turbo Core<\/em><\/strong>\u00a0ajustant la puissance en fonction des besoins, le\u00a0<strong>CPU AMD Ryzen de nouvelle g\u00e9n\u00e9ration<\/strong>\u00a0d\u00e9livre des performances exceptionnelles dans tous les domaines : Jeux vid\u00e9o, multit\u00e2che intensif, \u00e9dition vid\u00e9o, mod\u00e9lisation 3D et bien plus encore.<\/p>\n<\/div>\n<div class=\"desc-image\"><img decoding=\"async\" src=\"https:\/\/media.ldlc.com\/bo\/images\/fiches\/Processeur\/AMD\/amd_ryzen_5000_001.jpg\" alt=\"\" \/><\/div>\n<\/section>\n<section>\n<div class=\"desc-image\"><img decoding=\"async\" src=\"https:\/\/media.ldlc.com\/bo\/images\/fiches\/Processeur\/AMD\/vermeer\/amd_ryzen_master.jpg\" alt=\"\" \/><\/div>\n<div class=\"desc-text\">\n<h2>Prenez le contr\u00f4le<\/h2>\n<p>Ryzen Master est l&#8217;outil qu&#8217;il vous faut pour g\u00e9rer efficacement les performances de votre processeur. C&#8217;est l&#8217;utilitaire d&#8217;overclocking simple et puissant destin\u00e9 aux processeurs AMD Ryzen.\u00a0Chaque processeur AMD Ryzen\u00a0est d\u00e9brid\u00e9 au niveau du multiplicateur en usine afin que vous puissiez personnaliser les performances \u00e0 votre go\u00fbt. AMD fournit l\u2019utilitaire AMD Ryzen\u00a0Master pour acc\u00e9der \u00e0 ce puissant avantage.\u00a0La nouvelle vue de base vous offre la possibilit\u00e9 d\u2019overclocker automatiquement votre CPU, de contr\u00f4ler manuellement la quantit\u00e9 d\u2019overclocking que vous souhaitez appliquer, tout en vous offrant une visibilit\u00e9 sur les param\u00e8tres syst\u00e8me importants comme la temp\u00e9rature, la vitesse et les tensions du CPU.<\/p>\n<\/div>\n<\/section>\n<\/div>\n<\/div>\n<\/div>\n<div id=\"description\" class=\"description\">\n<div class=\"details-pdt-desc\">\n<section>\n<div class=\"desc-text\">\n<div class=\"logo\"><a href=\"https:\/\/www.ldlc.com\/asus\/bint000000806\/\" rel=\"nofollow noopener\" target=\"_blank\"><img decoding=\"async\" src=\"https:\/\/media.ldlc.com\/v3\/marque\/bo\/00\/05\/62\/42\/V30005624251_2.jpg\" alt=\"ASUS\" \/><\/a><\/div>\n<div id=\"description\" class=\"description\">\n<div class=\"details-pdt-desc\">\n<h2 class=\"h2-master\">La meilleure fa\u00e7on de jouer, au meilleur prix<\/h2>\n<section>Des graphismes sublim\u00e9s, une fluidit\u00e9 remarquable et un r\u00e9alisme incroyable vous permettront de profiter au mieux des jeux PC en Full HD. Il ne vous reste plus qu&#8217;\u00e0 plonger au coeur de l&#8217;action et \u00e0 vous immerger totalement dans la partie. La\u00a0<strong>carte graphique ASUS DUAL GeForce RTX 3050 OC O6G<\/strong>\u00a0embarque\u00a0<strong>6 Go de m\u00e9moire vid\u00e9o<\/strong>\u00a0de nouvelle g\u00e9n\u00e9ration\u00a0<strong>GDDR6<\/strong>. Faites tourner en toute fluidit\u00e9 les jeux les plus r\u00e9cents gr\u00e2ce \u00e0 ses c\u0153urs\u00a0RT de deuxi\u00e8me g\u00e9n\u00e9ration, ses c\u0153urs Tensor de troisi\u00e8me g\u00e9n\u00e9ration, de nouveaux multiprocesseurs de flux et une m\u00e9moire GDDR6 ultra-rapide.<\/section>\n<section>\n<div class=\"desc-image\"><img decoding=\"async\" src=\"https:\/\/media.ldlc.com\/bo\/images\/fiches\/Carte_graphique\/RTX\/nvidia_geforce_rtx_on_002.jpg\" alt=\"\" \/><\/div>\n<div class=\"desc-text\">\n<h2>Architecture Amp\u00e8re<\/h2>\n<p>Gr\u00e2ce aux am\u00e9liorations apport\u00e9es par la nouvelle architecture Amp\u00e8re, les cartes graphiques NVIDIA RTX de 2nd g\u00e9n\u00e9ration sont encore plus performantes que les cartes graphiques des g\u00e9n\u00e9rations pr\u00e9c\u00e9dentes. Les jeux vid\u00e9o PC sont plus beaux, plus immersifs et plus fluides que jamais. Les coeurs RT de 2nd g\u00e9n\u00e9ration offrent un rendement 2 fois sup\u00e9rieur \u00e0 celui des cartes de la g\u00e9n\u00e9ration pr\u00e9c\u00e9dente. Les coeurs Tensor de 3\u00e8me g\u00e9n\u00e9ration d\u00e9livrent jusqu&#8217;\u00e0 2 fois plus de rendement et les nouveaux multiprocesseurs de flux un rendement FP32 multipli\u00e9 par 2 !<\/p>\n<\/div>\n<\/section>\n<section>\n<div class=\"desc-text\">\n<h2>Fr\u00e9quence d&#8217;images maximale<\/h2>\n<p>Bas\u00e9 sur les capacit\u00e9s ph\u00e9nom\u00e9nales de l\u2019IA, le super-\u00e9chantillonnage par Deep Learning (DLSS) de NVIDIA est une technologie de rendu r\u00e9volutionnaire qui vous offre un tout nouveau niveau de fid\u00e9lit\u00e9 visuelle gr\u00e2ce aux processeurs Tensor Core d\u00e9di\u00e9s \u00e0 l\u2019IA des GPU GeForce RTX. Le DLSS met \u00e0 profit toute la puissance d\u2019un r\u00e9seau optimis\u00e9 de neurones profonds pour acc\u00e9l\u00e9rer les fr\u00e9quences d\u2019images tout en g\u00e9n\u00e9rant des visuels \u00e9poustouflants d\u2019une nettet\u00e9 incomparable. Ce gain de performance significatif permet aux joueurs du monde entier de maximiser les param\u00e8tres du ray tracing et d\u2019augmenter les r\u00e9solutions de sortie.<\/p>\n<\/div>\n<div class=\"desc-image\"><img decoding=\"async\" src=\"https:\/\/media.ldlc.com\/bo\/images\/fiches\/Carte_graphique\/RTX\/NVIDIA_GeForce_RTX_DLSS_001.jpg\" alt=\"\" \/><\/div>\n<\/section>\n<section>\n<div class=\"desc-image\"><img decoding=\"async\" src=\"https:\/\/media.ldlc.com\/bo\/images\/fiches\/Carte_graphique\/RTX\/NVIDIA_GeForce_RTX_STREAM_001.jpg\" alt=\"\" \/><\/div>\n<div class=\"desc-text\">\n<h2>Streamez\u00a0comme un pro<\/h2>\n<p>Volez la vedette aux meilleurs streameurs en diffusant vos parties avec des graphismes sublimes et un rendu fluide. L\u2019encodage et le d\u00e9codage mat\u00e9riel de nouvelle g\u00e9n\u00e9ration vous permettent d\u2019immortaliser vos meilleurs moments avec un niveau de d\u00e9tails incomparable. La toute nouvelle application NVIDIA Broadcast fait passer vos livestreams au niveau sup\u00e9rieur avec de puissantes capacit\u00e9s d\u2019IA qui am\u00e9liorent la qualit\u00e9 de l\u2019audio et de la vid\u00e9o avec des effets avanc\u00e9s comme un arri\u00e8re-plan virtuel, un recadrage automatique de la webcam et la suppression des bruits parasites li\u00e9s au micro. Les GPU GeForce RTX s\u00e9rie 30 vous fournissent les performances graphiques et la qualit\u00e9 d\u2019image requises pour vous pr\u00e9senter \u00e0 votre public sous votre meilleur jour, syst\u00e9matiquement.<\/p>\n<\/div>\n<\/section>\n<\/div>\n<\/div>\n<\/div>\n<\/section>\n<\/div>\n<\/div>\n<\/li>\n<\/ul>\n<\/div>\n<\/div>\n","protected":false},"excerpt":{"rendered":"<p><span style=\"font-size: 16px;\">PC Gamer Osaka vous offre une configuration <\/span><strong>AMD RYZEN\u2122<\/strong><span style=\"font-size: 16px;\">\u00a0avec des composants \u00e9quilibr\u00e9e avec un bon prix, ce PC Gamer compos\u00e9 d\u2019un processeur<\/span> <strong>AMD RYZEN\u2122Ryzen 7 5700X3D<\/strong> <span style=\"font-size: 16px;\">\u00a0ainsi que d\u2019une carte graphique\u00a0<\/span>ASUS GeForce RTX 3050 DUAL OC 6GB GDDR6\u00a0<span style=\"font-size: 16px;\">\u00a0Il int\u00e8gre \u00e9galement un SSD 512GB pour un syst\u00e8me toujours plus rapide et<\/span>\u00a016 (8\u00d72) Go de RAM<span style=\"font-size: 16px;\">. Voila les atouts de ce PC puissant taill\u00e9 pour travailler dans les meilleures conditions.<\/span><\/p>\n<div class=\"woocommerce-product-details__short-description\">\n<div class=\"woocommerce-product-details__short-description\">\n<ul>\n<li>Processeur<strong> Ryzen 7 5700X3D (3.0 GHz \/ 4.1 GHz)<\/strong><\/li>\n<li>Carte m\u00e8re<strong>\u00a0MSI A520M-A-PRO<\/strong><\/li>\n<li>Ram\u00a0<strong>16GB(8\u00d72) GIGASTONE\u00a0 3200MHZ<\/strong><\/li>\n<li>Carte graphique\u00a0<strong>ASUS GeForce RTX 3050 DUAL OC 6GB GDDR6<\/strong><\/li>\n<li>Bo\u00eetier<strong>\u00a0MSI M100A RGB<\/strong><\/li>\n<li>SSD\u00a0<strong>512GB SSD NVME<\/strong><\/li>\n<li>Ventirad<strong> DeepCool Gammaxx AG200<\/strong><\/li>\n<li>Alimentation<strong> MSI MAG A550BNL 80PLUS Bronze 550W<\/strong><\/li>\n<li><strong>Win11 \/ Bien assembl\u00e9<\/strong>\n<div class=\"logo\">\n<div class=\"logo\"><\/div>\n<\/div>\n<\/li>\n<\/ul>\n<\/div>\n<\/div>\n","protected":false},"featured_media":1011983,"template":"","meta":{"_acf_changed":false},"pwb-brand":[],"product_brand":[],"product_cat":[54,53],"product_tag":[],"pcb_component_type":[],"class_list":{"0":"post-11997","1":"product","2":"type-product","3":"status-publish","4":"has-post-thumbnail","6":"product_cat-amd-ryzen","7":"product_cat-pc-gamer","9":"first","10":"outofstock","11":"shipping-taxable","12":"product-type-simple"},"translation":{"provider":"WPGlobus","version":"3.0.2","language":"de","enabled_languages":["en","es","de","fr","ru"],"languages":{"en":{"title":true,"content":true,"excerpt":true},"es":{"title":false,"content":false,"excerpt":false},"de":{"title":false,"content":false,"excerpt":false},"fr":{"title":false,"content":false,"excerpt":false},"ru":{"title":false,"content":false,"excerpt":false}}},"acf":[],"yoast_head":"<!-- This site is optimized with the Yoast SEO plugin v27.2 - https:\/\/yoast.com\/product\/yoast-seo-wordpress\/ -->\n<title>PC Gamer RYZEN 7 5700X3D \/16GB\/ 512GB \/RTX 3050 6G - Osaka<\/title>\n<meta name=\"robots\" content=\"index, follow, max-snippet:-1, max-image-preview:large, max-video-preview:-1\" \/>\n<link rel=\"canonical\" href=\"https:\/\/osaka.ma\/product\/pc-gamer-ryzen7-5700x3d-16gb-512gb-rtx-3050-6g\/\" \/>\n<meta property=\"og:locale\" content=\"de_DE\" \/>\n<meta property=\"og:type\" content=\"article\" \/>\n<meta property=\"og:title\" content=\"PC Gamer RYZEN 7 5700X3D \/16GB\/ 512GB \/RTX 3050 6G - Osaka\" \/>\n<meta property=\"og:url\" content=\"https:\/\/osaka.ma\/product\/pc-gamer-ryzen7-5700x3d-16gb-512gb-rtx-3050-6g\/\" \/>\n<meta property=\"og:site_name\" content=\"Osaka\" \/>\n<meta property=\"article:modified_time\" content=\"2025-03-07T09:32:51+00:00\" \/>\n<meta property=\"og:image\" content=\"https:\/\/osaka.ma\/wp-content\/uploads\/2025\/01\/NEW-POSTERS-ULTIMATE-CREATORS-DESIGN-55.png\" \/>\n\t<meta property=\"og:image:width\" content=\"1080\" \/>\n\t<meta property=\"og:image:height\" content=\"1080\" \/>\n\t<meta property=\"og:image:type\" content=\"image\/png\" \/>\n<meta name=\"twitter:card\" content=\"summary_large_image\" \/>\n<meta name=\"twitter:label1\" content=\"Est. reading time\" \/>\n\t<meta name=\"twitter:data1\" content=\"6 minutes\" \/>\n<script type=\"application\/ld+json\" class=\"yoast-schema-graph\">{\"@context\":\"https:\/\/schema.org\",\"@graph\":[{\"@type\":\"WebPage\",\"@id\":\"https:\/\/osaka.ma\/product\/pc-gamer-ryzen7-5700x3d-16gb-512gb-rtx-3050-6g\/\",\"url\":\"https:\/\/osaka.ma\/product\/pc-gamer-ryzen7-5700x3d-16gb-512gb-rtx-3050-6g\/\",\"name\":\"PC Gamer RYZEN 7 5700X3D \/16GB\/ 512GB \/RTX 3050 6G - Osaka\",\"isPartOf\":{\"@id\":\"https:\/\/osaka.ma\/#website\"},\"primaryImageOfPage\":{\"@id\":\"https:\/\/osaka.ma\/product\/pc-gamer-ryzen7-5700x3d-16gb-512gb-rtx-3050-6g\/#primaryimage\"},\"image\":{\"@id\":\"https:\/\/osaka.ma\/product\/pc-gamer-ryzen7-5700x3d-16gb-512gb-rtx-3050-6g\/#primaryimage\"},\"thumbnailUrl\":\"https:\/\/osaka.ma\/wp-content\/uploads\/2025\/01\/NEW-POSTERS-ULTIMATE-CREATORS-DESIGN-55.png\",\"datePublished\":\"2025-01-08T10:20:12+00:00\",\"dateModified\":\"2025-03-07T09:32:51+00:00\",\"breadcrumb\":{\"@id\":\"https:\/\/osaka.ma\/product\/pc-gamer-ryzen7-5700x3d-16gb-512gb-rtx-3050-6g\/#breadcrumb\"},\"inLanguage\":\"de-DE\",\"potentialAction\":[{\"@type\":\"ReadAction\",\"target\":[\"https:\/\/osaka.ma\/product\/pc-gamer-ryzen7-5700x3d-16gb-512gb-rtx-3050-6g\/\"]}]},{\"@type\":\"ImageObject\",\"inLanguage\":\"de-DE\",\"@id\":\"https:\/\/osaka.ma\/product\/pc-gamer-ryzen7-5700x3d-16gb-512gb-rtx-3050-6g\/#primaryimage\",\"url\":\"https:\/\/osaka.ma\/wp-content\/uploads\/2025\/01\/NEW-POSTERS-ULTIMATE-CREATORS-DESIGN-55.png\",\"contentUrl\":\"https:\/\/osaka.ma\/wp-content\/uploads\/2025\/01\/NEW-POSTERS-ULTIMATE-CREATORS-DESIGN-55.png\",\"width\":1080,\"height\":1080},{\"@type\":\"BreadcrumbList\",\"@id\":\"https:\/\/osaka.ma\/product\/pc-gamer-ryzen7-5700x3d-16gb-512gb-rtx-3050-6g\/#breadcrumb\",\"itemListElement\":[{\"@type\":\"ListItem\",\"position\":1,\"name\":\"Home\",\"item\":\"https:\/\/osaka.ma\/\"},{\"@type\":\"ListItem\",\"position\":2,\"name\":\"Shop\",\"item\":\"https:\/\/osaka.ma\/shop-2\/\"},{\"@type\":\"ListItem\",\"position\":3,\"name\":\"PC Gamer RYZEN 7 5700X3D \/16GB\/ 512GB \/RTX 3050 6G\"}]},{\"@type\":\"WebSite\",\"@id\":\"https:\/\/osaka.ma\/#website\",\"url\":\"https:\/\/osaka.ma\/\",\"name\":\"Osaka\",\"description\":\"\",\"publisher\":{\"@id\":\"https:\/\/osaka.ma\/#organization\"},\"potentialAction\":[{\"@type\":\"SearchAction\",\"target\":{\"@type\":\"EntryPoint\",\"urlTemplate\":\"https:\/\/osaka.ma\/?s={search_term_string}\"},\"query-input\":{\"@type\":\"PropertyValueSpecification\",\"valueRequired\":true,\"valueName\":\"search_term_string\"}}],\"inLanguage\":\"de-DE\"},{\"@type\":\"Organization\",\"@id\":\"https:\/\/osaka.ma\/#organization\",\"name\":\"Osaka\",\"url\":\"https:\/\/osaka.ma\/\",\"logo\":{\"@type\":\"ImageObject\",\"inLanguage\":\"de-DE\",\"@id\":\"https:\/\/osaka.ma\/#\/schema\/logo\/image\/\",\"url\":\"https:\/\/osaka.ma\/wp-content\/uploads\/2026\/01\/model-slogan-logo-2Plan-de-travail-1dksl-plus-finnn.png\",\"contentUrl\":\"https:\/\/osaka.ma\/wp-content\/uploads\/2026\/01\/model-slogan-logo-2Plan-de-travail-1dksl-plus-finnn.png\",\"width\":842,\"height\":226,\"caption\":\"Osaka\"},\"image\":{\"@id\":\"https:\/\/osaka.ma\/#\/schema\/logo\/image\/\"}}]}<\/script>\n<!-- \/ Yoast SEO plugin. -->","yoast_head_json":{"title":"PC Gamer RYZEN 7 5700X3D \/16GB\/ 512GB \/RTX 3050 6G - Osaka","robots":{"index":"index","follow":"follow","max-snippet":"max-snippet:-1","max-image-preview":"max-image-preview:large","max-video-preview":"max-video-preview:-1"},"canonical":"https:\/\/osaka.ma\/product\/pc-gamer-ryzen7-5700x3d-16gb-512gb-rtx-3050-6g\/","og_locale":"de_DE","og_type":"article","og_title":"PC Gamer RYZEN 7 5700X3D \/16GB\/ 512GB \/RTX 3050 6G - Osaka","og_url":"https:\/\/osaka.ma\/product\/pc-gamer-ryzen7-5700x3d-16gb-512gb-rtx-3050-6g\/","og_site_name":"Osaka","article_modified_time":"2025-03-07T09:32:51+00:00","og_image":[{"width":1080,"height":1080,"url":"https:\/\/osaka.ma\/wp-content\/uploads\/2025\/01\/NEW-POSTERS-ULTIMATE-CREATORS-DESIGN-55.png","type":"image\/png"}],"twitter_card":"summary_large_image","twitter_misc":{"Est. reading time":"6 minutes"},"schema":{"@context":"https:\/\/schema.org","@graph":[{"@type":"WebPage","@id":"https:\/\/osaka.ma\/product\/pc-gamer-ryzen7-5700x3d-16gb-512gb-rtx-3050-6g\/","url":"https:\/\/osaka.ma\/product\/pc-gamer-ryzen7-5700x3d-16gb-512gb-rtx-3050-6g\/","name":"PC Gamer RYZEN 7 5700X3D \/16GB\/ 512GB \/RTX 3050 6G - Osaka","isPartOf":{"@id":"https:\/\/osaka.ma\/#website"},"primaryImageOfPage":{"@id":"https:\/\/osaka.ma\/product\/pc-gamer-ryzen7-5700x3d-16gb-512gb-rtx-3050-6g\/#primaryimage"},"image":{"@id":"https:\/\/osaka.ma\/product\/pc-gamer-ryzen7-5700x3d-16gb-512gb-rtx-3050-6g\/#primaryimage"},"thumbnailUrl":"https:\/\/osaka.ma\/wp-content\/uploads\/2025\/01\/NEW-POSTERS-ULTIMATE-CREATORS-DESIGN-55.png","datePublished":"2025-01-08T10:20:12+00:00","dateModified":"2025-03-07T09:32:51+00:00","breadcrumb":{"@id":"https:\/\/osaka.ma\/product\/pc-gamer-ryzen7-5700x3d-16gb-512gb-rtx-3050-6g\/#breadcrumb"},"inLanguage":"de-DE","potentialAction":[{"@type":"ReadAction","target":["https:\/\/osaka.ma\/product\/pc-gamer-ryzen7-5700x3d-16gb-512gb-rtx-3050-6g\/"]}]},{"@type":"ImageObject","inLanguage":"de-DE","@id":"https:\/\/osaka.ma\/product\/pc-gamer-ryzen7-5700x3d-16gb-512gb-rtx-3050-6g\/#primaryimage","url":"https:\/\/osaka.ma\/wp-content\/uploads\/2025\/01\/NEW-POSTERS-ULTIMATE-CREATORS-DESIGN-55.png","contentUrl":"https:\/\/osaka.ma\/wp-content\/uploads\/2025\/01\/NEW-POSTERS-ULTIMATE-CREATORS-DESIGN-55.png","width":1080,"height":1080},{"@type":"BreadcrumbList","@id":"https:\/\/osaka.ma\/product\/pc-gamer-ryzen7-5700x3d-16gb-512gb-rtx-3050-6g\/#breadcrumb","itemListElement":[{"@type":"ListItem","position":1,"name":"Home","item":"https:\/\/osaka.ma\/"},{"@type":"ListItem","position":2,"name":"Shop","item":"https:\/\/osaka.ma\/shop-2\/"},{"@type":"ListItem","position":3,"name":"PC Gamer RYZEN 7 5700X3D \/16GB\/ 512GB \/RTX 3050 6G"}]},{"@type":"WebSite","@id":"https:\/\/osaka.ma\/#website","url":"https:\/\/osaka.ma\/","name":"Osaka","description":"","publisher":{"@id":"https:\/\/osaka.ma\/#organization"},"potentialAction":[{"@type":"SearchAction","target":{"@type":"EntryPoint","urlTemplate":"https:\/\/osaka.ma\/?s={search_term_string}"},"query-input":{"@type":"PropertyValueSpecification","valueRequired":true,"valueName":"search_term_string"}}],"inLanguage":"de-DE"},{"@type":"Organization","@id":"https:\/\/osaka.ma\/#organization","name":"Osaka","url":"https:\/\/osaka.ma\/","logo":{"@type":"ImageObject","inLanguage":"de-DE","@id":"https:\/\/osaka.ma\/#\/schema\/logo\/image\/","url":"https:\/\/osaka.ma\/wp-content\/uploads\/2026\/01\/model-slogan-logo-2Plan-de-travail-1dksl-plus-finnn.png","contentUrl":"https:\/\/osaka.ma\/wp-content\/uploads\/2026\/01\/model-slogan-logo-2Plan-de-travail-1dksl-plus-finnn.png","width":842,"height":226,"caption":"Osaka"},"image":{"@id":"https:\/\/osaka.ma\/#\/schema\/logo\/image\/"}}]}},"jetpack_sharing_enabled":true,"brands":[],"_links":{"self":[{"href":"https:\/\/osaka.ma\/de\/wp-json\/wp\/v2\/product\/11997","targetHints":{"allow":["GET"]}}],"collection":[{"href":"https:\/\/osaka.ma\/de\/wp-json\/wp\/v2\/product"}],"about":[{"href":"https:\/\/osaka.ma\/de\/wp-json\/wp\/v2\/types\/product"}],"version-history":[{"count":0,"href":"https:\/\/osaka.ma\/de\/wp-json\/wp\/v2\/product\/11997\/revisions"}],"wp:featuredmedia":[{"embeddable":true,"href":"https:\/\/osaka.ma\/de\/wp-json\/wp\/v2\/media\/1011983"}],"wp:attachment":[{"href":"https:\/\/osaka.ma\/de\/wp-json\/wp\/v2\/media?parent=11997"}],"wp:term":[{"taxonomy":"pwb-brand","embeddable":true,"href":"https:\/\/osaka.ma\/de\/wp-json\/wp\/v2\/pwb-brand?post=11997"},{"taxonomy":"product_brand","embeddable":true,"href":"https:\/\/osaka.ma\/de\/wp-json\/wp\/v2\/product_brand?post=11997"},{"taxonomy":"product_cat","embeddable":true,"href":"https:\/\/osaka.ma\/de\/wp-json\/wp\/v2\/product_cat?post=11997"},{"taxonomy":"product_tag","embeddable":true,"href":"https:\/\/osaka.ma\/de\/wp-json\/wp\/v2\/product_tag?post=11997"},{"taxonomy":"pcb_component_type","embeddable":true,"href":"https:\/\/osaka.ma\/de\/wp-json\/wp\/v2\/pcb_component_type?post=11997"}],"curies":[{"name":"wp","href":"https:\/\/api.w.org\/{rel}","templated":true}]}}