{"id":12134,"date":"2025-01-22T10:48:35","date_gmt":"2025-01-22T10:48:35","guid":{"rendered":"https:\/\/osaka.ma\/?post_type=product&#038;p=12134"},"modified":"2025-08-11T18:14:44","modified_gmt":"2025-08-11T17:14:44","slug":"pc-gamer-ryzen-9-7950x-32gb-2-tb-ssd-rtx-4070-super-x2-12g","status":"publish","type":"product","link":"https:\/\/osaka.ma\/de\/product\/pc-gamer-ryzen-9-7950x-32gb-2-tb-ssd-rtx-4070-super-x2-12g\/","title":{"rendered":"PC Gamer RYZEN 9 7950X\/ 32GB\/ 2 TB SSD\/ RTX 4070 SUPER\u00a0X2\u00a012G"},"content":{"rendered":"<h2 class=\"product_title entry-title\">PC Gamer RYZEN 9 7950X\/ 32GB\/ 2 TB SSD\/ <strong>RTX 4070 SUPER\u00a0 X2\u00a0 12G<\/strong><\/h2>\n<div class=\"woocommerce-product-details__short-description\">\n<h2>Caract\u00e9ristiques principales :<\/h2>\n<ul>\n<li>Processeur<strong> AMD Ryzen 9 7950X (4.5 GHz \/ 5.7 GHz)\u00a016-Core 32-Threads socket AM5<\/strong> GameCache 80 Mo 5 nm TDP 170W<\/li>\n<li>Carte m\u00e8re<strong> ASUS PRIME X670-P WIFI\u00a0<\/strong> &#8211; 4x DDR5 &#8211; M.2 PCIe 5.0 &#8211; USB 3.2 &#8211; PCI-Express 4.0 16x &#8211; LAN 2.5 GbE &#8211; Wi-Fi 6E<\/li>\n<li>Ram\u00a0<strong>32Go (2 x 16Go) 5200 MHz<\/strong>\u00a0Corsair Vengeance RGB DDR5\u00a0 CL40<\/li>\n<li>Carte graphique MSI GeForce <strong>MSI GeForce RTX 4070 SUPER\u00a0 X2\u00a0 12G<\/strong><\/li>\n<li>Bo\u00eetier\u00a0<strong> PROSTRIKE VORTEX WHITE 4 FAN ARGB<\/strong><\/li>\n<li>SSD\u00a0 <strong>2TB Lexar\u00ae NM790 M.2 2280 PCIe Gen 4&#215;4<\/strong><\/li>\n<li>Ventirad\u00a0 <b><\/b><strong>MSI MAG CORELIQUID A13 360 Black<\/strong><\/li>\n<li>Alimentation<strong>\u00a0 MSI MAG A750GL PCIE5 80PLUS Gold 750W<\/strong><\/li>\n<li><strong><strong><strong>Win11 \/ Bien assembl\u00e9<\/strong><\/strong><\/strong>\n<div class=\"logo\"><a href=\"https:\/\/www.ldlc.com\/amd\/bint000000805\/\" rel=\"nofollow noopener\" target=\"_blank\"><img decoding=\"async\" class=\"aligncenter\" src=\"https:\/\/media.ldlc.com\/v3\/marque\/bo\/00\/01\/69\/31\/V30001693127_2.gif\" alt=\"AMD\" \/><\/a><\/div>\n<div id=\"description\" class=\"description\">\n<div class=\"details-pdt-desc\">\n<h2 class=\"h2-master\">Les meilleures performances pour les Joueurs<\/h2>\n<section>Le\u00a0<strong>processeur pour PC de bureau AMD Ryzen 9 7950X<\/strong>\u00a0a \u00e9t\u00e9 pens\u00e9 et con\u00e7u pour vous permettre de jouer dans les meilleures conditions. Il offre des performances gaming \u00e0 couper le souffle, met \u00e0 disposition des technologies innovantes pour les cr\u00e9atifs et permet de concevoir des machines pr\u00eates pour l&#8217;avenir. Gr\u00e2ce \u00e0 des\u00a0fr\u00e9quences natives ultra-\u00e9lev\u00e9es, \u00e0 un nombre incroyable de c\u0153urs et de Threads et \u00e0 un cache L3 \u00e9norme, les<strong>\u00a0processeurs AMD Ryzen 7000<\/strong>\u00a0mettent encore plus de puissance \u00e0 la disposition du grand public et d\u00e9multiplient toutes les possibilit\u00e9s.<\/section>\n<section>\n<div class=\"desc-image\"><img decoding=\"async\" src=\"https:\/\/media.ldlc.com\/bo\/images\/fiches\/Processeur\/AMD\/raphael\/amd_ryzen_7000_001.jpg\" alt=\"\" \/><\/div>\n<div class=\"desc-text\">\n<h2>16\u00a0c\u0153urs natifs\u00a04.5\u00a0GHz \/ 5.7\u00a0GHz<\/h2>\n<p>Le\u00a0<strong>processeur pour PC de bureau\u00a0AMD Ryzen 9 7950X\u00a0<\/strong>propose\u00a0<strong>16\u00a0coeurs natifs<\/strong>\u00a0et\u00a0<strong>32\u00a0coeurs logiques<\/strong>\u00a0pour un traitement multit\u00e2che agr\u00e9ablement fluide. Gr\u00e2ce \u00e0 sa\u00a0<strong>fr\u00e9quence native \u00e9lev\u00e9e\u00a0<\/strong>et \u00e0 son mode\u00a0<strong><em>Turbo Core<\/em>\u00a0<\/strong>ajustant la puissance en fonction des besoins, ce\u00a0<strong>CPU AMD Ryzen de nouvelle g\u00e9n\u00e9ration<\/strong>\u00a0d\u00e9livre des performances exceptionnelles dans tous les domaines : Jeux vid\u00e9o, multit\u00e2che intensif, \u00e9dition vid\u00e9o, mod\u00e9lisation 3D et bien plus encore. Le\u00a0<strong>cache L3 de 64 Mo<\/strong>\u00a0permet en outre le traitement ultrarapide d&#8217;un grand nombre d&#8217;instructions gr\u00e2ce \u00e0 des latences r\u00e9duites.<\/p>\n<\/div>\n<\/section>\n<section>\n<div class=\"desc-text\">\n<h2>Jouer dans les meilleures conditions<\/h2>\n<p>Les fr\u00e9quences \u00e9lev\u00e9es des processeurs\u00a0<strong>AMD Ryzen Zen 4<\/strong>\u00a0sont un v\u00e9ritable avantage dans les jeux. Choisissez les bons composants et concevez un PC Gaming surpuissant, sans latences et pr\u00eat \u00e0 servir quand il faut. Prenez l&#8217;avantage sur vos adversaires et atteignez des sommets gr\u00e2ce aux processeurs<strong>\u00a0AMD Ryzen 7000<\/strong>\u00a0et aux cartes m\u00e8res\u00a0<strong>AMD AM5<\/strong>.<\/p>\n<\/div>\n<div class=\"desc-image\"><img decoding=\"async\" src=\"https:\/\/media.ldlc.com\/bo\/images\/fiches\/Processeur\/AMD\/raphael\/amd_ryzen_7000_004.jpg\" alt=\"\" \/><\/div>\n<\/section>\n<section>\n<div class=\"desc-image\"><img decoding=\"async\" src=\"https:\/\/media.ldlc.com\/bo\/images\/fiches\/Processeur\/AMD\/raphael\/amd_ryzen_7000_003.jpg\" alt=\"\" \/><\/div>\n<div class=\"desc-text\">\n<h2>Plus de Puissance\u00a0= Plus de Possibilit\u00e9s<\/h2>\n<p>Les processeurs\u00a0<strong>AMD Ryzen 7000<\/strong>\u00a0sont performants dans tous les domaines. Ils vont permettront de cr\u00e9er plus vite, d&#8217;atteindre vos objectifs plus rapidement et de gagner du temps en permanence. Qu\u2019il s\u2019agisse de rendu 3D ou d\u2019exportation de fichiers vid\u00e9o volumineux, concevez, livrez et faites le job avec la vitesse et le stockage PCIe 5.0, de nombreux threads de traitement et des acc\u00e9l\u00e9rateurs vid\u00e9o d\u00e9di\u00e9s.<\/p>\n<p>&nbsp;<\/p>\n<div class=\"logo\"><a href=\"https:\/\/www.ldlc.com\/fr-lu\/asus\/bint000000806\/\" rel=\"nofollow noopener\" target=\"_blank\"><img decoding=\"async\" class=\"aligncenter\" src=\"https:\/\/media.ldlc.com\/v3\/marque\/bo\/00\/05\/62\/42\/V30005624251_2.jpg\" alt=\"ASUS\" \/><\/a><\/div>\n<div id=\"description\" class=\"description\">\n<div class=\"details-pdt-desc\">\n<h2 class=\"h2-master\">ASUS Prime X670E-PRO WIFI : Carte m\u00e8re AM5 aux fonctionnalit\u00e9s exclusives<\/h2>\n<section>La\u00a0<strong>carte m\u00e8re ASUS PRIME X670-P WIFI<\/strong>\u00a0est id\u00e9ale pour concevoir un PC Gaming dot\u00e9 des technologies les plus avanc\u00e9es gr\u00e2ce \u00e0 son\u00a0<strong>socket AMD AM5<\/strong>\u00a0et sa compatibilit\u00e9 avec les processeurs\u00a0<strong>AMD Ryzen 7000<\/strong>. Elle prend en charge la\u00a0<strong>m\u00e9moire vive DDR5,<\/strong>\u00a0les\u00a0<strong>cartes graphiques PCI-Express 5.0<\/strong>, les SSD\u00a0<strong>M.2\u00a0PCIe 5.0 et 4.0<\/strong>\u00a0et profite d&#8217;une connectivit\u00e9\u00a0<strong>r\u00e9seau LAN 2.5 GbE\u00a0<\/strong>et\u00a0<strong>Wi-Fi 6E<\/strong>\u00a0ainsi que de l&#8217;USB 3.1 &amp; 3.2.<\/section>\n<section>\n<div class=\"desc-image\"><img decoding=\"async\" src=\"https:\/\/media.ldlc.com\/bo\/images\/fiches\/carte-mere\/ASUS\/x670\/asus_prime_x670e_pro_wifi.jpg\" alt=\"\" \/><\/div>\n<div class=\"desc-text\">\n<h2>Les plus de l&#8217;ASUS PRIME X670E-PRO WIFI :<\/h2>\n<ul>\n<li><strong>Socket AMD AM5<\/strong>\u00a0pour processeur\u00a0<strong>AMD Ryzen 7000<\/strong><\/li>\n<li><strong>4 Slots m\u00e9moire DDR5 8000 MHz (O.C.)\u00a0<\/strong>Dual-Channel<\/li>\n<li>Port PCI-Express 5.0 16x<\/li>\n<li>1 x M.2 PCIe 5.0 x4 + 2 x M.2 PCIe 4.0 x4<\/li>\n<li>Audio 7.1 Surround Realtek<\/li>\n<li><strong>R\u00e9seaux LAN Realtek 2.5 GbE<\/strong>\u00a0+ Wi-FI 6E &amp; Bluetooth 5.2<\/li>\n<\/ul>\n<\/div>\n<\/section>\n<section>\n<div class=\"desc-text\">\n<h2>Jouer dans les meilleures conditions<\/h2>\n<p>Les fr\u00e9quences \u00e9lev\u00e9es des processeurs\u00a0<strong>AMD Ryzen Zen 4<\/strong>\u00a0sont un v\u00e9ritable avantage dans les jeux. Choisissez les bons composants et concevez un PC Gaming surpuissant, sans latences et pr\u00eat \u00e0 servir quand il faut. Prenez l&#8217;avantage sur vos adversaires et atteignez des sommets gr\u00e2ce aux processeurs<strong>\u00a0AMD Ryzen 7000<\/strong>\u00a0et aux cartes m\u00e8res\u00a0<strong>AMD AM5<\/strong>.<\/p>\n<p>Les processeurs\u00a0<strong>AMD Ryzen 7000<\/strong>\u00a0sont performants dans tous les domaines. Ils vont permettront de cr\u00e9er plus vite, d&#8217;atteindre vos objectifs plus rapidement et de gagner du temps en permanence. Qu\u2019il s\u2019agisse de rendu 3D ou d\u2019exportation de fichiers vid\u00e9o volumineux, concevez, livrez et faites le job avec la vitesse et le stockage PCIe 5.0, de nombreux threads de traitement et des acc\u00e9l\u00e9rateurs vid\u00e9o d\u00e9di\u00e9s.<\/p>\n<\/div>\n<div class=\"desc-image\"><img decoding=\"async\" src=\"https:\/\/media.ldlc.com\/bo\/images\/fiches\/Processeur\/AMD\/raphael\/amd_ryzen_7000_001.jpg\" alt=\"\" \/><\/div>\n<\/section>\n<\/div>\n<\/div>\n<div class=\"logo\">\n<p><a href=\"https:\/\/www.ldlc.com\/fr-lu\/msi\/bint000000992\/\" rel=\"nofollow noopener\" target=\"_blank\"><img decoding=\"async\" class=\"aligncenter\" src=\"https:\/\/media.ldlc.com\/v3\/marque\/bo\/00\/05\/99\/39\/V30005993997.gif\" alt=\"MSI\" \/><\/a><\/p>\n<\/div>\n<div id=\"description\" class=\"description\">\n<div class=\"details-pdt-desc\">\n<h2 class=\"h2-master\">Super performances pour les joueurs et les cr\u00e9atifs<\/h2>\n<section>Tout ce dont vous avez besoin pour jouer ou cr\u00e9er est r\u00e9uni au sein d&#8217;une seule et m\u00eame\u00a0<strong>carte graphique haut de gamme<\/strong>, la\u00a0<strong>MSI GeForce RTX 4070 SUPER 12G VENTUS 2X OC<\/strong>. Con\u00e7ue pour les gamers et les cr\u00e9ateurs, la\u00a0<strong>carte graphique NVIDIA GeForce RTX 4070 SUPER<\/strong>\u00a0d\u00e9livre des performances \u00e9poustouflantes. Cette carte graphique hautes performances vous permettra de jouer aux derniers jeux les plus gourmands de mani\u00e8re ultra-fluide et en tr\u00e8s haute r\u00e9solution et du calcul de rendu ultrarapide gr\u00e2ce \u00e0 sa technologie DLSS 3, au ray tracing et \u00e0 l\u2019intelligence artificielle.<\/section>\n<section>\n<div class=\"desc-image\"><img decoding=\"async\" src=\"https:\/\/media.ldlc.com\/bo\/images\/fiches\/Carte_graphique\/MSI\/msi_geforce_rtx4070_ventus_2x_e_12g.jpg\" alt=\"\" \/><\/div>\n<div class=\"desc-text\">\n<h2>MSI GeForce RTX 4070\u00a0SUPER 12G VENTUS 2X OC<\/h2>\n<ul>\n<li>Syst\u00e8me de refroidissement 2 ventilateurs<\/li>\n<li>Dissipateur et pales Airflow Control<\/li>\n<li>Ventilateurs TORX FAN 4.0<\/li>\n<li>Radiateur GPU avec contacts et heatpipes en cuivre<\/li>\n<li>Backplate renforc\u00e9e<\/li>\n<li>Technologie Zero Frozr qui coupe les ventilateurs lorsque la temp\u00e9rature GPU est suffisamment basse<\/li>\n<li>Logiciel MSI Center<\/li>\n<\/ul>\n<\/div>\n<\/section>\n<section>\n<div class=\"desc-text\">\n<h2>Architecture NVIDIA Ada Lovelace<\/h2>\n<p>Cette architecture nouvelle va vous permettre de garder une longueur d&#8217;avance. Elle est en avance sur son temps comme sur le jeu.<\/p>\n<ul>\n<li>Nouveaux multiprocesseurs de flux : Jusqu\u2019\u00e0 2 fois plus de performances et de rendement \u00e9nerg\u00e9tique<\/li>\n<li>C\u0153urs Tensor de quatri\u00e8me g\u00e9n\u00e9ration : Jusqu\u2019\u00e0 2 fois plus de performances d\u2019IA<\/li>\n<li>C\u0153urs RT de troisi\u00e8me g\u00e9n\u00e9ration : Jusqu\u2019\u00e0 2 fois plus de performances de ray tracing et des graphismes r\u00e9alistes et immersifs<\/li>\n<li>Plateforme NVIDIA Reflex \u00e0 faible latence<\/li>\n<li>Encodeur NVIDIA : Conception pour le streaming en direct<\/li>\n<li>NVIDIA Broadcast : Vid\u00e9o et voix optimis\u00e9es par l\u2019IA<\/li>\n<li>NVIDIA Studio : Acc\u00e9l\u00e9rez votre cr\u00e9ativit\u00e9<\/li>\n<li>NVIDIA DLSS 3 : Performances acc\u00e9l\u00e9r\u00e9es par l\u2019IA<\/li>\n<\/ul>\n<p>&nbsp;<\/p>\n<\/div>\n<div class=\"desc-image\"><img decoding=\"async\" src=\"https:\/\/media.ldlc.com\/bo\/images\/fiches\/Carte_graphique\/NVIDIA\/nvidia_ada_lovelace_001.jpg\" alt=\"\" \/><\/div>\n<\/section>\n<section>\n<div class=\"desc-image\"><img decoding=\"async\" src=\"https:\/\/media.ldlc.com\/bo\/images\/fiches\/Carte_graphique\/NVIDIA\/nvidia_ada_lovelace_002.jpg\" alt=\"\" \/><\/div>\n<div class=\"desc-text\">\n<h2>Ray tracing<\/h2>\n<p>Hyper-r\u00e9aliste et hyper-rapide, le Ray tracing vous rapproche au plus pr\u00e8s de la r\u00e9alit\u00e9. L\u2019architecture Ada exploite toute la puissance du ray tracing, qui simule le comportement de la lumi\u00e8re dans le monde r\u00e9el. Gr\u00e2ce \u00e0 la puissance des GPU RTX s\u00e9rie 40 et aux c\u0153urs RT de troisi\u00e8me g\u00e9n\u00e9ration, vous profitez de mondes virtuels plus d\u00e9taill\u00e9s que jamais.<\/p>\n<\/div>\n<\/section>\n<section>\n<div class=\"desc-text\">\n<h2>NVIDIA DLSS\u00a03<\/h2>\n<p>Multipliez vos performances gr\u00e2ce \u00e0 l\u2019IA. Innovation r\u00e9volutionnaire dans le domaine du rendu graphique bas\u00e9 sur l\u2019IA, le DLSS acc\u00e9l\u00e8re grandement les performances de jeu. Optimis\u00e9 par les c\u0153urs Tensor de quatri\u00e8me g\u00e9n\u00e9ration et l\u2019acc\u00e9l\u00e9rateur de flux optiques des GPU GeForce RTX s\u00e9rie 40, le DLSS 3 exploite l\u2019IA pour g\u00e9n\u00e9rer des images additionnelles de haute qualit\u00e9.<\/p>\n<p>&nbsp;<\/p>\n<\/div>\n<div class=\"desc-image\"><img decoding=\"async\" src=\"https:\/\/media.ldlc.com\/bo\/images\/fiches\/Carte_graphique\/NVIDIA\/nvidia_ada_lovelace_003.jpg\" alt=\"\" \/><\/div>\n<\/section>\n<section>\n<div class=\"desc-image\"><img decoding=\"async\" src=\"https:\/\/media.ldlc.com\/bo\/images\/fiches\/Carte_graphique\/NVIDIA\/nvidia_ada_lovelace_004.jpg\" alt=\"\" \/><\/div>\n<div class=\"desc-text\">\n<h2>NVIDIA Reflex<\/h2>\n<p>La victoire se mesure en millisecondes. Les GPU GeForce RTX s\u00e9rie 40 et la technologie NVIDIA Reflex fournissent la latence la plus faible et la meilleure r\u00e9activit\u00e9 pour vous garantir un avantage comp\u00e9titif ultime. Con\u00e7ue pour optimiser et mesurer la latence de votre syst\u00e8me, la technologie NVIDIA Reflex acc\u00e9l\u00e8re l\u2019acquisition des cibles, minimise les temps de r\u00e9action et renforce la pr\u00e9cision de vos tirs dans les jeux comp\u00e9titifs.<\/p>\n<\/div>\n<\/section>\n<section>\n<div class=\"desc-text\">\n<h2>NVIDIA Studio<\/h2>\n<p>Vos id\u00e9es, acc\u00e9l\u00e9r\u00e9es par NVIDIA Studio. Faites passer vos projets cr\u00e9atifs au niveau sup\u00e9rieur avec NVIDIA Studio. Optimis\u00e9es par un nouveau mat\u00e9riel d\u00e9di\u00e9, les cartes graphiques RTX s\u00e9rie 40 vous fournissent des performances in\u00e9gal\u00e9es pour le rendu 3D, le montage vid\u00e9o et la conception graphique. Profitez des capacit\u00e9s d\u2019acc\u00e9l\u00e9ration sans pr\u00e9c\u00e9dent de RTX dans les principales applications de cr\u00e9ation du march\u00e9, des pilotes NVIDIA Studio \u00e0 la pointe de la technologie con\u00e7us pour garantir un maximum de stabilit\u00e9 et d\u2019une suite d\u2019outils exclusifs exploitant la puissance de RTX pour acc\u00e9l\u00e9rer les workflows de cr\u00e9ation assist\u00e9s par l\u2019IA.<\/p>\n<\/div>\n<div class=\"desc-image\"><img decoding=\"async\" src=\"https:\/\/media.ldlc.com\/bo\/images\/fiches\/Carte_graphique\/NVIDIA\/nvidia_ada_lovelace_005.jpg\" alt=\"\" \/><\/div>\n<\/section>\n<\/div>\n<\/div>\n<\/div>\n<\/section>\n<\/div>\n<\/div>\n<\/li>\n<\/ul>\n<\/div>\n","protected":false},"excerpt":{"rendered":"<h2>Caract\u00e9ristiques principales :<\/h2>\n<ul>\n<li>Processeur<strong> AMD Ryzen 9 7950X (4.5 GHz \/ 5.7 GHz)\u00a016-Core 32-Threads socket AM5<\/strong> GameCache 80 Mo 5 nm TDP 170W<\/li>\n<li>Carte m\u00e8re<strong> ASUS PRIME X670-P WIFI\u00a0<\/strong> &#8211; 4x DDR5 &#8211; M.2 PCIe 5.0 &#8211; USB 3.2 &#8211; PCI-Express 4.0 16x &#8211; LAN 2.5 GbE &#8211; Wi-Fi 6E<\/li>\n<li>Ram\u00a0<strong>32Go (2 x 16Go) 5200 MHz<\/strong>\u00a0Corsair Vengeance RGB DDR5\u00a0 CL40<\/li>\n<li>Carte graphique MSI GeForce <strong>MSI GeForce RTX 4070 SUPER\u00a0 X2\u00a0 12G<\/strong><\/li>\n<li>Bo\u00eetier\u00a0<strong> PROSTRIKE VORTEX WHITE 4 FAN ARGB<\/strong><\/li>\n<li>SSD\u00a0 <strong>2TB Lexar\u00ae NM790 M.2 2280 PCIe Gen 4&#215;4<\/strong><\/li>\n<li>Ventirad\u00a0 <b><\/b><strong>MSI MAG CORELIQUID A13 360 Black<\/strong><\/li>\n<li>Alimentation<strong>\u00a0 MSI MAG A750GL PCIE5 80PLUS Gold 750W<\/strong><\/li>\n<li><strong>Win11 \/ Bien assembl\u00e9<\/strong><\/li>\n<\/ul>\n","protected":false},"featured_media":1012066,"template":"","meta":{"_acf_changed":false},"pwb-brand":[],"product_brand":[],"product_cat":[54,53],"product_tag":[],"pcb_component_type":[],"class_list":{"0":"post-12134","1":"product","2":"type-product","3":"status-publish","4":"has-post-thumbnail","6":"product_cat-amd-ryzen","7":"product_cat-pc-gamer","9":"first","10":"outofstock","11":"shipping-taxable","12":"purchasable","13":"product-type-simple"},"translation":{"provider":"WPGlobus","version":"3.0.2","language":"de","enabled_languages":["en","es","de","fr","ru"],"languages":{"en":{"title":true,"content":true,"excerpt":true},"es":{"title":false,"content":false,"excerpt":false},"de":{"title":false,"content":false,"excerpt":false},"fr":{"title":false,"content":false,"excerpt":false},"ru":{"title":false,"content":false,"excerpt":false}}},"acf":[],"yoast_head":"<!-- This site is optimized with the Yoast SEO plugin v27.2 - https:\/\/yoast.com\/product\/yoast-seo-wordpress\/ -->\n<title>PC Gamer RYZEN 9 7950X\/ 32GB\/ 2 TB SSD\/ RTX 4070 SUPER\u00a0X2\u00a012G - Osaka<\/title>\n<meta name=\"robots\" content=\"index, follow, max-snippet:-1, max-image-preview:large, max-video-preview:-1\" \/>\n<link rel=\"canonical\" href=\"https:\/\/osaka.ma\/product\/pc-gamer-ryzen-9-7950x-32gb-2-tb-ssd-rtx-4070-super-x2-12g\/\" \/>\n<meta property=\"og:locale\" content=\"de_DE\" \/>\n<meta property=\"og:type\" content=\"article\" \/>\n<meta property=\"og:title\" content=\"PC Gamer RYZEN 9 7950X\/ 32GB\/ 2 TB SSD\/ RTX 4070 SUPER\u00a0X2\u00a012G - Osaka\" \/>\n<meta property=\"og:url\" content=\"https:\/\/osaka.ma\/product\/pc-gamer-ryzen-9-7950x-32gb-2-tb-ssd-rtx-4070-super-x2-12g\/\" \/>\n<meta property=\"og:site_name\" content=\"Osaka\" \/>\n<meta property=\"article:modified_time\" content=\"2025-08-11T17:14:44+00:00\" \/>\n<meta property=\"og:image\" content=\"https:\/\/osaka.ma\/wp-content\/uploads\/2025\/01\/01-Prostrike-Vortex-Case-Gaming-PSD-600x600-1.webp\" \/>\n\t<meta property=\"og:image:width\" content=\"600\" \/>\n\t<meta property=\"og:image:height\" content=\"600\" \/>\n\t<meta property=\"og:image:type\" content=\"image\/webp\" \/>\n<meta name=\"twitter:card\" content=\"summary_large_image\" \/>\n<meta name=\"twitter:label1\" content=\"Est. reading time\" \/>\n\t<meta name=\"twitter:data1\" content=\"9 minutes\" \/>\n<script type=\"application\/ld+json\" class=\"yoast-schema-graph\">{\"@context\":\"https:\/\/schema.org\",\"@graph\":[{\"@type\":\"WebPage\",\"@id\":\"https:\/\/osaka.ma\/product\/pc-gamer-ryzen-9-7950x-32gb-2-tb-ssd-rtx-4070-super-x2-12g\/\",\"url\":\"https:\/\/osaka.ma\/product\/pc-gamer-ryzen-9-7950x-32gb-2-tb-ssd-rtx-4070-super-x2-12g\/\",\"name\":\"PC Gamer RYZEN 9 7950X\/ 32GB\/ 2 TB SSD\/ RTX 4070 SUPER\u00a0X2\u00a012G - Osaka\",\"isPartOf\":{\"@id\":\"https:\/\/osaka.ma\/#website\"},\"primaryImageOfPage\":{\"@id\":\"https:\/\/osaka.ma\/product\/pc-gamer-ryzen-9-7950x-32gb-2-tb-ssd-rtx-4070-super-x2-12g\/#primaryimage\"},\"image\":{\"@id\":\"https:\/\/osaka.ma\/product\/pc-gamer-ryzen-9-7950x-32gb-2-tb-ssd-rtx-4070-super-x2-12g\/#primaryimage\"},\"thumbnailUrl\":\"https:\/\/osaka.ma\/wp-content\/uploads\/2025\/01\/01-Prostrike-Vortex-Case-Gaming-PSD-600x600-1.webp\",\"datePublished\":\"2025-01-22T10:48:35+00:00\",\"dateModified\":\"2025-08-11T17:14:44+00:00\",\"breadcrumb\":{\"@id\":\"https:\/\/osaka.ma\/product\/pc-gamer-ryzen-9-7950x-32gb-2-tb-ssd-rtx-4070-super-x2-12g\/#breadcrumb\"},\"inLanguage\":\"de-DE\",\"potentialAction\":[{\"@type\":\"ReadAction\",\"target\":[\"https:\/\/osaka.ma\/product\/pc-gamer-ryzen-9-7950x-32gb-2-tb-ssd-rtx-4070-super-x2-12g\/\"]}]},{\"@type\":\"ImageObject\",\"inLanguage\":\"de-DE\",\"@id\":\"https:\/\/osaka.ma\/product\/pc-gamer-ryzen-9-7950x-32gb-2-tb-ssd-rtx-4070-super-x2-12g\/#primaryimage\",\"url\":\"https:\/\/osaka.ma\/wp-content\/uploads\/2025\/01\/01-Prostrike-Vortex-Case-Gaming-PSD-600x600-1.webp\",\"contentUrl\":\"https:\/\/osaka.ma\/wp-content\/uploads\/2025\/01\/01-Prostrike-Vortex-Case-Gaming-PSD-600x600-1.webp\",\"width\":600,\"height\":600},{\"@type\":\"BreadcrumbList\",\"@id\":\"https:\/\/osaka.ma\/product\/pc-gamer-ryzen-9-7950x-32gb-2-tb-ssd-rtx-4070-super-x2-12g\/#breadcrumb\",\"itemListElement\":[{\"@type\":\"ListItem\",\"position\":1,\"name\":\"Home\",\"item\":\"https:\/\/osaka.ma\/\"},{\"@type\":\"ListItem\",\"position\":2,\"name\":\"Shop\",\"item\":\"https:\/\/osaka.ma\/shop-2\/\"},{\"@type\":\"ListItem\",\"position\":3,\"name\":\"PC Gamer RYZEN 9 7950X\/ 32GB\/ 2 TB SSD\/ RTX 4070 SUPER\u00a0X2\u00a012G\"}]},{\"@type\":\"WebSite\",\"@id\":\"https:\/\/osaka.ma\/#website\",\"url\":\"https:\/\/osaka.ma\/\",\"name\":\"Osaka\",\"description\":\"\",\"publisher\":{\"@id\":\"https:\/\/osaka.ma\/#organization\"},\"potentialAction\":[{\"@type\":\"SearchAction\",\"target\":{\"@type\":\"EntryPoint\",\"urlTemplate\":\"https:\/\/osaka.ma\/?s={search_term_string}\"},\"query-input\":{\"@type\":\"PropertyValueSpecification\",\"valueRequired\":true,\"valueName\":\"search_term_string\"}}],\"inLanguage\":\"de-DE\"},{\"@type\":\"Organization\",\"@id\":\"https:\/\/osaka.ma\/#organization\",\"name\":\"Osaka\",\"url\":\"https:\/\/osaka.ma\/\",\"logo\":{\"@type\":\"ImageObject\",\"inLanguage\":\"de-DE\",\"@id\":\"https:\/\/osaka.ma\/#\/schema\/logo\/image\/\",\"url\":\"https:\/\/osaka.ma\/wp-content\/uploads\/2026\/01\/model-slogan-logo-2Plan-de-travail-1dksl-plus-finnn.png\",\"contentUrl\":\"https:\/\/osaka.ma\/wp-content\/uploads\/2026\/01\/model-slogan-logo-2Plan-de-travail-1dksl-plus-finnn.png\",\"width\":842,\"height\":226,\"caption\":\"Osaka\"},\"image\":{\"@id\":\"https:\/\/osaka.ma\/#\/schema\/logo\/image\/\"}}]}<\/script>\n<!-- \/ Yoast SEO plugin. -->","yoast_head_json":{"title":"PC Gamer RYZEN 9 7950X\/ 32GB\/ 2 TB SSD\/ RTX 4070 SUPER\u00a0X2\u00a012G - Osaka","robots":{"index":"index","follow":"follow","max-snippet":"max-snippet:-1","max-image-preview":"max-image-preview:large","max-video-preview":"max-video-preview:-1"},"canonical":"https:\/\/osaka.ma\/product\/pc-gamer-ryzen-9-7950x-32gb-2-tb-ssd-rtx-4070-super-x2-12g\/","og_locale":"de_DE","og_type":"article","og_title":"PC Gamer RYZEN 9 7950X\/ 32GB\/ 2 TB SSD\/ RTX 4070 SUPER\u00a0X2\u00a012G - Osaka","og_url":"https:\/\/osaka.ma\/product\/pc-gamer-ryzen-9-7950x-32gb-2-tb-ssd-rtx-4070-super-x2-12g\/","og_site_name":"Osaka","article_modified_time":"2025-08-11T17:14:44+00:00","og_image":[{"width":600,"height":600,"url":"https:\/\/osaka.ma\/wp-content\/uploads\/2025\/01\/01-Prostrike-Vortex-Case-Gaming-PSD-600x600-1.webp","type":"image\/webp"}],"twitter_card":"summary_large_image","twitter_misc":{"Est. reading time":"9 minutes"},"schema":{"@context":"https:\/\/schema.org","@graph":[{"@type":"WebPage","@id":"https:\/\/osaka.ma\/product\/pc-gamer-ryzen-9-7950x-32gb-2-tb-ssd-rtx-4070-super-x2-12g\/","url":"https:\/\/osaka.ma\/product\/pc-gamer-ryzen-9-7950x-32gb-2-tb-ssd-rtx-4070-super-x2-12g\/","name":"PC Gamer RYZEN 9 7950X\/ 32GB\/ 2 TB SSD\/ RTX 4070 SUPER\u00a0X2\u00a012G - Osaka","isPartOf":{"@id":"https:\/\/osaka.ma\/#website"},"primaryImageOfPage":{"@id":"https:\/\/osaka.ma\/product\/pc-gamer-ryzen-9-7950x-32gb-2-tb-ssd-rtx-4070-super-x2-12g\/#primaryimage"},"image":{"@id":"https:\/\/osaka.ma\/product\/pc-gamer-ryzen-9-7950x-32gb-2-tb-ssd-rtx-4070-super-x2-12g\/#primaryimage"},"thumbnailUrl":"https:\/\/osaka.ma\/wp-content\/uploads\/2025\/01\/01-Prostrike-Vortex-Case-Gaming-PSD-600x600-1.webp","datePublished":"2025-01-22T10:48:35+00:00","dateModified":"2025-08-11T17:14:44+00:00","breadcrumb":{"@id":"https:\/\/osaka.ma\/product\/pc-gamer-ryzen-9-7950x-32gb-2-tb-ssd-rtx-4070-super-x2-12g\/#breadcrumb"},"inLanguage":"de-DE","potentialAction":[{"@type":"ReadAction","target":["https:\/\/osaka.ma\/product\/pc-gamer-ryzen-9-7950x-32gb-2-tb-ssd-rtx-4070-super-x2-12g\/"]}]},{"@type":"ImageObject","inLanguage":"de-DE","@id":"https:\/\/osaka.ma\/product\/pc-gamer-ryzen-9-7950x-32gb-2-tb-ssd-rtx-4070-super-x2-12g\/#primaryimage","url":"https:\/\/osaka.ma\/wp-content\/uploads\/2025\/01\/01-Prostrike-Vortex-Case-Gaming-PSD-600x600-1.webp","contentUrl":"https:\/\/osaka.ma\/wp-content\/uploads\/2025\/01\/01-Prostrike-Vortex-Case-Gaming-PSD-600x600-1.webp","width":600,"height":600},{"@type":"BreadcrumbList","@id":"https:\/\/osaka.ma\/product\/pc-gamer-ryzen-9-7950x-32gb-2-tb-ssd-rtx-4070-super-x2-12g\/#breadcrumb","itemListElement":[{"@type":"ListItem","position":1,"name":"Home","item":"https:\/\/osaka.ma\/"},{"@type":"ListItem","position":2,"name":"Shop","item":"https:\/\/osaka.ma\/shop-2\/"},{"@type":"ListItem","position":3,"name":"PC Gamer RYZEN 9 7950X\/ 32GB\/ 2 TB SSD\/ RTX 4070 SUPER\u00a0X2\u00a012G"}]},{"@type":"WebSite","@id":"https:\/\/osaka.ma\/#website","url":"https:\/\/osaka.ma\/","name":"Osaka","description":"","publisher":{"@id":"https:\/\/osaka.ma\/#organization"},"potentialAction":[{"@type":"SearchAction","target":{"@type":"EntryPoint","urlTemplate":"https:\/\/osaka.ma\/?s={search_term_string}"},"query-input":{"@type":"PropertyValueSpecification","valueRequired":true,"valueName":"search_term_string"}}],"inLanguage":"de-DE"},{"@type":"Organization","@id":"https:\/\/osaka.ma\/#organization","name":"Osaka","url":"https:\/\/osaka.ma\/","logo":{"@type":"ImageObject","inLanguage":"de-DE","@id":"https:\/\/osaka.ma\/#\/schema\/logo\/image\/","url":"https:\/\/osaka.ma\/wp-content\/uploads\/2026\/01\/model-slogan-logo-2Plan-de-travail-1dksl-plus-finnn.png","contentUrl":"https:\/\/osaka.ma\/wp-content\/uploads\/2026\/01\/model-slogan-logo-2Plan-de-travail-1dksl-plus-finnn.png","width":842,"height":226,"caption":"Osaka"},"image":{"@id":"https:\/\/osaka.ma\/#\/schema\/logo\/image\/"}}]}},"jetpack_sharing_enabled":true,"brands":[],"_links":{"self":[{"href":"https:\/\/osaka.ma\/de\/wp-json\/wp\/v2\/product\/12134","targetHints":{"allow":["GET"]}}],"collection":[{"href":"https:\/\/osaka.ma\/de\/wp-json\/wp\/v2\/product"}],"about":[{"href":"https:\/\/osaka.ma\/de\/wp-json\/wp\/v2\/types\/product"}],"version-history":[{"count":0,"href":"https:\/\/osaka.ma\/de\/wp-json\/wp\/v2\/product\/12134\/revisions"}],"wp:featuredmedia":[{"embeddable":true,"href":"https:\/\/osaka.ma\/de\/wp-json\/wp\/v2\/media\/1012066"}],"wp:attachment":[{"href":"https:\/\/osaka.ma\/de\/wp-json\/wp\/v2\/media?parent=12134"}],"wp:term":[{"taxonomy":"pwb-brand","embeddable":true,"href":"https:\/\/osaka.ma\/de\/wp-json\/wp\/v2\/pwb-brand?post=12134"},{"taxonomy":"product_brand","embeddable":true,"href":"https:\/\/osaka.ma\/de\/wp-json\/wp\/v2\/product_brand?post=12134"},{"taxonomy":"product_cat","embeddable":true,"href":"https:\/\/osaka.ma\/de\/wp-json\/wp\/v2\/product_cat?post=12134"},{"taxonomy":"product_tag","embeddable":true,"href":"https:\/\/osaka.ma\/de\/wp-json\/wp\/v2\/product_tag?post=12134"},{"taxonomy":"pcb_component_type","embeddable":true,"href":"https:\/\/osaka.ma\/de\/wp-json\/wp\/v2\/pcb_component_type?post=12134"}],"curies":[{"name":"wp","href":"https:\/\/api.w.org\/{rel}","templated":true}]}}