{"id":12267,"date":"2025-02-12T10:36:06","date_gmt":"2025-02-12T10:36:06","guid":{"rendered":"https:\/\/osaka.ma\/?post_type=product&#038;p=12267"},"modified":"2026-03-23T13:47:56","modified_gmt":"2026-03-23T12:47:56","slug":"amd-ryzen-5-3500x-3-6-ghz-4-1-ghz-used","status":"publish","type":"product","link":"https:\/\/osaka.ma\/de\/product\/amd-ryzen-5-3500x-3-6-ghz-4-1-ghz-used\/","title":{"rendered":"AMD Ryzen 5 3500X (3.6 GHz \/ 4.1 GHz) (USED)"},"content":{"rendered":"<div class=\"logo\"><a href=\"https:\/\/www.ldlc.com\/amd\/bint000000805\/\" rel=\"nofollow noopener\" target=\"_blank\"><img decoding=\"async\" class=\"aligncenter\" src=\"https:\/\/media.ldlc.com\/v3\/marque\/bo\/00\/01\/69\/31\/V30001693127_2.gif\" alt=\"AMD\" \/><\/a><\/div>\n<div id=\"description\" class=\"description\">\n<div class=\"details-pdt-desc\">\n<h2 class=\"h2-master\">Performances sans compromis pour tous<\/h2>\n<section>Le processeur\u00a0<strong>AMD Ryzen 5 3500X\u00a0 (3.6 GHz \/ 4.1 GHz)<\/strong>\u00a0fait partie des premiers processeurs pour PC grav\u00e9s en\u00a0<strong>7 nm et compatibles avec l&#8217;interface PCIe 4.0<\/strong>. La\u00a0<strong>troisi\u00e8me g\u00e9n\u00e9ration Ryzen,<\/strong>\u00a0au nom de code Matisse, impressionne par ses\u00a0<strong>6 coeurs et 6 threads<\/strong>, une fr\u00e9quence de base de 3.6 GHz pouvant grimper\u00a0<strong>jusqu&#8217;\u00e0 4.1 GHz<\/strong>\u00a0et\u00a0<strong>32\u00a0Mo de cache L3\u00a0<\/strong>et seulement\u00a0<strong>65W\u00a0<\/strong>de TDP !Le\u00a0<strong>Ryzen 5 3500X propos\u00e9 par AMD<\/strong>\u00a0permet de (re)d\u00e9couvrir les performances haut de gamme pour le gaming, la cr\u00e9ation de contenu et le multit\u00e2che intensif. Avec ses 6 threads et un\u00a0<strong>GameCache de 35 Mo<\/strong>, soit le double du cache propos\u00e9 par les Ryzen 5 de deuxi\u00e8me g\u00e9n\u00e9ration, il permet de TOUT faire encore plus vite et de mani\u00e8re plus fluide.<\/section>\n<section>\n<div class=\"desc-image\"><img decoding=\"async\" src=\"https:\/\/media.ldlc.com\/bo\/images\/fiches\/Processeur\/AMD\/AMD_Ryzen_3000\/800_1.jpg\" alt=\"\" \/><\/div>\n<div class=\"desc-text\">\n<h2>Microarchitecture Zen 2<\/h2>\n<p>Les coeurs Zen 2\u00a0sont con\u00e7us pour une utilisation efficace des ressources disponibles\u00a0afin d&#8217;optimiser les performances de calcul. Par rapport \u00e0 l&#8217;architecture pr\u00e9c\u00e9dente, les capacit\u00e9s de virgule flottante 2X et des instructions par cycle jusqu&#8217;\u00e0 15% plus \u00e9lev\u00e9es permettent aux performances d&#8217;atteindre de nouveaux seuils. Zen 2 allie performance\u00a0pour les applications de nouvelle g\u00e9n\u00e9ration\u00a0et efficacit\u00e9 \u00e9nerg\u00e9tique optimale.<\/p>\n<\/div>\n<\/section>\n<section>\n<div class=\"desc-text\">\n<h2>6\u00a0c\u0153urs natifs\u00a0et 6 coeurs logiques<\/h2>\n<p>Le\u00a0<strong>processeur pour PC de bureau\u00a0AMD Ryzen 5 3500X\u00a0<\/strong>propose\u00a0<strong>6 coeurs natifs<\/strong>\u00a0et\u00a0<strong>6 coeurs logiques<\/strong>\u00a0pour un traitement multit\u00e2che agr\u00e9ablement fluide. Gr\u00e2ce \u00e0 sa\u00a0<strong>fr\u00e9quence native \u00e9lev\u00e9e<\/strong>\u00a0et \u00e0 son mode\u00a0<strong><em>Turbo Core<\/em><\/strong>\u00a0ajustant la puissance en fonction des besoins, le\u00a0<strong>CPU AMD Ryzen de troisi\u00e8me g\u00e9n\u00e9ration<\/strong>\u00a0d\u00e9livre des performances exceptionnelles dans tous les domaines : Jeux vid\u00e9o, multit\u00e2che intensif, \u00e9dition vid\u00e9o, mod\u00e9lisation 3D et bien plus encore. Le\u00a0<strong>cache L3 de 32 Mo<\/strong>\u00a0permet en outre le traitement ultrarapide d&#8217;un grand nombre d&#8217;instructions gr\u00e2ce \u00e0 des latences r\u00e9duites.<\/p>\n<\/div>\n<div class=\"desc-image\"><img decoding=\"async\" src=\"https:\/\/media.ldlc.com\/bo\/images\/fiches\/Processeur\/AMD\/AMD_Ryzen_3000\/800_2.jpg\" alt=\"\" \/><\/div>\n<\/section>\n<section class=\"list\">\n<h2>Caract\u00e9ristiques principales :<\/h2>\n<ul>\n<li>Fr\u00e9quence :\u00a0<strong>3.6 GHz \/ 4.1 GHz<\/strong>\u00a0(Turbo Core)<\/li>\n<li><strong>6 coeurs<\/strong>\u00a0\/ 6 threads<\/li>\n<li><strong>GameCache 35 Mo\u00a0<\/strong>(32 Mo L3 + 3 Mo L2)<\/li>\n<li>Socket\u00a0<strong>AMD AM4<\/strong><\/li>\n<li>Contr\u00f4leur m\u00e9moire :\u00a0<strong>Dual Channel DDR4<\/strong><\/li>\n<li>Gravure :\u00a0<strong>7nm FinFET<\/strong><\/li>\n<li>Enveloppe thermique maximale (TDP) :\u00a0<strong>65W<\/strong><\/li>\n<\/ul>\n<\/section>\n<\/div>\n<\/div>\n","protected":false},"excerpt":{"rendered":"<p>Le processeur AMD Ryzen 5 3500X Wraith Stealth (3.6 GHz \/ 4.1 GHz)\u00a0fait partie des premiers processeurs pour PC grav\u00e9s en\u00a07 nm et compatibles avec l&#8217;interface PCIe 4.0. La\u00a0troisi\u00e8me g\u00e9n\u00e9ration Ryzen,\u00a0au nom de code Matisse, impressionne par ses\u00a06 coeurs et 6 threads, une fr\u00e9quence de base de 3.6 GHz pouvant grimper\u00a0jusqu&#8217;\u00e0 4.1 GHz\u00a0et\u00a032\u00a0Mo de cache L3\u00a0et seulement\u00a065W\u00a0de TDP !<\/p>\n<p><strong>Caract\u00e9ristiques principales :<\/strong><\/p>\n<ul>\n<li>Fr\u00e9quence :\u00a0<strong>3.6 GHz \/ 4.1 GHz<\/strong>\u00a0(Turbo Core)<\/li>\n<li><strong>6 coeurs<\/strong>\u00a0\/ 6 threads<\/li>\n<li><strong>GameCache 35 Mo\u00a0<\/strong>(32 Mo L3 + 3 Mo L2)<\/li>\n<li>Socket\u00a0<strong>AMD AM4<\/strong><\/li>\n<li>Contr\u00f4leur m\u00e9moire :\u00a0<strong>Dual Channel DDR4<\/strong><\/li>\n<li>Gravure :\u00a0<strong>7nm FinFET<\/strong><\/li>\n<li>Enveloppe thermique maximale (TDP) :\u00a0<strong>65W<\/strong><\/li>\n<\/ul>\n","protected":false},"featured_media":1012269,"template":"","meta":{"_acf_changed":false},"pwb-brand":[],"product_brand":[70],"product_cat":[69,17,66],"product_tag":[],"pcb_component_type":[],"class_list":{"0":"post-12267","1":"product","2":"type-product","3":"status-publish","4":"has-post-thumbnail","6":"product_brand-amd","7":"product_cat-amd","8":"product_cat-composants-gaming","9":"product_cat-processeurs","11":"first","12":"outofstock","13":"shipping-taxable","14":"product-type-simple"},"translation":{"provider":"WPGlobus","version":"3.0.2","language":"de","enabled_languages":["en","es","de","fr","ru"],"languages":{"en":{"title":true,"content":true,"excerpt":true},"es":{"title":false,"content":false,"excerpt":false},"de":{"title":false,"content":false,"excerpt":false},"fr":{"title":false,"content":false,"excerpt":false},"ru":{"title":false,"content":false,"excerpt":false}}},"acf":[],"yoast_head":"<!-- This site is optimized with the Yoast SEO plugin v27.2 - https:\/\/yoast.com\/product\/yoast-seo-wordpress\/ -->\n<title>AMD Ryzen 5 3500X (3.6 GHz \/ 4.1 GHz) (USED) - Osaka<\/title>\n<meta name=\"robots\" content=\"index, follow, max-snippet:-1, max-image-preview:large, max-video-preview:-1\" \/>\n<link rel=\"canonical\" href=\"https:\/\/osaka.ma\/fr\/product\/amd-ryzen-5-3500x-3-6-ghz-4-1-ghz-used\/\" \/>\n<meta property=\"og:locale\" content=\"de_DE\" \/>\n<meta property=\"og:type\" content=\"article\" \/>\n<meta property=\"og:title\" content=\"AMD Ryzen 5 3500X (3.6 GHz \/ 4.1 GHz) (USED) - Osaka\" \/>\n<meta property=\"og:url\" content=\"https:\/\/osaka.ma\/fr\/product\/amd-ryzen-5-3500x-3-6-ghz-4-1-ghz-used\/\" \/>\n<meta property=\"og:site_name\" content=\"Osaka\" \/>\n<meta property=\"article:modified_time\" content=\"2026-03-23T12:47:56+00:00\" \/>\n<meta property=\"og:image\" content=\"https:\/\/osaka.ma\/wp-content\/uploads\/2025\/02\/Sanstitre-1_491819e5-b253-4e4e-8454-55da457abafd_600x.webp\" \/>\n\t<meta property=\"og:image:width\" content=\"600\" \/>\n\t<meta property=\"og:image:height\" content=\"600\" \/>\n\t<meta property=\"og:image:type\" content=\"image\/webp\" \/>\n<meta name=\"twitter:card\" content=\"summary_large_image\" \/>\n<meta name=\"twitter:label1\" content=\"Est. reading time\" \/>\n\t<meta name=\"twitter:data1\" content=\"4 minutes\" \/>\n<script type=\"application\/ld+json\" class=\"yoast-schema-graph\">{\"@context\":\"https:\/\/schema.org\",\"@graph\":[{\"@type\":\"WebPage\",\"@id\":\"https:\/\/osaka.ma\/fr\/product\/amd-ryzen-5-3500x-3-6-ghz-4-1-ghz-used\/\",\"url\":\"https:\/\/osaka.ma\/fr\/product\/amd-ryzen-5-3500x-3-6-ghz-4-1-ghz-used\/\",\"name\":\"AMD Ryzen 5 3500X (3.6 GHz \/ 4.1 GHz) (USED) - Osaka\",\"isPartOf\":{\"@id\":\"https:\/\/osaka.ma\/#website\"},\"primaryImageOfPage\":{\"@id\":\"https:\/\/osaka.ma\/fr\/product\/amd-ryzen-5-3500x-3-6-ghz-4-1-ghz-used\/#primaryimage\"},\"image\":{\"@id\":\"https:\/\/osaka.ma\/fr\/product\/amd-ryzen-5-3500x-3-6-ghz-4-1-ghz-used\/#primaryimage\"},\"thumbnailUrl\":\"https:\/\/osaka.ma\/wp-content\/uploads\/2025\/02\/Sanstitre-1_491819e5-b253-4e4e-8454-55da457abafd_600x.webp\",\"datePublished\":\"2025-02-12T10:36:06+00:00\",\"dateModified\":\"2026-03-23T12:47:56+00:00\",\"breadcrumb\":{\"@id\":\"https:\/\/osaka.ma\/fr\/product\/amd-ryzen-5-3500x-3-6-ghz-4-1-ghz-used\/#breadcrumb\"},\"inLanguage\":\"de-DE\",\"potentialAction\":[{\"@type\":\"ReadAction\",\"target\":[\"https:\/\/osaka.ma\/fr\/product\/amd-ryzen-5-3500x-3-6-ghz-4-1-ghz-used\/\"]}]},{\"@type\":\"ImageObject\",\"inLanguage\":\"de-DE\",\"@id\":\"https:\/\/osaka.ma\/fr\/product\/amd-ryzen-5-3500x-3-6-ghz-4-1-ghz-used\/#primaryimage\",\"url\":\"https:\/\/osaka.ma\/wp-content\/uploads\/2025\/02\/Sanstitre-1_491819e5-b253-4e4e-8454-55da457abafd_600x.webp\",\"contentUrl\":\"https:\/\/osaka.ma\/wp-content\/uploads\/2025\/02\/Sanstitre-1_491819e5-b253-4e4e-8454-55da457abafd_600x.webp\",\"width\":600,\"height\":600,\"caption\":\"AMD RYZEN 7 5700X3D - Tray - Osaka PC Gamer - Maroc\"},{\"@type\":\"BreadcrumbList\",\"@id\":\"https:\/\/osaka.ma\/fr\/product\/amd-ryzen-5-3500x-3-6-ghz-4-1-ghz-used\/#breadcrumb\",\"itemListElement\":[{\"@type\":\"ListItem\",\"position\":1,\"name\":\"Home\",\"item\":\"https:\/\/osaka.ma\/\"},{\"@type\":\"ListItem\",\"position\":2,\"name\":\"Shop\",\"item\":\"https:\/\/osaka.ma\/shop-2\/\"},{\"@type\":\"ListItem\",\"position\":3,\"name\":\"AMD Ryzen 5 3500X (3.6 GHz \/ 4.1 GHz) (USED)\"}]},{\"@type\":\"WebSite\",\"@id\":\"https:\/\/osaka.ma\/#website\",\"url\":\"https:\/\/osaka.ma\/\",\"name\":\"Osaka\",\"description\":\"\",\"publisher\":{\"@id\":\"https:\/\/osaka.ma\/#organization\"},\"potentialAction\":[{\"@type\":\"SearchAction\",\"target\":{\"@type\":\"EntryPoint\",\"urlTemplate\":\"https:\/\/osaka.ma\/?s={search_term_string}\"},\"query-input\":{\"@type\":\"PropertyValueSpecification\",\"valueRequired\":true,\"valueName\":\"search_term_string\"}}],\"inLanguage\":\"de-DE\"},{\"@type\":\"Organization\",\"@id\":\"https:\/\/osaka.ma\/#organization\",\"name\":\"Osaka\",\"url\":\"https:\/\/osaka.ma\/\",\"logo\":{\"@type\":\"ImageObject\",\"inLanguage\":\"de-DE\",\"@id\":\"https:\/\/osaka.ma\/#\/schema\/logo\/image\/\",\"url\":\"https:\/\/osaka.ma\/wp-content\/uploads\/2026\/01\/model-slogan-logo-2Plan-de-travail-1dksl-plus-finnn.png\",\"contentUrl\":\"https:\/\/osaka.ma\/wp-content\/uploads\/2026\/01\/model-slogan-logo-2Plan-de-travail-1dksl-plus-finnn.png\",\"width\":842,\"height\":226,\"caption\":\"Osaka\"},\"image\":{\"@id\":\"https:\/\/osaka.ma\/#\/schema\/logo\/image\/\"}}]}<\/script>\n<!-- \/ Yoast SEO plugin. -->","yoast_head_json":{"title":"AMD Ryzen 5 3500X (3.6 GHz \/ 4.1 GHz) (USED) - Osaka","robots":{"index":"index","follow":"follow","max-snippet":"max-snippet:-1","max-image-preview":"max-image-preview:large","max-video-preview":"max-video-preview:-1"},"canonical":"https:\/\/osaka.ma\/fr\/product\/amd-ryzen-5-3500x-3-6-ghz-4-1-ghz-used\/","og_locale":"de_DE","og_type":"article","og_title":"AMD Ryzen 5 3500X (3.6 GHz \/ 4.1 GHz) (USED) - Osaka","og_url":"https:\/\/osaka.ma\/fr\/product\/amd-ryzen-5-3500x-3-6-ghz-4-1-ghz-used\/","og_site_name":"Osaka","article_modified_time":"2026-03-23T12:47:56+00:00","og_image":[{"width":600,"height":600,"url":"https:\/\/osaka.ma\/wp-content\/uploads\/2025\/02\/Sanstitre-1_491819e5-b253-4e4e-8454-55da457abafd_600x.webp","type":"image\/webp"}],"twitter_card":"summary_large_image","twitter_misc":{"Est. reading time":"4 minutes"},"schema":{"@context":"https:\/\/schema.org","@graph":[{"@type":"WebPage","@id":"https:\/\/osaka.ma\/fr\/product\/amd-ryzen-5-3500x-3-6-ghz-4-1-ghz-used\/","url":"https:\/\/osaka.ma\/fr\/product\/amd-ryzen-5-3500x-3-6-ghz-4-1-ghz-used\/","name":"AMD Ryzen 5 3500X (3.6 GHz \/ 4.1 GHz) (USED) - Osaka","isPartOf":{"@id":"https:\/\/osaka.ma\/#website"},"primaryImageOfPage":{"@id":"https:\/\/osaka.ma\/fr\/product\/amd-ryzen-5-3500x-3-6-ghz-4-1-ghz-used\/#primaryimage"},"image":{"@id":"https:\/\/osaka.ma\/fr\/product\/amd-ryzen-5-3500x-3-6-ghz-4-1-ghz-used\/#primaryimage"},"thumbnailUrl":"https:\/\/osaka.ma\/wp-content\/uploads\/2025\/02\/Sanstitre-1_491819e5-b253-4e4e-8454-55da457abafd_600x.webp","datePublished":"2025-02-12T10:36:06+00:00","dateModified":"2026-03-23T12:47:56+00:00","breadcrumb":{"@id":"https:\/\/osaka.ma\/fr\/product\/amd-ryzen-5-3500x-3-6-ghz-4-1-ghz-used\/#breadcrumb"},"inLanguage":"de-DE","potentialAction":[{"@type":"ReadAction","target":["https:\/\/osaka.ma\/fr\/product\/amd-ryzen-5-3500x-3-6-ghz-4-1-ghz-used\/"]}]},{"@type":"ImageObject","inLanguage":"de-DE","@id":"https:\/\/osaka.ma\/fr\/product\/amd-ryzen-5-3500x-3-6-ghz-4-1-ghz-used\/#primaryimage","url":"https:\/\/osaka.ma\/wp-content\/uploads\/2025\/02\/Sanstitre-1_491819e5-b253-4e4e-8454-55da457abafd_600x.webp","contentUrl":"https:\/\/osaka.ma\/wp-content\/uploads\/2025\/02\/Sanstitre-1_491819e5-b253-4e4e-8454-55da457abafd_600x.webp","width":600,"height":600,"caption":"AMD RYZEN 7 5700X3D - Tray - Osaka PC Gamer - Maroc"},{"@type":"BreadcrumbList","@id":"https:\/\/osaka.ma\/fr\/product\/amd-ryzen-5-3500x-3-6-ghz-4-1-ghz-used\/#breadcrumb","itemListElement":[{"@type":"ListItem","position":1,"name":"Home","item":"https:\/\/osaka.ma\/"},{"@type":"ListItem","position":2,"name":"Shop","item":"https:\/\/osaka.ma\/shop-2\/"},{"@type":"ListItem","position":3,"name":"AMD Ryzen 5 3500X (3.6 GHz \/ 4.1 GHz) (USED)"}]},{"@type":"WebSite","@id":"https:\/\/osaka.ma\/#website","url":"https:\/\/osaka.ma\/","name":"Osaka","description":"","publisher":{"@id":"https:\/\/osaka.ma\/#organization"},"potentialAction":[{"@type":"SearchAction","target":{"@type":"EntryPoint","urlTemplate":"https:\/\/osaka.ma\/?s={search_term_string}"},"query-input":{"@type":"PropertyValueSpecification","valueRequired":true,"valueName":"search_term_string"}}],"inLanguage":"de-DE"},{"@type":"Organization","@id":"https:\/\/osaka.ma\/#organization","name":"Osaka","url":"https:\/\/osaka.ma\/","logo":{"@type":"ImageObject","inLanguage":"de-DE","@id":"https:\/\/osaka.ma\/#\/schema\/logo\/image\/","url":"https:\/\/osaka.ma\/wp-content\/uploads\/2026\/01\/model-slogan-logo-2Plan-de-travail-1dksl-plus-finnn.png","contentUrl":"https:\/\/osaka.ma\/wp-content\/uploads\/2026\/01\/model-slogan-logo-2Plan-de-travail-1dksl-plus-finnn.png","width":842,"height":226,"caption":"Osaka"},"image":{"@id":"https:\/\/osaka.ma\/#\/schema\/logo\/image\/"}}]}},"jetpack_sharing_enabled":true,"brands":[],"_links":{"self":[{"href":"https:\/\/osaka.ma\/de\/wp-json\/wp\/v2\/product\/12267","targetHints":{"allow":["GET"]}}],"collection":[{"href":"https:\/\/osaka.ma\/de\/wp-json\/wp\/v2\/product"}],"about":[{"href":"https:\/\/osaka.ma\/de\/wp-json\/wp\/v2\/types\/product"}],"version-history":[{"count":0,"href":"https:\/\/osaka.ma\/de\/wp-json\/wp\/v2\/product\/12267\/revisions"}],"wp:featuredmedia":[{"embeddable":true,"href":"https:\/\/osaka.ma\/de\/wp-json\/wp\/v2\/media\/1012269"}],"wp:attachment":[{"href":"https:\/\/osaka.ma\/de\/wp-json\/wp\/v2\/media?parent=12267"}],"wp:term":[{"taxonomy":"pwb-brand","embeddable":true,"href":"https:\/\/osaka.ma\/de\/wp-json\/wp\/v2\/pwb-brand?post=12267"},{"taxonomy":"product_brand","embeddable":true,"href":"https:\/\/osaka.ma\/de\/wp-json\/wp\/v2\/product_brand?post=12267"},{"taxonomy":"product_cat","embeddable":true,"href":"https:\/\/osaka.ma\/de\/wp-json\/wp\/v2\/product_cat?post=12267"},{"taxonomy":"product_tag","embeddable":true,"href":"https:\/\/osaka.ma\/de\/wp-json\/wp\/v2\/product_tag?post=12267"},{"taxonomy":"pcb_component_type","embeddable":true,"href":"https:\/\/osaka.ma\/de\/wp-json\/wp\/v2\/pcb_component_type?post=12267"}],"curies":[{"name":"wp","href":"https:\/\/api.w.org\/{rel}","templated":true}]}}