{"id":13455,"date":"2025-02-22T12:44:38","date_gmt":"2025-02-22T12:44:38","guid":{"rendered":"https:\/\/osaka.ma\/?post_type=product&#038;p=13455"},"modified":"2026-01-24T15:13:28","modified_gmt":"2026-01-24T14:13:28","slug":"logitech-mx-master-3s-graphite","status":"publish","type":"product","link":"https:\/\/osaka.ma\/de\/product\/logitech-mx-master-3s-graphite\/","title":{"rendered":"Logitech MX Master 3S &#8211; Graphite"},"content":{"rendered":"<div class=\"logo\"><a href=\"https:\/\/www.ldlc.com\/logitech\/bint000000153\/\" rel=\"nofollow noopener\" target=\"_blank\"><img decoding=\"async\" src=\"https:\/\/media.ldlc.com\/v3\/marque\/bo\/00\/03\/27\/77\/V30003277746_2.jpg\" alt=\"Logitech\" \/><\/a><\/div>\n<div id=\"description\" class=\"description\">\n<div class=\"details-pdt-desc\">\n<h2 class=\"h2-master\">Un feeling incroyable<\/h2>\n<section>Avec la\u00a0<strong>Logitech MX Master 3S<\/strong>, profitez d&#8217;une ic\u00f4ne remasteris\u00e9e offrant une\u00a0pr\u00e9cision instantan\u00e9e et un potentiel infini. Con\u00e7ue pour offrir pr\u00e9cision, contr\u00f4le et confort aux utilisateurs exp\u00e9riment\u00e9s, la souris sans fil Logitech MX Master 3S se caract\u00e9rise notamment par une forme parfaitement adapt\u00e9e \u00e0 la main, un capteur de 8000 dpi, des fonctionnalit\u00e9s avanc\u00e9es et une conception incroyable.<\/p>\n<\/section>\n<section>\n<div class=\"desc-image\"><img decoding=\"async\" src=\"https:\/\/media.ldlc.com\/bo\/images\/fiches\/souris\/logitech\/MX_Master_3S\/1.jpg\" alt=\"\" \/><\/div>\n<div class=\"desc-text\">\n<h2>Faites d\u00e9filer 1000 lignes par seconde<\/h2>\n<p>La Logitech MX Master 3S embarque la\u00a0<strong>roulette \u00e0 d\u00e9filement \u00e9lectromagn\u00e9tique MagSpeed<\/strong>\u00a0afin de vous offrir suffisamment de pr\u00e9cision et de rapidit\u00e9 pour faire\u00a0<strong>d\u00e9filer pas moins de 1000 lignes en une seconde<\/strong>. Quasi silencieuse, elle est construite en acier usin\u00e9 qui lui conf\u00e8re un toucher premium et un poids suffisant pour offrir une inertie dynamique que vous ressentez, mais que vous n&#8217;entendez pas !<\/p>\n<p>L&#8217;acier usin\u00e9 de la roulette lui conf\u00e8re une tactilit\u00e9 sup\u00e9rieure et un poids suffisant pour offrir une inertie dynamique que vous sentez mais n&#8217;entendez pas.<\/p>\n<\/div>\n<\/section>\n<section>\n<div class=\"desc-text\">\n<h2>Une technologie r\u00e9volutionnaire<\/h2>\n<p>La Logitech MX Master 3S est \u00e9quip\u00e9e de la\u00a0<strong>technologie Logitech Flow<\/strong>. Cette derni\u00e8re, r\u00e9volutionnaire, vous permet de d\u00e9placer le curseur de votre souris d&#8217;un ordinateur \u00e0 un autre (jusqu&#8217;\u00e0 3 ordinateurs), d&#8217;effectuer des copier-coller de texte, d&#8217;une image ou encore d&#8217;un fichier d&#8217;une machine \u00e0 une autre.<\/p>\n<p>Vous allez ainsi pouvoir transf\u00e9rer vos contenus entre 3 ordinateurs diff\u00e9rents sans la moindre difficult\u00e9. Plus besoin de transf\u00e9rer vos fichiers sur des cl\u00e9s USB, commencez votre travail sur votre ordinateur portable lors de vos d\u00e9placements et finissez-le \u00e0 la maison sur votre ordinateur de bureau sans faire plusieurs manipulations.<\/p>\n<\/div>\n<div class=\"desc-image\"><img decoding=\"async\" src=\"https:\/\/media.ldlc.com\/bo\/images\/fiches\/souris\/logitech\/MX_Master_3S\/2.jpg\" alt=\"\" \/><\/div>\n<\/section>\n<section>\n<div class=\"desc-image\"><img decoding=\"async\" src=\"https:\/\/media.ldlc.com\/bo\/images\/fiches\/souris\/logitech\/MX_Master_3S\/3.jpg\" alt=\"\" \/><\/div>\n<div class=\"desc-text\">\n<h2>Une molette exclusive pour le pouce<\/h2>\n<p>La Logitech MX Master 3S dispose d&#8217;<strong>une molette pour le pouce<\/strong>\u00a0afin de faire d\u00e9filer le contenu de l&#8217;\u00e9cran lat\u00e9ralement d&#8217;un simple mouvement du pouce. Et avec le logiciel Logitech Options vous allez pouvoir param\u00e9trer au mieux votre souris. Ainsi, vous allez pouvoir ajuster la vitesse de d\u00e9filement, naviguer au sein du contenu sous forme d&#8217;onglets, changer d&#8217;application, r\u00e9gler le volume et bien d&#8217;autres choses.<\/p>\n<p>Avec une\u00a0<strong>autonomie maximale de 70 jours<\/strong>\u00a0\u00e0 pleine charge, la souris Logitech MX Master 3 vous suivra partout. De plus, vous pouvez l&#8217;utiliser pendant trois heures avec une seule minute de charge.<\/p>\n<\/div>\n<\/section>\n<section>\n<div class=\"desc-text\">\n<h2>Con\u00e7u pour un avenir positif<\/h2>\n<ul>\n<li>Les pi\u00e8ces en plastique de la souris MX Master 3S sont en plastique recycl\u00e9 post-consommation certifi\u00e9 (Graphite: 27%, Pale Gray: 22%)*<\/li>\n<li>Bo\u00eetier sup\u00e9rieur : aluminium \u00e0 faible teneur en carbone<\/li>\n<li>Emballage papier : certifi\u00e9 FSC<\/li>\n<\/ul>\n<p>*Hors plastique du circuit imprim\u00e9, du r\u00e9cepteur, du fil, du c\u00e2ble FFC et de l\u2019emballage<\/p>\n<\/div>\n<div class=\"desc-image\"><img decoding=\"async\" src=\"https:\/\/media.ldlc.com\/bo\/images\/fiches\/clavier\/Logitech\/image2.jpg\" alt=\"\" \/><\/div>\n<\/section>\n<section class=\"list\">\n<h2>Caract\u00e9ristiques principales :<\/h2>\n<ul>\n<li><strong>Souris optique 8000 dpi<\/strong><\/li>\n<li><strong>Technologie Logitech Flow :\u00a0vous permet de transf\u00e9rer vos dossiers, images, textes d&#8217;un ordinateur \u00e0 un autre<\/strong><\/li>\n<li>Design ergonomique qui \u00e9pouse la forme de votre main<\/li>\n<li><strong>Roulette de d\u00e9filement \u00e9lectromagn\u00e9tique MagSpeed<\/strong>\u00a0pour une pr\u00e9cision et une rapidit\u00e9 incroyable<\/li>\n<li><strong>Molette exclusive<\/strong>\u00a0pour le pouce\u00a0pour une navigation encore plus fluide<\/li>\n<li><strong>Double connectivit\u00e9<\/strong>\u00a0: R\u00e9cepteur USB Logi Bolt ou technologie Bluetooth Smart<\/li>\n<li>Batterie rechargeable avec une\u00a0<strong>autonomie pouvant aller jusqu&#8217;\u00e0 70 jours<\/strong><\/li>\n<li>Port\u00e9e de la connexion sans fil :\u00a010 m\u00e8tres<\/li>\n<li>C\u00e2ble de charge USB-C (USB-A vers USB-C)<\/li>\n<li>Compatible Windows 7, 8, 10 et Mac OS X (version 10.10 ou ult\u00e9rieure)<\/li>\n<li>Dimensions : 51 x 84.3 x 124.9 mm<\/li>\n<li>Poids : 141 g<\/li>\n<\/ul>\n<\/section>\n<\/div>\n<\/div>\n","protected":false},"excerpt":{"rendered":"<p data-start=\"262\" data-end=\"279\"><strong data-start=\"262\" data-end=\"279\">Key Features:<\/strong><\/p>\n<ul data-start=\"281\" data-end=\"1325\">\n<li data-start=\"281\" data-end=\"467\">\n<p data-start=\"283\" data-end=\"467\"><strong data-start=\"283\" data-end=\"309\">8K DPI Optical Sensor:<\/strong> Provides exceptional precision and responsiveness, allowing for accurate tracking on various surfaces, including glass.<\/p>\n<\/li>\n<li data-start=\"469\" data-end=\"628\">\n<p data-start=\"471\" data-end=\"628\"><strong data-start=\"471\" data-end=\"488\">Quiet Clicks:<\/strong> Engineered to reduce click noise by 90%, enhancing the overall user experience in quiet environments.<\/p>\n<\/li>\n<li data-start=\"630\" data-end=\"840\">\n<p data-start=\"632\" data-end=\"840\"><strong data-start=\"632\" data-end=\"671\">MagSpeed Electromagnetic Scrolling:<\/strong> Enables ultra-fast scrolling, allowing users to navigate through 1,000 lines per second, ideal for lengthy documents or web pages.<\/p>\n<\/li>\n<li data-start=\"842\" data-end=\"980\">\n<p data-start=\"844\" data-end=\"980\"><strong data-start=\"844\" data-end=\"865\">Ergonomic Design:<\/strong> Crafted to fit comfortably in the hand, reducing strain during extended use.<\/p>\n<\/li>\n<li data-start=\"982\" data-end=\"1150\">\n<p data-start=\"984\" data-end=\"1150\"><strong data-start=\"984\" data-end=\"1014\">Multi-Device Connectivity:<\/strong> Supports Bluetooth and USB receiver connections, facilitating seamless switching between devices.<\/p>\n<\/li>\n<li data-start=\"1152\" data-end=\"1325\">\n<p data-start=\"1154\" data-end=\"1325\"><strong data-start=\"1154\" data-end=\"1176\">Long Battery Life:<\/strong> Offers up to 70 days of usage on a single charge, with a quick 1-minute charge providing up to 3 hours of use.<\/p>\n<\/li>\n<\/ul>\n","protected":false},"featured_media":1013456,"template":"","meta":{"_acf_changed":false},"pwb-brand":[],"product_brand":[],"product_cat":[31,32],"product_tag":[],"pcb_component_type":[],"class_list":{"0":"post-13455","1":"product","2":"type-product","3":"status-publish","4":"has-post-thumbnail","6":"product_cat-accessoires","7":"product_cat-souris","9":"first","10":"outofstock","11":"shipping-taxable","12":"product-type-simple"},"translation":{"provider":"WPGlobus","version":"3.0.2","language":"de","enabled_languages":["en","es","de","fr","ru"],"languages":{"en":{"title":true,"content":true,"excerpt":true},"es":{"title":false,"content":false,"excerpt":false},"de":{"title":false,"content":false,"excerpt":false},"fr":{"title":false,"content":false,"excerpt":false},"ru":{"title":false,"content":false,"excerpt":false}}},"acf":[],"yoast_head":"<!-- This site is optimized with the Yoast SEO plugin v27.2 - https:\/\/yoast.com\/product\/yoast-seo-wordpress\/ -->\n<title>Logitech MX Master 3S - Graphite - Osaka<\/title>\n<meta name=\"robots\" content=\"index, follow, max-snippet:-1, max-image-preview:large, max-video-preview:-1\" \/>\n<link rel=\"canonical\" href=\"https:\/\/osaka.ma\/product\/logitech-mx-master-3s-graphite\/\" \/>\n<meta property=\"og:locale\" content=\"de_DE\" \/>\n<meta property=\"og:type\" content=\"article\" \/>\n<meta property=\"og:title\" content=\"Logitech MX Master 3S - Graphite - Osaka\" \/>\n<meta property=\"og:url\" content=\"https:\/\/osaka.ma\/product\/logitech-mx-master-3s-graphite\/\" \/>\n<meta property=\"og:site_name\" content=\"Osaka\" \/>\n<meta property=\"article:modified_time\" content=\"2026-01-24T14:13:28+00:00\" \/>\n<meta property=\"og:image\" content=\"https:\/\/osaka.ma\/wp-content\/uploads\/2025\/02\/Logitech-MX-Master-3S-1.png\" \/>\n\t<meta property=\"og:image:width\" content=\"1054\" \/>\n\t<meta property=\"og:image:height\" content=\"777\" \/>\n\t<meta property=\"og:image:type\" content=\"image\/png\" \/>\n<meta name=\"twitter:card\" content=\"summary_large_image\" \/>\n<meta name=\"twitter:label1\" content=\"Est. reading time\" \/>\n\t<meta name=\"twitter:data1\" content=\"1 minute\" \/>\n<script type=\"application\/ld+json\" class=\"yoast-schema-graph\">{\"@context\":\"https:\/\/schema.org\",\"@graph\":[{\"@type\":\"WebPage\",\"@id\":\"https:\/\/osaka.ma\/product\/logitech-mx-master-3s-graphite\/\",\"url\":\"https:\/\/osaka.ma\/product\/logitech-mx-master-3s-graphite\/\",\"name\":\"Logitech MX Master 3S - Graphite - Osaka\",\"isPartOf\":{\"@id\":\"https:\/\/osaka.ma\/#website\"},\"primaryImageOfPage\":{\"@id\":\"https:\/\/osaka.ma\/product\/logitech-mx-master-3s-graphite\/#primaryimage\"},\"image\":{\"@id\":\"https:\/\/osaka.ma\/product\/logitech-mx-master-3s-graphite\/#primaryimage\"},\"thumbnailUrl\":\"https:\/\/osaka.ma\/wp-content\/uploads\/2025\/02\/Logitech-MX-Master-3S-1.png\",\"datePublished\":\"2025-02-22T12:44:38+00:00\",\"dateModified\":\"2026-01-24T14:13:28+00:00\",\"breadcrumb\":{\"@id\":\"https:\/\/osaka.ma\/product\/logitech-mx-master-3s-graphite\/#breadcrumb\"},\"inLanguage\":\"de-DE\",\"potentialAction\":[{\"@type\":\"ReadAction\",\"target\":[\"https:\/\/osaka.ma\/product\/logitech-mx-master-3s-graphite\/\"]}]},{\"@type\":\"ImageObject\",\"inLanguage\":\"de-DE\",\"@id\":\"https:\/\/osaka.ma\/product\/logitech-mx-master-3s-graphite\/#primaryimage\",\"url\":\"https:\/\/osaka.ma\/wp-content\/uploads\/2025\/02\/Logitech-MX-Master-3S-1.png\",\"contentUrl\":\"https:\/\/osaka.ma\/wp-content\/uploads\/2025\/02\/Logitech-MX-Master-3S-1.png\",\"width\":1054,\"height\":777},{\"@type\":\"BreadcrumbList\",\"@id\":\"https:\/\/osaka.ma\/product\/logitech-mx-master-3s-graphite\/#breadcrumb\",\"itemListElement\":[{\"@type\":\"ListItem\",\"position\":1,\"name\":\"Home\",\"item\":\"https:\/\/osaka.ma\/\"},{\"@type\":\"ListItem\",\"position\":2,\"name\":\"Shop\",\"item\":\"https:\/\/osaka.ma\/shop-2\/\"},{\"@type\":\"ListItem\",\"position\":3,\"name\":\"Logitech MX Master 3S &#8211; Graphite\"}]},{\"@type\":\"WebSite\",\"@id\":\"https:\/\/osaka.ma\/#website\",\"url\":\"https:\/\/osaka.ma\/\",\"name\":\"Osaka\",\"description\":\"\",\"publisher\":{\"@id\":\"https:\/\/osaka.ma\/#organization\"},\"potentialAction\":[{\"@type\":\"SearchAction\",\"target\":{\"@type\":\"EntryPoint\",\"urlTemplate\":\"https:\/\/osaka.ma\/?s={search_term_string}\"},\"query-input\":{\"@type\":\"PropertyValueSpecification\",\"valueRequired\":true,\"valueName\":\"search_term_string\"}}],\"inLanguage\":\"de-DE\"},{\"@type\":\"Organization\",\"@id\":\"https:\/\/osaka.ma\/#organization\",\"name\":\"Osaka\",\"url\":\"https:\/\/osaka.ma\/\",\"logo\":{\"@type\":\"ImageObject\",\"inLanguage\":\"de-DE\",\"@id\":\"https:\/\/osaka.ma\/#\/schema\/logo\/image\/\",\"url\":\"https:\/\/osaka.ma\/wp-content\/uploads\/2026\/01\/model-slogan-logo-2Plan-de-travail-1dksl-plus-finnn.png\",\"contentUrl\":\"https:\/\/osaka.ma\/wp-content\/uploads\/2026\/01\/model-slogan-logo-2Plan-de-travail-1dksl-plus-finnn.png\",\"width\":842,\"height\":226,\"caption\":\"Osaka\"},\"image\":{\"@id\":\"https:\/\/osaka.ma\/#\/schema\/logo\/image\/\"}}]}<\/script>\n<!-- \/ Yoast SEO plugin. -->","yoast_head_json":{"title":"Logitech MX Master 3S - Graphite - Osaka","robots":{"index":"index","follow":"follow","max-snippet":"max-snippet:-1","max-image-preview":"max-image-preview:large","max-video-preview":"max-video-preview:-1"},"canonical":"https:\/\/osaka.ma\/product\/logitech-mx-master-3s-graphite\/","og_locale":"de_DE","og_type":"article","og_title":"Logitech MX Master 3S - Graphite - Osaka","og_url":"https:\/\/osaka.ma\/product\/logitech-mx-master-3s-graphite\/","og_site_name":"Osaka","article_modified_time":"2026-01-24T14:13:28+00:00","og_image":[{"width":1054,"height":777,"url":"https:\/\/osaka.ma\/wp-content\/uploads\/2025\/02\/Logitech-MX-Master-3S-1.png","type":"image\/png"}],"twitter_card":"summary_large_image","twitter_misc":{"Est. reading time":"1 minute"},"schema":{"@context":"https:\/\/schema.org","@graph":[{"@type":"WebPage","@id":"https:\/\/osaka.ma\/product\/logitech-mx-master-3s-graphite\/","url":"https:\/\/osaka.ma\/product\/logitech-mx-master-3s-graphite\/","name":"Logitech MX Master 3S - Graphite - Osaka","isPartOf":{"@id":"https:\/\/osaka.ma\/#website"},"primaryImageOfPage":{"@id":"https:\/\/osaka.ma\/product\/logitech-mx-master-3s-graphite\/#primaryimage"},"image":{"@id":"https:\/\/osaka.ma\/product\/logitech-mx-master-3s-graphite\/#primaryimage"},"thumbnailUrl":"https:\/\/osaka.ma\/wp-content\/uploads\/2025\/02\/Logitech-MX-Master-3S-1.png","datePublished":"2025-02-22T12:44:38+00:00","dateModified":"2026-01-24T14:13:28+00:00","breadcrumb":{"@id":"https:\/\/osaka.ma\/product\/logitech-mx-master-3s-graphite\/#breadcrumb"},"inLanguage":"de-DE","potentialAction":[{"@type":"ReadAction","target":["https:\/\/osaka.ma\/product\/logitech-mx-master-3s-graphite\/"]}]},{"@type":"ImageObject","inLanguage":"de-DE","@id":"https:\/\/osaka.ma\/product\/logitech-mx-master-3s-graphite\/#primaryimage","url":"https:\/\/osaka.ma\/wp-content\/uploads\/2025\/02\/Logitech-MX-Master-3S-1.png","contentUrl":"https:\/\/osaka.ma\/wp-content\/uploads\/2025\/02\/Logitech-MX-Master-3S-1.png","width":1054,"height":777},{"@type":"BreadcrumbList","@id":"https:\/\/osaka.ma\/product\/logitech-mx-master-3s-graphite\/#breadcrumb","itemListElement":[{"@type":"ListItem","position":1,"name":"Home","item":"https:\/\/osaka.ma\/"},{"@type":"ListItem","position":2,"name":"Shop","item":"https:\/\/osaka.ma\/shop-2\/"},{"@type":"ListItem","position":3,"name":"Logitech MX Master 3S &#8211; Graphite"}]},{"@type":"WebSite","@id":"https:\/\/osaka.ma\/#website","url":"https:\/\/osaka.ma\/","name":"Osaka","description":"","publisher":{"@id":"https:\/\/osaka.ma\/#organization"},"potentialAction":[{"@type":"SearchAction","target":{"@type":"EntryPoint","urlTemplate":"https:\/\/osaka.ma\/?s={search_term_string}"},"query-input":{"@type":"PropertyValueSpecification","valueRequired":true,"valueName":"search_term_string"}}],"inLanguage":"de-DE"},{"@type":"Organization","@id":"https:\/\/osaka.ma\/#organization","name":"Osaka","url":"https:\/\/osaka.ma\/","logo":{"@type":"ImageObject","inLanguage":"de-DE","@id":"https:\/\/osaka.ma\/#\/schema\/logo\/image\/","url":"https:\/\/osaka.ma\/wp-content\/uploads\/2026\/01\/model-slogan-logo-2Plan-de-travail-1dksl-plus-finnn.png","contentUrl":"https:\/\/osaka.ma\/wp-content\/uploads\/2026\/01\/model-slogan-logo-2Plan-de-travail-1dksl-plus-finnn.png","width":842,"height":226,"caption":"Osaka"},"image":{"@id":"https:\/\/osaka.ma\/#\/schema\/logo\/image\/"}}]}},"jetpack_sharing_enabled":true,"brands":[],"_links":{"self":[{"href":"https:\/\/osaka.ma\/de\/wp-json\/wp\/v2\/product\/13455","targetHints":{"allow":["GET"]}}],"collection":[{"href":"https:\/\/osaka.ma\/de\/wp-json\/wp\/v2\/product"}],"about":[{"href":"https:\/\/osaka.ma\/de\/wp-json\/wp\/v2\/types\/product"}],"version-history":[{"count":0,"href":"https:\/\/osaka.ma\/de\/wp-json\/wp\/v2\/product\/13455\/revisions"}],"wp:featuredmedia":[{"embeddable":true,"href":"https:\/\/osaka.ma\/de\/wp-json\/wp\/v2\/media\/1013456"}],"wp:attachment":[{"href":"https:\/\/osaka.ma\/de\/wp-json\/wp\/v2\/media?parent=13455"}],"wp:term":[{"taxonomy":"pwb-brand","embeddable":true,"href":"https:\/\/osaka.ma\/de\/wp-json\/wp\/v2\/pwb-brand?post=13455"},{"taxonomy":"product_brand","embeddable":true,"href":"https:\/\/osaka.ma\/de\/wp-json\/wp\/v2\/product_brand?post=13455"},{"taxonomy":"product_cat","embeddable":true,"href":"https:\/\/osaka.ma\/de\/wp-json\/wp\/v2\/product_cat?post=13455"},{"taxonomy":"product_tag","embeddable":true,"href":"https:\/\/osaka.ma\/de\/wp-json\/wp\/v2\/product_tag?post=13455"},{"taxonomy":"pcb_component_type","embeddable":true,"href":"https:\/\/osaka.ma\/de\/wp-json\/wp\/v2\/pcb_component_type?post=13455"}],"curies":[{"name":"wp","href":"https:\/\/api.w.org\/{rel}","templated":true}]}}