{"id":14589,"date":"2025-03-14T11:28:35","date_gmt":"2025-03-14T11:28:35","guid":{"rendered":"https:\/\/osaka.ma\/?post_type=product&#038;p=14589"},"modified":"2025-07-28T00:04:31","modified_gmt":"2025-07-27T23:04:31","slug":"msi-pulse-17-b13vfk-i9-13900h-rtx-4060-8gb-32gb-ram-1tb-ssd-qhd-240hz","status":"publish","type":"product","link":"https:\/\/osaka.ma\/de\/product\/msi-pulse-17-b13vfk-i9-13900h-rtx-4060-8gb-32gb-ram-1tb-ssd-qhd-240hz\/","title":{"rendered":"MSI PULSE 17 B13VFK \u2013 i9-13900H | RTX 4060 8GB | 32GB RAM | 1TB SSD | QHD 240Hz"},"content":{"rendered":"<div class=\"logo\"><a href=\"https:\/\/www.ldlc.com\/en\/msi\/bint000000992\/\" rel=\"nofollow noopener\" target=\"_blank\"><img decoding=\"async\" src=\"https:\/\/media.ldlc.com\/v3\/marque\/bo\/00\/05\/99\/39\/V30005993997.gif\" alt=\"MSI\" \/><\/a><\/div>\n<div id=\"description\" class=\"description\">\n<div class=\"details-pdt-desc\">\n<h2 class=\"h2-master\">MSI PULSE 17: Performance and gaming comfort<\/h2>\n<section>The\u00a0<strong>MSI Pulse 17 B13<\/strong>\u00a0laptop gives you every chance of reaching the top! This gaming laptop boasts an IPS screen with 144 Hz frequency and FHD resolution, and offers high performance thanks to its gaming components. This model features an\u00a0<strong>Intel Core i9-13900H<\/strong>\u00a0processor, 32GB of DDR5 memory, an\u00a0<strong>NVIDIA GeForce RTX 4060\u00a0<\/strong>graphics chip and a\u00a0<strong>1TB PCIe M.2 SSD<\/strong>.<\/section>\n<section>\n<div class=\"desc-image\"><img fetchpriority=\"high\" decoding=\"async\" class=\"alignnone\" src=\"https:\/\/media.ldlc.com\/bo\/images\/fiches\/pc_portables\/msi\/pulse_15\/801.jpg\" alt=\"MSI PULSE 17 B13VFK \u2013 i9-13900H | RTX 4060 8GB | 32GB RAM | 1TB SSD | QHD 240Hz\" width=\"800\" height=\"500\" \/><\/div>\n<div class=\"desc-text\">\n<h2>13th-generation Intel Core i9 processor<\/h2>\n<p>Thanks to 13th-generation Intel Core processors, the MSI Pulse 17 laptop delivers supercharged performance, whether you&#8217;re multitasking or playing the latest video games. Thanks to a high-performance hybrid architecture, the 13th-generation Intel Core processors offer a unique combination of high-performance and efficient cores (P-core and E-core). With the workload intelligently routed, the processor divides and conquers!<\/p>\n<\/div>\n<\/section>\n<section>\n<div class=\"desc-text\">\n<h2>MSI PULSE 17: NVIDIA GeForce RTX 4060<\/h2>\n<p>NVIDIA GeForce RTX 40 series graphics chips deliver extreme speed to gamers and creators. Based on the highly efficient NVIDIA Ada Lovelace architecture, these GPUs deliver a breakthrough in performance with AI-based DLSS 3 and ray tracing for ultra-realistic images. What&#8217;s more, the Max-Q suite of technologies optimises system performance, power, battery life and noise for greater efficiency.<\/p>\n<\/div>\n<div class=\"desc-image\"><img decoding=\"async\" class=\"alignnone\" src=\"https:\/\/media.ldlc.com\/bo\/images\/fiches\/pc_portables\/msi\/pulse_15\/802.jpg\" alt=\"MSI PULSE 17 B13VFK \u2013 i9-13900H | RTX 4060 8GB | 32GB RAM | 1TB SSD | QHD 240Hz\" width=\"800\" height=\"500\" \/><\/div>\n<\/section>\n<section>\n<div class=\"desc-image\"><img decoding=\"async\" class=\"alignnone\" src=\"https:\/\/media.ldlc.com\/bo\/images\/fiches\/pc_portables\/msi\/pulse_15\/803.jpg\" alt=\"MSI PULSE 17 B13VFK \u2013 i9-13900H | RTX 4060 8GB | 32GB RAM | 1TB SSD | QHD 240Hz\" width=\"800\" height=\"500\" \/><\/div>\n<div class=\"desc-text\">\n<h2>Cooler Boost 5 efficient cooling<\/h2>\n<p>On this Gaming Laptop, MSI offers its proprietary Cooler Boost 5 cooling technology, which works with two fans and five heatpipes designed to expel hot air from the chassis via three different flows.\u00a0<strong>Cooler Boost 5<\/strong>\u00a0technology has been specially designed for laptops with high-performance graphics chips.<\/p>\n<\/div>\n<\/section>\n<section>\n<div class=\"desc-text\">\n<h2>Backlit Gamer keyboard<\/h2>\n<p>Thanks to the MSI Center&#8217;s Mystic Light technology, you can customise the keyboard&#8217;s RGB LED backlighting to express your true gamer identity (only one active colour at a time).<\/p>\n<\/div>\n<div class=\"desc-image\"><img loading=\"lazy\" decoding=\"async\" class=\"alignnone\" src=\"https:\/\/media.ldlc.com\/bo\/images\/fiches\/pc_portables\/msi\/pulse_17\/804.jpg\" alt=\"MSI PULSE 17 B13VFK \u2013 i9-13900H | RTX 4060 8GB | 32GB RAM | 1TB SSD | QHD 240Hz\" width=\"800\" height=\"500\" \/><\/div>\n<\/section>\n<section class=\"list\">\n<h2>Key features of the MSI PULSE 17:<\/h2>\n<p><strong data-start=\"250\" data-end=\"264\">Processeur<\/strong> : Intel Core i9-13900H \u2013 Puissance ultime pour gaming et multit\u00e2che<br data-start=\"332\" data-end=\"335\" \/><strong data-start=\"337\" data-end=\"352\">M\u00e9moire RAM<\/strong> : 32GB (16&#215;2) DDR5 5200 MHz \u2013 Vitesse et fluidit\u00e9 exceptionnelles<br data-start=\"418\" data-end=\"421\" \/><strong data-start=\"423\" data-end=\"435\">Stockage<\/strong> : 1TB NVMe SSD \u2013 Temps de chargement ultra-rapides<br data-start=\"486\" data-end=\"489\" \/><strong data-start=\"491\" data-end=\"510\">Carte graphique<\/strong> : NVIDIA RTX 4060 8GB GDDR6 \u2013 Performances optimales pour les jeux r\u00e9cents et le rendu 3D<br data-start=\"600\" data-end=\"603\" \/><strong data-start=\"605\" data-end=\"614\">\u00c9cran<\/strong> : 17 pouces QHD 240Hz \u2013 Fr\u00e9quence ultra-fluide pour une immersion totale<br data-start=\"687\" data-end=\"690\" \/><strong data-start=\"692\" data-end=\"703\">Clavier<\/strong> : AZERTY r\u00e9tro\u00e9clair\u00e9 (4 zones RGB) \u2013 Design gaming personnalisable<br data-start=\"771\" data-end=\"774\" \/><strong data-start=\"776\" data-end=\"788\">Batterie<\/strong> : 95% \u2013 Bonne autonomie<br data-start=\"812\" data-end=\"815\" \/><strong data-start=\"817\" data-end=\"840\">Dur\u00e9e d\u2019utilisation<\/strong> : 7 jours \u2013 <strong data-start=\"853\" data-end=\"868\">Peu utilis\u00e9<\/strong><br data-start=\"868\" data-end=\"871\" \/><strong data-start=\"873\" data-end=\"899\">Syst\u00e8me d\u2019exploitation<\/strong> : Windows 11 Home \u2013 Derni\u00e8re version avec toutes les fonctionnalit\u00e9s<br data-start=\"968\" data-end=\"971\" \/><strong data-start=\"973\" data-end=\"992\">\u00c9tat du ch\u00e2ssis<\/strong> : Bon (l\u00e9g\u00e8re marque au poignet)<br data-start=\"1025\" data-end=\"1028\" \/><strong data-start=\"1030\" data-end=\"1043\">Emballage<\/strong> : Avec<\/p>\n<\/section>\n<\/div>\n<\/div>\n","protected":false},"excerpt":{"rendered":"<section>The\u00a0<strong>MSI Pulse 17 B13<\/strong>\u00a0laptop gives you every chance of reaching the top! This gaming laptop boasts an IPS screen with 144 Hz frequency and FHD resolution, and offers high performance thanks to its gaming components. This model features an\u00a0<strong>Intel Core i9-19700H<\/strong>\u00a0processor, 32GB of DDR5 memory, an\u00a0<strong>NVIDIA GeForce RTX 4060\u00a0<\/strong>graphics chip and a\u00a0<strong>1TB PCIe M.2 SSD<\/strong>.<\/section>\n<section>\n<div class=\"desc-image\">\n<h2>Key features :<\/h2>\n<p><strong data-start=\"250\" data-end=\"264\">Processeur<\/strong> : Intel Core i9-13900H \u2013 Puissance ultime pour gaming et multit\u00e2che<br data-start=\"332\" data-end=\"335\" \/><strong data-start=\"337\" data-end=\"352\">M\u00e9moire RAM<\/strong> : 32GB (16&#215;2) DDR5 5200 MHz \u2013 Vitesse et fluidit\u00e9 exceptionnelles<br data-start=\"418\" data-end=\"421\" \/><strong data-start=\"423\" data-end=\"435\">Stockage<\/strong> : 1TB NVMe SSD \u2013 Temps de chargement ultra-rapides<br data-start=\"486\" data-end=\"489\" \/><strong data-start=\"491\" data-end=\"510\">Carte graphique<\/strong> : NVIDIA RTX 4060 8GB GDDR6 \u2013 Performances optimales pour les jeux r\u00e9cents et le rendu 3D<br data-start=\"600\" data-end=\"603\" \/><strong data-start=\"605\" data-end=\"614\">\u00c9cran<\/strong> : 17 pouces QHD 240Hz \u2013 Fr\u00e9quence ultra-fluide pour une immersion totale<br data-start=\"687\" data-end=\"690\" \/><strong data-start=\"692\" data-end=\"703\">Clavier<\/strong> : AZERTY r\u00e9tro\u00e9clair\u00e9 (4 zones RGB) \u2013 Design gaming personnalisable<br data-start=\"771\" data-end=\"774\" \/><strong data-start=\"776\" data-end=\"788\">Batterie<\/strong> : 95% \u2013 Bonne autonomie<br data-start=\"812\" data-end=\"815\" \/><strong data-start=\"817\" data-end=\"840\">Dur\u00e9e d\u2019utilisation<\/strong> : 7 jours \u2013 <strong data-start=\"853\" data-end=\"868\">Peu utilis\u00e9<\/strong><br data-start=\"868\" data-end=\"871\" \/><strong data-start=\"873\" data-end=\"899\">Syst\u00e8me d\u2019exploitation<\/strong> : Windows 11 Home \u2013 Derni\u00e8re version avec toutes les fonctionnalit\u00e9s<br data-start=\"968\" data-end=\"971\" \/><strong data-start=\"973\" data-end=\"992\">\u00c9tat du ch\u00e2ssis<\/strong> : Bon (l\u00e9g\u00e8re marque au poignet)<br data-start=\"1025\" data-end=\"1028\" \/><strong data-start=\"1030\" data-end=\"1043\">Emballage<\/strong> : Avec<\/p>\n<\/div>\n<\/section>\n","protected":false},"featured_media":1014592,"template":"","meta":{"_acf_changed":false},"pwb-brand":[],"product_brand":[96],"product_cat":[122,121,126],"product_tag":[],"pcb_component_type":[],"class_list":{"0":"post-14589","1":"product","2":"type-product","3":"status-publish","4":"has-post-thumbnail","6":"product_brand-msi","7":"product_cat-gaming","8":"product_cat-pc-portable","9":"product_cat-professional","11":"first","12":"outofstock","13":"shipping-taxable","14":"product-type-simple"},"translation":{"provider":"WPGlobus","version":"3.0.2","language":"de","enabled_languages":["en","es","de","fr","ru"],"languages":{"en":{"title":true,"content":true,"excerpt":true},"es":{"title":false,"content":false,"excerpt":false},"de":{"title":false,"content":false,"excerpt":false},"fr":{"title":false,"content":false,"excerpt":false},"ru":{"title":false,"content":false,"excerpt":false}}},"acf":[],"yoast_head":"<!-- This site is optimized with the Yoast SEO plugin v27.2 - https:\/\/yoast.com\/product\/yoast-seo-wordpress\/ -->\n<title>MSI PULSE 17 B13VFK \u2013 i9-13900H | RTX 4060 8GB | 32GB RAM | 1TB SSD | QHD 240Hz - Osaka<\/title>\n<meta name=\"robots\" content=\"index, follow, max-snippet:-1, max-image-preview:large, max-video-preview:-1\" \/>\n<link rel=\"canonical\" href=\"https:\/\/osaka.ma\/product\/msi-pulse-17-b13vfk-i9-13900h-rtx-4060-8gb-32gb-ram-1tb-ssd-qhd-240hz\/\" \/>\n<meta property=\"og:locale\" content=\"de_DE\" \/>\n<meta property=\"og:type\" content=\"article\" \/>\n<meta property=\"og:title\" content=\"MSI PULSE 17 B13VFK \u2013 i9-13900H | RTX 4060 8GB | 32GB RAM | 1TB SSD | QHD 240Hz - Osaka\" \/>\n<meta property=\"og:url\" content=\"https:\/\/osaka.ma\/product\/msi-pulse-17-b13vfk-i9-13900h-rtx-4060-8gb-32gb-ram-1tb-ssd-qhd-240hz\/\" \/>\n<meta property=\"og:site_name\" content=\"Osaka\" \/>\n<meta property=\"article:modified_time\" content=\"2025-07-27T23:04:31+00:00\" \/>\n<meta property=\"og:image\" content=\"https:\/\/osaka.ma\/wp-content\/uploads\/2025\/03\/MSI-PULSE-17-B13VFK-3.jpg\" \/>\n\t<meta property=\"og:image:width\" content=\"1600\" \/>\n\t<meta property=\"og:image:height\" content=\"1600\" \/>\n\t<meta property=\"og:image:type\" content=\"image\/jpeg\" \/>\n<meta name=\"twitter:card\" content=\"summary_large_image\" \/>\n<meta name=\"twitter:label1\" content=\"Est. reading time\" \/>\n\t<meta name=\"twitter:data1\" content=\"5 minutes\" \/>\n<script type=\"application\/ld+json\" class=\"yoast-schema-graph\">{\"@context\":\"https:\/\/schema.org\",\"@graph\":[{\"@type\":\"WebPage\",\"@id\":\"https:\/\/osaka.ma\/product\/msi-pulse-17-b13vfk-i9-13900h-rtx-4060-8gb-32gb-ram-1tb-ssd-qhd-240hz\/\",\"url\":\"https:\/\/osaka.ma\/product\/msi-pulse-17-b13vfk-i9-13900h-rtx-4060-8gb-32gb-ram-1tb-ssd-qhd-240hz\/\",\"name\":\"MSI PULSE 17 B13VFK \u2013 i9-13900H | RTX 4060 8GB | 32GB RAM | 1TB SSD | QHD 240Hz - Osaka\",\"isPartOf\":{\"@id\":\"https:\/\/osaka.ma\/#website\"},\"primaryImageOfPage\":{\"@id\":\"https:\/\/osaka.ma\/product\/msi-pulse-17-b13vfk-i9-13900h-rtx-4060-8gb-32gb-ram-1tb-ssd-qhd-240hz\/#primaryimage\"},\"image\":{\"@id\":\"https:\/\/osaka.ma\/product\/msi-pulse-17-b13vfk-i9-13900h-rtx-4060-8gb-32gb-ram-1tb-ssd-qhd-240hz\/#primaryimage\"},\"thumbnailUrl\":\"https:\/\/osaka.ma\/wp-content\/uploads\/2025\/03\/MSI-PULSE-17-B13VFK-3.jpg\",\"datePublished\":\"2025-03-14T11:28:35+00:00\",\"dateModified\":\"2025-07-27T23:04:31+00:00\",\"breadcrumb\":{\"@id\":\"https:\/\/osaka.ma\/product\/msi-pulse-17-b13vfk-i9-13900h-rtx-4060-8gb-32gb-ram-1tb-ssd-qhd-240hz\/#breadcrumb\"},\"inLanguage\":\"de-DE\",\"potentialAction\":[{\"@type\":\"ReadAction\",\"target\":[\"https:\/\/osaka.ma\/product\/msi-pulse-17-b13vfk-i9-13900h-rtx-4060-8gb-32gb-ram-1tb-ssd-qhd-240hz\/\"]}]},{\"@type\":\"ImageObject\",\"inLanguage\":\"de-DE\",\"@id\":\"https:\/\/osaka.ma\/product\/msi-pulse-17-b13vfk-i9-13900h-rtx-4060-8gb-32gb-ram-1tb-ssd-qhd-240hz\/#primaryimage\",\"url\":\"https:\/\/osaka.ma\/wp-content\/uploads\/2025\/03\/MSI-PULSE-17-B13VFK-3.jpg\",\"contentUrl\":\"https:\/\/osaka.ma\/wp-content\/uploads\/2025\/03\/MSI-PULSE-17-B13VFK-3.jpg\",\"width\":1600,\"height\":1600,\"caption\":\"MSI PULSE 17 B13VFK \u2013 i9-13900H | RTX 4060 8GB | 32GB RAM | 1TB SSD | QHD 240Hz\"},{\"@type\":\"BreadcrumbList\",\"@id\":\"https:\/\/osaka.ma\/product\/msi-pulse-17-b13vfk-i9-13900h-rtx-4060-8gb-32gb-ram-1tb-ssd-qhd-240hz\/#breadcrumb\",\"itemListElement\":[{\"@type\":\"ListItem\",\"position\":1,\"name\":\"Home\",\"item\":\"https:\/\/osaka.ma\/\"},{\"@type\":\"ListItem\",\"position\":2,\"name\":\"Shop\",\"item\":\"https:\/\/osaka.ma\/shop-2\/\"},{\"@type\":\"ListItem\",\"position\":3,\"name\":\"MSI PULSE 17 B13VFK \u2013 i9-13900H | RTX 4060 8GB | 32GB RAM | 1TB SSD | QHD 240Hz\"}]},{\"@type\":\"WebSite\",\"@id\":\"https:\/\/osaka.ma\/#website\",\"url\":\"https:\/\/osaka.ma\/\",\"name\":\"Osaka\",\"description\":\"\",\"publisher\":{\"@id\":\"https:\/\/osaka.ma\/#organization\"},\"potentialAction\":[{\"@type\":\"SearchAction\",\"target\":{\"@type\":\"EntryPoint\",\"urlTemplate\":\"https:\/\/osaka.ma\/?s={search_term_string}\"},\"query-input\":{\"@type\":\"PropertyValueSpecification\",\"valueRequired\":true,\"valueName\":\"search_term_string\"}}],\"inLanguage\":\"de-DE\"},{\"@type\":\"Organization\",\"@id\":\"https:\/\/osaka.ma\/#organization\",\"name\":\"Osaka\",\"url\":\"https:\/\/osaka.ma\/\",\"logo\":{\"@type\":\"ImageObject\",\"inLanguage\":\"de-DE\",\"@id\":\"https:\/\/osaka.ma\/#\/schema\/logo\/image\/\",\"url\":\"https:\/\/osaka.ma\/wp-content\/uploads\/2026\/01\/model-slogan-logo-2Plan-de-travail-1dksl-plus-finnn.png\",\"contentUrl\":\"https:\/\/osaka.ma\/wp-content\/uploads\/2026\/01\/model-slogan-logo-2Plan-de-travail-1dksl-plus-finnn.png\",\"width\":842,\"height\":226,\"caption\":\"Osaka\"},\"image\":{\"@id\":\"https:\/\/osaka.ma\/#\/schema\/logo\/image\/\"}}]}<\/script>\n<!-- \/ Yoast SEO plugin. -->","yoast_head_json":{"title":"MSI PULSE 17 B13VFK \u2013 i9-13900H | RTX 4060 8GB | 32GB RAM | 1TB SSD | QHD 240Hz - Osaka","robots":{"index":"index","follow":"follow","max-snippet":"max-snippet:-1","max-image-preview":"max-image-preview:large","max-video-preview":"max-video-preview:-1"},"canonical":"https:\/\/osaka.ma\/product\/msi-pulse-17-b13vfk-i9-13900h-rtx-4060-8gb-32gb-ram-1tb-ssd-qhd-240hz\/","og_locale":"de_DE","og_type":"article","og_title":"MSI PULSE 17 B13VFK \u2013 i9-13900H | RTX 4060 8GB | 32GB RAM | 1TB SSD | QHD 240Hz - Osaka","og_url":"https:\/\/osaka.ma\/product\/msi-pulse-17-b13vfk-i9-13900h-rtx-4060-8gb-32gb-ram-1tb-ssd-qhd-240hz\/","og_site_name":"Osaka","article_modified_time":"2025-07-27T23:04:31+00:00","og_image":[{"width":1600,"height":1600,"url":"https:\/\/osaka.ma\/wp-content\/uploads\/2025\/03\/MSI-PULSE-17-B13VFK-3.jpg","type":"image\/jpeg"}],"twitter_card":"summary_large_image","twitter_misc":{"Est. reading time":"5 minutes"},"schema":{"@context":"https:\/\/schema.org","@graph":[{"@type":"WebPage","@id":"https:\/\/osaka.ma\/product\/msi-pulse-17-b13vfk-i9-13900h-rtx-4060-8gb-32gb-ram-1tb-ssd-qhd-240hz\/","url":"https:\/\/osaka.ma\/product\/msi-pulse-17-b13vfk-i9-13900h-rtx-4060-8gb-32gb-ram-1tb-ssd-qhd-240hz\/","name":"MSI PULSE 17 B13VFK \u2013 i9-13900H | RTX 4060 8GB | 32GB RAM | 1TB SSD | QHD 240Hz - Osaka","isPartOf":{"@id":"https:\/\/osaka.ma\/#website"},"primaryImageOfPage":{"@id":"https:\/\/osaka.ma\/product\/msi-pulse-17-b13vfk-i9-13900h-rtx-4060-8gb-32gb-ram-1tb-ssd-qhd-240hz\/#primaryimage"},"image":{"@id":"https:\/\/osaka.ma\/product\/msi-pulse-17-b13vfk-i9-13900h-rtx-4060-8gb-32gb-ram-1tb-ssd-qhd-240hz\/#primaryimage"},"thumbnailUrl":"https:\/\/osaka.ma\/wp-content\/uploads\/2025\/03\/MSI-PULSE-17-B13VFK-3.jpg","datePublished":"2025-03-14T11:28:35+00:00","dateModified":"2025-07-27T23:04:31+00:00","breadcrumb":{"@id":"https:\/\/osaka.ma\/product\/msi-pulse-17-b13vfk-i9-13900h-rtx-4060-8gb-32gb-ram-1tb-ssd-qhd-240hz\/#breadcrumb"},"inLanguage":"de-DE","potentialAction":[{"@type":"ReadAction","target":["https:\/\/osaka.ma\/product\/msi-pulse-17-b13vfk-i9-13900h-rtx-4060-8gb-32gb-ram-1tb-ssd-qhd-240hz\/"]}]},{"@type":"ImageObject","inLanguage":"de-DE","@id":"https:\/\/osaka.ma\/product\/msi-pulse-17-b13vfk-i9-13900h-rtx-4060-8gb-32gb-ram-1tb-ssd-qhd-240hz\/#primaryimage","url":"https:\/\/osaka.ma\/wp-content\/uploads\/2025\/03\/MSI-PULSE-17-B13VFK-3.jpg","contentUrl":"https:\/\/osaka.ma\/wp-content\/uploads\/2025\/03\/MSI-PULSE-17-B13VFK-3.jpg","width":1600,"height":1600,"caption":"MSI PULSE 17 B13VFK \u2013 i9-13900H | RTX 4060 8GB | 32GB RAM | 1TB SSD | QHD 240Hz"},{"@type":"BreadcrumbList","@id":"https:\/\/osaka.ma\/product\/msi-pulse-17-b13vfk-i9-13900h-rtx-4060-8gb-32gb-ram-1tb-ssd-qhd-240hz\/#breadcrumb","itemListElement":[{"@type":"ListItem","position":1,"name":"Home","item":"https:\/\/osaka.ma\/"},{"@type":"ListItem","position":2,"name":"Shop","item":"https:\/\/osaka.ma\/shop-2\/"},{"@type":"ListItem","position":3,"name":"MSI PULSE 17 B13VFK \u2013 i9-13900H | RTX 4060 8GB | 32GB RAM | 1TB SSD | QHD 240Hz"}]},{"@type":"WebSite","@id":"https:\/\/osaka.ma\/#website","url":"https:\/\/osaka.ma\/","name":"Osaka","description":"","publisher":{"@id":"https:\/\/osaka.ma\/#organization"},"potentialAction":[{"@type":"SearchAction","target":{"@type":"EntryPoint","urlTemplate":"https:\/\/osaka.ma\/?s={search_term_string}"},"query-input":{"@type":"PropertyValueSpecification","valueRequired":true,"valueName":"search_term_string"}}],"inLanguage":"de-DE"},{"@type":"Organization","@id":"https:\/\/osaka.ma\/#organization","name":"Osaka","url":"https:\/\/osaka.ma\/","logo":{"@type":"ImageObject","inLanguage":"de-DE","@id":"https:\/\/osaka.ma\/#\/schema\/logo\/image\/","url":"https:\/\/osaka.ma\/wp-content\/uploads\/2026\/01\/model-slogan-logo-2Plan-de-travail-1dksl-plus-finnn.png","contentUrl":"https:\/\/osaka.ma\/wp-content\/uploads\/2026\/01\/model-slogan-logo-2Plan-de-travail-1dksl-plus-finnn.png","width":842,"height":226,"caption":"Osaka"},"image":{"@id":"https:\/\/osaka.ma\/#\/schema\/logo\/image\/"}}]}},"jetpack_sharing_enabled":true,"brands":[],"_links":{"self":[{"href":"https:\/\/osaka.ma\/de\/wp-json\/wp\/v2\/product\/14589","targetHints":{"allow":["GET"]}}],"collection":[{"href":"https:\/\/osaka.ma\/de\/wp-json\/wp\/v2\/product"}],"about":[{"href":"https:\/\/osaka.ma\/de\/wp-json\/wp\/v2\/types\/product"}],"version-history":[{"count":0,"href":"https:\/\/osaka.ma\/de\/wp-json\/wp\/v2\/product\/14589\/revisions"}],"wp:featuredmedia":[{"embeddable":true,"href":"https:\/\/osaka.ma\/de\/wp-json\/wp\/v2\/media\/1014592"}],"wp:attachment":[{"href":"https:\/\/osaka.ma\/de\/wp-json\/wp\/v2\/media?parent=14589"}],"wp:term":[{"taxonomy":"pwb-brand","embeddable":true,"href":"https:\/\/osaka.ma\/de\/wp-json\/wp\/v2\/pwb-brand?post=14589"},{"taxonomy":"product_brand","embeddable":true,"href":"https:\/\/osaka.ma\/de\/wp-json\/wp\/v2\/product_brand?post=14589"},{"taxonomy":"product_cat","embeddable":true,"href":"https:\/\/osaka.ma\/de\/wp-json\/wp\/v2\/product_cat?post=14589"},{"taxonomy":"product_tag","embeddable":true,"href":"https:\/\/osaka.ma\/de\/wp-json\/wp\/v2\/product_tag?post=14589"},{"taxonomy":"pcb_component_type","embeddable":true,"href":"https:\/\/osaka.ma\/de\/wp-json\/wp\/v2\/pcb_component_type?post=14589"}],"curies":[{"name":"wp","href":"https:\/\/api.w.org\/{rel}","templated":true}]}}