{"id":14657,"date":"2025-03-18T15:09:10","date_gmt":"2025-03-18T15:09:10","guid":{"rendered":"https:\/\/osaka.ma\/?post_type=product&#038;p=14657"},"modified":"2026-03-13T14:46:15","modified_gmt":"2026-03-13T13:46:15","slug":"adata-16gb-ddr4-2666mhz-so-dimm","status":"publish","type":"product","link":"https:\/\/osaka.ma\/de\/product\/adata-16gb-ddr4-2666mhz-so-dimm\/","title":{"rendered":"ADATA  16GB  DDR4-2666MHZ  SO-DIMM"},"content":{"rendered":"<div class=\"description_product-info-frame___Y7Eo\">\n<div class=\"container-full description_product-info__Ob6YZ\">\n<div class=\"description_product-info-desc__Lh5yN\">\n<div>\n<p>La DDR4 offre de nombreux avantages par rapport aux g\u00e9n\u00e9rations pr\u00e9c\u00e9dentes de DRAM, et ADATA offre la meilleure qualit\u00e9 et les performances les plus rapides. Elle offre des transferts de donn\u00e9es plus rapides que la DDR3, ainsi qu&#8217;une consommation \u00e9nerg\u00e9tique plus faible, ce qui r\u00e9duit la chaleur et prolonge l&#8217;autonomie de la batterie. Notre DDR4 est \u00e9galement optimis\u00e9e pour exploiter toute la puissance des derniers processeurs Intel.<\/p>\n<\/div>\n<\/div>\n<\/div>\n<\/div>\n<div class=\"description_type_00_desc-area__ltznY\">\n<div class=\"description_type_00_desc-image__GjQVA\"><strong>Extra rapide et ultra efficace<\/strong><\/div>\n<div class=\"description_type_00_desc-text__nNiiA\">\n<p><img fetchpriority=\"high\" decoding=\"async\" class=\"aligncenter\" src=\"https:\/\/webapi3.adata.com\/storage\/product\/ddr4_2666_pd_s_s_dimm_16gb.png\" alt=\"Module de m\u00e9moire SO-DIMM DDR4 2666 de premier choix\" width=\"578\" height=\"578\" \/><\/p>\n<div class=\"description_type_00_desc-content__ZaCgQ\">Les modules DDR4 ADATA pour ordinateurs portables offrent des avantages de nouvelle g\u00e9n\u00e9ration gr\u00e2ce \u00e0 des produits hautement fiables et \u00e9conomiques. La DDR4 offre des performances sup\u00e9rieures gr\u00e2ce \u00e0 des fr\u00e9quences plus \u00e9lev\u00e9es que la DDR3, atteignant 2666 MHz. Elle fonctionne \u00e0 une faible consommation de 1,2 V, soit 20 % de moins que la DDR3 en termes de consommation \u00e9nerg\u00e9tique.<\/div>\n<\/div>\n<\/div>\n<div class=\"description_type_00_desc-area__ltznY description_type_00_even__VEFG_\">\n<div class=\"description_type_00_desc-text__nNiiA\">\n<h3 class=\"description_type_00_desc-title__n_cBv\">R\u00e9pond aux normes exigeantes des plateformes de nouvelle g\u00e9n\u00e9ration<\/h3>\n<div class=\"description_type_00_desc-content__ZaCgQ\">\u25cf Conforme aux normes JEDEC<br \/>\n\u25cf Conforme RoHS<br \/>\n\u25cf Prend en charge les plateformes Intel Skylake et Coffee Lake, \u00e9volutive pour les plateformes Kaby Lake et Cannon Lake<\/div>\n<\/div>\n<div class=\"description_type_00_desc-image__GjQVA\"><img decoding=\"async\" class=\"aligncenter\" src=\"https:\/\/webapi3.adata.com\/storage\/product\/484_pi_feature_image_3.jpg\" alt=\"R\u00e9pond aux normes exigeantes des plateformes de nouvelle g\u00e9n\u00e9ration\" \/><\/div>\n<\/div>\n","protected":false},"excerpt":{"rendered":"<p>Les modules DDR4 ADATA pour ordinateurs portables offrent des avantages de nouvelle g\u00e9n\u00e9ration gr\u00e2ce \u00e0 des produits hautement fiables et \u00e9conomiques. La DDR4 offre des performances sup\u00e9rieures gr\u00e2ce \u00e0 des fr\u00e9quences plus \u00e9lev\u00e9es que la DDR3, atteignant 2666 MHz. Elle fonctionne \u00e0 une faible consommation de 1,2 V, soit 20 % de moins que la DDR3 en termes de consommation \u00e9nerg\u00e9tique.<\/p>\n","protected":false},"featured_media":1014658,"template":"","meta":{"_acf_changed":false},"pwb-brand":[],"product_brand":[183],"product_cat":[17,18,79],"product_tag":[],"pcb_component_type":[],"class_list":{"0":"post-14657","1":"product","2":"type-product","3":"status-publish","4":"has-post-thumbnail","6":"product_brand-adata","7":"product_cat-composants-gaming","8":"product_cat-ram","9":"product_cat-ram-pour-pc-portable","11":"first","12":"outofstock","13":"shipping-taxable","14":"product-type-simple"},"translation":{"provider":"WPGlobus","version":"3.0.2","language":"de","enabled_languages":["en","es","de","fr","ru"],"languages":{"en":{"title":true,"content":true,"excerpt":true},"es":{"title":false,"content":false,"excerpt":false},"de":{"title":false,"content":false,"excerpt":false},"fr":{"title":false,"content":false,"excerpt":false},"ru":{"title":false,"content":false,"excerpt":false}}},"acf":[],"yoast_head":"<!-- This site is optimized with the Yoast SEO plugin v27.2 - https:\/\/yoast.com\/product\/yoast-seo-wordpress\/ -->\n<title>ADATA 16GB DDR4-2666MHZ SO-DIMM - Osaka<\/title>\n<meta name=\"robots\" content=\"index, follow, max-snippet:-1, max-image-preview:large, max-video-preview:-1\" \/>\n<link rel=\"canonical\" href=\"https:\/\/osaka.ma\/product\/adata-16gb-ddr4-2666mhz-so-dimm\/\" \/>\n<meta property=\"og:locale\" content=\"de_DE\" \/>\n<meta property=\"og:type\" content=\"article\" \/>\n<meta property=\"og:title\" content=\"ADATA 16GB DDR4-2666MHZ SO-DIMM - Osaka\" \/>\n<meta property=\"og:url\" content=\"https:\/\/osaka.ma\/product\/adata-16gb-ddr4-2666mhz-so-dimm\/\" \/>\n<meta property=\"og:site_name\" content=\"Osaka\" \/>\n<meta property=\"article:modified_time\" content=\"2026-03-13T13:46:15+00:00\" \/>\n<meta property=\"og:image\" content=\"https:\/\/osaka.ma\/wp-content\/uploads\/2025\/03\/KHALID-2025-03-18T150115.628.png\" \/>\n\t<meta property=\"og:image:width\" content=\"1080\" \/>\n\t<meta property=\"og:image:height\" content=\"1080\" \/>\n\t<meta property=\"og:image:type\" content=\"image\/png\" \/>\n<meta name=\"twitter:card\" content=\"summary_large_image\" \/>\n<meta name=\"twitter:label1\" content=\"Est. reading time\" \/>\n\t<meta name=\"twitter:data1\" content=\"2 minutes\" \/>\n<script type=\"application\/ld+json\" class=\"yoast-schema-graph\">{\"@context\":\"https:\/\/schema.org\",\"@graph\":[{\"@type\":\"WebPage\",\"@id\":\"https:\/\/osaka.ma\/product\/adata-16gb-ddr4-2666mhz-so-dimm\/\",\"url\":\"https:\/\/osaka.ma\/product\/adata-16gb-ddr4-2666mhz-so-dimm\/\",\"name\":\"ADATA 16GB DDR4-2666MHZ SO-DIMM - Osaka\",\"isPartOf\":{\"@id\":\"https:\/\/osaka.ma\/#website\"},\"primaryImageOfPage\":{\"@id\":\"https:\/\/osaka.ma\/product\/adata-16gb-ddr4-2666mhz-so-dimm\/#primaryimage\"},\"image\":{\"@id\":\"https:\/\/osaka.ma\/product\/adata-16gb-ddr4-2666mhz-so-dimm\/#primaryimage\"},\"thumbnailUrl\":\"https:\/\/osaka.ma\/wp-content\/uploads\/2025\/03\/KHALID-2025-03-18T150115.628.png\",\"datePublished\":\"2025-03-18T15:09:10+00:00\",\"dateModified\":\"2026-03-13T13:46:15+00:00\",\"breadcrumb\":{\"@id\":\"https:\/\/osaka.ma\/product\/adata-16gb-ddr4-2666mhz-so-dimm\/#breadcrumb\"},\"inLanguage\":\"de-DE\",\"potentialAction\":[{\"@type\":\"ReadAction\",\"target\":[\"https:\/\/osaka.ma\/product\/adata-16gb-ddr4-2666mhz-so-dimm\/\"]}]},{\"@type\":\"ImageObject\",\"inLanguage\":\"de-DE\",\"@id\":\"https:\/\/osaka.ma\/product\/adata-16gb-ddr4-2666mhz-so-dimm\/#primaryimage\",\"url\":\"https:\/\/osaka.ma\/wp-content\/uploads\/2025\/03\/KHALID-2025-03-18T150115.628.png\",\"contentUrl\":\"https:\/\/osaka.ma\/wp-content\/uploads\/2025\/03\/KHALID-2025-03-18T150115.628.png\",\"width\":1080,\"height\":1080},{\"@type\":\"BreadcrumbList\",\"@id\":\"https:\/\/osaka.ma\/product\/adata-16gb-ddr4-2666mhz-so-dimm\/#breadcrumb\",\"itemListElement\":[{\"@type\":\"ListItem\",\"position\":1,\"name\":\"Home\",\"item\":\"https:\/\/osaka.ma\/\"},{\"@type\":\"ListItem\",\"position\":2,\"name\":\"Shop\",\"item\":\"https:\/\/osaka.ma\/shop-2\/\"},{\"@type\":\"ListItem\",\"position\":3,\"name\":\"ADATA 16GB DDR4-2666MHZ SO-DIMM\"}]},{\"@type\":\"WebSite\",\"@id\":\"https:\/\/osaka.ma\/#website\",\"url\":\"https:\/\/osaka.ma\/\",\"name\":\"Osaka\",\"description\":\"\",\"publisher\":{\"@id\":\"https:\/\/osaka.ma\/#organization\"},\"potentialAction\":[{\"@type\":\"SearchAction\",\"target\":{\"@type\":\"EntryPoint\",\"urlTemplate\":\"https:\/\/osaka.ma\/?s={search_term_string}\"},\"query-input\":{\"@type\":\"PropertyValueSpecification\",\"valueRequired\":true,\"valueName\":\"search_term_string\"}}],\"inLanguage\":\"de-DE\"},{\"@type\":\"Organization\",\"@id\":\"https:\/\/osaka.ma\/#organization\",\"name\":\"Osaka\",\"url\":\"https:\/\/osaka.ma\/\",\"logo\":{\"@type\":\"ImageObject\",\"inLanguage\":\"de-DE\",\"@id\":\"https:\/\/osaka.ma\/#\/schema\/logo\/image\/\",\"url\":\"https:\/\/osaka.ma\/wp-content\/uploads\/2026\/01\/model-slogan-logo-2Plan-de-travail-1dksl-plus-finnn.png\",\"contentUrl\":\"https:\/\/osaka.ma\/wp-content\/uploads\/2026\/01\/model-slogan-logo-2Plan-de-travail-1dksl-plus-finnn.png\",\"width\":842,\"height\":226,\"caption\":\"Osaka\"},\"image\":{\"@id\":\"https:\/\/osaka.ma\/#\/schema\/logo\/image\/\"}}]}<\/script>\n<!-- \/ Yoast SEO plugin. -->","yoast_head_json":{"title":"ADATA 16GB DDR4-2666MHZ SO-DIMM - Osaka","robots":{"index":"index","follow":"follow","max-snippet":"max-snippet:-1","max-image-preview":"max-image-preview:large","max-video-preview":"max-video-preview:-1"},"canonical":"https:\/\/osaka.ma\/product\/adata-16gb-ddr4-2666mhz-so-dimm\/","og_locale":"de_DE","og_type":"article","og_title":"ADATA 16GB DDR4-2666MHZ SO-DIMM - Osaka","og_url":"https:\/\/osaka.ma\/product\/adata-16gb-ddr4-2666mhz-so-dimm\/","og_site_name":"Osaka","article_modified_time":"2026-03-13T13:46:15+00:00","og_image":[{"width":1080,"height":1080,"url":"https:\/\/osaka.ma\/wp-content\/uploads\/2025\/03\/KHALID-2025-03-18T150115.628.png","type":"image\/png"}],"twitter_card":"summary_large_image","twitter_misc":{"Est. reading time":"2 minutes"},"schema":{"@context":"https:\/\/schema.org","@graph":[{"@type":"WebPage","@id":"https:\/\/osaka.ma\/product\/adata-16gb-ddr4-2666mhz-so-dimm\/","url":"https:\/\/osaka.ma\/product\/adata-16gb-ddr4-2666mhz-so-dimm\/","name":"ADATA 16GB DDR4-2666MHZ SO-DIMM - Osaka","isPartOf":{"@id":"https:\/\/osaka.ma\/#website"},"primaryImageOfPage":{"@id":"https:\/\/osaka.ma\/product\/adata-16gb-ddr4-2666mhz-so-dimm\/#primaryimage"},"image":{"@id":"https:\/\/osaka.ma\/product\/adata-16gb-ddr4-2666mhz-so-dimm\/#primaryimage"},"thumbnailUrl":"https:\/\/osaka.ma\/wp-content\/uploads\/2025\/03\/KHALID-2025-03-18T150115.628.png","datePublished":"2025-03-18T15:09:10+00:00","dateModified":"2026-03-13T13:46:15+00:00","breadcrumb":{"@id":"https:\/\/osaka.ma\/product\/adata-16gb-ddr4-2666mhz-so-dimm\/#breadcrumb"},"inLanguage":"de-DE","potentialAction":[{"@type":"ReadAction","target":["https:\/\/osaka.ma\/product\/adata-16gb-ddr4-2666mhz-so-dimm\/"]}]},{"@type":"ImageObject","inLanguage":"de-DE","@id":"https:\/\/osaka.ma\/product\/adata-16gb-ddr4-2666mhz-so-dimm\/#primaryimage","url":"https:\/\/osaka.ma\/wp-content\/uploads\/2025\/03\/KHALID-2025-03-18T150115.628.png","contentUrl":"https:\/\/osaka.ma\/wp-content\/uploads\/2025\/03\/KHALID-2025-03-18T150115.628.png","width":1080,"height":1080},{"@type":"BreadcrumbList","@id":"https:\/\/osaka.ma\/product\/adata-16gb-ddr4-2666mhz-so-dimm\/#breadcrumb","itemListElement":[{"@type":"ListItem","position":1,"name":"Home","item":"https:\/\/osaka.ma\/"},{"@type":"ListItem","position":2,"name":"Shop","item":"https:\/\/osaka.ma\/shop-2\/"},{"@type":"ListItem","position":3,"name":"ADATA 16GB DDR4-2666MHZ SO-DIMM"}]},{"@type":"WebSite","@id":"https:\/\/osaka.ma\/#website","url":"https:\/\/osaka.ma\/","name":"Osaka","description":"","publisher":{"@id":"https:\/\/osaka.ma\/#organization"},"potentialAction":[{"@type":"SearchAction","target":{"@type":"EntryPoint","urlTemplate":"https:\/\/osaka.ma\/?s={search_term_string}"},"query-input":{"@type":"PropertyValueSpecification","valueRequired":true,"valueName":"search_term_string"}}],"inLanguage":"de-DE"},{"@type":"Organization","@id":"https:\/\/osaka.ma\/#organization","name":"Osaka","url":"https:\/\/osaka.ma\/","logo":{"@type":"ImageObject","inLanguage":"de-DE","@id":"https:\/\/osaka.ma\/#\/schema\/logo\/image\/","url":"https:\/\/osaka.ma\/wp-content\/uploads\/2026\/01\/model-slogan-logo-2Plan-de-travail-1dksl-plus-finnn.png","contentUrl":"https:\/\/osaka.ma\/wp-content\/uploads\/2026\/01\/model-slogan-logo-2Plan-de-travail-1dksl-plus-finnn.png","width":842,"height":226,"caption":"Osaka"},"image":{"@id":"https:\/\/osaka.ma\/#\/schema\/logo\/image\/"}}]}},"jetpack_sharing_enabled":true,"brands":[],"_links":{"self":[{"href":"https:\/\/osaka.ma\/de\/wp-json\/wp\/v2\/product\/14657","targetHints":{"allow":["GET"]}}],"collection":[{"href":"https:\/\/osaka.ma\/de\/wp-json\/wp\/v2\/product"}],"about":[{"href":"https:\/\/osaka.ma\/de\/wp-json\/wp\/v2\/types\/product"}],"version-history":[{"count":0,"href":"https:\/\/osaka.ma\/de\/wp-json\/wp\/v2\/product\/14657\/revisions"}],"wp:featuredmedia":[{"embeddable":true,"href":"https:\/\/osaka.ma\/de\/wp-json\/wp\/v2\/media\/1014658"}],"wp:attachment":[{"href":"https:\/\/osaka.ma\/de\/wp-json\/wp\/v2\/media?parent=14657"}],"wp:term":[{"taxonomy":"pwb-brand","embeddable":true,"href":"https:\/\/osaka.ma\/de\/wp-json\/wp\/v2\/pwb-brand?post=14657"},{"taxonomy":"product_brand","embeddable":true,"href":"https:\/\/osaka.ma\/de\/wp-json\/wp\/v2\/product_brand?post=14657"},{"taxonomy":"product_cat","embeddable":true,"href":"https:\/\/osaka.ma\/de\/wp-json\/wp\/v2\/product_cat?post=14657"},{"taxonomy":"product_tag","embeddable":true,"href":"https:\/\/osaka.ma\/de\/wp-json\/wp\/v2\/product_tag?post=14657"},{"taxonomy":"pcb_component_type","embeddable":true,"href":"https:\/\/osaka.ma\/de\/wp-json\/wp\/v2\/pcb_component_type?post=14657"}],"curies":[{"name":"wp","href":"https:\/\/api.w.org\/{rel}","templated":true}]}}