{"id":14688,"date":"2025-03-19T14:09:55","date_gmt":"2025-03-19T14:09:55","guid":{"rendered":"https:\/\/osaka.ma\/?post_type=product&#038;p=14688"},"modified":"2026-02-23T15:57:57","modified_gmt":"2026-02-23T14:57:57","slug":"tacens-anima-apii-500-bloc-dalimentation-500w-atx","status":"publish","type":"product","link":"https:\/\/osaka.ma\/de\/product\/tacens-anima-apii-500-bloc-dalimentation-500w-atx\/","title":{"rendered":"Tacens Anima APSI500  Bloc d\u2019alimentation  500W ATX"},"content":{"rendered":"<div id=\"presTitle\" class=\"fpCat testSep\">\n<h2 class=\"fpCatTitle\"><strong>Anima Alimentation \u00c9lectrique APII500 500W ATX<\/strong><\/h2>\n<p><img fetchpriority=\"high\" decoding=\"async\" class=\"alignleft size-full wp-image-2351\" src=\"https:\/\/www.tacens-anima.com\/wp-content\/uploads\/apsi500_1.png\" alt=\"apsi500\" width=\"500\" height=\"361\" \/><\/p>\n<h4>Caract\u00e9ristiques<\/h4>\n<p>Gr\u00e2ce \u00e0 son ventilateur ultra silencieux TACENS 12cm (14dB) \u00e9quip\u00e9 d&#8217;un contr\u00f4le intelligent de la vitesse thermique et d&#8217;un syst\u00e8me anti-vibration, l&#8217;APSI500 g\u00e9n\u00e8re un bruit minimal tout en offrant les meilleures performances pour votre PC.<\/p>\n<p><img decoding=\"async\" class=\"alignnone size-full wp-image-301\" src=\"https:\/\/www.tacens-anima.com\/wp-content\/uploads\/2013\/12\/franja.png\" alt=\"franja\" width=\"958\" height=\"50\" \/><br \/>\n<img decoding=\"async\" class=\"size-full wp-image-318 alignright\" src=\"https:\/\/www.tacens-anima.com\/wp-content\/uploads\/apsi500_2.png\" alt=\"apsi500\" \/><\/p>\n<h4>Pouvoir<\/h4>\n<p>Il offre une efficacit\u00e9 \u00e9nerg\u00e9tique solide gr\u00e2ce \u00e0 un seul rail 12v qui garantit des performances stables et puissantes pour votre PC.<\/p>\n<p><img decoding=\"async\" class=\"alignnone size-full wp-image-301\" src=\"https:\/\/www.tacens-anima.com\/wp-content\/uploads\/2013\/12\/franja.png\" alt=\"franja\" width=\"958\" height=\"50\" \/><\/p>\n<p><img decoding=\"async\" class=\"size-full wp-image-325 alignleft\" src=\"https:\/\/www.tacens-anima.com\/wp-content\/uploads\/apsi500_3.png\" alt=\"apsi500\" \/><\/p>\n<h4>C\u00e2blage<\/h4>\n<p>L&#8217;APSI500 est \u00e9quip\u00e9 de c\u00e2bles longs con\u00e7us pour offrir une compatibilit\u00e9 maximale et une installation facile : 1\u00d720`4pin, 1x12V 4+4pin, 3xSATA, 2xPATA.<\/p>\n<p><img decoding=\"async\" class=\"alignnone size-full wp-image-301\" src=\"https:\/\/www.tacens-anima.com\/wp-content\/uploads\/2013\/12\/franja.png\" alt=\"franja\" width=\"958\" height=\"50\" \/><br \/>\n<img decoding=\"async\" class=\"size-full wp-image-2350 alignright\" src=\"https:\/\/www.tacens-anima.com\/wp-content\/uploads\/apsi500_4.png\" alt=\"apsi500\" width=\"500\" height=\"361\" \/><\/p>\n<h4>ing\u00e9nierie europ\u00e9enne<\/h4>\n<p>Cette nouvelle alimentation ATX a \u00e9t\u00e9 fabriqu\u00e9e conform\u00e9ment aux normes et directives europ\u00e9ennes, respectant la norme ATX 12 V et garantissant des performances optimales. Elle est \u00e9galement dot\u00e9e de protections \u00e9lectriques et d&#8217;un filtrage pour un fonctionnement en toute s\u00e9curit\u00e9.<\/p>\n<h2 class=\"fpCatTitle\"><\/h2>\n<div><\/div>\n<div class=\"fpCatTitle\">Pr\u00e9sentation produit : Tacens Anima Alimentation \u00c9lectrique APII500 500W ATX<\/div>\n<\/div>\n<div id=\"presContent\" class=\"fpBlk testSep extCode\" data-provider=\"None\">\n<p>Si vous \u00eates passion\u00e9 d\u2019informatique et d\u2019\u00e9lectronique, si vous \u00eates \u00e0 la pointe de la technologie et qu\u2019aucun d\u00e9tail ne vous \u00e9chappe, achetez Tacens Anima Alimentation \u00c9lectrique APII500\u2026<\/p>\n<\/div>\n<div id=\"desc\" class=\"anchor\"><\/div>\n<div id=\"descContent\" class=\"fpBlk testSep\" data-cs-override-id=\"Descriptif\">\n<p class=\"fpMb\">Si vous \u00eates passion\u00e9 d\u2019informatique et d\u2019\u00e9lectronique, si vous \u00eates \u00e0 la pointe de la technologie et qu\u2019aucun d\u00e9tail ne vous \u00e9chappe, achetez Tacens Anima Alimentation \u00c9lectrique APII500\u2026<\/p>\n<table class=\"fpDescTb fpDescTbPub\">\n<tbody>\n<tr>\n<th colspan=\"2\">Informations g\u00e9n\u00e9rales sur le produit<\/th>\n<\/tr>\n<tr>\n<td>Nom du produit<\/td>\n<td>Tacens Anima Alimentation \u00c9lectrique APII500 500W<\/td>\n<\/tr>\n<tr>\n<td>Cat\u00e9gorie<\/td>\n<td>C\u00c2BLE D\u2019ALIMENTATION<\/td>\n<\/tr>\n<tr>\n<td>R\u00e9f\u00e9rence<\/td>\n<td>S0200774<\/td>\n<\/tr>\n<tr>\n<th colspan=\"2\">Informations sur le produit<\/th>\n<\/tr>\n<tr>\n<td>Marque<\/td>\n<td>AUCUNE<\/td>\n<\/tr>\n<tr>\n<th colspan=\"2\">G\u00e9n\u00e9ral<\/th>\n<\/tr>\n<tr>\n<td>Type de p\u00e9riph\u00e9rique<\/td>\n<td>Alimentation \u00e9lectrique \u2013 interne<\/td>\n<\/tr>\n<tr>\n<td>Conformit\u00e9 aux sp\u00e9cifications<\/td>\n<td>ATX<\/td>\n<\/tr>\n<tr>\n<td>Facteur de forme PSU<\/td>\n<td>ATX<\/td>\n<\/tr>\n<tr>\n<th colspan=\"2\">P\u00e9riph\u00e9rique d\u2019alimentation<\/th>\n<\/tr>\n<tr>\n<td>D\u00e9tails sur les connecteurs de sortie<\/td>\n<td>1 x alimentation ATX 24 broches avec section d\u00e9tachable de 4 broches<br \/>\n1 x connecteur ATX12V 4 broches d\u2019alimentation<br \/>\n2 x alimentation ATA s\u00e9rie de 15 broches<br \/>\n2 x alimentation interne 4 plots<br \/>\n1 x connecteur mini-alimentation 4 broches<\/td>\n<\/tr>\n<tr>\n<td>Capacit\u00e9 d\u2019alimentation<\/td>\n<td>500 Watt<\/td>\n<\/tr>\n<tr>\n<td>Tension d\u2019entr\u00e9e<\/td>\n<td>CA 200-240 V<\/td>\n<\/tr>\n<tr>\n<td>Tension de sortie<\/td>\n<td>+3.3, +5, \u00b112 V<\/td>\n<\/tr>\n<tr>\n<td>Fr\u00e9quence requise<\/td>\n<td>50\/60 Hz<\/td>\n<\/tr>\n<tr>\n<td>Courant \u00e9lectrique de sortie<\/td>\n<td>+3.3V \u2013 24 A<br \/>\n+5V \u2013 25 A<br \/>\n+12V \u2013 26 A<br \/>\n-12V \u2013 0.5 A<br \/>\n+5VSB \u2013 2.5 A<\/td>\n<\/tr>\n<tr>\n<th colspan=\"2\">Divers<\/th>\n<\/tr>\n<tr>\n<td>Syst\u00e8me de refroidissement<\/td>\n<td>Ventilateur 120 mm<\/td>\n<\/tr>\n<tr>\n<td>Fonctions<\/td>\n<td>Rail 12V unique, r\u00e9glage de la vitesse du ventilateur, compatible avec processeurs Intel 4\u00e8me g\u00e9n\u00e9ration (Haswell)<\/td>\n<\/tr>\n<tr>\n<th colspan=\"2\">Caract\u00e9ristiques d\u2019environnement<\/th>\n<\/tr>\n<tr>\n<td>Niveau sonore<\/td>\n<td>14 dB<\/td>\n<\/tr>\n<\/tbody>\n<\/table>\n<\/div>\n","protected":false},"excerpt":{"rendered":"<p>Le nouveau bloc d&#8217;alimentation APII500 est \u00e9quip\u00e9 d&#8217;un ventilateur Tacens ultra-silencieux de 12 cm et 14 dB, avec contr\u00f4le intelligent de la vitesse thermique et syst\u00e8me anti-vibrations. Il est \u00e9galement dot\u00e9 d&#8217;une grille lat\u00e9rale pour un meilleur refroidissement.<\/p>\n","protected":false},"featured_media":1014707,"template":"","meta":{"_acf_changed":false},"pwb-brand":[],"product_brand":[],"product_cat":[29,17],"product_tag":[],"pcb_component_type":[],"class_list":{"0":"post-14688","1":"product","2":"type-product","3":"status-publish","4":"has-post-thumbnail","6":"product_cat-blocs-dalimentation","7":"product_cat-composants-gaming","9":"first","10":"instock","11":"sale","12":"shipping-taxable","13":"purchasable","14":"product-type-simple"},"translation":{"provider":"WPGlobus","version":"3.0.2","language":"de","enabled_languages":["en","es","de","fr","ru"],"languages":{"en":{"title":true,"content":true,"excerpt":true},"es":{"title":false,"content":false,"excerpt":false},"de":{"title":false,"content":false,"excerpt":false},"fr":{"title":false,"content":false,"excerpt":false},"ru":{"title":false,"content":false,"excerpt":false}}},"acf":[],"yoast_head":"<!-- This site is optimized with the Yoast SEO plugin v27.2 - https:\/\/yoast.com\/product\/yoast-seo-wordpress\/ -->\n<title>Tacens Anima APSI500 Bloc d\u2019alimentation 500W ATX - Osaka<\/title>\n<meta name=\"robots\" content=\"index, follow, max-snippet:-1, max-image-preview:large, max-video-preview:-1\" \/>\n<link rel=\"canonical\" href=\"https:\/\/osaka.ma\/product\/tacens-anima-apii-500-bloc-dalimentation-500w-atx\/\" \/>\n<meta property=\"og:locale\" content=\"de_DE\" \/>\n<meta property=\"og:type\" content=\"article\" \/>\n<meta property=\"og:title\" content=\"Tacens Anima APSI500 Bloc d\u2019alimentation 500W ATX - Osaka\" \/>\n<meta property=\"og:url\" content=\"https:\/\/osaka.ma\/product\/tacens-anima-apii-500-bloc-dalimentation-500w-atx\/\" \/>\n<meta property=\"og:site_name\" content=\"Osaka\" \/>\n<meta property=\"article:modified_time\" content=\"2026-02-23T14:57:57+00:00\" \/>\n<meta property=\"og:image\" content=\"https:\/\/osaka.ma\/wp-content\/uploads\/2025\/03\/apsi500-iso2.png\" \/>\n\t<meta property=\"og:image:width\" content=\"480\" \/>\n\t<meta property=\"og:image:height\" content=\"480\" \/>\n\t<meta property=\"og:image:type\" content=\"image\/png\" \/>\n<meta name=\"twitter:card\" content=\"summary_large_image\" \/>\n<meta name=\"twitter:label1\" content=\"Est. reading time\" \/>\n\t<meta name=\"twitter:data1\" content=\"4 minutes\" \/>\n<script type=\"application\/ld+json\" class=\"yoast-schema-graph\">{\"@context\":\"https:\/\/schema.org\",\"@graph\":[{\"@type\":\"WebPage\",\"@id\":\"https:\/\/osaka.ma\/product\/tacens-anima-apii-500-bloc-dalimentation-500w-atx\/\",\"url\":\"https:\/\/osaka.ma\/product\/tacens-anima-apii-500-bloc-dalimentation-500w-atx\/\",\"name\":\"Tacens Anima APSI500 Bloc d\u2019alimentation 500W ATX - Osaka\",\"isPartOf\":{\"@id\":\"https:\/\/osaka.ma\/#website\"},\"primaryImageOfPage\":{\"@id\":\"https:\/\/osaka.ma\/product\/tacens-anima-apii-500-bloc-dalimentation-500w-atx\/#primaryimage\"},\"image\":{\"@id\":\"https:\/\/osaka.ma\/product\/tacens-anima-apii-500-bloc-dalimentation-500w-atx\/#primaryimage\"},\"thumbnailUrl\":\"https:\/\/osaka.ma\/wp-content\/uploads\/2025\/03\/apsi500-iso2.png\",\"datePublished\":\"2025-03-19T14:09:55+00:00\",\"dateModified\":\"2026-02-23T14:57:57+00:00\",\"breadcrumb\":{\"@id\":\"https:\/\/osaka.ma\/product\/tacens-anima-apii-500-bloc-dalimentation-500w-atx\/#breadcrumb\"},\"inLanguage\":\"de-DE\",\"potentialAction\":[{\"@type\":\"ReadAction\",\"target\":[\"https:\/\/osaka.ma\/product\/tacens-anima-apii-500-bloc-dalimentation-500w-atx\/\"]}]},{\"@type\":\"ImageObject\",\"inLanguage\":\"de-DE\",\"@id\":\"https:\/\/osaka.ma\/product\/tacens-anima-apii-500-bloc-dalimentation-500w-atx\/#primaryimage\",\"url\":\"https:\/\/osaka.ma\/wp-content\/uploads\/2025\/03\/apsi500-iso2.png\",\"contentUrl\":\"https:\/\/osaka.ma\/wp-content\/uploads\/2025\/03\/apsi500-iso2.png\",\"width\":480,\"height\":480},{\"@type\":\"BreadcrumbList\",\"@id\":\"https:\/\/osaka.ma\/product\/tacens-anima-apii-500-bloc-dalimentation-500w-atx\/#breadcrumb\",\"itemListElement\":[{\"@type\":\"ListItem\",\"position\":1,\"name\":\"Home\",\"item\":\"https:\/\/osaka.ma\/\"},{\"@type\":\"ListItem\",\"position\":2,\"name\":\"Shop\",\"item\":\"https:\/\/osaka.ma\/shop-2\/\"},{\"@type\":\"ListItem\",\"position\":3,\"name\":\"Tacens Anima APSI500 Bloc d\u2019alimentation 500W ATX\"}]},{\"@type\":\"WebSite\",\"@id\":\"https:\/\/osaka.ma\/#website\",\"url\":\"https:\/\/osaka.ma\/\",\"name\":\"Osaka\",\"description\":\"\",\"publisher\":{\"@id\":\"https:\/\/osaka.ma\/#organization\"},\"potentialAction\":[{\"@type\":\"SearchAction\",\"target\":{\"@type\":\"EntryPoint\",\"urlTemplate\":\"https:\/\/osaka.ma\/?s={search_term_string}\"},\"query-input\":{\"@type\":\"PropertyValueSpecification\",\"valueRequired\":true,\"valueName\":\"search_term_string\"}}],\"inLanguage\":\"de-DE\"},{\"@type\":\"Organization\",\"@id\":\"https:\/\/osaka.ma\/#organization\",\"name\":\"Osaka\",\"url\":\"https:\/\/osaka.ma\/\",\"logo\":{\"@type\":\"ImageObject\",\"inLanguage\":\"de-DE\",\"@id\":\"https:\/\/osaka.ma\/#\/schema\/logo\/image\/\",\"url\":\"https:\/\/osaka.ma\/wp-content\/uploads\/2026\/01\/model-slogan-logo-2Plan-de-travail-1dksl-plus-finnn.png\",\"contentUrl\":\"https:\/\/osaka.ma\/wp-content\/uploads\/2026\/01\/model-slogan-logo-2Plan-de-travail-1dksl-plus-finnn.png\",\"width\":842,\"height\":226,\"caption\":\"Osaka\"},\"image\":{\"@id\":\"https:\/\/osaka.ma\/#\/schema\/logo\/image\/\"}}]}<\/script>\n<!-- \/ Yoast SEO plugin. -->","yoast_head_json":{"title":"Tacens Anima APSI500 Bloc d\u2019alimentation 500W ATX - Osaka","robots":{"index":"index","follow":"follow","max-snippet":"max-snippet:-1","max-image-preview":"max-image-preview:large","max-video-preview":"max-video-preview:-1"},"canonical":"https:\/\/osaka.ma\/product\/tacens-anima-apii-500-bloc-dalimentation-500w-atx\/","og_locale":"de_DE","og_type":"article","og_title":"Tacens Anima APSI500 Bloc d\u2019alimentation 500W ATX - Osaka","og_url":"https:\/\/osaka.ma\/product\/tacens-anima-apii-500-bloc-dalimentation-500w-atx\/","og_site_name":"Osaka","article_modified_time":"2026-02-23T14:57:57+00:00","og_image":[{"width":480,"height":480,"url":"https:\/\/osaka.ma\/wp-content\/uploads\/2025\/03\/apsi500-iso2.png","type":"image\/png"}],"twitter_card":"summary_large_image","twitter_misc":{"Est. reading time":"4 minutes"},"schema":{"@context":"https:\/\/schema.org","@graph":[{"@type":"WebPage","@id":"https:\/\/osaka.ma\/product\/tacens-anima-apii-500-bloc-dalimentation-500w-atx\/","url":"https:\/\/osaka.ma\/product\/tacens-anima-apii-500-bloc-dalimentation-500w-atx\/","name":"Tacens Anima APSI500 Bloc d\u2019alimentation 500W ATX - Osaka","isPartOf":{"@id":"https:\/\/osaka.ma\/#website"},"primaryImageOfPage":{"@id":"https:\/\/osaka.ma\/product\/tacens-anima-apii-500-bloc-dalimentation-500w-atx\/#primaryimage"},"image":{"@id":"https:\/\/osaka.ma\/product\/tacens-anima-apii-500-bloc-dalimentation-500w-atx\/#primaryimage"},"thumbnailUrl":"https:\/\/osaka.ma\/wp-content\/uploads\/2025\/03\/apsi500-iso2.png","datePublished":"2025-03-19T14:09:55+00:00","dateModified":"2026-02-23T14:57:57+00:00","breadcrumb":{"@id":"https:\/\/osaka.ma\/product\/tacens-anima-apii-500-bloc-dalimentation-500w-atx\/#breadcrumb"},"inLanguage":"de-DE","potentialAction":[{"@type":"ReadAction","target":["https:\/\/osaka.ma\/product\/tacens-anima-apii-500-bloc-dalimentation-500w-atx\/"]}]},{"@type":"ImageObject","inLanguage":"de-DE","@id":"https:\/\/osaka.ma\/product\/tacens-anima-apii-500-bloc-dalimentation-500w-atx\/#primaryimage","url":"https:\/\/osaka.ma\/wp-content\/uploads\/2025\/03\/apsi500-iso2.png","contentUrl":"https:\/\/osaka.ma\/wp-content\/uploads\/2025\/03\/apsi500-iso2.png","width":480,"height":480},{"@type":"BreadcrumbList","@id":"https:\/\/osaka.ma\/product\/tacens-anima-apii-500-bloc-dalimentation-500w-atx\/#breadcrumb","itemListElement":[{"@type":"ListItem","position":1,"name":"Home","item":"https:\/\/osaka.ma\/"},{"@type":"ListItem","position":2,"name":"Shop","item":"https:\/\/osaka.ma\/shop-2\/"},{"@type":"ListItem","position":3,"name":"Tacens Anima APSI500 Bloc d\u2019alimentation 500W ATX"}]},{"@type":"WebSite","@id":"https:\/\/osaka.ma\/#website","url":"https:\/\/osaka.ma\/","name":"Osaka","description":"","publisher":{"@id":"https:\/\/osaka.ma\/#organization"},"potentialAction":[{"@type":"SearchAction","target":{"@type":"EntryPoint","urlTemplate":"https:\/\/osaka.ma\/?s={search_term_string}"},"query-input":{"@type":"PropertyValueSpecification","valueRequired":true,"valueName":"search_term_string"}}],"inLanguage":"de-DE"},{"@type":"Organization","@id":"https:\/\/osaka.ma\/#organization","name":"Osaka","url":"https:\/\/osaka.ma\/","logo":{"@type":"ImageObject","inLanguage":"de-DE","@id":"https:\/\/osaka.ma\/#\/schema\/logo\/image\/","url":"https:\/\/osaka.ma\/wp-content\/uploads\/2026\/01\/model-slogan-logo-2Plan-de-travail-1dksl-plus-finnn.png","contentUrl":"https:\/\/osaka.ma\/wp-content\/uploads\/2026\/01\/model-slogan-logo-2Plan-de-travail-1dksl-plus-finnn.png","width":842,"height":226,"caption":"Osaka"},"image":{"@id":"https:\/\/osaka.ma\/#\/schema\/logo\/image\/"}}]}},"jetpack_sharing_enabled":true,"brands":[],"_links":{"self":[{"href":"https:\/\/osaka.ma\/de\/wp-json\/wp\/v2\/product\/14688","targetHints":{"allow":["GET"]}}],"collection":[{"href":"https:\/\/osaka.ma\/de\/wp-json\/wp\/v2\/product"}],"about":[{"href":"https:\/\/osaka.ma\/de\/wp-json\/wp\/v2\/types\/product"}],"version-history":[{"count":0,"href":"https:\/\/osaka.ma\/de\/wp-json\/wp\/v2\/product\/14688\/revisions"}],"wp:featuredmedia":[{"embeddable":true,"href":"https:\/\/osaka.ma\/de\/wp-json\/wp\/v2\/media\/1014707"}],"wp:attachment":[{"href":"https:\/\/osaka.ma\/de\/wp-json\/wp\/v2\/media?parent=14688"}],"wp:term":[{"taxonomy":"pwb-brand","embeddable":true,"href":"https:\/\/osaka.ma\/de\/wp-json\/wp\/v2\/pwb-brand?post=14688"},{"taxonomy":"product_brand","embeddable":true,"href":"https:\/\/osaka.ma\/de\/wp-json\/wp\/v2\/product_brand?post=14688"},{"taxonomy":"product_cat","embeddable":true,"href":"https:\/\/osaka.ma\/de\/wp-json\/wp\/v2\/product_cat?post=14688"},{"taxonomy":"product_tag","embeddable":true,"href":"https:\/\/osaka.ma\/de\/wp-json\/wp\/v2\/product_tag?post=14688"},{"taxonomy":"pcb_component_type","embeddable":true,"href":"https:\/\/osaka.ma\/de\/wp-json\/wp\/v2\/pcb_component_type?post=14688"}],"curies":[{"name":"wp","href":"https:\/\/api.w.org\/{rel}","templated":true}]}}