{"id":14944,"date":"2025-03-24T11:36:31","date_gmt":"2025-03-24T11:36:31","guid":{"rendered":"https:\/\/osaka.ma\/?post_type=product&#038;p=14944"},"modified":"2025-05-14T10:23:55","modified_gmt":"2025-05-14T10:23:55","slug":"seagate-ironwolf-8-to","status":"publish","type":"product","link":"https:\/\/osaka.ma\/de\/product\/seagate-ironwolf-8-to\/","title":{"rendered":"Seagate IronWolf 8 To"},"content":{"rendered":"<div class=\"logo\"><a href=\"https:\/\/www.ldlc.com\/en\/seagate-technology\/bint000001027\/\" rel=\"nofollow noopener\" target=\"_blank\"><img decoding=\"async\" class=\"aligncenter\" src=\"https:\/\/media.ldlc.com\/v3\/marque\/bo\/00\/03\/44\/73\/V30003447351_2.jpg\" alt=\"Technologie Seagate\" \/><\/a><\/div>\n<div id=\"description\" class=\"description\">\n<div class=\"details-pdt-desc\">\n<h2 class=\"h2-master\">Disque dur ultra-haute capacit\u00e9 optimis\u00e9 pour NAS<\/h2>\n<section>Que vous soyez un utilisateur \u00e0 domicile, au bureau ou un professionnel cr\u00e9atif, le disque\u00a0<strong>dur NAS Seagate IronWolf 8 To<\/strong>\u00a0est la\u00a0<strong>solution de stockage haute capacit\u00e9<\/strong>\u00a0qu&#8217;il vous faut. Optimis\u00e9 pour les solutions NAS\u00a0<em>AgileArray<\/em>\u00a0et adapt\u00e9 aux\u00a0<strong>NAS de 1 \u00e0 8 baies<\/strong>\u00a0, le\u00a0<strong>disque dur interne Seagate IronWolf<\/strong>\u00a0vous permettra de d\u00e9velopper votre activit\u00e9, d&#8217;\u00eatre plus cr\u00e9atif, de jouer davantage et d&#8217;explorer les possibilit\u00e9s des nouveaux m\u00e9dias.<strong>IronWolf est con\u00e7u pour tous les p\u00e9riph\u00e9riques NAS<\/strong>\u00a0. D\u00e9couvrez des disques robustes, \u00e9volutifs et performants 24h\/24 et 7j\/7, capables de g\u00e9rer la charge de travail des environnements multi-utilisateurs et disponibles dans une large gamme de capacit\u00e9s.\u00a0<strong>Seagate IronWolf<\/strong>\u00a0apporte la puissance de l&#8217;agilit\u00e9 aux syst\u00e8mes NAS pour les particuliers, les t\u00e9l\u00e9travailleurs, les TPE et les PME\u00a0:<\/p>\n<ul>\n<li>Syst\u00e8mes de stockage en r\u00e9seau<\/li>\n<li>Syst\u00e8mes NAS avec 1 \u00e0 8 baies<\/li>\n<li>RAID pour ordinateurs de bureau et serveurs<\/li>\n<li>Stockage sur serveur multim\u00e9dia<\/li>\n<li>Cloud priv\u00e9<\/li>\n<\/ul>\n<\/section>\n<section>\n<div class=\"desc-image\"><img decoding=\"async\" src=\"https:\/\/media.ldlc.com\/bo\/images\/fiches\/Disque_dur_interne\/Seagate\/ironwolf\/800_1.jpg\" alt=\"\" \/><\/div>\n<div class=\"desc-text\">\n<h2>Robuste. Pr\u00eat \u00e0 l&#8217;emploi. \u00c9volutif.<\/h2>\n<p>Pour chaque NAS,\u00a0<strong><em>IronWolf<\/em><\/strong>\u00a0est disponible . Toujours actif,\u00a0<strong><em>IronWolf<\/em><\/strong>\u00a0s&#8217;appuie sur\u00a0la technologie\u00a0<strong><em>AgileArray<\/em><\/strong>\u00a0pour une fiabilit\u00e9 et une flexibilit\u00e9 syst\u00e8me maximales. Sa technologie multi-utilisateur et ses flux de travail intensifs permettent \u00e0 IronWolf de d\u00e9ployer ses performances et d&#8217;\u00e9voluer avec votre entreprise.\u00a0<strong>IronWolf<\/strong>\u00a0s&#8217;appuie sur\u00a0<em>AgileArray<\/em>\u00a0. Optimis\u00e9 pour les NAS pour une exp\u00e9rience optimale,\u00a0<em>AgileArray<\/em>\u00a0se concentre sur l&#8217;\u00e9quilibrage des disques, l&#8217;optimisation RAID et la gestion de l&#8217;alimentation.<\/p>\n<\/div>\n<\/section>\n<section>\n<div class=\"desc-text\">\n<h2>Soyez cr\u00e9atif<\/h2>\n<p>Un stockage \u00e9volutif et fiable vous permet, \u00e0 vous et \u00e0 votre entreprise cr\u00e9ative, de rester sur la bonne voie.\u00a0<strong>IronWolf<\/strong>\u00a0est le compl\u00e9ment id\u00e9al de votre NAS\u00a0: il offre un acc\u00e8s \u00e0 distance, des sauvegardes et un partage de fichiers 24\u00a0h\/24 et 7\u00a0j\/7, o\u00f9 que vous soyez, facilitant ainsi le partage d&#8217;id\u00e9es. Pour les agences en forte croissance et les besoins de stockage croissants, IronWolf est con\u00e7u pour r\u00e9soudre les probl\u00e8mes d&#8217;\u00e9volutivit\u00e9 des NAS.<\/p>\n<\/div>\n<div class=\"desc-image\"><img decoding=\"async\" src=\"https:\/\/media.ldlc.com\/bo\/images\/fiches\/Disque_dur_interne\/Seagate\/IronWolf_Pro\/800_3.jpg\" alt=\"\" \/><\/div>\n<\/section>\n<section>\n<div class=\"desc-image\"><img decoding=\"async\" src=\"https:\/\/media.ldlc.com\/bo\/images\/fiches\/Disque_dur_interne\/Seagate\/ironwolf\/800_2.jpg\" alt=\"\" \/><\/div>\n<div class=\"desc-text\">\n<h2>Fiabilit\u00e9 accrue<\/h2>\n<p>IronWolf Health Management (IHM) garantit une meilleure int\u00e9grit\u00e9 du disque. L&#8217;int\u00e9gration de disques durs IronWolf ou IronWolf Pro \u00e0 des syst\u00e8mes de stockage r\u00e9seau NAS compatibles am\u00e9liore la fiabilit\u00e9 globale du syst\u00e8me NAS, car celui-ci est surveill\u00e9 en permanence et les utilisateurs sont alert\u00e9s de tout probl\u00e8me.<\/p>\n<\/div>\n<\/section>\n<section>\n<div class=\"desc-text\">\n<h2>Jouez \u00e0 plus de jeux<\/h2>\n<p>Les consoles de jeu modernes font \u00e9galement office de serveurs multim\u00e9dia domestiques, mais leur espace de stockage limit\u00e9 rend difficile la conservation locale de tous les fichiers. Les joueurs peuvent transf\u00e9rer leur musique et leurs vid\u00e9os sur un NAS \u00e9quip\u00e9 d&#8217;IronWolf et l&#8217;utiliser comme stockage pour le streaming multim\u00e9dia. Tirez le meilleur parti de votre console. Avec des capacit\u00e9s \u00e0 partir de 1 To, vous pourrez diffuser tout le contenu de votre NAS sur votre console de jeu et le visionner sur votre t\u00e9l\u00e9viseur HD.<\/p>\n<\/div>\n<div class=\"desc-image\"><\/div>\n<\/section>\n<\/div>\n<\/div>\n","protected":false},"excerpt":{"rendered":"<p>Que vous soyez un utilisateur \u00e0 domicile, au bureau ou un professionnel cr\u00e9atif, le disque\u00a0<strong>dur NAS Seagate IronWolf 8 To<\/strong>\u00a0est la\u00a0<strong>solution de stockage haute capacit\u00e9<\/strong>\u00a0qu&#8217;il vous faut. Optimis\u00e9 pour les solutions NAS\u00a0<em>AgileArray<\/em>\u00a0et adapt\u00e9 aux\u00a0<strong>NAS de 1 \u00e0 8 baies<\/strong>\u00a0, le\u00a0<strong>disque dur interne Seagate IronWolf<\/strong>\u00a0vous permettra de d\u00e9velopper votre activit\u00e9, d&#8217;\u00eatre plus cr\u00e9atif, de jouer davantage et d&#8217;explorer les possibilit\u00e9s des nouveaux m\u00e9dias.<\/p>\n<ul>\n<li>OCCASION<\/li>\n<li>\u00a0ETAT\u00a0 \u00a0100%<\/li>\n<\/ul>\n","protected":false},"featured_media":1014948,"template":"","meta":{"_acf_changed":false},"pwb-brand":[],"product_brand":[],"product_cat":[17,103],"product_tag":[],"pcb_component_type":[],"class_list":{"0":"post-14944","1":"product","2":"type-product","3":"status-publish","4":"has-post-thumbnail","6":"product_cat-composants-gaming","7":"product_cat-disque-dur-hdd","9":"first","10":"outofstock","11":"shipping-taxable","12":"product-type-simple"},"translation":{"provider":"WPGlobus","version":"3.0.2","language":"de","enabled_languages":["en","es","de","fr","ru"],"languages":{"en":{"title":true,"content":true,"excerpt":true},"es":{"title":false,"content":false,"excerpt":false},"de":{"title":false,"content":false,"excerpt":false},"fr":{"title":false,"content":false,"excerpt":false},"ru":{"title":false,"content":false,"excerpt":false}}},"acf":[],"yoast_head":"<!-- This site is optimized with the Yoast SEO plugin v27.2 - https:\/\/yoast.com\/product\/yoast-seo-wordpress\/ -->\n<title>Seagate IronWolf 8 To - Osaka<\/title>\n<meta name=\"robots\" content=\"index, follow, max-snippet:-1, max-image-preview:large, max-video-preview:-1\" \/>\n<link rel=\"canonical\" href=\"https:\/\/osaka.ma\/product\/seagate-ironwolf-8-to\/\" \/>\n<meta property=\"og:locale\" content=\"de_DE\" \/>\n<meta property=\"og:type\" content=\"article\" \/>\n<meta property=\"og:title\" content=\"Seagate IronWolf 8 To - Osaka\" \/>\n<meta property=\"og:url\" content=\"https:\/\/osaka.ma\/product\/seagate-ironwolf-8-to\/\" \/>\n<meta property=\"og:site_name\" content=\"Osaka\" \/>\n<meta property=\"article:modified_time\" content=\"2025-05-14T10:23:55+00:00\" \/>\n<meta property=\"og:image\" content=\"https:\/\/osaka.ma\/wp-content\/uploads\/2025\/03\/LD0006009503.jpg\" \/>\n\t<meta property=\"og:image:width\" content=\"1600\" \/>\n\t<meta property=\"og:image:height\" content=\"1600\" \/>\n\t<meta property=\"og:image:type\" content=\"image\/jpeg\" \/>\n<meta name=\"twitter:card\" content=\"summary_large_image\" \/>\n<meta name=\"twitter:label1\" content=\"Est. reading time\" \/>\n\t<meta name=\"twitter:data1\" content=\"3 minutes\" \/>\n<script type=\"application\/ld+json\" class=\"yoast-schema-graph\">{\"@context\":\"https:\/\/schema.org\",\"@graph\":[{\"@type\":\"WebPage\",\"@id\":\"https:\/\/osaka.ma\/product\/seagate-ironwolf-8-to\/\",\"url\":\"https:\/\/osaka.ma\/product\/seagate-ironwolf-8-to\/\",\"name\":\"Seagate IronWolf 8 To - Osaka\",\"isPartOf\":{\"@id\":\"https:\/\/osaka.ma\/#website\"},\"primaryImageOfPage\":{\"@id\":\"https:\/\/osaka.ma\/product\/seagate-ironwolf-8-to\/#primaryimage\"},\"image\":{\"@id\":\"https:\/\/osaka.ma\/product\/seagate-ironwolf-8-to\/#primaryimage\"},\"thumbnailUrl\":\"https:\/\/osaka.ma\/wp-content\/uploads\/2025\/03\/LD0006009503.jpg\",\"datePublished\":\"2025-03-24T11:36:31+00:00\",\"dateModified\":\"2025-05-14T10:23:55+00:00\",\"breadcrumb\":{\"@id\":\"https:\/\/osaka.ma\/product\/seagate-ironwolf-8-to\/#breadcrumb\"},\"inLanguage\":\"de-DE\",\"potentialAction\":[{\"@type\":\"ReadAction\",\"target\":[\"https:\/\/osaka.ma\/product\/seagate-ironwolf-8-to\/\"]}]},{\"@type\":\"ImageObject\",\"inLanguage\":\"de-DE\",\"@id\":\"https:\/\/osaka.ma\/product\/seagate-ironwolf-8-to\/#primaryimage\",\"url\":\"https:\/\/osaka.ma\/wp-content\/uploads\/2025\/03\/LD0006009503.jpg\",\"contentUrl\":\"https:\/\/osaka.ma\/wp-content\/uploads\/2025\/03\/LD0006009503.jpg\",\"width\":1600,\"height\":1600},{\"@type\":\"BreadcrumbList\",\"@id\":\"https:\/\/osaka.ma\/product\/seagate-ironwolf-8-to\/#breadcrumb\",\"itemListElement\":[{\"@type\":\"ListItem\",\"position\":1,\"name\":\"Home\",\"item\":\"https:\/\/osaka.ma\/\"},{\"@type\":\"ListItem\",\"position\":2,\"name\":\"Shop\",\"item\":\"https:\/\/osaka.ma\/shop-2\/\"},{\"@type\":\"ListItem\",\"position\":3,\"name\":\"Seagate IronWolf 8 To\"}]},{\"@type\":\"WebSite\",\"@id\":\"https:\/\/osaka.ma\/#website\",\"url\":\"https:\/\/osaka.ma\/\",\"name\":\"Osaka\",\"description\":\"\",\"publisher\":{\"@id\":\"https:\/\/osaka.ma\/#organization\"},\"potentialAction\":[{\"@type\":\"SearchAction\",\"target\":{\"@type\":\"EntryPoint\",\"urlTemplate\":\"https:\/\/osaka.ma\/?s={search_term_string}\"},\"query-input\":{\"@type\":\"PropertyValueSpecification\",\"valueRequired\":true,\"valueName\":\"search_term_string\"}}],\"inLanguage\":\"de-DE\"},{\"@type\":\"Organization\",\"@id\":\"https:\/\/osaka.ma\/#organization\",\"name\":\"Osaka\",\"url\":\"https:\/\/osaka.ma\/\",\"logo\":{\"@type\":\"ImageObject\",\"inLanguage\":\"de-DE\",\"@id\":\"https:\/\/osaka.ma\/#\/schema\/logo\/image\/\",\"url\":\"https:\/\/osaka.ma\/wp-content\/uploads\/2026\/01\/model-slogan-logo-2Plan-de-travail-1dksl-plus-finnn.png\",\"contentUrl\":\"https:\/\/osaka.ma\/wp-content\/uploads\/2026\/01\/model-slogan-logo-2Plan-de-travail-1dksl-plus-finnn.png\",\"width\":842,\"height\":226,\"caption\":\"Osaka\"},\"image\":{\"@id\":\"https:\/\/osaka.ma\/#\/schema\/logo\/image\/\"}}]}<\/script>\n<!-- \/ Yoast SEO plugin. -->","yoast_head_json":{"title":"Seagate IronWolf 8 To - Osaka","robots":{"index":"index","follow":"follow","max-snippet":"max-snippet:-1","max-image-preview":"max-image-preview:large","max-video-preview":"max-video-preview:-1"},"canonical":"https:\/\/osaka.ma\/product\/seagate-ironwolf-8-to\/","og_locale":"de_DE","og_type":"article","og_title":"Seagate IronWolf 8 To - Osaka","og_url":"https:\/\/osaka.ma\/product\/seagate-ironwolf-8-to\/","og_site_name":"Osaka","article_modified_time":"2025-05-14T10:23:55+00:00","og_image":[{"width":1600,"height":1600,"url":"https:\/\/osaka.ma\/wp-content\/uploads\/2025\/03\/LD0006009503.jpg","type":"image\/jpeg"}],"twitter_card":"summary_large_image","twitter_misc":{"Est. reading time":"3 minutes"},"schema":{"@context":"https:\/\/schema.org","@graph":[{"@type":"WebPage","@id":"https:\/\/osaka.ma\/product\/seagate-ironwolf-8-to\/","url":"https:\/\/osaka.ma\/product\/seagate-ironwolf-8-to\/","name":"Seagate IronWolf 8 To - Osaka","isPartOf":{"@id":"https:\/\/osaka.ma\/#website"},"primaryImageOfPage":{"@id":"https:\/\/osaka.ma\/product\/seagate-ironwolf-8-to\/#primaryimage"},"image":{"@id":"https:\/\/osaka.ma\/product\/seagate-ironwolf-8-to\/#primaryimage"},"thumbnailUrl":"https:\/\/osaka.ma\/wp-content\/uploads\/2025\/03\/LD0006009503.jpg","datePublished":"2025-03-24T11:36:31+00:00","dateModified":"2025-05-14T10:23:55+00:00","breadcrumb":{"@id":"https:\/\/osaka.ma\/product\/seagate-ironwolf-8-to\/#breadcrumb"},"inLanguage":"de-DE","potentialAction":[{"@type":"ReadAction","target":["https:\/\/osaka.ma\/product\/seagate-ironwolf-8-to\/"]}]},{"@type":"ImageObject","inLanguage":"de-DE","@id":"https:\/\/osaka.ma\/product\/seagate-ironwolf-8-to\/#primaryimage","url":"https:\/\/osaka.ma\/wp-content\/uploads\/2025\/03\/LD0006009503.jpg","contentUrl":"https:\/\/osaka.ma\/wp-content\/uploads\/2025\/03\/LD0006009503.jpg","width":1600,"height":1600},{"@type":"BreadcrumbList","@id":"https:\/\/osaka.ma\/product\/seagate-ironwolf-8-to\/#breadcrumb","itemListElement":[{"@type":"ListItem","position":1,"name":"Home","item":"https:\/\/osaka.ma\/"},{"@type":"ListItem","position":2,"name":"Shop","item":"https:\/\/osaka.ma\/shop-2\/"},{"@type":"ListItem","position":3,"name":"Seagate IronWolf 8 To"}]},{"@type":"WebSite","@id":"https:\/\/osaka.ma\/#website","url":"https:\/\/osaka.ma\/","name":"Osaka","description":"","publisher":{"@id":"https:\/\/osaka.ma\/#organization"},"potentialAction":[{"@type":"SearchAction","target":{"@type":"EntryPoint","urlTemplate":"https:\/\/osaka.ma\/?s={search_term_string}"},"query-input":{"@type":"PropertyValueSpecification","valueRequired":true,"valueName":"search_term_string"}}],"inLanguage":"de-DE"},{"@type":"Organization","@id":"https:\/\/osaka.ma\/#organization","name":"Osaka","url":"https:\/\/osaka.ma\/","logo":{"@type":"ImageObject","inLanguage":"de-DE","@id":"https:\/\/osaka.ma\/#\/schema\/logo\/image\/","url":"https:\/\/osaka.ma\/wp-content\/uploads\/2026\/01\/model-slogan-logo-2Plan-de-travail-1dksl-plus-finnn.png","contentUrl":"https:\/\/osaka.ma\/wp-content\/uploads\/2026\/01\/model-slogan-logo-2Plan-de-travail-1dksl-plus-finnn.png","width":842,"height":226,"caption":"Osaka"},"image":{"@id":"https:\/\/osaka.ma\/#\/schema\/logo\/image\/"}}]}},"jetpack_sharing_enabled":true,"brands":[],"_links":{"self":[{"href":"https:\/\/osaka.ma\/de\/wp-json\/wp\/v2\/product\/14944","targetHints":{"allow":["GET"]}}],"collection":[{"href":"https:\/\/osaka.ma\/de\/wp-json\/wp\/v2\/product"}],"about":[{"href":"https:\/\/osaka.ma\/de\/wp-json\/wp\/v2\/types\/product"}],"version-history":[{"count":0,"href":"https:\/\/osaka.ma\/de\/wp-json\/wp\/v2\/product\/14944\/revisions"}],"wp:featuredmedia":[{"embeddable":true,"href":"https:\/\/osaka.ma\/de\/wp-json\/wp\/v2\/media\/1014948"}],"wp:attachment":[{"href":"https:\/\/osaka.ma\/de\/wp-json\/wp\/v2\/media?parent=14944"}],"wp:term":[{"taxonomy":"pwb-brand","embeddable":true,"href":"https:\/\/osaka.ma\/de\/wp-json\/wp\/v2\/pwb-brand?post=14944"},{"taxonomy":"product_brand","embeddable":true,"href":"https:\/\/osaka.ma\/de\/wp-json\/wp\/v2\/product_brand?post=14944"},{"taxonomy":"product_cat","embeddable":true,"href":"https:\/\/osaka.ma\/de\/wp-json\/wp\/v2\/product_cat?post=14944"},{"taxonomy":"product_tag","embeddable":true,"href":"https:\/\/osaka.ma\/de\/wp-json\/wp\/v2\/product_tag?post=14944"},{"taxonomy":"pcb_component_type","embeddable":true,"href":"https:\/\/osaka.ma\/de\/wp-json\/wp\/v2\/pcb_component_type?post=14944"}],"curies":[{"name":"wp","href":"https:\/\/api.w.org\/{rel}","templated":true}]}}