{"id":15450,"date":"2025-04-16T14:35:53","date_gmt":"2025-04-16T14:35:53","guid":{"rendered":"https:\/\/osaka.ma\/?post_type=product&#038;p=15450"},"modified":"2025-08-11T18:51:59","modified_gmt":"2025-08-11T17:51:59","slug":"gaming-pc-ryzen-5-5600x-rtx-3060-12gb-16gb-ddr4-512gb-nvme-550w-bronze-240mm-aio","status":"publish","type":"product","link":"https:\/\/osaka.ma\/de\/product\/gaming-pc-ryzen-5-5600x-rtx-3060-12gb-16gb-ddr4-512gb-nvme-550w-bronze-240mm-aio\/","title":{"rendered":"Gaming PC | Ryzen 5 5600X | RTX 3060 12GB | 16GB DDR4 | 512GB NVMe | 550W Bronze | 240mm AIO"},"content":{"rendered":"<p><img decoding=\"async\" class=\"\" src=\"https:\/\/osaka.sltechspace.com\/viewimage.php?cache=1&amp;modulepart=mycompany&amp;file=logos%2Fthumbs%2FOSA_small.png\" width=\"229\" height=\"88\" \/><em><strong>This PC is custom-built by our team at OSAKA, using high-quality, brand-name components. Every build is carefully assembled, tested, and optimized for top performance, stability, and long-term reliability. Whether you\u2019re gaming, creating, or multitasking \u2013 we\u2019ve got you covered.<\/strong><\/em><\/p>\n<h2 class=\"h2-master\">A processor designed for video games<\/h2>\n<section>The\u00a0<strong>AMD Ryzen 5 5600X processor\u00a0<\/strong>is built for gaming:\u00a0<strong>6 Cores<\/strong>,\u00a0<strong>12 Threads<\/strong>\u00a0and\u00a0<strong>35 MB GameCache<\/strong>. Not to mention the native and boosted frequencies that allow you to enjoy your favourite games in the best conditions. Combine it with a high-performance graphics card and you&#8217;ll be able to play at your best. That&#8217;s all.<\/section>\n<section>\n<div class=\"desc-image\"><img decoding=\"async\" src=\"https:\/\/media.ldlc.com\/bo\/images\/fiches\/Processeur\/AMD\/vermeer\/amd_ryzen_0001.jpg\" alt=\"\" \/><\/div>\n<div class=\"desc-text\">\n<h2>6 native cores and 12 logical cores<\/h2>\n<p>The\u00a0<strong>AMD Ryzen 5 5600X desktop processor\u00a0<\/strong>features\u00a0<strong>6 native cores<\/strong>\u00a0and\u00a0<strong>12 logical cores<\/strong>\u00a0for smooth multitasking. Thanks to its\u00a0<strong>high native frequency<\/strong>\u00a0and its\u00a0<strong><em>Turbo Core<\/em><\/strong>\u00a0mode, the\u00a0<strong>next-generation AMD Ryzen CPU<\/strong>\u00a0delivers exceptional performance in gaming, intensive multitasking, video editing, 3D modeling and more. The\u00a0<strong>32 MB L3 cache<\/strong>\u00a0also enables ultra-fast processing of large numbers of instructions with low latency.<\/p>\n<\/div>\n<\/section>\n<section>\n<div class=\"desc-text\">\n<h2>Zen 3 Microarchitecture<\/h2>\n<p>When you have the most advanced processor architecture for gamers and content creators, the possibilities are endless. Whether you&#8217;re playing the latest games, designing the next skyscraper, or using data, you need a powerful processor that can handle it all and more. There&#8217;s no doubt about it, AMD Ryzen 5000 Series desktop processors are setting a new standard for gamers and artists alike.<\/p>\n<\/div>\n<div class=\"desc-image\"><img decoding=\"async\" src=\"https:\/\/media.ldlc.com\/bo\/images\/fiches\/Processeur\/AMD\/vermeer\/amd_zen3.jpg\" alt=\"\" \/><\/div>\n<\/section>\n<section>\n<div class=\"desc-image\"><img decoding=\"async\" src=\"https:\/\/media.ldlc.com\/bo\/images\/fiches\/Processeur\/AMD\/vermeer\/amd_ryzen_master.jpg\" alt=\"\" \/><\/div>\n<div class=\"desc-text\">\n<h2>Take control<\/h2>\n<p>Ryzen Master is the tool you need to effectively manage your processor performance. It is the simple and powerful overclocking utility for AMD Ryzen processors. Every AMD Ryzen processor is unclocked at the factory multiplier so you can customize the performance to your liking. AMD provides the AMD Ryzen Master utility to access this powerful advantage. The new basic view gives you the ability to automatically overclock your CPU, manually control the amount of overclocking you want to apply, while giving you visibility into important system parameters such as CPU temperature, speed and voltages.<\/p>\n<h2 class=\"h2-master\">NVIDIA GeForce RTX 3060: The Better Way to Play<\/h2>\n<section>With the\u00a0<strong>GeForce RTX 3060<\/strong>,\u00a0<strong>NVIDIA\u00a0<\/strong>makes the high performance of Ampere graphics cards even more accessible. The new GeForce RTX 3060 is the ultimate in graphics performance, smoothness, and realism, allowing you to enjoy the latest PC games to the fullest. All you have to do is dive into the action and get fully immersed in the game. The\u00a0<strong>ASUS GeForce RTX Dual 3060 O12G LHR graphics card<\/strong>\u00a0features\u00a0<strong>12GB of<\/strong>\u00a0next-generation\u00a0<strong>GDDR6<\/strong>\u00a0<strong>video memory<\/strong>. This model features<strong>\u00a0high operating frequencies<\/strong>\u00a0and an<strong>\u00a0improved cooling system<\/strong>\u00a0for long-term reliability and performance.<\/section>\n<section>\n<div class=\"desc-image\"><img decoding=\"async\" src=\"https:\/\/media.ldlc.com\/bo\/images\/fiches\/Carte_graphique\/ASUS\/asus_rtx_dual_001.jpg\" alt=\"\" \/><\/div>\n<div class=\"desc-text\">\n<h2>ASUS GeForce RTX Dual 3060 O12G LHR<\/h2>\n<p>The ASUS Dual GeForce RTX 3060 LHR combines durability, compatibility and performance to satisfy the most demanding gamers. The features of this graphics card include cutting-edge technologies and the brand&#8217;s exclusive, ultra-efficient cooling system.<\/p>\n<\/div>\n<\/section>\n<section>\n<div class=\"desc-text\">\n<h2>Ampere Architecture<\/h2>\n<p>Thanks to the improvements made by the new Ampere architecture, the 2nd generation NVIDIA RTX graphics cards are even more powerful than previous generation graphics cards. PC games are more beautiful, more immersive, and smoother than ever before. 2nd generation RT cores deliver up to 2x the performance of previous generation cards. 3rd generation Tensor cores deliver up to 2x the performance and the new stream multiprocessors deliver 2x the FP32 performance!<\/p>\n<\/div>\n<div class=\"desc-image\"><img decoding=\"async\" src=\"https:\/\/media.ldlc.com\/bo\/images\/fiches\/Carte_graphique\/RTX\/nvidia_geforce_rtx_on_002.jpg\" alt=\"\" \/><\/div>\n<\/section>\n<section>\n<div class=\"desc-image\"><img decoding=\"async\" src=\"https:\/\/media.ldlc.com\/bo\/images\/fiches\/Carte_graphique\/RTX\/NVIDIA_GeForce_RTX_DLSS_001.jpg\" alt=\"\" \/><\/div>\n<div class=\"desc-text\">\n<h2>Maximum frame rate<\/h2>\n<p>Based on the phenomenal capabilities of AI, NVIDIA&#8217;s Deep Learning Super Sampling (DLSS) is a revolutionary rendering technology that gives you a whole new experience.DLSS is a revolutionary rendering technology that brings you a whole new level of visual fidelity using the AI-dedicated Tensor Core processors in GeForce RTX GPUs. DLSS leverages the power of an optimized deep neural network to accelerate frame rates while generating stunning visuals with unparalleled sharpness. This significant performance boost allows gamers around the world to maximize ray tracing parameters and increase output resolutions.<\/p>\n<\/div>\n<\/section>\n<section>\n<div class=\"desc-text\">\n<h2>Stream like a pro<\/h2>\n<p>Steal the show from the best streamers by streaming your games with gorgeous graphics and smooth rendering. Next-generation hardware encoding and decoding lets you capture your best moments in unparalleled detail. The all-new NVIDIA Broadcast application takes your livestreams to the next level with powerful AI capabilities that enhance audio and video quality with advanced effects like virtual background, automatic webcam cropping, and microphone noise suppression. GeForce RTX 30 Series GPUs provide the graphics performance and image quality you need to present yourself to your audience at your best, every time.<\/p>\n<\/div>\n<div class=\"desc-image\"><img decoding=\"async\" src=\"https:\/\/media.ldlc.com\/bo\/images\/fiches\/Carte_graphique\/RTX\/NVIDIA_GeForce_RTX_STREAM_001.jpg\" alt=\"\" \/><\/div>\n<\/section>\n<\/div>\n<\/section>\n","protected":false},"excerpt":{"rendered":"<p class=\"\" data-start=\"151\" data-end=\"299\"><strong data-start=\"151\" data-end=\"203\">\u00c9quilibre parfait entre performance et budget<\/strong><br data-start=\"203\" data-end=\"206\" \/>Un excellent choix pour le gaming 1080p, les t\u00e2ches cr\u00e9atives et la productivit\u00e9 quotidienne.<\/p>\n<p class=\"\" data-start=\"325\" data-end=\"898\"><strong data-start=\"325\" data-end=\"347\">Configuration :<\/strong><br data-start=\"347\" data-end=\"350\" \/><strong data-start=\"350\" data-end=\"361\">CPU :<\/strong> AMD Ryzen 5 5600X \u2013 6 c\u0153urs, super rapport qualit\u00e9\/prix<br data-start=\"417\" data-end=\"420\" \/><strong data-start=\"420\" data-end=\"431\">GPU :<\/strong> ASUS GeForce RTX 3060 Dual OC V2 12GB \u2013 Performant en Full HD<br data-start=\"493\" data-end=\"496\" \/><strong data-start=\"496\" data-end=\"507\">RAM :<\/strong> 16GB Corsair Vengeance DDR4 3200MHz (8&#215;2) \u2013 Rapide et fiable<br data-start=\"568\" data-end=\"571\" \/><strong data-start=\"571\" data-end=\"582\">SSD :<\/strong> 512GB NVMe Gen4x4 SK Hynix \u2013 D\u00e9marrage ultra-rapide<br data-start=\"634\" data-end=\"637\" \/><strong data-start=\"637\" data-end=\"655\">Carte M\u00e8re :<\/strong> ASUS PRIME B450 PLUS \u2013 Fiable &amp; compl\u00e8te<br data-start=\"696\" data-end=\"699\" \/><strong data-start=\"699\" data-end=\"722\">Refroidissement :<\/strong> CONNECT LB240mm \u2013 AIO silencieux et efficace<br data-start=\"767\" data-end=\"770\" \/><strong data-start=\"770\" data-end=\"790\">Alimentation :<\/strong> CONNECT 550W 80+ Bronze \u2013 \u00c9nergie stable<br data-start=\"831\" data-end=\"834\" \/><strong data-start=\"834\" data-end=\"849\">Bo\u00eetier :<\/strong> CONNECT BOLT ARGB \u2013 Design gaming avec \u00e9clairage<\/p>\n<p data-start=\"325\" data-end=\"898\"><em>All components are 100% brand new<\/em><\/p>\n","protected":false},"featured_media":1015366,"template":"","meta":{"_acf_changed":false},"pwb-brand":[],"product_brand":[],"product_cat":[54,53],"product_tag":[],"pcb_component_type":[],"class_list":{"0":"post-15450","1":"product","2":"type-product","3":"status-publish","4":"has-post-thumbnail","6":"product_cat-amd-ryzen","7":"product_cat-pc-gamer","9":"first","10":"outofstock","11":"shipping-taxable","12":"purchasable","13":"product-type-simple"},"translation":{"provider":"WPGlobus","version":"3.0.2","language":"de","enabled_languages":["en","es","de","fr","ru"],"languages":{"en":{"title":true,"content":true,"excerpt":true},"es":{"title":false,"content":false,"excerpt":false},"de":{"title":false,"content":false,"excerpt":false},"fr":{"title":false,"content":false,"excerpt":false},"ru":{"title":false,"content":false,"excerpt":false}}},"acf":[],"yoast_head":"<!-- This site is optimized with the Yoast SEO plugin v27.2 - https:\/\/yoast.com\/product\/yoast-seo-wordpress\/ -->\n<title>Gaming PC | Ryzen 5 5600X | RTX 3060 12GB | 16GB DDR4 | 512GB NVMe | 550W Bronze | 240mm AIO - Osaka<\/title>\n<meta name=\"robots\" content=\"index, follow, max-snippet:-1, max-image-preview:large, max-video-preview:-1\" \/>\n<link rel=\"canonical\" href=\"https:\/\/osaka.ma\/ru\/product\/gaming-pc-ryzen-5-5600x-rtx-3060-12gb-16gb-ddr4-512gb-nvme-550w-bronze-240mm-aio\/\" \/>\n<meta property=\"og:locale\" content=\"de_DE\" \/>\n<meta property=\"og:type\" content=\"article\" \/>\n<meta property=\"og:title\" content=\"Gaming PC | Ryzen 5 5600X | RTX 3060 12GB | 16GB DDR4 | 512GB NVMe | 550W Bronze | 240mm AIO - Osaka\" \/>\n<meta property=\"og:url\" content=\"https:\/\/osaka.ma\/ru\/product\/gaming-pc-ryzen-5-5600x-rtx-3060-12gb-16gb-ddr4-512gb-nvme-550w-bronze-240mm-aio\/\" \/>\n<meta property=\"og:site_name\" content=\"Osaka\" \/>\n<meta property=\"article:modified_time\" content=\"2025-08-11T17:51:59+00:00\" \/>\n<meta property=\"og:image\" content=\"https:\/\/osaka.ma\/wp-content\/uploads\/2025\/04\/Connect-Bolt-ARGB-1.png\" \/>\n\t<meta property=\"og:image:width\" content=\"594\" \/>\n\t<meta property=\"og:image:height\" content=\"597\" \/>\n\t<meta property=\"og:image:type\" content=\"image\/png\" \/>\n<meta name=\"twitter:card\" content=\"summary_large_image\" \/>\n<meta name=\"twitter:label1\" content=\"Est. reading time\" \/>\n\t<meta name=\"twitter:data1\" content=\"6 minutes\" \/>\n<script type=\"application\/ld+json\" class=\"yoast-schema-graph\">{\"@context\":\"https:\/\/schema.org\",\"@graph\":[{\"@type\":\"WebPage\",\"@id\":\"https:\/\/osaka.ma\/ru\/product\/gaming-pc-ryzen-5-5600x-rtx-3060-12gb-16gb-ddr4-512gb-nvme-550w-bronze-240mm-aio\/\",\"url\":\"https:\/\/osaka.ma\/ru\/product\/gaming-pc-ryzen-5-5600x-rtx-3060-12gb-16gb-ddr4-512gb-nvme-550w-bronze-240mm-aio\/\",\"name\":\"Gaming PC | Ryzen 5 5600X | RTX 3060 12GB | 16GB DDR4 | 512GB NVMe | 550W Bronze | 240mm AIO - Osaka\",\"isPartOf\":{\"@id\":\"https:\/\/osaka.ma\/#website\"},\"primaryImageOfPage\":{\"@id\":\"https:\/\/osaka.ma\/ru\/product\/gaming-pc-ryzen-5-5600x-rtx-3060-12gb-16gb-ddr4-512gb-nvme-550w-bronze-240mm-aio\/#primaryimage\"},\"image\":{\"@id\":\"https:\/\/osaka.ma\/ru\/product\/gaming-pc-ryzen-5-5600x-rtx-3060-12gb-16gb-ddr4-512gb-nvme-550w-bronze-240mm-aio\/#primaryimage\"},\"thumbnailUrl\":\"https:\/\/osaka.ma\/wp-content\/uploads\/2025\/04\/Connect-Bolt-ARGB-1.png\",\"datePublished\":\"2025-04-16T14:35:53+00:00\",\"dateModified\":\"2025-08-11T17:51:59+00:00\",\"breadcrumb\":{\"@id\":\"https:\/\/osaka.ma\/ru\/product\/gaming-pc-ryzen-5-5600x-rtx-3060-12gb-16gb-ddr4-512gb-nvme-550w-bronze-240mm-aio\/#breadcrumb\"},\"inLanguage\":\"de-DE\",\"potentialAction\":[{\"@type\":\"ReadAction\",\"target\":[\"https:\/\/osaka.ma\/ru\/product\/gaming-pc-ryzen-5-5600x-rtx-3060-12gb-16gb-ddr4-512gb-nvme-550w-bronze-240mm-aio\/\"]}]},{\"@type\":\"ImageObject\",\"inLanguage\":\"de-DE\",\"@id\":\"https:\/\/osaka.ma\/ru\/product\/gaming-pc-ryzen-5-5600x-rtx-3060-12gb-16gb-ddr4-512gb-nvme-550w-bronze-240mm-aio\/#primaryimage\",\"url\":\"https:\/\/osaka.ma\/wp-content\/uploads\/2025\/04\/Connect-Bolt-ARGB-1.png\",\"contentUrl\":\"https:\/\/osaka.ma\/wp-content\/uploads\/2025\/04\/Connect-Bolt-ARGB-1.png\",\"width\":594,\"height\":597},{\"@type\":\"BreadcrumbList\",\"@id\":\"https:\/\/osaka.ma\/ru\/product\/gaming-pc-ryzen-5-5600x-rtx-3060-12gb-16gb-ddr4-512gb-nvme-550w-bronze-240mm-aio\/#breadcrumb\",\"itemListElement\":[{\"@type\":\"ListItem\",\"position\":1,\"name\":\"Home\",\"item\":\"https:\/\/osaka.ma\/\"},{\"@type\":\"ListItem\",\"position\":2,\"name\":\"Shop\",\"item\":\"https:\/\/osaka.ma\/shop-2\/\"},{\"@type\":\"ListItem\",\"position\":3,\"name\":\"Gaming PC | Ryzen 5 5600X | RTX 3060 12GB | 16GB DDR4 | 512GB NVMe | 550W Bronze | 240mm AIO\"}]},{\"@type\":\"WebSite\",\"@id\":\"https:\/\/osaka.ma\/#website\",\"url\":\"https:\/\/osaka.ma\/\",\"name\":\"Osaka\",\"description\":\"\",\"publisher\":{\"@id\":\"https:\/\/osaka.ma\/#organization\"},\"potentialAction\":[{\"@type\":\"SearchAction\",\"target\":{\"@type\":\"EntryPoint\",\"urlTemplate\":\"https:\/\/osaka.ma\/?s={search_term_string}\"},\"query-input\":{\"@type\":\"PropertyValueSpecification\",\"valueRequired\":true,\"valueName\":\"search_term_string\"}}],\"inLanguage\":\"de-DE\"},{\"@type\":\"Organization\",\"@id\":\"https:\/\/osaka.ma\/#organization\",\"name\":\"Osaka\",\"url\":\"https:\/\/osaka.ma\/\",\"logo\":{\"@type\":\"ImageObject\",\"inLanguage\":\"de-DE\",\"@id\":\"https:\/\/osaka.ma\/#\/schema\/logo\/image\/\",\"url\":\"https:\/\/osaka.ma\/wp-content\/uploads\/2026\/01\/model-slogan-logo-2Plan-de-travail-1dksl-plus-finnn.png\",\"contentUrl\":\"https:\/\/osaka.ma\/wp-content\/uploads\/2026\/01\/model-slogan-logo-2Plan-de-travail-1dksl-plus-finnn.png\",\"width\":842,\"height\":226,\"caption\":\"Osaka\"},\"image\":{\"@id\":\"https:\/\/osaka.ma\/#\/schema\/logo\/image\/\"}}]}<\/script>\n<!-- \/ Yoast SEO plugin. -->","yoast_head_json":{"title":"Gaming PC | Ryzen 5 5600X | RTX 3060 12GB | 16GB DDR4 | 512GB NVMe | 550W Bronze | 240mm AIO - Osaka","robots":{"index":"index","follow":"follow","max-snippet":"max-snippet:-1","max-image-preview":"max-image-preview:large","max-video-preview":"max-video-preview:-1"},"canonical":"https:\/\/osaka.ma\/ru\/product\/gaming-pc-ryzen-5-5600x-rtx-3060-12gb-16gb-ddr4-512gb-nvme-550w-bronze-240mm-aio\/","og_locale":"de_DE","og_type":"article","og_title":"Gaming PC | Ryzen 5 5600X | RTX 3060 12GB | 16GB DDR4 | 512GB NVMe | 550W Bronze | 240mm AIO - Osaka","og_url":"https:\/\/osaka.ma\/ru\/product\/gaming-pc-ryzen-5-5600x-rtx-3060-12gb-16gb-ddr4-512gb-nvme-550w-bronze-240mm-aio\/","og_site_name":"Osaka","article_modified_time":"2025-08-11T17:51:59+00:00","og_image":[{"width":594,"height":597,"url":"https:\/\/osaka.ma\/wp-content\/uploads\/2025\/04\/Connect-Bolt-ARGB-1.png","type":"image\/png"}],"twitter_card":"summary_large_image","twitter_misc":{"Est. reading time":"6 minutes"},"schema":{"@context":"https:\/\/schema.org","@graph":[{"@type":"WebPage","@id":"https:\/\/osaka.ma\/ru\/product\/gaming-pc-ryzen-5-5600x-rtx-3060-12gb-16gb-ddr4-512gb-nvme-550w-bronze-240mm-aio\/","url":"https:\/\/osaka.ma\/ru\/product\/gaming-pc-ryzen-5-5600x-rtx-3060-12gb-16gb-ddr4-512gb-nvme-550w-bronze-240mm-aio\/","name":"Gaming PC | Ryzen 5 5600X | RTX 3060 12GB | 16GB DDR4 | 512GB NVMe | 550W Bronze | 240mm AIO - Osaka","isPartOf":{"@id":"https:\/\/osaka.ma\/#website"},"primaryImageOfPage":{"@id":"https:\/\/osaka.ma\/ru\/product\/gaming-pc-ryzen-5-5600x-rtx-3060-12gb-16gb-ddr4-512gb-nvme-550w-bronze-240mm-aio\/#primaryimage"},"image":{"@id":"https:\/\/osaka.ma\/ru\/product\/gaming-pc-ryzen-5-5600x-rtx-3060-12gb-16gb-ddr4-512gb-nvme-550w-bronze-240mm-aio\/#primaryimage"},"thumbnailUrl":"https:\/\/osaka.ma\/wp-content\/uploads\/2025\/04\/Connect-Bolt-ARGB-1.png","datePublished":"2025-04-16T14:35:53+00:00","dateModified":"2025-08-11T17:51:59+00:00","breadcrumb":{"@id":"https:\/\/osaka.ma\/ru\/product\/gaming-pc-ryzen-5-5600x-rtx-3060-12gb-16gb-ddr4-512gb-nvme-550w-bronze-240mm-aio\/#breadcrumb"},"inLanguage":"de-DE","potentialAction":[{"@type":"ReadAction","target":["https:\/\/osaka.ma\/ru\/product\/gaming-pc-ryzen-5-5600x-rtx-3060-12gb-16gb-ddr4-512gb-nvme-550w-bronze-240mm-aio\/"]}]},{"@type":"ImageObject","inLanguage":"de-DE","@id":"https:\/\/osaka.ma\/ru\/product\/gaming-pc-ryzen-5-5600x-rtx-3060-12gb-16gb-ddr4-512gb-nvme-550w-bronze-240mm-aio\/#primaryimage","url":"https:\/\/osaka.ma\/wp-content\/uploads\/2025\/04\/Connect-Bolt-ARGB-1.png","contentUrl":"https:\/\/osaka.ma\/wp-content\/uploads\/2025\/04\/Connect-Bolt-ARGB-1.png","width":594,"height":597},{"@type":"BreadcrumbList","@id":"https:\/\/osaka.ma\/ru\/product\/gaming-pc-ryzen-5-5600x-rtx-3060-12gb-16gb-ddr4-512gb-nvme-550w-bronze-240mm-aio\/#breadcrumb","itemListElement":[{"@type":"ListItem","position":1,"name":"Home","item":"https:\/\/osaka.ma\/"},{"@type":"ListItem","position":2,"name":"Shop","item":"https:\/\/osaka.ma\/shop-2\/"},{"@type":"ListItem","position":3,"name":"Gaming PC | Ryzen 5 5600X | RTX 3060 12GB | 16GB DDR4 | 512GB NVMe | 550W Bronze | 240mm AIO"}]},{"@type":"WebSite","@id":"https:\/\/osaka.ma\/#website","url":"https:\/\/osaka.ma\/","name":"Osaka","description":"","publisher":{"@id":"https:\/\/osaka.ma\/#organization"},"potentialAction":[{"@type":"SearchAction","target":{"@type":"EntryPoint","urlTemplate":"https:\/\/osaka.ma\/?s={search_term_string}"},"query-input":{"@type":"PropertyValueSpecification","valueRequired":true,"valueName":"search_term_string"}}],"inLanguage":"de-DE"},{"@type":"Organization","@id":"https:\/\/osaka.ma\/#organization","name":"Osaka","url":"https:\/\/osaka.ma\/","logo":{"@type":"ImageObject","inLanguage":"de-DE","@id":"https:\/\/osaka.ma\/#\/schema\/logo\/image\/","url":"https:\/\/osaka.ma\/wp-content\/uploads\/2026\/01\/model-slogan-logo-2Plan-de-travail-1dksl-plus-finnn.png","contentUrl":"https:\/\/osaka.ma\/wp-content\/uploads\/2026\/01\/model-slogan-logo-2Plan-de-travail-1dksl-plus-finnn.png","width":842,"height":226,"caption":"Osaka"},"image":{"@id":"https:\/\/osaka.ma\/#\/schema\/logo\/image\/"}}]}},"jetpack_sharing_enabled":true,"brands":[],"_links":{"self":[{"href":"https:\/\/osaka.ma\/de\/wp-json\/wp\/v2\/product\/15450","targetHints":{"allow":["GET"]}}],"collection":[{"href":"https:\/\/osaka.ma\/de\/wp-json\/wp\/v2\/product"}],"about":[{"href":"https:\/\/osaka.ma\/de\/wp-json\/wp\/v2\/types\/product"}],"version-history":[{"count":0,"href":"https:\/\/osaka.ma\/de\/wp-json\/wp\/v2\/product\/15450\/revisions"}],"wp:featuredmedia":[{"embeddable":true,"href":"https:\/\/osaka.ma\/de\/wp-json\/wp\/v2\/media\/1015366"}],"wp:attachment":[{"href":"https:\/\/osaka.ma\/de\/wp-json\/wp\/v2\/media?parent=15450"}],"wp:term":[{"taxonomy":"pwb-brand","embeddable":true,"href":"https:\/\/osaka.ma\/de\/wp-json\/wp\/v2\/pwb-brand?post=15450"},{"taxonomy":"product_brand","embeddable":true,"href":"https:\/\/osaka.ma\/de\/wp-json\/wp\/v2\/product_brand?post=15450"},{"taxonomy":"product_cat","embeddable":true,"href":"https:\/\/osaka.ma\/de\/wp-json\/wp\/v2\/product_cat?post=15450"},{"taxonomy":"product_tag","embeddable":true,"href":"https:\/\/osaka.ma\/de\/wp-json\/wp\/v2\/product_tag?post=15450"},{"taxonomy":"pcb_component_type","embeddable":true,"href":"https:\/\/osaka.ma\/de\/wp-json\/wp\/v2\/pcb_component_type?post=15450"}],"curies":[{"name":"wp","href":"https:\/\/api.w.org\/{rel}","templated":true}]}}