{"id":15804,"date":"2025-05-09T16:48:44","date_gmt":"2025-05-09T16:48:44","guid":{"rendered":"https:\/\/osaka.ma\/?post_type=product&#038;p=15804"},"modified":"2025-10-08T00:26:50","modified_gmt":"2025-10-07T23:26:50","slug":"4tb-ssd-samsung-990-pro-nvme-with-heatsink","status":"publish","type":"product","link":"https:\/\/osaka.ma\/de\/product\/4tb-ssd-samsung-990-pro-nvme-with-heatsink\/","title":{"rendered":"4TB SSD SAMSUNG 990 PRO NVMe With Heatsink"},"content":{"rendered":"<div class=\"logo\"><img decoding=\"async\" class=\"aligncenter\" src=\"https:\/\/media.ldlc.com\/v3\/marque\/bo\/00\/06\/07\/33\/V30006073318.jpg\" alt=\"Samsung\" \/><\/div>\n<div id=\"description\" class=\"description\">\n<div class=\"details-pdt-desc\">\n<h2 class=\"h2-master\">SSD 990 PRO\u00a0: SSD PCIe 4.0 ultra-performant<\/h2>\n<section>\n<article class=\"text-token-text-primary w-full focus:outline-none scroll-mt-[calc(var(--header-height)+min(200px,max(70px,20svh)))]\" dir=\"auto\" tabindex=\"-1\" data-turn-id=\"70058f77-6b2b-40ed-bc9f-125e5f3849d6\" data-testid=\"conversation-turn-4\" data-scroll-anchor=\"true\" data-turn=\"assistant\">\n<div class=\"text-base my-auto mx-auto pb-10 [--thread-content-margin:--spacing(4)] @[37rem]:[--thread-content-margin:--spacing(6)] @[72rem]:[--thread-content-margin:--spacing(16)] px-(--thread-content-margin)\">\n<div class=\"[--thread-content-max-width:32rem] @[34rem]:[--thread-content-max-width:40rem] @[64rem]:[--thread-content-max-width:48rem] mx-auto max-w-(--thread-content-max-width) flex-1 group\/turn-messages focus-visible:outline-hidden relative flex w-full min-w-0 flex-col agent-turn\" tabindex=\"-1\">\n<div class=\"flex max-w-full flex-col grow\">\n<div class=\"min-h-8 text-message relative flex w-full flex-col items-end gap-2 text-start break-words whitespace-normal [.text-message+&amp;]:mt-5\" dir=\"auto\" data-message-author-role=\"assistant\" data-message-id=\"9c2bbf57-14d0-4f3d-9793-f6a87e74bf4d\" data-message-model-slug=\"gpt-5\">\n<div class=\"flex w-full flex-col gap-1 empty:hidden first:pt-[3px]\">\n<div class=\"markdown prose dark:prose-invert w-full break-words dark markdown-new-styling\">\n<p data-start=\"0\" data-end=\"252\" data-is-last-node=\"\" data-is-only-node=\"\">Le <strong>Samsung 990 PRO 4 To<\/strong> booste les performances de votre PC avec des vitesses ultra-rapides et une grande endurance. Au format M.2 2280, il exploite l\u2019interface<strong> PCI-E 4.0 x4<\/strong>, la technologie <strong>NVMe 2.0<\/strong>, des puces V-NAND MLC 3 bits et 4 Go de cache LPDDR4.<\/p>\n<p data-start=\"0\" data-end=\"252\" data-is-last-node=\"\" data-is-only-node=\"\">\n<\/div>\n<\/div>\n<\/div>\n<\/div>\n<\/div>\n<\/div>\n<\/article>\n<\/section>\n<section>\n<div class=\"desc-image\"><img decoding=\"async\" src=\"https:\/\/media.ldlc.com\/bo\/images\/fiches\/Disque_dur_SSD\/Samsung\/990_pro\/samsung_990pro_heatsink(1).jpg\" alt=\"\" \/><\/div>\n<div class=\"desc-text\">\n<h2>Performances PCI-Express 4.0<\/h2>\n<p>Le <strong>SSD Samsung 990 PRO NVMe PCIe 4.0<\/strong> offre des vitesses allant jusqu\u2019\u00e0 7 450 Mo\/s en lecture et 6 900 Mo\/s en \u00e9criture, tout en restant compatible PCIe 3.0. Son dissipateur thermique fin assure un contr\u00f4le thermique efficace pour \u00e9viter la surchauffe et maintenir les performances.<\/p>\n<\/div>\n<\/section>\n<section>\n<div class=\"desc-text\">\n<h2>Magicien Samsung<\/h2>\n<p>Acc\u00e9dez \u00e0 la v\u00e9ritable puissance du 990 PRO gr\u00e2ce au logiciel Samsung Magician et \u00e0 ses outils intuitifs : surveillez l&#8217;\u00e9tat du disque, optimisez ses performances, prot\u00e9gez vos donn\u00e9es importantes et recevez toutes les mises \u00e0 jour pour toujours b\u00e9n\u00e9ficier des meilleures performances possibles avec votre SSD.<\/p>\n<\/div>\n<div class=\"desc-image\"><img decoding=\"async\" src=\"https:\/\/media.ldlc.com\/bo\/images\/fiches\/Disque_dur_SSD\/Samsung\/990_pro\/800_2.jpg\" alt=\"\" \/><\/div>\n<\/section>\n<\/div>\n<div>\n<p>&nbsp;<\/p>\n<h3 data-start=\"188\" data-end=\"307\"><strong data-start=\"188\" data-end=\"201\">Caract\u00e9ristiques Principales :<\/strong><\/h3>\n<ul>\n<li><strong data-start=\"188\" data-end=\"201\">Interface<\/strong> : PCIe Gen 4.0 \u00d74, compatible NVMe 2.0 ; r\u00e9trocompatible PCIe 3.0<\/li>\n<li data-start=\"310\" data-end=\"403\"><strong data-start=\"310\" data-end=\"320\">Format<\/strong> : M.2 2280 (80 \u00d7 22 \u00d7 2,3 mm, poids \u2248 9 g)<\/li>\n<li data-start=\"406\" data-end=\"507\"><strong data-start=\"406\" data-end=\"418\">Capacit\u00e9<\/strong> : 4 To (autres options disponibles : 1 To, 2 To)<\/li>\n<li data-start=\"510\" data-end=\"632\"><strong data-start=\"510\" data-end=\"534\">Vitesse s\u00e9quentielle<\/strong> : lecture jusqu\u2019\u00e0 7 450 Mo\/s, \u00e9criture jusqu\u2019\u00e0 6 900 Mo\/s<\/li>\n<li data-start=\"777\" data-end=\"898\"><strong data-start=\"777\" data-end=\"794\">M\u00e9moire flash<\/strong> : NAND V-NAND 3-bits MLC de Samsung, contr\u00f4leur interne (Elpis)<\/li>\n<li data-start=\"901\" data-end=\"990\"><strong data-start=\"901\" data-end=\"910\">Cache<\/strong> : 4 Go de m\u00e9moire LPDDR4 (version 4 To)<\/li>\n<li data-start=\"901\" data-end=\"990\"><strong data-start=\"993\" data-end=\"1015\">Contr\u00f4le thermique<\/strong> : disspateur pour une gestion efficace de la chaleur, \u00e9vitant la throttling thermique<\/li>\n<li data-start=\"1172\" data-end=\"1369\"><strong data-start=\"1172\" data-end=\"1200\">Consommation d&#8217;\u00e9nergie<\/strong>\u00a0: environ 6,5 W en lecture\/\u00e9criture active, environ 55 mW en veille, environ 5,8 mW en mode veille complet<\/li>\n<\/ul>\n<\/div>\n<\/div>\n","protected":false},"excerpt":{"rendered":"<h6><span>SSD 4 To M.2 2280 NVMe 2.0 &#8211; PCIe 4.0 x4 &#8211; Version TRAY<\/span><\/h6>\n<p>Unleash powerhouse performance with the <strong>Samsung 990 PRO w\/ Heatsink<\/strong>\u2014a top-tier <strong>PCIe 4.0 NVMe SSD<\/strong> offering blazing transfer speeds and advanced thermal control. Designed to stay cool even under intense workloads, it\u2019s a go-to choice for pro gamers, creators, and high-performance systems.<\/p>\n","protected":false},"featured_media":1015837,"template":"","meta":{"_acf_changed":false},"pwb-brand":[],"product_brand":[],"product_cat":[17,22],"product_tag":[],"pcb_component_type":[],"class_list":{"0":"post-15804","1":"product","2":"type-product","3":"status-publish","4":"has-post-thumbnail","6":"product_cat-composants-gaming","7":"product_cat-disque-dur-ssd","9":"first","10":"outofstock","11":"shipping-taxable","12":"product-type-simple"},"translation":{"provider":"WPGlobus","version":"3.0.2","language":"de","enabled_languages":["en","es","de","fr","ru"],"languages":{"en":{"title":true,"content":true,"excerpt":true},"es":{"title":false,"content":false,"excerpt":false},"de":{"title":false,"content":false,"excerpt":false},"fr":{"title":false,"content":false,"excerpt":false},"ru":{"title":false,"content":false,"excerpt":false}}},"acf":[],"yoast_head":"<!-- This site is optimized with the Yoast SEO plugin v27.2 - https:\/\/yoast.com\/product\/yoast-seo-wordpress\/ -->\n<title>4TB SAMSUNG 990 PRO avec Heatsink \u2013 Ultra-Rapide M.2 - Osaka<\/title>\n<meta name=\"robots\" content=\"index, follow, max-snippet:-1, max-image-preview:large, max-video-preview:-1\" \/>\n<link rel=\"canonical\" href=\"https:\/\/osaka.ma\/ru\/product\/4tb-ssd-samsung-990-pro-nvme-with-heatsink\/\" \/>\n<meta property=\"og:locale\" content=\"de_DE\" \/>\n<meta property=\"og:type\" content=\"article\" \/>\n<meta property=\"og:title\" content=\"4TB SSD SAMSUNG 990 PRO NVMe With Heatsink - Osaka\" \/>\n<meta property=\"og:url\" content=\"https:\/\/osaka.ma\/ru\/product\/4tb-ssd-samsung-990-pro-nvme-with-heatsink\/\" \/>\n<meta property=\"og:site_name\" content=\"Osaka\" \/>\n<meta property=\"article:modified_time\" content=\"2025-10-07T23:26:50+00:00\" \/>\n<meta property=\"og:image\" content=\"https:\/\/osaka.ma\/wp-content\/uploads\/2025\/05\/SAMSUNG-990-PRO-4TB-1.jpg\" \/>\n\t<meta property=\"og:image:width\" content=\"1600\" \/>\n\t<meta property=\"og:image:height\" content=\"1600\" \/>\n\t<meta property=\"og:image:type\" content=\"image\/jpeg\" \/>\n<meta name=\"twitter:card\" content=\"summary_large_image\" \/>\n<meta name=\"twitter:label1\" content=\"Est. reading time\" \/>\n\t<meta name=\"twitter:data1\" content=\"3 minutes\" \/>\n<script type=\"application\/ld+json\" class=\"yoast-schema-graph\">{\"@context\":\"https:\/\/schema.org\",\"@graph\":[{\"@type\":\"WebPage\",\"@id\":\"https:\/\/osaka.ma\/ru\/product\/4tb-ssd-samsung-990-pro-nvme-with-heatsink\/\",\"url\":\"https:\/\/osaka.ma\/ru\/product\/4tb-ssd-samsung-990-pro-nvme-with-heatsink\/\",\"name\":\"4TB SAMSUNG 990 PRO avec Heatsink \u2013 Ultra-Rapide M.2 - Osaka\",\"isPartOf\":{\"@id\":\"https:\/\/osaka.ma\/#website\"},\"primaryImageOfPage\":{\"@id\":\"https:\/\/osaka.ma\/ru\/product\/4tb-ssd-samsung-990-pro-nvme-with-heatsink\/#primaryimage\"},\"image\":{\"@id\":\"https:\/\/osaka.ma\/ru\/product\/4tb-ssd-samsung-990-pro-nvme-with-heatsink\/#primaryimage\"},\"thumbnailUrl\":\"https:\/\/osaka.ma\/wp-content\/uploads\/2025\/05\/SAMSUNG-990-PRO-4TB-1.jpg\",\"datePublished\":\"2025-05-09T16:48:44+00:00\",\"dateModified\":\"2025-10-07T23:26:50+00:00\",\"description\":\"Boostez votre PC avec le 4TB SAMSUNG 990 PRO avec Heatsink. Profitez de vitesses ultra-rapides et d'une grande endurance d\u00e8s aujourd'hui !\",\"breadcrumb\":{\"@id\":\"https:\/\/osaka.ma\/ru\/product\/4tb-ssd-samsung-990-pro-nvme-with-heatsink\/#breadcrumb\"},\"inLanguage\":\"de-DE\",\"potentialAction\":[{\"@type\":\"ReadAction\",\"target\":[\"https:\/\/osaka.ma\/ru\/product\/4tb-ssd-samsung-990-pro-nvme-with-heatsink\/\"]}]},{\"@type\":\"ImageObject\",\"inLanguage\":\"de-DE\",\"@id\":\"https:\/\/osaka.ma\/ru\/product\/4tb-ssd-samsung-990-pro-nvme-with-heatsink\/#primaryimage\",\"url\":\"https:\/\/osaka.ma\/wp-content\/uploads\/2025\/05\/SAMSUNG-990-PRO-4TB-1.jpg\",\"contentUrl\":\"https:\/\/osaka.ma\/wp-content\/uploads\/2025\/05\/SAMSUNG-990-PRO-4TB-1.jpg\",\"width\":1600,\"height\":1600,\"caption\":\"SAMSUNG 990 PRO HEATSINK\"},{\"@type\":\"BreadcrumbList\",\"@id\":\"https:\/\/osaka.ma\/ru\/product\/4tb-ssd-samsung-990-pro-nvme-with-heatsink\/#breadcrumb\",\"itemListElement\":[{\"@type\":\"ListItem\",\"position\":1,\"name\":\"Home\",\"item\":\"https:\/\/osaka.ma\/\"},{\"@type\":\"ListItem\",\"position\":2,\"name\":\"Shop\",\"item\":\"https:\/\/osaka.ma\/shop-2\/\"},{\"@type\":\"ListItem\",\"position\":3,\"name\":\"4TB SSD SAMSUNG 990 PRO NVMe With Heatsink\"}]},{\"@type\":\"WebSite\",\"@id\":\"https:\/\/osaka.ma\/#website\",\"url\":\"https:\/\/osaka.ma\/\",\"name\":\"Osaka\",\"description\":\"\",\"publisher\":{\"@id\":\"https:\/\/osaka.ma\/#organization\"},\"potentialAction\":[{\"@type\":\"SearchAction\",\"target\":{\"@type\":\"EntryPoint\",\"urlTemplate\":\"https:\/\/osaka.ma\/?s={search_term_string}\"},\"query-input\":{\"@type\":\"PropertyValueSpecification\",\"valueRequired\":true,\"valueName\":\"search_term_string\"}}],\"inLanguage\":\"de-DE\"},{\"@type\":\"Organization\",\"@id\":\"https:\/\/osaka.ma\/#organization\",\"name\":\"Osaka\",\"url\":\"https:\/\/osaka.ma\/\",\"logo\":{\"@type\":\"ImageObject\",\"inLanguage\":\"de-DE\",\"@id\":\"https:\/\/osaka.ma\/#\/schema\/logo\/image\/\",\"url\":\"https:\/\/osaka.ma\/wp-content\/uploads\/2026\/01\/model-slogan-logo-2Plan-de-travail-1dksl-plus-finnn.png\",\"contentUrl\":\"https:\/\/osaka.ma\/wp-content\/uploads\/2026\/01\/model-slogan-logo-2Plan-de-travail-1dksl-plus-finnn.png\",\"width\":842,\"height\":226,\"caption\":\"Osaka\"},\"image\":{\"@id\":\"https:\/\/osaka.ma\/#\/schema\/logo\/image\/\"}}]}<\/script>\n<!-- \/ Yoast SEO plugin. -->","yoast_head_json":{"title":"4TB SAMSUNG 990 PRO avec Heatsink \u2013 Ultra-Rapide M.2 - Osaka","robots":{"index":"index","follow":"follow","max-snippet":"max-snippet:-1","max-image-preview":"max-image-preview:large","max-video-preview":"max-video-preview:-1"},"canonical":"https:\/\/osaka.ma\/ru\/product\/4tb-ssd-samsung-990-pro-nvme-with-heatsink\/","og_locale":"de_DE","og_type":"article","og_title":"4TB SSD SAMSUNG 990 PRO NVMe With Heatsink - Osaka","og_url":"https:\/\/osaka.ma\/ru\/product\/4tb-ssd-samsung-990-pro-nvme-with-heatsink\/","og_site_name":"Osaka","article_modified_time":"2025-10-07T23:26:50+00:00","og_image":[{"width":1600,"height":1600,"url":"https:\/\/osaka.ma\/wp-content\/uploads\/2025\/05\/SAMSUNG-990-PRO-4TB-1.jpg","type":"image\/jpeg"}],"twitter_card":"summary_large_image","twitter_misc":{"Est. reading time":"3 minutes"},"schema":{"@context":"https:\/\/schema.org","@graph":[{"@type":"WebPage","@id":"https:\/\/osaka.ma\/ru\/product\/4tb-ssd-samsung-990-pro-nvme-with-heatsink\/","url":"https:\/\/osaka.ma\/ru\/product\/4tb-ssd-samsung-990-pro-nvme-with-heatsink\/","name":"4TB SAMSUNG 990 PRO avec Heatsink \u2013 Ultra-Rapide M.2 - Osaka","isPartOf":{"@id":"https:\/\/osaka.ma\/#website"},"primaryImageOfPage":{"@id":"https:\/\/osaka.ma\/ru\/product\/4tb-ssd-samsung-990-pro-nvme-with-heatsink\/#primaryimage"},"image":{"@id":"https:\/\/osaka.ma\/ru\/product\/4tb-ssd-samsung-990-pro-nvme-with-heatsink\/#primaryimage"},"thumbnailUrl":"https:\/\/osaka.ma\/wp-content\/uploads\/2025\/05\/SAMSUNG-990-PRO-4TB-1.jpg","datePublished":"2025-05-09T16:48:44+00:00","dateModified":"2025-10-07T23:26:50+00:00","description":"Boostez votre PC avec le 4TB SAMSUNG 990 PRO avec Heatsink. Profitez de vitesses ultra-rapides et d'une grande endurance d\u00e8s aujourd'hui !","breadcrumb":{"@id":"https:\/\/osaka.ma\/ru\/product\/4tb-ssd-samsung-990-pro-nvme-with-heatsink\/#breadcrumb"},"inLanguage":"de-DE","potentialAction":[{"@type":"ReadAction","target":["https:\/\/osaka.ma\/ru\/product\/4tb-ssd-samsung-990-pro-nvme-with-heatsink\/"]}]},{"@type":"ImageObject","inLanguage":"de-DE","@id":"https:\/\/osaka.ma\/ru\/product\/4tb-ssd-samsung-990-pro-nvme-with-heatsink\/#primaryimage","url":"https:\/\/osaka.ma\/wp-content\/uploads\/2025\/05\/SAMSUNG-990-PRO-4TB-1.jpg","contentUrl":"https:\/\/osaka.ma\/wp-content\/uploads\/2025\/05\/SAMSUNG-990-PRO-4TB-1.jpg","width":1600,"height":1600,"caption":"SAMSUNG 990 PRO HEATSINK"},{"@type":"BreadcrumbList","@id":"https:\/\/osaka.ma\/ru\/product\/4tb-ssd-samsung-990-pro-nvme-with-heatsink\/#breadcrumb","itemListElement":[{"@type":"ListItem","position":1,"name":"Home","item":"https:\/\/osaka.ma\/"},{"@type":"ListItem","position":2,"name":"Shop","item":"https:\/\/osaka.ma\/shop-2\/"},{"@type":"ListItem","position":3,"name":"4TB SSD SAMSUNG 990 PRO NVMe With Heatsink"}]},{"@type":"WebSite","@id":"https:\/\/osaka.ma\/#website","url":"https:\/\/osaka.ma\/","name":"Osaka","description":"","publisher":{"@id":"https:\/\/osaka.ma\/#organization"},"potentialAction":[{"@type":"SearchAction","target":{"@type":"EntryPoint","urlTemplate":"https:\/\/osaka.ma\/?s={search_term_string}"},"query-input":{"@type":"PropertyValueSpecification","valueRequired":true,"valueName":"search_term_string"}}],"inLanguage":"de-DE"},{"@type":"Organization","@id":"https:\/\/osaka.ma\/#organization","name":"Osaka","url":"https:\/\/osaka.ma\/","logo":{"@type":"ImageObject","inLanguage":"de-DE","@id":"https:\/\/osaka.ma\/#\/schema\/logo\/image\/","url":"https:\/\/osaka.ma\/wp-content\/uploads\/2026\/01\/model-slogan-logo-2Plan-de-travail-1dksl-plus-finnn.png","contentUrl":"https:\/\/osaka.ma\/wp-content\/uploads\/2026\/01\/model-slogan-logo-2Plan-de-travail-1dksl-plus-finnn.png","width":842,"height":226,"caption":"Osaka"},"image":{"@id":"https:\/\/osaka.ma\/#\/schema\/logo\/image\/"}}]}},"jetpack_sharing_enabled":true,"brands":[],"_links":{"self":[{"href":"https:\/\/osaka.ma\/de\/wp-json\/wp\/v2\/product\/15804","targetHints":{"allow":["GET"]}}],"collection":[{"href":"https:\/\/osaka.ma\/de\/wp-json\/wp\/v2\/product"}],"about":[{"href":"https:\/\/osaka.ma\/de\/wp-json\/wp\/v2\/types\/product"}],"version-history":[{"count":0,"href":"https:\/\/osaka.ma\/de\/wp-json\/wp\/v2\/product\/15804\/revisions"}],"wp:featuredmedia":[{"embeddable":true,"href":"https:\/\/osaka.ma\/de\/wp-json\/wp\/v2\/media\/1015837"}],"wp:attachment":[{"href":"https:\/\/osaka.ma\/de\/wp-json\/wp\/v2\/media?parent=15804"}],"wp:term":[{"taxonomy":"pwb-brand","embeddable":true,"href":"https:\/\/osaka.ma\/de\/wp-json\/wp\/v2\/pwb-brand?post=15804"},{"taxonomy":"product_brand","embeddable":true,"href":"https:\/\/osaka.ma\/de\/wp-json\/wp\/v2\/product_brand?post=15804"},{"taxonomy":"product_cat","embeddable":true,"href":"https:\/\/osaka.ma\/de\/wp-json\/wp\/v2\/product_cat?post=15804"},{"taxonomy":"product_tag","embeddable":true,"href":"https:\/\/osaka.ma\/de\/wp-json\/wp\/v2\/product_tag?post=15804"},{"taxonomy":"pcb_component_type","embeddable":true,"href":"https:\/\/osaka.ma\/de\/wp-json\/wp\/v2\/pcb_component_type?post=15804"}],"curies":[{"name":"wp","href":"https:\/\/api.w.org\/{rel}","templated":true}]}}