{"id":16272,"date":"2025-05-28T16:39:53","date_gmt":"2025-05-28T16:39:53","guid":{"rendered":"https:\/\/osaka.ma\/?post_type=product&#038;p=16272"},"modified":"2025-07-29T18:03:30","modified_gmt":"2025-07-29T17:03:30","slug":"hp-omen-16-xf00061nf-ryzen-9-7940hs-rtx-4070-8gb-32gb-ddr5-1tb-ssd-qhd-240hz-used","status":"publish","type":"product","link":"https:\/\/osaka.ma\/de\/product\/hp-omen-16-xf00061nf-ryzen-9-7940hs-rtx-4070-8gb-32gb-ddr5-1tb-ssd-qhd-240hz-used\/","title":{"rendered":"HP OMEN 16-XF00061NF | Ryzen 9 7940HS | RTX 4070 8GB | 32GB DDR5 | 1TB SSD | QHD 240Hz | Comme neuf"},"content":{"rendered":"<div class=\"backgroundWrapper aem-GridColumn aem-GridColumn--default--12\">\n<div class=\"omen-bg-wrapper bg-mode-cover om-bg-wrapper--1245535319\">\n<div class=\"omen-bg-content\">\n<div class=\"columnContainer\">\n<div class=\"omen-column-container omen-column-container--1059288675 wrap-columns-at-tablet\">\n<div class=\"column-container\">\n<div class=\"omen-column om-col-50 omen-column--1467882374\">\n<div class=\"textAndTitle\">\n<div class=\"om-1-title-and-texts reset-list text-and-title--1425422353 text-color-light description-custom-columns\" data-animation=\"fade-in-left-text\">\n<div class=\"title\">\n<div class=\"logo\"><a href=\"https:\/\/www.ldlc.com\/hp\/bint000004770\/\" rel=\"nofollow noopener\" target=\"_blank\"><img decoding=\"async\" src=\"https:\/\/media.ldlc.com\/v3\/marque\/bo\/00\/03\/15\/98\/V30003159855_2.jpg\" alt=\"HP\" \/><\/a><\/div>\n<div id=\"description\" class=\"description\">\n<div class=\"details-pdt-desc\">\n<h2 class=\"h2-master\">HP OMEN 16-XF00061NF: Performances mobiles et \u00e9cran de 16 pouces 240 Hz<\/h2>\n<section>\u00c0 la fois mince et performant, le PC portable HP OMEN 16-XF00061NF est un parfait compagnon de divertissement num\u00e9rique mobile. Cet ordinateur portable HP b\u00e9n\u00e9ficie notamment de composants performants et d&#8217;un superbe \u00e9cran de 16 pouces QHD+ avec fr\u00e9quence maximale de 240 Hz.<\/section>\n<section>\n<div class=\"desc-image\"><img fetchpriority=\"high\" decoding=\"async\" class=\"alignnone\" src=\"https:\/\/media.ldlc.com\/bo\/images\/fiches\/pc_portables\/hp\/omen_transcend_laptop_16\/801.jpg\" alt=\"HP OMEN 16-XF00061NF | Ryzen 9 7940HS | RTX 4070 8GB | 32GB DDR5 | 1TB SSD | QHD 240Hz | Comme neuf\" width=\"800\" height=\"500\" \/><\/div>\n<div class=\"desc-text\">\n<h2>\u00c9cran de 16 pouces QHD+ 240 Hz<\/h2>\n<p>Avec son \u00e9cran au format 16\/10 avec dalle IPS et r\u00e9solution QHD+, le PC portable HP OMEN Laptop 16 offre une belle qualit\u00e9 d&#8217;image avec des couleurs riches et des angles de vision larges. Avec sa fr\u00e9quence de 240 Hz, il offre aussi un affichage particuli\u00e8rement fluide et pr\u00e9cis, ce qui est id\u00e9al pour le mod\u00e8le 16-XF00061NF.<\/p>\n<\/div>\n<\/section>\n<section>\n<div class=\"desc-text\">\n<h2>HP OMEN 16-XF00061NF: Performances gaming sup\u00e9rieures<\/h2>\n<p>Avec son processeur Ryzen 9 de 13e g\u00e9n\u00e9ration et sa puce graphique NVIDIA GeForce RTX 4060, cet ordinateur portable HP est par\u00e9 pour le jeu. Les puces graphiques NVIDIA GeForce RTX s\u00e9rie 40 offrent de hautes performances pour les joueurs et les cr\u00e9ateurs. Elles utilisent l&#8217;architecture NVIDIA Ada Lovelace ultra-efficace, qui repr\u00e9sente un v\u00e9ritable bond en avant en termes de performances et de graphismes optimis\u00e9s par l&#8217;intelligence artificielle. L&#8217;architecture Ada lib\u00e8re tout le potentiel du ray tracing, qui simule le comportement de la lumi\u00e8re dans le monde r\u00e9el. Ce mod\u00e8le particulier, le 16-XF00061NF, est con\u00e7u avec ces innovations.<\/p>\n<\/div>\n<div class=\"desc-image\"><img decoding=\"async\" class=\"alignnone\" src=\"https:\/\/media.ldlc.com\/bo\/images\/fiches\/pc_portables\/hp\/omen_transcend_laptop_16\/802.jpg\" alt=\"HP OMEN 16-XF00061NF | Ryzen 9 7940HS | RTX 4070 8GB | 32GB DDR5 | 1TB SSD | QHD 240Hz | Comme neuf\" width=\"800\" height=\"500\" \/><\/div>\n<\/section>\n<section class=\"list\">\n<h2>Caract\u00e9ristiques principales du HP OMEN 16-XF00061NF:<\/h2>\n<p><strong data-start=\"397\" data-end=\"413\">Processeur :<\/strong> AMD Ryzen 9 7940HS (int\u00e8gre Radeon 780M Graphics)<br data-start=\"463\" data-end=\"466\" \/><strong data-start=\"469\" data-end=\"490\">Carte Graphique :<\/strong> NVIDIA RTX 4070 8GB<br data-start=\"510\" data-end=\"513\" \/><strong data-start=\"516\" data-end=\"525\">RAM :<\/strong> 32GB DDR5 5600MHz (2x16GB)<br data-start=\"552\" data-end=\"555\" \/><strong data-start=\"558\" data-end=\"572\">Stockage :<\/strong> 1TB SSD NVMe<br data-start=\"585\" data-end=\"588\" \/><strong data-start=\"592\" data-end=\"603\">\u00c9cran :<\/strong> 16&#8243; QHD (2560&#215;1440) 240Hz<br data-start=\"629\" data-end=\"632\" \/><strong data-start=\"635\" data-end=\"648\">Clavier :<\/strong> AZERTY R\u00e9tro\u00e9clair\u00e9 RGB<br data-start=\"672\" data-end=\"675\" \/><strong data-start=\"678\" data-end=\"692\">Batterie :<\/strong> 88.7%<br data-start=\"698\" data-end=\"701\" \/><strong data-start=\"704\" data-end=\"729\">Dur\u00e9e d\u2019utilisation :<\/strong> 45 jours<br data-start=\"738\" data-end=\"741\" \/><strong data-start=\"744\" data-end=\"757\">Syst\u00e8me :<\/strong> Windows 11 Famille<br data-start=\"776\" data-end=\"779\" \/><strong data-start=\"782\" data-end=\"792\">\u00c9tat :<\/strong> Comme neuf \u2013 Sans emballage, id\u00e9al pour le mod\u00e8le HP OMEN 16-XF00061NF.<\/p>\n<\/section>\n<\/div>\n<\/div>\n<\/div>\n<\/div>\n<\/div>\n<\/div>\n<\/div>\n<\/div>\n<\/div>\n<\/div>\n<\/div>\n<\/div>\n","protected":false},"excerpt":{"rendered":"<div class=\"columnContainer aem-GridColumn aem-GridColumn--default--12\">\n<div class=\"omen-column-container omen-column-container--193923157 wrap-columns-at-mobile\">\n<div class=\"column-container\">\n<div class=\"omen-column om-col-50 omen-column-1913920296\">\n<div class=\"textAndTitle\">\n<div class=\"om-1-title-and-texts reset-list text-and-title-1004065921 description-custom-columns\" data-animation=\"fade-in-left-text\">\n<div class=\"description\">\n<p data-start=\"226\" data-end=\"353\">Un monstre de performance pour les gamers et cr\u00e9ateurs exigeants. \u00c9cran QHD 240Hz, puissance AMD + NVIDIA, RAM ultra-rapide.<\/p>\n<p data-start=\"355\" data-end=\"820\"><strong data-start=\"358\" data-end=\"391\">Caract\u00e9ristiques techniques :<\/strong><br data-start=\"391\" data-end=\"394\" \/><strong data-start=\"397\" data-end=\"413\">Processeur :<\/strong> AMD Ryzen 9 7940HS (int\u00e8gre Radeon 780M Graphics)<br data-start=\"463\" data-end=\"466\" \/><strong data-start=\"469\" data-end=\"490\">Carte Graphique :<\/strong> NVIDIA RTX 4070 8GB<br data-start=\"510\" data-end=\"513\" \/><strong data-start=\"516\" data-end=\"525\">RAM :<\/strong> 32GB DDR5 5600MHz (2x16GB)<br data-start=\"552\" data-end=\"555\" \/><strong data-start=\"558\" data-end=\"572\">Stockage :<\/strong> 1TB SSD NVMe<br data-start=\"585\" data-end=\"588\" \/><strong data-start=\"592\" data-end=\"603\">\u00c9cran :<\/strong> 16&#8243; QHD (2560&#215;1440) 240Hz<br data-start=\"629\" data-end=\"632\" \/><strong data-start=\"635\" data-end=\"648\">Clavier :<\/strong> AZERTY R\u00e9tro\u00e9clair\u00e9 RGB<br data-start=\"672\" data-end=\"675\" \/><strong data-start=\"678\" data-end=\"692\">Batterie :<\/strong> 88.7%<br data-start=\"698\" data-end=\"701\" \/><strong data-start=\"704\" data-end=\"729\">Dur\u00e9e d\u2019utilisation :<\/strong> 45 jours<br data-start=\"738\" data-end=\"741\" \/><strong data-start=\"744\" data-end=\"757\">Syst\u00e8me :<\/strong> Windows 11 Famille<br data-start=\"776\" data-end=\"779\" \/><strong data-start=\"782\" data-end=\"792\">\u00c9tat :<\/strong> Comme neuf \u2013 Sans emballage<\/p>\n<\/div>\n<\/div>\n<\/div>\n<\/div>\n<\/div>\n<\/div>\n<\/div>\n","protected":false},"featured_media":1016273,"template":"","meta":{"_acf_changed":false},"pwb-brand":[],"product_brand":[],"product_cat":[122,121,126],"product_tag":[],"pcb_component_type":[],"class_list":{"0":"post-16272","1":"product","2":"type-product","3":"status-publish","4":"has-post-thumbnail","6":"product_cat-gaming","7":"product_cat-pc-portable","8":"product_cat-professional","10":"first","11":"outofstock","12":"shipping-taxable","13":"product-type-simple"},"translation":{"provider":"WPGlobus","version":"3.0.2","language":"de","enabled_languages":["en","es","de","fr","ru"],"languages":{"en":{"title":true,"content":true,"excerpt":true},"es":{"title":false,"content":false,"excerpt":false},"de":{"title":false,"content":false,"excerpt":false},"fr":{"title":false,"content":false,"excerpt":false},"ru":{"title":false,"content":false,"excerpt":false}}},"acf":[],"yoast_head":"<!-- This site is optimized with the Yoast SEO plugin v27.2 - https:\/\/yoast.com\/product\/yoast-seo-wordpress\/ -->\n<title>HP OMEN 16-XF00061NF | Ryzen 9 7940HS | RTX 4070 8GB | 32GB DDR5 | 1TB SSD | QHD 240Hz | Comme neuf - Osaka<\/title>\n<meta name=\"robots\" content=\"index, follow, max-snippet:-1, max-image-preview:large, max-video-preview:-1\" \/>\n<link rel=\"canonical\" href=\"https:\/\/osaka.ma\/fr\/product\/hp-omen-16-xf00061nf-ryzen-9-7940hs-rtx-4070-8gb-32gb-ddr5-1tb-ssd-qhd-240hz-used\/\" \/>\n<meta property=\"og:locale\" content=\"de_DE\" \/>\n<meta property=\"og:type\" content=\"article\" \/>\n<meta property=\"og:title\" content=\"HP OMEN 16-XF00061NF | Ryzen 9 7940HS | RTX 4070 8GB | 32GB DDR5 | 1TB SSD | QHD 240Hz | Comme neuf - Osaka\" \/>\n<meta property=\"og:url\" content=\"https:\/\/osaka.ma\/fr\/product\/hp-omen-16-xf00061nf-ryzen-9-7940hs-rtx-4070-8gb-32gb-ddr5-1tb-ssd-qhd-240hz-used\/\" \/>\n<meta property=\"og:site_name\" content=\"Osaka\" \/>\n<meta property=\"article:modified_time\" content=\"2025-07-29T17:03:30+00:00\" \/>\n<meta name=\"twitter:card\" content=\"summary_large_image\" \/>\n<meta name=\"twitter:label1\" content=\"Est. reading time\" \/>\n\t<meta name=\"twitter:data1\" content=\"4 minutes\" \/>\n<script type=\"application\/ld+json\" class=\"yoast-schema-graph\">{\"@context\":\"https:\/\/schema.org\",\"@graph\":[{\"@type\":\"WebPage\",\"@id\":\"https:\/\/osaka.ma\/fr\/product\/hp-omen-16-xf00061nf-ryzen-9-7940hs-rtx-4070-8gb-32gb-ddr5-1tb-ssd-qhd-240hz-used\/\",\"url\":\"https:\/\/osaka.ma\/fr\/product\/hp-omen-16-xf00061nf-ryzen-9-7940hs-rtx-4070-8gb-32gb-ddr5-1tb-ssd-qhd-240hz-used\/\",\"name\":\"HP OMEN 16-XF00061NF | Ryzen 9 7940HS | RTX 4070 8GB | 32GB DDR5 | 1TB SSD | QHD 240Hz | Comme neuf - Osaka\",\"isPartOf\":{\"@id\":\"https:\/\/osaka.ma\/#website\"},\"primaryImageOfPage\":{\"@id\":\"https:\/\/osaka.ma\/fr\/product\/hp-omen-16-xf00061nf-ryzen-9-7940hs-rtx-4070-8gb-32gb-ddr5-1tb-ssd-qhd-240hz-used\/#primaryimage\"},\"image\":{\"@id\":\"https:\/\/osaka.ma\/fr\/product\/hp-omen-16-xf00061nf-ryzen-9-7940hs-rtx-4070-8gb-32gb-ddr5-1tb-ssd-qhd-240hz-used\/#primaryimage\"},\"thumbnailUrl\":\"https:\/\/osaka.ma\/wp-content\/uploads\/2025\/05\/OMEN-16-GAMING-LAPTOP-1.avif\",\"datePublished\":\"2025-05-28T16:39:53+00:00\",\"dateModified\":\"2025-07-29T17:03:30+00:00\",\"breadcrumb\":{\"@id\":\"https:\/\/osaka.ma\/fr\/product\/hp-omen-16-xf00061nf-ryzen-9-7940hs-rtx-4070-8gb-32gb-ddr5-1tb-ssd-qhd-240hz-used\/#breadcrumb\"},\"inLanguage\":\"de-DE\",\"potentialAction\":[{\"@type\":\"ReadAction\",\"target\":[\"https:\/\/osaka.ma\/fr\/product\/hp-omen-16-xf00061nf-ryzen-9-7940hs-rtx-4070-8gb-32gb-ddr5-1tb-ssd-qhd-240hz-used\/\"]}]},{\"@type\":\"ImageObject\",\"inLanguage\":\"de-DE\",\"@id\":\"https:\/\/osaka.ma\/fr\/product\/hp-omen-16-xf00061nf-ryzen-9-7940hs-rtx-4070-8gb-32gb-ddr5-1tb-ssd-qhd-240hz-used\/#primaryimage\",\"url\":\"https:\/\/osaka.ma\/wp-content\/uploads\/2025\/05\/OMEN-16-GAMING-LAPTOP-1.avif\",\"contentUrl\":\"https:\/\/osaka.ma\/wp-content\/uploads\/2025\/05\/OMEN-16-GAMING-LAPTOP-1.avif\",\"width\":1622,\"height\":1378,\"caption\":\"HP OMEN 16-XF00061NF | Ryzen 9 7940HS | RTX 4070 8GB | 32GB DDR5 | 1TB SSD | QHD 240Hz | Comme neuf\"},{\"@type\":\"BreadcrumbList\",\"@id\":\"https:\/\/osaka.ma\/fr\/product\/hp-omen-16-xf00061nf-ryzen-9-7940hs-rtx-4070-8gb-32gb-ddr5-1tb-ssd-qhd-240hz-used\/#breadcrumb\",\"itemListElement\":[{\"@type\":\"ListItem\",\"position\":1,\"name\":\"Home\",\"item\":\"https:\/\/osaka.ma\/\"},{\"@type\":\"ListItem\",\"position\":2,\"name\":\"Shop\",\"item\":\"https:\/\/osaka.ma\/shop-2\/\"},{\"@type\":\"ListItem\",\"position\":3,\"name\":\"HP OMEN 16-XF00061NF | Ryzen 9 7940HS | RTX 4070 8GB | 32GB DDR5 | 1TB SSD | QHD 240Hz | Comme neuf\"}]},{\"@type\":\"WebSite\",\"@id\":\"https:\/\/osaka.ma\/#website\",\"url\":\"https:\/\/osaka.ma\/\",\"name\":\"Osaka\",\"description\":\"\",\"publisher\":{\"@id\":\"https:\/\/osaka.ma\/#organization\"},\"potentialAction\":[{\"@type\":\"SearchAction\",\"target\":{\"@type\":\"EntryPoint\",\"urlTemplate\":\"https:\/\/osaka.ma\/?s={search_term_string}\"},\"query-input\":{\"@type\":\"PropertyValueSpecification\",\"valueRequired\":true,\"valueName\":\"search_term_string\"}}],\"inLanguage\":\"de-DE\"},{\"@type\":\"Organization\",\"@id\":\"https:\/\/osaka.ma\/#organization\",\"name\":\"Osaka\",\"url\":\"https:\/\/osaka.ma\/\",\"logo\":{\"@type\":\"ImageObject\",\"inLanguage\":\"de-DE\",\"@id\":\"https:\/\/osaka.ma\/#\/schema\/logo\/image\/\",\"url\":\"https:\/\/osaka.ma\/wp-content\/uploads\/2026\/01\/model-slogan-logo-2Plan-de-travail-1dksl-plus-finnn.png\",\"contentUrl\":\"https:\/\/osaka.ma\/wp-content\/uploads\/2026\/01\/model-slogan-logo-2Plan-de-travail-1dksl-plus-finnn.png\",\"width\":842,\"height\":226,\"caption\":\"Osaka\"},\"image\":{\"@id\":\"https:\/\/osaka.ma\/#\/schema\/logo\/image\/\"}}]}<\/script>\n<!-- \/ Yoast SEO plugin. -->","yoast_head_json":{"title":"HP OMEN 16-XF00061NF | Ryzen 9 7940HS | RTX 4070 8GB | 32GB DDR5 | 1TB SSD | QHD 240Hz | Comme neuf - Osaka","robots":{"index":"index","follow":"follow","max-snippet":"max-snippet:-1","max-image-preview":"max-image-preview:large","max-video-preview":"max-video-preview:-1"},"canonical":"https:\/\/osaka.ma\/fr\/product\/hp-omen-16-xf00061nf-ryzen-9-7940hs-rtx-4070-8gb-32gb-ddr5-1tb-ssd-qhd-240hz-used\/","og_locale":"de_DE","og_type":"article","og_title":"HP OMEN 16-XF00061NF | Ryzen 9 7940HS | RTX 4070 8GB | 32GB DDR5 | 1TB SSD | QHD 240Hz | Comme neuf - Osaka","og_url":"https:\/\/osaka.ma\/fr\/product\/hp-omen-16-xf00061nf-ryzen-9-7940hs-rtx-4070-8gb-32gb-ddr5-1tb-ssd-qhd-240hz-used\/","og_site_name":"Osaka","article_modified_time":"2025-07-29T17:03:30+00:00","twitter_card":"summary_large_image","twitter_misc":{"Est. reading time":"4 minutes"},"schema":{"@context":"https:\/\/schema.org","@graph":[{"@type":"WebPage","@id":"https:\/\/osaka.ma\/fr\/product\/hp-omen-16-xf00061nf-ryzen-9-7940hs-rtx-4070-8gb-32gb-ddr5-1tb-ssd-qhd-240hz-used\/","url":"https:\/\/osaka.ma\/fr\/product\/hp-omen-16-xf00061nf-ryzen-9-7940hs-rtx-4070-8gb-32gb-ddr5-1tb-ssd-qhd-240hz-used\/","name":"HP OMEN 16-XF00061NF | Ryzen 9 7940HS | RTX 4070 8GB | 32GB DDR5 | 1TB SSD | QHD 240Hz | Comme neuf - Osaka","isPartOf":{"@id":"https:\/\/osaka.ma\/#website"},"primaryImageOfPage":{"@id":"https:\/\/osaka.ma\/fr\/product\/hp-omen-16-xf00061nf-ryzen-9-7940hs-rtx-4070-8gb-32gb-ddr5-1tb-ssd-qhd-240hz-used\/#primaryimage"},"image":{"@id":"https:\/\/osaka.ma\/fr\/product\/hp-omen-16-xf00061nf-ryzen-9-7940hs-rtx-4070-8gb-32gb-ddr5-1tb-ssd-qhd-240hz-used\/#primaryimage"},"thumbnailUrl":"https:\/\/osaka.ma\/wp-content\/uploads\/2025\/05\/OMEN-16-GAMING-LAPTOP-1.avif","datePublished":"2025-05-28T16:39:53+00:00","dateModified":"2025-07-29T17:03:30+00:00","breadcrumb":{"@id":"https:\/\/osaka.ma\/fr\/product\/hp-omen-16-xf00061nf-ryzen-9-7940hs-rtx-4070-8gb-32gb-ddr5-1tb-ssd-qhd-240hz-used\/#breadcrumb"},"inLanguage":"de-DE","potentialAction":[{"@type":"ReadAction","target":["https:\/\/osaka.ma\/fr\/product\/hp-omen-16-xf00061nf-ryzen-9-7940hs-rtx-4070-8gb-32gb-ddr5-1tb-ssd-qhd-240hz-used\/"]}]},{"@type":"ImageObject","inLanguage":"de-DE","@id":"https:\/\/osaka.ma\/fr\/product\/hp-omen-16-xf00061nf-ryzen-9-7940hs-rtx-4070-8gb-32gb-ddr5-1tb-ssd-qhd-240hz-used\/#primaryimage","url":"https:\/\/osaka.ma\/wp-content\/uploads\/2025\/05\/OMEN-16-GAMING-LAPTOP-1.avif","contentUrl":"https:\/\/osaka.ma\/wp-content\/uploads\/2025\/05\/OMEN-16-GAMING-LAPTOP-1.avif","width":1622,"height":1378,"caption":"HP OMEN 16-XF00061NF | Ryzen 9 7940HS | RTX 4070 8GB | 32GB DDR5 | 1TB SSD | QHD 240Hz | Comme neuf"},{"@type":"BreadcrumbList","@id":"https:\/\/osaka.ma\/fr\/product\/hp-omen-16-xf00061nf-ryzen-9-7940hs-rtx-4070-8gb-32gb-ddr5-1tb-ssd-qhd-240hz-used\/#breadcrumb","itemListElement":[{"@type":"ListItem","position":1,"name":"Home","item":"https:\/\/osaka.ma\/"},{"@type":"ListItem","position":2,"name":"Shop","item":"https:\/\/osaka.ma\/shop-2\/"},{"@type":"ListItem","position":3,"name":"HP OMEN 16-XF00061NF | Ryzen 9 7940HS | RTX 4070 8GB | 32GB DDR5 | 1TB SSD | QHD 240Hz | Comme neuf"}]},{"@type":"WebSite","@id":"https:\/\/osaka.ma\/#website","url":"https:\/\/osaka.ma\/","name":"Osaka","description":"","publisher":{"@id":"https:\/\/osaka.ma\/#organization"},"potentialAction":[{"@type":"SearchAction","target":{"@type":"EntryPoint","urlTemplate":"https:\/\/osaka.ma\/?s={search_term_string}"},"query-input":{"@type":"PropertyValueSpecification","valueRequired":true,"valueName":"search_term_string"}}],"inLanguage":"de-DE"},{"@type":"Organization","@id":"https:\/\/osaka.ma\/#organization","name":"Osaka","url":"https:\/\/osaka.ma\/","logo":{"@type":"ImageObject","inLanguage":"de-DE","@id":"https:\/\/osaka.ma\/#\/schema\/logo\/image\/","url":"https:\/\/osaka.ma\/wp-content\/uploads\/2026\/01\/model-slogan-logo-2Plan-de-travail-1dksl-plus-finnn.png","contentUrl":"https:\/\/osaka.ma\/wp-content\/uploads\/2026\/01\/model-slogan-logo-2Plan-de-travail-1dksl-plus-finnn.png","width":842,"height":226,"caption":"Osaka"},"image":{"@id":"https:\/\/osaka.ma\/#\/schema\/logo\/image\/"}}]}},"jetpack_sharing_enabled":true,"brands":[],"_links":{"self":[{"href":"https:\/\/osaka.ma\/de\/wp-json\/wp\/v2\/product\/16272","targetHints":{"allow":["GET"]}}],"collection":[{"href":"https:\/\/osaka.ma\/de\/wp-json\/wp\/v2\/product"}],"about":[{"href":"https:\/\/osaka.ma\/de\/wp-json\/wp\/v2\/types\/product"}],"version-history":[{"count":0,"href":"https:\/\/osaka.ma\/de\/wp-json\/wp\/v2\/product\/16272\/revisions"}],"wp:featuredmedia":[{"embeddable":true,"href":"https:\/\/osaka.ma\/de\/wp-json\/wp\/v2\/media\/1016273"}],"wp:attachment":[{"href":"https:\/\/osaka.ma\/de\/wp-json\/wp\/v2\/media?parent=16272"}],"wp:term":[{"taxonomy":"pwb-brand","embeddable":true,"href":"https:\/\/osaka.ma\/de\/wp-json\/wp\/v2\/pwb-brand?post=16272"},{"taxonomy":"product_brand","embeddable":true,"href":"https:\/\/osaka.ma\/de\/wp-json\/wp\/v2\/product_brand?post=16272"},{"taxonomy":"product_cat","embeddable":true,"href":"https:\/\/osaka.ma\/de\/wp-json\/wp\/v2\/product_cat?post=16272"},{"taxonomy":"product_tag","embeddable":true,"href":"https:\/\/osaka.ma\/de\/wp-json\/wp\/v2\/product_tag?post=16272"},{"taxonomy":"pcb_component_type","embeddable":true,"href":"https:\/\/osaka.ma\/de\/wp-json\/wp\/v2\/pcb_component_type?post=16272"}],"curies":[{"name":"wp","href":"https:\/\/api.w.org\/{rel}","templated":true}]}}