{"id":16433,"date":"2025-06-05T11:35:19","date_gmt":"2025-06-05T11:35:19","guid":{"rendered":"https:\/\/osaka.ma\/?post_type=product&#038;p=16433"},"modified":"2025-08-08T12:03:00","modified_gmt":"2025-08-08T11:03:00","slug":"dell-xps-9640-ultra-7-155h-rtx-4050-6gb-16gb-ddr5-6400mhz-1tb-ssd-fhd-120hz-new-without-box","status":"publish","type":"product","link":"https:\/\/osaka.ma\/de\/product\/dell-xps-9640-ultra-7-155h-rtx-4050-6gb-16gb-ddr5-6400mhz-1tb-ssd-fhd-120hz-new-without-box\/","title":{"rendered":"DELL XPS 9640 | Ultra 7 155H | RTX 4050 6GB | 16GB DDR5 6400MHz | 1TB SSD | FHD+ 120Hz | NEW WITHOUT BOX"},"content":{"rendered":"<h2 data-start=\"44\" data-end=\"96\">\u2728 Dell XPS\u202f16\u202f9640 \u2014 Puissance raffin\u00e9e, AI pr\u00eate<\/h2>\n<h3 data-start=\"98\" data-end=\"131\">\ud83d\udd27 Performances haut de gamme<\/h3>\n<p data-start=\"132\" data-end=\"287\">Le XPS, \u00e9quip\u00e9 d\u2019un <strong>Intel Core Ultra 7 155H<\/strong> et d\u2019une <strong>RTX 4050<\/strong>, offre puissance et r\u00e9activit\u00e9 pour la cr\u00e9ation, le multit\u00e2che et un gaming mod\u00e9r\u00e9.<\/p>\n<h3 data-start=\"289\" data-end=\"314\">\ud83d\udcbe Memoire &amp; Stockage<\/h3>\n<ul data-start=\"315\" data-end=\"472\">\n<li data-start=\"315\" data-end=\"393\">\n<p data-start=\"317\" data-end=\"393\"><span class=\"relative -mx-px my-[-0.2rem] rounded px-px py-[0.2rem] transition-colors duration-100 ease-in-out\"><strong data-start=\"0\" data-end=\"36\" data-is-only-node=\"\">16\u202fGo de RAM LPDDR5X \u202f6400\u202fMT\/s<\/strong>, soud\u00e9s pour une rapidit\u00e9 et une efficacit\u00e9 \u00e9nerg\u00e9tique maximales<\/span><\/p>\n<\/li>\n<li data-start=\"394\" data-end=\"472\">\n<p data-start=\"396\" data-end=\"472\"><span class=\"relative -mx-px my-[-0.2rem] rounded px-px py-[0.2rem] transition-colors duration-100 ease-in-out\"><strong data-start=\"0\" data-end=\"28\" data-is-only-node=\"\">SSD M.2 PCIe\u202f4.0 de 1\u202fTo<\/strong> : lancement instantan\u00e9 du syst\u00e8me, chargements ultra-rapides et silence absolu<\/span><\/p>\n<\/li>\n<\/ul>\n<h3 data-start=\"474\" data-end=\"514\">\ud83d\udda5\ufe0f \u00c9cran immersif 16,3&#8243; FHD+ 120\u202fHz<\/h3>\n<p data-start=\"515\" data-end=\"593\"><span class=\"relative -mx-px my-[-0.2rem] rounded px-px py-[0.2rem] transition-colors duration-100 ease-in-out\">Dalle <strong data-start=\"6\" data-end=\"28\">1920 \u00d7 1200 (FHD+)<\/strong>, <strong data-start=\"30\" data-end=\"59\">non tactile, InfinityEdge<\/strong>, antireflets, jusqu\u2019\u00e0 <strong data-start=\"82\" data-end=\"108\">500\u202fnits de luminosit\u00e9<\/strong>, support 100\u202f% sRGB, contraste 2000:1, angles de vision larges, taux de rafra\u00eechissement variable de 30 \u00e0 120\u202fHz pour une exp\u00e9rience visuelle fluide et confortable<\/span><\/p>\n<h3 data-start=\"595\" data-end=\"619\">\ud83c\udfa7 Design et confort<\/h3>\n<p data-start=\"620\" data-end=\"725\"><span class=\"relative -mx-px my-[-0.2rem] rounded px-px py-[0.2rem] transition-colors duration-100 ease-in-out\">Fabriqu\u00e9 en aluminium usin\u00e9 CNC, avec repose-poignets en <strong data-start=\"57\" data-end=\"84\">Corning Gorilla Glass\u202f3<\/strong> et pav\u00e9 tactile haptique sans joint \u2014 finition graphite ou platinum, gage d\u2019une \u00e9l\u00e9gance discr\u00e8te et d\u2019une robustesse premium .<\/span><\/p>\n<h3 data-start=\"809\" data-end=\"854\">\ud83d\udd0c Connectivit\u00e9 moderne et audio immersif<\/h3>\n<ul data-start=\"855\" data-end=\"1020\">\n<li data-start=\"855\" data-end=\"896\">\n<p data-start=\"857\" data-end=\"896\"><span class=\"relative -mx-px my-[-0.2rem] rounded px-px py-[0.2rem] transition-colors duration-100 ease-in-out\"><strong data-start=\"0\" data-end=\"83\" data-is-last-node=\"\" data-is-only-node=\"\">3 ports Thunderbolt\u2122\u202f4 Gen\u202f2 (USB\u2011C, DisplayPort Alt Mode\/USB4, power delivery)<\/strong><\/span><\/p>\n<\/li>\n<li data-start=\"897\" data-end=\"938\">\n<p data-start=\"899\" data-end=\"938\"><span class=\"relative -mx-px my-[-0.2rem] rounded px-px py-[0.2rem] transition-colors duration-100 ease-in-out\"><strong data-start=\"0\" data-end=\"26\" data-is-only-node=\"\">Lecteur microSDXC v6.0<\/strong>, prise combo casque\/micro (jack 3,5\u202fmm)<\/span><\/p>\n<\/li>\n<li data-start=\"939\" data-end=\"1020\">\n<p data-start=\"941\" data-end=\"1020\"><span class=\"relative -mx-px my-[-0.2rem] rounded px-px py-[0.2rem] transition-colors duration-100 ease-in-out\"><strong data-start=\"0\" data-end=\"45\" data-is-only-node=\"\">Audio Waves MaxxAudio\u00ae Pro + Waves Nx\u00ae 3D<\/strong>, syst\u00e8me \u00e0 4 haut-parleurs avec suivi de t\u00eate pour un son immersif<\/span><\/p>\n<\/li>\n<\/ul>\n<h3 data-start=\"1022\" data-end=\"1049\">\ud83d\udd0b Autonomie &amp; mobilit\u00e9<\/h3>\n<p data-start=\"1050\" data-end=\"1130\"><span class=\"relative -mx-px my-[-0.2rem] rounded px-px py-[0.2rem] transition-colors duration-100 ease-in-out\">Batterie haute capacit\u00e9 de <strong data-start=\"27\" data-end=\"38\">99,5\u202fWh<\/strong>, support de la fonction <strong data-start=\"63\" data-end=\"84\">ExpressCharge 1.0<\/strong>, et un bo\u00eetier l\u00e9ger (\u2248\u202f2,13\u202fkg) selon la configuration. Id\u00e9al pour les cr\u00e9atifs et les professionnels en d\u00e9placement<\/span><\/p>\n<h5 data-start=\"1050\" data-end=\"1130\"><strong data-start=\"282\" data-end=\"304\">Caract\u00e9ristiques principales :<\/strong><\/h5>\n<ul>\n<li><strong data-start=\"1334\" data-end=\"1348\">Processeur <\/strong><span class=\"relative -mx-px my-[-0.2rem] rounded px-px py-[0.2rem] transition-colors duration-100 ease-in-out\">Intel\u202fCore\u2122 Ultra\u202f7\u202f155H (16 c\u0153urs, jusqu\u2019\u00e0 4,8\u202fGHz)<\/span><\/li>\n<li><strong data-start=\"1405\" data-end=\"1416\">M\u00e9moire<\/strong><span class=\"relative -mx-px my-[-0.2rem] rounded px-px py-[0.2rem] transition-colors duration-100 ease-in-out\">16\u202fGo LPDDR5X \u202f6400\u202fMHz<\/span><\/li>\n<li><strong data-start=\"1493\" data-end=\"1505\">Stockage <\/strong><span class=\"relative -mx-px my-[-0.2rem] rounded px-px py-[0.2rem] transition-colors duration-100 ease-in-out\">1\u202fTo SSD PCIe\u202f4.0 NVMe<\/span><\/li>\n<li><strong data-start=\"1584\" data-end=\"1603\">Carte graphique <\/strong><span class=\"relative -mx-px my-[-0.2rem] rounded px-px py-[0.2rem] transition-colors duration-100 ease-in-out\">NVIDIA RTX\u202f4050 6\u202fGo GDDR6\u00a0<\/span><\/li>\n<li><strong data-start=\"1663\" data-end=\"1672\">\u00c9cran<\/strong><span class=\"relative -mx-px my-[-0.2rem] rounded px-px py-[0.2rem] transition-colors duration-100 ease-in-out\">16,3&#8243; FHD+ 120\u202fHz, antireflets, InfinityEdge<\/span><\/li>\n<li><strong data-start=\"1734\" data-end=\"1745\">Ch\u00e2ssis <\/strong><span class=\"relative -mx-px my-[-0.2rem] rounded px-px py-[0.2rem] transition-colors duration-100 ease-in-out\">Aluminium CNC + verre Gorilla (touchpad haptique)<\/span><\/li>\n<li><strong data-start=\"1805\" data-end=\"1829\">Ports &amp; connectivit\u00e9 <\/strong><span class=\"relative -mx-px my-[-0.2rem] rounded px-px py-[0.2rem] transition-colors duration-100 ease-in-out\">3\u00d7 Thunderbolt\u202f4, microSD, audio Jack<\/span><\/li>\n<li><strong data-start=\"1881\" data-end=\"1890\">Audio <\/strong><span class=\"relative -mx-px my-[-0.2rem] rounded px-px py-[0.2rem] transition-colors duration-100 ease-in-out\">Quad\u2011haut\u2011parleurs Waves MaxxAudio \/ Nx 3D<\/span><\/li>\n<li><b>Neuf<\/b><\/li>\n<li><span class=\"relative -mx-px my-[-0.2rem] rounded px-px py-[0.2rem] transition-colors duration-100 ease-in-out\">Windows\u202f11 Famille<\/span><\/li>\n<\/ul>\n<div class=\"_tableContainer_80l1q_1\">\n<div class=\"_tableWrapper_80l1q_14 group flex w-fit flex-col-reverse\" tabindex=\"-1\">\n<div class=\"sticky end-(--thread-content-margin) h-0 self-end select-none\">\n<div class=\"absolute end-0 flex items-end\"><\/div>\n<\/div>\n<\/div>\n<\/div>\n","protected":false},"excerpt":{"rendered":"<p data-start=\"141\" data-end=\"277\">Un PC portable puissant et \u00e9l\u00e9gant, con\u00e7u pour la productivit\u00e9 et le divertissement. Profitez d\u2019une exp\u00e9rience fluide, d\u2019un affichage lumineux et d\u2019un design moderne, pr\u00eat \u00e0 l\u2019emploi d\u00e8s le d\u00e9marrage.<\/p>\n<h5><strong data-start=\"282\" data-end=\"304\">Caract\u00e9ristiques Principales :<\/strong><\/h5>\n<ul>\n<li><strong data-start=\"310\" data-end=\"326\">Processeur :<\/strong> Intel Core Ultra 7 155H<\/li>\n<li><strong data-start=\"356\" data-end=\"377\">Carte Graphique :<\/strong> NVIDIA RTX 4050 6GB<\/li>\n<li><strong data-start=\"403\" data-end=\"412\">RAM :<\/strong> 16GB DDR5 (8&#215;2) 6400MHz<\/li>\n<li><strong data-start=\"442\" data-end=\"456\">Stockage :<\/strong> 1TB SSD NVMe<\/li>\n<li><strong data-start=\"476\" data-end=\"487\">\u00c9cran :<\/strong> 16&#8243; FHD+ 120Hz \u2013 Ultra fluide &amp; lumineux<\/li>\n<li><strong data-start=\"534\" data-end=\"547\">Clavier :<\/strong> AZERTY r\u00e9tro\u00e9clair\u00e9 blanc<\/li>\n<li><strong data-start=\"579\" data-end=\"592\">Syst\u00e8me :<\/strong> Windows 11 Famille<\/li>\n<li><strong data-start=\"617\" data-end=\"632\">\u00c9tat :<\/strong> Neuf sans emballage<\/li>\n<\/ul>\n","protected":false},"featured_media":1016450,"template":"","meta":{"_acf_changed":false},"pwb-brand":[],"product_brand":[],"product_cat":[122,121,126],"product_tag":[],"pcb_component_type":[],"class_list":{"0":"post-16433","1":"product","2":"type-product","3":"status-publish","4":"has-post-thumbnail","6":"product_cat-gaming","7":"product_cat-pc-portable","8":"product_cat-professional","10":"first","11":"outofstock","12":"shipping-taxable","13":"product-type-simple"},"translation":{"provider":"WPGlobus","version":"3.0.2","language":"de","enabled_languages":["en","es","de","fr","ru"],"languages":{"en":{"title":true,"content":true,"excerpt":true},"es":{"title":false,"content":false,"excerpt":false},"de":{"title":false,"content":false,"excerpt":false},"fr":{"title":false,"content":false,"excerpt":false},"ru":{"title":false,"content":false,"excerpt":false}}},"acf":[],"yoast_head":"<!-- This site is optimized with the Yoast SEO plugin v27.2 - https:\/\/yoast.com\/product\/yoast-seo-wordpress\/ -->\n<title>DELL XPS 9640: Performance Maximale et Efficacit\u00e9 - Osaka<\/title>\n<meta name=\"robots\" content=\"index, follow, max-snippet:-1, max-image-preview:large, max-video-preview:-1\" \/>\n<link rel=\"canonical\" href=\"https:\/\/osaka.ma\/fr\/product\/dell-xps-9640-ultra-7-155h-rtx-4050-6gb-16gb-ddr5-6400mhz-1tb-ssd-fhd-120hz-new-without-box\/\" \/>\n<meta property=\"og:locale\" content=\"de_DE\" \/>\n<meta property=\"og:type\" content=\"article\" \/>\n<meta property=\"og:title\" content=\"DELL XPS 9640 | Ultra 7 155H | RTX 4050 6GB | 16GB DDR5 6400MHz | 1TB SSD | FHD+ 120Hz | NEW WITHOUT BOX - Osaka\" \/>\n<meta property=\"og:url\" content=\"https:\/\/osaka.ma\/fr\/product\/dell-xps-9640-ultra-7-155h-rtx-4050-6gb-16gb-ddr5-6400mhz-1tb-ssd-fhd-120hz-new-without-box\/\" \/>\n<meta property=\"og:site_name\" content=\"Osaka\" \/>\n<meta property=\"article:modified_time\" content=\"2025-08-08T11:03:00+00:00\" \/>\n<meta property=\"og:image\" content=\"https:\/\/osaka.ma\/wp-content\/uploads\/2025\/06\/Dell-G16-7630.png\" \/>\n\t<meta property=\"og:image:width\" content=\"1080\" \/>\n\t<meta property=\"og:image:height\" content=\"1080\" \/>\n\t<meta property=\"og:image:type\" content=\"image\/png\" \/>\n<meta name=\"twitter:card\" content=\"summary_large_image\" \/>\n<meta name=\"twitter:label1\" content=\"Est. reading time\" \/>\n\t<meta name=\"twitter:data1\" content=\"4 minutes\" \/>\n<script type=\"application\/ld+json\" class=\"yoast-schema-graph\">{\"@context\":\"https:\/\/schema.org\",\"@graph\":[{\"@type\":\"WebPage\",\"@id\":\"https:\/\/osaka.ma\/fr\/product\/dell-xps-9640-ultra-7-155h-rtx-4050-6gb-16gb-ddr5-6400mhz-1tb-ssd-fhd-120hz-new-without-box\/\",\"url\":\"https:\/\/osaka.ma\/fr\/product\/dell-xps-9640-ultra-7-155h-rtx-4050-6gb-16gb-ddr5-6400mhz-1tb-ssd-fhd-120hz-new-without-box\/\",\"name\":\"DELL XPS 9640: Performance Maximale et Efficacit\u00e9 - Osaka\",\"isPartOf\":{\"@id\":\"https:\/\/osaka.ma\/#website\"},\"primaryImageOfPage\":{\"@id\":\"https:\/\/osaka.ma\/fr\/product\/dell-xps-9640-ultra-7-155h-rtx-4050-6gb-16gb-ddr5-6400mhz-1tb-ssd-fhd-120hz-new-without-box\/#primaryimage\"},\"image\":{\"@id\":\"https:\/\/osaka.ma\/fr\/product\/dell-xps-9640-ultra-7-155h-rtx-4050-6gb-16gb-ddr5-6400mhz-1tb-ssd-fhd-120hz-new-without-box\/#primaryimage\"},\"thumbnailUrl\":\"https:\/\/osaka.ma\/wp-content\/uploads\/2025\/06\/Dell-G16-7630.png\",\"datePublished\":\"2025-06-05T11:35:19+00:00\",\"dateModified\":\"2025-08-08T11:03:00+00:00\",\"description\":\"D\u00e9couvrez le DELL XPS 9640, une station de travail portable con\u00e7ue pour des performances ultimes. Allez-y, passez au niveau sup\u00e9rieur! \ud83d\udcbb\",\"breadcrumb\":{\"@id\":\"https:\/\/osaka.ma\/fr\/product\/dell-xps-9640-ultra-7-155h-rtx-4050-6gb-16gb-ddr5-6400mhz-1tb-ssd-fhd-120hz-new-without-box\/#breadcrumb\"},\"inLanguage\":\"de-DE\",\"potentialAction\":[{\"@type\":\"ReadAction\",\"target\":[\"https:\/\/osaka.ma\/fr\/product\/dell-xps-9640-ultra-7-155h-rtx-4050-6gb-16gb-ddr5-6400mhz-1tb-ssd-fhd-120hz-new-without-box\/\"]}]},{\"@type\":\"ImageObject\",\"inLanguage\":\"de-DE\",\"@id\":\"https:\/\/osaka.ma\/fr\/product\/dell-xps-9640-ultra-7-155h-rtx-4050-6gb-16gb-ddr5-6400mhz-1tb-ssd-fhd-120hz-new-without-box\/#primaryimage\",\"url\":\"https:\/\/osaka.ma\/wp-content\/uploads\/2025\/06\/Dell-G16-7630.png\",\"contentUrl\":\"https:\/\/osaka.ma\/wp-content\/uploads\/2025\/06\/Dell-G16-7630.png\",\"width\":1080,\"height\":1080,\"caption\":\"DELL XPS 9640 | Ultra 7 155H | RTX 4050 6GB | 16GB DDR5 6400MHz | 1TB SSD | FHD+ 120Hz | NEW WITHOUT BOX\"},{\"@type\":\"BreadcrumbList\",\"@id\":\"https:\/\/osaka.ma\/fr\/product\/dell-xps-9640-ultra-7-155h-rtx-4050-6gb-16gb-ddr5-6400mhz-1tb-ssd-fhd-120hz-new-without-box\/#breadcrumb\",\"itemListElement\":[{\"@type\":\"ListItem\",\"position\":1,\"name\":\"Home\",\"item\":\"https:\/\/osaka.ma\/\"},{\"@type\":\"ListItem\",\"position\":2,\"name\":\"Shop\",\"item\":\"https:\/\/osaka.ma\/shop-2\/\"},{\"@type\":\"ListItem\",\"position\":3,\"name\":\"DELL XPS 9640 | Ultra 7 155H | RTX 4050 6GB | 16GB DDR5 6400MHz | 1TB SSD | FHD+ 120Hz | NEW WITHOUT BOX\"}]},{\"@type\":\"WebSite\",\"@id\":\"https:\/\/osaka.ma\/#website\",\"url\":\"https:\/\/osaka.ma\/\",\"name\":\"Osaka\",\"description\":\"\",\"publisher\":{\"@id\":\"https:\/\/osaka.ma\/#organization\"},\"potentialAction\":[{\"@type\":\"SearchAction\",\"target\":{\"@type\":\"EntryPoint\",\"urlTemplate\":\"https:\/\/osaka.ma\/?s={search_term_string}\"},\"query-input\":{\"@type\":\"PropertyValueSpecification\",\"valueRequired\":true,\"valueName\":\"search_term_string\"}}],\"inLanguage\":\"de-DE\"},{\"@type\":\"Organization\",\"@id\":\"https:\/\/osaka.ma\/#organization\",\"name\":\"Osaka\",\"url\":\"https:\/\/osaka.ma\/\",\"logo\":{\"@type\":\"ImageObject\",\"inLanguage\":\"de-DE\",\"@id\":\"https:\/\/osaka.ma\/#\/schema\/logo\/image\/\",\"url\":\"https:\/\/osaka.ma\/wp-content\/uploads\/2026\/01\/model-slogan-logo-2Plan-de-travail-1dksl-plus-finnn.png\",\"contentUrl\":\"https:\/\/osaka.ma\/wp-content\/uploads\/2026\/01\/model-slogan-logo-2Plan-de-travail-1dksl-plus-finnn.png\",\"width\":842,\"height\":226,\"caption\":\"Osaka\"},\"image\":{\"@id\":\"https:\/\/osaka.ma\/#\/schema\/logo\/image\/\"}}]}<\/script>\n<!-- \/ Yoast SEO plugin. -->","yoast_head_json":{"title":"DELL XPS 9640: Performance Maximale et Efficacit\u00e9 - Osaka","robots":{"index":"index","follow":"follow","max-snippet":"max-snippet:-1","max-image-preview":"max-image-preview:large","max-video-preview":"max-video-preview:-1"},"canonical":"https:\/\/osaka.ma\/fr\/product\/dell-xps-9640-ultra-7-155h-rtx-4050-6gb-16gb-ddr5-6400mhz-1tb-ssd-fhd-120hz-new-without-box\/","og_locale":"de_DE","og_type":"article","og_title":"DELL XPS 9640 | Ultra 7 155H | RTX 4050 6GB | 16GB DDR5 6400MHz | 1TB SSD | FHD+ 120Hz | NEW WITHOUT BOX - Osaka","og_url":"https:\/\/osaka.ma\/fr\/product\/dell-xps-9640-ultra-7-155h-rtx-4050-6gb-16gb-ddr5-6400mhz-1tb-ssd-fhd-120hz-new-without-box\/","og_site_name":"Osaka","article_modified_time":"2025-08-08T11:03:00+00:00","og_image":[{"width":1080,"height":1080,"url":"https:\/\/osaka.ma\/wp-content\/uploads\/2025\/06\/Dell-G16-7630.png","type":"image\/png"}],"twitter_card":"summary_large_image","twitter_misc":{"Est. reading time":"4 minutes"},"schema":{"@context":"https:\/\/schema.org","@graph":[{"@type":"WebPage","@id":"https:\/\/osaka.ma\/fr\/product\/dell-xps-9640-ultra-7-155h-rtx-4050-6gb-16gb-ddr5-6400mhz-1tb-ssd-fhd-120hz-new-without-box\/","url":"https:\/\/osaka.ma\/fr\/product\/dell-xps-9640-ultra-7-155h-rtx-4050-6gb-16gb-ddr5-6400mhz-1tb-ssd-fhd-120hz-new-without-box\/","name":"DELL XPS 9640: Performance Maximale et Efficacit\u00e9 - Osaka","isPartOf":{"@id":"https:\/\/osaka.ma\/#website"},"primaryImageOfPage":{"@id":"https:\/\/osaka.ma\/fr\/product\/dell-xps-9640-ultra-7-155h-rtx-4050-6gb-16gb-ddr5-6400mhz-1tb-ssd-fhd-120hz-new-without-box\/#primaryimage"},"image":{"@id":"https:\/\/osaka.ma\/fr\/product\/dell-xps-9640-ultra-7-155h-rtx-4050-6gb-16gb-ddr5-6400mhz-1tb-ssd-fhd-120hz-new-without-box\/#primaryimage"},"thumbnailUrl":"https:\/\/osaka.ma\/wp-content\/uploads\/2025\/06\/Dell-G16-7630.png","datePublished":"2025-06-05T11:35:19+00:00","dateModified":"2025-08-08T11:03:00+00:00","description":"D\u00e9couvrez le DELL XPS 9640, une station de travail portable con\u00e7ue pour des performances ultimes. Allez-y, passez au niveau sup\u00e9rieur! \ud83d\udcbb","breadcrumb":{"@id":"https:\/\/osaka.ma\/fr\/product\/dell-xps-9640-ultra-7-155h-rtx-4050-6gb-16gb-ddr5-6400mhz-1tb-ssd-fhd-120hz-new-without-box\/#breadcrumb"},"inLanguage":"de-DE","potentialAction":[{"@type":"ReadAction","target":["https:\/\/osaka.ma\/fr\/product\/dell-xps-9640-ultra-7-155h-rtx-4050-6gb-16gb-ddr5-6400mhz-1tb-ssd-fhd-120hz-new-without-box\/"]}]},{"@type":"ImageObject","inLanguage":"de-DE","@id":"https:\/\/osaka.ma\/fr\/product\/dell-xps-9640-ultra-7-155h-rtx-4050-6gb-16gb-ddr5-6400mhz-1tb-ssd-fhd-120hz-new-without-box\/#primaryimage","url":"https:\/\/osaka.ma\/wp-content\/uploads\/2025\/06\/Dell-G16-7630.png","contentUrl":"https:\/\/osaka.ma\/wp-content\/uploads\/2025\/06\/Dell-G16-7630.png","width":1080,"height":1080,"caption":"DELL XPS 9640 | Ultra 7 155H | RTX 4050 6GB | 16GB DDR5 6400MHz | 1TB SSD | FHD+ 120Hz | NEW WITHOUT BOX"},{"@type":"BreadcrumbList","@id":"https:\/\/osaka.ma\/fr\/product\/dell-xps-9640-ultra-7-155h-rtx-4050-6gb-16gb-ddr5-6400mhz-1tb-ssd-fhd-120hz-new-without-box\/#breadcrumb","itemListElement":[{"@type":"ListItem","position":1,"name":"Home","item":"https:\/\/osaka.ma\/"},{"@type":"ListItem","position":2,"name":"Shop","item":"https:\/\/osaka.ma\/shop-2\/"},{"@type":"ListItem","position":3,"name":"DELL XPS 9640 | Ultra 7 155H | RTX 4050 6GB | 16GB DDR5 6400MHz | 1TB SSD | FHD+ 120Hz | NEW WITHOUT BOX"}]},{"@type":"WebSite","@id":"https:\/\/osaka.ma\/#website","url":"https:\/\/osaka.ma\/","name":"Osaka","description":"","publisher":{"@id":"https:\/\/osaka.ma\/#organization"},"potentialAction":[{"@type":"SearchAction","target":{"@type":"EntryPoint","urlTemplate":"https:\/\/osaka.ma\/?s={search_term_string}"},"query-input":{"@type":"PropertyValueSpecification","valueRequired":true,"valueName":"search_term_string"}}],"inLanguage":"de-DE"},{"@type":"Organization","@id":"https:\/\/osaka.ma\/#organization","name":"Osaka","url":"https:\/\/osaka.ma\/","logo":{"@type":"ImageObject","inLanguage":"de-DE","@id":"https:\/\/osaka.ma\/#\/schema\/logo\/image\/","url":"https:\/\/osaka.ma\/wp-content\/uploads\/2026\/01\/model-slogan-logo-2Plan-de-travail-1dksl-plus-finnn.png","contentUrl":"https:\/\/osaka.ma\/wp-content\/uploads\/2026\/01\/model-slogan-logo-2Plan-de-travail-1dksl-plus-finnn.png","width":842,"height":226,"caption":"Osaka"},"image":{"@id":"https:\/\/osaka.ma\/#\/schema\/logo\/image\/"}}]}},"jetpack_sharing_enabled":true,"brands":[],"_links":{"self":[{"href":"https:\/\/osaka.ma\/de\/wp-json\/wp\/v2\/product\/16433","targetHints":{"allow":["GET"]}}],"collection":[{"href":"https:\/\/osaka.ma\/de\/wp-json\/wp\/v2\/product"}],"about":[{"href":"https:\/\/osaka.ma\/de\/wp-json\/wp\/v2\/types\/product"}],"version-history":[{"count":0,"href":"https:\/\/osaka.ma\/de\/wp-json\/wp\/v2\/product\/16433\/revisions"}],"wp:featuredmedia":[{"embeddable":true,"href":"https:\/\/osaka.ma\/de\/wp-json\/wp\/v2\/media\/1016450"}],"wp:attachment":[{"href":"https:\/\/osaka.ma\/de\/wp-json\/wp\/v2\/media?parent=16433"}],"wp:term":[{"taxonomy":"pwb-brand","embeddable":true,"href":"https:\/\/osaka.ma\/de\/wp-json\/wp\/v2\/pwb-brand?post=16433"},{"taxonomy":"product_brand","embeddable":true,"href":"https:\/\/osaka.ma\/de\/wp-json\/wp\/v2\/product_brand?post=16433"},{"taxonomy":"product_cat","embeddable":true,"href":"https:\/\/osaka.ma\/de\/wp-json\/wp\/v2\/product_cat?post=16433"},{"taxonomy":"product_tag","embeddable":true,"href":"https:\/\/osaka.ma\/de\/wp-json\/wp\/v2\/product_tag?post=16433"},{"taxonomy":"pcb_component_type","embeddable":true,"href":"https:\/\/osaka.ma\/de\/wp-json\/wp\/v2\/pcb_component_type?post=16433"}],"curies":[{"name":"wp","href":"https:\/\/api.w.org\/{rel}","templated":true}]}}