{"id":17151,"date":"2025-08-01T17:41:16","date_gmt":"2025-08-01T16:41:16","guid":{"rendered":"https:\/\/osaka.ma\/?post_type=product&#038;p=17151"},"modified":"2025-09-04T11:41:42","modified_gmt":"2025-09-04T10:41:42","slug":"msi-spatium-m450-nvme-m-2-500gb","status":"publish","type":"product","link":"https:\/\/osaka.ma\/de\/product\/msi-spatium-m450-nvme-m-2-500gb\/","title":{"rendered":"MSI SPATIUM M450 NVMe M.2 500GB"},"content":{"rendered":"<div id=\"product-description-short-8100\" class=\"product-description-short\">\n<p>SSD 500 GB M.2 NVMe 1.4 &#8211; PCIe 4.0 x4<\/p>\n<\/div>\n<div class=\"product-actions\">\n<form id=\"add-to-cart-or-refresh\" action=\"https:\/\/www.ultrapc.ma\/panier\" method=\"post\">\n<div class=\"product-variants\">\n<div class=\"product-manufacturer product-variants-item text-center clearfix\"><\/div>\n<\/div>\n<\/form>\n<\/div>\n","protected":false},"excerpt":{"rendered":"<div class=\"col-lg-6\">\n<div class=\"product-tabs tabs\">\n<div id=\"tab-content\" class=\"tab-content\">\n<div id=\"description\" class=\"tab-pane fade show active\">\n<div class=\"product-description\">\n<p>Le disque\u00a0SSD MSI SPATIUM M450 500 GB\u00a0de Samsung permet de m\u00e9tamorphoser les performances et la r\u00e9activit\u00e9 de votre machine. B\u00e9n\u00e9ficiant de vitesses stratosph\u00e9riques et d&#8217;une endurance tr\u00e8s \u00e9lev\u00e9e, le MSI SPATIUM M450 au format M.2 2280 s&#8217;appuie sur l&#8217;interface PCI-E 4.0 x4 ainsi que sur la technologie NVMe 1.4<\/p>\n<\/div>\n<\/div>\n<\/div>\n<\/div>\n<\/div>\n<div class=\"col-lg-6\">\n<div id=\"product-details\" data-product=\"{&quot;id_shop_default&quot;:&quot;1&quot;,&quot;id_manufacturer&quot;:&quot;7&quot;,&quot;id_supplier&quot;:&quot;0&quot;,&quot;reference&quot;:&quot;4711377022477&quot;,&quot;is_virtual&quot;:&quot;0&quot;,&quot;delivery_in_stock&quot;:&quot;&quot;,&quot;delivery_out_stock&quot;:&quot;&quot;,&quot;id_category_default&quot;:&quot;139&quot;,&quot;on_sale&quot;:&quot;0&quot;,&quot;online_only&quot;:&quot;0&quot;,&quot;ecotax&quot;:0,&quot;minimal_quantity&quot;:&quot;1&quot;,&quot;low_stock_threshold&quot;:null,&quot;low_stock_alert&quot;:&quot;0&quot;,&quot;price&quot;:&quot;449,00\\u00a0MAD&quot;,&quot;unity&quot;:&quot;&quot;,&quot;unit_price_ratio&quot;:&quot;0.000000&quot;,&quot;additional_shipping_cost&quot;:&quot;0.000000&quot;,&quot;customizable&quot;:&quot;0&quot;,&quot;text_fields&quot;:&quot;0&quot;,&quot;uploadable_files&quot;:&quot;0&quot;,&quot;redirect_type&quot;:&quot;404&quot;,&quot;id_type_redirected&quot;:&quot;0&quot;,&quot;available_for_order&quot;:&quot;1&quot;,&quot;available_date&quot;:&quot;0000-00-00&quot;,&quot;show_condition&quot;:&quot;1&quot;,&quot;condition&quot;:&quot;new&quot;,&quot;show_price&quot;:&quot;1&quot;,&quot;indexed&quot;:&quot;1&quot;,&quot;visibility&quot;:&quot;both&quot;,&quot;cache_default_attribute&quot;:&quot;0&quot;,&quot;advanced_stock_management&quot;:&quot;0&quot;,&quot;date_add&quot;:&quot;2024-06-21 09:58:39&quot;,&quot;date_upd&quot;:&quot;2025-05-22 12:40:43&quot;,&quot;pack_stock_type&quot;:&quot;3&quot;,&quot;meta_description&quot;:&quot;MSI SPATIUM M450 NVMe M.2 500GB SSD 500 GB M.2 NVMe 1.4 - PCIe 4.0 x4&quot;,&quot;meta_keywords&quot;:&quot;MSI SPATIUM M450 NVMe M.2 500GB, MSI, Disques SSD&quot;,&quot;meta_title&quot;:&quot;MSI SPATIUM M450 NVMe M.2 500GB Disques SSD MSI Maroc&quot;,&quot;link_rewrite&quot;:&quot;msi-spatium-m450-nvme-m2-500gb&quot;,&quot;name&quot;:&quot;MSI SPATIUM M450 NVMe M.2 500GB&quot;,&quot;description&quot;:&quot;&lt;p&gt;&lt;span style=\\&quot;color: #505050; font-family: Montserrat, sans-serif; font-size: 13px; text-align: justify; background-color: #ffffff;\\&quot;&gt;Le disque\\u00a0&lt;\\\/span&gt;&lt;span style=\\&quot;box-sizing: border-box; font-weight: 600; margin: 0px; padding: 0px; border: 0px; font-variant-numeric: inherit; font-variant-east-asian: inherit; font-stretch: inherit; font-size: 13px; line-height: inherit; font-family: Montserrat, sans-serif; vertical-align: baseline; color: #505050; text-align: justify; background-color: #ffffff;\\&quot;&gt;SSD MSI SPATIUM M450 500 GB&lt;\\\/span&gt;&lt;span style=\\&quot;text-align: justify; background-color: #ffffff;\\&quot;&gt;&lt;span color=\\&quot;#505050\\&quot; face=\\&quot;Montserrat, sans-serif\\&quot; style=\\&quot;color: #505050; font-family: Montserrat, sans-serif;\\&quot;&gt;&lt;span style=\\&quot;font-size: 13px;\\&quot;&gt; de Samsung permet de m\\u00e9tamorphoser les performances et la r\\u00e9activit\\u00e9 de votre machine. B\\u00e9n\\u00e9ficiant de vitesses stratosph\\u00e9riques et d'une endurance tr\\u00e8s \\u00e9lev\\u00e9e, le MSI SPATIUM M450 au format M.2 2280 s'appuie sur l'interface PCI-E 4.0 x4 ainsi que sur la technologie NVMe 1.4&lt;\\\/span&gt;&lt;\\\/span&gt;&lt;\\\/span&gt;&lt;\\\/p&gt;&quot;,&quot;description_short&quot;:&quot;&lt;p&gt;SSD 500 GB M.2 NVMe 1.4 - PCIe 4.0 x4&lt;\\\/p&gt;&quot;,&quot;available_now&quot;:&quot;Produit en stock&quot;,&quot;available_later&quot;:&quot;Sur commande 12 \\u00e0 21 jours&quot;,&quot;id&quot;:8100,&quot;id_product&quot;:8100,&quot;out_of_stock&quot;:2,&quot;new&quot;:0,&quot;id_product_attribute&quot;:&quot;0&quot;,&quot;quantity_wanted&quot;:1,&quot;extraContent&quot;:[],&quot;allow_oosp&quot;:0,&quot;category&quot;:&quot;disques-ssd&quot;,&quot;category_name&quot;:&quot;Disques SSD&quot;,&quot;link&quot;:&quot;https:\\\/\\\/www.ultrapc.ma\\\/disques-ssd\\\/8100-msi-spatium-m450-nvme-m2-500gb.html&quot;,&quot;attribute_price&quot;:0,&quot;price_tax_exc&quot;:374.166667,&quot;price_without_reduction&quot;:549,&quot;reduction&quot;:100,&quot;specific_prices&quot;:{&quot;id_specific_price&quot;:&quot;22378&quot;,&quot;id_specific_price_rule&quot;:&quot;0&quot;,&quot;id_cart&quot;:&quot;0&quot;,&quot;id_product&quot;:&quot;8100&quot;,&quot;id_shop&quot;:&quot;1&quot;,&quot;id_shop_group&quot;:&quot;0&quot;,&quot;id_currency&quot;:&quot;0&quot;,&quot;id_country&quot;:&quot;0&quot;,&quot;id_group&quot;:&quot;0&quot;,&quot;id_customer&quot;:&quot;0&quot;,&quot;id_product_attribute&quot;:&quot;0&quot;,&quot;price&quot;:&quot;-1.000000&quot;,&quot;from_quantity&quot;:&quot;1&quot;,&quot;reduction&quot;:&quot;100.000000&quot;,&quot;reduction_tax&quot;:&quot;1&quot;,&quot;reduction_type&quot;:&quot;amount&quot;,&quot;from&quot;:&quot;0000-00-00 00:00:00&quot;,&quot;to&quot;:&quot;0000-00-00 00:00:00&quot;,&quot;score&quot;:&quot;48&quot;},&quot;quantity&quot;:0,&quot;quantity_all_versions&quot;:0,&quot;id_image&quot;:&quot;fr-default&quot;,&quot;features&quot;:[{&quot;name&quot;:&quot;Format de Disque&quot;,&quot;value&quot;:&quot;Carte M.2&quot;,&quot;id_feature&quot;:&quot;77&quot;,&quot;position&quot;:&quot;38&quot;},{&quot;name&quot;:&quot;Capacit\\u00e9 de disque&quot;,&quot;value&quot;:&quot;500 Go&quot;,&quot;id_feature&quot;:&quot;78&quot;,&quot;position&quot;:&quot;39&quot;},{&quot;name&quot;:&quot;Interface&quot;,&quot;value&quot;:&quot;PCI-E 4.0 4x&quot;,&quot;id_feature&quot;:&quot;82&quot;,&quot;position&quot;:&quot;42&quot;},{&quot;name&quot;:&quot;Vitesse en lecture&quot;,&quot;value&quot;:&quot;3600 Mo\\\/s&quot;,&quot;id_feature&quot;:&quot;83&quot;,&quot;position&quot;:&quot;43&quot;},{&quot;name&quot;:&quot;Vitesse en \\u00e9criture&quot;,&quot;value&quot;:&quot;3000 Mo\\\/s&quot;,&quot;id_feature&quot;:&quot;84&quot;,&quot;position&quot;:&quot;44&quot;},{&quot;name&quot;:&quot;Garantie&quot;,&quot;value&quot;:&quot;12 Mois&quot;,&quot;id_feature&quot;:&quot;44&quot;,&quot;position&quot;:&quot;174&quot;},{&quot;name&quot;:&quot;Marque&quot;,&quot;value&quot;:&quot;MSI&quot;,&quot;id_feature&quot;:&quot;256&quot;,&quot;position&quot;:&quot;732&quot;}],&quot;attachments&quot;:[],&quot;virtual&quot;:0,&quot;pack&quot;:0,&quot;packItems&quot;:[],&quot;nopackprice&quot;:0,&quot;customization_required&quot;:false,&quot;rate&quot;:20,&quot;tax_name&quot;:&quot;TVA MA 20%&quot;,&quot;ecotax_rate&quot;:0,&quot;unit_price&quot;:&quot;&quot;,&quot;customizations&quot;:{&quot;fields&quot;:[]},&quot;id_customization&quot;:0,&quot;is_customizable&quot;:false,&quot;show_quantities&quot;:false,&quot;quantity_label&quot;:&quot;Produit&quot;,&quot;quantity_discounts&quot;:[],&quot;customer_group_discount&quot;:0,&quot;images&quot;:[{&quot;bySize&quot;:{&quot;small_default&quot;:{&quot;url&quot;:&quot;https:\\\/\\\/www.ultrapc.ma\\\/39789-small_default\\\/msi-spatium-m450-nvme-m2-500gb.jpg&quot;,&quot;width&quot;:50,&quot;height&quot;:50},&quot;cart_default&quot;:{&quot;url&quot;:&quot;https:\\\/\\\/www.ultrapc.ma\\\/39789-cart_default\\\/msi-spatium-m450-nvme-m2-500gb.jpg&quot;,&quot;width&quot;:100,&quot;height&quot;:100},&quot;home_default&quot;:{&quot;url&quot;:&quot;https:\\\/\\\/www.ultrapc.ma\\\/39789-home_default\\\/msi-spatium-m450-nvme-m2-500gb.jpg&quot;,&quot;width&quot;:280,&quot;height&quot;:280},&quot;large_default&quot;:{&quot;url&quot;:&quot;https:\\\/\\\/www.ultrapc.ma\\\/39789-large_default\\\/msi-spatium-m450-nvme-m2-500gb.jpg&quot;,&quot;width&quot;:600,&quot;height&quot;:600},&quot;medium_default&quot;:{&quot;url&quot;:&quot;https:\\\/\\\/www.ultrapc.ma\\\/39789-medium_default\\\/msi-spatium-m450-nvme-m2-500gb.jpg&quot;,&quot;width&quot;:600,&quot;height&quot;:600},&quot;large_banner&quot;:{&quot;url&quot;:&quot;https:\\\/\\\/www.ultrapc.ma\\\/39789-large_banner\\\/msi-spatium-m450-nvme-m2-500gb.jpg&quot;,&quot;width&quot;:1140,&quot;height&quot;:400}},&quot;small&quot;:{&quot;url&quot;:&quot;https:\\\/\\\/www.ultrapc.ma\\\/39789-small_default\\\/msi-spatium-m450-nvme-m2-500gb.jpg&quot;,&quot;width&quot;:50,&quot;height&quot;:50},&quot;medium&quot;:{&quot;url&quot;:&quot;https:\\\/\\\/www.ultrapc.ma\\\/39789-large_default\\\/msi-spatium-m450-nvme-m2-500gb.jpg&quot;,&quot;width&quot;:600,&quot;height&quot;:600},&quot;large&quot;:{&quot;url&quot;:&quot;https:\\\/\\\/www.ultrapc.ma\\\/39789-large_banner\\\/msi-spatium-m450-nvme-m2-500gb.jpg&quot;,&quot;width&quot;:1140,&quot;height&quot;:400},&quot;legend&quot;:&quot;MSI SPATIUM M450 NVMe M.2 500GB Disques SSD MSI, Ultra Pc Gamer Maroc&quot;,&quot;id_image&quot;:&quot;39789&quot;,&quot;cover&quot;:&quot;1&quot;,&quot;position&quot;:&quot;1&quot;,&quot;associatedVariants&quot;:[]}],&quot;cover&quot;:{&quot;bySize&quot;:{&quot;small_default&quot;:{&quot;url&quot;:&quot;https:\\\/\\\/www.ultrapc.ma\\\/39789-small_default\\\/msi-spatium-m450-nvme-m2-500gb.jpg&quot;,&quot;width&quot;:50,&quot;height&quot;:50},&quot;cart_default&quot;:{&quot;url&quot;:&quot;https:\\\/\\\/www.ultrapc.ma\\\/39789-cart_default\\\/msi-spatium-m450-nvme-m2-500gb.jpg&quot;,&quot;width&quot;:100,&quot;height&quot;:100},&quot;home_default&quot;:{&quot;url&quot;:&quot;https:\\\/\\\/www.ultrapc.ma\\\/39789-home_default\\\/msi-spatium-m450-nvme-m2-500gb.jpg&quot;,&quot;width&quot;:280,&quot;height&quot;:280},&quot;large_default&quot;:{&quot;url&quot;:&quot;https:\\\/\\\/www.ultrapc.ma\\\/39789-large_default\\\/msi-spatium-m450-nvme-m2-500gb.jpg&quot;,&quot;width&quot;:600,&quot;height&quot;:600},&quot;medium_default&quot;:{&quot;url&quot;:&quot;https:\\\/\\\/www.ultrapc.ma\\\/39789-medium_default\\\/msi-spatium-m450-nvme-m2-500gb.jpg&quot;,&quot;width&quot;:600,&quot;height&quot;:600},&quot;large_banner&quot;:{&quot;url&quot;:&quot;https:\\\/\\\/www.ultrapc.ma\\\/39789-large_banner\\\/msi-spatium-m450-nvme-m2-500gb.jpg&quot;,&quot;width&quot;:1140,&quot;height&quot;:400}},&quot;small&quot;:{&quot;url&quot;:&quot;https:\\\/\\\/www.ultrapc.ma\\\/39789-small_default\\\/msi-spatium-m450-nvme-m2-500gb.jpg&quot;,&quot;width&quot;:50,&quot;height&quot;:50},&quot;medium&quot;:{&quot;url&quot;:&quot;https:\\\/\\\/www.ultrapc.ma\\\/39789-large_default\\\/msi-spatium-m450-nvme-m2-500gb.jpg&quot;,&quot;width&quot;:600,&quot;height&quot;:600},&quot;large&quot;:{&quot;url&quot;:&quot;https:\\\/\\\/www.ultrapc.ma\\\/39789-large_banner\\\/msi-spatium-m450-nvme-m2-500gb.jpg&quot;,&quot;width&quot;:1140,&quot;height&quot;:400},&quot;legend&quot;:&quot;MSI SPATIUM M450 NVMe M.2 500GB Disques SSD MSI, Ultra Pc Gamer Maroc&quot;,&quot;id_image&quot;:&quot;39789&quot;,&quot;cover&quot;:&quot;1&quot;,&quot;position&quot;:&quot;1&quot;,&quot;associatedVariants&quot;:[]},&quot;has_discount&quot;:true,&quot;discount_type&quot;:&quot;amount&quot;,&quot;discount_percentage&quot;:&quot;-10\\u202f000%&quot;,&quot;discount_percentage_absolute&quot;:&quot;10\\u202f000%&quot;,&quot;discount_amount&quot;:&quot;100,00\\u00a0MAD&quot;,&quot;discount_amount_to_display&quot;:&quot;-100,00\\u00a0MAD&quot;,&quot;price_amount&quot;:449,&quot;unit_price_full&quot;:&quot;&quot;,&quot;show_availability&quot;:true,&quot;availability_message&quot;:&quot;Rupture de stock&quot;,&quot;availability_date&quot;:null,&quot;availability&quot;:&quot;unavailable&quot;}\">\n<div class=\"row\">\n<div class=\"col-xs-12\">\n<p class=\"msiText\">Le SSD SPATIUM M450 a \u00e9t\u00e9 con\u00e7u pour prendre en charge l&#8217;interface PCIe Gen4 et est ainsi capable de supporter des vitesses de lecture et d&#8217;\u00e9criture de 3600 Mo\/s et 3000 Mo\/s, respectivement. Gr\u00e2ce \u00e0 cette interface, vous profitez de transferts de donn\u00e9es et de chargements de vos jeux tr\u00e8s rapides.<\/p>\n<\/div>\n<\/div>\n<div class=\"row\">\n<div class=\"col-xs-12\">\n<div class=\"spatium2021-section-speed-th row\"><\/div>\n<\/div>\n<\/div>\n<\/div>\n<\/div>\n","protected":false},"featured_media":1012447,"template":"","meta":{"_acf_changed":false},"pwb-brand":[],"product_brand":[],"product_cat":[17,22],"product_tag":[],"pcb_component_type":[],"class_list":{"0":"post-17151","1":"product","2":"type-product","3":"status-publish","4":"has-post-thumbnail","6":"product_cat-composants-gaming","7":"product_cat-disque-dur-ssd","9":"first","10":"outofstock","11":"shipping-taxable","12":"product-type-simple"},"translation":{"provider":"WPGlobus","version":"3.0.2","language":"de","enabled_languages":["en","es","de","fr","ru"],"languages":{"en":{"title":true,"content":true,"excerpt":true},"es":{"title":false,"content":false,"excerpt":false},"de":{"title":false,"content":false,"excerpt":false},"fr":{"title":false,"content":false,"excerpt":false},"ru":{"title":false,"content":false,"excerpt":false}}},"acf":[],"yoast_head":"<!-- This site is optimized with the Yoast SEO plugin v27.2 - https:\/\/yoast.com\/product\/yoast-seo-wordpress\/ -->\n<title>MSI SPATIUM M450 NVMe M.2 500GB - Osaka<\/title>\n<meta name=\"robots\" content=\"index, follow, max-snippet:-1, max-image-preview:large, max-video-preview:-1\" \/>\n<link rel=\"canonical\" href=\"https:\/\/osaka.ma\/es\/product\/msi-spatium-m450-nvme-m-2-500gb\/\" \/>\n<meta property=\"og:locale\" content=\"de_DE\" \/>\n<meta property=\"og:type\" content=\"article\" \/>\n<meta property=\"og:title\" content=\"MSI SPATIUM M450 NVMe M.2 500GB - Osaka\" \/>\n<meta property=\"og:url\" content=\"https:\/\/osaka.ma\/es\/product\/msi-spatium-m450-nvme-m-2-500gb\/\" \/>\n<meta property=\"og:site_name\" content=\"Osaka\" \/>\n<meta property=\"article:modified_time\" content=\"2025-09-04T10:41:42+00:00\" \/>\n<meta property=\"og:image\" content=\"https:\/\/osaka.ma\/wp-content\/uploads\/2025\/02\/M450500G-1-1024x1024-1-e1754066428848.png\" \/>\n\t<meta property=\"og:image:width\" content=\"980\" \/>\n\t<meta property=\"og:image:height\" content=\"980\" \/>\n\t<meta property=\"og:image:type\" content=\"image\/png\" \/>\n<meta name=\"twitter:card\" content=\"summary_large_image\" \/>\n<meta name=\"twitter:label1\" content=\"Est. reading time\" \/>\n\t<meta name=\"twitter:data1\" content=\"2 minutes\" \/>\n<script type=\"application\/ld+json\" class=\"yoast-schema-graph\">{\"@context\":\"https:\/\/schema.org\",\"@graph\":[{\"@type\":\"WebPage\",\"@id\":\"https:\/\/osaka.ma\/es\/product\/msi-spatium-m450-nvme-m-2-500gb\/\",\"url\":\"https:\/\/osaka.ma\/es\/product\/msi-spatium-m450-nvme-m-2-500gb\/\",\"name\":\"MSI SPATIUM M450 NVMe M.2 500GB - Osaka\",\"isPartOf\":{\"@id\":\"https:\/\/osaka.ma\/#website\"},\"primaryImageOfPage\":{\"@id\":\"https:\/\/osaka.ma\/es\/product\/msi-spatium-m450-nvme-m-2-500gb\/#primaryimage\"},\"image\":{\"@id\":\"https:\/\/osaka.ma\/es\/product\/msi-spatium-m450-nvme-m-2-500gb\/#primaryimage\"},\"thumbnailUrl\":\"https:\/\/osaka.ma\/wp-content\/uploads\/2025\/02\/M450500G-1-1024x1024-1-e1754066428848.png\",\"datePublished\":\"2025-08-01T16:41:16+00:00\",\"dateModified\":\"2025-09-04T10:41:42+00:00\",\"breadcrumb\":{\"@id\":\"https:\/\/osaka.ma\/es\/product\/msi-spatium-m450-nvme-m-2-500gb\/#breadcrumb\"},\"inLanguage\":\"de-DE\",\"potentialAction\":[{\"@type\":\"ReadAction\",\"target\":[\"https:\/\/osaka.ma\/es\/product\/msi-spatium-m450-nvme-m-2-500gb\/\"]}]},{\"@type\":\"ImageObject\",\"inLanguage\":\"de-DE\",\"@id\":\"https:\/\/osaka.ma\/es\/product\/msi-spatium-m450-nvme-m-2-500gb\/#primaryimage\",\"url\":\"https:\/\/osaka.ma\/wp-content\/uploads\/2025\/02\/M450500G-1-1024x1024-1-e1754066428848.png\",\"contentUrl\":\"https:\/\/osaka.ma\/wp-content\/uploads\/2025\/02\/M450500G-1-1024x1024-1-e1754066428848.png\",\"width\":980,\"height\":980},{\"@type\":\"BreadcrumbList\",\"@id\":\"https:\/\/osaka.ma\/es\/product\/msi-spatium-m450-nvme-m-2-500gb\/#breadcrumb\",\"itemListElement\":[{\"@type\":\"ListItem\",\"position\":1,\"name\":\"Home\",\"item\":\"https:\/\/osaka.ma\/\"},{\"@type\":\"ListItem\",\"position\":2,\"name\":\"Shop\",\"item\":\"https:\/\/osaka.ma\/shop-2\/\"},{\"@type\":\"ListItem\",\"position\":3,\"name\":\"MSI SPATIUM M450 NVMe M.2 500GB\"}]},{\"@type\":\"WebSite\",\"@id\":\"https:\/\/osaka.ma\/#website\",\"url\":\"https:\/\/osaka.ma\/\",\"name\":\"Osaka\",\"description\":\"\",\"publisher\":{\"@id\":\"https:\/\/osaka.ma\/#organization\"},\"potentialAction\":[{\"@type\":\"SearchAction\",\"target\":{\"@type\":\"EntryPoint\",\"urlTemplate\":\"https:\/\/osaka.ma\/?s={search_term_string}\"},\"query-input\":{\"@type\":\"PropertyValueSpecification\",\"valueRequired\":true,\"valueName\":\"search_term_string\"}}],\"inLanguage\":\"de-DE\"},{\"@type\":\"Organization\",\"@id\":\"https:\/\/osaka.ma\/#organization\",\"name\":\"Osaka\",\"url\":\"https:\/\/osaka.ma\/\",\"logo\":{\"@type\":\"ImageObject\",\"inLanguage\":\"de-DE\",\"@id\":\"https:\/\/osaka.ma\/#\/schema\/logo\/image\/\",\"url\":\"https:\/\/osaka.ma\/wp-content\/uploads\/2026\/01\/model-slogan-logo-2Plan-de-travail-1dksl-plus-finnn.png\",\"contentUrl\":\"https:\/\/osaka.ma\/wp-content\/uploads\/2026\/01\/model-slogan-logo-2Plan-de-travail-1dksl-plus-finnn.png\",\"width\":842,\"height\":226,\"caption\":\"Osaka\"},\"image\":{\"@id\":\"https:\/\/osaka.ma\/#\/schema\/logo\/image\/\"}}]}<\/script>\n<!-- \/ Yoast SEO plugin. -->","yoast_head_json":{"title":"MSI SPATIUM M450 NVMe M.2 500GB - Osaka","robots":{"index":"index","follow":"follow","max-snippet":"max-snippet:-1","max-image-preview":"max-image-preview:large","max-video-preview":"max-video-preview:-1"},"canonical":"https:\/\/osaka.ma\/es\/product\/msi-spatium-m450-nvme-m-2-500gb\/","og_locale":"de_DE","og_type":"article","og_title":"MSI SPATIUM M450 NVMe M.2 500GB - Osaka","og_url":"https:\/\/osaka.ma\/es\/product\/msi-spatium-m450-nvme-m-2-500gb\/","og_site_name":"Osaka","article_modified_time":"2025-09-04T10:41:42+00:00","og_image":[{"width":980,"height":980,"url":"https:\/\/osaka.ma\/wp-content\/uploads\/2025\/02\/M450500G-1-1024x1024-1-e1754066428848.png","type":"image\/png"}],"twitter_card":"summary_large_image","twitter_misc":{"Est. reading time":"2 minutes"},"schema":{"@context":"https:\/\/schema.org","@graph":[{"@type":"WebPage","@id":"https:\/\/osaka.ma\/es\/product\/msi-spatium-m450-nvme-m-2-500gb\/","url":"https:\/\/osaka.ma\/es\/product\/msi-spatium-m450-nvme-m-2-500gb\/","name":"MSI SPATIUM M450 NVMe M.2 500GB - Osaka","isPartOf":{"@id":"https:\/\/osaka.ma\/#website"},"primaryImageOfPage":{"@id":"https:\/\/osaka.ma\/es\/product\/msi-spatium-m450-nvme-m-2-500gb\/#primaryimage"},"image":{"@id":"https:\/\/osaka.ma\/es\/product\/msi-spatium-m450-nvme-m-2-500gb\/#primaryimage"},"thumbnailUrl":"https:\/\/osaka.ma\/wp-content\/uploads\/2025\/02\/M450500G-1-1024x1024-1-e1754066428848.png","datePublished":"2025-08-01T16:41:16+00:00","dateModified":"2025-09-04T10:41:42+00:00","breadcrumb":{"@id":"https:\/\/osaka.ma\/es\/product\/msi-spatium-m450-nvme-m-2-500gb\/#breadcrumb"},"inLanguage":"de-DE","potentialAction":[{"@type":"ReadAction","target":["https:\/\/osaka.ma\/es\/product\/msi-spatium-m450-nvme-m-2-500gb\/"]}]},{"@type":"ImageObject","inLanguage":"de-DE","@id":"https:\/\/osaka.ma\/es\/product\/msi-spatium-m450-nvme-m-2-500gb\/#primaryimage","url":"https:\/\/osaka.ma\/wp-content\/uploads\/2025\/02\/M450500G-1-1024x1024-1-e1754066428848.png","contentUrl":"https:\/\/osaka.ma\/wp-content\/uploads\/2025\/02\/M450500G-1-1024x1024-1-e1754066428848.png","width":980,"height":980},{"@type":"BreadcrumbList","@id":"https:\/\/osaka.ma\/es\/product\/msi-spatium-m450-nvme-m-2-500gb\/#breadcrumb","itemListElement":[{"@type":"ListItem","position":1,"name":"Home","item":"https:\/\/osaka.ma\/"},{"@type":"ListItem","position":2,"name":"Shop","item":"https:\/\/osaka.ma\/shop-2\/"},{"@type":"ListItem","position":3,"name":"MSI SPATIUM M450 NVMe M.2 500GB"}]},{"@type":"WebSite","@id":"https:\/\/osaka.ma\/#website","url":"https:\/\/osaka.ma\/","name":"Osaka","description":"","publisher":{"@id":"https:\/\/osaka.ma\/#organization"},"potentialAction":[{"@type":"SearchAction","target":{"@type":"EntryPoint","urlTemplate":"https:\/\/osaka.ma\/?s={search_term_string}"},"query-input":{"@type":"PropertyValueSpecification","valueRequired":true,"valueName":"search_term_string"}}],"inLanguage":"de-DE"},{"@type":"Organization","@id":"https:\/\/osaka.ma\/#organization","name":"Osaka","url":"https:\/\/osaka.ma\/","logo":{"@type":"ImageObject","inLanguage":"de-DE","@id":"https:\/\/osaka.ma\/#\/schema\/logo\/image\/","url":"https:\/\/osaka.ma\/wp-content\/uploads\/2026\/01\/model-slogan-logo-2Plan-de-travail-1dksl-plus-finnn.png","contentUrl":"https:\/\/osaka.ma\/wp-content\/uploads\/2026\/01\/model-slogan-logo-2Plan-de-travail-1dksl-plus-finnn.png","width":842,"height":226,"caption":"Osaka"},"image":{"@id":"https:\/\/osaka.ma\/#\/schema\/logo\/image\/"}}]}},"jetpack_sharing_enabled":true,"brands":[],"_links":{"self":[{"href":"https:\/\/osaka.ma\/de\/wp-json\/wp\/v2\/product\/17151","targetHints":{"allow":["GET"]}}],"collection":[{"href":"https:\/\/osaka.ma\/de\/wp-json\/wp\/v2\/product"}],"about":[{"href":"https:\/\/osaka.ma\/de\/wp-json\/wp\/v2\/types\/product"}],"version-history":[{"count":0,"href":"https:\/\/osaka.ma\/de\/wp-json\/wp\/v2\/product\/17151\/revisions"}],"wp:featuredmedia":[{"embeddable":true,"href":"https:\/\/osaka.ma\/de\/wp-json\/wp\/v2\/media\/1012447"}],"wp:attachment":[{"href":"https:\/\/osaka.ma\/de\/wp-json\/wp\/v2\/media?parent=17151"}],"wp:term":[{"taxonomy":"pwb-brand","embeddable":true,"href":"https:\/\/osaka.ma\/de\/wp-json\/wp\/v2\/pwb-brand?post=17151"},{"taxonomy":"product_brand","embeddable":true,"href":"https:\/\/osaka.ma\/de\/wp-json\/wp\/v2\/product_brand?post=17151"},{"taxonomy":"product_cat","embeddable":true,"href":"https:\/\/osaka.ma\/de\/wp-json\/wp\/v2\/product_cat?post=17151"},{"taxonomy":"product_tag","embeddable":true,"href":"https:\/\/osaka.ma\/de\/wp-json\/wp\/v2\/product_tag?post=17151"},{"taxonomy":"pcb_component_type","embeddable":true,"href":"https:\/\/osaka.ma\/de\/wp-json\/wp\/v2\/pcb_component_type?post=17151"}],"curies":[{"name":"wp","href":"https:\/\/api.w.org\/{rel}","templated":true}]}}