{"id":17194,"date":"2025-08-09T12:42:02","date_gmt":"2025-08-09T11:42:02","guid":{"rendered":"https:\/\/osaka.ma\/?post_type=product&#038;p=17194"},"modified":"2025-08-09T12:42:03","modified_gmt":"2025-08-09T11:42:03","slug":"amd-ryzen-5-3600x-tray-3-8-ghz-4-4-ghz","status":"publish","type":"product","link":"https:\/\/osaka.ma\/de\/product\/amd-ryzen-5-3600x-tray-3-8-ghz-4-4-ghz\/","title":{"rendered":"AMD Ryzen 5 3600X Tray (3.8 GHz \/ 4.4 GHz)"},"content":{"rendered":"<div class=\"logo\"><a href=\"https:\/\/www.ldlc.com\/amd\/bint000000805\/\" rel=\"nofollow noopener\" target=\"_blank\"><img decoding=\"async\" src=\"https:\/\/media.ldlc.com\/v3\/marque\/bo\/00\/01\/69\/31\/V30001693127_2.gif\" alt=\"AMD\" \/><\/a><\/div>\n<div id=\"description\" class=\"description\">\n<div class=\"details-pdt-desc\">\n<h2 class=\"h2-master\">Performances sans compromis pour tous<\/h2>\n<section>\n<div class=\"text-base my-auto mx-auto pb-10 [--thread-content-margin:--spacing(4)] @[37rem]:[--thread-content-margin:--spacing(6)] @[72rem]:[--thread-content-margin:--spacing(16)] px-(--thread-content-margin)\">\n<div class=\"[--thread-content-max-width:32rem] @[34rem]:[--thread-content-max-width:40rem] @[64rem]:[--thread-content-max-width:48rem] mx-auto max-w-(--thread-content-max-width) flex-1 group\/turn-messages focus-visible:outline-hidden relative flex w-full min-w-0 flex-col agent-turn\" tabindex=\"-1\">\n<div class=\"flex max-w-full flex-col grow\">\n<div class=\"min-h-8 text-message relative flex w-full flex-col items-end gap-2 text-start break-words whitespace-normal [.text-message+&amp;]:mt-5\" dir=\"auto\" data-message-author-role=\"assistant\" data-message-id=\"3d0723b2-4e2c-4060-be4f-c73b69000510\" data-message-model-slug=\"gpt-4-1-mini\">\n<div class=\"flex w-full flex-col gap-1 empty:hidden first:pt-[3px]\">\n<div class=\"markdown prose dark:prose-invert w-full break-words dark markdown-new-styling\">\n<p data-start=\"0\" data-end=\"290\" data-is-last-node=\"\" data-is-only-node=\"\">Le processeur <strong>AMD Ryzen 5 3600X<\/strong> Wraith Spire, grav\u00e9 en 7 nm, supporte PCIe 4.0.<br data-start=\"79\" data-end=\"82\" \/>Cette 3\u1d49 g\u00e9n\u00e9ration Ryzen Matisse offre 6 c\u0153urs, 12 threads, une fr\u00e9quence de 3,8 \u00e0 <strong>4,4 GHz<\/strong>, et <strong>32 Mo<\/strong> de <strong>cache L3.<\/strong><br data-start=\"196\" data-end=\"199\" \/>Avec un<strong> TDP<\/strong> de <strong>95W<\/strong>, il est livr\u00e9 avec un refroidisseur Wraith Spire efficace et silencieux.<\/p>\n<\/div>\n<\/div>\n<\/div>\n<\/div>\n<\/div>\n<\/div>\n<p>Le Ryzen 5 3600X d\u2019AMD offre des performances haut de gamme pour le gaming, la cr\u00e9ation et le multit\u00e2che.<br data-start=\"105\" data-end=\"108\" \/>Avec ses 12 threads et un GameCache de <strong>35 Mo<\/strong>, double de la g\u00e9n\u00e9ration pr\u00e9c\u00e9dente, il acc\u00e9l\u00e8re toutes vos t\u00e2ches et les rend plus fluides.<\/p>\n<\/section>\n<section>\n<div class=\"desc-image\"><img decoding=\"async\" src=\"https:\/\/media.ldlc.com\/bo\/images\/fiches\/Processeur\/AMD\/AMD_Ryzen_3000\/800_1.jpg\" alt=\"\" \/><\/div>\n<div class=\"desc-text\">\n<h2>Microarchitecture Zen 2<\/h2>\n<p>Les c\u0153urs Zen 2 optimisent l\u2019utilisation des ressources pour de meilleures performances.<br data-start=\"88\" data-end=\"91\" \/>Par rapport \u00e0 la g\u00e9n\u00e9ration pr\u00e9c\u00e9dente, ils doublent les capacit\u00e9s en virgule flottante et augmentent les instructions par cycle jusqu\u2019\u00e0 15 %.<br data-start=\"233\" data-end=\"236\" \/>Ainsi, Zen 2 combine puissance pour les applications modernes et efficacit\u00e9 \u00e9nerg\u00e9tique.<\/p>\n<\/div>\n<\/section>\n<section>\n<div class=\"desc-text\">\n<h2>6\u00a0c\u0153urs natifs\u00a0et 12 coeurs logiques<\/h2>\n<p>Le processeur AMD Ryzen 5 3600X offre 6 c\u0153urs natifs et 12 threads pour un multit\u00e2che fluide.<br data-start=\"93\" data-end=\"96\" \/>Sa fr\u00e9quence \u00e9lev\u00e9e et son mode Turbo Core adaptent la puissance selon les besoins.<br data-start=\"179\" data-end=\"182\" \/>Ainsi, il assure d\u2019excellentes performances en gaming, \u00e9dition vid\u00e9o, mod\u00e9lisation 3D et plus.<br data-start=\"276\" data-end=\"279\" \/>De plus, son cache L3 de 32 Mo r\u00e9duit les latences pour un traitement rapide des instructions.<\/p>\n<\/div>\n<div class=\"desc-image\"><img decoding=\"async\" src=\"https:\/\/media.ldlc.com\/bo\/images\/fiches\/Processeur\/AMD\/AMD_Ryzen_3000\/800_2.jpg\" alt=\"\" \/><\/div>\n<\/section>\n<section class=\"list\">\n<h2>Caract\u00e9ristiques principales :<\/h2>\n<ul>\n<li>Fr\u00e9quence :\u00a0<strong>3.8 GHz \/ 4.4\u00a0GHz<\/strong>\u00a0(Turbo Core)<\/li>\n<li><strong>6 coeurs<\/strong>\u00a0\/ 12 threads<\/li>\n<li><strong>GameCache 35 Mo\u00a0<\/strong>(32 Mo L3 + 3 Mo L2)<\/li>\n<li>Socket\u00a0<strong>AMD AM4<\/strong><\/li>\n<li>Contr\u00f4leur m\u00e9moire :\u00a0<strong>Dual Channel DDR4<\/strong><\/li>\n<li>Gravure :\u00a0<strong>7nm FinFET<\/strong><\/li>\n<li>Enveloppe thermique maximale (TDP) :\u00a0<strong>95W<\/strong><\/li>\n<\/ul>\n<\/section>\n<\/div>\n<\/div>\n","protected":false},"excerpt":{"rendered":"<h5>Processeur 6-Core 12-Threads socket AM4 GameCache 35 Mo 7 nm TDP<\/h5>\n<div class=\"text-base my-auto mx-auto pb-10 [--thread-content-margin:--spacing(4)] @[37rem]:[--thread-content-margin:--spacing(6)] @[72rem]:[--thread-content-margin:--spacing(16)] px-(--thread-content-margin)\">\n<div class=\"[--thread-content-max-width:32rem] @[34rem]:[--thread-content-max-width:40rem] @[64rem]:[--thread-content-max-width:48rem] mx-auto max-w-(--thread-content-max-width) flex-1 group\/turn-messages focus-visible:outline-hidden relative flex w-full min-w-0 flex-col agent-turn\" tabindex=\"-1\">\n<div class=\"flex max-w-full flex-col grow\">\n<div class=\"min-h-8 text-message relative flex w-full flex-col items-end gap-2 text-start break-words whitespace-normal [.text-message+&amp;]:mt-5\" dir=\"auto\" data-message-author-role=\"assistant\" data-message-id=\"166b86de-69a1-451d-9399-60ebd428ab09\" data-message-model-slug=\"gpt-4-1-mini\">\n<div class=\"flex w-full flex-col gap-1 empty:hidden first:pt-[3px]\">\n<div class=\"markdown prose dark:prose-invert w-full break-words dark markdown-new-styling\">\n<p data-start=\"0\" data-end=\"204\" data-is-last-node=\"\" data-is-only-node=\"\">Le <strong data-start=\"3\" data-end=\"29\">AMD Ryzen 5 3600X Tray<\/strong> est un processeur 6 c\u0153urs puissant, id\u00e9al pour le gaming, la cr\u00e9ation et le multit\u00e2che intensif, avec des fr\u00e9quences jusqu\u2019\u00e0 4,4 GHz pour des performances rapides et fluides.<\/p>\n<\/div>\n<\/div>\n<\/div>\n<\/div>\n<\/div>\n<\/div>\n<p>&nbsp;<\/p>\n","protected":false},"featured_media":1017145,"template":"","meta":{"_acf_changed":false},"pwb-brand":[],"product_brand":[],"product_cat":[69,17,66],"product_tag":[],"pcb_component_type":[],"class_list":{"0":"post-17194","1":"product","2":"type-product","3":"status-publish","4":"has-post-thumbnail","6":"product_cat-amd","7":"product_cat-composants-gaming","8":"product_cat-processeurs","10":"first","11":"outofstock","12":"shipping-taxable","13":"product-type-simple"},"translation":{"provider":"WPGlobus","version":"3.0.2","language":"de","enabled_languages":["en","es","de","fr","ru"],"languages":{"en":{"title":true,"content":true,"excerpt":true},"es":{"title":false,"content":false,"excerpt":false},"de":{"title":false,"content":false,"excerpt":false},"fr":{"title":false,"content":false,"excerpt":false},"ru":{"title":false,"content":false,"excerpt":false}}},"acf":[],"yoast_head":"<!-- This site is optimized with the Yoast SEO plugin v27.2 - https:\/\/yoast.com\/product\/yoast-seo-wordpress\/ -->\n<title>AMD RYZEN 5 3600X - Performance et Efficacit\u00e9 - Osaka<\/title>\n<meta name=\"robots\" content=\"index, follow, max-snippet:-1, max-image-preview:large, max-video-preview:-1\" \/>\n<link rel=\"canonical\" href=\"https:\/\/osaka.ma\/product\/amd-ryzen-5-3600x-tray-3-8-ghz-4-4-ghz\/\" \/>\n<meta property=\"og:locale\" content=\"de_DE\" \/>\n<meta property=\"og:type\" content=\"article\" \/>\n<meta property=\"og:title\" content=\"AMD Ryzen 5 3600X Tray (3.8 GHz \/ 4.4 GHz) - Osaka\" \/>\n<meta property=\"og:url\" content=\"https:\/\/osaka.ma\/product\/amd-ryzen-5-3600x-tray-3-8-ghz-4-4-ghz\/\" \/>\n<meta property=\"og:site_name\" content=\"Osaka\" \/>\n<meta property=\"article:modified_time\" content=\"2025-08-09T11:42:03+00:00\" \/>\n<meta property=\"og:image\" content=\"https:\/\/osaka.ma\/wp-content\/uploads\/2025\/07\/RYZEN-5-TRAY.jpg\" \/>\n\t<meta property=\"og:image:width\" content=\"600\" \/>\n\t<meta property=\"og:image:height\" content=\"600\" \/>\n\t<meta property=\"og:image:type\" content=\"image\/jpeg\" \/>\n<meta name=\"twitter:card\" content=\"summary_large_image\" \/>\n<meta name=\"twitter:label1\" content=\"Est. reading time\" \/>\n\t<meta name=\"twitter:data1\" content=\"3 minutes\" \/>\n<script type=\"application\/ld+json\" class=\"yoast-schema-graph\">{\"@context\":\"https:\/\/schema.org\",\"@graph\":[{\"@type\":\"WebPage\",\"@id\":\"https:\/\/osaka.ma\/product\/amd-ryzen-5-3600x-tray-3-8-ghz-4-4-ghz\/\",\"url\":\"https:\/\/osaka.ma\/product\/amd-ryzen-5-3600x-tray-3-8-ghz-4-4-ghz\/\",\"name\":\"AMD RYZEN 5 3600X - Performance et Efficacit\u00e9 - Osaka\",\"isPartOf\":{\"@id\":\"https:\/\/osaka.ma\/#website\"},\"primaryImageOfPage\":{\"@id\":\"https:\/\/osaka.ma\/product\/amd-ryzen-5-3600x-tray-3-8-ghz-4-4-ghz\/#primaryimage\"},\"image\":{\"@id\":\"https:\/\/osaka.ma\/product\/amd-ryzen-5-3600x-tray-3-8-ghz-4-4-ghz\/#primaryimage\"},\"thumbnailUrl\":\"https:\/\/osaka.ma\/wp-content\/uploads\/2025\/07\/RYZEN-5-TRAY.jpg\",\"datePublished\":\"2025-08-09T11:42:02+00:00\",\"dateModified\":\"2025-08-09T11:42:03+00:00\",\"description\":\"D\u00e9couvrez la puissance du processeur AMD RYZEN 5 3600X pour vos jeux et applications. Avec une fr\u00e9quence de 4,4 GHz, am\u00e9liorez votre exp\u00e9rience!\",\"breadcrumb\":{\"@id\":\"https:\/\/osaka.ma\/product\/amd-ryzen-5-3600x-tray-3-8-ghz-4-4-ghz\/#breadcrumb\"},\"inLanguage\":\"de-DE\",\"potentialAction\":[{\"@type\":\"ReadAction\",\"target\":[\"https:\/\/osaka.ma\/product\/amd-ryzen-5-3600x-tray-3-8-ghz-4-4-ghz\/\"]}]},{\"@type\":\"ImageObject\",\"inLanguage\":\"de-DE\",\"@id\":\"https:\/\/osaka.ma\/product\/amd-ryzen-5-3600x-tray-3-8-ghz-4-4-ghz\/#primaryimage\",\"url\":\"https:\/\/osaka.ma\/wp-content\/uploads\/2025\/07\/RYZEN-5-TRAY.jpg\",\"contentUrl\":\"https:\/\/osaka.ma\/wp-content\/uploads\/2025\/07\/RYZEN-5-TRAY.jpg\",\"width\":600,\"height\":600,\"caption\":\"RYZEN 5 TRAY\"},{\"@type\":\"BreadcrumbList\",\"@id\":\"https:\/\/osaka.ma\/product\/amd-ryzen-5-3600x-tray-3-8-ghz-4-4-ghz\/#breadcrumb\",\"itemListElement\":[{\"@type\":\"ListItem\",\"position\":1,\"name\":\"Home\",\"item\":\"https:\/\/osaka.ma\/\"},{\"@type\":\"ListItem\",\"position\":2,\"name\":\"Shop\",\"item\":\"https:\/\/osaka.ma\/shop-2\/\"},{\"@type\":\"ListItem\",\"position\":3,\"name\":\"AMD Ryzen 5 3600X Tray (3.8 GHz \/ 4.4 GHz)\"}]},{\"@type\":\"WebSite\",\"@id\":\"https:\/\/osaka.ma\/#website\",\"url\":\"https:\/\/osaka.ma\/\",\"name\":\"Osaka\",\"description\":\"\",\"publisher\":{\"@id\":\"https:\/\/osaka.ma\/#organization\"},\"potentialAction\":[{\"@type\":\"SearchAction\",\"target\":{\"@type\":\"EntryPoint\",\"urlTemplate\":\"https:\/\/osaka.ma\/?s={search_term_string}\"},\"query-input\":{\"@type\":\"PropertyValueSpecification\",\"valueRequired\":true,\"valueName\":\"search_term_string\"}}],\"inLanguage\":\"de-DE\"},{\"@type\":\"Organization\",\"@id\":\"https:\/\/osaka.ma\/#organization\",\"name\":\"Osaka\",\"url\":\"https:\/\/osaka.ma\/\",\"logo\":{\"@type\":\"ImageObject\",\"inLanguage\":\"de-DE\",\"@id\":\"https:\/\/osaka.ma\/#\/schema\/logo\/image\/\",\"url\":\"https:\/\/osaka.ma\/wp-content\/uploads\/2026\/01\/model-slogan-logo-2Plan-de-travail-1dksl-plus-finnn.png\",\"contentUrl\":\"https:\/\/osaka.ma\/wp-content\/uploads\/2026\/01\/model-slogan-logo-2Plan-de-travail-1dksl-plus-finnn.png\",\"width\":842,\"height\":226,\"caption\":\"Osaka\"},\"image\":{\"@id\":\"https:\/\/osaka.ma\/#\/schema\/logo\/image\/\"}}]}<\/script>\n<!-- \/ Yoast SEO plugin. -->","yoast_head_json":{"title":"AMD RYZEN 5 3600X - Performance et Efficacit\u00e9 - Osaka","robots":{"index":"index","follow":"follow","max-snippet":"max-snippet:-1","max-image-preview":"max-image-preview:large","max-video-preview":"max-video-preview:-1"},"canonical":"https:\/\/osaka.ma\/product\/amd-ryzen-5-3600x-tray-3-8-ghz-4-4-ghz\/","og_locale":"de_DE","og_type":"article","og_title":"AMD Ryzen 5 3600X Tray (3.8 GHz \/ 4.4 GHz) - Osaka","og_url":"https:\/\/osaka.ma\/product\/amd-ryzen-5-3600x-tray-3-8-ghz-4-4-ghz\/","og_site_name":"Osaka","article_modified_time":"2025-08-09T11:42:03+00:00","og_image":[{"width":600,"height":600,"url":"https:\/\/osaka.ma\/wp-content\/uploads\/2025\/07\/RYZEN-5-TRAY.jpg","type":"image\/jpeg"}],"twitter_card":"summary_large_image","twitter_misc":{"Est. reading time":"3 minutes"},"schema":{"@context":"https:\/\/schema.org","@graph":[{"@type":"WebPage","@id":"https:\/\/osaka.ma\/product\/amd-ryzen-5-3600x-tray-3-8-ghz-4-4-ghz\/","url":"https:\/\/osaka.ma\/product\/amd-ryzen-5-3600x-tray-3-8-ghz-4-4-ghz\/","name":"AMD RYZEN 5 3600X - Performance et Efficacit\u00e9 - Osaka","isPartOf":{"@id":"https:\/\/osaka.ma\/#website"},"primaryImageOfPage":{"@id":"https:\/\/osaka.ma\/product\/amd-ryzen-5-3600x-tray-3-8-ghz-4-4-ghz\/#primaryimage"},"image":{"@id":"https:\/\/osaka.ma\/product\/amd-ryzen-5-3600x-tray-3-8-ghz-4-4-ghz\/#primaryimage"},"thumbnailUrl":"https:\/\/osaka.ma\/wp-content\/uploads\/2025\/07\/RYZEN-5-TRAY.jpg","datePublished":"2025-08-09T11:42:02+00:00","dateModified":"2025-08-09T11:42:03+00:00","description":"D\u00e9couvrez la puissance du processeur AMD RYZEN 5 3600X pour vos jeux et applications. Avec une fr\u00e9quence de 4,4 GHz, am\u00e9liorez votre exp\u00e9rience!","breadcrumb":{"@id":"https:\/\/osaka.ma\/product\/amd-ryzen-5-3600x-tray-3-8-ghz-4-4-ghz\/#breadcrumb"},"inLanguage":"de-DE","potentialAction":[{"@type":"ReadAction","target":["https:\/\/osaka.ma\/product\/amd-ryzen-5-3600x-tray-3-8-ghz-4-4-ghz\/"]}]},{"@type":"ImageObject","inLanguage":"de-DE","@id":"https:\/\/osaka.ma\/product\/amd-ryzen-5-3600x-tray-3-8-ghz-4-4-ghz\/#primaryimage","url":"https:\/\/osaka.ma\/wp-content\/uploads\/2025\/07\/RYZEN-5-TRAY.jpg","contentUrl":"https:\/\/osaka.ma\/wp-content\/uploads\/2025\/07\/RYZEN-5-TRAY.jpg","width":600,"height":600,"caption":"RYZEN 5 TRAY"},{"@type":"BreadcrumbList","@id":"https:\/\/osaka.ma\/product\/amd-ryzen-5-3600x-tray-3-8-ghz-4-4-ghz\/#breadcrumb","itemListElement":[{"@type":"ListItem","position":1,"name":"Home","item":"https:\/\/osaka.ma\/"},{"@type":"ListItem","position":2,"name":"Shop","item":"https:\/\/osaka.ma\/shop-2\/"},{"@type":"ListItem","position":3,"name":"AMD Ryzen 5 3600X Tray (3.8 GHz \/ 4.4 GHz)"}]},{"@type":"WebSite","@id":"https:\/\/osaka.ma\/#website","url":"https:\/\/osaka.ma\/","name":"Osaka","description":"","publisher":{"@id":"https:\/\/osaka.ma\/#organization"},"potentialAction":[{"@type":"SearchAction","target":{"@type":"EntryPoint","urlTemplate":"https:\/\/osaka.ma\/?s={search_term_string}"},"query-input":{"@type":"PropertyValueSpecification","valueRequired":true,"valueName":"search_term_string"}}],"inLanguage":"de-DE"},{"@type":"Organization","@id":"https:\/\/osaka.ma\/#organization","name":"Osaka","url":"https:\/\/osaka.ma\/","logo":{"@type":"ImageObject","inLanguage":"de-DE","@id":"https:\/\/osaka.ma\/#\/schema\/logo\/image\/","url":"https:\/\/osaka.ma\/wp-content\/uploads\/2026\/01\/model-slogan-logo-2Plan-de-travail-1dksl-plus-finnn.png","contentUrl":"https:\/\/osaka.ma\/wp-content\/uploads\/2026\/01\/model-slogan-logo-2Plan-de-travail-1dksl-plus-finnn.png","width":842,"height":226,"caption":"Osaka"},"image":{"@id":"https:\/\/osaka.ma\/#\/schema\/logo\/image\/"}}]}},"jetpack_sharing_enabled":true,"brands":[],"_links":{"self":[{"href":"https:\/\/osaka.ma\/de\/wp-json\/wp\/v2\/product\/17194","targetHints":{"allow":["GET"]}}],"collection":[{"href":"https:\/\/osaka.ma\/de\/wp-json\/wp\/v2\/product"}],"about":[{"href":"https:\/\/osaka.ma\/de\/wp-json\/wp\/v2\/types\/product"}],"version-history":[{"count":0,"href":"https:\/\/osaka.ma\/de\/wp-json\/wp\/v2\/product\/17194\/revisions"}],"wp:featuredmedia":[{"embeddable":true,"href":"https:\/\/osaka.ma\/de\/wp-json\/wp\/v2\/media\/1017145"}],"wp:attachment":[{"href":"https:\/\/osaka.ma\/de\/wp-json\/wp\/v2\/media?parent=17194"}],"wp:term":[{"taxonomy":"pwb-brand","embeddable":true,"href":"https:\/\/osaka.ma\/de\/wp-json\/wp\/v2\/pwb-brand?post=17194"},{"taxonomy":"product_brand","embeddable":true,"href":"https:\/\/osaka.ma\/de\/wp-json\/wp\/v2\/product_brand?post=17194"},{"taxonomy":"product_cat","embeddable":true,"href":"https:\/\/osaka.ma\/de\/wp-json\/wp\/v2\/product_cat?post=17194"},{"taxonomy":"product_tag","embeddable":true,"href":"https:\/\/osaka.ma\/de\/wp-json\/wp\/v2\/product_tag?post=17194"},{"taxonomy":"pcb_component_type","embeddable":true,"href":"https:\/\/osaka.ma\/de\/wp-json\/wp\/v2\/pcb_component_type?post=17194"}],"curies":[{"name":"wp","href":"https:\/\/api.w.org\/{rel}","templated":true}]}}