{"id":17342,"date":"2025-08-12T18:34:18","date_gmt":"2025-08-12T17:34:18","guid":{"rendered":"https:\/\/osaka.ma\/?post_type=product&#038;p=17342"},"modified":"2025-10-11T13:01:55","modified_gmt":"2025-10-11T12:01:55","slug":"intel-core-i5-14600k-tray-3-5-ghz-5-3-ghz","status":"publish","type":"product","link":"https:\/\/osaka.ma\/de\/product\/intel-core-i5-14600k-tray-3-5-ghz-5-3-ghz\/","title":{"rendered":"Intel Core i5-14600K Tray (3.5 GHz \/ 5.3 GHz)"},"content":{"rendered":"<div class=\"logo\"><img decoding=\"async\" class=\"aligncenter\" src=\"https:\/\/media.ldlc.com\/v3\/marque\/bo\/00\/05\/72\/22\/V30005722262_2.jpg\" alt=\"Intel\" \/><\/div>\n<div id=\"description\" class=\"description\">\n<div class=\"details-pdt-desc\">\n<h2 class=\"h2-master\">Faites en plus, sans compromis<\/h2>\n<section>\n<div class=\"text-base my-auto mx-auto pb-10 [--thread-content-margin:--spacing(4)] @[37rem]:[--thread-content-margin:--spacing(6)] @[72rem]:[--thread-content-margin:--spacing(16)] px-(--thread-content-margin)\">\n<div class=\"[--thread-content-max-width:32rem] @[34rem]:[--thread-content-max-width:40rem] @[64rem]:[--thread-content-max-width:48rem] mx-auto max-w-(--thread-content-max-width) flex-1 group\/turn-messages focus-visible:outline-hidden relative flex w-full min-w-0 flex-col agent-turn\" tabindex=\"-1\">\n<div class=\"flex max-w-full flex-col grow\">\n<div class=\"min-h-8 text-message relative flex w-full flex-col items-end gap-2 text-start break-words whitespace-normal [.text-message+&amp;]:mt-5\" dir=\"auto\" data-message-author-role=\"assistant\" data-message-id=\"42bd0a71-fd70-4ecd-a630-9d01a4e2600c\" data-message-model-slug=\"gpt-4-1-mini\">\n<div class=\"flex w-full flex-col gap-1 empty:hidden first:pt-[3px]\">\n<div class=\"markdown prose dark:prose-invert w-full break-words dark markdown-new-styling\">\n<p data-start=\"0\" data-end=\"153\" data-is-last-node=\"\" data-is-only-node=\"\">Les processeurs Intel Core 14e g\u00e9n\u00e9ration offrent plus de c\u0153urs et de vitesse pour des performances optimales, id\u00e9aux pour le gaming et tous vos besoins.<\/p>\n<\/div>\n<\/div>\n<\/div>\n<\/div>\n<\/div>\n<\/div>\n<\/section>\n<section>\n<div class=\"desc-image\"><img decoding=\"async\" src=\"https:\/\/media.ldlc.com\/bo\/images\/fiches\/Processeur\/Intel\/intel_core_14th_i5k_001.jpg\" alt=\"\" \/><\/div>\n<div class=\"desc-text\">\n<h2>Intel Core\u00a0i5-14600K 14-Core (6P+8E)<\/h2>\n<ul>\n<li>Processeur\u00a0<strong>14 Cores<\/strong>\u00a0\/ 20\u00a0Threads<\/li>\n<li><strong>6 Performance-Cores<\/strong>\u00a0(3.5\u00a0GHz &#8211; 5.3\u00a0GHz) + 8 Efficient-Cores (jusqu&#8217;\u00e0 4.0\u00a0GHz)<\/li>\n<li>Cache\u00a0<strong>L3 24 Mo<\/strong>\u00a0+ Cache L2 20 Mo<\/li>\n<li><strong>Unlocked\u00a0<\/strong>(coefficient multiplicateur d\u00e9bloqu\u00e9 pour l&#8217;overclocking)<\/li>\n<li>IGP : Intel UHD Graphics 770<\/li>\n<li>Contr\u00f4leur m\u00e9moire : DDR4 \/\u00a0<strong>DDR5<\/strong><\/li>\n<li>Compatible\u00a0<strong>PCI-E 5.0<\/strong><\/li>\n<li>TDP\u00a0: 125W<\/li>\n<li>TDP max. (Turbo Power) : 181W<\/li>\n<\/ul>\n<\/div>\n<\/section>\n<section>\n<div class=\"desc-text\">\n<h2>Architecture hybride<\/h2>\n<div class=\"text-base my-auto mx-auto pb-10 [--thread-content-margin:--spacing(4)] @[37rem]:[--thread-content-margin:--spacing(6)] @[72rem]:[--thread-content-margin:--spacing(16)] px-(--thread-content-margin)\">\n<div class=\"[--thread-content-max-width:32rem] @[34rem]:[--thread-content-max-width:40rem] @[64rem]:[--thread-content-max-width:48rem] mx-auto max-w-(--thread-content-max-width) flex-1 group\/turn-messages focus-visible:outline-hidden relative flex w-full min-w-0 flex-col agent-turn\" tabindex=\"-1\">\n<div class=\"flex max-w-full flex-col grow\">\n<div class=\"min-h-8 text-message relative flex w-full flex-col items-end gap-2 text-start break-words whitespace-normal [.text-message+&amp;]:mt-5\" dir=\"auto\" data-message-author-role=\"assistant\" data-message-id=\"c1d2596a-f668-4e73-b3b8-bd795221c9f6\" data-message-model-slug=\"gpt-4-1-mini\">\n<div class=\"flex w-full flex-col gap-1 empty:hidden first:pt-[3px]\">\n<div class=\"markdown prose dark:prose-invert w-full break-words dark markdown-new-styling\">\n<p data-start=\"0\" data-end=\"286\" data-is-last-node=\"\" data-is-only-node=\"\">Les processeurs Intel Core int\u00e8grent une architecture hybride optimis\u00e9e et des technologies avanc\u00e9es pour d\u00e9passer le gaming et la cr\u00e9ation. Ils offrent une exp\u00e9rience performante pour toutes vos t\u00e2ches, vous permettant de toujours vous surpasser, m\u00eame dans les jeux les plus exigeants.<\/p>\n<\/div>\n<\/div>\n<\/div>\n<\/div>\n<\/div>\n<\/div>\n<\/div>\n<div class=\"desc-image\"><img decoding=\"async\" src=\"https:\/\/media.ldlc.com\/bo\/images\/fiches\/Processeur\/Intel\/intel_core_14th_003.jpg\" alt=\"\" \/><\/div>\n<\/section>\n<section>\n<div class=\"desc-image\"><img decoding=\"async\" src=\"https:\/\/media.ldlc.com\/bo\/images\/fiches\/Processeur\/Intel\/intel_core_14th_002.jpg\" alt=\"\" \/><\/div>\n<div class=\"desc-text\">\n<h2>Potentiel illimit\u00e9<\/h2>\n<div class=\"text-base my-auto mx-auto pb-10 [--thread-content-margin:--spacing(4)] @[37rem]:[--thread-content-margin:--spacing(6)] @[72rem]:[--thread-content-margin:--spacing(16)] px-(--thread-content-margin)\">\n<div class=\"[--thread-content-max-width:32rem] @[34rem]:[--thread-content-max-width:40rem] @[64rem]:[--thread-content-max-width:48rem] mx-auto max-w-(--thread-content-max-width) flex-1 group\/turn-messages focus-visible:outline-hidden relative flex w-full min-w-0 flex-col agent-turn\" tabindex=\"-1\">\n<div class=\"flex max-w-full flex-col grow\">\n<div class=\"min-h-8 text-message relative flex w-full flex-col items-end gap-2 text-start break-words whitespace-normal [.text-message+&amp;]:mt-5\" dir=\"auto\" data-message-author-role=\"assistant\" data-message-id=\"c422c9e5-6b6f-4ea3-8237-497d5808cdb6\" data-message-model-slug=\"gpt-4-1-mini\">\n<div class=\"flex w-full flex-col gap-1 empty:hidden first:pt-[3px]\">\n<div class=\"markdown prose dark:prose-invert w-full break-words dark markdown-new-styling\">\n<p data-start=\"0\" data-end=\"311\" data-is-last-node=\"\" data-is-only-node=\"\">Avec plus d\u2019E-cores, les processeurs Intel Core 14e g\u00e9n\u00e9ration g\u00e8rent multit\u00e2che et gaming simultan\u00e9ment. Les Performance-cores optimisent les jeux exigeants, tandis qu\u2019Intel Thread Director assure une exp\u00e9rience fluide sans ralentissements. Le Smart Cache am\u00e9liore les performances et acc\u00e9l\u00e8re les chargements.<\/p>\n<\/div>\n<\/div>\n<\/div>\n<\/div>\n<\/div>\n<\/div>\n<\/div>\n<\/section>\n<\/div>\n<\/div>\n","protected":false},"excerpt":{"rendered":"<h6>Processeur 14-Core (6 Performance-Cores + 8 Efficient-Cores) 20-Threads Socket 1700 Cache L3 24 Mo Intel UHD Graphics 770 (version TRAY sans bo\u00eete )<\/h6>\n<p>L<strong>\u2019Intel Core i5-14600K<\/strong> est un processeur puissant de 14e g\u00e9n\u00e9ration, con\u00e7u pour offrir un excellent \u00e9quilibre entre performances gaming et productivit\u00e9, id\u00e9al pour les utilisateurs exigeants.<\/p>\n","protected":false},"featured_media":1017259,"template":"","meta":{"_acf_changed":false},"pwb-brand":[],"product_brand":[],"product_cat":[17,67,66],"product_tag":[],"pcb_component_type":[],"class_list":{"0":"post-17342","1":"product","2":"type-product","3":"status-publish","4":"has-post-thumbnail","6":"product_cat-composants-gaming","7":"product_cat-intel-processeurs","8":"product_cat-processeurs","10":"first","11":"outofstock","12":"shipping-taxable","13":"product-type-simple"},"translation":{"provider":"WPGlobus","version":"3.0.2","language":"de","enabled_languages":["en","es","de","fr","ru"],"languages":{"en":{"title":true,"content":true,"excerpt":true},"es":{"title":false,"content":false,"excerpt":false},"de":{"title":false,"content":false,"excerpt":false},"fr":{"title":false,"content":false,"excerpt":false},"ru":{"title":false,"content":false,"excerpt":false}}},"acf":[],"yoast_head":"<!-- This site is optimized with the Yoast SEO plugin v27.2 - https:\/\/yoast.com\/product\/yoast-seo-wordpress\/ -->\n<title>Intel Core i5-14600K Tray avec overclocking d\u00e9bloqu\u00e9 - Osaka<\/title>\n<meta name=\"robots\" content=\"index, follow, max-snippet:-1, max-image-preview:large, max-video-preview:-1\" \/>\n<link rel=\"canonical\" href=\"https:\/\/osaka.ma\/de\/product\/intel-core-i5-14600k-tray-3-5-ghz-5-3-ghz\/\" \/>\n<meta property=\"og:locale\" content=\"de_DE\" \/>\n<meta property=\"og:type\" content=\"article\" \/>\n<meta property=\"og:title\" content=\"Intel Core i5-14600K Tray (3.5 GHz \/ 5.3 GHz) - Osaka\" \/>\n<meta property=\"og:url\" content=\"https:\/\/osaka.ma\/de\/product\/intel-core-i5-14600k-tray-3-5-ghz-5-3-ghz\/\" \/>\n<meta property=\"og:site_name\" content=\"Osaka\" \/>\n<meta property=\"article:modified_time\" content=\"2025-10-11T12:01:55+00:00\" \/>\n<meta property=\"og:image\" content=\"https:\/\/osaka.ma\/wp-content\/uploads\/2025\/08\/Intel-i5-TRAY.jpg\" \/>\n\t<meta property=\"og:image:width\" content=\"2500\" \/>\n\t<meta property=\"og:image:height\" content=\"2500\" \/>\n\t<meta property=\"og:image:type\" content=\"image\/jpeg\" \/>\n<meta name=\"twitter:card\" content=\"summary_large_image\" \/>\n<meta name=\"twitter:label1\" content=\"Est. reading time\" \/>\n\t<meta name=\"twitter:data1\" content=\"3 minutes\" \/>\n<script type=\"application\/ld+json\" class=\"yoast-schema-graph\">{\"@context\":\"https:\/\/schema.org\",\"@graph\":[{\"@type\":\"WebPage\",\"@id\":\"https:\/\/osaka.ma\/de\/product\/intel-core-i5-14600k-tray-3-5-ghz-5-3-ghz\/\",\"url\":\"https:\/\/osaka.ma\/de\/product\/intel-core-i5-14600k-tray-3-5-ghz-5-3-ghz\/\",\"name\":\"Intel Core i5-14600K Tray avec overclocking d\u00e9bloqu\u00e9 - Osaka\",\"isPartOf\":{\"@id\":\"https:\/\/osaka.ma\/#website\"},\"primaryImageOfPage\":{\"@id\":\"https:\/\/osaka.ma\/de\/product\/intel-core-i5-14600k-tray-3-5-ghz-5-3-ghz\/#primaryimage\"},\"image\":{\"@id\":\"https:\/\/osaka.ma\/de\/product\/intel-core-i5-14600k-tray-3-5-ghz-5-3-ghz\/#primaryimage\"},\"thumbnailUrl\":\"https:\/\/osaka.ma\/wp-content\/uploads\/2025\/08\/Intel-i5-TRAY.jpg\",\"datePublished\":\"2025-08-12T17:34:18+00:00\",\"dateModified\":\"2025-10-11T12:01:55+00:00\",\"description\":\"Transformez votre exp\u00e9rience de jeu avec l'Intel Core i5-14600K Tray. Testez des vitesses allant jusqu'\u00e0 5.3 GHz pour ondes de choc !\",\"breadcrumb\":{\"@id\":\"https:\/\/osaka.ma\/de\/product\/intel-core-i5-14600k-tray-3-5-ghz-5-3-ghz\/#breadcrumb\"},\"inLanguage\":\"de-DE\",\"potentialAction\":[{\"@type\":\"ReadAction\",\"target\":[\"https:\/\/osaka.ma\/de\/product\/intel-core-i5-14600k-tray-3-5-ghz-5-3-ghz\/\"]}]},{\"@type\":\"ImageObject\",\"inLanguage\":\"de-DE\",\"@id\":\"https:\/\/osaka.ma\/de\/product\/intel-core-i5-14600k-tray-3-5-ghz-5-3-ghz\/#primaryimage\",\"url\":\"https:\/\/osaka.ma\/wp-content\/uploads\/2025\/08\/Intel-i5-TRAY.jpg\",\"contentUrl\":\"https:\/\/osaka.ma\/wp-content\/uploads\/2025\/08\/Intel-i5-TRAY.jpg\",\"width\":2500,\"height\":2500,\"caption\":\"Intel Core Tray\"},{\"@type\":\"BreadcrumbList\",\"@id\":\"https:\/\/osaka.ma\/de\/product\/intel-core-i5-14600k-tray-3-5-ghz-5-3-ghz\/#breadcrumb\",\"itemListElement\":[{\"@type\":\"ListItem\",\"position\":1,\"name\":\"Home\",\"item\":\"https:\/\/osaka.ma\/\"},{\"@type\":\"ListItem\",\"position\":2,\"name\":\"Shop\",\"item\":\"https:\/\/osaka.ma\/shop-2\/\"},{\"@type\":\"ListItem\",\"position\":3,\"name\":\"Intel Core i5-14600K Tray (3.5 GHz \/ 5.3 GHz)\"}]},{\"@type\":\"WebSite\",\"@id\":\"https:\/\/osaka.ma\/#website\",\"url\":\"https:\/\/osaka.ma\/\",\"name\":\"Osaka\",\"description\":\"\",\"publisher\":{\"@id\":\"https:\/\/osaka.ma\/#organization\"},\"potentialAction\":[{\"@type\":\"SearchAction\",\"target\":{\"@type\":\"EntryPoint\",\"urlTemplate\":\"https:\/\/osaka.ma\/?s={search_term_string}\"},\"query-input\":{\"@type\":\"PropertyValueSpecification\",\"valueRequired\":true,\"valueName\":\"search_term_string\"}}],\"inLanguage\":\"de-DE\"},{\"@type\":\"Organization\",\"@id\":\"https:\/\/osaka.ma\/#organization\",\"name\":\"Osaka\",\"url\":\"https:\/\/osaka.ma\/\",\"logo\":{\"@type\":\"ImageObject\",\"inLanguage\":\"de-DE\",\"@id\":\"https:\/\/osaka.ma\/#\/schema\/logo\/image\/\",\"url\":\"https:\/\/osaka.ma\/wp-content\/uploads\/2026\/01\/model-slogan-logo-2Plan-de-travail-1dksl-plus-finnn.png\",\"contentUrl\":\"https:\/\/osaka.ma\/wp-content\/uploads\/2026\/01\/model-slogan-logo-2Plan-de-travail-1dksl-plus-finnn.png\",\"width\":842,\"height\":226,\"caption\":\"Osaka\"},\"image\":{\"@id\":\"https:\/\/osaka.ma\/#\/schema\/logo\/image\/\"}}]}<\/script>\n<!-- \/ Yoast SEO plugin. -->","yoast_head_json":{"title":"Intel Core i5-14600K Tray avec overclocking d\u00e9bloqu\u00e9 - Osaka","robots":{"index":"index","follow":"follow","max-snippet":"max-snippet:-1","max-image-preview":"max-image-preview:large","max-video-preview":"max-video-preview:-1"},"canonical":"https:\/\/osaka.ma\/de\/product\/intel-core-i5-14600k-tray-3-5-ghz-5-3-ghz\/","og_locale":"de_DE","og_type":"article","og_title":"Intel Core i5-14600K Tray (3.5 GHz \/ 5.3 GHz) - Osaka","og_url":"https:\/\/osaka.ma\/de\/product\/intel-core-i5-14600k-tray-3-5-ghz-5-3-ghz\/","og_site_name":"Osaka","article_modified_time":"2025-10-11T12:01:55+00:00","og_image":[{"width":2500,"height":2500,"url":"https:\/\/osaka.ma\/wp-content\/uploads\/2025\/08\/Intel-i5-TRAY.jpg","type":"image\/jpeg"}],"twitter_card":"summary_large_image","twitter_misc":{"Est. reading time":"3 minutes"},"schema":{"@context":"https:\/\/schema.org","@graph":[{"@type":"WebPage","@id":"https:\/\/osaka.ma\/de\/product\/intel-core-i5-14600k-tray-3-5-ghz-5-3-ghz\/","url":"https:\/\/osaka.ma\/de\/product\/intel-core-i5-14600k-tray-3-5-ghz-5-3-ghz\/","name":"Intel Core i5-14600K Tray avec overclocking d\u00e9bloqu\u00e9 - Osaka","isPartOf":{"@id":"https:\/\/osaka.ma\/#website"},"primaryImageOfPage":{"@id":"https:\/\/osaka.ma\/de\/product\/intel-core-i5-14600k-tray-3-5-ghz-5-3-ghz\/#primaryimage"},"image":{"@id":"https:\/\/osaka.ma\/de\/product\/intel-core-i5-14600k-tray-3-5-ghz-5-3-ghz\/#primaryimage"},"thumbnailUrl":"https:\/\/osaka.ma\/wp-content\/uploads\/2025\/08\/Intel-i5-TRAY.jpg","datePublished":"2025-08-12T17:34:18+00:00","dateModified":"2025-10-11T12:01:55+00:00","description":"Transformez votre exp\u00e9rience de jeu avec l'Intel Core i5-14600K Tray. Testez des vitesses allant jusqu'\u00e0 5.3 GHz pour ondes de choc !","breadcrumb":{"@id":"https:\/\/osaka.ma\/de\/product\/intel-core-i5-14600k-tray-3-5-ghz-5-3-ghz\/#breadcrumb"},"inLanguage":"de-DE","potentialAction":[{"@type":"ReadAction","target":["https:\/\/osaka.ma\/de\/product\/intel-core-i5-14600k-tray-3-5-ghz-5-3-ghz\/"]}]},{"@type":"ImageObject","inLanguage":"de-DE","@id":"https:\/\/osaka.ma\/de\/product\/intel-core-i5-14600k-tray-3-5-ghz-5-3-ghz\/#primaryimage","url":"https:\/\/osaka.ma\/wp-content\/uploads\/2025\/08\/Intel-i5-TRAY.jpg","contentUrl":"https:\/\/osaka.ma\/wp-content\/uploads\/2025\/08\/Intel-i5-TRAY.jpg","width":2500,"height":2500,"caption":"Intel Core Tray"},{"@type":"BreadcrumbList","@id":"https:\/\/osaka.ma\/de\/product\/intel-core-i5-14600k-tray-3-5-ghz-5-3-ghz\/#breadcrumb","itemListElement":[{"@type":"ListItem","position":1,"name":"Home","item":"https:\/\/osaka.ma\/"},{"@type":"ListItem","position":2,"name":"Shop","item":"https:\/\/osaka.ma\/shop-2\/"},{"@type":"ListItem","position":3,"name":"Intel Core i5-14600K Tray (3.5 GHz \/ 5.3 GHz)"}]},{"@type":"WebSite","@id":"https:\/\/osaka.ma\/#website","url":"https:\/\/osaka.ma\/","name":"Osaka","description":"","publisher":{"@id":"https:\/\/osaka.ma\/#organization"},"potentialAction":[{"@type":"SearchAction","target":{"@type":"EntryPoint","urlTemplate":"https:\/\/osaka.ma\/?s={search_term_string}"},"query-input":{"@type":"PropertyValueSpecification","valueRequired":true,"valueName":"search_term_string"}}],"inLanguage":"de-DE"},{"@type":"Organization","@id":"https:\/\/osaka.ma\/#organization","name":"Osaka","url":"https:\/\/osaka.ma\/","logo":{"@type":"ImageObject","inLanguage":"de-DE","@id":"https:\/\/osaka.ma\/#\/schema\/logo\/image\/","url":"https:\/\/osaka.ma\/wp-content\/uploads\/2026\/01\/model-slogan-logo-2Plan-de-travail-1dksl-plus-finnn.png","contentUrl":"https:\/\/osaka.ma\/wp-content\/uploads\/2026\/01\/model-slogan-logo-2Plan-de-travail-1dksl-plus-finnn.png","width":842,"height":226,"caption":"Osaka"},"image":{"@id":"https:\/\/osaka.ma\/#\/schema\/logo\/image\/"}}]}},"jetpack_sharing_enabled":true,"brands":[],"_links":{"self":[{"href":"https:\/\/osaka.ma\/de\/wp-json\/wp\/v2\/product\/17342","targetHints":{"allow":["GET"]}}],"collection":[{"href":"https:\/\/osaka.ma\/de\/wp-json\/wp\/v2\/product"}],"about":[{"href":"https:\/\/osaka.ma\/de\/wp-json\/wp\/v2\/types\/product"}],"version-history":[{"count":0,"href":"https:\/\/osaka.ma\/de\/wp-json\/wp\/v2\/product\/17342\/revisions"}],"wp:featuredmedia":[{"embeddable":true,"href":"https:\/\/osaka.ma\/de\/wp-json\/wp\/v2\/media\/1017259"}],"wp:attachment":[{"href":"https:\/\/osaka.ma\/de\/wp-json\/wp\/v2\/media?parent=17342"}],"wp:term":[{"taxonomy":"pwb-brand","embeddable":true,"href":"https:\/\/osaka.ma\/de\/wp-json\/wp\/v2\/pwb-brand?post=17342"},{"taxonomy":"product_brand","embeddable":true,"href":"https:\/\/osaka.ma\/de\/wp-json\/wp\/v2\/product_brand?post=17342"},{"taxonomy":"product_cat","embeddable":true,"href":"https:\/\/osaka.ma\/de\/wp-json\/wp\/v2\/product_cat?post=17342"},{"taxonomy":"product_tag","embeddable":true,"href":"https:\/\/osaka.ma\/de\/wp-json\/wp\/v2\/product_tag?post=17342"},{"taxonomy":"pcb_component_type","embeddable":true,"href":"https:\/\/osaka.ma\/de\/wp-json\/wp\/v2\/pcb_component_type?post=17342"}],"curies":[{"name":"wp","href":"https:\/\/api.w.org\/{rel}","templated":true}]}}