{"id":17614,"date":"2025-09-05T16:38:53","date_gmt":"2025-09-05T15:38:53","guid":{"rendered":"https:\/\/osaka.ma\/?post_type=product&#038;p=17614"},"modified":"2025-11-25T01:05:39","modified_gmt":"2025-11-25T00:05:39","slug":"hp-pavilion-15-ec1103nf-ryzen-5-4600h-gtx-1650-ti-fhd-60hz","status":"publish","type":"product","link":"https:\/\/osaka.ma\/de\/product\/hp-pavilion-15-ec1103nf-ryzen-5-4600h-gtx-1650-ti-fhd-60hz\/","title":{"rendered":"HP PAVILION 15-ec1103nf &#8211; Ryzen 5 4600H | GTX 1650 Ti | FHD 60Hz"},"content":{"rendered":"<p class=\"detail__title detail__title--desktop\"><img decoding=\"async\" class=\"aligncenter\" src=\"https:\/\/media.ldlc.com\/v3\/marque\/bo\/00\/03\/15\/98\/V30003159855_2.jpg\" alt=\"HP\" \/><\/p>\n<p>&nbsp;<\/p>\n<div class=\"product-description\">\n<h2><b>Pr\u00eat pour le jeu. Pr\u00eat pour les performances.<\/b><\/h2>\n<p>Ne fais aucun compromis avec l\u2019ordinateur portable gaming fin et puissant HP Pavilion de 39,6 cm (15,6 pouces). Profite d\u2019une puissance graphique et de traitement de haut niveau pour le jeu et le multit\u00e2che ainsi que d\u2019un meilleur syst\u00e8me de refroidissement pour am\u00e9liorer les performances et la stabilit\u00e9. Immerge-toi totalement dans le jeu avec un \u00e9cran \u00e0 bords ultra-fins et un son personnalis\u00e9. L\u2019\u00e9quilibre parfait entre le travail et le jeu, pour te permettre de tout faire.<\/p>\n<h2><b>Le pouvoir de tout faire<\/b><\/h2>\n<p>Rel\u00e8ve tous les d\u00e9fis avec un processeur haute performance AMD Ryzen\u2122 4000 Series Mobile et une carte graphique NVIDIA\u00ae. Un \u00e9cran Full HD \u00e0 la fr\u00e9quence de rafra\u00eechissement impressionnante offre des visuels de jeu fluides et donne vie \u00e0 tous tes contenus.<\/p>\n<h2><b>Conception audacieuse<\/b><\/h2>\n<p>Entre dans le jeu. Un \u00e9cran \u00e9l\u00e9gant \u00e0 cadre \u00e9troit t\u2019offre une exp\u00e9rience visuelle optimale pendant que des haut-parleurs orient\u00e9s vers l\u2019avant assurent un son puissant et personnalis\u00e9 par les experts de B&amp;O.<br \/>\n<b><\/b><\/p>\n<h2><b>Restez dans le jeu<\/b><\/h2>\n<p>Jouez \u00e0 fond pendant plus longtemps sur un ordinateur \u00e9quip\u00e9 d\u2019un double syst\u00e8me de ventilation pour de meilleures performances de refroidissement. Une grande grille d\u2019a\u00e9ration situ\u00e9e dans le coin arri\u00e8re et des entr\u00e9es d\u2019air \u00e9largies optimisent le flux de ventilation pour am\u00e9liorer les performances globales et la stabilit\u00e9 en emp\u00eachant la machine de monter en temp\u00e9rature m\u00eame lors des sessions intensives.<\/p>\n<\/div>\n","protected":false},"excerpt":{"rendered":"<p>Le <strong data-start=\"307\" data-end=\"334\">HP Pavilion 15<\/strong>\u00a0allie \u00e9l\u00e9gance et puissance dans un format optimis\u00e9 pour les joueurs modernes. Son design sobre incarne la confiance, tandis que son ch\u00e2ssis robuste promet une exp\u00e9rience fluide au quotidien. Pens\u00e9 pour durer, il se distingue par une finition soign\u00e9e et un refroidissement ma\u00eetris\u00e9, garant d\u2019une performance fiable pour accompagner vos sessions intenses.<\/p>\n<h5>Caract\u00e9ristiques Principales :<\/h5>\n<ul>\n<li><strong>Processeur : <span style=\"color: #3366ff;\">AMD Ryzen\u2122 5 4600H <\/span><\/strong><\/li>\n<li><strong>M\u00e9moire : <span style=\"color: #3366ff;\">16 Go DDR4 3200MHz<\/span><\/strong><\/li>\n<li><strong>Stockage : <span style=\"color: #3366ff;\">512 Go SSD NVMe<\/span><\/strong><\/li>\n<li><strong>Ecran : <span style=\"color: #3366ff;\">15.6 | LED FHD | 60Hz<\/span><\/strong><\/li>\n<li><strong>Puce Graphique : <span style=\"color: #3366ff;\">Nvidia Geforce GTX 1650 Ti 4GB<\/span><\/strong><\/li>\n<li><strong>Clavier : <span style=\"color: #3366ff;\">AZERTY r\u00e9tro\u00e9clair\u00e9 ( Vert )<\/span><\/strong><\/li>\n<li><strong>Syst\u00e8me : <span style=\"color: #3366ff;\">Windows 11 Famille<\/span><\/strong><\/li>\n<li><strong>Etat : <span style=\"color: #3366ff;\">Occasion<\/span><\/strong><\/li>\n<\/ul>\n","protected":false},"featured_media":1017619,"template":"","meta":{"_acf_changed":false},"pwb-brand":[],"product_brand":[],"product_cat":[122,121],"product_tag":[],"pcb_component_type":[],"class_list":{"0":"post-17614","1":"product","2":"type-product","3":"status-publish","4":"has-post-thumbnail","6":"product_cat-gaming","7":"product_cat-pc-portable","9":"first","10":"outofstock","11":"shipping-taxable","12":"product-type-simple"},"translation":{"provider":"WPGlobus","version":"3.0.2","language":"de","enabled_languages":["en","es","de","fr","ru"],"languages":{"en":{"title":true,"content":true,"excerpt":true},"es":{"title":false,"content":false,"excerpt":false},"de":{"title":false,"content":false,"excerpt":false},"fr":{"title":false,"content":false,"excerpt":false},"ru":{"title":false,"content":false,"excerpt":false}}},"acf":[],"yoast_head":"<!-- This site is optimized with the Yoast SEO plugin v27.2 - https:\/\/yoast.com\/product\/yoast-seo-wordpress\/ -->\n<title>HP PAVILION 15-ec1103nf - Ryzen 5 4600H | GTX 1650 Ti - Osaka<\/title>\n<meta name=\"robots\" content=\"index, follow, max-snippet:-1, max-image-preview:large, max-video-preview:-1\" \/>\n<link rel=\"canonical\" href=\"https:\/\/osaka.ma\/es\/product\/hp-pavilion-15-ec1103nf-ryzen-5-4600h-gtx-1650-ti-fhd-60hz\/\" \/>\n<meta property=\"og:locale\" content=\"de_DE\" \/>\n<meta property=\"og:type\" content=\"article\" \/>\n<meta property=\"og:title\" content=\"HP PAVILION 15-ec1103nf - Ryzen 5 4600H | GTX 1650 Ti | FHD 60Hz - Osaka\" \/>\n<meta property=\"og:url\" content=\"https:\/\/osaka.ma\/es\/product\/hp-pavilion-15-ec1103nf-ryzen-5-4600h-gtx-1650-ti-fhd-60hz\/\" \/>\n<meta property=\"og:site_name\" content=\"Osaka\" \/>\n<meta property=\"article:modified_time\" content=\"2025-11-25T00:05:39+00:00\" \/>\n<meta property=\"og:image\" content=\"https:\/\/osaka.ma\/wp-content\/uploads\/2025\/09\/hp-PAVILION-15-ec1103nf.jpg\" \/>\n\t<meta property=\"og:image:width\" content=\"800\" \/>\n\t<meta property=\"og:image:height\" content=\"800\" \/>\n\t<meta property=\"og:image:type\" content=\"image\/jpeg\" \/>\n<meta name=\"twitter:card\" content=\"summary_large_image\" \/>\n<meta name=\"twitter:label1\" content=\"Est. reading time\" \/>\n\t<meta name=\"twitter:data1\" content=\"3 minutes\" \/>\n<script type=\"application\/ld+json\" class=\"yoast-schema-graph\">{\"@context\":\"https:\/\/schema.org\",\"@graph\":[{\"@type\":\"WebPage\",\"@id\":\"https:\/\/osaka.ma\/es\/product\/hp-pavilion-15-ec1103nf-ryzen-5-4600h-gtx-1650-ti-fhd-60hz\/\",\"url\":\"https:\/\/osaka.ma\/es\/product\/hp-pavilion-15-ec1103nf-ryzen-5-4600h-gtx-1650-ti-fhd-60hz\/\",\"name\":\"HP PAVILION 15-ec1103nf - Ryzen 5 4600H | GTX 1650 Ti - Osaka\",\"isPartOf\":{\"@id\":\"https:\/\/osaka.ma\/#website\"},\"primaryImageOfPage\":{\"@id\":\"https:\/\/osaka.ma\/es\/product\/hp-pavilion-15-ec1103nf-ryzen-5-4600h-gtx-1650-ti-fhd-60hz\/#primaryimage\"},\"image\":{\"@id\":\"https:\/\/osaka.ma\/es\/product\/hp-pavilion-15-ec1103nf-ryzen-5-4600h-gtx-1650-ti-fhd-60hz\/#primaryimage\"},\"thumbnailUrl\":\"https:\/\/osaka.ma\/wp-content\/uploads\/2025\/09\/hp-PAVILION-15-ec1103nf.jpg\",\"datePublished\":\"2025-09-05T15:38:53+00:00\",\"dateModified\":\"2025-11-25T00:05:39+00:00\",\"description\":\"Exp\u00e9rimentez le jeu ultime avec le HP PAVILION 15 - Ryzen 5 4600H | GTX 1650 Ti | FHD 60Hz | 16Go DDR4 | 512GB , Disponible chez Osaka Gaming Maroc.\",\"breadcrumb\":{\"@id\":\"https:\/\/osaka.ma\/es\/product\/hp-pavilion-15-ec1103nf-ryzen-5-4600h-gtx-1650-ti-fhd-60hz\/#breadcrumb\"},\"inLanguage\":\"de-DE\",\"potentialAction\":[{\"@type\":\"ReadAction\",\"target\":[\"https:\/\/osaka.ma\/es\/product\/hp-pavilion-15-ec1103nf-ryzen-5-4600h-gtx-1650-ti-fhd-60hz\/\"]}]},{\"@type\":\"ImageObject\",\"inLanguage\":\"de-DE\",\"@id\":\"https:\/\/osaka.ma\/es\/product\/hp-pavilion-15-ec1103nf-ryzen-5-4600h-gtx-1650-ti-fhd-60hz\/#primaryimage\",\"url\":\"https:\/\/osaka.ma\/wp-content\/uploads\/2025\/09\/hp-PAVILION-15-ec1103nf.jpg\",\"contentUrl\":\"https:\/\/osaka.ma\/wp-content\/uploads\/2025\/09\/hp-PAVILION-15-ec1103nf.jpg\",\"width\":800,\"height\":800,\"caption\":\"HP PAVILION 15 - Ryzen 5 4600H | GTX 1650 Ti | FHD 60Hz | 16Go DDR4 | 512GB - Osaka Gaming Maroc.\"},{\"@type\":\"BreadcrumbList\",\"@id\":\"https:\/\/osaka.ma\/es\/product\/hp-pavilion-15-ec1103nf-ryzen-5-4600h-gtx-1650-ti-fhd-60hz\/#breadcrumb\",\"itemListElement\":[{\"@type\":\"ListItem\",\"position\":1,\"name\":\"Home\",\"item\":\"https:\/\/osaka.ma\/\"},{\"@type\":\"ListItem\",\"position\":2,\"name\":\"Shop\",\"item\":\"https:\/\/osaka.ma\/shop-2\/\"},{\"@type\":\"ListItem\",\"position\":3,\"name\":\"HP PAVILION 15-ec1103nf &#8211; Ryzen 5 4600H | GTX 1650 Ti | FHD 60Hz\"}]},{\"@type\":\"WebSite\",\"@id\":\"https:\/\/osaka.ma\/#website\",\"url\":\"https:\/\/osaka.ma\/\",\"name\":\"Osaka\",\"description\":\"\",\"publisher\":{\"@id\":\"https:\/\/osaka.ma\/#organization\"},\"potentialAction\":[{\"@type\":\"SearchAction\",\"target\":{\"@type\":\"EntryPoint\",\"urlTemplate\":\"https:\/\/osaka.ma\/?s={search_term_string}\"},\"query-input\":{\"@type\":\"PropertyValueSpecification\",\"valueRequired\":true,\"valueName\":\"search_term_string\"}}],\"inLanguage\":\"de-DE\"},{\"@type\":\"Organization\",\"@id\":\"https:\/\/osaka.ma\/#organization\",\"name\":\"Osaka\",\"url\":\"https:\/\/osaka.ma\/\",\"logo\":{\"@type\":\"ImageObject\",\"inLanguage\":\"de-DE\",\"@id\":\"https:\/\/osaka.ma\/#\/schema\/logo\/image\/\",\"url\":\"https:\/\/osaka.ma\/wp-content\/uploads\/2026\/01\/model-slogan-logo-2Plan-de-travail-1dksl-plus-finnn.png\",\"contentUrl\":\"https:\/\/osaka.ma\/wp-content\/uploads\/2026\/01\/model-slogan-logo-2Plan-de-travail-1dksl-plus-finnn.png\",\"width\":842,\"height\":226,\"caption\":\"Osaka\"},\"image\":{\"@id\":\"https:\/\/osaka.ma\/#\/schema\/logo\/image\/\"}}]}<\/script>\n<!-- \/ Yoast SEO plugin. -->","yoast_head_json":{"title":"HP PAVILION 15-ec1103nf - Ryzen 5 4600H | GTX 1650 Ti - Osaka","robots":{"index":"index","follow":"follow","max-snippet":"max-snippet:-1","max-image-preview":"max-image-preview:large","max-video-preview":"max-video-preview:-1"},"canonical":"https:\/\/osaka.ma\/es\/product\/hp-pavilion-15-ec1103nf-ryzen-5-4600h-gtx-1650-ti-fhd-60hz\/","og_locale":"de_DE","og_type":"article","og_title":"HP PAVILION 15-ec1103nf - Ryzen 5 4600H | GTX 1650 Ti | FHD 60Hz - Osaka","og_url":"https:\/\/osaka.ma\/es\/product\/hp-pavilion-15-ec1103nf-ryzen-5-4600h-gtx-1650-ti-fhd-60hz\/","og_site_name":"Osaka","article_modified_time":"2025-11-25T00:05:39+00:00","og_image":[{"width":800,"height":800,"url":"https:\/\/osaka.ma\/wp-content\/uploads\/2025\/09\/hp-PAVILION-15-ec1103nf.jpg","type":"image\/jpeg"}],"twitter_card":"summary_large_image","twitter_misc":{"Est. reading time":"3 minutes"},"schema":{"@context":"https:\/\/schema.org","@graph":[{"@type":"WebPage","@id":"https:\/\/osaka.ma\/es\/product\/hp-pavilion-15-ec1103nf-ryzen-5-4600h-gtx-1650-ti-fhd-60hz\/","url":"https:\/\/osaka.ma\/es\/product\/hp-pavilion-15-ec1103nf-ryzen-5-4600h-gtx-1650-ti-fhd-60hz\/","name":"HP PAVILION 15-ec1103nf - Ryzen 5 4600H | GTX 1650 Ti - Osaka","isPartOf":{"@id":"https:\/\/osaka.ma\/#website"},"primaryImageOfPage":{"@id":"https:\/\/osaka.ma\/es\/product\/hp-pavilion-15-ec1103nf-ryzen-5-4600h-gtx-1650-ti-fhd-60hz\/#primaryimage"},"image":{"@id":"https:\/\/osaka.ma\/es\/product\/hp-pavilion-15-ec1103nf-ryzen-5-4600h-gtx-1650-ti-fhd-60hz\/#primaryimage"},"thumbnailUrl":"https:\/\/osaka.ma\/wp-content\/uploads\/2025\/09\/hp-PAVILION-15-ec1103nf.jpg","datePublished":"2025-09-05T15:38:53+00:00","dateModified":"2025-11-25T00:05:39+00:00","description":"Exp\u00e9rimentez le jeu ultime avec le HP PAVILION 15 - Ryzen 5 4600H | GTX 1650 Ti | FHD 60Hz | 16Go DDR4 | 512GB , Disponible chez Osaka Gaming Maroc.","breadcrumb":{"@id":"https:\/\/osaka.ma\/es\/product\/hp-pavilion-15-ec1103nf-ryzen-5-4600h-gtx-1650-ti-fhd-60hz\/#breadcrumb"},"inLanguage":"de-DE","potentialAction":[{"@type":"ReadAction","target":["https:\/\/osaka.ma\/es\/product\/hp-pavilion-15-ec1103nf-ryzen-5-4600h-gtx-1650-ti-fhd-60hz\/"]}]},{"@type":"ImageObject","inLanguage":"de-DE","@id":"https:\/\/osaka.ma\/es\/product\/hp-pavilion-15-ec1103nf-ryzen-5-4600h-gtx-1650-ti-fhd-60hz\/#primaryimage","url":"https:\/\/osaka.ma\/wp-content\/uploads\/2025\/09\/hp-PAVILION-15-ec1103nf.jpg","contentUrl":"https:\/\/osaka.ma\/wp-content\/uploads\/2025\/09\/hp-PAVILION-15-ec1103nf.jpg","width":800,"height":800,"caption":"HP PAVILION 15 - Ryzen 5 4600H | GTX 1650 Ti | FHD 60Hz | 16Go DDR4 | 512GB - Osaka Gaming Maroc."},{"@type":"BreadcrumbList","@id":"https:\/\/osaka.ma\/es\/product\/hp-pavilion-15-ec1103nf-ryzen-5-4600h-gtx-1650-ti-fhd-60hz\/#breadcrumb","itemListElement":[{"@type":"ListItem","position":1,"name":"Home","item":"https:\/\/osaka.ma\/"},{"@type":"ListItem","position":2,"name":"Shop","item":"https:\/\/osaka.ma\/shop-2\/"},{"@type":"ListItem","position":3,"name":"HP PAVILION 15-ec1103nf &#8211; Ryzen 5 4600H | GTX 1650 Ti | FHD 60Hz"}]},{"@type":"WebSite","@id":"https:\/\/osaka.ma\/#website","url":"https:\/\/osaka.ma\/","name":"Osaka","description":"","publisher":{"@id":"https:\/\/osaka.ma\/#organization"},"potentialAction":[{"@type":"SearchAction","target":{"@type":"EntryPoint","urlTemplate":"https:\/\/osaka.ma\/?s={search_term_string}"},"query-input":{"@type":"PropertyValueSpecification","valueRequired":true,"valueName":"search_term_string"}}],"inLanguage":"de-DE"},{"@type":"Organization","@id":"https:\/\/osaka.ma\/#organization","name":"Osaka","url":"https:\/\/osaka.ma\/","logo":{"@type":"ImageObject","inLanguage":"de-DE","@id":"https:\/\/osaka.ma\/#\/schema\/logo\/image\/","url":"https:\/\/osaka.ma\/wp-content\/uploads\/2026\/01\/model-slogan-logo-2Plan-de-travail-1dksl-plus-finnn.png","contentUrl":"https:\/\/osaka.ma\/wp-content\/uploads\/2026\/01\/model-slogan-logo-2Plan-de-travail-1dksl-plus-finnn.png","width":842,"height":226,"caption":"Osaka"},"image":{"@id":"https:\/\/osaka.ma\/#\/schema\/logo\/image\/"}}]}},"jetpack_sharing_enabled":true,"brands":[],"_links":{"self":[{"href":"https:\/\/osaka.ma\/de\/wp-json\/wp\/v2\/product\/17614","targetHints":{"allow":["GET"]}}],"collection":[{"href":"https:\/\/osaka.ma\/de\/wp-json\/wp\/v2\/product"}],"about":[{"href":"https:\/\/osaka.ma\/de\/wp-json\/wp\/v2\/types\/product"}],"version-history":[{"count":0,"href":"https:\/\/osaka.ma\/de\/wp-json\/wp\/v2\/product\/17614\/revisions"}],"wp:featuredmedia":[{"embeddable":true,"href":"https:\/\/osaka.ma\/de\/wp-json\/wp\/v2\/media\/1017619"}],"wp:attachment":[{"href":"https:\/\/osaka.ma\/de\/wp-json\/wp\/v2\/media?parent=17614"}],"wp:term":[{"taxonomy":"pwb-brand","embeddable":true,"href":"https:\/\/osaka.ma\/de\/wp-json\/wp\/v2\/pwb-brand?post=17614"},{"taxonomy":"product_brand","embeddable":true,"href":"https:\/\/osaka.ma\/de\/wp-json\/wp\/v2\/product_brand?post=17614"},{"taxonomy":"product_cat","embeddable":true,"href":"https:\/\/osaka.ma\/de\/wp-json\/wp\/v2\/product_cat?post=17614"},{"taxonomy":"product_tag","embeddable":true,"href":"https:\/\/osaka.ma\/de\/wp-json\/wp\/v2\/product_tag?post=17614"},{"taxonomy":"pcb_component_type","embeddable":true,"href":"https:\/\/osaka.ma\/de\/wp-json\/wp\/v2\/pcb_component_type?post=17614"}],"curies":[{"name":"wp","href":"https:\/\/api.w.org\/{rel}","templated":true}]}}