{"id":17633,"date":"2025-09-06T15:30:56","date_gmt":"2025-09-06T14:30:56","guid":{"rendered":"https:\/\/osaka.ma\/?post_type=product&#038;p=17633"},"modified":"2025-11-12T12:50:37","modified_gmt":"2025-11-12T11:50:37","slug":"lenovo-thinkpad-p16s-gen-1-i5-1250p-nvidia-t550-15-6-fhd-60hz","status":"publish","type":"product","link":"https:\/\/osaka.ma\/de\/product\/lenovo-thinkpad-p16s-gen-1-i5-1250p-nvidia-t550-15-6-fhd-60hz\/","title":{"rendered":"LENOVO THINKPAD P16s GEN 1 &#8211; i5 1250P | Nvidia T550 | 15.6&#8243; FHD 60Hz"},"content":{"rendered":"<div class=\"logo\"><img decoding=\"async\" class=\"aligncenter\" src=\"https:\/\/media.ldlc.com\/v3\/marque\/bo\/00\/03\/12\/03\/V30003120395_2.jpg\" alt=\"Lenovo\" \/><\/div>\n<div><\/div>\n<div id=\"description\" class=\"description\">\n<div class=\"details-pdt-desc\">\n<h2 class=\"h2-master\">Une station de travail mobile polyvalente<\/h2>\n<section>Le\u00a0<strong>PC portable Lenovo Thinkpad P16s Gen 1\u00a0<\/strong>est une station de travail mobile performante, adapt\u00e9e pour le travail en multit\u00e2ches et pour les applications graphiques courantes. \u00c0 la fois robuste et s\u00e9curis\u00e9, ce sera un compagnon de travail id\u00e9al pour les professionnels souvent en d\u00e9placement. Avec un processeur Intel Core i5-1250P, 16 Go de m\u00e9moire DDR4, un SSD au format M.2 PCIe 4.0 x4 et une puce graphique professionnelle NVIDIA, cette workstation mobile offre puissance et rapidit\u00e9 !<\/section>\n<section>\n<div class=\"desc-image\"><img decoding=\"async\" src=\"https:\/\/media.ldlc.com\/bo\/images\/fiches\/pc_portables\/lenovo\/thinkpad_p16s\/801.jpg\" alt=\"\" \/><\/div>\n<div><\/div>\n<div class=\"desc-text\">\n<h2>Performances pour les professionnels<\/h2>\n<p>Con\u00e7ue pour offrir d\u2019excellentes performances sur le terrain ou au bureau, la workstation mobile ThinkPad P16s permet \u00e0 tous, des ing\u00e9nieurs aux \u00e9tudiants en passant par les professionnels de la sant\u00e9, d\u2019innover en tout lieu. Cette station de travail mobile, l\u00e9g\u00e8re et puissante, est dot\u00e9e d&#8217;un processeur Intel Core i5 de 12e g\u00e9n\u00e9ration et d&#8217;une puce graphique ind\u00e9pendante NVIDIA. Elle est \u00e9galement certifi\u00e9e ISV et s\u2019adapte facilement aux logiciels \u00e0 forte intensit\u00e9 graphique comme AutoCAD et SolidWorks<\/p>\n<\/div>\n<\/section>\n<section>\n<div class=\"desc-text\">\n<h2>Pens\u00e9 pour la s\u00e9curit\u00e9<\/h2>\n<p>Con\u00e7u dans un souci de s\u00e9curit\u00e9, le PC portable ThinkPad P16s est livr\u00e9 avec les solutions Lenovo ThinkShield pr\u00e9charg\u00e9es. Le module dTPM 2.0 (discrete Trusted Platform Module) chiffre vos donn\u00e9es, l\u2019autor\u00e9paration du BIOS peut restaurer les param\u00e8tres syst\u00e8me, si n\u00e9cessaire, et un lecteur d\u2019empreintes digitales permet de s\u2019authentifier en un geste, de mani\u00e8re s\u00e9curis\u00e9e. Il existe m\u00eame un cache de confidentialit\u00e9 coulissant pour fermer physiquement la webcam.<\/p>\n<\/div>\n<div class=\"desc-image\"><img decoding=\"async\" src=\"https:\/\/media.ldlc.com\/bo\/images\/fiches\/pc_portables\/lenovo\/thinkpad_p16s\/802.jpg\" alt=\"\" \/><\/div>\n<div><\/div>\n<\/section>\n<section>\n<div class=\"desc-image\"><img decoding=\"async\" src=\"https:\/\/media.ldlc.com\/bo\/images\/fiches\/pc_portables\/lenovo\/thinkpad_p16s\/803.jpg\" alt=\"\" \/><\/div>\n<div><\/div>\n<div class=\"desc-text\">\n<h2>Con\u00e7u pour r\u00e9sister<\/h2>\n<p>Une station de travail mobile doit fonctionner partout o\u00f9 votre journ\u00e9e vous m\u00e8ne, parfois dans des conditions extr\u00eames. Ainsi, comme pour tous les ordinateurs portables ThinkPad, Lenovo a soumis le P16s \u00e0 12 normes de niveau militaire et \u00e0 plus de 200 contr\u00f4les qualit\u00e9. Il peut donc r\u00e9sister \u00e0 tout, depuis les temp\u00e9ratures glaciales de l\u2019Arctique jusqu\u2019aux temp\u00eates de sable du d\u00e9sert, en passant par les chocs, les chutes et les \u00e9claboussures du quotidien.<\/p>\n<\/div>\n<\/section>\n<section class=\"list\">\n<h2>Caract\u00e9ristiques principales :<\/h2>\n<ul>\n<li><strong>Processeur Intel Core i5-1250P<\/strong> (4 Performance-Cores 4.4 GHz Turbo + 8 Efficient-Cores 3.3 GHz Turbo &#8211; 16 Threads &#8211; Cache 12 Mo)<\/li>\n<li>16 Go de m\u00e9moire DDR4 3200 MHz (m\u00e9moire soud\u00e9e + 1 slot libre &#8211; maximum 48 Go au total)<\/li>\n<li>\u00c9cran de 15.6&#8243; avec r\u00e9solution FHD (1920 x 1080)<\/li>\n<li><strong>Puce graphique NVIDIA T550<\/strong>\u00a0avec <strong>4 Go<\/strong> de m\u00e9moire d\u00e9di\u00e9e<\/li>\n<li><strong>SSD M.2 PCIe 4.0 x4 de 512 Go<\/strong><\/li>\n<li>Communication sans fil\u00a0<strong>Wi-Fi 6E<\/strong>\u00a0+\u00a0<strong>Bluetooth 5.1<\/strong><\/li>\n<li>Mod\u00e8le avec possibilit\u00e9 d&#8217;upgrade 4G WWAN<\/li>\n<li>Clavier <strong>AZERTY<\/strong> \u00e0 touches r\u00e9tro\u00e9clair\u00e9es<\/li>\n<li>S\u00e9curit\u00e9 : puce TPM 2.0 et lecteur d&#8217;empreinte digitale<\/li>\n<li>Webcam FHD 1080p avec cache ThinkShutter<\/li>\n<li>Windows 11<\/li>\n<li><strong>Occasion <\/strong>( Utilis\u00e9 environ 195 Jours )<\/li>\n<li><strong>Garantie incluse\u00a0<\/strong><\/li>\n<\/ul>\n<\/section>\n<\/div>\n<\/div>\n","protected":false},"excerpt":{"rendered":"<p>Le <strong data-start=\"57\" data-end=\"87\">Lenovo ThinkPad P16s <\/strong>\u00a0est une station de travail mobile con\u00e7ue pour les professionnels exigeants. Alliant robustesse, s\u00e9curit\u00e9 et puissance graphique, il est parfaitement adapt\u00e9 aux t\u00e2ches intensives telles que la cr\u00e9ation, l\u2019ing\u00e9nierie ou l\u2019analyse de donn\u00e9es, le tout dans un format fin et portable.<\/p>\n<h5>Caract\u00e9ristiques Principales :<\/h5>\n<ul>\n<li><strong>Processeur :<span style=\"color: #3366ff;\"> Intel Core i5 1250P<\/span><\/strong><\/li>\n<li><strong>M\u00e9moire : <span style=\"color: #3366ff;\">16Go DDR4 3200MHz<\/span><\/strong><\/li>\n<li><strong>Stockage : <span style=\"color: #3366ff;\">512Go SSD NVMe<\/span><\/strong><\/li>\n<li><strong>Ecran : <span style=\"color: #3366ff;\">15.6 | FHD | 60Hz<\/span><\/strong><\/li>\n<li><strong>Puce Graphique : <span style=\"color: #3366ff;\">Nvidia T550 4Go<\/span><\/strong><\/li>\n<li><strong>Clavier : <span style=\"color: #3366ff;\">Azerty R\u00e9tro\u00e9clair\u00e9 ( Blanc )<\/span><\/strong><\/li>\n<li><strong>Syst\u00e8me : <span style=\"color: #3366ff;\">Windows 11<\/span><\/strong><\/li>\n<li><strong>Etat : <span style=\"color: #3366ff;\">Occasion<\/span><\/strong><\/li>\n<li><strong>Gartantie : <span style=\"color: #3366ff;\">Incluse<\/span><\/strong><\/li>\n<\/ul>\n","protected":false},"featured_media":1017639,"template":"","meta":{"_acf_changed":false},"pwb-brand":[],"product_brand":[],"product_cat":[121,126],"product_tag":[],"pcb_component_type":[],"class_list":{"0":"post-17633","1":"product","2":"type-product","3":"status-publish","4":"has-post-thumbnail","6":"product_cat-pc-portable","7":"product_cat-professional","9":"first","10":"outofstock","11":"shipping-taxable","12":"product-type-simple"},"translation":{"provider":"WPGlobus","version":"3.0.2","language":"de","enabled_languages":["en","es","de","fr","ru"],"languages":{"en":{"title":true,"content":true,"excerpt":true},"es":{"title":false,"content":false,"excerpt":false},"de":{"title":false,"content":false,"excerpt":false},"fr":{"title":false,"content":false,"excerpt":false},"ru":{"title":false,"content":false,"excerpt":false}}},"acf":[],"yoast_head":"<!-- This site is optimized with the Yoast SEO plugin v27.2 - https:\/\/yoast.com\/product\/yoast-seo-wordpress\/ -->\n<title>LENOVO THINKPAD P16s - i5 1250P | Nvidia T550 - Osaka<\/title>\n<meta name=\"robots\" content=\"index, follow, max-snippet:-1, max-image-preview:large, max-video-preview:-1\" \/>\n<link rel=\"canonical\" href=\"https:\/\/osaka.ma\/product\/lenovo-thinkpad-p16s-gen-1-i5-1250p-nvidia-t550-15-6-fhd-60hz\/\" \/>\n<meta property=\"og:locale\" content=\"de_DE\" \/>\n<meta property=\"og:type\" content=\"article\" \/>\n<meta property=\"og:title\" content=\"LENOVO THINKPAD P16s GEN 1 - i5 1250P | Nvidia T550 | 15.6&quot; FHD 60Hz - Osaka\" \/>\n<meta property=\"og:url\" content=\"https:\/\/osaka.ma\/product\/lenovo-thinkpad-p16s-gen-1-i5-1250p-nvidia-t550-15-6-fhd-60hz\/\" \/>\n<meta property=\"og:site_name\" content=\"Osaka\" \/>\n<meta property=\"article:modified_time\" content=\"2025-11-12T11:50:37+00:00\" \/>\n<meta property=\"og:image\" content=\"https:\/\/osaka.ma\/wp-content\/uploads\/2025\/09\/Lenovo-thinkpad-p16s.jpg\" \/>\n\t<meta property=\"og:image:width\" content=\"1600\" \/>\n\t<meta property=\"og:image:height\" content=\"1600\" \/>\n\t<meta property=\"og:image:type\" content=\"image\/jpeg\" \/>\n<meta name=\"twitter:card\" content=\"summary_large_image\" \/>\n<meta name=\"twitter:label1\" content=\"Est. reading time\" \/>\n\t<meta name=\"twitter:data1\" content=\"4 minutes\" \/>\n<script type=\"application\/ld+json\" class=\"yoast-schema-graph\">{\"@context\":\"https:\/\/schema.org\",\"@graph\":[{\"@type\":\"WebPage\",\"@id\":\"https:\/\/osaka.ma\/product\/lenovo-thinkpad-p16s-gen-1-i5-1250p-nvidia-t550-15-6-fhd-60hz\/\",\"url\":\"https:\/\/osaka.ma\/product\/lenovo-thinkpad-p16s-gen-1-i5-1250p-nvidia-t550-15-6-fhd-60hz\/\",\"name\":\"LENOVO THINKPAD P16s - i5 1250P | Nvidia T550 - Osaka\",\"isPartOf\":{\"@id\":\"https:\/\/osaka.ma\/#website\"},\"primaryImageOfPage\":{\"@id\":\"https:\/\/osaka.ma\/product\/lenovo-thinkpad-p16s-gen-1-i5-1250p-nvidia-t550-15-6-fhd-60hz\/#primaryimage\"},\"image\":{\"@id\":\"https:\/\/osaka.ma\/product\/lenovo-thinkpad-p16s-gen-1-i5-1250p-nvidia-t550-15-6-fhd-60hz\/#primaryimage\"},\"thumbnailUrl\":\"https:\/\/osaka.ma\/wp-content\/uploads\/2025\/09\/Lenovo-thinkpad-p16s.jpg\",\"datePublished\":\"2025-09-06T14:30:56+00:00\",\"dateModified\":\"2025-11-12T11:50:37+00:00\",\"description\":\"Optimisez votre productivit\u00e9 avec le Lenovo Thinkpad P16s, parfait pour le multit\u00e2che et les applications graphiques. Disponible chez Osaka Gaming Maroc\",\"breadcrumb\":{\"@id\":\"https:\/\/osaka.ma\/product\/lenovo-thinkpad-p16s-gen-1-i5-1250p-nvidia-t550-15-6-fhd-60hz\/#breadcrumb\"},\"inLanguage\":\"de-DE\",\"potentialAction\":[{\"@type\":\"ReadAction\",\"target\":[\"https:\/\/osaka.ma\/product\/lenovo-thinkpad-p16s-gen-1-i5-1250p-nvidia-t550-15-6-fhd-60hz\/\"]}]},{\"@type\":\"ImageObject\",\"inLanguage\":\"de-DE\",\"@id\":\"https:\/\/osaka.ma\/product\/lenovo-thinkpad-p16s-gen-1-i5-1250p-nvidia-t550-15-6-fhd-60hz\/#primaryimage\",\"url\":\"https:\/\/osaka.ma\/wp-content\/uploads\/2025\/09\/Lenovo-thinkpad-p16s.jpg\",\"contentUrl\":\"https:\/\/osaka.ma\/wp-content\/uploads\/2025\/09\/Lenovo-thinkpad-p16s.jpg\",\"width\":1600,\"height\":1600,\"caption\":\"LENOVO THINKPAD P16s GEN 1 - i5 1250P | Nvidia T550 | 15.6\\\" FHD 60Hz | Osaka PC Gamer | Maroc\"},{\"@type\":\"BreadcrumbList\",\"@id\":\"https:\/\/osaka.ma\/product\/lenovo-thinkpad-p16s-gen-1-i5-1250p-nvidia-t550-15-6-fhd-60hz\/#breadcrumb\",\"itemListElement\":[{\"@type\":\"ListItem\",\"position\":1,\"name\":\"Home\",\"item\":\"https:\/\/osaka.ma\/\"},{\"@type\":\"ListItem\",\"position\":2,\"name\":\"Shop\",\"item\":\"https:\/\/osaka.ma\/shop-2\/\"},{\"@type\":\"ListItem\",\"position\":3,\"name\":\"LENOVO THINKPAD P16s GEN 1 &#8211; i5 1250P | Nvidia T550 | 15.6&#8243; FHD 60Hz\"}]},{\"@type\":\"WebSite\",\"@id\":\"https:\/\/osaka.ma\/#website\",\"url\":\"https:\/\/osaka.ma\/\",\"name\":\"Osaka\",\"description\":\"\",\"publisher\":{\"@id\":\"https:\/\/osaka.ma\/#organization\"},\"potentialAction\":[{\"@type\":\"SearchAction\",\"target\":{\"@type\":\"EntryPoint\",\"urlTemplate\":\"https:\/\/osaka.ma\/?s={search_term_string}\"},\"query-input\":{\"@type\":\"PropertyValueSpecification\",\"valueRequired\":true,\"valueName\":\"search_term_string\"}}],\"inLanguage\":\"de-DE\"},{\"@type\":\"Organization\",\"@id\":\"https:\/\/osaka.ma\/#organization\",\"name\":\"Osaka\",\"url\":\"https:\/\/osaka.ma\/\",\"logo\":{\"@type\":\"ImageObject\",\"inLanguage\":\"de-DE\",\"@id\":\"https:\/\/osaka.ma\/#\/schema\/logo\/image\/\",\"url\":\"https:\/\/osaka.ma\/wp-content\/uploads\/2026\/01\/model-slogan-logo-2Plan-de-travail-1dksl-plus-finnn.png\",\"contentUrl\":\"https:\/\/osaka.ma\/wp-content\/uploads\/2026\/01\/model-slogan-logo-2Plan-de-travail-1dksl-plus-finnn.png\",\"width\":842,\"height\":226,\"caption\":\"Osaka\"},\"image\":{\"@id\":\"https:\/\/osaka.ma\/#\/schema\/logo\/image\/\"}}]}<\/script>\n<!-- \/ Yoast SEO plugin. -->","yoast_head_json":{"title":"LENOVO THINKPAD P16s - i5 1250P | Nvidia T550 - Osaka","robots":{"index":"index","follow":"follow","max-snippet":"max-snippet:-1","max-image-preview":"max-image-preview:large","max-video-preview":"max-video-preview:-1"},"canonical":"https:\/\/osaka.ma\/product\/lenovo-thinkpad-p16s-gen-1-i5-1250p-nvidia-t550-15-6-fhd-60hz\/","og_locale":"de_DE","og_type":"article","og_title":"LENOVO THINKPAD P16s GEN 1 - i5 1250P | Nvidia T550 | 15.6\" FHD 60Hz - Osaka","og_url":"https:\/\/osaka.ma\/product\/lenovo-thinkpad-p16s-gen-1-i5-1250p-nvidia-t550-15-6-fhd-60hz\/","og_site_name":"Osaka","article_modified_time":"2025-11-12T11:50:37+00:00","og_image":[{"width":1600,"height":1600,"url":"https:\/\/osaka.ma\/wp-content\/uploads\/2025\/09\/Lenovo-thinkpad-p16s.jpg","type":"image\/jpeg"}],"twitter_card":"summary_large_image","twitter_misc":{"Est. reading time":"4 minutes"},"schema":{"@context":"https:\/\/schema.org","@graph":[{"@type":"WebPage","@id":"https:\/\/osaka.ma\/product\/lenovo-thinkpad-p16s-gen-1-i5-1250p-nvidia-t550-15-6-fhd-60hz\/","url":"https:\/\/osaka.ma\/product\/lenovo-thinkpad-p16s-gen-1-i5-1250p-nvidia-t550-15-6-fhd-60hz\/","name":"LENOVO THINKPAD P16s - i5 1250P | Nvidia T550 - Osaka","isPartOf":{"@id":"https:\/\/osaka.ma\/#website"},"primaryImageOfPage":{"@id":"https:\/\/osaka.ma\/product\/lenovo-thinkpad-p16s-gen-1-i5-1250p-nvidia-t550-15-6-fhd-60hz\/#primaryimage"},"image":{"@id":"https:\/\/osaka.ma\/product\/lenovo-thinkpad-p16s-gen-1-i5-1250p-nvidia-t550-15-6-fhd-60hz\/#primaryimage"},"thumbnailUrl":"https:\/\/osaka.ma\/wp-content\/uploads\/2025\/09\/Lenovo-thinkpad-p16s.jpg","datePublished":"2025-09-06T14:30:56+00:00","dateModified":"2025-11-12T11:50:37+00:00","description":"Optimisez votre productivit\u00e9 avec le Lenovo Thinkpad P16s, parfait pour le multit\u00e2che et les applications graphiques. Disponible chez Osaka Gaming Maroc","breadcrumb":{"@id":"https:\/\/osaka.ma\/product\/lenovo-thinkpad-p16s-gen-1-i5-1250p-nvidia-t550-15-6-fhd-60hz\/#breadcrumb"},"inLanguage":"de-DE","potentialAction":[{"@type":"ReadAction","target":["https:\/\/osaka.ma\/product\/lenovo-thinkpad-p16s-gen-1-i5-1250p-nvidia-t550-15-6-fhd-60hz\/"]}]},{"@type":"ImageObject","inLanguage":"de-DE","@id":"https:\/\/osaka.ma\/product\/lenovo-thinkpad-p16s-gen-1-i5-1250p-nvidia-t550-15-6-fhd-60hz\/#primaryimage","url":"https:\/\/osaka.ma\/wp-content\/uploads\/2025\/09\/Lenovo-thinkpad-p16s.jpg","contentUrl":"https:\/\/osaka.ma\/wp-content\/uploads\/2025\/09\/Lenovo-thinkpad-p16s.jpg","width":1600,"height":1600,"caption":"LENOVO THINKPAD P16s GEN 1 - i5 1250P | Nvidia T550 | 15.6\" FHD 60Hz | Osaka PC Gamer | Maroc"},{"@type":"BreadcrumbList","@id":"https:\/\/osaka.ma\/product\/lenovo-thinkpad-p16s-gen-1-i5-1250p-nvidia-t550-15-6-fhd-60hz\/#breadcrumb","itemListElement":[{"@type":"ListItem","position":1,"name":"Home","item":"https:\/\/osaka.ma\/"},{"@type":"ListItem","position":2,"name":"Shop","item":"https:\/\/osaka.ma\/shop-2\/"},{"@type":"ListItem","position":3,"name":"LENOVO THINKPAD P16s GEN 1 &#8211; i5 1250P | Nvidia T550 | 15.6&#8243; FHD 60Hz"}]},{"@type":"WebSite","@id":"https:\/\/osaka.ma\/#website","url":"https:\/\/osaka.ma\/","name":"Osaka","description":"","publisher":{"@id":"https:\/\/osaka.ma\/#organization"},"potentialAction":[{"@type":"SearchAction","target":{"@type":"EntryPoint","urlTemplate":"https:\/\/osaka.ma\/?s={search_term_string}"},"query-input":{"@type":"PropertyValueSpecification","valueRequired":true,"valueName":"search_term_string"}}],"inLanguage":"de-DE"},{"@type":"Organization","@id":"https:\/\/osaka.ma\/#organization","name":"Osaka","url":"https:\/\/osaka.ma\/","logo":{"@type":"ImageObject","inLanguage":"de-DE","@id":"https:\/\/osaka.ma\/#\/schema\/logo\/image\/","url":"https:\/\/osaka.ma\/wp-content\/uploads\/2026\/01\/model-slogan-logo-2Plan-de-travail-1dksl-plus-finnn.png","contentUrl":"https:\/\/osaka.ma\/wp-content\/uploads\/2026\/01\/model-slogan-logo-2Plan-de-travail-1dksl-plus-finnn.png","width":842,"height":226,"caption":"Osaka"},"image":{"@id":"https:\/\/osaka.ma\/#\/schema\/logo\/image\/"}}]}},"jetpack_sharing_enabled":true,"brands":[],"_links":{"self":[{"href":"https:\/\/osaka.ma\/de\/wp-json\/wp\/v2\/product\/17633","targetHints":{"allow":["GET"]}}],"collection":[{"href":"https:\/\/osaka.ma\/de\/wp-json\/wp\/v2\/product"}],"about":[{"href":"https:\/\/osaka.ma\/de\/wp-json\/wp\/v2\/types\/product"}],"version-history":[{"count":0,"href":"https:\/\/osaka.ma\/de\/wp-json\/wp\/v2\/product\/17633\/revisions"}],"wp:featuredmedia":[{"embeddable":true,"href":"https:\/\/osaka.ma\/de\/wp-json\/wp\/v2\/media\/1017639"}],"wp:attachment":[{"href":"https:\/\/osaka.ma\/de\/wp-json\/wp\/v2\/media?parent=17633"}],"wp:term":[{"taxonomy":"pwb-brand","embeddable":true,"href":"https:\/\/osaka.ma\/de\/wp-json\/wp\/v2\/pwb-brand?post=17633"},{"taxonomy":"product_brand","embeddable":true,"href":"https:\/\/osaka.ma\/de\/wp-json\/wp\/v2\/product_brand?post=17633"},{"taxonomy":"product_cat","embeddable":true,"href":"https:\/\/osaka.ma\/de\/wp-json\/wp\/v2\/product_cat?post=17633"},{"taxonomy":"product_tag","embeddable":true,"href":"https:\/\/osaka.ma\/de\/wp-json\/wp\/v2\/product_tag?post=17633"},{"taxonomy":"pcb_component_type","embeddable":true,"href":"https:\/\/osaka.ma\/de\/wp-json\/wp\/v2\/pcb_component_type?post=17633"}],"curies":[{"name":"wp","href":"https:\/\/api.w.org\/{rel}","templated":true}]}}