{"id":17851,"date":"2025-09-23T23:51:57","date_gmt":"2025-09-23T22:51:57","guid":{"rendered":"https:\/\/osaka.ma\/?post_type=product&#038;p=17851"},"modified":"2026-04-03T17:14:16","modified_gmt":"2026-04-03T16:14:16","slug":"asus-prime-geforce-rtx-5070-12gb-gddr7-oc-edition","status":"publish","type":"product","link":"https:\/\/osaka.ma\/de\/product\/asus-prime-geforce-rtx-5070-12gb-gddr7-oc-edition\/","title":{"rendered":"ASUS PRIME GeForce RTX 5070 12GB GDDR7 OC Edition"},"content":{"rendered":"<div class=\"logo\"><img decoding=\"async\" src=\"https:\/\/media.ldlc.com\/v3\/marque\/bo\/00\/05\/62\/42\/V30005624251_2.jpg\" alt=\"ASUS\" \/><\/div>\n<div id=\"description\" class=\"description\">\n<div class=\"details-pdt-desc\">\n<h2 class=\"h2-master\">De hautes performances graphiques et aucun compromis<\/h2>\n<section>Bas\u00e9e sur l&#8217;architecture r\u00e9volutionnaire NVIDIA Blackwell, la\u00a0<strong>carte graphique ASUS PRIME GeForce RTX 5070 12GB GDDR7\u00a0OC Edition<\/strong>\u00a0offre une puissance in\u00e9gal\u00e9e et des fonctionnalit\u00e9s avanc\u00e9es pour une exp\u00e9rience gaming hors du commun.\u00a0<strong>DLSS4<\/strong>,\u00a0<strong>ray tracing<\/strong>\u00a0et\u00a0<strong>IA\u00a0<\/strong>travaillent de concert pour des jeux fluides et sans latences aux graphismes ultra-r\u00e9alistes. Immersion totale garantie.<\/section>\n<section>\n<div class=\"desc-image\"><img decoding=\"async\" src=\"https:\/\/media.ldlc.com\/bo\/images\/fiches\/Carte_graphique\/ASUS\/rtx_5080\/asus_prime_rtx5080.jpg\" alt=\"\" \/><\/div>\n<div class=\"desc-text\">\n<div class=\"desc-text\">\n<div class=\"desc-text\">\n<h2>ASUS PRIME GeForce RTX 5070 12GB GDDR7\u00a0OC Edition<\/h2>\n<ul>\n<li>Propuls\u00e9 par\u00a0<strong>GeForce RTX\u00a05070<\/strong><\/li>\n<li><strong>Overclocking d&#8217;usine<\/strong><\/li>\n<li><strong>12\u00a0GB de VRAM GDDR7<\/strong>\u00a0et interface m\u00e9moire\u00a0<strong>192 bits<\/strong><\/li>\n<li><strong>Ventilateurs Axial Tech<\/strong>\u00a0\u00e0 double roulement \u00e0 billes<\/li>\n<li>Carte GeForce SFF-Ready compatible avec les syst\u00e8mes \u00e0 petit format<\/li>\n<li>Pad thermique GPU \u00e0 changement de phase assure un transfert de chaleur optimal<\/li>\n<li>Mode 0 dB en dessous de 50\u2009\u00b0C<\/li>\n<\/ul>\n<\/div>\n<\/div>\n<\/div>\n<\/section>\n<section>\n<div class=\"desc-text\">\n<h2>Architecture NVIDIA Blackwell<\/h2>\n<p>Aliment\u00e9s par l<strong>&#8216;architecture NVIDIA Blackwell<\/strong>, les\u00a0<strong>GPU GeForce RTX\u00a0s\u00e9rie 50<\/strong>\u00a0fournissent des capacit\u00e9s r\u00e9volutionnaires aux joueurs et aux cr\u00e9ateurs. La puissance d&#8217;IA ph\u00e9nom\u00e9nale des mod\u00e8les de la<strong>\u00a0s\u00e9rie RTX 50<\/strong>\u00a0vous aident \u00e0 vivre des exp\u00e9riences in\u00e9dites avec une fid\u00e9lit\u00e9 graphique incomparable. Acc\u00e9l\u00e9rez les performances visuelles avec le\u00a0<strong>NVIDIA DLSS 4<\/strong>, g\u00e9n\u00e9rez des images \u00e0 une vitesse sans pr\u00e9c\u00e9dent et exprimez toute votre cr\u00e9ativit\u00e9 avec\u00a0<strong>NVIDIA Studio<\/strong>.<\/p>\n<p>&nbsp;<\/p>\n<\/div>\n<div class=\"desc-image\"><img decoding=\"async\" src=\"https:\/\/media.ldlc.com\/bo\/images\/fiches\/Carte_graphique\/NVIDIA\/nvidia_rtx_50_games_0002.jpg\" alt=\"\" \/><\/div>\n<\/section>\n<section>\n<div class=\"desc-image\"><img decoding=\"async\" src=\"https:\/\/media.ldlc.com\/bo\/images\/fiches\/Carte_graphique\/NVIDIA\/nvidia_rtx_50_games_0001.jpg\" alt=\"\" \/><\/div>\n<div class=\"desc-text\">\n<h2>jeux \u00e9poustouflants et puissance de l&#8217;IA<\/h2>\n<ul>\n<li>Graphismes et performances optimis\u00e9s par l\u2019IA :\u00a0NVIDIA DLSS 4 avec g\u00e9n\u00e9ration multi-images<\/li>\n<li>R\u00e9activit\u00e9 d\u00e9cisive :\u00a0NVIDIA Reflex 2 avec Frame Warp<\/li>\n<li>Rendu graphique r\u00e9aliste :\u00a0Ray tracing int\u00e9gral avec rendu neuronal<\/li>\n<li>Acc\u00e9l\u00e9rez votre cr\u00e9ativit\u00e9 :\u00a0Outils et technologie de cr\u00e9ation NVIDIA Studio<\/li>\n<li>Optimisez n\u2019importe quelle vid\u00e9o avec l\u2019IA NVIDIA Broadcast et Encodeur NVIDIA de 9e g\u00e9n\u00e9ration<\/li>\n<li>Performances et fiabilit\u00e9 :\u00a0NVIDIA App avec pilotes Game Ready et Studio<\/li>\n<li>Technologies d&#8217;affichage ultimes pour le gaming :\u00a0NVIDIA G-SYNC<\/li>\n<\/ul>\n<\/div>\n<\/section>\n<section>\n<div class=\"desc-text\">\n<h2>NVIDIA DLSS\u00a04<\/h2>\n<p>Le DLSS est une suite r\u00e9volutionnaire de technologies de rendu neuronal qui exploite l\u2019IA pour acc\u00e9l\u00e9rer la fr\u00e9quence d&#8217;images, r\u00e9duire la latence et am\u00e9liorer la qualit\u00e9 visuelle. \u200c<\/p>\n<p>Le\u00a0<strong>DLSS 4<\/strong>, qui constitue une avanc\u00e9e d\u00e9cisive, met \u00e0 profit la puissance ph\u00e9nom\u00e9nale des GPU GeForce RTX\u00a0s\u00e9rie 50 et des\u00a0<strong>c\u0153urs Tensor de 5e g\u00e9n\u00e9ration<\/strong>\u00a0pour fournir une nouvelle fonctionnalit\u00e9 de g\u00e9n\u00e9ration multi-images, une reconstruction de rayons (Ray Reconstruction) et\u00a0<strong>Super R\u00e9solution<\/strong>\u00a0de qualit\u00e9 encore plus \u00e9lev\u00e9e.<\/p>\n<p>L&#8217;alliance du\u00a0<strong>DLSS\u00a0<\/strong>et de\u00a0<strong>GeForce RTX<\/strong>\u00a0vous offre la meilleure fa\u00e7on de jouer en vous donnant acc\u00e8s \u00e0 un v\u00e9ritable supercalculateur d&#8217;IA de NVIDIA dans le Cloud, qui am\u00e9liore constamment les capacit\u00e9s de votre PC en mati\u00e8re de gaming.<\/p>\n<\/div>\n<div class=\"desc-image\"><img decoding=\"async\" src=\"https:\/\/media.ldlc.com\/bo\/images\/fiches\/Carte_graphique\/NVIDIA\/nvidia_rtx_50_games_0003.jpg\" alt=\"\" \/><\/div>\n<\/section>\n<section>\n<div class=\"desc-image\"><img decoding=\"async\" src=\"https:\/\/media.ldlc.com\/bo\/images\/fiches\/Carte_graphique\/NVIDIA\/nvidia_rtx_50_games_0005.jpg\" alt=\"\" \/><\/div>\n<div class=\"desc-text\">\n<h2>NVIDIA Reflex 2<\/h2>\n<p>Les\u00a0<strong>technologies Reflex<\/strong>\u00a0optimisent le pipeline graphique pour une\u00a0<strong>r\u00e9activit\u00e9 ultime<\/strong>, offrant une acquisition de cibles plus rapide, des temps de r\u00e9action plus rapides et une pr\u00e9cision de vis\u00e9e am\u00e9lior\u00e9e dans les jeux comp\u00e9titifs.\u00a0<strong>Reflex 2<\/strong>\u00a0introduit le\u00a0<em>Frame Warp<\/em>, qui r\u00e9duit encore davantage la latence en fonction du dernier clic de souris.<\/p>\n<\/div>\n<\/section>\n<section>\n<div class=\"desc-text\">\n<h2>NVIDIA Studio<\/h2>\n<p><strong>NVIDIA Studio<\/strong>\u00a0vous donne l\u2019avantage sur le plan cr\u00e9atif. Les GPU GeForce RTX s\u00e9rie 50 fournissent des performances transformatrices pour le<strong>\u00a0rendu 3D<\/strong>, le\u00a0<strong>montage vid\u00e9o<\/strong>\u00a0et la\u00a0<strong>conception graphique<\/strong>.<\/p>\n<\/div>\n<div class=\"desc-image\"><img decoding=\"async\" src=\"https:\/\/media.ldlc.com\/bo\/images\/fiches\/Carte_graphique\/NVIDIA\/nvidia_rtx_50_ia_0004.jpg\" alt=\"\" \/><\/div>\n<\/section>\n<\/div>\n<\/div>\n","protected":false},"excerpt":{"rendered":"<p>La carte graphique Asus PRIME GeForce RTX 5070 12GB GDDR7 OC Edition offre une exp\u00e9rience de jeu \u00e9poustouflante gr\u00e2ce \u00e0 ses performances exceptionnelles et ses fonctionnalit\u00e9s de pointe. Avec une m\u00e9moire GPU de 12Go et un GPU NVIDIA GF RTX 5070 overclock\u00e9e, cette carte graphique est con\u00e7ue pour r\u00e9pondre aux besoins les plus exigeants des joueurs passionn\u00e9s.<\/p>\n","protected":false},"featured_media":1017856,"template":"","meta":{"_acf_changed":false},"pwb-brand":[],"product_brand":[],"product_cat":[24,17,26],"product_tag":[],"pcb_component_type":[],"class_list":{"0":"post-17851","1":"product","2":"type-product","3":"status-publish","4":"has-post-thumbnail","6":"product_cat-cartes-graphiques","7":"product_cat-composants-gaming","8":"product_cat-nvidia","10":"first","11":"instock","12":"sale","13":"shipping-taxable","14":"purchasable","15":"product-type-simple"},"translation":{"provider":"WPGlobus","version":"3.0.2","language":"de","enabled_languages":["en","es","de","fr","ru"],"languages":{"en":{"title":true,"content":true,"excerpt":true},"es":{"title":false,"content":false,"excerpt":false},"de":{"title":false,"content":false,"excerpt":false},"fr":{"title":false,"content":false,"excerpt":false},"ru":{"title":false,"content":false,"excerpt":false}}},"acf":[],"yoast_head":"<!-- This site is optimized with the Yoast SEO plugin v27.2 - https:\/\/yoast.com\/product\/yoast-seo-wordpress\/ -->\n<title>ASUS PRIME GeForce RTX 5070 12GB GDDR7 OC Edition - Osaka<\/title>\n<meta name=\"robots\" content=\"index, follow, max-snippet:-1, max-image-preview:large, max-video-preview:-1\" \/>\n<link rel=\"canonical\" href=\"https:\/\/osaka.ma\/product\/asus-prime-geforce-rtx-5070-12gb-gddr7-oc-edition\/\" \/>\n<meta property=\"og:locale\" content=\"de_DE\" \/>\n<meta property=\"og:type\" content=\"article\" \/>\n<meta property=\"og:title\" content=\"ASUS PRIME GeForce RTX 5070 12GB GDDR7 OC Edition - Osaka\" \/>\n<meta property=\"og:url\" content=\"https:\/\/osaka.ma\/product\/asus-prime-geforce-rtx-5070-12gb-gddr7-oc-edition\/\" \/>\n<meta property=\"og:site_name\" content=\"Osaka\" \/>\n<meta property=\"article:modified_time\" content=\"2026-04-03T16:14:16+00:00\" \/>\n<meta property=\"og:image\" content=\"https:\/\/osaka.ma\/wp-content\/uploads\/2025\/09\/ASUS_PRIME_GeForce_RTX_5070_12GB_GDDR7_OC_Edition.jpg\" \/>\n\t<meta property=\"og:image:width\" content=\"1600\" \/>\n\t<meta property=\"og:image:height\" content=\"1600\" \/>\n\t<meta property=\"og:image:type\" content=\"image\/jpeg\" \/>\n<meta name=\"twitter:card\" content=\"summary_large_image\" \/>\n<meta name=\"twitter:label1\" content=\"Est. reading time\" \/>\n\t<meta name=\"twitter:data1\" content=\"6 minutes\" \/>\n<script type=\"application\/ld+json\" class=\"yoast-schema-graph\">{\"@context\":\"https:\/\/schema.org\",\"@graph\":[{\"@type\":\"WebPage\",\"@id\":\"https:\/\/osaka.ma\/product\/asus-prime-geforce-rtx-5070-12gb-gddr7-oc-edition\/\",\"url\":\"https:\/\/osaka.ma\/product\/asus-prime-geforce-rtx-5070-12gb-gddr7-oc-edition\/\",\"name\":\"ASUS PRIME GeForce RTX 5070 12GB GDDR7 OC Edition - Osaka\",\"isPartOf\":{\"@id\":\"https:\/\/osaka.ma\/#website\"},\"primaryImageOfPage\":{\"@id\":\"https:\/\/osaka.ma\/product\/asus-prime-geforce-rtx-5070-12gb-gddr7-oc-edition\/#primaryimage\"},\"image\":{\"@id\":\"https:\/\/osaka.ma\/product\/asus-prime-geforce-rtx-5070-12gb-gddr7-oc-edition\/#primaryimage\"},\"thumbnailUrl\":\"https:\/\/osaka.ma\/wp-content\/uploads\/2025\/09\/ASUS_PRIME_GeForce_RTX_5070_12GB_GDDR7_OC_Edition.jpg\",\"datePublished\":\"2025-09-23T22:51:57+00:00\",\"dateModified\":\"2026-04-03T16:14:16+00:00\",\"breadcrumb\":{\"@id\":\"https:\/\/osaka.ma\/product\/asus-prime-geforce-rtx-5070-12gb-gddr7-oc-edition\/#breadcrumb\"},\"inLanguage\":\"de-DE\",\"potentialAction\":[{\"@type\":\"ReadAction\",\"target\":[\"https:\/\/osaka.ma\/product\/asus-prime-geforce-rtx-5070-12gb-gddr7-oc-edition\/\"]}]},{\"@type\":\"ImageObject\",\"inLanguage\":\"de-DE\",\"@id\":\"https:\/\/osaka.ma\/product\/asus-prime-geforce-rtx-5070-12gb-gddr7-oc-edition\/#primaryimage\",\"url\":\"https:\/\/osaka.ma\/wp-content\/uploads\/2025\/09\/ASUS_PRIME_GeForce_RTX_5070_12GB_GDDR7_OC_Edition.jpg\",\"contentUrl\":\"https:\/\/osaka.ma\/wp-content\/uploads\/2025\/09\/ASUS_PRIME_GeForce_RTX_5070_12GB_GDDR7_OC_Edition.jpg\",\"width\":1600,\"height\":1600},{\"@type\":\"BreadcrumbList\",\"@id\":\"https:\/\/osaka.ma\/product\/asus-prime-geforce-rtx-5070-12gb-gddr7-oc-edition\/#breadcrumb\",\"itemListElement\":[{\"@type\":\"ListItem\",\"position\":1,\"name\":\"Home\",\"item\":\"https:\/\/osaka.ma\/\"},{\"@type\":\"ListItem\",\"position\":2,\"name\":\"Shop\",\"item\":\"https:\/\/osaka.ma\/shop-2\/\"},{\"@type\":\"ListItem\",\"position\":3,\"name\":\"ASUS PRIME GeForce RTX 5070 12GB GDDR7 OC Edition\"}]},{\"@type\":\"WebSite\",\"@id\":\"https:\/\/osaka.ma\/#website\",\"url\":\"https:\/\/osaka.ma\/\",\"name\":\"Osaka\",\"description\":\"\",\"publisher\":{\"@id\":\"https:\/\/osaka.ma\/#organization\"},\"potentialAction\":[{\"@type\":\"SearchAction\",\"target\":{\"@type\":\"EntryPoint\",\"urlTemplate\":\"https:\/\/osaka.ma\/?s={search_term_string}\"},\"query-input\":{\"@type\":\"PropertyValueSpecification\",\"valueRequired\":true,\"valueName\":\"search_term_string\"}}],\"inLanguage\":\"de-DE\"},{\"@type\":\"Organization\",\"@id\":\"https:\/\/osaka.ma\/#organization\",\"name\":\"Osaka\",\"url\":\"https:\/\/osaka.ma\/\",\"logo\":{\"@type\":\"ImageObject\",\"inLanguage\":\"de-DE\",\"@id\":\"https:\/\/osaka.ma\/#\/schema\/logo\/image\/\",\"url\":\"https:\/\/osaka.ma\/wp-content\/uploads\/2026\/01\/model-slogan-logo-2Plan-de-travail-1dksl-plus-finnn.png\",\"contentUrl\":\"https:\/\/osaka.ma\/wp-content\/uploads\/2026\/01\/model-slogan-logo-2Plan-de-travail-1dksl-plus-finnn.png\",\"width\":842,\"height\":226,\"caption\":\"Osaka\"},\"image\":{\"@id\":\"https:\/\/osaka.ma\/#\/schema\/logo\/image\/\"}}]}<\/script>\n<!-- \/ Yoast SEO plugin. -->","yoast_head_json":{"title":"ASUS PRIME GeForce RTX 5070 12GB GDDR7 OC Edition - Osaka","robots":{"index":"index","follow":"follow","max-snippet":"max-snippet:-1","max-image-preview":"max-image-preview:large","max-video-preview":"max-video-preview:-1"},"canonical":"https:\/\/osaka.ma\/product\/asus-prime-geforce-rtx-5070-12gb-gddr7-oc-edition\/","og_locale":"de_DE","og_type":"article","og_title":"ASUS PRIME GeForce RTX 5070 12GB GDDR7 OC Edition - Osaka","og_url":"https:\/\/osaka.ma\/product\/asus-prime-geforce-rtx-5070-12gb-gddr7-oc-edition\/","og_site_name":"Osaka","article_modified_time":"2026-04-03T16:14:16+00:00","og_image":[{"width":1600,"height":1600,"url":"https:\/\/osaka.ma\/wp-content\/uploads\/2025\/09\/ASUS_PRIME_GeForce_RTX_5070_12GB_GDDR7_OC_Edition.jpg","type":"image\/jpeg"}],"twitter_card":"summary_large_image","twitter_misc":{"Est. reading time":"6 minutes"},"schema":{"@context":"https:\/\/schema.org","@graph":[{"@type":"WebPage","@id":"https:\/\/osaka.ma\/product\/asus-prime-geforce-rtx-5070-12gb-gddr7-oc-edition\/","url":"https:\/\/osaka.ma\/product\/asus-prime-geforce-rtx-5070-12gb-gddr7-oc-edition\/","name":"ASUS PRIME GeForce RTX 5070 12GB GDDR7 OC Edition - Osaka","isPartOf":{"@id":"https:\/\/osaka.ma\/#website"},"primaryImageOfPage":{"@id":"https:\/\/osaka.ma\/product\/asus-prime-geforce-rtx-5070-12gb-gddr7-oc-edition\/#primaryimage"},"image":{"@id":"https:\/\/osaka.ma\/product\/asus-prime-geforce-rtx-5070-12gb-gddr7-oc-edition\/#primaryimage"},"thumbnailUrl":"https:\/\/osaka.ma\/wp-content\/uploads\/2025\/09\/ASUS_PRIME_GeForce_RTX_5070_12GB_GDDR7_OC_Edition.jpg","datePublished":"2025-09-23T22:51:57+00:00","dateModified":"2026-04-03T16:14:16+00:00","breadcrumb":{"@id":"https:\/\/osaka.ma\/product\/asus-prime-geforce-rtx-5070-12gb-gddr7-oc-edition\/#breadcrumb"},"inLanguage":"de-DE","potentialAction":[{"@type":"ReadAction","target":["https:\/\/osaka.ma\/product\/asus-prime-geforce-rtx-5070-12gb-gddr7-oc-edition\/"]}]},{"@type":"ImageObject","inLanguage":"de-DE","@id":"https:\/\/osaka.ma\/product\/asus-prime-geforce-rtx-5070-12gb-gddr7-oc-edition\/#primaryimage","url":"https:\/\/osaka.ma\/wp-content\/uploads\/2025\/09\/ASUS_PRIME_GeForce_RTX_5070_12GB_GDDR7_OC_Edition.jpg","contentUrl":"https:\/\/osaka.ma\/wp-content\/uploads\/2025\/09\/ASUS_PRIME_GeForce_RTX_5070_12GB_GDDR7_OC_Edition.jpg","width":1600,"height":1600},{"@type":"BreadcrumbList","@id":"https:\/\/osaka.ma\/product\/asus-prime-geforce-rtx-5070-12gb-gddr7-oc-edition\/#breadcrumb","itemListElement":[{"@type":"ListItem","position":1,"name":"Home","item":"https:\/\/osaka.ma\/"},{"@type":"ListItem","position":2,"name":"Shop","item":"https:\/\/osaka.ma\/shop-2\/"},{"@type":"ListItem","position":3,"name":"ASUS PRIME GeForce RTX 5070 12GB GDDR7 OC Edition"}]},{"@type":"WebSite","@id":"https:\/\/osaka.ma\/#website","url":"https:\/\/osaka.ma\/","name":"Osaka","description":"","publisher":{"@id":"https:\/\/osaka.ma\/#organization"},"potentialAction":[{"@type":"SearchAction","target":{"@type":"EntryPoint","urlTemplate":"https:\/\/osaka.ma\/?s={search_term_string}"},"query-input":{"@type":"PropertyValueSpecification","valueRequired":true,"valueName":"search_term_string"}}],"inLanguage":"de-DE"},{"@type":"Organization","@id":"https:\/\/osaka.ma\/#organization","name":"Osaka","url":"https:\/\/osaka.ma\/","logo":{"@type":"ImageObject","inLanguage":"de-DE","@id":"https:\/\/osaka.ma\/#\/schema\/logo\/image\/","url":"https:\/\/osaka.ma\/wp-content\/uploads\/2026\/01\/model-slogan-logo-2Plan-de-travail-1dksl-plus-finnn.png","contentUrl":"https:\/\/osaka.ma\/wp-content\/uploads\/2026\/01\/model-slogan-logo-2Plan-de-travail-1dksl-plus-finnn.png","width":842,"height":226,"caption":"Osaka"},"image":{"@id":"https:\/\/osaka.ma\/#\/schema\/logo\/image\/"}}]}},"jetpack_sharing_enabled":true,"brands":[],"_links":{"self":[{"href":"https:\/\/osaka.ma\/de\/wp-json\/wp\/v2\/product\/17851","targetHints":{"allow":["GET"]}}],"collection":[{"href":"https:\/\/osaka.ma\/de\/wp-json\/wp\/v2\/product"}],"about":[{"href":"https:\/\/osaka.ma\/de\/wp-json\/wp\/v2\/types\/product"}],"version-history":[{"count":0,"href":"https:\/\/osaka.ma\/de\/wp-json\/wp\/v2\/product\/17851\/revisions"}],"wp:featuredmedia":[{"embeddable":true,"href":"https:\/\/osaka.ma\/de\/wp-json\/wp\/v2\/media\/1017856"}],"wp:attachment":[{"href":"https:\/\/osaka.ma\/de\/wp-json\/wp\/v2\/media?parent=17851"}],"wp:term":[{"taxonomy":"pwb-brand","embeddable":true,"href":"https:\/\/osaka.ma\/de\/wp-json\/wp\/v2\/pwb-brand?post=17851"},{"taxonomy":"product_brand","embeddable":true,"href":"https:\/\/osaka.ma\/de\/wp-json\/wp\/v2\/product_brand?post=17851"},{"taxonomy":"product_cat","embeddable":true,"href":"https:\/\/osaka.ma\/de\/wp-json\/wp\/v2\/product_cat?post=17851"},{"taxonomy":"product_tag","embeddable":true,"href":"https:\/\/osaka.ma\/de\/wp-json\/wp\/v2\/product_tag?post=17851"},{"taxonomy":"pcb_component_type","embeddable":true,"href":"https:\/\/osaka.ma\/de\/wp-json\/wp\/v2\/pcb_component_type?post=17851"}],"curies":[{"name":"wp","href":"https:\/\/api.w.org\/{rel}","templated":true}]}}