{"id":18060,"date":"2025-10-14T13:25:53","date_gmt":"2025-10-14T12:25:53","guid":{"rendered":"https:\/\/osaka.ma\/?post_type=product&#038;p=18060"},"modified":"2026-03-04T12:56:22","modified_gmt":"2026-03-04T11:56:22","slug":"razer-basilisk-v3-x-hyperspeed","status":"publish","type":"product","link":"https:\/\/osaka.ma\/de\/product\/razer-basilisk-v3-x-hyperspeed\/","title":{"rendered":"Razer Basilisk V3 X HyperSpeed"},"content":{"rendered":"<h3 data-start=\"932\" data-end=\"962\">Description du produit :<\/h3>\n<h4 data-start=\"964\" data-end=\"1030\">Razer Basilisk V3 X HyperSpeed | Performance et Polyvalence<\/h4>\n<p data-start=\"1031\" data-end=\"1257\">La <strong data-start=\"1034\" data-end=\"1068\">Razer Basilisk V3 X HyperSpeed<\/strong> combine ergonomie, personnalisation et connectivit\u00e9 avanc\u00e9e. Que ce soit pour le jeu comp\u00e9titif ou pour une utilisation polyvalente, cette souris d\u00e9livre une exp\u00e9rience fluide et efficace.<\/p>\n<hr data-start=\"1259\" data-end=\"1262\" \/>\n<h4 data-start=\"1264\" data-end=\"1315\">Connectivit\u00e9 Dual-Mode : 2,4 GHz &amp; Bluetooth<\/h4>\n<p data-start=\"1316\" data-end=\"1520\">La Basilisk V3 X prend en charge les deux modes : <strong data-start=\"1366\" data-end=\"1399\">HyperSpeed sans fil (2,4 GHz)<\/strong> pour la jouabilit\u00e9 et la latence minimale, et <strong data-start=\"1446\" data-end=\"1459\">Bluetooth<\/strong> pour \u00e9conomiser l\u2019\u00e9nergie ou connecter \u00e0 d\u2019autres appareils.<\/p>\n<hr data-start=\"1522\" data-end=\"1525\" \/>\n<h4 data-start=\"1527\" data-end=\"1573\"><img fetchpriority=\"high\" decoding=\"async\" class=\"\" src=\"https:\/\/assets3.razerzone.com\/u6ea942poP_cKumiMnyQ_Usl4rE=\/1500x1000\/https%3A%2F%2Fmedias-p1.phoenix.razer.com%2Fsys-master-phoenix-images-container%2Fhcc%2Fhd7%2F9497493078046%2F230330-basilisk-v3-x-hyperspeed-1500x1000-2.jpg\" alt=\"Razer Basilisk V3 X HyperSpeed\" width=\"733\" height=\"489\" \/><\/h4>\n<h4 data-start=\"1527\" data-end=\"1573\">Commandes Multiples et Razer Hypershift<\/h4>\n<p data-start=\"1574\" data-end=\"1788\">Avec <strong data-start=\"1579\" data-end=\"1608\">9 commandes programmables<\/strong>, tu peux attribuer des fonctions, macros ou scripts. Le mode <strong data-start=\"1670\" data-end=\"1684\">Hypershift<\/strong> permet d\u2019ajouter un niveau secondaire de commandes \u00e0 chacune des touches, multipliant les possibilit\u00e9s.<\/p>\n<hr data-start=\"1790\" data-end=\"1793\" \/>\n<h4 data-start=\"1795\" data-end=\"1840\">RGB Chroma &amp; Personnalisation Visuelle<\/h4>\n<p data-start=\"1841\" data-end=\"2005\">La souris int\u00e8gre <strong data-start=\"1859\" data-end=\"1879\">Razer Chroma RGB<\/strong>, permettant de choisir parmi 16,8 millions de couleurs et de synchroniser les effets avec d\u2019autres p\u00e9riph\u00e9riques compatibles.<\/p>\n<hr data-start=\"2007\" data-end=\"2010\" \/>\n<h4 data-start=\"2012\" data-end=\"2043\"><img decoding=\"async\" class=\"\" src=\"https:\/\/assets3.razerzone.com\/j9N7HtgXvo6X1cWQKoJMAx6bVOY=\/1500x1000\/https%3A%2F%2Fmedias-p1.phoenix.razer.com%2Fsys-master-phoenix-images-container%2Fhdd%2Fhda%2F9497493143582%2F230330-basilisk-v3-x-hyperspeed-1500x1000-4.jpg\" alt=\"Razer Basilisk V3 X HyperSpeed\" width=\"789\" height=\"526\" \/><\/h4>\n<h4 data-start=\"2012\" data-end=\"2043\">Autonomie &amp; Optimisation<\/h4>\n<p data-start=\"2044\" data-end=\"2257\">En mode <strong data-start=\"2052\" data-end=\"2066\">HyperSpeed<\/strong>, la Basilisk V3 X offre jusqu\u2019\u00e0 <strong data-start=\"2099\" data-end=\"2113\">285 heures<\/strong> d\u2019autonomie. Le Bluetooth pousse encore plus loin la dur\u00e9e d\u2019utilisation. Elle est optimis\u00e9e pour des sessions longues sans recharge fr\u00e9quente.<\/p>\n<hr data-start=\"2259\" data-end=\"2262\" \/>\n<h3 data-start=\"2264\" data-end=\"2322\">Pourquoi choisir la Razer Basilisk V3 X HyperSpeed ?<\/h3>\n<ul data-start=\"2323\" data-end=\"2519\">\n<li data-start=\"2323\" data-end=\"2367\">\n<p data-start=\"2325\" data-end=\"2367\">Prise en main ergonomique et confortable<\/p>\n<\/li>\n<li data-start=\"2368\" data-end=\"2418\">\n<p data-start=\"2370\" data-end=\"2418\">Connectivit\u00e9 sans fil performante et versatile<\/p>\n<\/li>\n<li data-start=\"2419\" data-end=\"2461\">\n<p data-start=\"2421\" data-end=\"2461\">Richesse de commandes personnalisables<\/p>\n<\/li>\n<li data-start=\"2462\" data-end=\"2494\">\n<p data-start=\"2464\" data-end=\"2494\">Illuminations RGB immersives<\/p>\n<\/li>\n<li data-start=\"2495\" data-end=\"2519\">\n<p data-start=\"2497\" data-end=\"2519\">Excellente autonomie<\/p>\n<\/li>\n<\/ul>\n","protected":false},"excerpt":{"rendered":"<h3 data-start=\"234\" data-end=\"260\">Description Courte :<\/h3>\n<p data-start=\"261\" data-end=\"342\"><strong data-start=\"261\" data-end=\"340\">Souris Razer Basilisk V3 X HyperSpeed \u2013 Ergonomie, Connectivit\u00e9 et Contr\u00f4le<\/strong><\/p>\n<p data-start=\"344\" data-end=\"607\">La <strong data-start=\"347\" data-end=\"381\">Razer Basilisk V3 X HyperSpeed<\/strong> est une souris gaming sans fil con\u00e7ue pour offrir contr\u00f4le, confort et personnalisation avanc\u00e9e. Dot\u00e9e de 9 commandes programmables, connectivit\u00e9 dual-mode et illumination RGB Chroma, elle s\u2019adapte \u00e0 tous les styles de jeu.<\/p>\n<ul data-start=\"609\" data-end=\"925\">\n<li data-start=\"609\" data-end=\"670\">\n<p data-start=\"611\" data-end=\"670\"><strong data-start=\"611\" data-end=\"640\">Ergonomie sign\u00e9e Basilisk<\/strong> : prise en main confortable<\/p>\n<\/li>\n<li data-start=\"671\" data-end=\"738\">\n<p data-start=\"673\" data-end=\"738\"><strong data-start=\"673\" data-end=\"709\">Connectivit\u00e9 2,4 GHz + Bluetooth<\/strong> : polyvalence et stabilit\u00e9<\/p>\n<\/li>\n<li data-start=\"739\" data-end=\"804\">\n<p data-start=\"741\" data-end=\"804\"><strong data-start=\"741\" data-end=\"770\">9 commandes programmables<\/strong> : macros, fonctions secondaires<\/p>\n<\/li>\n<li data-start=\"805\" data-end=\"857\">\n<p data-start=\"807\" data-end=\"857\"><strong data-start=\"807\" data-end=\"827\">Razer Chroma RGB<\/strong> : \u00e9clairage personnalisable<\/p>\n<\/li>\n<li data-start=\"858\" data-end=\"925\">\n<p data-start=\"860\" data-end=\"925\"><strong data-start=\"860\" data-end=\"883\">Autonomie prolong\u00e9e<\/strong> : jusqu\u2019\u00e0 285 heures en mode HyperSpeed<\/p>\n<\/li>\n<\/ul>\n","protected":false},"featured_media":1018105,"template":"","meta":{"_acf_changed":false},"pwb-brand":[],"product_brand":[],"product_cat":[31,32],"product_tag":[],"pcb_component_type":[],"class_list":{"0":"post-18060","1":"product","2":"type-product","3":"status-publish","4":"has-post-thumbnail","6":"product_cat-accessoires","7":"product_cat-souris","9":"first","10":"instock","11":"sale","12":"shipping-taxable","13":"purchasable","14":"product-type-simple"},"translation":{"provider":"WPGlobus","version":"3.0.2","language":"de","enabled_languages":["en","es","de","fr","ru"],"languages":{"en":{"title":true,"content":true,"excerpt":true},"es":{"title":false,"content":false,"excerpt":false},"de":{"title":false,"content":false,"excerpt":false},"fr":{"title":false,"content":false,"excerpt":false},"ru":{"title":false,"content":false,"excerpt":false}}},"acf":[],"yoast_head":"<!-- This site is optimized with the Yoast SEO plugin v27.2 - https:\/\/yoast.com\/product\/yoast-seo-wordpress\/ -->\n<title>Razer Basilisk V3 X HyperSpeed: Pr\u00e9cision et Confort - Osaka<\/title>\n<meta name=\"robots\" content=\"index, follow, max-snippet:-1, max-image-preview:large, max-video-preview:-1\" \/>\n<link rel=\"canonical\" href=\"https:\/\/osaka.ma\/product\/razer-basilisk-v3-x-hyperspeed\/\" \/>\n<meta property=\"og:locale\" content=\"de_DE\" \/>\n<meta property=\"og:type\" content=\"article\" \/>\n<meta property=\"og:title\" content=\"Razer Basilisk V3 X HyperSpeed - Osaka\" \/>\n<meta property=\"og:url\" content=\"https:\/\/osaka.ma\/product\/razer-basilisk-v3-x-hyperspeed\/\" \/>\n<meta property=\"og:site_name\" content=\"Osaka\" \/>\n<meta property=\"article:modified_time\" content=\"2026-03-04T11:56:22+00:00\" \/>\n<meta property=\"og:image\" content=\"https:\/\/osaka.ma\/wp-content\/uploads\/2025\/10\/razer-basilisk-v3-x-hyperspeed-3.jpg\" \/>\n\t<meta property=\"og:image:width\" content=\"600\" \/>\n\t<meta property=\"og:image:height\" content=\"600\" \/>\n\t<meta property=\"og:image:type\" content=\"image\/jpeg\" \/>\n<meta name=\"twitter:card\" content=\"summary_large_image\" \/>\n<meta name=\"twitter:label1\" content=\"Est. reading time\" \/>\n\t<meta name=\"twitter:data1\" content=\"3 minutes\" \/>\n<script type=\"application\/ld+json\" class=\"yoast-schema-graph\">{\"@context\":\"https:\/\/schema.org\",\"@graph\":[{\"@type\":\"WebPage\",\"@id\":\"https:\/\/osaka.ma\/product\/razer-basilisk-v3-x-hyperspeed\/\",\"url\":\"https:\/\/osaka.ma\/product\/razer-basilisk-v3-x-hyperspeed\/\",\"name\":\"Razer Basilisk V3 X HyperSpeed: Pr\u00e9cision et Confort - Osaka\",\"isPartOf\":{\"@id\":\"https:\/\/osaka.ma\/#website\"},\"primaryImageOfPage\":{\"@id\":\"https:\/\/osaka.ma\/product\/razer-basilisk-v3-x-hyperspeed\/#primaryimage\"},\"image\":{\"@id\":\"https:\/\/osaka.ma\/product\/razer-basilisk-v3-x-hyperspeed\/#primaryimage\"},\"thumbnailUrl\":\"https:\/\/osaka.ma\/wp-content\/uploads\/2025\/10\/razer-basilisk-v3-x-hyperspeed-3.jpg\",\"datePublished\":\"2025-10-14T12:25:53+00:00\",\"dateModified\":\"2026-03-04T11:56:22+00:00\",\"description\":\"D\u00e9couvrez la Razer Basilisk V3 X HyperSpeed, alliant ergonomie et technologie avanc\u00e9e pour une exp\u00e9rience de jeu optimale. Commandez d\u00e8s maintenant !\",\"breadcrumb\":{\"@id\":\"https:\/\/osaka.ma\/product\/razer-basilisk-v3-x-hyperspeed\/#breadcrumb\"},\"inLanguage\":\"de-DE\",\"potentialAction\":[{\"@type\":\"ReadAction\",\"target\":[\"https:\/\/osaka.ma\/product\/razer-basilisk-v3-x-hyperspeed\/\"]}]},{\"@type\":\"ImageObject\",\"inLanguage\":\"de-DE\",\"@id\":\"https:\/\/osaka.ma\/product\/razer-basilisk-v3-x-hyperspeed\/#primaryimage\",\"url\":\"https:\/\/osaka.ma\/wp-content\/uploads\/2025\/10\/razer-basilisk-v3-x-hyperspeed-3.jpg\",\"contentUrl\":\"https:\/\/osaka.ma\/wp-content\/uploads\/2025\/10\/razer-basilisk-v3-x-hyperspeed-3.jpg\",\"width\":600,\"height\":600},{\"@type\":\"BreadcrumbList\",\"@id\":\"https:\/\/osaka.ma\/product\/razer-basilisk-v3-x-hyperspeed\/#breadcrumb\",\"itemListElement\":[{\"@type\":\"ListItem\",\"position\":1,\"name\":\"Home\",\"item\":\"https:\/\/osaka.ma\/\"},{\"@type\":\"ListItem\",\"position\":2,\"name\":\"Shop\",\"item\":\"https:\/\/osaka.ma\/shop-2\/\"},{\"@type\":\"ListItem\",\"position\":3,\"name\":\"Razer Basilisk V3 X HyperSpeed\"}]},{\"@type\":\"WebSite\",\"@id\":\"https:\/\/osaka.ma\/#website\",\"url\":\"https:\/\/osaka.ma\/\",\"name\":\"Osaka\",\"description\":\"\",\"publisher\":{\"@id\":\"https:\/\/osaka.ma\/#organization\"},\"potentialAction\":[{\"@type\":\"SearchAction\",\"target\":{\"@type\":\"EntryPoint\",\"urlTemplate\":\"https:\/\/osaka.ma\/?s={search_term_string}\"},\"query-input\":{\"@type\":\"PropertyValueSpecification\",\"valueRequired\":true,\"valueName\":\"search_term_string\"}}],\"inLanguage\":\"de-DE\"},{\"@type\":\"Organization\",\"@id\":\"https:\/\/osaka.ma\/#organization\",\"name\":\"Osaka\",\"url\":\"https:\/\/osaka.ma\/\",\"logo\":{\"@type\":\"ImageObject\",\"inLanguage\":\"de-DE\",\"@id\":\"https:\/\/osaka.ma\/#\/schema\/logo\/image\/\",\"url\":\"https:\/\/osaka.ma\/wp-content\/uploads\/2026\/01\/model-slogan-logo-2Plan-de-travail-1dksl-plus-finnn.png\",\"contentUrl\":\"https:\/\/osaka.ma\/wp-content\/uploads\/2026\/01\/model-slogan-logo-2Plan-de-travail-1dksl-plus-finnn.png\",\"width\":842,\"height\":226,\"caption\":\"Osaka\"},\"image\":{\"@id\":\"https:\/\/osaka.ma\/#\/schema\/logo\/image\/\"}}]}<\/script>\n<!-- \/ Yoast SEO plugin. -->","yoast_head_json":{"title":"Razer Basilisk V3 X HyperSpeed: Pr\u00e9cision et Confort - Osaka","robots":{"index":"index","follow":"follow","max-snippet":"max-snippet:-1","max-image-preview":"max-image-preview:large","max-video-preview":"max-video-preview:-1"},"canonical":"https:\/\/osaka.ma\/product\/razer-basilisk-v3-x-hyperspeed\/","og_locale":"de_DE","og_type":"article","og_title":"Razer Basilisk V3 X HyperSpeed - Osaka","og_url":"https:\/\/osaka.ma\/product\/razer-basilisk-v3-x-hyperspeed\/","og_site_name":"Osaka","article_modified_time":"2026-03-04T11:56:22+00:00","og_image":[{"width":600,"height":600,"url":"https:\/\/osaka.ma\/wp-content\/uploads\/2025\/10\/razer-basilisk-v3-x-hyperspeed-3.jpg","type":"image\/jpeg"}],"twitter_card":"summary_large_image","twitter_misc":{"Est. reading time":"3 minutes"},"schema":{"@context":"https:\/\/schema.org","@graph":[{"@type":"WebPage","@id":"https:\/\/osaka.ma\/product\/razer-basilisk-v3-x-hyperspeed\/","url":"https:\/\/osaka.ma\/product\/razer-basilisk-v3-x-hyperspeed\/","name":"Razer Basilisk V3 X HyperSpeed: Pr\u00e9cision et Confort - Osaka","isPartOf":{"@id":"https:\/\/osaka.ma\/#website"},"primaryImageOfPage":{"@id":"https:\/\/osaka.ma\/product\/razer-basilisk-v3-x-hyperspeed\/#primaryimage"},"image":{"@id":"https:\/\/osaka.ma\/product\/razer-basilisk-v3-x-hyperspeed\/#primaryimage"},"thumbnailUrl":"https:\/\/osaka.ma\/wp-content\/uploads\/2025\/10\/razer-basilisk-v3-x-hyperspeed-3.jpg","datePublished":"2025-10-14T12:25:53+00:00","dateModified":"2026-03-04T11:56:22+00:00","description":"D\u00e9couvrez la Razer Basilisk V3 X HyperSpeed, alliant ergonomie et technologie avanc\u00e9e pour une exp\u00e9rience de jeu optimale. Commandez d\u00e8s maintenant !","breadcrumb":{"@id":"https:\/\/osaka.ma\/product\/razer-basilisk-v3-x-hyperspeed\/#breadcrumb"},"inLanguage":"de-DE","potentialAction":[{"@type":"ReadAction","target":["https:\/\/osaka.ma\/product\/razer-basilisk-v3-x-hyperspeed\/"]}]},{"@type":"ImageObject","inLanguage":"de-DE","@id":"https:\/\/osaka.ma\/product\/razer-basilisk-v3-x-hyperspeed\/#primaryimage","url":"https:\/\/osaka.ma\/wp-content\/uploads\/2025\/10\/razer-basilisk-v3-x-hyperspeed-3.jpg","contentUrl":"https:\/\/osaka.ma\/wp-content\/uploads\/2025\/10\/razer-basilisk-v3-x-hyperspeed-3.jpg","width":600,"height":600},{"@type":"BreadcrumbList","@id":"https:\/\/osaka.ma\/product\/razer-basilisk-v3-x-hyperspeed\/#breadcrumb","itemListElement":[{"@type":"ListItem","position":1,"name":"Home","item":"https:\/\/osaka.ma\/"},{"@type":"ListItem","position":2,"name":"Shop","item":"https:\/\/osaka.ma\/shop-2\/"},{"@type":"ListItem","position":3,"name":"Razer Basilisk V3 X HyperSpeed"}]},{"@type":"WebSite","@id":"https:\/\/osaka.ma\/#website","url":"https:\/\/osaka.ma\/","name":"Osaka","description":"","publisher":{"@id":"https:\/\/osaka.ma\/#organization"},"potentialAction":[{"@type":"SearchAction","target":{"@type":"EntryPoint","urlTemplate":"https:\/\/osaka.ma\/?s={search_term_string}"},"query-input":{"@type":"PropertyValueSpecification","valueRequired":true,"valueName":"search_term_string"}}],"inLanguage":"de-DE"},{"@type":"Organization","@id":"https:\/\/osaka.ma\/#organization","name":"Osaka","url":"https:\/\/osaka.ma\/","logo":{"@type":"ImageObject","inLanguage":"de-DE","@id":"https:\/\/osaka.ma\/#\/schema\/logo\/image\/","url":"https:\/\/osaka.ma\/wp-content\/uploads\/2026\/01\/model-slogan-logo-2Plan-de-travail-1dksl-plus-finnn.png","contentUrl":"https:\/\/osaka.ma\/wp-content\/uploads\/2026\/01\/model-slogan-logo-2Plan-de-travail-1dksl-plus-finnn.png","width":842,"height":226,"caption":"Osaka"},"image":{"@id":"https:\/\/osaka.ma\/#\/schema\/logo\/image\/"}}]}},"jetpack_sharing_enabled":true,"brands":[],"_links":{"self":[{"href":"https:\/\/osaka.ma\/de\/wp-json\/wp\/v2\/product\/18060","targetHints":{"allow":["GET"]}}],"collection":[{"href":"https:\/\/osaka.ma\/de\/wp-json\/wp\/v2\/product"}],"about":[{"href":"https:\/\/osaka.ma\/de\/wp-json\/wp\/v2\/types\/product"}],"version-history":[{"count":0,"href":"https:\/\/osaka.ma\/de\/wp-json\/wp\/v2\/product\/18060\/revisions"}],"wp:featuredmedia":[{"embeddable":true,"href":"https:\/\/osaka.ma\/de\/wp-json\/wp\/v2\/media\/1018105"}],"wp:attachment":[{"href":"https:\/\/osaka.ma\/de\/wp-json\/wp\/v2\/media?parent=18060"}],"wp:term":[{"taxonomy":"pwb-brand","embeddable":true,"href":"https:\/\/osaka.ma\/de\/wp-json\/wp\/v2\/pwb-brand?post=18060"},{"taxonomy":"product_brand","embeddable":true,"href":"https:\/\/osaka.ma\/de\/wp-json\/wp\/v2\/product_brand?post=18060"},{"taxonomy":"product_cat","embeddable":true,"href":"https:\/\/osaka.ma\/de\/wp-json\/wp\/v2\/product_cat?post=18060"},{"taxonomy":"product_tag","embeddable":true,"href":"https:\/\/osaka.ma\/de\/wp-json\/wp\/v2\/product_tag?post=18060"},{"taxonomy":"pcb_component_type","embeddable":true,"href":"https:\/\/osaka.ma\/de\/wp-json\/wp\/v2\/pcb_component_type?post=18060"}],"curies":[{"name":"wp","href":"https:\/\/api.w.org\/{rel}","templated":true}]}}