{"id":18684,"date":"2025-10-29T13:46:24","date_gmt":"2025-10-29T12:46:24","guid":{"rendered":"https:\/\/osaka.ma\/?post_type=product&#038;p=18684"},"modified":"2025-11-01T01:04:48","modified_gmt":"2025-11-01T00:04:48","slug":"asus-rog-strix-g17-g713pi-ryzen-9-7845hx-rtx-4070-17-3-qhd-240hz","status":"publish","type":"product","link":"https:\/\/osaka.ma\/de\/product\/asus-rog-strix-g17-g713pi-ryzen-9-7845hx-rtx-4070-17-3-qhd-240hz\/","title":{"rendered":"ASUS ROG STRIX G17 G713PI &#8211; Ryzen 9 7845HX | RTX 4070 | 32 Go | 1 To SSD  | 17.3&#8243; QHD 240Hz"},"content":{"rendered":"<div class=\"logo\">\n<div class=\"logo\"><img decoding=\"async\" class=\"aligncenter\" src=\"https:\/\/media.ldlc.com\/v3\/marque\/bo\/00\/05\/62\/42\/V30005624251_2.jpg\" alt=\"ASUS\" \/><\/div>\n<div><\/div>\n<div id=\"description\" class=\"description\">\n<div class=\"details-pdt-desc\">\n<h2 class=\"h2-master\">Confort et hautes performances avec un \u00e9cran QHD 240 Hz<\/h2>\n<section>Le\u00a0<strong>PC Portable Gaming ASUS ROG STRIX 17 G713<\/strong>\u00a0vous permettra de jouer dans les meilleures conditions \u00e0 vos jeux PC favoris gr\u00e2ce \u00e0 des composants ultra-performants, un \u00e9cran QHD 240 Hz et une conception haut de gamme qui ne laisse rien au hasard. Le PC portable Gamer ASUS ROG STRIX 17 G713PI-LL044W offre de hautes performances gr\u00e2ce \u00e0 son\u00a0<strong>processeur AMD Ryzen 9 7845HX<\/strong>, ses 32 Go de m\u00e9moire DDR5, son SSD M.2 PCIe de 1 To et sa <strong>puce graphique NVIDIA GeForce RTX 4070<\/strong>.\u00a0<\/section>\n<section>\n<div class=\"desc-image\"><img decoding=\"async\" src=\"https:\/\/media.ldlc.com\/bo\/images\/fiches\/pc_portables\/asus\/g713\/2023\/801.jpg\" alt=\"\" \/><\/div>\n<div><\/div>\n<div class=\"desc-text\">\n<h2>Performances pour les Gamers<\/h2>\n<p>En plus de ses composants ultra-performants nouvelle g\u00e9n\u00e9ration, le ROG Strix 17 b\u00e9n\u00e9ficie d&#8217;un superbe design. Avec son processeur AMD Ryzen 9\u00a0et sa puce graphique GeForce RTX s\u00e9rie 4000, ce PC portable ASUS se montrera capable de vous hisser au plus pr\u00e8s des joueurs professionnels.<\/p>\n<\/div>\n<\/section>\n<section>\n<div class=\"desc-text\">\n<h2>Affichage fluide avec un \u00e9cran 240 Hz<\/h2>\n<p>Avec cet ordinateur portable de jeu aux vitesses d&#8217;affichage ultrarapides, mettez-vous dans la peau d&#8217;un professionnel de l&#8217;eSport ! La dalle de 240 Hz \/ 3 ms permet de jouer aux meilleurs jeux FPS du moment afin que vous soyez toujours au meilleur niveau, pr\u00eat \u00e0 c\u00f4toyer l&#8217;\u00e9lite. Ultrarapide, la fr\u00e9quence de rafra\u00eechissement de 240 Hz fluidifie consid\u00e9rablement les images qu&#8217;affichent les jeux d&#8217;action rapide tandis que le temps de r\u00e9ponse (gris-\u00e0-gris) de 3 ms r\u00e9duit le flou cin\u00e9tique afin que vous puissiez traquer l&#8217;ennemi avec une pr\u00e9cision renouvel\u00e9e. Prenez l&#8217;avantage lors des combats o\u00f9 la rapidit\u00e9 et le sens aiguis\u00e9 de l&#8217;environnement de jeu sont essentiels \u00e0 toute victoire.<\/p>\n<\/div>\n<div class=\"desc-image\"><img decoding=\"async\" src=\"https:\/\/media.ldlc.com\/bo\/images\/fiches\/pc_portables\/asus\/g713\/2023\/802.jpg\" alt=\"\" \/><\/div>\n<div><\/div>\n<\/section>\n<section>\n<div class=\"desc-image\"><img decoding=\"async\" src=\"https:\/\/media.ldlc.com\/bo\/images\/fiches\/pc_portables\/asus\/g713\/2023\/803.jpg\" alt=\"\" \/><\/div>\n<div><\/div>\n<div class=\"desc-text\">\n<h2>Refroidissement performant<\/h2>\n<p>La philosophie du refroidissement intelligent ROG r\u00e9side dans son alliance entre fonctionnalit\u00e9s utiles et param\u00e8tres syst\u00e8me correctement ajust\u00e9s pour garantir la meilleure exp\u00e9rience possible au niveau du ch\u00e2ssis et des composants. Les performances du PC sont boost\u00e9es gr\u00e2ce \u00e0 l&#8217;utilisation d&#8217;une p\u00e2te thermique fabriqu\u00e9e \u00e0 partir de m\u00e9tal liquide et appliqu\u00e9e directement sur le processeur. De plus, le design du ch\u00e2ssis am\u00e9liore la ventilation pour minimiser les niveaux de bruit en comparaison avec les g\u00e9n\u00e9rations pr\u00e9c\u00e9dentes.<\/p>\n<\/div>\n<\/section>\n<section class=\"list\">\n<h2>Caract\u00e9ristiques principales :<\/h2>\n<ul>\n<li><strong>Processeur AMD Ryzen 9 7845HX<\/strong>\u00a0(12-Core 3.0 GHz \/ 5.2\u00a0GHz Turbo &#8211; 24 Threads &#8211; Cache 64 Mo)<\/li>\n<li><strong>32 Go<\/strong> de m\u00e9moire vive <strong>DDR5 4800 MHz<\/strong><\/li>\n<li>\u00c9cran de niveau IPS <strong>17.3&#8243;<\/strong> avec r\u00e9solution <strong>QHD<\/strong> (2560 x 1440 pixels) et\u00a0<strong>fr\u00e9quence de 240 Hz<\/strong><\/li>\n<li>Puce graphique\u00a0<strong>NVIDIA GeForce RTX 4070 Laptop<\/strong>\u00a0(2175 MHz + 50 MHz OC &#8211; 115W+25 W Dynamic Boost)<\/li>\n<li><strong>SSD M.2 PCIe 4.0 de 1 To\u00a0<\/strong>+ 1 slot M.2 PCIe 4.0 libre<\/li>\n<li>Communication sans fil performante :\u00a0Wi-Fi 6E + Bluetooth\u00a05.2<\/li>\n<li>Clavier gaming avec touches r\u00e9tro\u00e9clair\u00e9es RGB Touche par touche<\/li>\n<li>Haut-parleurs int\u00e9gr\u00e9s 2 x 4W avec technologie Smart Amp<\/li>\n<li><b>Windows 11 Famille<\/b><\/li>\n<li>Comme Neuf- Garantie incluse<\/li>\n<\/ul>\n<\/section>\n<\/div>\n<\/div>\n<\/div>\n","protected":false},"excerpt":{"rendered":"<p class=\"desc\">Le PC Portable Gaming <strong>ASUS ROG STRIX G17<\/strong> vous permettra de jouer dans les meilleures conditions \u00e0 vos jeux PC favoris gr\u00e2ce \u00e0 des composants ultra-performants, un \u00e9cran QHD 240 Hz et une conception haut de gamme qui ne laisse rien au hasard.<\/p>\n<div class=\"bloc-variants\">\n<h5 class=\"variant\"><strong data-start=\"411\" data-end=\"442\">Caract\u00e9ristiques Principales :<\/strong><\/h5>\n<ul>\n<li class=\"variant\"><strong data-start=\"450\" data-end=\"464\">Processeur<\/strong> : <strong><span style=\"color: #3366ff;\">AMD Ryzen 9 7845HX<\/span><\/strong><\/li>\n<li class=\"variant\"><strong data-start=\"491\" data-end=\"510\">Carte Graphique<\/strong> : <strong><span style=\"color: #3366ff;\">NVIDIA GeForce RTX 4070 8Go<\/span><\/strong><\/li>\n<li class=\"variant\"><strong>M\u00e9moire<\/strong> :\u00a0 <span style=\"color: #3366ff;\">32<strong>\u00a0<\/strong><\/span><strong><span style=\"color: #3366ff;\">Go DDR5 4800MHz<\/span><\/strong><\/li>\n<li class=\"variant\"><strong data-start=\"587\" data-end=\"599\">Stockage<\/strong> : <strong><span style=\"color: #3366ff;\">1 To SSD NVMe<\/span><\/strong><\/li>\n<li class=\"variant\"><strong data-start=\"620\" data-end=\"629\">\u00c9cran<\/strong> : <strong><span style=\"color: #3366ff;\">17.3&#8243; | QHD | 240Hz | LED<\/span><\/strong><\/li>\n<li class=\"variant\"><strong data-start=\"667\" data-end=\"678\">Clavier<\/strong> : <strong><span style=\"color: #3366ff;\">QWERTY r\u00e9tro\u00e9clair\u00e9 ( RGB )<\/span><\/strong><\/li>\n<li class=\"variant\"><strong data-start=\"710\" data-end=\"721\">Syst\u00e8me<\/strong> :<strong> <span style=\"color: #3366ff;\">Windows 11 Famille<\/span><\/strong><\/li>\n<li class=\"variant\"><strong data-start=\"748\" data-end=\"756\">\u00c9tat<\/strong> : <strong><span style=\"color: #3366ff;\">Comme Neuf &#8211; Garantie incluse<\/span><\/strong><\/li>\n<\/ul>\n<\/div>\n","protected":false},"featured_media":1016278,"template":"","meta":{"_acf_changed":false},"pwb-brand":[],"product_brand":[],"product_cat":[122,121],"product_tag":[],"pcb_component_type":[],"class_list":{"0":"post-18684","1":"product","2":"type-product","3":"status-publish","4":"has-post-thumbnail","6":"product_cat-gaming","7":"product_cat-pc-portable","9":"first","10":"outofstock","11":"shipping-taxable","12":"product-type-simple"},"translation":{"provider":"WPGlobus","version":"3.0.2","language":"de","enabled_languages":["en","es","de","fr","ru"],"languages":{"en":{"title":true,"content":true,"excerpt":true},"es":{"title":false,"content":false,"excerpt":false},"de":{"title":false,"content":false,"excerpt":false},"fr":{"title":false,"content":false,"excerpt":false},"ru":{"title":false,"content":false,"excerpt":false}}},"acf":[],"yoast_head":"<!-- This site is optimized with the Yoast SEO plugin v27.2 - https:\/\/yoast.com\/product\/yoast-seo-wordpress\/ -->\n<title>ASUS ROG STRIX G17 - Ryzen 9 7845HX | RTX 4070 - Osaka<\/title>\n<meta name=\"robots\" content=\"index, follow, max-snippet:-1, max-image-preview:large, max-video-preview:-1\" \/>\n<link rel=\"canonical\" href=\"https:\/\/osaka.ma\/product\/asus-rog-strix-g17-g713pi-ryzen-9-7845hx-rtx-4070-17-3-qhd-240hz\/\" \/>\n<meta property=\"og:locale\" content=\"de_DE\" \/>\n<meta property=\"og:type\" content=\"article\" \/>\n<meta property=\"og:title\" content=\"ASUS ROG STRIX G17 G713PI - Ryzen 9 7845HX | RTX 4070 | 32 Go | 1 To SSD | 17.3&quot; QHD 240Hz - Osaka\" \/>\n<meta property=\"og:url\" content=\"https:\/\/osaka.ma\/product\/asus-rog-strix-g17-g713pi-ryzen-9-7845hx-rtx-4070-17-3-qhd-240hz\/\" \/>\n<meta property=\"og:site_name\" content=\"Osaka\" \/>\n<meta property=\"article:modified_time\" content=\"2025-11-01T00:04:48+00:00\" \/>\n<meta property=\"og:image\" content=\"https:\/\/osaka.ma\/wp-content\/uploads\/2025\/05\/ASUS-ROG-STRIX-17-1.jpg\" \/>\n\t<meta property=\"og:image:width\" content=\"1600\" \/>\n\t<meta property=\"og:image:height\" content=\"1600\" \/>\n\t<meta property=\"og:image:type\" content=\"image\/jpeg\" \/>\n<meta name=\"twitter:card\" content=\"summary_large_image\" \/>\n<meta name=\"twitter:label1\" content=\"Est. reading time\" \/>\n\t<meta name=\"twitter:data1\" content=\"5 minutes\" \/>\n<script type=\"application\/ld+json\" class=\"yoast-schema-graph\">{\"@context\":\"https:\/\/schema.org\",\"@graph\":[{\"@type\":\"WebPage\",\"@id\":\"https:\/\/osaka.ma\/product\/asus-rog-strix-g17-g713pi-ryzen-9-7845hx-rtx-4070-17-3-qhd-240hz\/\",\"url\":\"https:\/\/osaka.ma\/product\/asus-rog-strix-g17-g713pi-ryzen-9-7845hx-rtx-4070-17-3-qhd-240hz\/\",\"name\":\"ASUS ROG STRIX G17 - Ryzen 9 7845HX | RTX 4070 - Osaka\",\"isPartOf\":{\"@id\":\"https:\/\/osaka.ma\/#website\"},\"primaryImageOfPage\":{\"@id\":\"https:\/\/osaka.ma\/product\/asus-rog-strix-g17-g713pi-ryzen-9-7845hx-rtx-4070-17-3-qhd-240hz\/#primaryimage\"},\"image\":{\"@id\":\"https:\/\/osaka.ma\/product\/asus-rog-strix-g17-g713pi-ryzen-9-7845hx-rtx-4070-17-3-qhd-240hz\/#primaryimage\"},\"thumbnailUrl\":\"https:\/\/osaka.ma\/wp-content\/uploads\/2025\/05\/ASUS-ROG-STRIX-17-1.jpg\",\"datePublished\":\"2025-10-29T12:46:24+00:00\",\"dateModified\":\"2025-11-01T00:04:48+00:00\",\"description\":\"Profitez d'une exp\u00e9rience de jeu exceptionnelle avec ASUS ROG STRIX G17 G713PI - Ryzen 9 7845HX | RTX 4070 | QHD 240Hz . Disponible chez Osaka Gaming Maroc\",\"breadcrumb\":{\"@id\":\"https:\/\/osaka.ma\/product\/asus-rog-strix-g17-g713pi-ryzen-9-7845hx-rtx-4070-17-3-qhd-240hz\/#breadcrumb\"},\"inLanguage\":\"de-DE\",\"potentialAction\":[{\"@type\":\"ReadAction\",\"target\":[\"https:\/\/osaka.ma\/product\/asus-rog-strix-g17-g713pi-ryzen-9-7845hx-rtx-4070-17-3-qhd-240hz\/\"]}]},{\"@type\":\"ImageObject\",\"inLanguage\":\"de-DE\",\"@id\":\"https:\/\/osaka.ma\/product\/asus-rog-strix-g17-g713pi-ryzen-9-7845hx-rtx-4070-17-3-qhd-240hz\/#primaryimage\",\"url\":\"https:\/\/osaka.ma\/wp-content\/uploads\/2025\/05\/ASUS-ROG-STRIX-17-1.jpg\",\"contentUrl\":\"https:\/\/osaka.ma\/wp-content\/uploads\/2025\/05\/ASUS-ROG-STRIX-17-1.jpg\",\"width\":1600,\"height\":1600,\"caption\":\"ASUS ROG STRIX G17 | Ryzen 9 7845HX | RTX 4070 8GB | 32GB DDR5 | 1TB SSD | QHD 240Hz | QWERTY RGB | Windows 11 | Osaka Gaming Maroc\"},{\"@type\":\"BreadcrumbList\",\"@id\":\"https:\/\/osaka.ma\/product\/asus-rog-strix-g17-g713pi-ryzen-9-7845hx-rtx-4070-17-3-qhd-240hz\/#breadcrumb\",\"itemListElement\":[{\"@type\":\"ListItem\",\"position\":1,\"name\":\"Home\",\"item\":\"https:\/\/osaka.ma\/\"},{\"@type\":\"ListItem\",\"position\":2,\"name\":\"Shop\",\"item\":\"https:\/\/osaka.ma\/shop-2\/\"},{\"@type\":\"ListItem\",\"position\":3,\"name\":\"ASUS ROG STRIX G17 G713PI &#8211; Ryzen 9 7845HX | RTX 4070 | 32 Go | 1 To SSD | 17.3&#8243; QHD 240Hz\"}]},{\"@type\":\"WebSite\",\"@id\":\"https:\/\/osaka.ma\/#website\",\"url\":\"https:\/\/osaka.ma\/\",\"name\":\"Osaka\",\"description\":\"\",\"publisher\":{\"@id\":\"https:\/\/osaka.ma\/#organization\"},\"potentialAction\":[{\"@type\":\"SearchAction\",\"target\":{\"@type\":\"EntryPoint\",\"urlTemplate\":\"https:\/\/osaka.ma\/?s={search_term_string}\"},\"query-input\":{\"@type\":\"PropertyValueSpecification\",\"valueRequired\":true,\"valueName\":\"search_term_string\"}}],\"inLanguage\":\"de-DE\"},{\"@type\":\"Organization\",\"@id\":\"https:\/\/osaka.ma\/#organization\",\"name\":\"Osaka\",\"url\":\"https:\/\/osaka.ma\/\",\"logo\":{\"@type\":\"ImageObject\",\"inLanguage\":\"de-DE\",\"@id\":\"https:\/\/osaka.ma\/#\/schema\/logo\/image\/\",\"url\":\"https:\/\/osaka.ma\/wp-content\/uploads\/2026\/01\/model-slogan-logo-2Plan-de-travail-1dksl-plus-finnn.png\",\"contentUrl\":\"https:\/\/osaka.ma\/wp-content\/uploads\/2026\/01\/model-slogan-logo-2Plan-de-travail-1dksl-plus-finnn.png\",\"width\":842,\"height\":226,\"caption\":\"Osaka\"},\"image\":{\"@id\":\"https:\/\/osaka.ma\/#\/schema\/logo\/image\/\"}}]}<\/script>\n<!-- \/ Yoast SEO plugin. -->","yoast_head_json":{"title":"ASUS ROG STRIX G17 - Ryzen 9 7845HX | RTX 4070 - Osaka","robots":{"index":"index","follow":"follow","max-snippet":"max-snippet:-1","max-image-preview":"max-image-preview:large","max-video-preview":"max-video-preview:-1"},"canonical":"https:\/\/osaka.ma\/product\/asus-rog-strix-g17-g713pi-ryzen-9-7845hx-rtx-4070-17-3-qhd-240hz\/","og_locale":"de_DE","og_type":"article","og_title":"ASUS ROG STRIX G17 G713PI - Ryzen 9 7845HX | RTX 4070 | 32 Go | 1 To SSD | 17.3\" QHD 240Hz - Osaka","og_url":"https:\/\/osaka.ma\/product\/asus-rog-strix-g17-g713pi-ryzen-9-7845hx-rtx-4070-17-3-qhd-240hz\/","og_site_name":"Osaka","article_modified_time":"2025-11-01T00:04:48+00:00","og_image":[{"width":1600,"height":1600,"url":"https:\/\/osaka.ma\/wp-content\/uploads\/2025\/05\/ASUS-ROG-STRIX-17-1.jpg","type":"image\/jpeg"}],"twitter_card":"summary_large_image","twitter_misc":{"Est. reading time":"5 minutes"},"schema":{"@context":"https:\/\/schema.org","@graph":[{"@type":"WebPage","@id":"https:\/\/osaka.ma\/product\/asus-rog-strix-g17-g713pi-ryzen-9-7845hx-rtx-4070-17-3-qhd-240hz\/","url":"https:\/\/osaka.ma\/product\/asus-rog-strix-g17-g713pi-ryzen-9-7845hx-rtx-4070-17-3-qhd-240hz\/","name":"ASUS ROG STRIX G17 - Ryzen 9 7845HX | RTX 4070 - Osaka","isPartOf":{"@id":"https:\/\/osaka.ma\/#website"},"primaryImageOfPage":{"@id":"https:\/\/osaka.ma\/product\/asus-rog-strix-g17-g713pi-ryzen-9-7845hx-rtx-4070-17-3-qhd-240hz\/#primaryimage"},"image":{"@id":"https:\/\/osaka.ma\/product\/asus-rog-strix-g17-g713pi-ryzen-9-7845hx-rtx-4070-17-3-qhd-240hz\/#primaryimage"},"thumbnailUrl":"https:\/\/osaka.ma\/wp-content\/uploads\/2025\/05\/ASUS-ROG-STRIX-17-1.jpg","datePublished":"2025-10-29T12:46:24+00:00","dateModified":"2025-11-01T00:04:48+00:00","description":"Profitez d'une exp\u00e9rience de jeu exceptionnelle avec ASUS ROG STRIX G17 G713PI - Ryzen 9 7845HX | RTX 4070 | QHD 240Hz . Disponible chez Osaka Gaming Maroc","breadcrumb":{"@id":"https:\/\/osaka.ma\/product\/asus-rog-strix-g17-g713pi-ryzen-9-7845hx-rtx-4070-17-3-qhd-240hz\/#breadcrumb"},"inLanguage":"de-DE","potentialAction":[{"@type":"ReadAction","target":["https:\/\/osaka.ma\/product\/asus-rog-strix-g17-g713pi-ryzen-9-7845hx-rtx-4070-17-3-qhd-240hz\/"]}]},{"@type":"ImageObject","inLanguage":"de-DE","@id":"https:\/\/osaka.ma\/product\/asus-rog-strix-g17-g713pi-ryzen-9-7845hx-rtx-4070-17-3-qhd-240hz\/#primaryimage","url":"https:\/\/osaka.ma\/wp-content\/uploads\/2025\/05\/ASUS-ROG-STRIX-17-1.jpg","contentUrl":"https:\/\/osaka.ma\/wp-content\/uploads\/2025\/05\/ASUS-ROG-STRIX-17-1.jpg","width":1600,"height":1600,"caption":"ASUS ROG STRIX G17 | Ryzen 9 7845HX | RTX 4070 8GB | 32GB DDR5 | 1TB SSD | QHD 240Hz | QWERTY RGB | Windows 11 | Osaka Gaming Maroc"},{"@type":"BreadcrumbList","@id":"https:\/\/osaka.ma\/product\/asus-rog-strix-g17-g713pi-ryzen-9-7845hx-rtx-4070-17-3-qhd-240hz\/#breadcrumb","itemListElement":[{"@type":"ListItem","position":1,"name":"Home","item":"https:\/\/osaka.ma\/"},{"@type":"ListItem","position":2,"name":"Shop","item":"https:\/\/osaka.ma\/shop-2\/"},{"@type":"ListItem","position":3,"name":"ASUS ROG STRIX G17 G713PI &#8211; Ryzen 9 7845HX | RTX 4070 | 32 Go | 1 To SSD | 17.3&#8243; QHD 240Hz"}]},{"@type":"WebSite","@id":"https:\/\/osaka.ma\/#website","url":"https:\/\/osaka.ma\/","name":"Osaka","description":"","publisher":{"@id":"https:\/\/osaka.ma\/#organization"},"potentialAction":[{"@type":"SearchAction","target":{"@type":"EntryPoint","urlTemplate":"https:\/\/osaka.ma\/?s={search_term_string}"},"query-input":{"@type":"PropertyValueSpecification","valueRequired":true,"valueName":"search_term_string"}}],"inLanguage":"de-DE"},{"@type":"Organization","@id":"https:\/\/osaka.ma\/#organization","name":"Osaka","url":"https:\/\/osaka.ma\/","logo":{"@type":"ImageObject","inLanguage":"de-DE","@id":"https:\/\/osaka.ma\/#\/schema\/logo\/image\/","url":"https:\/\/osaka.ma\/wp-content\/uploads\/2026\/01\/model-slogan-logo-2Plan-de-travail-1dksl-plus-finnn.png","contentUrl":"https:\/\/osaka.ma\/wp-content\/uploads\/2026\/01\/model-slogan-logo-2Plan-de-travail-1dksl-plus-finnn.png","width":842,"height":226,"caption":"Osaka"},"image":{"@id":"https:\/\/osaka.ma\/#\/schema\/logo\/image\/"}}]}},"jetpack_sharing_enabled":true,"brands":[],"_links":{"self":[{"href":"https:\/\/osaka.ma\/de\/wp-json\/wp\/v2\/product\/18684","targetHints":{"allow":["GET"]}}],"collection":[{"href":"https:\/\/osaka.ma\/de\/wp-json\/wp\/v2\/product"}],"about":[{"href":"https:\/\/osaka.ma\/de\/wp-json\/wp\/v2\/types\/product"}],"version-history":[{"count":0,"href":"https:\/\/osaka.ma\/de\/wp-json\/wp\/v2\/product\/18684\/revisions"}],"wp:featuredmedia":[{"embeddable":true,"href":"https:\/\/osaka.ma\/de\/wp-json\/wp\/v2\/media\/1016278"}],"wp:attachment":[{"href":"https:\/\/osaka.ma\/de\/wp-json\/wp\/v2\/media?parent=18684"}],"wp:term":[{"taxonomy":"pwb-brand","embeddable":true,"href":"https:\/\/osaka.ma\/de\/wp-json\/wp\/v2\/pwb-brand?post=18684"},{"taxonomy":"product_brand","embeddable":true,"href":"https:\/\/osaka.ma\/de\/wp-json\/wp\/v2\/product_brand?post=18684"},{"taxonomy":"product_cat","embeddable":true,"href":"https:\/\/osaka.ma\/de\/wp-json\/wp\/v2\/product_cat?post=18684"},{"taxonomy":"product_tag","embeddable":true,"href":"https:\/\/osaka.ma\/de\/wp-json\/wp\/v2\/product_tag?post=18684"},{"taxonomy":"pcb_component_type","embeddable":true,"href":"https:\/\/osaka.ma\/de\/wp-json\/wp\/v2\/pcb_component_type?post=18684"}],"curies":[{"name":"wp","href":"https:\/\/api.w.org\/{rel}","templated":true}]}}