{"id":19182,"date":"2025-11-19T12:12:41","date_gmt":"2025-11-19T11:12:41","guid":{"rendered":"https:\/\/osaka.ma\/?post_type=product&#038;p=19182"},"modified":"2026-01-16T11:13:59","modified_gmt":"2026-01-16T10:13:59","slug":"pc-gamer-ryzen-5-5500-rtx-5060-16gb-ddr4-512gb-nvme","status":"publish","type":"product","link":"https:\/\/osaka.ma\/de\/product\/pc-gamer-ryzen-5-5500-rtx-5060-16gb-ddr4-512gb-nvme\/","title":{"rendered":"PC Gamer Ryzen 5 5500 | RTX 5060 | 16GB DDR4 | 512GB NVMe"},"content":{"rendered":"<p data-start=\"1086\" data-end=\"1332\"><img decoding=\"async\" src=\"https:\/\/media.ldlc.com\/v3\/marque\/bo\/00\/01\/69\/31\/V30001693127_2.gif\" alt=\"AMD\" \/><\/p>\n<p data-start=\"1086\" data-end=\"1332\">Ce PC s\u2019appuie sur le Ryzen 5 5500, un processeur 6 c\u0153urs con\u00e7u pour offrir de bonnes performances en gaming et multit\u00e2che tout en restant tr\u00e8s \u00e9conomique. Il assure une fluidit\u00e9 satisfaisante dans les jeux populaires et les logiciels quotidiens.<\/p>\n<p data-start=\"1086\" data-end=\"1332\"><img decoding=\"async\" src=\"https:\/\/media.ldlc.com\/bo\/images\/fiches\/Processeur\/AMD\/raphael\/amd_ryzen_7000_001.jpg\" \/><\/p>\n<p data-start=\"1334\" data-end=\"1600\">La carte graphique Gigabyte RTX 5060 8GB permet de jouer en 1080p avec des r\u00e9glages \u00e9lev\u00e9s sur la majorit\u00e9 des jeux r\u00e9cents.<br data-start=\"1458\" data-end=\"1461\" \/>Les 16GB de RAM Corsair DDR4 assurent une bonne r\u00e9activit\u00e9 pour le multit\u00e2che, la bureautique, les \u00e9tudes et certains logiciels de travail.<\/p>\n<p data-start=\"1334\" data-end=\"1600\"><img decoding=\"async\" src=\"https:\/\/media.ldlc.com\/bo\/images\/fiches\/Processeur\/AMD\/raphael\/amd_ryzen_7000_004.jpg\" \/><\/p>\n<p data-start=\"1602\" data-end=\"1914\">Le SSD NVMe Western Digital 512GB offre un d\u00e9marrage rapide et des chargements express pour les jeux et applications.<br data-start=\"1719\" data-end=\"1722\" \/>Le bo\u00eetier Bajeal Phantom Ice ARGB apporte un style moderne et une bonne ventilation gr\u00e2ce \u00e0 ses ventilateurs inclus, tandis que l\u2019alimentation 750W 80+ Bronze garantit une stabilit\u00e9 compl\u00e8te.<\/p>\n<p data-start=\"1916\" data-end=\"2031\">Le refroidissement Nova Freezer CT-2U2 maintient des temp\u00e9ratures correctes et assure un fonctionnement silencieux.<\/p>\n<p data-start=\"2033\" data-end=\"2181\"><img decoding=\"async\" src=\"https:\/\/media.ldlc.com\/bo\/images\/fiches\/Processeur\/AMD\/raphael\/amd_ryzen_7000_003.jpg\" \/><\/p>\n<h3 data-start=\"2188\" data-end=\"2220\">Caract\u00e9ristiques Techniques<\/h3>\n<ul data-start=\"2221\" data-end=\"2562\">\n<li data-start=\"2221\" data-end=\"2250\">\n<p data-start=\"2223\" data-end=\"2250\">CPU : Ryzen 5 5500 (tray)<\/p>\n<\/li>\n<li data-start=\"2251\" data-end=\"2283\">\n<p data-start=\"2253\" data-end=\"2283\">Carte m\u00e8re : MSI A520M A-PRO<\/p>\n<\/li>\n<li data-start=\"2284\" data-end=\"2342\">\n<p data-start=\"2286\" data-end=\"2342\">RAM : Corsair Vengeance LPX 16GB (1\u00d716GB) DDR4 3200MHz<\/p>\n<\/li>\n<li data-start=\"2343\" data-end=\"2396\">\n<p data-start=\"2345\" data-end=\"2396\">Carte graphique : Gigabyte RTX 5060 Windforce 8GB<\/p>\n<\/li>\n<li data-start=\"2397\" data-end=\"2445\">\n<p data-start=\"2399\" data-end=\"2445\">Stockage : 512GB NVMe Western Digital Gen4x4<\/p>\n<\/li>\n<li data-start=\"2446\" data-end=\"2487\">\n<p data-start=\"2448\" data-end=\"2487\">Refroidissement : Nova Freezer CT-2U2<\/p>\n<\/li>\n<li data-start=\"2488\" data-end=\"2562\">\n<p data-start=\"2490\" data-end=\"2562\">Bo\u00eetier + Alimentation : Bajeal Phantom Ice ARGB + PSU 750W 80+ Bronze<\/p>\n<\/li>\n<\/ul>\n","protected":false},"excerpt":{"rendered":"<p data-start=\"513\" data-end=\"670\">Un PC performant et accessible \u00e9quip\u00e9 du Ryzen 5 5500 et de la RTX 5060 8GB. Parfait pour le gaming 1080p, les \u00e9tudes, le travail et les t\u00e2ches quotidiennes.<\/p>\n<hr data-start=\"672\" data-end=\"675\" \/>\n<h3 data-start=\"677\" data-end=\"709\">Caract\u00e9ristiques Techniques<\/h3>\n<ul data-start=\"710\" data-end=\"1051\">\n<li data-start=\"710\" data-end=\"739\">\n<p data-start=\"712\" data-end=\"739\">CPU : Ryzen 5 5500 (tray)<\/p>\n<\/li>\n<li data-start=\"740\" data-end=\"772\">\n<p data-start=\"742\" data-end=\"772\">Carte m\u00e8re : MSI A520M A-PRO<\/p>\n<\/li>\n<li data-start=\"773\" data-end=\"831\">\n<p data-start=\"775\" data-end=\"831\">RAM : Corsair Vengeance LPX 16GB (1\u00d716GB) DDR4 3200MHz<\/p>\n<\/li>\n<li data-start=\"832\" data-end=\"885\">\n<p data-start=\"834\" data-end=\"885\">Carte graphique : Gigabyte RTX 5060 Windforce 8GB<\/p>\n<\/li>\n<li data-start=\"886\" data-end=\"934\">\n<p data-start=\"888\" data-end=\"934\">Stockage : 512GB NVMe Western Digital Gen4x4<\/p>\n<\/li>\n<li data-start=\"935\" data-end=\"976\">\n<p data-start=\"937\" data-end=\"976\">Refroidissement : Nova Freezer CT-2U2<\/p>\n<\/li>\n<li data-start=\"977\" data-end=\"1051\">\n<p data-start=\"979\" data-end=\"1051\">Bo\u00eetier + Alimentation : Bajeal Phantom Ice ARGB + PSU 750W 80+ Bronze<\/p>\n<\/li>\n<\/ul>\n","protected":false},"featured_media":1019165,"template":"","meta":{"_acf_changed":false},"pwb-brand":[],"product_brand":[],"product_cat":[54,53],"product_tag":[],"pcb_component_type":[],"class_list":{"0":"post-19182","1":"product","2":"type-product","3":"status-publish","4":"has-post-thumbnail","6":"product_cat-amd-ryzen","7":"product_cat-pc-gamer","9":"first","10":"outofstock","11":"shipping-taxable","12":"product-type-simple"},"translation":{"provider":"WPGlobus","version":"3.0.2","language":"de","enabled_languages":["en","es","de","fr","ru"],"languages":{"en":{"title":true,"content":true,"excerpt":true},"es":{"title":false,"content":false,"excerpt":false},"de":{"title":false,"content":false,"excerpt":false},"fr":{"title":false,"content":false,"excerpt":false},"ru":{"title":false,"content":false,"excerpt":false}}},"acf":[],"yoast_head":"<!-- This site is optimized with the Yoast SEO plugin v27.2 - https:\/\/yoast.com\/product\/yoast-seo-wordpress\/ -->\n<title>PC Gamer Ryzen 5 5500 avec RTX 5060 \u2013 Top Jeux 1080p - Osaka<\/title>\n<meta name=\"robots\" content=\"index, follow, max-snippet:-1, max-image-preview:large, max-video-preview:-1\" \/>\n<link rel=\"canonical\" href=\"https:\/\/osaka.ma\/product\/pc-gamer-ryzen-5-5500-rtx-5060-16gb-ddr4-512gb-nvme\/\" \/>\n<meta property=\"og:locale\" content=\"de_DE\" \/>\n<meta property=\"og:type\" content=\"article\" \/>\n<meta property=\"og:title\" content=\"PC Gamer Ryzen 5 5500 | RTX 5060 | 16GB DDR4 | 512GB NVMe - Osaka\" \/>\n<meta property=\"og:url\" content=\"https:\/\/osaka.ma\/product\/pc-gamer-ryzen-5-5500-rtx-5060-16gb-ddr4-512gb-nvme\/\" \/>\n<meta property=\"og:site_name\" content=\"Osaka\" \/>\n<meta property=\"article:modified_time\" content=\"2026-01-16T10:13:59+00:00\" \/>\n<meta property=\"og:image\" content=\"https:\/\/osaka.ma\/wp-content\/uploads\/2025\/11\/PC-Gamer-Ryzen-5-7600X-avec-RTX-5060-et-32GB-DDR5.webp\" \/>\n\t<meta property=\"og:image:width\" content=\"1280\" \/>\n\t<meta property=\"og:image:height\" content=\"1280\" \/>\n\t<meta property=\"og:image:type\" content=\"image\/webp\" \/>\n<meta name=\"twitter:card\" content=\"summary_large_image\" \/>\n<meta name=\"twitter:label1\" content=\"Est. reading time\" \/>\n\t<meta name=\"twitter:data1\" content=\"3 minutes\" \/>\n<script type=\"application\/ld+json\" class=\"yoast-schema-graph\">{\"@context\":\"https:\/\/schema.org\",\"@graph\":[{\"@type\":\"WebPage\",\"@id\":\"https:\/\/osaka.ma\/product\/pc-gamer-ryzen-5-5500-rtx-5060-16gb-ddr4-512gb-nvme\/\",\"url\":\"https:\/\/osaka.ma\/product\/pc-gamer-ryzen-5-5500-rtx-5060-16gb-ddr4-512gb-nvme\/\",\"name\":\"PC Gamer Ryzen 5 5500 avec RTX 5060 \u2013 Top Jeux 1080p - Osaka\",\"isPartOf\":{\"@id\":\"https:\/\/osaka.ma\/#website\"},\"primaryImageOfPage\":{\"@id\":\"https:\/\/osaka.ma\/product\/pc-gamer-ryzen-5-5500-rtx-5060-16gb-ddr4-512gb-nvme\/#primaryimage\"},\"image\":{\"@id\":\"https:\/\/osaka.ma\/product\/pc-gamer-ryzen-5-5500-rtx-5060-16gb-ddr4-512gb-nvme\/#primaryimage\"},\"thumbnailUrl\":\"https:\/\/osaka.ma\/wp-content\/uploads\/2025\/11\/PC-Gamer-Ryzen-5-7600X-avec-RTX-5060-et-32GB-DDR5.webp\",\"datePublished\":\"2025-11-19T11:12:41+00:00\",\"dateModified\":\"2026-01-16T10:13:59+00:00\",\"description\":\"D\u00e9couvrez le PC Gamer Ryzen 5 5500 avec RTX 5060 \u2013 Performance 1080p Accessible. Id\u00e9al pour les jeux r\u00e9cents et le multit\u00e2che, ne le manquez pas !\",\"breadcrumb\":{\"@id\":\"https:\/\/osaka.ma\/product\/pc-gamer-ryzen-5-5500-rtx-5060-16gb-ddr4-512gb-nvme\/#breadcrumb\"},\"inLanguage\":\"de-DE\",\"potentialAction\":[{\"@type\":\"ReadAction\",\"target\":[\"https:\/\/osaka.ma\/product\/pc-gamer-ryzen-5-5500-rtx-5060-16gb-ddr4-512gb-nvme\/\"]}]},{\"@type\":\"ImageObject\",\"inLanguage\":\"de-DE\",\"@id\":\"https:\/\/osaka.ma\/product\/pc-gamer-ryzen-5-5500-rtx-5060-16gb-ddr4-512gb-nvme\/#primaryimage\",\"url\":\"https:\/\/osaka.ma\/wp-content\/uploads\/2025\/11\/PC-Gamer-Ryzen-5-7600X-avec-RTX-5060-et-32GB-DDR5.webp\",\"contentUrl\":\"https:\/\/osaka.ma\/wp-content\/uploads\/2025\/11\/PC-Gamer-Ryzen-5-7600X-avec-RTX-5060-et-32GB-DDR5.webp\",\"width\":1280,\"height\":1280,\"caption\":\"PC Gamer Ryzen 7 5700X3D avec RTX 5060 Ti \u2013 Performance Gaming 3D V-Cache Optimis\u00e9e\"},{\"@type\":\"BreadcrumbList\",\"@id\":\"https:\/\/osaka.ma\/product\/pc-gamer-ryzen-5-5500-rtx-5060-16gb-ddr4-512gb-nvme\/#breadcrumb\",\"itemListElement\":[{\"@type\":\"ListItem\",\"position\":1,\"name\":\"Home\",\"item\":\"https:\/\/osaka.ma\/\"},{\"@type\":\"ListItem\",\"position\":2,\"name\":\"Shop\",\"item\":\"https:\/\/osaka.ma\/shop-2\/\"},{\"@type\":\"ListItem\",\"position\":3,\"name\":\"PC Gamer Ryzen 5 5500 | RTX 5060 | 16GB DDR4 | 512GB NVMe\"}]},{\"@type\":\"WebSite\",\"@id\":\"https:\/\/osaka.ma\/#website\",\"url\":\"https:\/\/osaka.ma\/\",\"name\":\"Osaka\",\"description\":\"\",\"publisher\":{\"@id\":\"https:\/\/osaka.ma\/#organization\"},\"potentialAction\":[{\"@type\":\"SearchAction\",\"target\":{\"@type\":\"EntryPoint\",\"urlTemplate\":\"https:\/\/osaka.ma\/?s={search_term_string}\"},\"query-input\":{\"@type\":\"PropertyValueSpecification\",\"valueRequired\":true,\"valueName\":\"search_term_string\"}}],\"inLanguage\":\"de-DE\"},{\"@type\":\"Organization\",\"@id\":\"https:\/\/osaka.ma\/#organization\",\"name\":\"Osaka\",\"url\":\"https:\/\/osaka.ma\/\",\"logo\":{\"@type\":\"ImageObject\",\"inLanguage\":\"de-DE\",\"@id\":\"https:\/\/osaka.ma\/#\/schema\/logo\/image\/\",\"url\":\"https:\/\/osaka.ma\/wp-content\/uploads\/2026\/01\/model-slogan-logo-2Plan-de-travail-1dksl-plus-finnn.png\",\"contentUrl\":\"https:\/\/osaka.ma\/wp-content\/uploads\/2026\/01\/model-slogan-logo-2Plan-de-travail-1dksl-plus-finnn.png\",\"width\":842,\"height\":226,\"caption\":\"Osaka\"},\"image\":{\"@id\":\"https:\/\/osaka.ma\/#\/schema\/logo\/image\/\"}}]}<\/script>\n<!-- \/ Yoast SEO plugin. -->","yoast_head_json":{"title":"PC Gamer Ryzen 5 5500 avec RTX 5060 \u2013 Top Jeux 1080p - Osaka","robots":{"index":"index","follow":"follow","max-snippet":"max-snippet:-1","max-image-preview":"max-image-preview:large","max-video-preview":"max-video-preview:-1"},"canonical":"https:\/\/osaka.ma\/product\/pc-gamer-ryzen-5-5500-rtx-5060-16gb-ddr4-512gb-nvme\/","og_locale":"de_DE","og_type":"article","og_title":"PC Gamer Ryzen 5 5500 | RTX 5060 | 16GB DDR4 | 512GB NVMe - Osaka","og_url":"https:\/\/osaka.ma\/product\/pc-gamer-ryzen-5-5500-rtx-5060-16gb-ddr4-512gb-nvme\/","og_site_name":"Osaka","article_modified_time":"2026-01-16T10:13:59+00:00","og_image":[{"width":1280,"height":1280,"url":"https:\/\/osaka.ma\/wp-content\/uploads\/2025\/11\/PC-Gamer-Ryzen-5-7600X-avec-RTX-5060-et-32GB-DDR5.webp","type":"image\/webp"}],"twitter_card":"summary_large_image","twitter_misc":{"Est. reading time":"3 minutes"},"schema":{"@context":"https:\/\/schema.org","@graph":[{"@type":"WebPage","@id":"https:\/\/osaka.ma\/product\/pc-gamer-ryzen-5-5500-rtx-5060-16gb-ddr4-512gb-nvme\/","url":"https:\/\/osaka.ma\/product\/pc-gamer-ryzen-5-5500-rtx-5060-16gb-ddr4-512gb-nvme\/","name":"PC Gamer Ryzen 5 5500 avec RTX 5060 \u2013 Top Jeux 1080p - Osaka","isPartOf":{"@id":"https:\/\/osaka.ma\/#website"},"primaryImageOfPage":{"@id":"https:\/\/osaka.ma\/product\/pc-gamer-ryzen-5-5500-rtx-5060-16gb-ddr4-512gb-nvme\/#primaryimage"},"image":{"@id":"https:\/\/osaka.ma\/product\/pc-gamer-ryzen-5-5500-rtx-5060-16gb-ddr4-512gb-nvme\/#primaryimage"},"thumbnailUrl":"https:\/\/osaka.ma\/wp-content\/uploads\/2025\/11\/PC-Gamer-Ryzen-5-7600X-avec-RTX-5060-et-32GB-DDR5.webp","datePublished":"2025-11-19T11:12:41+00:00","dateModified":"2026-01-16T10:13:59+00:00","description":"D\u00e9couvrez le PC Gamer Ryzen 5 5500 avec RTX 5060 \u2013 Performance 1080p Accessible. Id\u00e9al pour les jeux r\u00e9cents et le multit\u00e2che, ne le manquez pas !","breadcrumb":{"@id":"https:\/\/osaka.ma\/product\/pc-gamer-ryzen-5-5500-rtx-5060-16gb-ddr4-512gb-nvme\/#breadcrumb"},"inLanguage":"de-DE","potentialAction":[{"@type":"ReadAction","target":["https:\/\/osaka.ma\/product\/pc-gamer-ryzen-5-5500-rtx-5060-16gb-ddr4-512gb-nvme\/"]}]},{"@type":"ImageObject","inLanguage":"de-DE","@id":"https:\/\/osaka.ma\/product\/pc-gamer-ryzen-5-5500-rtx-5060-16gb-ddr4-512gb-nvme\/#primaryimage","url":"https:\/\/osaka.ma\/wp-content\/uploads\/2025\/11\/PC-Gamer-Ryzen-5-7600X-avec-RTX-5060-et-32GB-DDR5.webp","contentUrl":"https:\/\/osaka.ma\/wp-content\/uploads\/2025\/11\/PC-Gamer-Ryzen-5-7600X-avec-RTX-5060-et-32GB-DDR5.webp","width":1280,"height":1280,"caption":"PC Gamer Ryzen 7 5700X3D avec RTX 5060 Ti \u2013 Performance Gaming 3D V-Cache Optimis\u00e9e"},{"@type":"BreadcrumbList","@id":"https:\/\/osaka.ma\/product\/pc-gamer-ryzen-5-5500-rtx-5060-16gb-ddr4-512gb-nvme\/#breadcrumb","itemListElement":[{"@type":"ListItem","position":1,"name":"Home","item":"https:\/\/osaka.ma\/"},{"@type":"ListItem","position":2,"name":"Shop","item":"https:\/\/osaka.ma\/shop-2\/"},{"@type":"ListItem","position":3,"name":"PC Gamer Ryzen 5 5500 | RTX 5060 | 16GB DDR4 | 512GB NVMe"}]},{"@type":"WebSite","@id":"https:\/\/osaka.ma\/#website","url":"https:\/\/osaka.ma\/","name":"Osaka","description":"","publisher":{"@id":"https:\/\/osaka.ma\/#organization"},"potentialAction":[{"@type":"SearchAction","target":{"@type":"EntryPoint","urlTemplate":"https:\/\/osaka.ma\/?s={search_term_string}"},"query-input":{"@type":"PropertyValueSpecification","valueRequired":true,"valueName":"search_term_string"}}],"inLanguage":"de-DE"},{"@type":"Organization","@id":"https:\/\/osaka.ma\/#organization","name":"Osaka","url":"https:\/\/osaka.ma\/","logo":{"@type":"ImageObject","inLanguage":"de-DE","@id":"https:\/\/osaka.ma\/#\/schema\/logo\/image\/","url":"https:\/\/osaka.ma\/wp-content\/uploads\/2026\/01\/model-slogan-logo-2Plan-de-travail-1dksl-plus-finnn.png","contentUrl":"https:\/\/osaka.ma\/wp-content\/uploads\/2026\/01\/model-slogan-logo-2Plan-de-travail-1dksl-plus-finnn.png","width":842,"height":226,"caption":"Osaka"},"image":{"@id":"https:\/\/osaka.ma\/#\/schema\/logo\/image\/"}}]}},"jetpack_sharing_enabled":true,"brands":[],"_links":{"self":[{"href":"https:\/\/osaka.ma\/de\/wp-json\/wp\/v2\/product\/19182","targetHints":{"allow":["GET"]}}],"collection":[{"href":"https:\/\/osaka.ma\/de\/wp-json\/wp\/v2\/product"}],"about":[{"href":"https:\/\/osaka.ma\/de\/wp-json\/wp\/v2\/types\/product"}],"version-history":[{"count":0,"href":"https:\/\/osaka.ma\/de\/wp-json\/wp\/v2\/product\/19182\/revisions"}],"wp:featuredmedia":[{"embeddable":true,"href":"https:\/\/osaka.ma\/de\/wp-json\/wp\/v2\/media\/1019165"}],"wp:attachment":[{"href":"https:\/\/osaka.ma\/de\/wp-json\/wp\/v2\/media?parent=19182"}],"wp:term":[{"taxonomy":"pwb-brand","embeddable":true,"href":"https:\/\/osaka.ma\/de\/wp-json\/wp\/v2\/pwb-brand?post=19182"},{"taxonomy":"product_brand","embeddable":true,"href":"https:\/\/osaka.ma\/de\/wp-json\/wp\/v2\/product_brand?post=19182"},{"taxonomy":"product_cat","embeddable":true,"href":"https:\/\/osaka.ma\/de\/wp-json\/wp\/v2\/product_cat?post=19182"},{"taxonomy":"product_tag","embeddable":true,"href":"https:\/\/osaka.ma\/de\/wp-json\/wp\/v2\/product_tag?post=19182"},{"taxonomy":"pcb_component_type","embeddable":true,"href":"https:\/\/osaka.ma\/de\/wp-json\/wp\/v2\/pcb_component_type?post=19182"}],"curies":[{"name":"wp","href":"https:\/\/api.w.org\/{rel}","templated":true}]}}