{"id":5492,"date":"2023-08-19T19:55:04","date_gmt":"2023-08-19T19:55:04","guid":{"rendered":"https:\/\/osaka.ma\/?post_type=product&#038;p=5492"},"modified":"2025-04-26T15:22:35","modified_gmt":"2025-04-26T15:22:35","slug":"dxracer-dxr-2","status":"publish","type":"product","link":"https:\/\/osaka.ma\/de\/product\/dxracer-dxr-2\/","title":{"rendered":"DXRACER DXR 2"},"content":{"rendered":"<h3>Product Information<\/h3>\n<h2>Un si\u00e8ge gamer confortable et ajustable<\/h2>\n<p>Le <strong>si\u00e8ge gaming DxRacer DXR2\u00a0<\/strong>offre aux joueurs une position id\u00e9ale avec un design haut, un dossier inclinable, des accoudoirs 3D et la possibilit\u00e9 de r\u00e9gler la hauteur. Sa finition \u00e9l\u00e9gante en similicuir associe confort et esth\u00e9tisme pour le plus grand plaisir des amateurs de parties \u00e0 rallonge.Livr\u00e9 avec des\u00a0coussins pour la t\u00eate et les lombaires, ce mod\u00e8le poss\u00e8de toutes les qualit\u00e9s pour faire de votre station gaming un lieu de bien-\u00eatre agr\u00e9able.<\/p>\n<h2>CARACT\u00c9RISTIQUES PRINCIPALES :<\/h2>\n<ul>\n<li>Dossier haut et droit<\/li>\n<li>Ajustement jusqu\u2019\u00e0<strong>\u00a0135 degr\u00e9s<\/strong><\/li>\n<li><strong>Accoudoirs 3D ajustables<\/strong><\/li>\n<li><strong>Pied en aluminium noir<\/strong><\/li>\n<li><strong>V\u00e9rin de gaz pour ajuster la hauteur<\/strong><\/li>\n<li>Si\u00e8ge ajustable<\/li>\n<li>Taille recommand\u00e9e : 123 \u2013 133 cm<\/li>\n<li>Coussin appuie-t\u00eate ainsi que coussin lombaire inclus<\/li>\n<li><strong>Charge jusqu\u2019\u00e0 150 Kg<\/strong><\/li>\n<\/ul>\n","protected":false},"excerpt":{"rendered":"<div class=\"flex max-w-full flex-col flex-grow\">\n<div class=\"min-h-8 text-message flex w-full flex-col items-end gap-2 whitespace-normal break-words text-start [.text-message+&amp;]:mt-5\" dir=\"auto\" data-message-author-role=\"assistant\" data-message-id=\"188bb48d-559e-40db-8d10-f21f7a3cea11\" data-message-model-slug=\"gpt-4o\">\n<div class=\"flex w-full flex-col gap-1 empty:hidden first:pt-[3px]\">\n<div class=\"markdown prose w-full break-words dark:prose-invert light\">\n<p>Le <strong>si\u00e8ge gaming DxRacer DXR2<\/strong> offre un confort optimal et des ajustements personnalis\u00e9s gr\u00e2ce \u00e0 son dossier inclinable jusqu\u2019\u00e0 135\u00b0, ses accoudoirs 3D et son si\u00e8ge r\u00e9glable en hauteur. Avec une finition en similicuir \u00e9l\u00e9gante et des coussins inclus pour la t\u00eate et les lombaires, il allie confort et style pour les longues sessions de jeu. Id\u00e9al pour les gamers, il supporte jusqu\u2019\u00e0 150 kg et garantit une exp\u00e9rience de jeu agr\u00e9able et ergonomique.<\/p>\n<\/div>\n<\/div>\n<\/div>\n<\/div>\n","protected":false},"featured_media":1005507,"template":"","meta":{"_acf_changed":false},"pwb-brand":[],"product_brand":[],"product_cat":[31,43],"product_tag":[],"pcb_component_type":[],"class_list":{"0":"post-5492","1":"product","2":"type-product","3":"status-publish","4":"has-post-thumbnail","6":"product_cat-accessoires","7":"product_cat-chaises","9":"first","10":"outofstock","11":"shipping-taxable","12":"purchasable","13":"product-type-simple"},"translation":{"provider":"WPGlobus","version":"3.0.2","language":"de","enabled_languages":["en","es","de","fr","ru"],"languages":{"en":{"title":true,"content":true,"excerpt":true},"es":{"title":false,"content":false,"excerpt":false},"de":{"title":false,"content":false,"excerpt":false},"fr":{"title":false,"content":false,"excerpt":false},"ru":{"title":false,"content":false,"excerpt":false}}},"acf":[],"yoast_head":"<!-- This site is optimized with the Yoast SEO plugin v27.2 - https:\/\/yoast.com\/product\/yoast-seo-wordpress\/ -->\n<title>DXRACER DXR 2 - Osaka<\/title>\n<meta name=\"robots\" content=\"index, follow, max-snippet:-1, max-image-preview:large, max-video-preview:-1\" \/>\n<link rel=\"canonical\" href=\"https:\/\/osaka.ma\/de\/product\/dxracer-dxr-2\/\" \/>\n<meta property=\"og:locale\" content=\"de_DE\" \/>\n<meta property=\"og:type\" content=\"article\" \/>\n<meta property=\"og:title\" content=\"DXRACER DXR 2 - Osaka\" \/>\n<meta property=\"og:url\" content=\"https:\/\/osaka.ma\/de\/product\/dxracer-dxr-2\/\" \/>\n<meta property=\"og:site_name\" content=\"Osaka\" \/>\n<meta property=\"article:modified_time\" content=\"2025-04-26T15:22:35+00:00\" \/>\n<meta property=\"og:image\" content=\"https:\/\/osaka.ma\/wp-content\/uploads\/2023\/08\/1685646778.jpg\" \/>\n\t<meta property=\"og:image:width\" content=\"1164\" \/>\n\t<meta property=\"og:image:height\" content=\"1164\" \/>\n\t<meta property=\"og:image:type\" content=\"image\/jpeg\" \/>\n<meta name=\"twitter:card\" content=\"summary_large_image\" \/>\n<meta name=\"twitter:label1\" content=\"Est. reading time\" \/>\n\t<meta name=\"twitter:data1\" content=\"1 minute\" \/>\n<script type=\"application\/ld+json\" class=\"yoast-schema-graph\">{\"@context\":\"https:\/\/schema.org\",\"@graph\":[{\"@type\":\"WebPage\",\"@id\":\"https:\/\/osaka.ma\/de\/product\/dxracer-dxr-2\/\",\"url\":\"https:\/\/osaka.ma\/de\/product\/dxracer-dxr-2\/\",\"name\":\"DXRACER DXR 2 - Osaka\",\"isPartOf\":{\"@id\":\"https:\/\/osaka.ma\/#website\"},\"primaryImageOfPage\":{\"@id\":\"https:\/\/osaka.ma\/de\/product\/dxracer-dxr-2\/#primaryimage\"},\"image\":{\"@id\":\"https:\/\/osaka.ma\/de\/product\/dxracer-dxr-2\/#primaryimage\"},\"thumbnailUrl\":\"https:\/\/osaka.ma\/wp-content\/uploads\/2023\/08\/1685646778.jpg\",\"datePublished\":\"2023-08-19T19:55:04+00:00\",\"dateModified\":\"2025-04-26T15:22:35+00:00\",\"description\":\"Vous cherchez un si\u00e8ge DxRacer DXR2 pour votre PC Gamer ? D\u00e9couvrez Osaka, le num\u00e9ro 1 du Gaming au Maroc, avec livraison dans tout le pays.\",\"breadcrumb\":{\"@id\":\"https:\/\/osaka.ma\/de\/product\/dxracer-dxr-2\/#breadcrumb\"},\"inLanguage\":\"de-DE\",\"potentialAction\":[{\"@type\":\"ReadAction\",\"target\":[\"https:\/\/osaka.ma\/de\/product\/dxracer-dxr-2\/\"]}]},{\"@type\":\"ImageObject\",\"inLanguage\":\"de-DE\",\"@id\":\"https:\/\/osaka.ma\/de\/product\/dxracer-dxr-2\/#primaryimage\",\"url\":\"https:\/\/osaka.ma\/wp-content\/uploads\/2023\/08\/1685646778.jpg\",\"contentUrl\":\"https:\/\/osaka.ma\/wp-content\/uploads\/2023\/08\/1685646778.jpg\",\"width\":1164,\"height\":1164,\"caption\":\"si\u00e8ge gaming DxRacer DXR2\u00a0\"},{\"@type\":\"BreadcrumbList\",\"@id\":\"https:\/\/osaka.ma\/de\/product\/dxracer-dxr-2\/#breadcrumb\",\"itemListElement\":[{\"@type\":\"ListItem\",\"position\":1,\"name\":\"Home\",\"item\":\"https:\/\/osaka.ma\/\"},{\"@type\":\"ListItem\",\"position\":2,\"name\":\"Shop\",\"item\":\"https:\/\/osaka.ma\/shop-2\/\"},{\"@type\":\"ListItem\",\"position\":3,\"name\":\"DXRACER DXR 2\"}]},{\"@type\":\"WebSite\",\"@id\":\"https:\/\/osaka.ma\/#website\",\"url\":\"https:\/\/osaka.ma\/\",\"name\":\"Osaka\",\"description\":\"\",\"publisher\":{\"@id\":\"https:\/\/osaka.ma\/#organization\"},\"potentialAction\":[{\"@type\":\"SearchAction\",\"target\":{\"@type\":\"EntryPoint\",\"urlTemplate\":\"https:\/\/osaka.ma\/?s={search_term_string}\"},\"query-input\":{\"@type\":\"PropertyValueSpecification\",\"valueRequired\":true,\"valueName\":\"search_term_string\"}}],\"inLanguage\":\"de-DE\"},{\"@type\":\"Organization\",\"@id\":\"https:\/\/osaka.ma\/#organization\",\"name\":\"Osaka\",\"url\":\"https:\/\/osaka.ma\/\",\"logo\":{\"@type\":\"ImageObject\",\"inLanguage\":\"de-DE\",\"@id\":\"https:\/\/osaka.ma\/#\/schema\/logo\/image\/\",\"url\":\"https:\/\/osaka.ma\/wp-content\/uploads\/2026\/01\/model-slogan-logo-2Plan-de-travail-1dksl-plus-finnn.png\",\"contentUrl\":\"https:\/\/osaka.ma\/wp-content\/uploads\/2026\/01\/model-slogan-logo-2Plan-de-travail-1dksl-plus-finnn.png\",\"width\":842,\"height\":226,\"caption\":\"Osaka\"},\"image\":{\"@id\":\"https:\/\/osaka.ma\/#\/schema\/logo\/image\/\"}}]}<\/script>\n<!-- \/ Yoast SEO plugin. -->","yoast_head_json":{"title":"DXRACER DXR 2 - Osaka","robots":{"index":"index","follow":"follow","max-snippet":"max-snippet:-1","max-image-preview":"max-image-preview:large","max-video-preview":"max-video-preview:-1"},"canonical":"https:\/\/osaka.ma\/de\/product\/dxracer-dxr-2\/","og_locale":"de_DE","og_type":"article","og_title":"DXRACER DXR 2 - Osaka","og_url":"https:\/\/osaka.ma\/de\/product\/dxracer-dxr-2\/","og_site_name":"Osaka","article_modified_time":"2025-04-26T15:22:35+00:00","og_image":[{"width":1164,"height":1164,"url":"https:\/\/osaka.ma\/wp-content\/uploads\/2023\/08\/1685646778.jpg","type":"image\/jpeg"}],"twitter_card":"summary_large_image","twitter_misc":{"Est. reading time":"1 minute"},"schema":{"@context":"https:\/\/schema.org","@graph":[{"@type":"WebPage","@id":"https:\/\/osaka.ma\/de\/product\/dxracer-dxr-2\/","url":"https:\/\/osaka.ma\/de\/product\/dxracer-dxr-2\/","name":"DXRACER DXR 2 - Osaka","isPartOf":{"@id":"https:\/\/osaka.ma\/#website"},"primaryImageOfPage":{"@id":"https:\/\/osaka.ma\/de\/product\/dxracer-dxr-2\/#primaryimage"},"image":{"@id":"https:\/\/osaka.ma\/de\/product\/dxracer-dxr-2\/#primaryimage"},"thumbnailUrl":"https:\/\/osaka.ma\/wp-content\/uploads\/2023\/08\/1685646778.jpg","datePublished":"2023-08-19T19:55:04+00:00","dateModified":"2025-04-26T15:22:35+00:00","description":"Vous cherchez un si\u00e8ge DxRacer DXR2 pour votre PC Gamer ? D\u00e9couvrez Osaka, le num\u00e9ro 1 du Gaming au Maroc, avec livraison dans tout le pays.","breadcrumb":{"@id":"https:\/\/osaka.ma\/de\/product\/dxracer-dxr-2\/#breadcrumb"},"inLanguage":"de-DE","potentialAction":[{"@type":"ReadAction","target":["https:\/\/osaka.ma\/de\/product\/dxracer-dxr-2\/"]}]},{"@type":"ImageObject","inLanguage":"de-DE","@id":"https:\/\/osaka.ma\/de\/product\/dxracer-dxr-2\/#primaryimage","url":"https:\/\/osaka.ma\/wp-content\/uploads\/2023\/08\/1685646778.jpg","contentUrl":"https:\/\/osaka.ma\/wp-content\/uploads\/2023\/08\/1685646778.jpg","width":1164,"height":1164,"caption":"si\u00e8ge gaming DxRacer DXR2\u00a0"},{"@type":"BreadcrumbList","@id":"https:\/\/osaka.ma\/de\/product\/dxracer-dxr-2\/#breadcrumb","itemListElement":[{"@type":"ListItem","position":1,"name":"Home","item":"https:\/\/osaka.ma\/"},{"@type":"ListItem","position":2,"name":"Shop","item":"https:\/\/osaka.ma\/shop-2\/"},{"@type":"ListItem","position":3,"name":"DXRACER DXR 2"}]},{"@type":"WebSite","@id":"https:\/\/osaka.ma\/#website","url":"https:\/\/osaka.ma\/","name":"Osaka","description":"","publisher":{"@id":"https:\/\/osaka.ma\/#organization"},"potentialAction":[{"@type":"SearchAction","target":{"@type":"EntryPoint","urlTemplate":"https:\/\/osaka.ma\/?s={search_term_string}"},"query-input":{"@type":"PropertyValueSpecification","valueRequired":true,"valueName":"search_term_string"}}],"inLanguage":"de-DE"},{"@type":"Organization","@id":"https:\/\/osaka.ma\/#organization","name":"Osaka","url":"https:\/\/osaka.ma\/","logo":{"@type":"ImageObject","inLanguage":"de-DE","@id":"https:\/\/osaka.ma\/#\/schema\/logo\/image\/","url":"https:\/\/osaka.ma\/wp-content\/uploads\/2026\/01\/model-slogan-logo-2Plan-de-travail-1dksl-plus-finnn.png","contentUrl":"https:\/\/osaka.ma\/wp-content\/uploads\/2026\/01\/model-slogan-logo-2Plan-de-travail-1dksl-plus-finnn.png","width":842,"height":226,"caption":"Osaka"},"image":{"@id":"https:\/\/osaka.ma\/#\/schema\/logo\/image\/"}}]}},"jetpack_sharing_enabled":true,"brands":[],"_links":{"self":[{"href":"https:\/\/osaka.ma\/de\/wp-json\/wp\/v2\/product\/5492","targetHints":{"allow":["GET"]}}],"collection":[{"href":"https:\/\/osaka.ma\/de\/wp-json\/wp\/v2\/product"}],"about":[{"href":"https:\/\/osaka.ma\/de\/wp-json\/wp\/v2\/types\/product"}],"version-history":[{"count":0,"href":"https:\/\/osaka.ma\/de\/wp-json\/wp\/v2\/product\/5492\/revisions"}],"wp:featuredmedia":[{"embeddable":true,"href":"https:\/\/osaka.ma\/de\/wp-json\/wp\/v2\/media\/1005507"}],"wp:attachment":[{"href":"https:\/\/osaka.ma\/de\/wp-json\/wp\/v2\/media?parent=5492"}],"wp:term":[{"taxonomy":"pwb-brand","embeddable":true,"href":"https:\/\/osaka.ma\/de\/wp-json\/wp\/v2\/pwb-brand?post=5492"},{"taxonomy":"product_brand","embeddable":true,"href":"https:\/\/osaka.ma\/de\/wp-json\/wp\/v2\/product_brand?post=5492"},{"taxonomy":"product_cat","embeddable":true,"href":"https:\/\/osaka.ma\/de\/wp-json\/wp\/v2\/product_cat?post=5492"},{"taxonomy":"product_tag","embeddable":true,"href":"https:\/\/osaka.ma\/de\/wp-json\/wp\/v2\/product_tag?post=5492"},{"taxonomy":"pcb_component_type","embeddable":true,"href":"https:\/\/osaka.ma\/de\/wp-json\/wp\/v2\/pcb_component_type?post=5492"}],"curies":[{"name":"wp","href":"https:\/\/api.w.org\/{rel}","templated":true}]}}