{"id":5500,"date":"2023-08-19T19:50:28","date_gmt":"2023-08-19T19:50:28","guid":{"rendered":"https:\/\/osaka.ma\/?post_type=product&#038;p=5500"},"modified":"2025-04-26T15:24:43","modified_gmt":"2025-04-26T15:24:43","slug":"furgle-chaise-gaming","status":"publish","type":"product","link":"https:\/\/osaka.ma\/de\/product\/furgle-chaise-gaming\/","title":{"rendered":"Furgle Chaise Gaming"},"content":{"rendered":"<h3>Product Information<\/h3>\n<h2><strong>Furgle-Chaise de jeu mise \u00e0 niveau si\u00e8ge de course ex\u00e9cutif en cuir PU plus \u00e9pais \u00e0 hauteur r\u00e9glable,blanc-rouge,stock de l\u2019UE<\/strong><\/h2>\n<h3>Furgle \u2013 Chaise de jeu<\/h3>\n<p>Chaise de jeu ergonomique Furgle, tous les composants r\u00e9pondent aux sp\u00e9cifications les plus \u00e9lev\u00e9es de l\u2019industrie et sont conformes aux normes europ\u00e9ennes et am\u00e9ricaines et \u00e0 la certification SGS.<br \/>\nUtilisation d\u2019une \u00e9ponge en mousse super r\u00e9sistante, d\u2019un cuir PU r\u00e9sistant \u00e0 l\u2019usure et d\u2019un squelette en acier \u00e0 haute r\u00e9sistance d\u2019un diam\u00e8tre de 22 mm.<br \/>\nPar rapport \u00e0 la plupart des chaises de jeu remplies d\u2019\u00e9pissage d\u2019\u00e9ponge de ferraille, nous utilisons un remplissage d\u2019\u00e9ponge de haute qualit\u00e9 int\u00e9gr\u00e9 et complet pour maintenir une exp\u00e9rience d\u2019utilisation confortable \u00e0 long terme,<br \/>\net il n\u2019y a pas besoin de s\u2019inqui\u00e9ter de la pollution chimique caus\u00e9e par l\u2019\u00e9pissage des \u00e9ponges \u00e0 d\u00e9bris, qui affecte la sant\u00e9 et est rentable. Exp\u00e9rience de grand confort.<\/p>\n<h4>+ produit<\/h4>\n<p><img decoding=\"async\" src=\"https:\/\/boostit.cdiscount.com\/wp-content\/uploads\/2021\/09\/04-%E7%BB%86%E8%8A%822-1.jpg?w=300\" alt=\"\" \/><\/p>\n<p>Coussin amovible : \u00e9ponge en mousse de formage de moules haute densit\u00e9 ; Appuie-t\u00eate et support lombaire ergonomiques; Confortable et doux, parfait pour d\u00e9tendre votre cou et votre taille.<\/p>\n<p><img decoding=\"async\" src=\"https:\/\/boostit.cdiscount.com\/wp-content\/uploads\/2021\/09\/03-%E7%BB%86%E8%8A%821-1.jpg?w=300\" alt=\"\" \/><\/p>\n<p>Si\u00e8ge anti-effondrement : cadre en m\u00e9tal robuste renforc\u00e9 ; \u00c9ponge anti-effondrement dont la densit\u00e9 est 50 % plus \u00e9lev\u00e9e que l\u2019\u00e9ponge courante utilis\u00e9e sur les fauteuils gamer du march\u00e9 (45g\/cm\u00b3 vs 30g\/cm\u00b3). l\u2019ensemble de la chaise convient aux personnes pesant moins de 300 lb.<\/p>\n<p><img decoding=\"async\" src=\"https:\/\/boostit.cdiscount.com\/wp-content\/uploads\/2021\/09\/06-%E7%BB%86%E8%8A%824-1.jpg?w=300\" alt=\"\" \/><\/p>\n<p>Fonctions r\u00e9glables\u00a0: dossier inclinable de 90\u00a0\u00b0 \u00e0 180\u00a0\u00b0 , Le r\u00e9glage de la hauteur du si\u00e8ge de 8 cm rend la chaise parfaite. Trouvez votre position confortable avec le r\u00e9glage de la hauteur et la fonction de bascule.<\/p>\n<p><img decoding=\"async\" src=\"https:\/\/boostit.cdiscount.com\/wp-content\/uploads\/2021\/09\/08-%E7%BB%86%E8%8A%826-1.jpg?w=300\" alt=\"\" \/><\/p>\n<p>Une base chrom\u00e9e \u00e9l\u00e9gante avec des roulettes certifi\u00e9es TUV,\u00a0Roulettes pivotantes \u00e0 360 degr\u00e9s lisses et silencieuses : 100 000 test de roulement, protection antid\u00e9rapante et du sol.<\/p>\n<p><img decoding=\"async\" src=\"https:\/\/boostit.cdiscount.com\/wp-content\/uploads\/2021\/09\/05-%E7%BB%86%E8%8A%823-1.jpg?w=300\" alt=\"\" \/><\/p>\n<p>Utilisez un cuir PU plus \u00e9pais, plus doux et r\u00e9sistant \u00e0 l\u2019hydrolyse et \u00e0 l\u2019oxydation. La haute densit\u00e9 rebondit bien, plus douce de l\u2019\u00e9ponge. Les coutures de la chaise sont claires et conformes \u00e0 la norme.<\/p>\n<p><img decoding=\"async\" src=\"https:\/\/boostit.cdiscount.com\/wp-content\/uploads\/2021\/09\/07-%E7%BB%86%E8%8A%825-1.jpg?w=300\" alt=\"\" \/><\/p>\n<p>Ascenseur \u00e0 gaz SGS niveau 4\u00a0: avec marque de partie autoris\u00e9e pour retracer la fabrication\u00a0; Azote pur plus \u00e9lev\u00e9\u00a0; Cylindre plus \u00e9pais am\u00e9lior\u00e9.<\/p>\n<h4>Caract\u00e9ristiques<\/h4>\n<p><img decoding=\"async\" src=\"https:\/\/boostit.cdiscount.com\/wp-content\/uploads\/2021\/09\/02-%E9%85%8D%E4%BB%B6%E5%9B%BE300x300%E7%99%BD%E9%BB%91.jpg?w=300\" alt=\"\" \/><\/p>\n<ul>\n<li>Material: PU Leather<\/li>\n<li>Overall Size: 22\u2033 L x 21\u2033 W x (48\u00a0\u00bb-52\u2033 )H<\/li>\n<li>Back Size: 21\u2033 W x 32\u2033 H<\/li>\n<li>Seat Size:22\u00a0\u00bb L x 21\u2033 W<\/li>\n<li>Height from ground to seat: 20\u2033-22.6\u00a0\u00bb<\/li>\n<li>Ascenseur \u00e0 gaz SGS niveau 4<\/li>\n<\/ul>\n","protected":false},"excerpt":{"rendered":"<p>Product Information Furgle-Chaise de jeu mise \u00e0 niveau si\u00e8ge de course ex\u00e9cutif en cuir PU plus \u00e9pais \u00e0 hauteur r\u00e9glable,blanc-rouge,stock de l\u2019UE Furgle \u2013 Chaise de jeu Chaise de jeu<\/p>\n","protected":false},"featured_media":1005501,"template":"","meta":{"_acf_changed":false},"pwb-brand":[],"product_brand":[],"product_cat":[31,43],"product_tag":[],"pcb_component_type":[],"class_list":{"0":"post-5500","1":"product","2":"type-product","3":"status-publish","4":"has-post-thumbnail","6":"product_cat-accessoires","7":"product_cat-chaises","9":"first","10":"outofstock","11":"shipping-taxable","12":"product-type-simple"},"translation":{"provider":"WPGlobus","version":"3.0.2","language":"de","enabled_languages":["en","es","de","fr","ru"],"languages":{"en":{"title":true,"content":true,"excerpt":false},"es":{"title":false,"content":false,"excerpt":false},"de":{"title":false,"content":false,"excerpt":false},"fr":{"title":false,"content":false,"excerpt":false},"ru":{"title":false,"content":false,"excerpt":false}}},"acf":[],"yoast_head":"<!-- This site is optimized with the Yoast SEO plugin v27.2 - https:\/\/yoast.com\/product\/yoast-seo-wordpress\/ -->\n<title>Furgle Chaise Gaming - Osaka<\/title>\n<meta name=\"robots\" content=\"index, follow, max-snippet:-1, max-image-preview:large, max-video-preview:-1\" \/>\n<link rel=\"canonical\" href=\"https:\/\/osaka.ma\/fr\/product\/furgle-chaise-gaming\/\" \/>\n<meta property=\"og:locale\" content=\"de_DE\" \/>\n<meta property=\"og:type\" content=\"article\" \/>\n<meta property=\"og:title\" content=\"Furgle Chaise Gaming - Osaka\" \/>\n<meta property=\"og:url\" content=\"https:\/\/osaka.ma\/fr\/product\/furgle-chaise-gaming\/\" \/>\n<meta property=\"og:site_name\" content=\"Osaka\" \/>\n<meta property=\"article:modified_time\" content=\"2025-04-26T15:24:43+00:00\" \/>\n<meta property=\"og:image\" content=\"https:\/\/osaka.ma\/wp-content\/uploads\/2023\/08\/1685779141.jpg\" \/>\n\t<meta property=\"og:image:width\" content=\"1500\" \/>\n\t<meta property=\"og:image:height\" content=\"1500\" \/>\n\t<meta property=\"og:image:type\" content=\"image\/jpeg\" \/>\n<meta name=\"twitter:card\" content=\"summary_large_image\" \/>\n<meta name=\"twitter:label1\" content=\"Est. reading time\" \/>\n\t<meta name=\"twitter:data1\" content=\"4 minutes\" \/>\n<script type=\"application\/ld+json\" class=\"yoast-schema-graph\">{\"@context\":\"https:\/\/schema.org\",\"@graph\":[{\"@type\":\"WebPage\",\"@id\":\"https:\/\/osaka.ma\/fr\/product\/furgle-chaise-gaming\/\",\"url\":\"https:\/\/osaka.ma\/fr\/product\/furgle-chaise-gaming\/\",\"name\":\"Furgle Chaise Gaming - Osaka\",\"isPartOf\":{\"@id\":\"https:\/\/osaka.ma\/#website\"},\"primaryImageOfPage\":{\"@id\":\"https:\/\/osaka.ma\/fr\/product\/furgle-chaise-gaming\/#primaryimage\"},\"image\":{\"@id\":\"https:\/\/osaka.ma\/fr\/product\/furgle-chaise-gaming\/#primaryimage\"},\"thumbnailUrl\":\"https:\/\/osaka.ma\/wp-content\/uploads\/2023\/08\/1685779141.jpg\",\"datePublished\":\"2023-08-19T19:50:28+00:00\",\"dateModified\":\"2025-04-26T15:24:43+00:00\",\"breadcrumb\":{\"@id\":\"https:\/\/osaka.ma\/fr\/product\/furgle-chaise-gaming\/#breadcrumb\"},\"inLanguage\":\"de-DE\",\"potentialAction\":[{\"@type\":\"ReadAction\",\"target\":[\"https:\/\/osaka.ma\/fr\/product\/furgle-chaise-gaming\/\"]}]},{\"@type\":\"ImageObject\",\"inLanguage\":\"de-DE\",\"@id\":\"https:\/\/osaka.ma\/fr\/product\/furgle-chaise-gaming\/#primaryimage\",\"url\":\"https:\/\/osaka.ma\/wp-content\/uploads\/2023\/08\/1685779141.jpg\",\"contentUrl\":\"https:\/\/osaka.ma\/wp-content\/uploads\/2023\/08\/1685779141.jpg\",\"width\":1500,\"height\":1500},{\"@type\":\"BreadcrumbList\",\"@id\":\"https:\/\/osaka.ma\/fr\/product\/furgle-chaise-gaming\/#breadcrumb\",\"itemListElement\":[{\"@type\":\"ListItem\",\"position\":1,\"name\":\"Home\",\"item\":\"https:\/\/osaka.ma\/\"},{\"@type\":\"ListItem\",\"position\":2,\"name\":\"Shop\",\"item\":\"https:\/\/osaka.ma\/shop-2\/\"},{\"@type\":\"ListItem\",\"position\":3,\"name\":\"Furgle Chaise Gaming\"}]},{\"@type\":\"WebSite\",\"@id\":\"https:\/\/osaka.ma\/#website\",\"url\":\"https:\/\/osaka.ma\/\",\"name\":\"Osaka\",\"description\":\"\",\"publisher\":{\"@id\":\"https:\/\/osaka.ma\/#organization\"},\"potentialAction\":[{\"@type\":\"SearchAction\",\"target\":{\"@type\":\"EntryPoint\",\"urlTemplate\":\"https:\/\/osaka.ma\/?s={search_term_string}\"},\"query-input\":{\"@type\":\"PropertyValueSpecification\",\"valueRequired\":true,\"valueName\":\"search_term_string\"}}],\"inLanguage\":\"de-DE\"},{\"@type\":\"Organization\",\"@id\":\"https:\/\/osaka.ma\/#organization\",\"name\":\"Osaka\",\"url\":\"https:\/\/osaka.ma\/\",\"logo\":{\"@type\":\"ImageObject\",\"inLanguage\":\"de-DE\",\"@id\":\"https:\/\/osaka.ma\/#\/schema\/logo\/image\/\",\"url\":\"https:\/\/osaka.ma\/wp-content\/uploads\/2026\/01\/model-slogan-logo-2Plan-de-travail-1dksl-plus-finnn.png\",\"contentUrl\":\"https:\/\/osaka.ma\/wp-content\/uploads\/2026\/01\/model-slogan-logo-2Plan-de-travail-1dksl-plus-finnn.png\",\"width\":842,\"height\":226,\"caption\":\"Osaka\"},\"image\":{\"@id\":\"https:\/\/osaka.ma\/#\/schema\/logo\/image\/\"}}]}<\/script>\n<!-- \/ Yoast SEO plugin. -->","yoast_head_json":{"title":"Furgle Chaise Gaming - Osaka","robots":{"index":"index","follow":"follow","max-snippet":"max-snippet:-1","max-image-preview":"max-image-preview:large","max-video-preview":"max-video-preview:-1"},"canonical":"https:\/\/osaka.ma\/fr\/product\/furgle-chaise-gaming\/","og_locale":"de_DE","og_type":"article","og_title":"Furgle Chaise Gaming - Osaka","og_url":"https:\/\/osaka.ma\/fr\/product\/furgle-chaise-gaming\/","og_site_name":"Osaka","article_modified_time":"2025-04-26T15:24:43+00:00","og_image":[{"width":1500,"height":1500,"url":"https:\/\/osaka.ma\/wp-content\/uploads\/2023\/08\/1685779141.jpg","type":"image\/jpeg"}],"twitter_card":"summary_large_image","twitter_misc":{"Est. reading time":"4 minutes"},"schema":{"@context":"https:\/\/schema.org","@graph":[{"@type":"WebPage","@id":"https:\/\/osaka.ma\/fr\/product\/furgle-chaise-gaming\/","url":"https:\/\/osaka.ma\/fr\/product\/furgle-chaise-gaming\/","name":"Furgle Chaise Gaming - Osaka","isPartOf":{"@id":"https:\/\/osaka.ma\/#website"},"primaryImageOfPage":{"@id":"https:\/\/osaka.ma\/fr\/product\/furgle-chaise-gaming\/#primaryimage"},"image":{"@id":"https:\/\/osaka.ma\/fr\/product\/furgle-chaise-gaming\/#primaryimage"},"thumbnailUrl":"https:\/\/osaka.ma\/wp-content\/uploads\/2023\/08\/1685779141.jpg","datePublished":"2023-08-19T19:50:28+00:00","dateModified":"2025-04-26T15:24:43+00:00","breadcrumb":{"@id":"https:\/\/osaka.ma\/fr\/product\/furgle-chaise-gaming\/#breadcrumb"},"inLanguage":"de-DE","potentialAction":[{"@type":"ReadAction","target":["https:\/\/osaka.ma\/fr\/product\/furgle-chaise-gaming\/"]}]},{"@type":"ImageObject","inLanguage":"de-DE","@id":"https:\/\/osaka.ma\/fr\/product\/furgle-chaise-gaming\/#primaryimage","url":"https:\/\/osaka.ma\/wp-content\/uploads\/2023\/08\/1685779141.jpg","contentUrl":"https:\/\/osaka.ma\/wp-content\/uploads\/2023\/08\/1685779141.jpg","width":1500,"height":1500},{"@type":"BreadcrumbList","@id":"https:\/\/osaka.ma\/fr\/product\/furgle-chaise-gaming\/#breadcrumb","itemListElement":[{"@type":"ListItem","position":1,"name":"Home","item":"https:\/\/osaka.ma\/"},{"@type":"ListItem","position":2,"name":"Shop","item":"https:\/\/osaka.ma\/shop-2\/"},{"@type":"ListItem","position":3,"name":"Furgle Chaise Gaming"}]},{"@type":"WebSite","@id":"https:\/\/osaka.ma\/#website","url":"https:\/\/osaka.ma\/","name":"Osaka","description":"","publisher":{"@id":"https:\/\/osaka.ma\/#organization"},"potentialAction":[{"@type":"SearchAction","target":{"@type":"EntryPoint","urlTemplate":"https:\/\/osaka.ma\/?s={search_term_string}"},"query-input":{"@type":"PropertyValueSpecification","valueRequired":true,"valueName":"search_term_string"}}],"inLanguage":"de-DE"},{"@type":"Organization","@id":"https:\/\/osaka.ma\/#organization","name":"Osaka","url":"https:\/\/osaka.ma\/","logo":{"@type":"ImageObject","inLanguage":"de-DE","@id":"https:\/\/osaka.ma\/#\/schema\/logo\/image\/","url":"https:\/\/osaka.ma\/wp-content\/uploads\/2026\/01\/model-slogan-logo-2Plan-de-travail-1dksl-plus-finnn.png","contentUrl":"https:\/\/osaka.ma\/wp-content\/uploads\/2026\/01\/model-slogan-logo-2Plan-de-travail-1dksl-plus-finnn.png","width":842,"height":226,"caption":"Osaka"},"image":{"@id":"https:\/\/osaka.ma\/#\/schema\/logo\/image\/"}}]}},"jetpack_sharing_enabled":true,"brands":[],"_links":{"self":[{"href":"https:\/\/osaka.ma\/de\/wp-json\/wp\/v2\/product\/5500","targetHints":{"allow":["GET"]}}],"collection":[{"href":"https:\/\/osaka.ma\/de\/wp-json\/wp\/v2\/product"}],"about":[{"href":"https:\/\/osaka.ma\/de\/wp-json\/wp\/v2\/types\/product"}],"version-history":[{"count":0,"href":"https:\/\/osaka.ma\/de\/wp-json\/wp\/v2\/product\/5500\/revisions"}],"wp:featuredmedia":[{"embeddable":true,"href":"https:\/\/osaka.ma\/de\/wp-json\/wp\/v2\/media\/1005501"}],"wp:attachment":[{"href":"https:\/\/osaka.ma\/de\/wp-json\/wp\/v2\/media?parent=5500"}],"wp:term":[{"taxonomy":"pwb-brand","embeddable":true,"href":"https:\/\/osaka.ma\/de\/wp-json\/wp\/v2\/pwb-brand?post=5500"},{"taxonomy":"product_brand","embeddable":true,"href":"https:\/\/osaka.ma\/de\/wp-json\/wp\/v2\/product_brand?post=5500"},{"taxonomy":"product_cat","embeddable":true,"href":"https:\/\/osaka.ma\/de\/wp-json\/wp\/v2\/product_cat?post=5500"},{"taxonomy":"product_tag","embeddable":true,"href":"https:\/\/osaka.ma\/de\/wp-json\/wp\/v2\/product_tag?post=5500"},{"taxonomy":"pcb_component_type","embeddable":true,"href":"https:\/\/osaka.ma\/de\/wp-json\/wp\/v2\/pcb_component_type?post=5500"}],"curies":[{"name":"wp","href":"https:\/\/api.w.org\/{rel}","templated":true}]}}