{"id":5871,"date":"2023-09-06T11:08:37","date_gmt":"2023-09-06T11:08:37","guid":{"rendered":"https:\/\/osaka.ma\/?post_type=product&#038;p=5871"},"modified":"2025-03-28T15:46:26","modified_gmt":"2025-03-28T15:46:26","slug":"amd-ryzen-3-4100-3-8-ghz-4-0-ghz","status":"publish","type":"product","link":"https:\/\/osaka.ma\/de\/product\/amd-ryzen-3-4100-3-8-ghz-4-0-ghz\/","title":{"rendered":"AMD Ryzen 3 4100 (3.8 GHz \/ 4.0 GHz) Tray"},"content":{"rendered":"<div class=\"electro-description clearfix\">\n<h2 class=\"h2-master\">AMD Ryzen 3 4100<\/h2>\n<p>Le\u00a0<strong>processeur pour PC de bureau et pc gamer AMD Ryzen 3 4100<\/strong>\u00a0est bas\u00e9 sur l\u2019<strong>architecture AMD Zen 2<\/strong>. Il int\u00e8gre\u00a0<strong>4 coeurs physiques<\/strong>\u00a0+<strong>\u00a08 coeurs logiques<\/strong>\u00a0ainsi que\u00a0<strong>6 Mo de cache\u00a0<\/strong>(L2 + L3). Gr\u00e2ce \u00e0 des fr\u00e9quences de fonctionnement \u00e9lev\u00e9es (jusqu\u2019\u00e0 4.0 GHz) et \u00e0 une gestion efficace du multit\u00e2che, il offre de bonnes performances dans tous les domaines. Disponible chez Composnts.ma au meilleur prix au Maroc !<\/p>\n<section>\n<div class=\"desc-image\"><\/div>\n<div class=\"desc-text\">\n<h2><strong>4\u00a0C\u0152URS NATIFS\u00a0ET 8 COEURS LOGIQUES<\/strong><\/h2>\n<p>Le\u00a0<strong>processeur\u00a0AMD Ryzen 3 4100 pour PC Gamer\u00a0<\/strong>propose<strong>\u00a04\u00a0coeurs natifs<\/strong>\u00a0et\u00a0<strong>8 coeurs logiques<\/strong>\u00a0pour un traitement multit\u00e2che agr\u00e9ablement fluide. Gr\u00e2ce \u00e0 sa\u00a0<strong>fr\u00e9quence native \u00e9lev\u00e9e<\/strong>\u00a0et \u00e0 son mode\u00a0<strong><em>Turbo Core<\/em><\/strong> ajustant la puissance en fonction des besoins, le CPU <strong>AMD Ryzen<\/strong>\u00a0d\u00e9livre de tr\u00e8s bonnes performances dans tous les domaines : Jeux vid\u00e9o, multit\u00e2che, \u00e9dition vid\u00e9o, mod\u00e9lisation 3D et bien plus encore.<\/p>\n<\/div>\n<\/section>\n<section>\n<div class=\"desc-text\">\n<h2><strong>MICROARCHITECTURE ZEN 2\u00a0<\/strong><\/h2>\n<p>Que vous jouiez aux tout derniers jeux au Maroc, conceviez le prochain gratte-ciel ou utilisiez des donn\u00e9es, vous avez besoin d\u2019un processeur puissant capable de g\u00e9rer tout cela \u00e0 petit prix. C\u2019est incontestable, les processeurs pour PC de bureau\u00a0<strong>AMD Ryzen 3 4100<\/strong>\u00a0pour PC Gamer s\u00e9rie 4000 imposent un nouveau standard pour l\u2019informatique de tous les jours.<\/p>\n<p>Ces Processeurs \/ CPU sont de derni\u00e8re g\u00e9n\u00e9ration les processeurs de 10eme et 11eme g\u00e9n\u00e9ration avec la fr\u00e9quence et nombres de c\u0153urs qu\u2019il vous faut.\u00a0Grace \u00e0 nos filtres retrouvez le meilleur processeur qui vous convient, selon sa fr\u00e9quence en GHz, et ses nombres de c\u0153urs, pour des utilisations graphiques d\u2019overclocking ou de montages vid\u00e9os.\u00a0Ainsi que nos ultra processeurs adapt\u00e9s au Stream, VR, \u00e0 vos jeux pr\u00e9f\u00e9r\u00e9 (Fortnite, League of Legend, PUBG, Fifa..). Vous trouverez nos processeur\u00a0<strong>AMD Ryzen 3 4100\u00a0<\/strong>avec le meilleur rapport performance\/ prix au Maroc ! Pour toutes questions ou informations n\u2019h\u00e9sitez pas \u00e0 joindre notre \u00e9quipe<\/p>\n<\/div>\n<\/section>\n<\/div>\n<p>&nbsp;<\/p>\n","protected":false},"excerpt":{"rendered":"<p>Le processeur pour PC de bureau AMD Ryzen 3 4100 est bas\u00e9 sur l\u2019architecture AMD Zen 2. Il int\u00e8gre 4 coeurs physiques + 8 coeurs logiques ainsi que 6 Mo de cache (L2 + L3). Gr\u00e2ce \u00e0 des fr\u00e9quences de fonctionnement \u00e9lev\u00e9es, il offre de bonnes performances dans tous les domaines.<\/p>\n","protected":false},"featured_media":1005872,"template":"","meta":{"_acf_changed":false},"pwb-brand":[],"product_brand":[70],"product_cat":[69,17,66],"product_tag":[],"pcb_component_type":[],"class_list":{"0":"post-5871","1":"product","2":"type-product","3":"status-publish","4":"has-post-thumbnail","6":"product_brand-amd","7":"product_cat-amd","8":"product_cat-composants-gaming","9":"product_cat-processeurs","10":"pa_socket-am4","12":"first","13":"outofstock","14":"shipping-taxable","15":"product-type-simple"},"translation":{"provider":"WPGlobus","version":"3.0.2","language":"de","enabled_languages":["en","es","de","fr","ru"],"languages":{"en":{"title":true,"content":true,"excerpt":true},"es":{"title":false,"content":false,"excerpt":false},"de":{"title":false,"content":false,"excerpt":false},"fr":{"title":false,"content":false,"excerpt":false},"ru":{"title":false,"content":false,"excerpt":false}}},"acf":[],"yoast_head":"<!-- This site is optimized with the Yoast SEO plugin v27.2 - https:\/\/yoast.com\/product\/yoast-seo-wordpress\/ -->\n<title>AMD Ryzen 3 4100 (3.8 GHz \/ 4.0 GHz) Tray - Osaka<\/title>\n<meta name=\"robots\" content=\"index, follow, max-snippet:-1, max-image-preview:large, max-video-preview:-1\" \/>\n<link rel=\"canonical\" href=\"https:\/\/osaka.ma\/product\/amd-ryzen-3-4100-3-8-ghz-4-0-ghz\/\" \/>\n<meta property=\"og:locale\" content=\"de_DE\" \/>\n<meta property=\"og:type\" content=\"article\" \/>\n<meta property=\"og:title\" content=\"AMD Ryzen 3 4100 (3.8 GHz \/ 4.0 GHz) Tray - Osaka\" \/>\n<meta property=\"og:url\" content=\"https:\/\/osaka.ma\/product\/amd-ryzen-3-4100-3-8-ghz-4-0-ghz\/\" \/>\n<meta property=\"og:site_name\" content=\"Osaka\" \/>\n<meta property=\"article:modified_time\" content=\"2025-03-28T15:46:26+00:00\" \/>\n<meta property=\"og:image\" content=\"https:\/\/osaka.ma\/wp-content\/uploads\/2023\/09\/71S4Zxo0yrL._AC_UF8941000_QL80_.jpg\" \/>\n\t<meta property=\"og:image:width\" content=\"894\" \/>\n\t<meta property=\"og:image:height\" content=\"956\" \/>\n\t<meta property=\"og:image:type\" content=\"image\/jpeg\" \/>\n<meta name=\"twitter:card\" content=\"summary_large_image\" \/>\n<meta name=\"twitter:label1\" content=\"Est. reading time\" \/>\n\t<meta name=\"twitter:data1\" content=\"2 minutes\" \/>\n<script type=\"application\/ld+json\" class=\"yoast-schema-graph\">{\"@context\":\"https:\/\/schema.org\",\"@graph\":[{\"@type\":\"WebPage\",\"@id\":\"https:\/\/osaka.ma\/product\/amd-ryzen-3-4100-3-8-ghz-4-0-ghz\/\",\"url\":\"https:\/\/osaka.ma\/product\/amd-ryzen-3-4100-3-8-ghz-4-0-ghz\/\",\"name\":\"AMD Ryzen 3 4100 (3.8 GHz \/ 4.0 GHz) Tray - Osaka\",\"isPartOf\":{\"@id\":\"https:\/\/osaka.ma\/#website\"},\"primaryImageOfPage\":{\"@id\":\"https:\/\/osaka.ma\/product\/amd-ryzen-3-4100-3-8-ghz-4-0-ghz\/#primaryimage\"},\"image\":{\"@id\":\"https:\/\/osaka.ma\/product\/amd-ryzen-3-4100-3-8-ghz-4-0-ghz\/#primaryimage\"},\"thumbnailUrl\":\"https:\/\/osaka.ma\/wp-content\/uploads\/2023\/09\/71S4Zxo0yrL._AC_UF8941000_QL80_.jpg\",\"datePublished\":\"2023-09-06T11:08:37+00:00\",\"dateModified\":\"2025-03-28T15:46:26+00:00\",\"breadcrumb\":{\"@id\":\"https:\/\/osaka.ma\/product\/amd-ryzen-3-4100-3-8-ghz-4-0-ghz\/#breadcrumb\"},\"inLanguage\":\"de-DE\",\"potentialAction\":[{\"@type\":\"ReadAction\",\"target\":[\"https:\/\/osaka.ma\/product\/amd-ryzen-3-4100-3-8-ghz-4-0-ghz\/\"]}]},{\"@type\":\"ImageObject\",\"inLanguage\":\"de-DE\",\"@id\":\"https:\/\/osaka.ma\/product\/amd-ryzen-3-4100-3-8-ghz-4-0-ghz\/#primaryimage\",\"url\":\"https:\/\/osaka.ma\/wp-content\/uploads\/2023\/09\/71S4Zxo0yrL._AC_UF8941000_QL80_.jpg\",\"contentUrl\":\"https:\/\/osaka.ma\/wp-content\/uploads\/2023\/09\/71S4Zxo0yrL._AC_UF8941000_QL80_.jpg\",\"width\":894,\"height\":956,\"caption\":\"AMD Ryzen\u2122 3 4100 Processeur de bureau d\u00e9bloqu\u00e9 4 c\u0153urs\"},{\"@type\":\"BreadcrumbList\",\"@id\":\"https:\/\/osaka.ma\/product\/amd-ryzen-3-4100-3-8-ghz-4-0-ghz\/#breadcrumb\",\"itemListElement\":[{\"@type\":\"ListItem\",\"position\":1,\"name\":\"Home\",\"item\":\"https:\/\/osaka.ma\/\"},{\"@type\":\"ListItem\",\"position\":2,\"name\":\"Shop\",\"item\":\"https:\/\/osaka.ma\/shop-2\/\"},{\"@type\":\"ListItem\",\"position\":3,\"name\":\"AMD Ryzen 3 4100 (3.8 GHz \/ 4.0 GHz) Tray\"}]},{\"@type\":\"WebSite\",\"@id\":\"https:\/\/osaka.ma\/#website\",\"url\":\"https:\/\/osaka.ma\/\",\"name\":\"Osaka\",\"description\":\"\",\"publisher\":{\"@id\":\"https:\/\/osaka.ma\/#organization\"},\"potentialAction\":[{\"@type\":\"SearchAction\",\"target\":{\"@type\":\"EntryPoint\",\"urlTemplate\":\"https:\/\/osaka.ma\/?s={search_term_string}\"},\"query-input\":{\"@type\":\"PropertyValueSpecification\",\"valueRequired\":true,\"valueName\":\"search_term_string\"}}],\"inLanguage\":\"de-DE\"},{\"@type\":\"Organization\",\"@id\":\"https:\/\/osaka.ma\/#organization\",\"name\":\"Osaka\",\"url\":\"https:\/\/osaka.ma\/\",\"logo\":{\"@type\":\"ImageObject\",\"inLanguage\":\"de-DE\",\"@id\":\"https:\/\/osaka.ma\/#\/schema\/logo\/image\/\",\"url\":\"https:\/\/osaka.ma\/wp-content\/uploads\/2026\/01\/model-slogan-logo-2Plan-de-travail-1dksl-plus-finnn.png\",\"contentUrl\":\"https:\/\/osaka.ma\/wp-content\/uploads\/2026\/01\/model-slogan-logo-2Plan-de-travail-1dksl-plus-finnn.png\",\"width\":842,\"height\":226,\"caption\":\"Osaka\"},\"image\":{\"@id\":\"https:\/\/osaka.ma\/#\/schema\/logo\/image\/\"}}]}<\/script>\n<!-- \/ Yoast SEO plugin. -->","yoast_head_json":{"title":"AMD Ryzen 3 4100 (3.8 GHz \/ 4.0 GHz) Tray - Osaka","robots":{"index":"index","follow":"follow","max-snippet":"max-snippet:-1","max-image-preview":"max-image-preview:large","max-video-preview":"max-video-preview:-1"},"canonical":"https:\/\/osaka.ma\/product\/amd-ryzen-3-4100-3-8-ghz-4-0-ghz\/","og_locale":"de_DE","og_type":"article","og_title":"AMD Ryzen 3 4100 (3.8 GHz \/ 4.0 GHz) Tray - Osaka","og_url":"https:\/\/osaka.ma\/product\/amd-ryzen-3-4100-3-8-ghz-4-0-ghz\/","og_site_name":"Osaka","article_modified_time":"2025-03-28T15:46:26+00:00","og_image":[{"width":894,"height":956,"url":"https:\/\/osaka.ma\/wp-content\/uploads\/2023\/09\/71S4Zxo0yrL._AC_UF8941000_QL80_.jpg","type":"image\/jpeg"}],"twitter_card":"summary_large_image","twitter_misc":{"Est. reading time":"2 minutes"},"schema":{"@context":"https:\/\/schema.org","@graph":[{"@type":"WebPage","@id":"https:\/\/osaka.ma\/product\/amd-ryzen-3-4100-3-8-ghz-4-0-ghz\/","url":"https:\/\/osaka.ma\/product\/amd-ryzen-3-4100-3-8-ghz-4-0-ghz\/","name":"AMD Ryzen 3 4100 (3.8 GHz \/ 4.0 GHz) Tray - Osaka","isPartOf":{"@id":"https:\/\/osaka.ma\/#website"},"primaryImageOfPage":{"@id":"https:\/\/osaka.ma\/product\/amd-ryzen-3-4100-3-8-ghz-4-0-ghz\/#primaryimage"},"image":{"@id":"https:\/\/osaka.ma\/product\/amd-ryzen-3-4100-3-8-ghz-4-0-ghz\/#primaryimage"},"thumbnailUrl":"https:\/\/osaka.ma\/wp-content\/uploads\/2023\/09\/71S4Zxo0yrL._AC_UF8941000_QL80_.jpg","datePublished":"2023-09-06T11:08:37+00:00","dateModified":"2025-03-28T15:46:26+00:00","breadcrumb":{"@id":"https:\/\/osaka.ma\/product\/amd-ryzen-3-4100-3-8-ghz-4-0-ghz\/#breadcrumb"},"inLanguage":"de-DE","potentialAction":[{"@type":"ReadAction","target":["https:\/\/osaka.ma\/product\/amd-ryzen-3-4100-3-8-ghz-4-0-ghz\/"]}]},{"@type":"ImageObject","inLanguage":"de-DE","@id":"https:\/\/osaka.ma\/product\/amd-ryzen-3-4100-3-8-ghz-4-0-ghz\/#primaryimage","url":"https:\/\/osaka.ma\/wp-content\/uploads\/2023\/09\/71S4Zxo0yrL._AC_UF8941000_QL80_.jpg","contentUrl":"https:\/\/osaka.ma\/wp-content\/uploads\/2023\/09\/71S4Zxo0yrL._AC_UF8941000_QL80_.jpg","width":894,"height":956,"caption":"AMD Ryzen\u2122 3 4100 Processeur de bureau d\u00e9bloqu\u00e9 4 c\u0153urs"},{"@type":"BreadcrumbList","@id":"https:\/\/osaka.ma\/product\/amd-ryzen-3-4100-3-8-ghz-4-0-ghz\/#breadcrumb","itemListElement":[{"@type":"ListItem","position":1,"name":"Home","item":"https:\/\/osaka.ma\/"},{"@type":"ListItem","position":2,"name":"Shop","item":"https:\/\/osaka.ma\/shop-2\/"},{"@type":"ListItem","position":3,"name":"AMD Ryzen 3 4100 (3.8 GHz \/ 4.0 GHz) Tray"}]},{"@type":"WebSite","@id":"https:\/\/osaka.ma\/#website","url":"https:\/\/osaka.ma\/","name":"Osaka","description":"","publisher":{"@id":"https:\/\/osaka.ma\/#organization"},"potentialAction":[{"@type":"SearchAction","target":{"@type":"EntryPoint","urlTemplate":"https:\/\/osaka.ma\/?s={search_term_string}"},"query-input":{"@type":"PropertyValueSpecification","valueRequired":true,"valueName":"search_term_string"}}],"inLanguage":"de-DE"},{"@type":"Organization","@id":"https:\/\/osaka.ma\/#organization","name":"Osaka","url":"https:\/\/osaka.ma\/","logo":{"@type":"ImageObject","inLanguage":"de-DE","@id":"https:\/\/osaka.ma\/#\/schema\/logo\/image\/","url":"https:\/\/osaka.ma\/wp-content\/uploads\/2026\/01\/model-slogan-logo-2Plan-de-travail-1dksl-plus-finnn.png","contentUrl":"https:\/\/osaka.ma\/wp-content\/uploads\/2026\/01\/model-slogan-logo-2Plan-de-travail-1dksl-plus-finnn.png","width":842,"height":226,"caption":"Osaka"},"image":{"@id":"https:\/\/osaka.ma\/#\/schema\/logo\/image\/"}}]}},"jetpack_sharing_enabled":true,"brands":[],"_links":{"self":[{"href":"https:\/\/osaka.ma\/de\/wp-json\/wp\/v2\/product\/5871","targetHints":{"allow":["GET"]}}],"collection":[{"href":"https:\/\/osaka.ma\/de\/wp-json\/wp\/v2\/product"}],"about":[{"href":"https:\/\/osaka.ma\/de\/wp-json\/wp\/v2\/types\/product"}],"version-history":[{"count":0,"href":"https:\/\/osaka.ma\/de\/wp-json\/wp\/v2\/product\/5871\/revisions"}],"wp:featuredmedia":[{"embeddable":true,"href":"https:\/\/osaka.ma\/de\/wp-json\/wp\/v2\/media\/1005872"}],"wp:attachment":[{"href":"https:\/\/osaka.ma\/de\/wp-json\/wp\/v2\/media?parent=5871"}],"wp:term":[{"taxonomy":"pwb-brand","embeddable":true,"href":"https:\/\/osaka.ma\/de\/wp-json\/wp\/v2\/pwb-brand?post=5871"},{"taxonomy":"product_brand","embeddable":true,"href":"https:\/\/osaka.ma\/de\/wp-json\/wp\/v2\/product_brand?post=5871"},{"taxonomy":"product_cat","embeddable":true,"href":"https:\/\/osaka.ma\/de\/wp-json\/wp\/v2\/product_cat?post=5871"},{"taxonomy":"product_tag","embeddable":true,"href":"https:\/\/osaka.ma\/de\/wp-json\/wp\/v2\/product_tag?post=5871"},{"taxonomy":"pcb_component_type","embeddable":true,"href":"https:\/\/osaka.ma\/de\/wp-json\/wp\/v2\/pcb_component_type?post=5871"}],"curies":[{"name":"wp","href":"https:\/\/api.w.org\/{rel}","templated":true}]}}