{"id":5873,"date":"2023-09-06T11:12:59","date_gmt":"2023-09-06T11:12:59","guid":{"rendered":"https:\/\/osaka.ma\/?post_type=product&#038;p=5873"},"modified":"2025-03-28T15:45:57","modified_gmt":"2025-03-28T15:45:57","slug":"intel-core-i9-13900k-3-0-ghz-5-8-ghz","status":"publish","type":"product","link":"https:\/\/osaka.ma\/de\/product\/intel-core-i9-13900k-3-0-ghz-5-8-ghz\/","title":{"rendered":"Intel Core i9 13900KF (3.0 GHz \/ 5.8 GHz)"},"content":{"rendered":"<div class=\"electro-description clearfix\">\n<div class=\"logo\"><a href=\"https:\/\/www.ldlc.com\/intel\/bint000000192\/\" rel=\"nofollow noopener\" target=\"_blank\"><img decoding=\"async\" src=\"https:\/\/media.ldlc.com\/v3\/marque\/bo\/00\/05\/72\/22\/V30005722262_2.jpg\" alt=\"Intel\" \/><\/a><\/div>\n<div id=\"description\" class=\"description\">\n<div class=\"details-pdt-desc\">\n<h2 class=\"h2-master\">Architecture hybride pour performances hors norme<\/h2>\n<section>En offrant encore plus de puissance pour les programmes exigeants et les jeux et plus de c\u0153urs pour les t\u00e2ches de fond, les<strong>\u00a0processeurs Intel Core de 13\u00e8me g\u00e9n\u00e9ration<\/strong>\u00a0vous permettent de faire encore plus de choses et encore plus rapidement. Jeux, multit\u00e2che intensif, cr\u00e9ation de contenu ou streaming, les\u00a0<strong>processeurs Intel Raptor Lake\u00a0<\/strong>sont la solution id\u00e9ale pour aller au-del\u00e0 de ce que vous pouviez imaginer en mati\u00e8re de puissance et de performance. Des jeux fluides, un PC qui ne ralentit pas, des t\u00e2ches multiples et simultan\u00e9es, tout cela est possible avec un processeur<strong>\u00a0Intel Core de 13\u00e8me g\u00e9n\u00e9ration<\/strong>.<\/section>\n<section>\n<div class=\"desc-image\"><img decoding=\"async\" src=\"https:\/\/media.ldlc.com\/bo\/images\/fiches\/Processeur\/Intel\/intel_raptor_lake_001.jpg\" alt=\"\" \/><\/div>\n<div class=\"desc-text\">\n<h2>Intel Core\u00a0i9-13900KF 24-Core (8P+16E)<\/h2>\n<ul>\n<li>Processeur\u00a0<strong>24 Cores<\/strong>\u00a0\/ 32 Threads<\/li>\n<li><strong>8 Performance-Cores<\/strong>\u00a0(3.0 GHz &#8211; 5.8 GHz) + 16 Efficient-Cores (2.2 GHz &#8211; 4.3 GHz)<\/li>\n<li>Cache\u00a0<strong>L3 36 Mo<\/strong>\u00a0+ Cache L2 32 Mo<\/li>\n<li><strong>Unlocked\u00a0<\/strong>(co\u00e9fficient multiplicateur d\u00e9bloqu\u00e9 pour l&#8217;overclocking)<\/li>\n<li>IGP : Aucun<\/li>\n<li>Contr\u00f4leur m\u00e9moire : DDR4 \/\u00a0<strong>DDR5<\/strong><\/li>\n<li>Compatible\u00a0<strong>PCI-E 5.0<\/strong><\/li>\n<li>TDP\u00a0: 125W<\/li>\n<li>TDP max. (Turbo Power) : 253W<\/li>\n<\/ul>\n<\/div>\n<\/section>\n<section>\n<div class=\"desc-text\">\n<h2>Des coeurs \u00e0 l&#8217;ouvrage<\/h2>\n<p>Con\u00e7u pour r\u00e9pondre aux besoins des gamers d&#8217;aujourd&#8217;hui. La derni\u00e8re version de la puissante architecture hybride d&#8217;Intel est id\u00e9ale pour sublimer votre exp\u00e9rience de jeu. Les\u00a0<strong>Performance-cores<\/strong>\u00a0lib\u00e8rent leur talent pour obtenir le meilleur des derniers jeux et logiciels de gaming. Les\u00a0<strong>Efficient-cores<\/strong>\u00a0vous permettent de travailler, de jouer en solo et, plus important, avec d\u2019autres. Enfin,\u00a0<strong>Intel Thread Director<\/strong>\u00a0vous permet de profiter d\u2019une fluidit\u00e9 de jeu au top et d&#8217;assurer que votre PC ne ralentit pas, m\u00eame s\u2019il ex\u00e9cute des t\u00e2ches de fond.<\/p>\n<\/div>\n<div class=\"desc-image\"><img decoding=\"async\" src=\"https:\/\/media.ldlc.com\/bo\/images\/fiches\/Processeur\/Intel\/intel_raptor_lake_002.jpg\" alt=\"\" \/><\/div>\n<\/section>\n<section>\n<div class=\"desc-image\"><img decoding=\"async\" src=\"https:\/\/media.ldlc.com\/bo\/images\/fiches\/Processeur\/Intel\/intel_raptor_lake_003.jpg\" alt=\"\" \/><\/div>\n<div class=\"desc-text\">\n<h2>Toujours plus haut<\/h2>\n<p>Les processeurs Intel Core de 13\u1d49\u00a0g\u00e9n\u00e9ration pour PC de bureau offrent la plateforme la plus compl\u00e8te pour utiliser les technologies de gaming que vous voulez. La prise en charge de la DDR4 et de la DDR5 vous offre le choix de la configuration de la m\u00e9moire. La prise en charge de la technologie Thunderbolt 4 offre un moyen simple et rapide de connecter des p\u00e9riph\u00e9riques. Poussez votre machine plus loin que le max : Overclocking am\u00e9lior\u00e9 sur les deux ensembles de c\u0153urs pour des performances \u00e0 votre niveau. Vous pouvez jouer et streamer en m\u00eame temps, autant que vous voulez.<\/p>\n<\/div>\n<\/section>\n<\/div>\n<\/div>\n<\/div>\n","protected":false},"excerpt":{"rendered":"<h2>Intel Core\u00a0i9-13900KF 24-Core (8P+16E)<\/h2>\n<ul>\n<li>Processeur\u00a0<strong>24 Cores<\/strong>\u00a0\/ 32 Threads<\/li>\n<li><strong>8 Performance-Cores<\/strong>\u00a0(3.0 GHz &#8211; 5.8 GHz) + 16 Efficient-Cores (2.2 GHz &#8211; 4.3 GHz)<\/li>\n<li>Cache\u00a0<strong>L3 36 Mo<\/strong>\u00a0+ Cache L2 32 Mo<\/li>\n<li><strong>Unlocked\u00a0<\/strong>(co\u00e9fficient multiplicateur d\u00e9bloqu\u00e9 pour l&#8217;overclocking)<\/li>\n<li>IGP : Aucun<\/li>\n<li>Contr\u00f4leur m\u00e9moire : DDR4 \/\u00a0<strong>DDR5<\/strong><\/li>\n<li>Compatible\u00a0<strong>PCI-E 5.0<\/strong><\/li>\n<li>TDP\u00a0: 125W<\/li>\n<li>TDP max. (Turbo Power) : 253W<\/li>\n<\/ul>\n","protected":false},"featured_media":1005874,"template":"","meta":{"_acf_changed":false},"pwb-brand":[],"product_brand":[],"product_cat":[17,67,66],"product_tag":[],"pcb_component_type":[],"class_list":{"0":"post-5873","1":"product","2":"type-product","3":"status-publish","4":"has-post-thumbnail","6":"product_cat-composants-gaming","7":"product_cat-intel-processeurs","8":"product_cat-processeurs","10":"first","11":"outofstock","12":"shipping-taxable","13":"product-type-simple"},"translation":{"provider":"WPGlobus","version":"3.0.2","language":"de","enabled_languages":["en","es","de","fr","ru"],"languages":{"en":{"title":true,"content":true,"excerpt":true},"es":{"title":false,"content":false,"excerpt":false},"de":{"title":false,"content":false,"excerpt":false},"fr":{"title":false,"content":false,"excerpt":false},"ru":{"title":false,"content":false,"excerpt":false}}},"acf":[],"yoast_head":"<!-- This site is optimized with the Yoast SEO plugin v27.2 - https:\/\/yoast.com\/product\/yoast-seo-wordpress\/ -->\n<title>Intel Core i9 13900KF (3.0 GHz \/ 5.8 GHz) - Osaka<\/title>\n<meta name=\"robots\" content=\"index, follow, max-snippet:-1, max-image-preview:large, max-video-preview:-1\" \/>\n<link rel=\"canonical\" href=\"https:\/\/osaka.ma\/product\/intel-core-i9-13900k-3-0-ghz-5-8-ghz\/\" \/>\n<meta property=\"og:locale\" content=\"de_DE\" \/>\n<meta property=\"og:type\" content=\"article\" \/>\n<meta property=\"og:title\" content=\"Intel Core i9 13900KF (3.0 GHz \/ 5.8 GHz) - Osaka\" \/>\n<meta property=\"og:url\" content=\"https:\/\/osaka.ma\/product\/intel-core-i9-13900k-3-0-ghz-5-8-ghz\/\" \/>\n<meta property=\"og:site_name\" content=\"Osaka\" \/>\n<meta property=\"article:modified_time\" content=\"2025-03-28T15:45:57+00:00\" \/>\n<meta property=\"og:image\" content=\"https:\/\/osaka.ma\/wp-content\/uploads\/2023\/09\/intel-core-i9-13900k-30-ghz-58-ghz-processeurs.jpg\" \/>\n\t<meta property=\"og:image:width\" content=\"600\" \/>\n\t<meta property=\"og:image:height\" content=\"600\" \/>\n\t<meta property=\"og:image:type\" content=\"image\/jpeg\" \/>\n<meta name=\"twitter:card\" content=\"summary_large_image\" \/>\n<meta name=\"twitter:label1\" content=\"Est. reading time\" \/>\n\t<meta name=\"twitter:data1\" content=\"3 minutes\" \/>\n<script type=\"application\/ld+json\" class=\"yoast-schema-graph\">{\"@context\":\"https:\/\/schema.org\",\"@graph\":[{\"@type\":\"WebPage\",\"@id\":\"https:\/\/osaka.ma\/product\/intel-core-i9-13900k-3-0-ghz-5-8-ghz\/\",\"url\":\"https:\/\/osaka.ma\/product\/intel-core-i9-13900k-3-0-ghz-5-8-ghz\/\",\"name\":\"Intel Core i9 13900KF (3.0 GHz \/ 5.8 GHz) - Osaka\",\"isPartOf\":{\"@id\":\"https:\/\/osaka.ma\/#website\"},\"primaryImageOfPage\":{\"@id\":\"https:\/\/osaka.ma\/product\/intel-core-i9-13900k-3-0-ghz-5-8-ghz\/#primaryimage\"},\"image\":{\"@id\":\"https:\/\/osaka.ma\/product\/intel-core-i9-13900k-3-0-ghz-5-8-ghz\/#primaryimage\"},\"thumbnailUrl\":\"https:\/\/osaka.ma\/wp-content\/uploads\/2023\/09\/intel-core-i9-13900k-30-ghz-58-ghz-processeurs.jpg\",\"datePublished\":\"2023-09-06T11:12:59+00:00\",\"dateModified\":\"2025-03-28T15:45:57+00:00\",\"breadcrumb\":{\"@id\":\"https:\/\/osaka.ma\/product\/intel-core-i9-13900k-3-0-ghz-5-8-ghz\/#breadcrumb\"},\"inLanguage\":\"de-DE\",\"potentialAction\":[{\"@type\":\"ReadAction\",\"target\":[\"https:\/\/osaka.ma\/product\/intel-core-i9-13900k-3-0-ghz-5-8-ghz\/\"]}]},{\"@type\":\"ImageObject\",\"inLanguage\":\"de-DE\",\"@id\":\"https:\/\/osaka.ma\/product\/intel-core-i9-13900k-3-0-ghz-5-8-ghz\/#primaryimage\",\"url\":\"https:\/\/osaka.ma\/wp-content\/uploads\/2023\/09\/intel-core-i9-13900k-30-ghz-58-ghz-processeurs.jpg\",\"contentUrl\":\"https:\/\/osaka.ma\/wp-content\/uploads\/2023\/09\/intel-core-i9-13900k-30-ghz-58-ghz-processeurs.jpg\",\"width\":600,\"height\":600,\"caption\":\"intel-core-i9-13900k-30-ghz-58-ghz-processeurs\"},{\"@type\":\"BreadcrumbList\",\"@id\":\"https:\/\/osaka.ma\/product\/intel-core-i9-13900k-3-0-ghz-5-8-ghz\/#breadcrumb\",\"itemListElement\":[{\"@type\":\"ListItem\",\"position\":1,\"name\":\"Home\",\"item\":\"https:\/\/osaka.ma\/\"},{\"@type\":\"ListItem\",\"position\":2,\"name\":\"Shop\",\"item\":\"https:\/\/osaka.ma\/shop-2\/\"},{\"@type\":\"ListItem\",\"position\":3,\"name\":\"Intel Core i9 13900KF (3.0 GHz \/ 5.8 GHz)\"}]},{\"@type\":\"WebSite\",\"@id\":\"https:\/\/osaka.ma\/#website\",\"url\":\"https:\/\/osaka.ma\/\",\"name\":\"Osaka\",\"description\":\"\",\"publisher\":{\"@id\":\"https:\/\/osaka.ma\/#organization\"},\"potentialAction\":[{\"@type\":\"SearchAction\",\"target\":{\"@type\":\"EntryPoint\",\"urlTemplate\":\"https:\/\/osaka.ma\/?s={search_term_string}\"},\"query-input\":{\"@type\":\"PropertyValueSpecification\",\"valueRequired\":true,\"valueName\":\"search_term_string\"}}],\"inLanguage\":\"de-DE\"},{\"@type\":\"Organization\",\"@id\":\"https:\/\/osaka.ma\/#organization\",\"name\":\"Osaka\",\"url\":\"https:\/\/osaka.ma\/\",\"logo\":{\"@type\":\"ImageObject\",\"inLanguage\":\"de-DE\",\"@id\":\"https:\/\/osaka.ma\/#\/schema\/logo\/image\/\",\"url\":\"https:\/\/osaka.ma\/wp-content\/uploads\/2026\/01\/model-slogan-logo-2Plan-de-travail-1dksl-plus-finnn.png\",\"contentUrl\":\"https:\/\/osaka.ma\/wp-content\/uploads\/2026\/01\/model-slogan-logo-2Plan-de-travail-1dksl-plus-finnn.png\",\"width\":842,\"height\":226,\"caption\":\"Osaka\"},\"image\":{\"@id\":\"https:\/\/osaka.ma\/#\/schema\/logo\/image\/\"}}]}<\/script>\n<!-- \/ Yoast SEO plugin. -->","yoast_head_json":{"title":"Intel Core i9 13900KF (3.0 GHz \/ 5.8 GHz) - Osaka","robots":{"index":"index","follow":"follow","max-snippet":"max-snippet:-1","max-image-preview":"max-image-preview:large","max-video-preview":"max-video-preview:-1"},"canonical":"https:\/\/osaka.ma\/product\/intel-core-i9-13900k-3-0-ghz-5-8-ghz\/","og_locale":"de_DE","og_type":"article","og_title":"Intel Core i9 13900KF (3.0 GHz \/ 5.8 GHz) - Osaka","og_url":"https:\/\/osaka.ma\/product\/intel-core-i9-13900k-3-0-ghz-5-8-ghz\/","og_site_name":"Osaka","article_modified_time":"2025-03-28T15:45:57+00:00","og_image":[{"width":600,"height":600,"url":"https:\/\/osaka.ma\/wp-content\/uploads\/2023\/09\/intel-core-i9-13900k-30-ghz-58-ghz-processeurs.jpg","type":"image\/jpeg"}],"twitter_card":"summary_large_image","twitter_misc":{"Est. reading time":"3 minutes"},"schema":{"@context":"https:\/\/schema.org","@graph":[{"@type":"WebPage","@id":"https:\/\/osaka.ma\/product\/intel-core-i9-13900k-3-0-ghz-5-8-ghz\/","url":"https:\/\/osaka.ma\/product\/intel-core-i9-13900k-3-0-ghz-5-8-ghz\/","name":"Intel Core i9 13900KF (3.0 GHz \/ 5.8 GHz) - Osaka","isPartOf":{"@id":"https:\/\/osaka.ma\/#website"},"primaryImageOfPage":{"@id":"https:\/\/osaka.ma\/product\/intel-core-i9-13900k-3-0-ghz-5-8-ghz\/#primaryimage"},"image":{"@id":"https:\/\/osaka.ma\/product\/intel-core-i9-13900k-3-0-ghz-5-8-ghz\/#primaryimage"},"thumbnailUrl":"https:\/\/osaka.ma\/wp-content\/uploads\/2023\/09\/intel-core-i9-13900k-30-ghz-58-ghz-processeurs.jpg","datePublished":"2023-09-06T11:12:59+00:00","dateModified":"2025-03-28T15:45:57+00:00","breadcrumb":{"@id":"https:\/\/osaka.ma\/product\/intel-core-i9-13900k-3-0-ghz-5-8-ghz\/#breadcrumb"},"inLanguage":"de-DE","potentialAction":[{"@type":"ReadAction","target":["https:\/\/osaka.ma\/product\/intel-core-i9-13900k-3-0-ghz-5-8-ghz\/"]}]},{"@type":"ImageObject","inLanguage":"de-DE","@id":"https:\/\/osaka.ma\/product\/intel-core-i9-13900k-3-0-ghz-5-8-ghz\/#primaryimage","url":"https:\/\/osaka.ma\/wp-content\/uploads\/2023\/09\/intel-core-i9-13900k-30-ghz-58-ghz-processeurs.jpg","contentUrl":"https:\/\/osaka.ma\/wp-content\/uploads\/2023\/09\/intel-core-i9-13900k-30-ghz-58-ghz-processeurs.jpg","width":600,"height":600,"caption":"intel-core-i9-13900k-30-ghz-58-ghz-processeurs"},{"@type":"BreadcrumbList","@id":"https:\/\/osaka.ma\/product\/intel-core-i9-13900k-3-0-ghz-5-8-ghz\/#breadcrumb","itemListElement":[{"@type":"ListItem","position":1,"name":"Home","item":"https:\/\/osaka.ma\/"},{"@type":"ListItem","position":2,"name":"Shop","item":"https:\/\/osaka.ma\/shop-2\/"},{"@type":"ListItem","position":3,"name":"Intel Core i9 13900KF (3.0 GHz \/ 5.8 GHz)"}]},{"@type":"WebSite","@id":"https:\/\/osaka.ma\/#website","url":"https:\/\/osaka.ma\/","name":"Osaka","description":"","publisher":{"@id":"https:\/\/osaka.ma\/#organization"},"potentialAction":[{"@type":"SearchAction","target":{"@type":"EntryPoint","urlTemplate":"https:\/\/osaka.ma\/?s={search_term_string}"},"query-input":{"@type":"PropertyValueSpecification","valueRequired":true,"valueName":"search_term_string"}}],"inLanguage":"de-DE"},{"@type":"Organization","@id":"https:\/\/osaka.ma\/#organization","name":"Osaka","url":"https:\/\/osaka.ma\/","logo":{"@type":"ImageObject","inLanguage":"de-DE","@id":"https:\/\/osaka.ma\/#\/schema\/logo\/image\/","url":"https:\/\/osaka.ma\/wp-content\/uploads\/2026\/01\/model-slogan-logo-2Plan-de-travail-1dksl-plus-finnn.png","contentUrl":"https:\/\/osaka.ma\/wp-content\/uploads\/2026\/01\/model-slogan-logo-2Plan-de-travail-1dksl-plus-finnn.png","width":842,"height":226,"caption":"Osaka"},"image":{"@id":"https:\/\/osaka.ma\/#\/schema\/logo\/image\/"}}]}},"jetpack_sharing_enabled":true,"brands":[],"_links":{"self":[{"href":"https:\/\/osaka.ma\/de\/wp-json\/wp\/v2\/product\/5873","targetHints":{"allow":["GET"]}}],"collection":[{"href":"https:\/\/osaka.ma\/de\/wp-json\/wp\/v2\/product"}],"about":[{"href":"https:\/\/osaka.ma\/de\/wp-json\/wp\/v2\/types\/product"}],"version-history":[{"count":0,"href":"https:\/\/osaka.ma\/de\/wp-json\/wp\/v2\/product\/5873\/revisions"}],"wp:featuredmedia":[{"embeddable":true,"href":"https:\/\/osaka.ma\/de\/wp-json\/wp\/v2\/media\/1005874"}],"wp:attachment":[{"href":"https:\/\/osaka.ma\/de\/wp-json\/wp\/v2\/media?parent=5873"}],"wp:term":[{"taxonomy":"pwb-brand","embeddable":true,"href":"https:\/\/osaka.ma\/de\/wp-json\/wp\/v2\/pwb-brand?post=5873"},{"taxonomy":"product_brand","embeddable":true,"href":"https:\/\/osaka.ma\/de\/wp-json\/wp\/v2\/product_brand?post=5873"},{"taxonomy":"product_cat","embeddable":true,"href":"https:\/\/osaka.ma\/de\/wp-json\/wp\/v2\/product_cat?post=5873"},{"taxonomy":"product_tag","embeddable":true,"href":"https:\/\/osaka.ma\/de\/wp-json\/wp\/v2\/product_tag?post=5873"},{"taxonomy":"pcb_component_type","embeddable":true,"href":"https:\/\/osaka.ma\/de\/wp-json\/wp\/v2\/pcb_component_type?post=5873"}],"curies":[{"name":"wp","href":"https:\/\/api.w.org\/{rel}","templated":true}]}}