{"id":5911,"date":"2023-09-08T17:10:05","date_gmt":"2023-09-08T17:10:05","guid":{"rendered":"https:\/\/osaka.ma\/?post_type=product&#038;p=5911"},"modified":"2025-10-08T00:47:17","modified_gmt":"2025-10-07T23:47:17","slug":"benq-zowie-ec1","status":"publish","type":"product","link":"https:\/\/osaka.ma\/de\/product\/benq-zowie-ec1\/","title":{"rendered":"BenQ Zowie EC1"},"content":{"rendered":"<p><span style=\"color: #000000;\">Con\u00e7ue pour les joueurs exigeants, la <strong>souris BenQ Zowie EC1<\/strong> se distingue par son ergonomie et ses performances in\u00e9gal\u00e9es. Pens\u00e9e pour offrir un contr\u00f4le optimal, elle s\u2019adapte parfaitement \u00e0 la paume de la main, garantissant un confort exceptionnel m\u00eame lors des sessions de jeu prolong\u00e9es.<\/span><\/p>\n<p><span style=\"color: #000000;\">Dot\u00e9e du <strong>capteur optique PMW 3360<\/strong>, cette souris propose une pr\u00e9cision infaillible, essentielle pour les jeux comp\u00e9titifs. Avec une sensibilit\u00e9 ajustable jusqu\u2019\u00e0 <strong>3200 DPI<\/strong>, elle permet de s\u2019adapter rapidement aux besoins des diff\u00e9rents styles de jeu, qu\u2019il s\u2019agisse de tirs pr\u00e9cis dans un FPS ou de mouvements rapides dans un MOBA. De plus, son <strong>taux de r\u00e9ponse de 1000 Hz<\/strong> assure une transmission ultra-rapide des commandes, \u00e9liminant toute latence et optimisant vos performances en temps r\u00e9el.<\/span><\/p>\n<p><span style=\"color: #000000;\">La <strong>BenQ Zowie EC1<\/strong> est \u00e9galement reconnue pour sa simplicit\u00e9 d\u2019utilisation. Sans logiciel ni configuration complexe, elle offre une prise en main rapide et une compatibilit\u00e9 universelle avec les syst\u00e8mes Windows et macOS. Son design \u00e9pur\u00e9, combin\u00e9 \u00e0 des mat\u00e9riaux robustes, garantit une durabilit\u00e9 accrue, m\u00eame dans les environnements de jeu les plus intenses.<\/span><\/p>\n<p><span style=\"color: #000000;\">Avec son \u00e9quilibre parfait entre pr\u00e9cision, confort et durabilit\u00e9, la <strong>BenQ Zowie EC1<\/strong> s\u2019impose comme un choix incontournable pour les joueurs professionnels et les passionn\u00e9s cherchant \u00e0 dominer leurs adversaires.<\/span><\/p>\n","protected":false},"excerpt":{"rendered":"<p>Id\u00e9ale pour prendre l\u2019avantage sur vos adversaires, la souris BenQ Zowie EC1 est \u00e9quip\u00e9e d\u2019un capteur optique PMW 3360 de 3200 dpi. Offrant une pr\u00e9cision incroyable, elle propose \u00e9galement un taux de transmission de 1000 Hz pour vous permettre de remporter de nombreuses victoires.<\/p>\n","protected":false},"featured_media":1005912,"template":"","meta":{"_acf_changed":false},"pwb-brand":[],"product_brand":[],"product_cat":[31,32],"product_tag":[],"pcb_component_type":[],"class_list":{"0":"post-5911","1":"product","2":"type-product","3":"status-publish","4":"has-post-thumbnail","6":"product_cat-accessoires","7":"product_cat-souris","9":"first","10":"outofstock","11":"shipping-taxable","12":"product-type-simple"},"translation":{"provider":"WPGlobus","version":"3.0.2","language":"de","enabled_languages":["en","es","de","fr","ru"],"languages":{"en":{"title":true,"content":true,"excerpt":true},"es":{"title":false,"content":false,"excerpt":false},"de":{"title":false,"content":false,"excerpt":false},"fr":{"title":false,"content":false,"excerpt":false},"ru":{"title":false,"content":false,"excerpt":false}}},"acf":[],"yoast_head":"<!-- This site is optimized with the Yoast SEO plugin v27.2 - https:\/\/yoast.com\/product\/yoast-seo-wordpress\/ -->\n<title>BenQ Zowie EC1 - Osaka<\/title>\n<meta name=\"robots\" content=\"index, follow, max-snippet:-1, max-image-preview:large, max-video-preview:-1\" \/>\n<link rel=\"canonical\" href=\"https:\/\/osaka.ma\/product\/benq-zowie-ec1\/\" \/>\n<meta property=\"og:locale\" content=\"de_DE\" \/>\n<meta property=\"og:type\" content=\"article\" \/>\n<meta property=\"og:title\" content=\"BenQ Zowie EC1 - Osaka\" \/>\n<meta property=\"og:url\" content=\"https:\/\/osaka.ma\/product\/benq-zowie-ec1\/\" \/>\n<meta property=\"og:site_name\" content=\"Osaka\" \/>\n<meta property=\"article:modified_time\" content=\"2025-10-07T23:47:17+00:00\" \/>\n<meta property=\"og:image\" content=\"https:\/\/osaka.ma\/wp-content\/uploads\/2023\/09\/benq-zowie-ec1-a-souris.jpg\" \/>\n\t<meta property=\"og:image:width\" content=\"600\" \/>\n\t<meta property=\"og:image:height\" content=\"600\" \/>\n\t<meta property=\"og:image:type\" content=\"image\/jpeg\" \/>\n<meta name=\"twitter:card\" content=\"summary_large_image\" \/>\n<meta name=\"twitter:label1\" content=\"Est. reading time\" \/>\n\t<meta name=\"twitter:data1\" content=\"2 minutes\" \/>\n<script type=\"application\/ld+json\" class=\"yoast-schema-graph\">{\"@context\":\"https:\/\/schema.org\",\"@graph\":[{\"@type\":\"WebPage\",\"@id\":\"https:\/\/osaka.ma\/product\/benq-zowie-ec1\/\",\"url\":\"https:\/\/osaka.ma\/product\/benq-zowie-ec1\/\",\"name\":\"BenQ Zowie EC1 - Osaka\",\"isPartOf\":{\"@id\":\"https:\/\/osaka.ma\/#website\"},\"primaryImageOfPage\":{\"@id\":\"https:\/\/osaka.ma\/product\/benq-zowie-ec1\/#primaryimage\"},\"image\":{\"@id\":\"https:\/\/osaka.ma\/product\/benq-zowie-ec1\/#primaryimage\"},\"thumbnailUrl\":\"https:\/\/osaka.ma\/wp-content\/uploads\/2023\/09\/benq-zowie-ec1-a-souris.jpg\",\"datePublished\":\"2023-09-08T17:10:05+00:00\",\"dateModified\":\"2025-10-07T23:47:17+00:00\",\"breadcrumb\":{\"@id\":\"https:\/\/osaka.ma\/product\/benq-zowie-ec1\/#breadcrumb\"},\"inLanguage\":\"de-DE\",\"potentialAction\":[{\"@type\":\"ReadAction\",\"target\":[\"https:\/\/osaka.ma\/product\/benq-zowie-ec1\/\"]}]},{\"@type\":\"ImageObject\",\"inLanguage\":\"de-DE\",\"@id\":\"https:\/\/osaka.ma\/product\/benq-zowie-ec1\/#primaryimage\",\"url\":\"https:\/\/osaka.ma\/wp-content\/uploads\/2023\/09\/benq-zowie-ec1-a-souris.jpg\",\"contentUrl\":\"https:\/\/osaka.ma\/wp-content\/uploads\/2023\/09\/benq-zowie-ec1-a-souris.jpg\",\"width\":600,\"height\":600,\"caption\":\"BenQ Zowie EC1\"},{\"@type\":\"BreadcrumbList\",\"@id\":\"https:\/\/osaka.ma\/product\/benq-zowie-ec1\/#breadcrumb\",\"itemListElement\":[{\"@type\":\"ListItem\",\"position\":1,\"name\":\"Home\",\"item\":\"https:\/\/osaka.ma\/\"},{\"@type\":\"ListItem\",\"position\":2,\"name\":\"Shop\",\"item\":\"https:\/\/osaka.ma\/shop-2\/\"},{\"@type\":\"ListItem\",\"position\":3,\"name\":\"BenQ Zowie EC1\"}]},{\"@type\":\"WebSite\",\"@id\":\"https:\/\/osaka.ma\/#website\",\"url\":\"https:\/\/osaka.ma\/\",\"name\":\"Osaka\",\"description\":\"\",\"publisher\":{\"@id\":\"https:\/\/osaka.ma\/#organization\"},\"potentialAction\":[{\"@type\":\"SearchAction\",\"target\":{\"@type\":\"EntryPoint\",\"urlTemplate\":\"https:\/\/osaka.ma\/?s={search_term_string}\"},\"query-input\":{\"@type\":\"PropertyValueSpecification\",\"valueRequired\":true,\"valueName\":\"search_term_string\"}}],\"inLanguage\":\"de-DE\"},{\"@type\":\"Organization\",\"@id\":\"https:\/\/osaka.ma\/#organization\",\"name\":\"Osaka\",\"url\":\"https:\/\/osaka.ma\/\",\"logo\":{\"@type\":\"ImageObject\",\"inLanguage\":\"de-DE\",\"@id\":\"https:\/\/osaka.ma\/#\/schema\/logo\/image\/\",\"url\":\"https:\/\/osaka.ma\/wp-content\/uploads\/2026\/01\/model-slogan-logo-2Plan-de-travail-1dksl-plus-finnn.png\",\"contentUrl\":\"https:\/\/osaka.ma\/wp-content\/uploads\/2026\/01\/model-slogan-logo-2Plan-de-travail-1dksl-plus-finnn.png\",\"width\":842,\"height\":226,\"caption\":\"Osaka\"},\"image\":{\"@id\":\"https:\/\/osaka.ma\/#\/schema\/logo\/image\/\"}}]}<\/script>\n<!-- \/ Yoast SEO plugin. -->","yoast_head_json":{"title":"BenQ Zowie EC1 - Osaka","robots":{"index":"index","follow":"follow","max-snippet":"max-snippet:-1","max-image-preview":"max-image-preview:large","max-video-preview":"max-video-preview:-1"},"canonical":"https:\/\/osaka.ma\/product\/benq-zowie-ec1\/","og_locale":"de_DE","og_type":"article","og_title":"BenQ Zowie EC1 - Osaka","og_url":"https:\/\/osaka.ma\/product\/benq-zowie-ec1\/","og_site_name":"Osaka","article_modified_time":"2025-10-07T23:47:17+00:00","og_image":[{"width":600,"height":600,"url":"https:\/\/osaka.ma\/wp-content\/uploads\/2023\/09\/benq-zowie-ec1-a-souris.jpg","type":"image\/jpeg"}],"twitter_card":"summary_large_image","twitter_misc":{"Est. reading time":"2 minutes"},"schema":{"@context":"https:\/\/schema.org","@graph":[{"@type":"WebPage","@id":"https:\/\/osaka.ma\/product\/benq-zowie-ec1\/","url":"https:\/\/osaka.ma\/product\/benq-zowie-ec1\/","name":"BenQ Zowie EC1 - Osaka","isPartOf":{"@id":"https:\/\/osaka.ma\/#website"},"primaryImageOfPage":{"@id":"https:\/\/osaka.ma\/product\/benq-zowie-ec1\/#primaryimage"},"image":{"@id":"https:\/\/osaka.ma\/product\/benq-zowie-ec1\/#primaryimage"},"thumbnailUrl":"https:\/\/osaka.ma\/wp-content\/uploads\/2023\/09\/benq-zowie-ec1-a-souris.jpg","datePublished":"2023-09-08T17:10:05+00:00","dateModified":"2025-10-07T23:47:17+00:00","breadcrumb":{"@id":"https:\/\/osaka.ma\/product\/benq-zowie-ec1\/#breadcrumb"},"inLanguage":"de-DE","potentialAction":[{"@type":"ReadAction","target":["https:\/\/osaka.ma\/product\/benq-zowie-ec1\/"]}]},{"@type":"ImageObject","inLanguage":"de-DE","@id":"https:\/\/osaka.ma\/product\/benq-zowie-ec1\/#primaryimage","url":"https:\/\/osaka.ma\/wp-content\/uploads\/2023\/09\/benq-zowie-ec1-a-souris.jpg","contentUrl":"https:\/\/osaka.ma\/wp-content\/uploads\/2023\/09\/benq-zowie-ec1-a-souris.jpg","width":600,"height":600,"caption":"BenQ Zowie EC1"},{"@type":"BreadcrumbList","@id":"https:\/\/osaka.ma\/product\/benq-zowie-ec1\/#breadcrumb","itemListElement":[{"@type":"ListItem","position":1,"name":"Home","item":"https:\/\/osaka.ma\/"},{"@type":"ListItem","position":2,"name":"Shop","item":"https:\/\/osaka.ma\/shop-2\/"},{"@type":"ListItem","position":3,"name":"BenQ Zowie EC1"}]},{"@type":"WebSite","@id":"https:\/\/osaka.ma\/#website","url":"https:\/\/osaka.ma\/","name":"Osaka","description":"","publisher":{"@id":"https:\/\/osaka.ma\/#organization"},"potentialAction":[{"@type":"SearchAction","target":{"@type":"EntryPoint","urlTemplate":"https:\/\/osaka.ma\/?s={search_term_string}"},"query-input":{"@type":"PropertyValueSpecification","valueRequired":true,"valueName":"search_term_string"}}],"inLanguage":"de-DE"},{"@type":"Organization","@id":"https:\/\/osaka.ma\/#organization","name":"Osaka","url":"https:\/\/osaka.ma\/","logo":{"@type":"ImageObject","inLanguage":"de-DE","@id":"https:\/\/osaka.ma\/#\/schema\/logo\/image\/","url":"https:\/\/osaka.ma\/wp-content\/uploads\/2026\/01\/model-slogan-logo-2Plan-de-travail-1dksl-plus-finnn.png","contentUrl":"https:\/\/osaka.ma\/wp-content\/uploads\/2026\/01\/model-slogan-logo-2Plan-de-travail-1dksl-plus-finnn.png","width":842,"height":226,"caption":"Osaka"},"image":{"@id":"https:\/\/osaka.ma\/#\/schema\/logo\/image\/"}}]}},"jetpack_sharing_enabled":true,"brands":[],"_links":{"self":[{"href":"https:\/\/osaka.ma\/de\/wp-json\/wp\/v2\/product\/5911","targetHints":{"allow":["GET"]}}],"collection":[{"href":"https:\/\/osaka.ma\/de\/wp-json\/wp\/v2\/product"}],"about":[{"href":"https:\/\/osaka.ma\/de\/wp-json\/wp\/v2\/types\/product"}],"version-history":[{"count":0,"href":"https:\/\/osaka.ma\/de\/wp-json\/wp\/v2\/product\/5911\/revisions"}],"wp:featuredmedia":[{"embeddable":true,"href":"https:\/\/osaka.ma\/de\/wp-json\/wp\/v2\/media\/1005912"}],"wp:attachment":[{"href":"https:\/\/osaka.ma\/de\/wp-json\/wp\/v2\/media?parent=5911"}],"wp:term":[{"taxonomy":"pwb-brand","embeddable":true,"href":"https:\/\/osaka.ma\/de\/wp-json\/wp\/v2\/pwb-brand?post=5911"},{"taxonomy":"product_brand","embeddable":true,"href":"https:\/\/osaka.ma\/de\/wp-json\/wp\/v2\/product_brand?post=5911"},{"taxonomy":"product_cat","embeddable":true,"href":"https:\/\/osaka.ma\/de\/wp-json\/wp\/v2\/product_cat?post=5911"},{"taxonomy":"product_tag","embeddable":true,"href":"https:\/\/osaka.ma\/de\/wp-json\/wp\/v2\/product_tag?post=5911"},{"taxonomy":"pcb_component_type","embeddable":true,"href":"https:\/\/osaka.ma\/de\/wp-json\/wp\/v2\/pcb_component_type?post=5911"}],"curies":[{"name":"wp","href":"https:\/\/api.w.org\/{rel}","templated":true}]}}