{"id":6073,"date":"2023-10-05T18:32:29","date_gmt":"2023-10-05T18:32:29","guid":{"rendered":"https:\/\/osaka.ma\/?post_type=product&#038;p=6073"},"modified":"2025-04-08T18:34:21","modified_gmt":"2025-04-08T18:34:21","slug":"asrock-b660m-hdv","status":"publish","type":"product","link":"https:\/\/osaka.ma\/de\/product\/asrock-b660m-hdv\/","title":{"rendered":"ASRock B660M-HDV"},"content":{"rendered":"<p>La\u00a0<strong>carte m\u00e8re ASRock B660M-HDV<\/strong>\u00a0est con\u00e7ue pour accueillir les\u00a0<strong>processeurs Intel\u00a0<\/strong>sur<strong>\u00a0socket LGA 1700<\/strong>. Elle permettra l\u2019assemblage d\u2019une configuration performante et efficace au co\u00fbt maitris\u00e9. Streaming, multit\u00e2che intensif, cr\u00e9ation multim\u00e9dia, Gaming, c\u2019est la solution id\u00e9ale pour concevoir un\u00a0<strong>PC derni\u00e8re g\u00e9n\u00e9ration<\/strong>. Elle prend en outre en charge la<strong>\u00a0RAM DDR4<\/strong>, les\u00a0<strong>cartes graphiques PCI-Express 4.0 16x<\/strong>, les\u00a0<strong>disques SATA 6 Gb\/s<\/strong>\u00a0et\u00a0<strong>M.2 PCIe 4.0<\/strong>\u00a0ainsi que les\u00a0<strong>p\u00e9riph\u00e9riques USB 3.0<\/strong>.<\/p>\n<p>&nbsp;<\/p>\n<h2>TOUTE LA PUISSANCE DES PROCESSEURS INTEL<\/h2>\n<p>Gr\u00e2ce \u00e0 des fr\u00e9quences \u00e9lev\u00e9es, atteignez de hautes performances dans les jeux. Affrontez vos adversaires en toute confiance ou explorez de nouveaux univers gr\u00e2ce \u00e0 une architecture de processeur r\u00e9volutionnaire qui se concentre sur l\u2019essentiel. Les processeurs Intel de 12\u00e8me g\u00e9n\u00e9ration sont tout simplement con\u00e7us pour la nouvelle g\u00e9n\u00e9ration de jeux vid\u00e9o.<\/p>\n","protected":false},"excerpt":{"rendered":"<p>La carte m\u00e8re ASRock B660M-HDV est con\u00e7ue pour accueillir les processeurs Intel sur socket LGA 1700. Elle permettra l\u2019assemblage d\u2019une configuration performante et efficace au co\u00fbt maitris\u00e9. C\u2019est la solution id\u00e9ale pour concevoir un PC derni\u00e8re g\u00e9n\u00e9ration.<\/p>\n","protected":false},"featured_media":1006074,"template":"","meta":{"_acf_changed":false},"pwb-brand":[],"product_brand":[],"product_cat":[84,17,100],"product_tag":[],"pcb_component_type":[],"class_list":{"0":"post-6073","1":"product","2":"type-product","3":"status-publish","4":"has-post-thumbnail","6":"product_cat-carte-mere","7":"product_cat-composants-gaming","8":"product_cat-intel-carte-mere-composants-gaming-9","10":"first","11":"outofstock","12":"shipping-taxable","13":"product-type-simple"},"translation":{"provider":"WPGlobus","version":"3.0.2","language":"de","enabled_languages":["en","es","de","fr","ru"],"languages":{"en":{"title":true,"content":true,"excerpt":true},"es":{"title":false,"content":false,"excerpt":false},"de":{"title":false,"content":false,"excerpt":false},"fr":{"title":false,"content":false,"excerpt":false},"ru":{"title":false,"content":false,"excerpt":false}}},"acf":[],"yoast_head":"<!-- This site is optimized with the Yoast SEO plugin v27.2 - https:\/\/yoast.com\/product\/yoast-seo-wordpress\/ -->\n<title>ASRock B660M-HDV - Osaka<\/title>\n<meta name=\"robots\" content=\"index, follow, max-snippet:-1, max-image-preview:large, max-video-preview:-1\" \/>\n<link rel=\"canonical\" href=\"https:\/\/osaka.ma\/product\/asrock-b660m-hdv\/\" \/>\n<meta property=\"og:locale\" content=\"de_DE\" \/>\n<meta property=\"og:type\" content=\"article\" \/>\n<meta property=\"og:title\" content=\"ASRock B660M-HDV - Osaka\" \/>\n<meta property=\"og:url\" content=\"https:\/\/osaka.ma\/product\/asrock-b660m-hdv\/\" \/>\n<meta property=\"og:site_name\" content=\"Osaka\" \/>\n<meta property=\"article:modified_time\" content=\"2025-04-08T18:34:21+00:00\" \/>\n<meta property=\"og:image\" content=\"https:\/\/osaka.ma\/wp-content\/uploads\/2023\/10\/asrock-b660m-hdv.jpg\" \/>\n\t<meta property=\"og:image:width\" content=\"600\" \/>\n\t<meta property=\"og:image:height\" content=\"600\" \/>\n\t<meta property=\"og:image:type\" content=\"image\/jpeg\" \/>\n<meta name=\"twitter:card\" content=\"summary_large_image\" \/>\n<meta name=\"twitter:label1\" content=\"Est. reading time\" \/>\n\t<meta name=\"twitter:data1\" content=\"1 minute\" \/>\n<script type=\"application\/ld+json\" class=\"yoast-schema-graph\">{\"@context\":\"https:\/\/schema.org\",\"@graph\":[{\"@type\":\"WebPage\",\"@id\":\"https:\/\/osaka.ma\/product\/asrock-b660m-hdv\/\",\"url\":\"https:\/\/osaka.ma\/product\/asrock-b660m-hdv\/\",\"name\":\"ASRock B660M-HDV - Osaka\",\"isPartOf\":{\"@id\":\"https:\/\/osaka.ma\/#website\"},\"primaryImageOfPage\":{\"@id\":\"https:\/\/osaka.ma\/product\/asrock-b660m-hdv\/#primaryimage\"},\"image\":{\"@id\":\"https:\/\/osaka.ma\/product\/asrock-b660m-hdv\/#primaryimage\"},\"thumbnailUrl\":\"https:\/\/osaka.ma\/wp-content\/uploads\/2023\/10\/asrock-b660m-hdv.jpg\",\"datePublished\":\"2023-10-05T18:32:29+00:00\",\"dateModified\":\"2025-04-08T18:34:21+00:00\",\"breadcrumb\":{\"@id\":\"https:\/\/osaka.ma\/product\/asrock-b660m-hdv\/#breadcrumb\"},\"inLanguage\":\"de-DE\",\"potentialAction\":[{\"@type\":\"ReadAction\",\"target\":[\"https:\/\/osaka.ma\/product\/asrock-b660m-hdv\/\"]}]},{\"@type\":\"ImageObject\",\"inLanguage\":\"de-DE\",\"@id\":\"https:\/\/osaka.ma\/product\/asrock-b660m-hdv\/#primaryimage\",\"url\":\"https:\/\/osaka.ma\/wp-content\/uploads\/2023\/10\/asrock-b660m-hdv.jpg\",\"contentUrl\":\"https:\/\/osaka.ma\/wp-content\/uploads\/2023\/10\/asrock-b660m-hdv.jpg\",\"width\":600,\"height\":600},{\"@type\":\"BreadcrumbList\",\"@id\":\"https:\/\/osaka.ma\/product\/asrock-b660m-hdv\/#breadcrumb\",\"itemListElement\":[{\"@type\":\"ListItem\",\"position\":1,\"name\":\"Home\",\"item\":\"https:\/\/osaka.ma\/\"},{\"@type\":\"ListItem\",\"position\":2,\"name\":\"Shop\",\"item\":\"https:\/\/osaka.ma\/shop-2\/\"},{\"@type\":\"ListItem\",\"position\":3,\"name\":\"ASRock B660M-HDV\"}]},{\"@type\":\"WebSite\",\"@id\":\"https:\/\/osaka.ma\/#website\",\"url\":\"https:\/\/osaka.ma\/\",\"name\":\"Osaka\",\"description\":\"\",\"publisher\":{\"@id\":\"https:\/\/osaka.ma\/#organization\"},\"potentialAction\":[{\"@type\":\"SearchAction\",\"target\":{\"@type\":\"EntryPoint\",\"urlTemplate\":\"https:\/\/osaka.ma\/?s={search_term_string}\"},\"query-input\":{\"@type\":\"PropertyValueSpecification\",\"valueRequired\":true,\"valueName\":\"search_term_string\"}}],\"inLanguage\":\"de-DE\"},{\"@type\":\"Organization\",\"@id\":\"https:\/\/osaka.ma\/#organization\",\"name\":\"Osaka\",\"url\":\"https:\/\/osaka.ma\/\",\"logo\":{\"@type\":\"ImageObject\",\"inLanguage\":\"de-DE\",\"@id\":\"https:\/\/osaka.ma\/#\/schema\/logo\/image\/\",\"url\":\"https:\/\/osaka.ma\/wp-content\/uploads\/2026\/01\/model-slogan-logo-2Plan-de-travail-1dksl-plus-finnn.png\",\"contentUrl\":\"https:\/\/osaka.ma\/wp-content\/uploads\/2026\/01\/model-slogan-logo-2Plan-de-travail-1dksl-plus-finnn.png\",\"width\":842,\"height\":226,\"caption\":\"Osaka\"},\"image\":{\"@id\":\"https:\/\/osaka.ma\/#\/schema\/logo\/image\/\"}}]}<\/script>\n<!-- \/ Yoast SEO plugin. -->","yoast_head_json":{"title":"ASRock B660M-HDV - Osaka","robots":{"index":"index","follow":"follow","max-snippet":"max-snippet:-1","max-image-preview":"max-image-preview:large","max-video-preview":"max-video-preview:-1"},"canonical":"https:\/\/osaka.ma\/product\/asrock-b660m-hdv\/","og_locale":"de_DE","og_type":"article","og_title":"ASRock B660M-HDV - Osaka","og_url":"https:\/\/osaka.ma\/product\/asrock-b660m-hdv\/","og_site_name":"Osaka","article_modified_time":"2025-04-08T18:34:21+00:00","og_image":[{"width":600,"height":600,"url":"https:\/\/osaka.ma\/wp-content\/uploads\/2023\/10\/asrock-b660m-hdv.jpg","type":"image\/jpeg"}],"twitter_card":"summary_large_image","twitter_misc":{"Est. reading time":"1 minute"},"schema":{"@context":"https:\/\/schema.org","@graph":[{"@type":"WebPage","@id":"https:\/\/osaka.ma\/product\/asrock-b660m-hdv\/","url":"https:\/\/osaka.ma\/product\/asrock-b660m-hdv\/","name":"ASRock B660M-HDV - Osaka","isPartOf":{"@id":"https:\/\/osaka.ma\/#website"},"primaryImageOfPage":{"@id":"https:\/\/osaka.ma\/product\/asrock-b660m-hdv\/#primaryimage"},"image":{"@id":"https:\/\/osaka.ma\/product\/asrock-b660m-hdv\/#primaryimage"},"thumbnailUrl":"https:\/\/osaka.ma\/wp-content\/uploads\/2023\/10\/asrock-b660m-hdv.jpg","datePublished":"2023-10-05T18:32:29+00:00","dateModified":"2025-04-08T18:34:21+00:00","breadcrumb":{"@id":"https:\/\/osaka.ma\/product\/asrock-b660m-hdv\/#breadcrumb"},"inLanguage":"de-DE","potentialAction":[{"@type":"ReadAction","target":["https:\/\/osaka.ma\/product\/asrock-b660m-hdv\/"]}]},{"@type":"ImageObject","inLanguage":"de-DE","@id":"https:\/\/osaka.ma\/product\/asrock-b660m-hdv\/#primaryimage","url":"https:\/\/osaka.ma\/wp-content\/uploads\/2023\/10\/asrock-b660m-hdv.jpg","contentUrl":"https:\/\/osaka.ma\/wp-content\/uploads\/2023\/10\/asrock-b660m-hdv.jpg","width":600,"height":600},{"@type":"BreadcrumbList","@id":"https:\/\/osaka.ma\/product\/asrock-b660m-hdv\/#breadcrumb","itemListElement":[{"@type":"ListItem","position":1,"name":"Home","item":"https:\/\/osaka.ma\/"},{"@type":"ListItem","position":2,"name":"Shop","item":"https:\/\/osaka.ma\/shop-2\/"},{"@type":"ListItem","position":3,"name":"ASRock B660M-HDV"}]},{"@type":"WebSite","@id":"https:\/\/osaka.ma\/#website","url":"https:\/\/osaka.ma\/","name":"Osaka","description":"","publisher":{"@id":"https:\/\/osaka.ma\/#organization"},"potentialAction":[{"@type":"SearchAction","target":{"@type":"EntryPoint","urlTemplate":"https:\/\/osaka.ma\/?s={search_term_string}"},"query-input":{"@type":"PropertyValueSpecification","valueRequired":true,"valueName":"search_term_string"}}],"inLanguage":"de-DE"},{"@type":"Organization","@id":"https:\/\/osaka.ma\/#organization","name":"Osaka","url":"https:\/\/osaka.ma\/","logo":{"@type":"ImageObject","inLanguage":"de-DE","@id":"https:\/\/osaka.ma\/#\/schema\/logo\/image\/","url":"https:\/\/osaka.ma\/wp-content\/uploads\/2026\/01\/model-slogan-logo-2Plan-de-travail-1dksl-plus-finnn.png","contentUrl":"https:\/\/osaka.ma\/wp-content\/uploads\/2026\/01\/model-slogan-logo-2Plan-de-travail-1dksl-plus-finnn.png","width":842,"height":226,"caption":"Osaka"},"image":{"@id":"https:\/\/osaka.ma\/#\/schema\/logo\/image\/"}}]}},"jetpack_sharing_enabled":true,"brands":[],"_links":{"self":[{"href":"https:\/\/osaka.ma\/de\/wp-json\/wp\/v2\/product\/6073","targetHints":{"allow":["GET"]}}],"collection":[{"href":"https:\/\/osaka.ma\/de\/wp-json\/wp\/v2\/product"}],"about":[{"href":"https:\/\/osaka.ma\/de\/wp-json\/wp\/v2\/types\/product"}],"version-history":[{"count":0,"href":"https:\/\/osaka.ma\/de\/wp-json\/wp\/v2\/product\/6073\/revisions"}],"wp:featuredmedia":[{"embeddable":true,"href":"https:\/\/osaka.ma\/de\/wp-json\/wp\/v2\/media\/1006074"}],"wp:attachment":[{"href":"https:\/\/osaka.ma\/de\/wp-json\/wp\/v2\/media?parent=6073"}],"wp:term":[{"taxonomy":"pwb-brand","embeddable":true,"href":"https:\/\/osaka.ma\/de\/wp-json\/wp\/v2\/pwb-brand?post=6073"},{"taxonomy":"product_brand","embeddable":true,"href":"https:\/\/osaka.ma\/de\/wp-json\/wp\/v2\/product_brand?post=6073"},{"taxonomy":"product_cat","embeddable":true,"href":"https:\/\/osaka.ma\/de\/wp-json\/wp\/v2\/product_cat?post=6073"},{"taxonomy":"product_tag","embeddable":true,"href":"https:\/\/osaka.ma\/de\/wp-json\/wp\/v2\/product_tag?post=6073"},{"taxonomy":"pcb_component_type","embeddable":true,"href":"https:\/\/osaka.ma\/de\/wp-json\/wp\/v2\/pcb_component_type?post=6073"}],"curies":[{"name":"wp","href":"https:\/\/api.w.org\/{rel}","templated":true}]}}