{"id":6082,"date":"2023-10-05T18:57:25","date_gmt":"2023-10-05T18:57:25","guid":{"rendered":"https:\/\/osaka.ma\/?post_type=product&#038;p=6082"},"modified":"2025-04-08T18:34:41","modified_gmt":"2025-04-08T18:34:41","slug":"asus-prime-h610m-k-d4","status":"publish","type":"product","link":"https:\/\/osaka.ma\/de\/product\/asus-prime-h610m-k-d4\/","title":{"rendered":"ASUS PRIME H610M-K D4"},"content":{"rendered":"<p>Les cartes m\u00e8res ASUS Prime\u00a0sont con\u00e7ues pour vous permettre d&#8217;exploiter au mieux tout le potentiel de votre nouveau processeur Intel Core. B\u00e9n\u00e9ficiant d\u2019une conception robuste et de solutions de refroidissement compl\u00e8tes, les\u00a0cartes m\u00e8res de la s\u00e9rie Prime B660\u00a0offrent aux utilisateurs une large gamme d\u2019options d&#8217;optimisations des performances mat\u00e9rielles via des logiciels inclus.<\/p>\n<p>La\u00a0carte m\u00e8re ASUS PRIME H610M-K D4\u00a0est con\u00e7ue pour accueillir les\u00a0processeurs Intel de 12\u00e8me g\u00e9n\u00e9ration\u00a0sur\u00a0socket LGA 1700. Elle permettra l&#8217;assemblage d&#8217;une configuration gaming au co\u00fbt maitris\u00e9. Bureautique, multim\u00e9dia, multit\u00e2che, cr\u00e9ation multim\u00e9dia l\u00e9g\u00e8re, c&#8217;est la solution id\u00e9ale pour concevoir un\u00a0PC familial polyvalent. Elle prend en outre en charge la\u00a0RAM DDR4, les\u00a0cartes graphiques PCI-Express 4.0 16x, les\u00a0disques SATA 6 Gb\/s\u00a0et\u00a0M.2 PCIe NVMe\u00a0et les\u00a0p\u00e9riph\u00e9riques USB 3.0.<\/p>\n<p>&nbsp;<\/p>\n<p><strong>Socket<\/strong> : Intel 1700<\/p>\n<p><strong>Chipset<\/strong> : Intel H610 Express<\/p>\n<p><strong>Nombre de slots RAM<\/strong> : 2<\/p>\n<p><strong>Port(s) PCI-Express 16x<\/strong> : 1<\/p>\n<p><strong>Compatible NVIDIA SLI<\/strong> : Non<\/p>\n<p><strong>Compatible AMD Crossfire<\/strong> : Non<\/p>\n<p><strong>Format<\/strong> : Micro ATX<\/p>\n","protected":false},"excerpt":{"rendered":"<div id=\"product-description-short-4705\" class=\"product-description-short\">\n<p>Carte m\u00e8re Micro ATX Socket 1700 Intel H610 Express &#8211; 2x DDR4 &#8211; M.2 PCIe 3.0 &#8211; USB 3.0 &#8211; PCI-Express 4.0 16x<\/p>\n<p>&nbsp;<\/p>\n<\/div>\n<div class=\"product-actions\">\n<form id=\"add-to-cart-or-refresh\" action=\"https:\/\/www.ultrapc.ma\/panier\" method=\"post\">\n<div class=\"product-variants\">\n<div class=\"product-manufacturer product-variants-item text-center clearfix\"><\/div>\n<\/div>\n<\/form>\n<\/div>\n","protected":false},"featured_media":1006083,"template":"","meta":{"_acf_changed":false},"pwb-brand":[],"product_brand":[],"product_cat":[84,17,100],"product_tag":[],"pcb_component_type":[],"class_list":{"0":"post-6082","1":"product","2":"type-product","3":"status-publish","4":"has-post-thumbnail","6":"product_cat-carte-mere","7":"product_cat-composants-gaming","8":"product_cat-intel-carte-mere-composants-gaming-9","10":"first","11":"outofstock","12":"shipping-taxable","13":"product-type-simple"},"translation":{"provider":"WPGlobus","version":"3.0.2","language":"de","enabled_languages":["en","es","de","fr","ru"],"languages":{"en":{"title":true,"content":true,"excerpt":true},"es":{"title":false,"content":false,"excerpt":false},"de":{"title":false,"content":false,"excerpt":false},"fr":{"title":false,"content":false,"excerpt":false},"ru":{"title":false,"content":false,"excerpt":false}}},"acf":[],"yoast_head":"<!-- This site is optimized with the Yoast SEO plugin v27.2 - https:\/\/yoast.com\/product\/yoast-seo-wordpress\/ -->\n<title>ASUS PRIME H610M-K D4 - Osaka<\/title>\n<meta name=\"robots\" content=\"index, follow, max-snippet:-1, max-image-preview:large, max-video-preview:-1\" \/>\n<link rel=\"canonical\" href=\"https:\/\/osaka.ma\/product\/asus-prime-h610m-k-d4\/\" \/>\n<meta property=\"og:locale\" content=\"de_DE\" \/>\n<meta property=\"og:type\" content=\"article\" \/>\n<meta property=\"og:title\" content=\"ASUS PRIME H610M-K D4 - Osaka\" \/>\n<meta property=\"og:url\" content=\"https:\/\/osaka.ma\/product\/asus-prime-h610m-k-d4\/\" \/>\n<meta property=\"og:site_name\" content=\"Osaka\" \/>\n<meta property=\"article:modified_time\" content=\"2025-04-08T18:34:41+00:00\" \/>\n<meta property=\"og:image\" content=\"https:\/\/osaka.ma\/wp-content\/uploads\/2023\/10\/Prime-H610M-K-D4.jpg\" \/>\n\t<meta property=\"og:image:width\" content=\"600\" \/>\n\t<meta property=\"og:image:height\" content=\"600\" \/>\n\t<meta property=\"og:image:type\" content=\"image\/jpeg\" \/>\n<meta name=\"twitter:card\" content=\"summary_large_image\" \/>\n<meta name=\"twitter:label1\" content=\"Est. reading time\" \/>\n\t<meta name=\"twitter:data1\" content=\"1 minute\" \/>\n<script type=\"application\/ld+json\" class=\"yoast-schema-graph\">{\"@context\":\"https:\/\/schema.org\",\"@graph\":[{\"@type\":\"WebPage\",\"@id\":\"https:\/\/osaka.ma\/product\/asus-prime-h610m-k-d4\/\",\"url\":\"https:\/\/osaka.ma\/product\/asus-prime-h610m-k-d4\/\",\"name\":\"ASUS PRIME H610M-K D4 - Osaka\",\"isPartOf\":{\"@id\":\"https:\/\/osaka.ma\/#website\"},\"primaryImageOfPage\":{\"@id\":\"https:\/\/osaka.ma\/product\/asus-prime-h610m-k-d4\/#primaryimage\"},\"image\":{\"@id\":\"https:\/\/osaka.ma\/product\/asus-prime-h610m-k-d4\/#primaryimage\"},\"thumbnailUrl\":\"https:\/\/osaka.ma\/wp-content\/uploads\/2023\/10\/Prime-H610M-K-D4.jpg\",\"datePublished\":\"2023-10-05T18:57:25+00:00\",\"dateModified\":\"2025-04-08T18:34:41+00:00\",\"breadcrumb\":{\"@id\":\"https:\/\/osaka.ma\/product\/asus-prime-h610m-k-d4\/#breadcrumb\"},\"inLanguage\":\"de-DE\",\"potentialAction\":[{\"@type\":\"ReadAction\",\"target\":[\"https:\/\/osaka.ma\/product\/asus-prime-h610m-k-d4\/\"]}]},{\"@type\":\"ImageObject\",\"inLanguage\":\"de-DE\",\"@id\":\"https:\/\/osaka.ma\/product\/asus-prime-h610m-k-d4\/#primaryimage\",\"url\":\"https:\/\/osaka.ma\/wp-content\/uploads\/2023\/10\/Prime-H610M-K-D4.jpg\",\"contentUrl\":\"https:\/\/osaka.ma\/wp-content\/uploads\/2023\/10\/Prime-H610M-K-D4.jpg\",\"width\":600,\"height\":600},{\"@type\":\"BreadcrumbList\",\"@id\":\"https:\/\/osaka.ma\/product\/asus-prime-h610m-k-d4\/#breadcrumb\",\"itemListElement\":[{\"@type\":\"ListItem\",\"position\":1,\"name\":\"Home\",\"item\":\"https:\/\/osaka.ma\/\"},{\"@type\":\"ListItem\",\"position\":2,\"name\":\"Shop\",\"item\":\"https:\/\/osaka.ma\/shop-2\/\"},{\"@type\":\"ListItem\",\"position\":3,\"name\":\"ASUS PRIME H610M-K D4\"}]},{\"@type\":\"WebSite\",\"@id\":\"https:\/\/osaka.ma\/#website\",\"url\":\"https:\/\/osaka.ma\/\",\"name\":\"Osaka\",\"description\":\"\",\"publisher\":{\"@id\":\"https:\/\/osaka.ma\/#organization\"},\"potentialAction\":[{\"@type\":\"SearchAction\",\"target\":{\"@type\":\"EntryPoint\",\"urlTemplate\":\"https:\/\/osaka.ma\/?s={search_term_string}\"},\"query-input\":{\"@type\":\"PropertyValueSpecification\",\"valueRequired\":true,\"valueName\":\"search_term_string\"}}],\"inLanguage\":\"de-DE\"},{\"@type\":\"Organization\",\"@id\":\"https:\/\/osaka.ma\/#organization\",\"name\":\"Osaka\",\"url\":\"https:\/\/osaka.ma\/\",\"logo\":{\"@type\":\"ImageObject\",\"inLanguage\":\"de-DE\",\"@id\":\"https:\/\/osaka.ma\/#\/schema\/logo\/image\/\",\"url\":\"https:\/\/osaka.ma\/wp-content\/uploads\/2026\/01\/model-slogan-logo-2Plan-de-travail-1dksl-plus-finnn.png\",\"contentUrl\":\"https:\/\/osaka.ma\/wp-content\/uploads\/2026\/01\/model-slogan-logo-2Plan-de-travail-1dksl-plus-finnn.png\",\"width\":842,\"height\":226,\"caption\":\"Osaka\"},\"image\":{\"@id\":\"https:\/\/osaka.ma\/#\/schema\/logo\/image\/\"}}]}<\/script>\n<!-- \/ Yoast SEO plugin. -->","yoast_head_json":{"title":"ASUS PRIME H610M-K D4 - Osaka","robots":{"index":"index","follow":"follow","max-snippet":"max-snippet:-1","max-image-preview":"max-image-preview:large","max-video-preview":"max-video-preview:-1"},"canonical":"https:\/\/osaka.ma\/product\/asus-prime-h610m-k-d4\/","og_locale":"de_DE","og_type":"article","og_title":"ASUS PRIME H610M-K D4 - Osaka","og_url":"https:\/\/osaka.ma\/product\/asus-prime-h610m-k-d4\/","og_site_name":"Osaka","article_modified_time":"2025-04-08T18:34:41+00:00","og_image":[{"width":600,"height":600,"url":"https:\/\/osaka.ma\/wp-content\/uploads\/2023\/10\/Prime-H610M-K-D4.jpg","type":"image\/jpeg"}],"twitter_card":"summary_large_image","twitter_misc":{"Est. reading time":"1 minute"},"schema":{"@context":"https:\/\/schema.org","@graph":[{"@type":"WebPage","@id":"https:\/\/osaka.ma\/product\/asus-prime-h610m-k-d4\/","url":"https:\/\/osaka.ma\/product\/asus-prime-h610m-k-d4\/","name":"ASUS PRIME H610M-K D4 - Osaka","isPartOf":{"@id":"https:\/\/osaka.ma\/#website"},"primaryImageOfPage":{"@id":"https:\/\/osaka.ma\/product\/asus-prime-h610m-k-d4\/#primaryimage"},"image":{"@id":"https:\/\/osaka.ma\/product\/asus-prime-h610m-k-d4\/#primaryimage"},"thumbnailUrl":"https:\/\/osaka.ma\/wp-content\/uploads\/2023\/10\/Prime-H610M-K-D4.jpg","datePublished":"2023-10-05T18:57:25+00:00","dateModified":"2025-04-08T18:34:41+00:00","breadcrumb":{"@id":"https:\/\/osaka.ma\/product\/asus-prime-h610m-k-d4\/#breadcrumb"},"inLanguage":"de-DE","potentialAction":[{"@type":"ReadAction","target":["https:\/\/osaka.ma\/product\/asus-prime-h610m-k-d4\/"]}]},{"@type":"ImageObject","inLanguage":"de-DE","@id":"https:\/\/osaka.ma\/product\/asus-prime-h610m-k-d4\/#primaryimage","url":"https:\/\/osaka.ma\/wp-content\/uploads\/2023\/10\/Prime-H610M-K-D4.jpg","contentUrl":"https:\/\/osaka.ma\/wp-content\/uploads\/2023\/10\/Prime-H610M-K-D4.jpg","width":600,"height":600},{"@type":"BreadcrumbList","@id":"https:\/\/osaka.ma\/product\/asus-prime-h610m-k-d4\/#breadcrumb","itemListElement":[{"@type":"ListItem","position":1,"name":"Home","item":"https:\/\/osaka.ma\/"},{"@type":"ListItem","position":2,"name":"Shop","item":"https:\/\/osaka.ma\/shop-2\/"},{"@type":"ListItem","position":3,"name":"ASUS PRIME H610M-K D4"}]},{"@type":"WebSite","@id":"https:\/\/osaka.ma\/#website","url":"https:\/\/osaka.ma\/","name":"Osaka","description":"","publisher":{"@id":"https:\/\/osaka.ma\/#organization"},"potentialAction":[{"@type":"SearchAction","target":{"@type":"EntryPoint","urlTemplate":"https:\/\/osaka.ma\/?s={search_term_string}"},"query-input":{"@type":"PropertyValueSpecification","valueRequired":true,"valueName":"search_term_string"}}],"inLanguage":"de-DE"},{"@type":"Organization","@id":"https:\/\/osaka.ma\/#organization","name":"Osaka","url":"https:\/\/osaka.ma\/","logo":{"@type":"ImageObject","inLanguage":"de-DE","@id":"https:\/\/osaka.ma\/#\/schema\/logo\/image\/","url":"https:\/\/osaka.ma\/wp-content\/uploads\/2026\/01\/model-slogan-logo-2Plan-de-travail-1dksl-plus-finnn.png","contentUrl":"https:\/\/osaka.ma\/wp-content\/uploads\/2026\/01\/model-slogan-logo-2Plan-de-travail-1dksl-plus-finnn.png","width":842,"height":226,"caption":"Osaka"},"image":{"@id":"https:\/\/osaka.ma\/#\/schema\/logo\/image\/"}}]}},"jetpack_sharing_enabled":true,"brands":[],"_links":{"self":[{"href":"https:\/\/osaka.ma\/de\/wp-json\/wp\/v2\/product\/6082","targetHints":{"allow":["GET"]}}],"collection":[{"href":"https:\/\/osaka.ma\/de\/wp-json\/wp\/v2\/product"}],"about":[{"href":"https:\/\/osaka.ma\/de\/wp-json\/wp\/v2\/types\/product"}],"version-history":[{"count":0,"href":"https:\/\/osaka.ma\/de\/wp-json\/wp\/v2\/product\/6082\/revisions"}],"wp:featuredmedia":[{"embeddable":true,"href":"https:\/\/osaka.ma\/de\/wp-json\/wp\/v2\/media\/1006083"}],"wp:attachment":[{"href":"https:\/\/osaka.ma\/de\/wp-json\/wp\/v2\/media?parent=6082"}],"wp:term":[{"taxonomy":"pwb-brand","embeddable":true,"href":"https:\/\/osaka.ma\/de\/wp-json\/wp\/v2\/pwb-brand?post=6082"},{"taxonomy":"product_brand","embeddable":true,"href":"https:\/\/osaka.ma\/de\/wp-json\/wp\/v2\/product_brand?post=6082"},{"taxonomy":"product_cat","embeddable":true,"href":"https:\/\/osaka.ma\/de\/wp-json\/wp\/v2\/product_cat?post=6082"},{"taxonomy":"product_tag","embeddable":true,"href":"https:\/\/osaka.ma\/de\/wp-json\/wp\/v2\/product_tag?post=6082"},{"taxonomy":"pcb_component_type","embeddable":true,"href":"https:\/\/osaka.ma\/de\/wp-json\/wp\/v2\/pcb_component_type?post=6082"}],"curies":[{"name":"wp","href":"https:\/\/api.w.org\/{rel}","templated":true}]}}