{"id":6199,"date":"2023-10-06T15:51:07","date_gmt":"2023-10-06T15:51:07","guid":{"rendered":"https:\/\/osaka.ma\/?post_type=product&#038;p=6199"},"modified":"2025-04-14T13:08:53","modified_gmt":"2025-04-14T13:08:53","slug":"lian-li-o11-dynamic-razer-edition","status":"publish","type":"product","link":"https:\/\/osaka.ma\/de\/product\/lian-li-o11-dynamic-razer-edition\/","title":{"rendered":"Lian Li O11 Dynamic Razer Edition"},"content":{"rendered":"<p>Le boitier Lian-Li PC-O11 Dynamic est taill\u00e9 pour abriter une configuration muscl\u00e9e. B\u00e9n\u00e9ficiant des technologies Razer Chroma et Razer Synapse 3, il offre des possibilit\u00e9s de r\u00e9tro\u00e9clairage RGB particuli\u00e8rement int\u00e9ressants pour les Gamers exigeants. Ce boitier dispose de tr\u00e8s nombreux emplacements de ventilation et une grande compatibilit\u00e9 avec les radiateurs de watercooling, lui permettant d&#8217;assurer pleinement le refroidissement de votre configuration avec jusqu\u2019\u00e0 9 ventilateurs 120 mm. La structure en aluminium et en verre tremp\u00e9 donne un aspect solide et \u00e9l\u00e9gant et l&#8217;espacement int\u00e9rieur vous permettra d&#8217;obtenir un cable management de grande qualit\u00e9.<\/p>\n","protected":false},"excerpt":{"rendered":"<h4 id=\"headline-1853-5404\" class=\"ct-headline\">Caract\u00e9ristiques :<\/h4>\n<div id=\"-product-excerpt-15-5404\" class=\"oxy-product-excerpt oxy-woo-element\">\n<div class=\"woocommerce-product-details__short-description\">\n<ul>\n<li>Design sobre et \u00e9l\u00e9gant en aluminium et verre tremp\u00e9<\/li>\n<li>Compatible Watercooling<\/li>\n<li>Disques durs : 6 x 2.5&#8243; et 2 x 3.5&#8243;<\/li>\n<li>8 slots d&#8217;extension<\/li>\n<li>3 bandes lumineuses pr\u00e9install\u00e9es (alimentation via connecteur interne USB 2.0)<\/li>\n<li>Compatible avec les cartes m\u00e8re au format ATX, micro-ATX et E-ATX<\/li>\n<li>Longueur max. de Cartes Graphiques : 420 mm<\/li>\n<li>Longueur max. de l&#8217;alimentation PSU : 255 mm<\/li>\n<li>Hauteur max. dissipateur CPU : 155 mm<\/li>\n<li>USB 3.1 Type C en fa\u00e7ade<\/li>\n<\/ul>\n<\/div>\n<\/div>\n","protected":false},"featured_media":1006200,"template":"","meta":{"_acf_changed":false},"pwb-brand":[],"product_brand":[108],"product_cat":[27,17],"product_tag":[],"pcb_component_type":[],"class_list":{"0":"post-6199","1":"product","2":"type-product","3":"status-publish","4":"has-post-thumbnail","6":"product_brand-razer","7":"product_cat-boitiers-pc","8":"product_cat-composants-gaming","10":"first","11":"outofstock","12":"shipping-taxable","13":"product-type-simple"},"translation":{"provider":"WPGlobus","version":"3.0.2","language":"de","enabled_languages":["en","es","de","fr","ru"],"languages":{"en":{"title":true,"content":true,"excerpt":true},"es":{"title":false,"content":false,"excerpt":false},"de":{"title":false,"content":false,"excerpt":false},"fr":{"title":false,"content":false,"excerpt":false},"ru":{"title":false,"content":false,"excerpt":false}}},"acf":[],"yoast_head":"<!-- This site is optimized with the Yoast SEO plugin v27.2 - https:\/\/yoast.com\/product\/yoast-seo-wordpress\/ -->\n<title>Lian Li O11 Dynamic Razer Edition - Osaka<\/title>\n<meta name=\"robots\" content=\"index, follow, max-snippet:-1, max-image-preview:large, max-video-preview:-1\" \/>\n<link rel=\"canonical\" href=\"https:\/\/osaka.ma\/product\/lian-li-o11-dynamic-razer-edition\/\" \/>\n<meta property=\"og:locale\" content=\"de_DE\" \/>\n<meta property=\"og:type\" content=\"article\" \/>\n<meta property=\"og:title\" content=\"Lian Li O11 Dynamic Razer Edition - Osaka\" \/>\n<meta property=\"og:url\" content=\"https:\/\/osaka.ma\/product\/lian-li-o11-dynamic-razer-edition\/\" \/>\n<meta property=\"og:site_name\" content=\"Osaka\" \/>\n<meta property=\"article:modified_time\" content=\"2025-04-14T13:08:53+00:00\" \/>\n<meta property=\"og:image\" content=\"https:\/\/osaka.ma\/wp-content\/uploads\/2023\/10\/Atlas-Gaming-Lian-Li-O11-Dynamic-Razer-Edition.jpg\" \/>\n\t<meta property=\"og:image:width\" content=\"600\" \/>\n\t<meta property=\"og:image:height\" content=\"600\" \/>\n\t<meta property=\"og:image:type\" content=\"image\/jpeg\" \/>\n<meta name=\"twitter:card\" content=\"summary_large_image\" \/>\n<meta name=\"twitter:label1\" content=\"Est. reading time\" \/>\n\t<meta name=\"twitter:data1\" content=\"1 minute\" \/>\n<script type=\"application\/ld+json\" class=\"yoast-schema-graph\">{\"@context\":\"https:\/\/schema.org\",\"@graph\":[{\"@type\":\"WebPage\",\"@id\":\"https:\/\/osaka.ma\/product\/lian-li-o11-dynamic-razer-edition\/\",\"url\":\"https:\/\/osaka.ma\/product\/lian-li-o11-dynamic-razer-edition\/\",\"name\":\"Lian Li O11 Dynamic Razer Edition - Osaka\",\"isPartOf\":{\"@id\":\"https:\/\/osaka.ma\/#website\"},\"primaryImageOfPage\":{\"@id\":\"https:\/\/osaka.ma\/product\/lian-li-o11-dynamic-razer-edition\/#primaryimage\"},\"image\":{\"@id\":\"https:\/\/osaka.ma\/product\/lian-li-o11-dynamic-razer-edition\/#primaryimage\"},\"thumbnailUrl\":\"https:\/\/osaka.ma\/wp-content\/uploads\/2023\/10\/Atlas-Gaming-Lian-Li-O11-Dynamic-Razer-Edition.jpg\",\"datePublished\":\"2023-10-06T15:51:07+00:00\",\"dateModified\":\"2025-04-14T13:08:53+00:00\",\"breadcrumb\":{\"@id\":\"https:\/\/osaka.ma\/product\/lian-li-o11-dynamic-razer-edition\/#breadcrumb\"},\"inLanguage\":\"de-DE\",\"potentialAction\":[{\"@type\":\"ReadAction\",\"target\":[\"https:\/\/osaka.ma\/product\/lian-li-o11-dynamic-razer-edition\/\"]}]},{\"@type\":\"ImageObject\",\"inLanguage\":\"de-DE\",\"@id\":\"https:\/\/osaka.ma\/product\/lian-li-o11-dynamic-razer-edition\/#primaryimage\",\"url\":\"https:\/\/osaka.ma\/wp-content\/uploads\/2023\/10\/Atlas-Gaming-Lian-Li-O11-Dynamic-Razer-Edition.jpg\",\"contentUrl\":\"https:\/\/osaka.ma\/wp-content\/uploads\/2023\/10\/Atlas-Gaming-Lian-Li-O11-Dynamic-Razer-Edition.jpg\",\"width\":600,\"height\":600},{\"@type\":\"BreadcrumbList\",\"@id\":\"https:\/\/osaka.ma\/product\/lian-li-o11-dynamic-razer-edition\/#breadcrumb\",\"itemListElement\":[{\"@type\":\"ListItem\",\"position\":1,\"name\":\"Home\",\"item\":\"https:\/\/osaka.ma\/\"},{\"@type\":\"ListItem\",\"position\":2,\"name\":\"Shop\",\"item\":\"https:\/\/osaka.ma\/shop-2\/\"},{\"@type\":\"ListItem\",\"position\":3,\"name\":\"Lian Li O11 Dynamic Razer Edition\"}]},{\"@type\":\"WebSite\",\"@id\":\"https:\/\/osaka.ma\/#website\",\"url\":\"https:\/\/osaka.ma\/\",\"name\":\"Osaka\",\"description\":\"\",\"publisher\":{\"@id\":\"https:\/\/osaka.ma\/#organization\"},\"potentialAction\":[{\"@type\":\"SearchAction\",\"target\":{\"@type\":\"EntryPoint\",\"urlTemplate\":\"https:\/\/osaka.ma\/?s={search_term_string}\"},\"query-input\":{\"@type\":\"PropertyValueSpecification\",\"valueRequired\":true,\"valueName\":\"search_term_string\"}}],\"inLanguage\":\"de-DE\"},{\"@type\":\"Organization\",\"@id\":\"https:\/\/osaka.ma\/#organization\",\"name\":\"Osaka\",\"url\":\"https:\/\/osaka.ma\/\",\"logo\":{\"@type\":\"ImageObject\",\"inLanguage\":\"de-DE\",\"@id\":\"https:\/\/osaka.ma\/#\/schema\/logo\/image\/\",\"url\":\"https:\/\/osaka.ma\/wp-content\/uploads\/2026\/01\/model-slogan-logo-2Plan-de-travail-1dksl-plus-finnn.png\",\"contentUrl\":\"https:\/\/osaka.ma\/wp-content\/uploads\/2026\/01\/model-slogan-logo-2Plan-de-travail-1dksl-plus-finnn.png\",\"width\":842,\"height\":226,\"caption\":\"Osaka\"},\"image\":{\"@id\":\"https:\/\/osaka.ma\/#\/schema\/logo\/image\/\"}}]}<\/script>\n<!-- \/ Yoast SEO plugin. -->","yoast_head_json":{"title":"Lian Li O11 Dynamic Razer Edition - Osaka","robots":{"index":"index","follow":"follow","max-snippet":"max-snippet:-1","max-image-preview":"max-image-preview:large","max-video-preview":"max-video-preview:-1"},"canonical":"https:\/\/osaka.ma\/product\/lian-li-o11-dynamic-razer-edition\/","og_locale":"de_DE","og_type":"article","og_title":"Lian Li O11 Dynamic Razer Edition - Osaka","og_url":"https:\/\/osaka.ma\/product\/lian-li-o11-dynamic-razer-edition\/","og_site_name":"Osaka","article_modified_time":"2025-04-14T13:08:53+00:00","og_image":[{"width":600,"height":600,"url":"https:\/\/osaka.ma\/wp-content\/uploads\/2023\/10\/Atlas-Gaming-Lian-Li-O11-Dynamic-Razer-Edition.jpg","type":"image\/jpeg"}],"twitter_card":"summary_large_image","twitter_misc":{"Est. reading time":"1 minute"},"schema":{"@context":"https:\/\/schema.org","@graph":[{"@type":"WebPage","@id":"https:\/\/osaka.ma\/product\/lian-li-o11-dynamic-razer-edition\/","url":"https:\/\/osaka.ma\/product\/lian-li-o11-dynamic-razer-edition\/","name":"Lian Li O11 Dynamic Razer Edition - Osaka","isPartOf":{"@id":"https:\/\/osaka.ma\/#website"},"primaryImageOfPage":{"@id":"https:\/\/osaka.ma\/product\/lian-li-o11-dynamic-razer-edition\/#primaryimage"},"image":{"@id":"https:\/\/osaka.ma\/product\/lian-li-o11-dynamic-razer-edition\/#primaryimage"},"thumbnailUrl":"https:\/\/osaka.ma\/wp-content\/uploads\/2023\/10\/Atlas-Gaming-Lian-Li-O11-Dynamic-Razer-Edition.jpg","datePublished":"2023-10-06T15:51:07+00:00","dateModified":"2025-04-14T13:08:53+00:00","breadcrumb":{"@id":"https:\/\/osaka.ma\/product\/lian-li-o11-dynamic-razer-edition\/#breadcrumb"},"inLanguage":"de-DE","potentialAction":[{"@type":"ReadAction","target":["https:\/\/osaka.ma\/product\/lian-li-o11-dynamic-razer-edition\/"]}]},{"@type":"ImageObject","inLanguage":"de-DE","@id":"https:\/\/osaka.ma\/product\/lian-li-o11-dynamic-razer-edition\/#primaryimage","url":"https:\/\/osaka.ma\/wp-content\/uploads\/2023\/10\/Atlas-Gaming-Lian-Li-O11-Dynamic-Razer-Edition.jpg","contentUrl":"https:\/\/osaka.ma\/wp-content\/uploads\/2023\/10\/Atlas-Gaming-Lian-Li-O11-Dynamic-Razer-Edition.jpg","width":600,"height":600},{"@type":"BreadcrumbList","@id":"https:\/\/osaka.ma\/product\/lian-li-o11-dynamic-razer-edition\/#breadcrumb","itemListElement":[{"@type":"ListItem","position":1,"name":"Home","item":"https:\/\/osaka.ma\/"},{"@type":"ListItem","position":2,"name":"Shop","item":"https:\/\/osaka.ma\/shop-2\/"},{"@type":"ListItem","position":3,"name":"Lian Li O11 Dynamic Razer Edition"}]},{"@type":"WebSite","@id":"https:\/\/osaka.ma\/#website","url":"https:\/\/osaka.ma\/","name":"Osaka","description":"","publisher":{"@id":"https:\/\/osaka.ma\/#organization"},"potentialAction":[{"@type":"SearchAction","target":{"@type":"EntryPoint","urlTemplate":"https:\/\/osaka.ma\/?s={search_term_string}"},"query-input":{"@type":"PropertyValueSpecification","valueRequired":true,"valueName":"search_term_string"}}],"inLanguage":"de-DE"},{"@type":"Organization","@id":"https:\/\/osaka.ma\/#organization","name":"Osaka","url":"https:\/\/osaka.ma\/","logo":{"@type":"ImageObject","inLanguage":"de-DE","@id":"https:\/\/osaka.ma\/#\/schema\/logo\/image\/","url":"https:\/\/osaka.ma\/wp-content\/uploads\/2026\/01\/model-slogan-logo-2Plan-de-travail-1dksl-plus-finnn.png","contentUrl":"https:\/\/osaka.ma\/wp-content\/uploads\/2026\/01\/model-slogan-logo-2Plan-de-travail-1dksl-plus-finnn.png","width":842,"height":226,"caption":"Osaka"},"image":{"@id":"https:\/\/osaka.ma\/#\/schema\/logo\/image\/"}}]}},"jetpack_sharing_enabled":true,"brands":[],"_links":{"self":[{"href":"https:\/\/osaka.ma\/de\/wp-json\/wp\/v2\/product\/6199","targetHints":{"allow":["GET"]}}],"collection":[{"href":"https:\/\/osaka.ma\/de\/wp-json\/wp\/v2\/product"}],"about":[{"href":"https:\/\/osaka.ma\/de\/wp-json\/wp\/v2\/types\/product"}],"version-history":[{"count":0,"href":"https:\/\/osaka.ma\/de\/wp-json\/wp\/v2\/product\/6199\/revisions"}],"wp:featuredmedia":[{"embeddable":true,"href":"https:\/\/osaka.ma\/de\/wp-json\/wp\/v2\/media\/1006200"}],"wp:attachment":[{"href":"https:\/\/osaka.ma\/de\/wp-json\/wp\/v2\/media?parent=6199"}],"wp:term":[{"taxonomy":"pwb-brand","embeddable":true,"href":"https:\/\/osaka.ma\/de\/wp-json\/wp\/v2\/pwb-brand?post=6199"},{"taxonomy":"product_brand","embeddable":true,"href":"https:\/\/osaka.ma\/de\/wp-json\/wp\/v2\/product_brand?post=6199"},{"taxonomy":"product_cat","embeddable":true,"href":"https:\/\/osaka.ma\/de\/wp-json\/wp\/v2\/product_cat?post=6199"},{"taxonomy":"product_tag","embeddable":true,"href":"https:\/\/osaka.ma\/de\/wp-json\/wp\/v2\/product_tag?post=6199"},{"taxonomy":"pcb_component_type","embeddable":true,"href":"https:\/\/osaka.ma\/de\/wp-json\/wp\/v2\/pcb_component_type?post=6199"}],"curies":[{"name":"wp","href":"https:\/\/api.w.org\/{rel}","templated":true}]}}