{"id":6631,"date":"2023-11-28T12:03:28","date_gmt":"2023-11-28T12:03:28","guid":{"rendered":"https:\/\/osaka.ma\/?post_type=product&#038;p=6631"},"modified":"2025-03-28T15:42:05","modified_gmt":"2025-03-28T15:42:05","slug":"intel-core-i5-11400f-2-6-ghz-4-4-ghz","status":"publish","type":"product","link":"https:\/\/osaka.ma\/de\/product\/intel-core-i5-11400f-2-6-ghz-4-4-ghz\/","title":{"rendered":"Intel Core i5-11400F (2.6 GHz \/ 4.4 GHz) Tray"},"content":{"rendered":"<div class=\"logo\"><img decoding=\"async\" src=\"https:\/\/media.ldlc.com\/v3\/marque\/bo\/00\/05\/72\/22\/V30005722262_2.jpg\" alt=\"Intel\" \/><\/div>\n<div id=\"description\" class=\"description\">\n<div class=\"details-pdt-desc\">\n<h2 class=\"h2-master\">Processeur Intel Core 11\u00e8me g\u00e9n\u00e9ration Rocket Lake-S<\/h2>\n<section>La\u00a0<strong>11\u00e8me g\u00e9n\u00e9ration de processeur Intel Core Rocket Lake-S\u00a0<\/strong>vous propulse vers toujours plus de puissance gr\u00e2ce \u00e0 sa compatibilit\u00e9 avec la norme\u00a0<strong>PCI-Express 4.0<\/strong>\u00a0et la pr\u00e9sence de l&#8217;<strong>Hyper Threading<\/strong>\u00a0sur toute la gamme depuis le Core i3 jusqu&#8217;au Core i9. Ses fr\u00e9quences Turbo vont toujours plus haut en conservant des TDP identiques aux g\u00e9n\u00e9rations pr\u00e9c\u00e9dentes. Les performances de pointe et la fluidit\u00e9 sont de mise pour tous que ce soit pour une utilisation bureautique, cr\u00e9ative ou gaming. Le\u00a0<strong>processeur Intel Core i5-11400F<\/strong>\u00a0dot\u00e9 de\u00a0<strong>6 Cores<\/strong>\u00a0(12 Threads), de\u00a0<strong>12 Mo de cache<\/strong>\u00a0et de\u00a0<strong>fr\u00e9quences Turbo pouvant atteindre 4.4 GHz<\/strong>\u00a0se destine aux gamers avertis et aux utilisateurs qui ont besoin d&#8217;un processeur \u00e0 l&#8217;aise dans toutes les situations.Performances irr\u00e9sistibles dans les Jeux, r\u00e9alit\u00e9 virtuelle sans ralentissement, multit\u00e2che intensif, les processeurs Intel Core de 11\u00e8me g\u00e9n\u00e9ration sont ultra polyvalents et rien ne leur fait peur ! L&#8217;Intel Core i5-11400F est\u00a0<strong>d\u00e9pourvu de contr\u00f4leur graphique int\u00e9gr\u00e9\u00a0<\/strong>g\u00e9n\u00e9ralement peu utililis\u00e9 par les gamers et les power users. Vous disposez ainsi d&#8217;une plus grande flexibilit\u00e9 dans le choix la\u00a0carte graphique adapt\u00e9e \u00e0 vos exigences.<\/section>\n<section>\n<div class=\"desc-image\"><img decoding=\"async\" src=\"https:\/\/media.ldlc.com\/bo\/images\/fiches\/processeur\/intel\/rocket_lake_s\/800_1.jpg\" alt=\"\" \/><\/div>\n<div class=\"desc-text\">\n<h2>INTEL CORE I5-11400F : 6 CORES DE 2.6 GHZ \u00c0 4.4 GHZ<\/h2>\n<p>Le\u00a0<strong>processeur Intel Core i5-11400F<\/strong>\u00a0embarque\u00a0<strong>6 Coeurs et 12 threads<\/strong>\u00a0accompagn\u00e9s de\u00a0<strong>12 Mo de Cache.<\/strong>\u00a0Il propose des performances de haute vol\u00e9e\u00a0 avec sa fr\u00e9quence de base \u00e0 2.6 GHz et\u00a0<strong>jusqu&#8217; \u00e0 4.4 GHz en mode Turbo<\/strong>. Son\u00a0<strong>TDP de 65W<\/strong>\u00a0lui permet d&#8217;offrir des fr\u00e9quences de fonctionnement \u00e9lev\u00e9es tout en gardant une consommation \u00e9lectrique maitris\u00e9e.<\/p>\n<\/div>\n<\/section>\n<section>\n<div class=\"desc-text\">\n<h2>LES GAMERS EN POINT DE MIRE<\/h2>\n<p>Avec le\u00a0<strong>processeur pour PC de bureau<\/strong>\u00a0Intel Core i5-11400F est \u00e0 m\u00eame de s&#8217;affranchir rapidement et sans ralentissement des t\u00e2ches les plus lourdes et vous fera b\u00e9n\u00e9ficier d&#8217;un multit\u00e2che intensif fluide. Il est aussi id\u00e9al pour jouer aux derniers jeux vid\u00e9o notamment les Triple-A, regarder des films en tr\u00e8s haute r\u00e9solution, cr\u00e9er et retoucher du contenu num\u00e9rique, la seule limit\u00e9 \u00e9tant votre imagination. Le processeur Intel Core i5 11\u00e8me g\u00e9n\u00e9ration est dot\u00e9 de la technologie\u00a0<em><strong>Intel Turbo Boost 2.0<\/strong><\/em><em>\u00a0<\/em>qui permet un surplus de puissance lorsque votre utilisation le demande.<\/p>\n<\/div>\n<div class=\"desc-image\"><img decoding=\"async\" src=\"https:\/\/media.ldlc.com\/bo\/images\/fiches\/processeur\/intel\/rocket_lake_s\/800_2.jpg\" alt=\"\" \/><\/div>\n<\/section>\n<section>\n<div class=\"desc-image\"><img decoding=\"async\" src=\"https:\/\/media.ldlc.com\/bo\/images\/fiches\/processeur\/intel\/rocket_lake_s\/800_3.jpg\" alt=\"\" \/><\/div>\n<div class=\"desc-text\">\n<h2>UNE CR\u00c9ATIVIT\u00c9 ILLIMIT\u00c9E<\/h2>\n<p>Le processeur Intel Core i5-11400F est de taille pour vous permettre d&#8217;exprimer votre cr\u00e9ativit\u00e9 en toute fluidit\u00e9 et vos t\u00e2ches quotidiennes seront ex\u00e9cut\u00e9es toujours avec la m\u00eame rapidit\u00e9. Ses 6 c\u0153urs (12 threads) et sa fr\u00e9quence turbo \u00e0 4.4 Ghz, feront de ce processeur un \u00e9lement de choix pour les joueurs \u00e0 la recherche d&#8217;un processeur avec un bon rapport performances\/prix.<\/p>\n<\/div>\n<\/section>\n<\/div>\n<\/div>\n","protected":false},"excerpt":{"rendered":"<h2>INTEL CORE I5-11400F : 6 CORES DE 2.6 GHZ \u00c0 4.4 GHZ<\/h2>\n<p>Le\u00a0<strong>processeur Intel Core i5-11400F<\/strong>\u00a0embarque\u00a0<strong>6 Coeurs et 12 threads<\/strong>\u00a0accompagn\u00e9s de\u00a0<strong>12 Mo de Cache.<\/strong>\u00a0Il propose des performances de haute vol\u00e9e\u00a0 avec sa fr\u00e9quence de base \u00e0 2.6 GHz et\u00a0<strong>jusqu&#8217; \u00e0 4.4 GHz en mode Turbo<\/strong>. Son\u00a0<strong>TDP de 65W<\/strong>\u00a0lui permet d&#8217;offrir des fr\u00e9quences de fonctionnement \u00e9lev\u00e9es tout en gardant une consommation \u00e9lectrique maitris\u00e9e.<\/p>\n","protected":false},"featured_media":1006632,"template":"","meta":{"_acf_changed":false},"pwb-brand":[],"product_brand":[],"product_cat":[17,67,66],"product_tag":[],"pcb_component_type":[],"class_list":{"0":"post-6631","1":"product","2":"type-product","3":"status-publish","4":"has-post-thumbnail","6":"product_cat-composants-gaming","7":"product_cat-intel-processeurs","8":"product_cat-processeurs","10":"first","11":"outofstock","12":"shipping-taxable","13":"product-type-simple"},"translation":{"provider":"WPGlobus","version":"3.0.2","language":"de","enabled_languages":["en","es","de","fr","ru"],"languages":{"en":{"title":true,"content":true,"excerpt":true},"es":{"title":false,"content":false,"excerpt":false},"de":{"title":false,"content":false,"excerpt":false},"fr":{"title":false,"content":false,"excerpt":false},"ru":{"title":false,"content":false,"excerpt":false}}},"acf":[],"yoast_head":"<!-- This site is optimized with the Yoast SEO plugin v27.2 - https:\/\/yoast.com\/product\/yoast-seo-wordpress\/ -->\n<title>Intel Core i5-11400F (2.6 GHz \/ 4.4 GHz) Tray - Osaka<\/title>\n<meta name=\"robots\" content=\"index, follow, max-snippet:-1, max-image-preview:large, max-video-preview:-1\" \/>\n<link rel=\"canonical\" href=\"https:\/\/osaka.ma\/product\/intel-core-i5-11400f-2-6-ghz-4-4-ghz\/\" \/>\n<meta property=\"og:locale\" content=\"de_DE\" \/>\n<meta property=\"og:type\" content=\"article\" \/>\n<meta property=\"og:title\" content=\"Intel Core i5-11400F (2.6 GHz \/ 4.4 GHz) Tray - Osaka\" \/>\n<meta property=\"og:url\" content=\"https:\/\/osaka.ma\/product\/intel-core-i5-11400f-2-6-ghz-4-4-ghz\/\" \/>\n<meta property=\"og:site_name\" content=\"Osaka\" \/>\n<meta property=\"article:modified_time\" content=\"2025-03-28T15:42:05+00:00\" \/>\n<meta property=\"og:image\" content=\"https:\/\/osaka.ma\/wp-content\/uploads\/2023\/11\/Intel-Core-i5-11400F-2.6-GHz-4.4-GHz.jpg\" \/>\n\t<meta property=\"og:image:width\" content=\"374\" \/>\n\t<meta property=\"og:image:height\" content=\"374\" \/>\n\t<meta property=\"og:image:type\" content=\"image\/jpeg\" \/>\n<meta name=\"twitter:card\" content=\"summary_large_image\" \/>\n<meta name=\"twitter:label1\" content=\"Est. reading time\" \/>\n\t<meta name=\"twitter:data1\" content=\"3 minutes\" \/>\n<script type=\"application\/ld+json\" class=\"yoast-schema-graph\">{\"@context\":\"https:\/\/schema.org\",\"@graph\":[{\"@type\":\"WebPage\",\"@id\":\"https:\/\/osaka.ma\/product\/intel-core-i5-11400f-2-6-ghz-4-4-ghz\/\",\"url\":\"https:\/\/osaka.ma\/product\/intel-core-i5-11400f-2-6-ghz-4-4-ghz\/\",\"name\":\"Intel Core i5-11400F (2.6 GHz \/ 4.4 GHz) Tray - Osaka\",\"isPartOf\":{\"@id\":\"https:\/\/osaka.ma\/#website\"},\"primaryImageOfPage\":{\"@id\":\"https:\/\/osaka.ma\/product\/intel-core-i5-11400f-2-6-ghz-4-4-ghz\/#primaryimage\"},\"image\":{\"@id\":\"https:\/\/osaka.ma\/product\/intel-core-i5-11400f-2-6-ghz-4-4-ghz\/#primaryimage\"},\"thumbnailUrl\":\"https:\/\/osaka.ma\/wp-content\/uploads\/2023\/11\/Intel-Core-i5-11400F-2.6-GHz-4.4-GHz.jpg\",\"datePublished\":\"2023-11-28T12:03:28+00:00\",\"dateModified\":\"2025-03-28T15:42:05+00:00\",\"breadcrumb\":{\"@id\":\"https:\/\/osaka.ma\/product\/intel-core-i5-11400f-2-6-ghz-4-4-ghz\/#breadcrumb\"},\"inLanguage\":\"de-DE\",\"potentialAction\":[{\"@type\":\"ReadAction\",\"target\":[\"https:\/\/osaka.ma\/product\/intel-core-i5-11400f-2-6-ghz-4-4-ghz\/\"]}]},{\"@type\":\"ImageObject\",\"inLanguage\":\"de-DE\",\"@id\":\"https:\/\/osaka.ma\/product\/intel-core-i5-11400f-2-6-ghz-4-4-ghz\/#primaryimage\",\"url\":\"https:\/\/osaka.ma\/wp-content\/uploads\/2023\/11\/Intel-Core-i5-11400F-2.6-GHz-4.4-GHz.jpg\",\"contentUrl\":\"https:\/\/osaka.ma\/wp-content\/uploads\/2023\/11\/Intel-Core-i5-11400F-2.6-GHz-4.4-GHz.jpg\",\"width\":374,\"height\":374},{\"@type\":\"BreadcrumbList\",\"@id\":\"https:\/\/osaka.ma\/product\/intel-core-i5-11400f-2-6-ghz-4-4-ghz\/#breadcrumb\",\"itemListElement\":[{\"@type\":\"ListItem\",\"position\":1,\"name\":\"Home\",\"item\":\"https:\/\/osaka.ma\/\"},{\"@type\":\"ListItem\",\"position\":2,\"name\":\"Shop\",\"item\":\"https:\/\/osaka.ma\/shop-2\/\"},{\"@type\":\"ListItem\",\"position\":3,\"name\":\"Intel Core i5-11400F (2.6 GHz \/ 4.4 GHz) Tray\"}]},{\"@type\":\"WebSite\",\"@id\":\"https:\/\/osaka.ma\/#website\",\"url\":\"https:\/\/osaka.ma\/\",\"name\":\"Osaka\",\"description\":\"\",\"publisher\":{\"@id\":\"https:\/\/osaka.ma\/#organization\"},\"potentialAction\":[{\"@type\":\"SearchAction\",\"target\":{\"@type\":\"EntryPoint\",\"urlTemplate\":\"https:\/\/osaka.ma\/?s={search_term_string}\"},\"query-input\":{\"@type\":\"PropertyValueSpecification\",\"valueRequired\":true,\"valueName\":\"search_term_string\"}}],\"inLanguage\":\"de-DE\"},{\"@type\":\"Organization\",\"@id\":\"https:\/\/osaka.ma\/#organization\",\"name\":\"Osaka\",\"url\":\"https:\/\/osaka.ma\/\",\"logo\":{\"@type\":\"ImageObject\",\"inLanguage\":\"de-DE\",\"@id\":\"https:\/\/osaka.ma\/#\/schema\/logo\/image\/\",\"url\":\"https:\/\/osaka.ma\/wp-content\/uploads\/2026\/01\/model-slogan-logo-2Plan-de-travail-1dksl-plus-finnn.png\",\"contentUrl\":\"https:\/\/osaka.ma\/wp-content\/uploads\/2026\/01\/model-slogan-logo-2Plan-de-travail-1dksl-plus-finnn.png\",\"width\":842,\"height\":226,\"caption\":\"Osaka\"},\"image\":{\"@id\":\"https:\/\/osaka.ma\/#\/schema\/logo\/image\/\"}}]}<\/script>\n<!-- \/ Yoast SEO plugin. -->","yoast_head_json":{"title":"Intel Core i5-11400F (2.6 GHz \/ 4.4 GHz) Tray - Osaka","robots":{"index":"index","follow":"follow","max-snippet":"max-snippet:-1","max-image-preview":"max-image-preview:large","max-video-preview":"max-video-preview:-1"},"canonical":"https:\/\/osaka.ma\/product\/intel-core-i5-11400f-2-6-ghz-4-4-ghz\/","og_locale":"de_DE","og_type":"article","og_title":"Intel Core i5-11400F (2.6 GHz \/ 4.4 GHz) Tray - Osaka","og_url":"https:\/\/osaka.ma\/product\/intel-core-i5-11400f-2-6-ghz-4-4-ghz\/","og_site_name":"Osaka","article_modified_time":"2025-03-28T15:42:05+00:00","og_image":[{"width":374,"height":374,"url":"https:\/\/osaka.ma\/wp-content\/uploads\/2023\/11\/Intel-Core-i5-11400F-2.6-GHz-4.4-GHz.jpg","type":"image\/jpeg"}],"twitter_card":"summary_large_image","twitter_misc":{"Est. reading time":"3 minutes"},"schema":{"@context":"https:\/\/schema.org","@graph":[{"@type":"WebPage","@id":"https:\/\/osaka.ma\/product\/intel-core-i5-11400f-2-6-ghz-4-4-ghz\/","url":"https:\/\/osaka.ma\/product\/intel-core-i5-11400f-2-6-ghz-4-4-ghz\/","name":"Intel Core i5-11400F (2.6 GHz \/ 4.4 GHz) Tray - Osaka","isPartOf":{"@id":"https:\/\/osaka.ma\/#website"},"primaryImageOfPage":{"@id":"https:\/\/osaka.ma\/product\/intel-core-i5-11400f-2-6-ghz-4-4-ghz\/#primaryimage"},"image":{"@id":"https:\/\/osaka.ma\/product\/intel-core-i5-11400f-2-6-ghz-4-4-ghz\/#primaryimage"},"thumbnailUrl":"https:\/\/osaka.ma\/wp-content\/uploads\/2023\/11\/Intel-Core-i5-11400F-2.6-GHz-4.4-GHz.jpg","datePublished":"2023-11-28T12:03:28+00:00","dateModified":"2025-03-28T15:42:05+00:00","breadcrumb":{"@id":"https:\/\/osaka.ma\/product\/intel-core-i5-11400f-2-6-ghz-4-4-ghz\/#breadcrumb"},"inLanguage":"de-DE","potentialAction":[{"@type":"ReadAction","target":["https:\/\/osaka.ma\/product\/intel-core-i5-11400f-2-6-ghz-4-4-ghz\/"]}]},{"@type":"ImageObject","inLanguage":"de-DE","@id":"https:\/\/osaka.ma\/product\/intel-core-i5-11400f-2-6-ghz-4-4-ghz\/#primaryimage","url":"https:\/\/osaka.ma\/wp-content\/uploads\/2023\/11\/Intel-Core-i5-11400F-2.6-GHz-4.4-GHz.jpg","contentUrl":"https:\/\/osaka.ma\/wp-content\/uploads\/2023\/11\/Intel-Core-i5-11400F-2.6-GHz-4.4-GHz.jpg","width":374,"height":374},{"@type":"BreadcrumbList","@id":"https:\/\/osaka.ma\/product\/intel-core-i5-11400f-2-6-ghz-4-4-ghz\/#breadcrumb","itemListElement":[{"@type":"ListItem","position":1,"name":"Home","item":"https:\/\/osaka.ma\/"},{"@type":"ListItem","position":2,"name":"Shop","item":"https:\/\/osaka.ma\/shop-2\/"},{"@type":"ListItem","position":3,"name":"Intel Core i5-11400F (2.6 GHz \/ 4.4 GHz) Tray"}]},{"@type":"WebSite","@id":"https:\/\/osaka.ma\/#website","url":"https:\/\/osaka.ma\/","name":"Osaka","description":"","publisher":{"@id":"https:\/\/osaka.ma\/#organization"},"potentialAction":[{"@type":"SearchAction","target":{"@type":"EntryPoint","urlTemplate":"https:\/\/osaka.ma\/?s={search_term_string}"},"query-input":{"@type":"PropertyValueSpecification","valueRequired":true,"valueName":"search_term_string"}}],"inLanguage":"de-DE"},{"@type":"Organization","@id":"https:\/\/osaka.ma\/#organization","name":"Osaka","url":"https:\/\/osaka.ma\/","logo":{"@type":"ImageObject","inLanguage":"de-DE","@id":"https:\/\/osaka.ma\/#\/schema\/logo\/image\/","url":"https:\/\/osaka.ma\/wp-content\/uploads\/2026\/01\/model-slogan-logo-2Plan-de-travail-1dksl-plus-finnn.png","contentUrl":"https:\/\/osaka.ma\/wp-content\/uploads\/2026\/01\/model-slogan-logo-2Plan-de-travail-1dksl-plus-finnn.png","width":842,"height":226,"caption":"Osaka"},"image":{"@id":"https:\/\/osaka.ma\/#\/schema\/logo\/image\/"}}]}},"jetpack_sharing_enabled":true,"brands":[],"_links":{"self":[{"href":"https:\/\/osaka.ma\/de\/wp-json\/wp\/v2\/product\/6631","targetHints":{"allow":["GET"]}}],"collection":[{"href":"https:\/\/osaka.ma\/de\/wp-json\/wp\/v2\/product"}],"about":[{"href":"https:\/\/osaka.ma\/de\/wp-json\/wp\/v2\/types\/product"}],"version-history":[{"count":0,"href":"https:\/\/osaka.ma\/de\/wp-json\/wp\/v2\/product\/6631\/revisions"}],"wp:featuredmedia":[{"embeddable":true,"href":"https:\/\/osaka.ma\/de\/wp-json\/wp\/v2\/media\/1006632"}],"wp:attachment":[{"href":"https:\/\/osaka.ma\/de\/wp-json\/wp\/v2\/media?parent=6631"}],"wp:term":[{"taxonomy":"pwb-brand","embeddable":true,"href":"https:\/\/osaka.ma\/de\/wp-json\/wp\/v2\/pwb-brand?post=6631"},{"taxonomy":"product_brand","embeddable":true,"href":"https:\/\/osaka.ma\/de\/wp-json\/wp\/v2\/product_brand?post=6631"},{"taxonomy":"product_cat","embeddable":true,"href":"https:\/\/osaka.ma\/de\/wp-json\/wp\/v2\/product_cat?post=6631"},{"taxonomy":"product_tag","embeddable":true,"href":"https:\/\/osaka.ma\/de\/wp-json\/wp\/v2\/product_tag?post=6631"},{"taxonomy":"pcb_component_type","embeddable":true,"href":"https:\/\/osaka.ma\/de\/wp-json\/wp\/v2\/pcb_component_type?post=6631"}],"curies":[{"name":"wp","href":"https:\/\/api.w.org\/{rel}","templated":true}]}}