{"id":7117,"date":"2024-01-19T09:55:27","date_gmt":"2024-01-19T09:55:27","guid":{"rendered":"https:\/\/osaka.ma\/?post_type=product&#038;p=7117"},"modified":"2025-04-24T14:09:04","modified_gmt":"2025-04-24T14:09:04","slug":"aerocool-ore-saturn-frgb","status":"publish","type":"product","link":"https:\/\/osaka.ma\/de\/product\/aerocool-ore-saturn-frgb\/","title":{"rendered":"AEROCOOL ORE SATURN FRGB"},"content":{"rendered":"<section class=\"wd-negative-gap elementor-section elementor-top-section elementor-element elementor-element-562428a elementor-reverse-mobile elementor-section-boxed elementor-section-height-default elementor-section-height-default wd-section-disabled\" data-id=\"562428a\" data-element_type=\"section\">\n<div class=\"elementor-container elementor-column-gap-default\">\n<div class=\"elementor-column elementor-col-50 elementor-top-column elementor-element elementor-element-849fa95\" data-id=\"849fa95\" data-element_type=\"column\" data-settings=\"{&quot;background_background&quot;:&quot;classic&quot;}\">\n<div class=\"elementor-widget-wrap elementor-element-populated\">\n<div class=\"elementor-element elementor-element-e24b901 wd-single-content elementor-widget elementor-widget-wd_single_product_content\" data-id=\"e24b901\" data-element_type=\"widget\" data-widget_type=\"wd_single_product_content.default\">\n<div class=\"elementor-widget-container\">\n<div class=\"logo\">\n<p><img decoding=\"async\" class=\"aligncenter entered lazyloaded\" src=\"https:\/\/media.ldlc.com\/v3\/marque\/190\/C000017217.gif\" alt=\"Aerocool\" data-lazy-src=\"https:\/\/media.ldlc.com\/v3\/marque\/190\/C000017217.gif\" data-ll-status=\"loaded\" \/><\/p>\n<h3>Boitier PC AEROCOOL Ore Saturn FRGB<\/h3>\n<p>L\u2019Aerocool Ore est une tour midi haute performance avec un design \u00e9l\u00e9gant du panneau avant en maille pour une meilleure ventilation. Equip\u00e9 du ventilateur Saturn 12 FRGB avec \u00e9clairage LED RVB statique pour un effet d\u2019\u00e9clairage statique.<\/p>\n<p>Le panneau lat\u00e9ral en verre tremp\u00e9 pr\u00e9sente l\u2019int\u00e9rieur de la plate-forme. La conception du support de ventilateur VGA sur le ch\u00e2ssis de l\u2019alimentation prend en charge jusqu\u2019\u00e0 2 ventilateurs de 120 mm pour un excellent refroidissement de la carte graphique.<\/p>\n<\/div>\n<p>&nbsp;<\/p>\n<h2>Caract\u00e9ristiques principales :<\/h2>\n<div class=\"logo\">\n<table>\n<tbody>\n<tr>\n<td>\n<ul>\n<li>D\u00e9nomination constructeur:<\/li>\n<\/ul>\n<\/td>\n<td>\n<h3>\u2013 Ore-G Saturn V1<\/h3>\n<\/td>\n<\/tr>\n<tr>\n<td>&nbsp;<\/p>\n<ul>\n<li>Format compatible:<\/li>\n<\/ul>\n<\/td>\n<td>\n<h3>\u2013 ATX, Micro-ATX et Mini-ITX<\/h3>\n<\/td>\n<\/tr>\n<tr>\n<td>\n<ul>\n<li>Port USB 2.0 externe:<\/li>\n<\/ul>\n<\/td>\n<td>\n<h3>\u2013 2 ports<\/h3>\n<\/td>\n<\/tr>\n<tr>\n<td>\n<ul>\n<li>Port USB 3.0 externe:<\/li>\n<\/ul>\n<\/td>\n<td>\n<h3>\u2013 1 port<\/h3>\n<\/td>\n<\/tr>\n<tr>\n<td>\n<ul>\n<li>Connectique audio:<\/li>\n<\/ul>\n<\/td>\n<td>\n<h3>\u2013 1 x Entr\u00e9e Jack 3.5mm (Micro) et 1 x Sortie Jack 3.5mm (Stereo)<\/h3>\n<\/td>\n<\/tr>\n<tr>\n<td>\n<ul>\n<li>Lecteur de cartes:<\/li>\n<\/ul>\n<\/td>\n<td>\n<h3>\u2013 Micro SD et SD<\/h3>\n<\/td>\n<\/tr>\n<tr>\n<td>\n<ul>\n<li>Type d\u2019alimentation:<\/li>\n<\/ul>\n<\/td>\n<td>\n<h3>\u2013 Format ATX<\/h3>\n<\/td>\n<\/tr>\n<tr>\n<td>\n<ul>\n<li>Emplacement 3,5\u2033:<\/li>\n<\/ul>\n<\/td>\n<td>\n<h3>\u2013 2 emplacements<\/h3>\n<\/td>\n<\/tr>\n<tr>\n<td>\n<ul>\n<li>Emplacement 2,5\u2033:<\/li>\n<\/ul>\n<\/td>\n<td>\n<h3>\u2013 5 emplacements<\/h3>\n<\/td>\n<\/tr>\n<tr>\n<td>\n<ul>\n<li>Hauteur Maximale Ventilateur Processeur:<\/li>\n<\/ul>\n<\/td>\n<td>\n<h3>\u2013 15.5 cm<\/h3>\n<\/td>\n<\/tr>\n<tr>\n<td>\n<ul>\n<li>Longueur Maximale Carte Graphique:<\/li>\n<\/ul>\n<\/td>\n<td>\n<h3>\u2013 37.1 cm<\/h3>\n<\/td>\n<\/tr>\n<tr>\n<td>\n<ul>\n<li>Watercooling possible:<\/li>\n<\/ul>\n<\/td>\n<td>\n<h3>\u2013 Oui<\/h3>\n<\/td>\n<\/tr>\n<tr>\n<td>\n<ul>\n<li>Taille du radiateur:<\/li>\n<\/ul>\n<\/td>\n<td>\n<h3>\u2013 240 mm<\/h3>\n<\/td>\n<\/tr>\n<tr>\n<td>\n<ul>\n<li>Ouverture lat\u00e9rale:<\/li>\n<\/ul>\n<\/td>\n<td>\n<h3>\u2013 Panneau vitr\u00e9<\/h3>\n<\/td>\n<\/tr>\n<tr>\n<td>\n<ul>\n<li>Nombre emplacements ventilateurs:<\/li>\n<\/ul>\n<\/td>\n<td>\n<h3>\u2013 6 emplacements<\/h3>\n<\/td>\n<\/tr>\n<tr>\n<td>\n<ul>\n<li>Nombre ventilateurs fournis:<\/li>\n<\/ul>\n<\/td>\n<td>\n<h3>\u2013 4 x 120 mm<\/h3>\n<\/td>\n<\/tr>\n<tr>\n<td>\n<ul>\n<li>Mat\u00e9riau principal:<\/li>\n<\/ul>\n<\/td>\n<td>\n<h3>\u2013 Acier, Plastique et Verre tremp\u00e9<\/h3>\n<\/td>\n<\/tr>\n<tr>\n<td>\n<ul>\n<li>Couleur(s) principale(s):<\/li>\n<\/ul>\n<\/td>\n<td>\n<h3>\u2013 Noir<\/h3>\n<\/td>\n<\/tr>\n<tr>\n<td>\n<ul>\n<li>R\u00e9tro\u00e9clairage:<\/li>\n<\/ul>\n<\/td>\n<td>\n<h3>\u2013 Oui<\/h3>\n<\/td>\n<\/tr>\n<tr>\n<td>\n<ul>\n<li>Couleur r\u00e9tro\u00e9clairage:<\/li>\n<\/ul>\n<\/td>\n<td>\n<h3>\u2013 RGB<\/h3>\n<\/td>\n<\/tr>\n<tr>\n<td>\n<ul>\n<li>Longueur \/ Profondeur:<\/li>\n<\/ul>\n<\/td>\n<td>\n<h3>\u2013 46.1 cm<\/h3>\n<\/td>\n<\/tr>\n<tr>\n<td>\n<ul>\n<li>Largeur:<\/li>\n<\/ul>\n<\/td>\n<td>\n<h3>\u2013 19.5 cm<\/h3>\n<\/td>\n<\/tr>\n<tr>\n<td>\n<ul>\n<li>Hauteur \/ \u00c9paisseur:<\/li>\n<\/ul>\n<\/td>\n<td>\n<h3>\u2013 42.2 cm<\/h3>\n<\/td>\n<\/tr>\n<\/tbody>\n<\/table>\n<p>&nbsp;<\/p>\n<\/div>\n<\/div>\n<\/div>\n<\/div>\n<\/div>\n<div class=\"elementor-column elementor-col-50 elementor-top-column elementor-element elementor-element-1560502 wd-elementor-sticky-column wd_sticky_offset_150\" data-id=\"1560502\" data-element_type=\"column\" data-settings=\"{&quot;background_background&quot;:&quot;classic&quot;}\">\n<div><\/div>\n<\/div>\n<\/div>\n<\/section>\n<section class=\"wd-negative-gap elementor-section elementor-top-section elementor-element elementor-element-ff7c99b elementor-section-boxed elementor-section-height-default elementor-section-height-default wd-section-disabled\" data-id=\"ff7c99b\" data-element_type=\"section\" data-settings=\"{&quot;background_background&quot;:&quot;classic&quot;}\">\n<div class=\"elementor-container elementor-column-gap-default\">\n<div class=\"elementor-column elementor-col-100 elementor-top-column elementor-element elementor-element-c6002b7\" data-id=\"c6002b7\" data-element_type=\"column\">\n<div class=\"elementor-widget-wrap elementor-element-populated\">\n<div class=\"elementor-element elementor-element-2e1f55e elementor-widget elementor-widget-wd_title\" data-id=\"2e1f55e\" data-element_type=\"widget\" data-widget_type=\"wd_title.default\">\n<div class=\"elementor-widget-container\">\n<div class=\"title-wrapper set-mb-s reset-last-child wd-title-color-default wd-title-style-default wd-title-size-default text-left\"><\/div>\n<\/div>\n<\/div>\n<\/div>\n<\/div>\n<\/div>\n<\/section>\n","protected":false},"excerpt":{"rendered":"<h2>Caract\u00e9ristiques principales :<\/h2>\n<div class=\"logo\">\n<table>\n<tbody>\n<tr>\n<td>\n<ul>\n<li>D\u00e9nomination constructeur:<\/li>\n<\/ul>\n<\/td>\n<td>\n<h3>\u2013 Ore-G Saturn V1<\/h3>\n<\/td>\n<\/tr>\n<tr>\n<td>&nbsp;<\/p>\n<ul>\n<li>Format compatible:<\/li>\n<\/ul>\n<\/td>\n<td>\n<h3>\u2013 ATX, Micro-ATX et Mini-ITX<\/h3>\n<\/td>\n<\/tr>\n<tr>\n<td>\n<ul>\n<li>Port USB 2.0 externe:<\/li>\n<\/ul>\n<\/td>\n<td>\n<h3>\u2013 2 ports<\/h3>\n<\/td>\n<\/tr>\n<tr>\n<td>\n<ul>\n<li>Port USB 3.0 externe:<\/li>\n<\/ul>\n<\/td>\n<td>\n<h3>\u2013 1 port<\/h3>\n<\/td>\n<\/tr>\n<tr>\n<td>\n<ul>\n<li>Connectique audio:<\/li>\n<\/ul>\n<\/td>\n<td>\n<h3>\u2013 1 x Entr\u00e9e Jack 3.5mm (Micro) et 1 x Sortie Jack 3.5mm (Stereo)<\/h3>\n<\/td>\n<\/tr>\n<tr>\n<td>\n<ul>\n<li>Lecteur de cartes:<\/li>\n<\/ul>\n<\/td>\n<td>\n<h3>\u2013 Micro SD et SD<\/h3>\n<\/td>\n<\/tr>\n<tr>\n<td>\n<ul>\n<li>Type d\u2019alimentation:<\/li>\n<\/ul>\n<\/td>\n<td>\n<h3>\u2013 Format ATX<\/h3>\n<\/td>\n<\/tr>\n<tr>\n<td>\n<ul>\n<li>Emplacement 3,5\u2033:<\/li>\n<\/ul>\n<\/td>\n<td>\n<h3>\u2013 2 emplacements<\/h3>\n<\/td>\n<\/tr>\n<tr>\n<td>\n<ul>\n<li>Emplacement 2,5\u2033:<\/li>\n<\/ul>\n<\/td>\n<td>\n<h3>\u2013 5 emplacements<\/h3>\n<\/td>\n<\/tr>\n<tr>\n<td>\n<ul>\n<li>Hauteur Maximale Ventilateur Processeur:<\/li>\n<\/ul>\n<\/td>\n<td>\n<h3>\u2013 15.5 cm<\/h3>\n<\/td>\n<\/tr>\n<tr>\n<td>\n<ul>\n<li>Longueur Maximale Carte Graphique:<\/li>\n<\/ul>\n<\/td>\n<td>\n<h3>\u2013 37.1 cm<\/h3>\n<\/td>\n<\/tr>\n<tr>\n<td>\n<ul>\n<li>Watercooling possible:<\/li>\n<\/ul>\n<\/td>\n<td>\n<h3>\u2013 Oui<\/h3>\n<\/td>\n<\/tr>\n<tr>\n<td>\n<ul>\n<li>Taille du radiateur:<\/li>\n<\/ul>\n<\/td>\n<td>\n<h3>\u2013 240 mm<\/h3>\n<\/td>\n<\/tr>\n<tr>\n<td>\n<ul>\n<li>Ouverture lat\u00e9rale:<\/li>\n<\/ul>\n<\/td>\n<td>\n<h3>\u2013 Panneau vitr\u00e9<\/h3>\n<\/td>\n<\/tr>\n<tr>\n<td>\n<ul>\n<li>Nombre emplacements ventilateurs:<\/li>\n<\/ul>\n<\/td>\n<td>\n<h3>\u2013 6 emplacements<\/h3>\n<\/td>\n<\/tr>\n<tr>\n<td>\n<ul>\n<li>Nombre ventilateurs fournis:<\/li>\n<\/ul>\n<\/td>\n<td>\n<h3>\u2013 4 x 120 mm<\/h3>\n<\/td>\n<\/tr>\n<tr>\n<td>\n<ul>\n<li>Mat\u00e9riau principal:<\/li>\n<\/ul>\n<\/td>\n<td>\n<h3>\u2013 Acier, Plastique et Verre tremp\u00e9<\/h3>\n<\/td>\n<\/tr>\n<tr>\n<td>\n<ul>\n<li>Couleur(s) principale(s):<\/li>\n<\/ul>\n<\/td>\n<td>\n<h3>\u2013 Noir<\/h3>\n<\/td>\n<\/tr>\n<tr>\n<td>\n<ul>\n<li>R\u00e9tro\u00e9clairage:<\/li>\n<\/ul>\n<\/td>\n<td>\n<h3>\u2013 Oui<\/h3>\n<\/td>\n<\/tr>\n<tr>\n<td>\n<ul>\n<li>Couleur r\u00e9tro\u00e9clairage:<\/li>\n<\/ul>\n<\/td>\n<td>\n<h3>\u2013 RGB<\/h3>\n<\/td>\n<\/tr>\n<tr>\n<td>\n<ul>\n<li>Longueur \/ Profondeur:<\/li>\n<\/ul>\n<\/td>\n<td>\n<h3>\u2013 46.1 cm<\/h3>\n<\/td>\n<\/tr>\n<tr>\n<td>\n<ul>\n<li>Largeur:<\/li>\n<\/ul>\n<\/td>\n<td>\n<h3>\u2013 19.5 cm<\/h3>\n<\/td>\n<\/tr>\n<tr>\n<td>\n<ul>\n<li>Hauteur \/ \u00c9paisseur:<\/li>\n<\/ul>\n<\/td>\n<td>\n<h3>\u2013 42.2 cm<\/h3>\n<\/td>\n<\/tr>\n<\/tbody>\n<\/table>\n<\/div>\n","protected":false},"featured_media":1007118,"template":"","meta":{"_acf_changed":false},"pwb-brand":[],"product_brand":[],"product_cat":[27,17],"product_tag":[],"pcb_component_type":[],"class_list":{"0":"post-7117","1":"product","2":"type-product","3":"status-publish","4":"has-post-thumbnail","6":"product_cat-boitiers-pc","7":"product_cat-composants-gaming","9":"first","10":"outofstock","11":"shipping-taxable","12":"product-type-simple"},"translation":{"provider":"WPGlobus","version":"3.0.2","language":"de","enabled_languages":["en","es","de","fr","ru"],"languages":{"en":{"title":true,"content":true,"excerpt":true},"es":{"title":false,"content":false,"excerpt":false},"de":{"title":false,"content":false,"excerpt":false},"fr":{"title":false,"content":false,"excerpt":false},"ru":{"title":false,"content":false,"excerpt":false}}},"acf":[],"yoast_head":"<!-- This site is optimized with the Yoast SEO plugin v27.2 - https:\/\/yoast.com\/product\/yoast-seo-wordpress\/ -->\n<title>AEROCOOL ORE SATURN FRGB - Osaka<\/title>\n<meta name=\"robots\" content=\"index, follow, max-snippet:-1, max-image-preview:large, max-video-preview:-1\" \/>\n<link rel=\"canonical\" href=\"https:\/\/osaka.ma\/product\/aerocool-ore-saturn-frgb\/\" \/>\n<meta property=\"og:locale\" content=\"de_DE\" \/>\n<meta property=\"og:type\" content=\"article\" \/>\n<meta property=\"og:title\" content=\"AEROCOOL ORE SATURN FRGB - Osaka\" \/>\n<meta property=\"og:url\" content=\"https:\/\/osaka.ma\/product\/aerocool-ore-saturn-frgb\/\" \/>\n<meta property=\"og:site_name\" content=\"Osaka\" \/>\n<meta property=\"article:modified_time\" content=\"2025-04-24T14:09:04+00:00\" \/>\n<meta property=\"og:image\" content=\"https:\/\/osaka.ma\/wp-content\/uploads\/2024\/01\/AEROCOOL-ORE-SATURN-FRGB.jpg\" \/>\n\t<meta property=\"og:image:width\" content=\"700\" \/>\n\t<meta property=\"og:image:height\" content=\"700\" \/>\n\t<meta property=\"og:image:type\" content=\"image\/jpeg\" \/>\n<meta name=\"twitter:card\" content=\"summary_large_image\" \/>\n<meta name=\"twitter:label1\" content=\"Est. reading time\" \/>\n\t<meta name=\"twitter:data1\" content=\"2 minutes\" \/>\n<script type=\"application\/ld+json\" class=\"yoast-schema-graph\">{\"@context\":\"https:\/\/schema.org\",\"@graph\":[{\"@type\":\"WebPage\",\"@id\":\"https:\/\/osaka.ma\/product\/aerocool-ore-saturn-frgb\/\",\"url\":\"https:\/\/osaka.ma\/product\/aerocool-ore-saturn-frgb\/\",\"name\":\"AEROCOOL ORE SATURN FRGB - Osaka\",\"isPartOf\":{\"@id\":\"https:\/\/osaka.ma\/#website\"},\"primaryImageOfPage\":{\"@id\":\"https:\/\/osaka.ma\/product\/aerocool-ore-saturn-frgb\/#primaryimage\"},\"image\":{\"@id\":\"https:\/\/osaka.ma\/product\/aerocool-ore-saturn-frgb\/#primaryimage\"},\"thumbnailUrl\":\"https:\/\/osaka.ma\/wp-content\/uploads\/2024\/01\/AEROCOOL-ORE-SATURN-FRGB.jpg\",\"datePublished\":\"2024-01-19T09:55:27+00:00\",\"dateModified\":\"2025-04-24T14:09:04+00:00\",\"breadcrumb\":{\"@id\":\"https:\/\/osaka.ma\/product\/aerocool-ore-saturn-frgb\/#breadcrumb\"},\"inLanguage\":\"de-DE\",\"potentialAction\":[{\"@type\":\"ReadAction\",\"target\":[\"https:\/\/osaka.ma\/product\/aerocool-ore-saturn-frgb\/\"]}]},{\"@type\":\"ImageObject\",\"inLanguage\":\"de-DE\",\"@id\":\"https:\/\/osaka.ma\/product\/aerocool-ore-saturn-frgb\/#primaryimage\",\"url\":\"https:\/\/osaka.ma\/wp-content\/uploads\/2024\/01\/AEROCOOL-ORE-SATURN-FRGB.jpg\",\"contentUrl\":\"https:\/\/osaka.ma\/wp-content\/uploads\/2024\/01\/AEROCOOL-ORE-SATURN-FRGB.jpg\",\"width\":700,\"height\":700},{\"@type\":\"BreadcrumbList\",\"@id\":\"https:\/\/osaka.ma\/product\/aerocool-ore-saturn-frgb\/#breadcrumb\",\"itemListElement\":[{\"@type\":\"ListItem\",\"position\":1,\"name\":\"Home\",\"item\":\"https:\/\/osaka.ma\/\"},{\"@type\":\"ListItem\",\"position\":2,\"name\":\"Shop\",\"item\":\"https:\/\/osaka.ma\/shop-2\/\"},{\"@type\":\"ListItem\",\"position\":3,\"name\":\"AEROCOOL ORE SATURN FRGB\"}]},{\"@type\":\"WebSite\",\"@id\":\"https:\/\/osaka.ma\/#website\",\"url\":\"https:\/\/osaka.ma\/\",\"name\":\"Osaka\",\"description\":\"\",\"publisher\":{\"@id\":\"https:\/\/osaka.ma\/#organization\"},\"potentialAction\":[{\"@type\":\"SearchAction\",\"target\":{\"@type\":\"EntryPoint\",\"urlTemplate\":\"https:\/\/osaka.ma\/?s={search_term_string}\"},\"query-input\":{\"@type\":\"PropertyValueSpecification\",\"valueRequired\":true,\"valueName\":\"search_term_string\"}}],\"inLanguage\":\"de-DE\"},{\"@type\":\"Organization\",\"@id\":\"https:\/\/osaka.ma\/#organization\",\"name\":\"Osaka\",\"url\":\"https:\/\/osaka.ma\/\",\"logo\":{\"@type\":\"ImageObject\",\"inLanguage\":\"de-DE\",\"@id\":\"https:\/\/osaka.ma\/#\/schema\/logo\/image\/\",\"url\":\"https:\/\/osaka.ma\/wp-content\/uploads\/2026\/01\/model-slogan-logo-2Plan-de-travail-1dksl-plus-finnn.png\",\"contentUrl\":\"https:\/\/osaka.ma\/wp-content\/uploads\/2026\/01\/model-slogan-logo-2Plan-de-travail-1dksl-plus-finnn.png\",\"width\":842,\"height\":226,\"caption\":\"Osaka\"},\"image\":{\"@id\":\"https:\/\/osaka.ma\/#\/schema\/logo\/image\/\"}}]}<\/script>\n<!-- \/ Yoast SEO plugin. -->","yoast_head_json":{"title":"AEROCOOL ORE SATURN FRGB - Osaka","robots":{"index":"index","follow":"follow","max-snippet":"max-snippet:-1","max-image-preview":"max-image-preview:large","max-video-preview":"max-video-preview:-1"},"canonical":"https:\/\/osaka.ma\/product\/aerocool-ore-saturn-frgb\/","og_locale":"de_DE","og_type":"article","og_title":"AEROCOOL ORE SATURN FRGB - Osaka","og_url":"https:\/\/osaka.ma\/product\/aerocool-ore-saturn-frgb\/","og_site_name":"Osaka","article_modified_time":"2025-04-24T14:09:04+00:00","og_image":[{"width":700,"height":700,"url":"https:\/\/osaka.ma\/wp-content\/uploads\/2024\/01\/AEROCOOL-ORE-SATURN-FRGB.jpg","type":"image\/jpeg"}],"twitter_card":"summary_large_image","twitter_misc":{"Est. reading time":"2 minutes"},"schema":{"@context":"https:\/\/schema.org","@graph":[{"@type":"WebPage","@id":"https:\/\/osaka.ma\/product\/aerocool-ore-saturn-frgb\/","url":"https:\/\/osaka.ma\/product\/aerocool-ore-saturn-frgb\/","name":"AEROCOOL ORE SATURN FRGB - Osaka","isPartOf":{"@id":"https:\/\/osaka.ma\/#website"},"primaryImageOfPage":{"@id":"https:\/\/osaka.ma\/product\/aerocool-ore-saturn-frgb\/#primaryimage"},"image":{"@id":"https:\/\/osaka.ma\/product\/aerocool-ore-saturn-frgb\/#primaryimage"},"thumbnailUrl":"https:\/\/osaka.ma\/wp-content\/uploads\/2024\/01\/AEROCOOL-ORE-SATURN-FRGB.jpg","datePublished":"2024-01-19T09:55:27+00:00","dateModified":"2025-04-24T14:09:04+00:00","breadcrumb":{"@id":"https:\/\/osaka.ma\/product\/aerocool-ore-saturn-frgb\/#breadcrumb"},"inLanguage":"de-DE","potentialAction":[{"@type":"ReadAction","target":["https:\/\/osaka.ma\/product\/aerocool-ore-saturn-frgb\/"]}]},{"@type":"ImageObject","inLanguage":"de-DE","@id":"https:\/\/osaka.ma\/product\/aerocool-ore-saturn-frgb\/#primaryimage","url":"https:\/\/osaka.ma\/wp-content\/uploads\/2024\/01\/AEROCOOL-ORE-SATURN-FRGB.jpg","contentUrl":"https:\/\/osaka.ma\/wp-content\/uploads\/2024\/01\/AEROCOOL-ORE-SATURN-FRGB.jpg","width":700,"height":700},{"@type":"BreadcrumbList","@id":"https:\/\/osaka.ma\/product\/aerocool-ore-saturn-frgb\/#breadcrumb","itemListElement":[{"@type":"ListItem","position":1,"name":"Home","item":"https:\/\/osaka.ma\/"},{"@type":"ListItem","position":2,"name":"Shop","item":"https:\/\/osaka.ma\/shop-2\/"},{"@type":"ListItem","position":3,"name":"AEROCOOL ORE SATURN FRGB"}]},{"@type":"WebSite","@id":"https:\/\/osaka.ma\/#website","url":"https:\/\/osaka.ma\/","name":"Osaka","description":"","publisher":{"@id":"https:\/\/osaka.ma\/#organization"},"potentialAction":[{"@type":"SearchAction","target":{"@type":"EntryPoint","urlTemplate":"https:\/\/osaka.ma\/?s={search_term_string}"},"query-input":{"@type":"PropertyValueSpecification","valueRequired":true,"valueName":"search_term_string"}}],"inLanguage":"de-DE"},{"@type":"Organization","@id":"https:\/\/osaka.ma\/#organization","name":"Osaka","url":"https:\/\/osaka.ma\/","logo":{"@type":"ImageObject","inLanguage":"de-DE","@id":"https:\/\/osaka.ma\/#\/schema\/logo\/image\/","url":"https:\/\/osaka.ma\/wp-content\/uploads\/2026\/01\/model-slogan-logo-2Plan-de-travail-1dksl-plus-finnn.png","contentUrl":"https:\/\/osaka.ma\/wp-content\/uploads\/2026\/01\/model-slogan-logo-2Plan-de-travail-1dksl-plus-finnn.png","width":842,"height":226,"caption":"Osaka"},"image":{"@id":"https:\/\/osaka.ma\/#\/schema\/logo\/image\/"}}]}},"jetpack_sharing_enabled":true,"brands":[],"_links":{"self":[{"href":"https:\/\/osaka.ma\/de\/wp-json\/wp\/v2\/product\/7117","targetHints":{"allow":["GET"]}}],"collection":[{"href":"https:\/\/osaka.ma\/de\/wp-json\/wp\/v2\/product"}],"about":[{"href":"https:\/\/osaka.ma\/de\/wp-json\/wp\/v2\/types\/product"}],"version-history":[{"count":0,"href":"https:\/\/osaka.ma\/de\/wp-json\/wp\/v2\/product\/7117\/revisions"}],"wp:featuredmedia":[{"embeddable":true,"href":"https:\/\/osaka.ma\/de\/wp-json\/wp\/v2\/media\/1007118"}],"wp:attachment":[{"href":"https:\/\/osaka.ma\/de\/wp-json\/wp\/v2\/media?parent=7117"}],"wp:term":[{"taxonomy":"pwb-brand","embeddable":true,"href":"https:\/\/osaka.ma\/de\/wp-json\/wp\/v2\/pwb-brand?post=7117"},{"taxonomy":"product_brand","embeddable":true,"href":"https:\/\/osaka.ma\/de\/wp-json\/wp\/v2\/product_brand?post=7117"},{"taxonomy":"product_cat","embeddable":true,"href":"https:\/\/osaka.ma\/de\/wp-json\/wp\/v2\/product_cat?post=7117"},{"taxonomy":"product_tag","embeddable":true,"href":"https:\/\/osaka.ma\/de\/wp-json\/wp\/v2\/product_tag?post=7117"},{"taxonomy":"pcb_component_type","embeddable":true,"href":"https:\/\/osaka.ma\/de\/wp-json\/wp\/v2\/pcb_component_type?post=7117"}],"curies":[{"name":"wp","href":"https:\/\/api.w.org\/{rel}","templated":true}]}}