{"id":7123,"date":"2024-01-19T10:11:22","date_gmt":"2024-01-19T10:11:22","guid":{"rendered":"https:\/\/osaka.ma\/?post_type=product&#038;p=7123"},"modified":"2025-04-24T14:08:40","modified_gmt":"2025-04-24T14:08:40","slug":"msi-velox-100r","status":"publish","type":"product","link":"https:\/\/osaka.ma\/de\/product\/msi-velox-100r\/","title":{"rendered":"MSI VELOX 100R"},"content":{"rendered":"<div class=\"logo\"><a href=\"https:\/\/www.ldlc.com\/msi\/bint000000992\/\" rel=\"nofollow noopener\" target=\"_blank\"><img decoding=\"async\" src=\"https:\/\/media.ldlc.com\/v3\/marque\/bo\/00\/05\/99\/39\/V30005993997.gif\" alt=\"MSI\" \/><\/a><\/div>\n<div id=\"description\" class=\"description\">\n<div class=\"details-pdt-desc\">\n<h2 class=\"h2-master\">MPG VELOX 100R : Le bo\u00eetier ARGB par excellence<\/h2>\n<section>Le\u00a0<strong>MSI MPG VELOX 100R<\/strong>\u00a0est un\u00a0<strong>bo\u00eetier PC Gaming<\/strong>\u00a0au design superbe capable d&#8217;accueillir les configurations de derni\u00e8re g\u00e9n\u00e9ration. C\u00f4t\u00e9 design, il dispose de<strong>\u00a02 panneaux en verre tremp\u00e9<\/strong>\u00a0(en fa\u00e7ade et sur le c\u00f4t\u00e9) et de\u00a0<strong>4 ventilateurs 120 mm ARGB<\/strong>\u00a0(3 en fa\u00e7ade et 1 \u00e0 l&#8217;arri\u00e8re). Sa conception et ses nombreuses options le rendent particuli\u00e8rement efficace pour le refroidissement des syst\u00e8mes les plus puissants.<\/section>\n<section>\n<div class=\"desc-image\"><img decoding=\"async\" src=\"https:\/\/media.ldlc.com\/bo\/images\/fiches\/bo%c3%aetier_pc\/msi\/msi_mpg_velox_100r_001.jpg\" alt=\"\" \/><\/div>\n<div class=\"desc-text\">\n<h2>CAPACIT\u00c9S DE REFROIDISSEMENT AVANC\u00c9ES<\/h2>\n<p>Le bo\u00eetier MPG VELOX 100R vous offre toute la place pour installer vos composants d\u00e9di\u00e9s au refroidissement. Vous pourrez en effet choisir d&#8217;installer trois ventilateurs de 120 mm ou un radiateur AIO de 360 mm sur la partie sup\u00e9rieure. Mais ce n&#8217;est pas tout :<\/p>\n<ul>\n<li>3 ventilateurs 120 mm ARGB pr\u00e9-install\u00e9s en fa\u00e7ade<\/li>\n<li>1 ventilateur 120 mm ARGB pr\u00e9-install\u00e9 \u00e0 l&#8217;arri\u00e8re<\/li>\n<li>Nombreux emplacements suppl\u00e9mentaires pour ventilateurs (jusqu&#8217;\u00e0 9 ventilateurs au total)<\/li>\n<li>Compatibilit\u00e9 avec les radiateurs de watercooling AIO jusqu&#8217;\u00e0 360 mm<\/li>\n<li>Support de montage vertical pour carte graphique<\/li>\n<\/ul>\n<\/div>\n<\/section>\n<section>\n<div class=\"desc-text\">\n<h2>UN STYLE LUMINEUX<\/h2>\n<p>Contr\u00f4lez rapidement les couleurs et les effets de lumi\u00e8re des ventilateurs du\u00a0<strong>MPG VELOX 100R simplement en appuyant sur le bouton Insta-Light Loop<\/strong>. Appuyez dessus jusqu&#8217;\u00e0 trouver le profil de r\u00e9tro\u00e9clairage qui donnera \u00e0 votre PC le look le plus \u00e9l\u00e9gant ou \u00e9tonnant qui soit. La\u00a0<strong>technologie Mystic Light<\/strong>\u00a0sert de son c\u00f4t\u00e9 \u00e0 synchroniser l&#8217;\u00e9clairage d&#8217;autres \u00e9l\u00e9ments de votre &#8220;set up&#8221; \u00e0 celle du bo\u00eetier.<\/p>\n<\/div>\n<div class=\"desc-image\"><img decoding=\"async\" src=\"https:\/\/media.ldlc.com\/bo\/images\/fiches\/bo%c3%aetier_pc\/msi\/msi_mpg_velox_100r_002.jpg\" alt=\"\" \/><\/div>\n<\/section>\n<\/div>\n<\/div>\n","protected":false},"excerpt":{"rendered":"<h2>CAPACIT\u00c9S DE REFROIDISSEMENT AVANC\u00c9ES<\/h2>\n<p>Le bo\u00eetier MPG VELOX 100R vous offre toute la place pour installer vos composants d\u00e9di\u00e9s au refroidissement. Vous pourrez en effet choisir d&#8217;installer trois ventilateurs de 120 mm ou un radiateur AIO de 360 mm sur la partie sup\u00e9rieure. Mais ce n&#8217;est pas tout :<\/p>\n<ul>\n<li>3 ventilateurs 120 mm ARGB pr\u00e9-install\u00e9s en fa\u00e7ade<\/li>\n<li>1 ventilateur 120 mm ARGB pr\u00e9-install\u00e9 \u00e0 l&#8217;arri\u00e8re<\/li>\n<li>Nombreux emplacements suppl\u00e9mentaires pour ventilateurs (jusqu&#8217;\u00e0 9 ventilateurs au total)<\/li>\n<li>Compatibilit\u00e9 avec les radiateurs de watercooling AIO jusqu&#8217;\u00e0 360 mm<\/li>\n<li>Support de montage vertical pour carte graphique<\/li>\n<\/ul>\n","protected":false},"featured_media":1007124,"template":"","meta":{"_acf_changed":false},"pwb-brand":[],"product_brand":[96],"product_cat":[27,17],"product_tag":[],"pcb_component_type":[],"class_list":{"0":"post-7123","1":"product","2":"type-product","3":"status-publish","4":"has-post-thumbnail","6":"product_brand-msi","7":"product_cat-boitiers-pc","8":"product_cat-composants-gaming","10":"first","11":"outofstock","12":"shipping-taxable","13":"product-type-simple"},"translation":{"provider":"WPGlobus","version":"3.0.2","language":"de","enabled_languages":["en","es","de","fr","ru"],"languages":{"en":{"title":true,"content":true,"excerpt":true},"es":{"title":false,"content":false,"excerpt":false},"de":{"title":false,"content":false,"excerpt":false},"fr":{"title":false,"content":false,"excerpt":false},"ru":{"title":false,"content":false,"excerpt":false}}},"acf":[],"yoast_head":"<!-- This site is optimized with the Yoast SEO plugin v27.2 - https:\/\/yoast.com\/product\/yoast-seo-wordpress\/ -->\n<title>MSI VELOX 100R - Osaka<\/title>\n<meta name=\"robots\" content=\"index, follow, max-snippet:-1, max-image-preview:large, max-video-preview:-1\" \/>\n<link rel=\"canonical\" href=\"https:\/\/osaka.ma\/product\/msi-velox-100r\/\" \/>\n<meta property=\"og:locale\" content=\"de_DE\" \/>\n<meta property=\"og:type\" content=\"article\" \/>\n<meta property=\"og:title\" content=\"MSI VELOX 100R - Osaka\" \/>\n<meta property=\"og:url\" content=\"https:\/\/osaka.ma\/product\/msi-velox-100r\/\" \/>\n<meta property=\"og:site_name\" content=\"Osaka\" \/>\n<meta property=\"article:modified_time\" content=\"2025-04-24T14:08:40+00:00\" \/>\n<meta property=\"og:image\" content=\"https:\/\/osaka.ma\/wp-content\/uploads\/2024\/01\/MSI-VELOX-100R.jpg\" \/>\n\t<meta property=\"og:image:width\" content=\"374\" \/>\n\t<meta property=\"og:image:height\" content=\"374\" \/>\n\t<meta property=\"og:image:type\" content=\"image\/jpeg\" \/>\n<meta name=\"twitter:card\" content=\"summary_large_image\" \/>\n<meta name=\"twitter:label1\" content=\"Est. reading time\" \/>\n\t<meta name=\"twitter:data1\" content=\"2 minutes\" \/>\n<script type=\"application\/ld+json\" class=\"yoast-schema-graph\">{\"@context\":\"https:\/\/schema.org\",\"@graph\":[{\"@type\":\"WebPage\",\"@id\":\"https:\/\/osaka.ma\/product\/msi-velox-100r\/\",\"url\":\"https:\/\/osaka.ma\/product\/msi-velox-100r\/\",\"name\":\"MSI VELOX 100R - Osaka\",\"isPartOf\":{\"@id\":\"https:\/\/osaka.ma\/#website\"},\"primaryImageOfPage\":{\"@id\":\"https:\/\/osaka.ma\/product\/msi-velox-100r\/#primaryimage\"},\"image\":{\"@id\":\"https:\/\/osaka.ma\/product\/msi-velox-100r\/#primaryimage\"},\"thumbnailUrl\":\"https:\/\/osaka.ma\/wp-content\/uploads\/2024\/01\/MSI-VELOX-100R.jpg\",\"datePublished\":\"2024-01-19T10:11:22+00:00\",\"dateModified\":\"2025-04-24T14:08:40+00:00\",\"breadcrumb\":{\"@id\":\"https:\/\/osaka.ma\/product\/msi-velox-100r\/#breadcrumb\"},\"inLanguage\":\"de-DE\",\"potentialAction\":[{\"@type\":\"ReadAction\",\"target\":[\"https:\/\/osaka.ma\/product\/msi-velox-100r\/\"]}]},{\"@type\":\"ImageObject\",\"inLanguage\":\"de-DE\",\"@id\":\"https:\/\/osaka.ma\/product\/msi-velox-100r\/#primaryimage\",\"url\":\"https:\/\/osaka.ma\/wp-content\/uploads\/2024\/01\/MSI-VELOX-100R.jpg\",\"contentUrl\":\"https:\/\/osaka.ma\/wp-content\/uploads\/2024\/01\/MSI-VELOX-100R.jpg\",\"width\":374,\"height\":374},{\"@type\":\"BreadcrumbList\",\"@id\":\"https:\/\/osaka.ma\/product\/msi-velox-100r\/#breadcrumb\",\"itemListElement\":[{\"@type\":\"ListItem\",\"position\":1,\"name\":\"Home\",\"item\":\"https:\/\/osaka.ma\/\"},{\"@type\":\"ListItem\",\"position\":2,\"name\":\"Shop\",\"item\":\"https:\/\/osaka.ma\/shop-2\/\"},{\"@type\":\"ListItem\",\"position\":3,\"name\":\"MSI VELOX 100R\"}]},{\"@type\":\"WebSite\",\"@id\":\"https:\/\/osaka.ma\/#website\",\"url\":\"https:\/\/osaka.ma\/\",\"name\":\"Osaka\",\"description\":\"\",\"publisher\":{\"@id\":\"https:\/\/osaka.ma\/#organization\"},\"potentialAction\":[{\"@type\":\"SearchAction\",\"target\":{\"@type\":\"EntryPoint\",\"urlTemplate\":\"https:\/\/osaka.ma\/?s={search_term_string}\"},\"query-input\":{\"@type\":\"PropertyValueSpecification\",\"valueRequired\":true,\"valueName\":\"search_term_string\"}}],\"inLanguage\":\"de-DE\"},{\"@type\":\"Organization\",\"@id\":\"https:\/\/osaka.ma\/#organization\",\"name\":\"Osaka\",\"url\":\"https:\/\/osaka.ma\/\",\"logo\":{\"@type\":\"ImageObject\",\"inLanguage\":\"de-DE\",\"@id\":\"https:\/\/osaka.ma\/#\/schema\/logo\/image\/\",\"url\":\"https:\/\/osaka.ma\/wp-content\/uploads\/2026\/01\/model-slogan-logo-2Plan-de-travail-1dksl-plus-finnn.png\",\"contentUrl\":\"https:\/\/osaka.ma\/wp-content\/uploads\/2026\/01\/model-slogan-logo-2Plan-de-travail-1dksl-plus-finnn.png\",\"width\":842,\"height\":226,\"caption\":\"Osaka\"},\"image\":{\"@id\":\"https:\/\/osaka.ma\/#\/schema\/logo\/image\/\"}}]}<\/script>\n<!-- \/ Yoast SEO plugin. -->","yoast_head_json":{"title":"MSI VELOX 100R - Osaka","robots":{"index":"index","follow":"follow","max-snippet":"max-snippet:-1","max-image-preview":"max-image-preview:large","max-video-preview":"max-video-preview:-1"},"canonical":"https:\/\/osaka.ma\/product\/msi-velox-100r\/","og_locale":"de_DE","og_type":"article","og_title":"MSI VELOX 100R - Osaka","og_url":"https:\/\/osaka.ma\/product\/msi-velox-100r\/","og_site_name":"Osaka","article_modified_time":"2025-04-24T14:08:40+00:00","og_image":[{"width":374,"height":374,"url":"https:\/\/osaka.ma\/wp-content\/uploads\/2024\/01\/MSI-VELOX-100R.jpg","type":"image\/jpeg"}],"twitter_card":"summary_large_image","twitter_misc":{"Est. reading time":"2 minutes"},"schema":{"@context":"https:\/\/schema.org","@graph":[{"@type":"WebPage","@id":"https:\/\/osaka.ma\/product\/msi-velox-100r\/","url":"https:\/\/osaka.ma\/product\/msi-velox-100r\/","name":"MSI VELOX 100R - Osaka","isPartOf":{"@id":"https:\/\/osaka.ma\/#website"},"primaryImageOfPage":{"@id":"https:\/\/osaka.ma\/product\/msi-velox-100r\/#primaryimage"},"image":{"@id":"https:\/\/osaka.ma\/product\/msi-velox-100r\/#primaryimage"},"thumbnailUrl":"https:\/\/osaka.ma\/wp-content\/uploads\/2024\/01\/MSI-VELOX-100R.jpg","datePublished":"2024-01-19T10:11:22+00:00","dateModified":"2025-04-24T14:08:40+00:00","breadcrumb":{"@id":"https:\/\/osaka.ma\/product\/msi-velox-100r\/#breadcrumb"},"inLanguage":"de-DE","potentialAction":[{"@type":"ReadAction","target":["https:\/\/osaka.ma\/product\/msi-velox-100r\/"]}]},{"@type":"ImageObject","inLanguage":"de-DE","@id":"https:\/\/osaka.ma\/product\/msi-velox-100r\/#primaryimage","url":"https:\/\/osaka.ma\/wp-content\/uploads\/2024\/01\/MSI-VELOX-100R.jpg","contentUrl":"https:\/\/osaka.ma\/wp-content\/uploads\/2024\/01\/MSI-VELOX-100R.jpg","width":374,"height":374},{"@type":"BreadcrumbList","@id":"https:\/\/osaka.ma\/product\/msi-velox-100r\/#breadcrumb","itemListElement":[{"@type":"ListItem","position":1,"name":"Home","item":"https:\/\/osaka.ma\/"},{"@type":"ListItem","position":2,"name":"Shop","item":"https:\/\/osaka.ma\/shop-2\/"},{"@type":"ListItem","position":3,"name":"MSI VELOX 100R"}]},{"@type":"WebSite","@id":"https:\/\/osaka.ma\/#website","url":"https:\/\/osaka.ma\/","name":"Osaka","description":"","publisher":{"@id":"https:\/\/osaka.ma\/#organization"},"potentialAction":[{"@type":"SearchAction","target":{"@type":"EntryPoint","urlTemplate":"https:\/\/osaka.ma\/?s={search_term_string}"},"query-input":{"@type":"PropertyValueSpecification","valueRequired":true,"valueName":"search_term_string"}}],"inLanguage":"de-DE"},{"@type":"Organization","@id":"https:\/\/osaka.ma\/#organization","name":"Osaka","url":"https:\/\/osaka.ma\/","logo":{"@type":"ImageObject","inLanguage":"de-DE","@id":"https:\/\/osaka.ma\/#\/schema\/logo\/image\/","url":"https:\/\/osaka.ma\/wp-content\/uploads\/2026\/01\/model-slogan-logo-2Plan-de-travail-1dksl-plus-finnn.png","contentUrl":"https:\/\/osaka.ma\/wp-content\/uploads\/2026\/01\/model-slogan-logo-2Plan-de-travail-1dksl-plus-finnn.png","width":842,"height":226,"caption":"Osaka"},"image":{"@id":"https:\/\/osaka.ma\/#\/schema\/logo\/image\/"}}]}},"jetpack_sharing_enabled":true,"brands":[],"_links":{"self":[{"href":"https:\/\/osaka.ma\/de\/wp-json\/wp\/v2\/product\/7123","targetHints":{"allow":["GET"]}}],"collection":[{"href":"https:\/\/osaka.ma\/de\/wp-json\/wp\/v2\/product"}],"about":[{"href":"https:\/\/osaka.ma\/de\/wp-json\/wp\/v2\/types\/product"}],"version-history":[{"count":0,"href":"https:\/\/osaka.ma\/de\/wp-json\/wp\/v2\/product\/7123\/revisions"}],"wp:featuredmedia":[{"embeddable":true,"href":"https:\/\/osaka.ma\/de\/wp-json\/wp\/v2\/media\/1007124"}],"wp:attachment":[{"href":"https:\/\/osaka.ma\/de\/wp-json\/wp\/v2\/media?parent=7123"}],"wp:term":[{"taxonomy":"pwb-brand","embeddable":true,"href":"https:\/\/osaka.ma\/de\/wp-json\/wp\/v2\/pwb-brand?post=7123"},{"taxonomy":"product_brand","embeddable":true,"href":"https:\/\/osaka.ma\/de\/wp-json\/wp\/v2\/product_brand?post=7123"},{"taxonomy":"product_cat","embeddable":true,"href":"https:\/\/osaka.ma\/de\/wp-json\/wp\/v2\/product_cat?post=7123"},{"taxonomy":"product_tag","embeddable":true,"href":"https:\/\/osaka.ma\/de\/wp-json\/wp\/v2\/product_tag?post=7123"},{"taxonomy":"pcb_component_type","embeddable":true,"href":"https:\/\/osaka.ma\/de\/wp-json\/wp\/v2\/pcb_component_type?post=7123"}],"curies":[{"name":"wp","href":"https:\/\/api.w.org\/{rel}","templated":true}]}}