{"id":7204,"date":"2024-01-20T14:45:32","date_gmt":"2024-01-20T14:45:32","guid":{"rendered":"https:\/\/osaka.ma\/?post_type=product&#038;p=7204"},"modified":"2024-12-18T15:35:46","modified_gmt":"2024-12-18T15:35:46","slug":"msi-bravo-17-ryzen-5-7535hs-16gb-512gb-rtx4060","status":"publish","type":"product","link":"https:\/\/osaka.ma\/de\/product\/msi-bravo-17-ryzen-5-7535hs-16gb-512gb-rtx4060\/","title":{"rendered":"MSI BRAVO 17 RYZEN 5 7535HS\/16GB\/512GB\/RTX4060"},"content":{"rendered":"<p>Confortable gr\u00e2ce \u00e0 son grand format 17 pouces, le\u00a0<strong>MSI Bravo 17 C7VF-013FR<\/strong> est un PC portable gamer cr\u00e9ateur performant adapt\u00e9 aux jeux r\u00e9cents gr\u00e2ce \u00e0 sa carte graphique haut de gamme GeForce RTX 4060 ray tracing NVIDIA Ada Lovelace qui acc\u00e9l\u00e8re les traitements multim\u00e9dia \u00e0 l\u2019image du processeur AMD Hexa Core Ryzen 5 7535HS Rembrandt Refresh et des 16 Go de RAM performants. Pourvus d\u2019une dalle IPS\u00a0 antireflet qui am\u00e9liore la fluidit\u00e9 dans les jeux gr\u00e2ce \u00e0 sa fr\u00e9quence de 144Hz, cet ordinateur portable noir Windows 11 con\u00e7u pour jouer et cr\u00e9er profite d\u2019une r\u00e9activit\u00e9 renforc\u00e9e par le stockage SSD rapide de 512 Go, d\u2019un clavier r\u00e9tro \u00e9clair\u00e9 mais aussi d\u2019une connectique avec Wi-Fi 6E et USB-C.<\/p>\n<div id=\"advgb-col-47856953-2a9b-46aa-804b-d48d03b00bc9\" class=\"wp-block-advgb-column advgb-column advgb-is-three-quarters-tablet advgb-is-full-mobile lps-twocolumns\">\n<div class=\"advgb-column-inner\">\n<p>&nbsp;<\/p>\n<div class=\"is-layout-constrained entry-content wp-block-post-content\" data-content-ads-inserted=\"true\" data-slot-rendered-content=\"true\">\n<figure class=\"wp-block-table\">\n<table>\n<tbody>\n<tr>\n<td>\u00c9cran(s)<\/td>\n<td>17.3 \u00bb\u00a0 IPS 144Hz (1920\u00d71080, antireflet\/mat)<\/td>\n<\/tr>\n<tr>\n<td>Processeur<\/td>\n<td>AMD Ryzen 5 7535HS Rembrandt Refresh (6 c\u0153urs, 3.3 GHz, 35W)<\/td>\n<\/tr>\n<tr>\n<td>M\u00e9moire vive install\u00e9e (max)<\/td>\n<td>16 Go (2 x 8 Go) DDR5 4800 MHz<\/td>\n<\/tr>\n<tr>\n<td>Carte graphique<\/td>\n<td>NVIDIA Ada Lovelace GeForce RTX 4060 8 Go GDDR6 d\u00e9di\u00e9s (105W boost 2250MHz), AMD Radeon 660M int\u00e9gr\u00e9e au processeur et Optimus<\/td>\n<\/tr>\n<tr>\n<td>Stockage<\/td>\n<td>SSD M.2 de 512 Go (NVMe PCIe 4.0 x4) + 1 emplacement M.2 libre (PCIe 4.0)<\/td>\n<\/tr>\n<tr>\n<td>Connectique<\/td>\n<td>2 USB 3.2 (Gen1) + 1 USB 2.0 + 1 USB 3.2 Type-C (Gen1), HDMI 2.1 (4K@120Hz, 8K@60Hz)<\/td>\n<\/tr>\n<tr>\n<td>R\u00e9seau<\/td>\n<td>Wi-Fi 6E ax (2\u00d72), Bluetooth 5.3 + Ethernet Gigabit<\/td>\n<\/tr>\n<tr>\n<td>Clavier r\u00e9tro \u00e9clair\u00e9<\/td>\n<td>Oui (bleu)<\/td>\n<\/tr>\n<tr>\n<td>Pav\u00e9 num\u00e9rique<\/td>\n<td>Oui<\/td>\n<\/tr>\n<tr>\n<td>Windows Hello<\/td>\n<td>\u2013<\/td>\n<\/tr>\n<tr>\n<td>Syst\u00e8me audio<\/td>\n<td>2 haut-parleurs (2 x 2W) Nahimic<\/td>\n<\/tr>\n<tr>\n<td>Syst\u00e8me d\u2019exploitation<\/td>\n<td>Windows 11 64bits<\/td>\n<\/tr>\n<tr>\n<td>Autonomie annonc\u00e9e \/ Batterie<\/td>\n<td>6 heures \/ Li-Polym\u00e8re 3 cellules 53.5Whr<\/td>\n<\/tr>\n<tr>\n<td>Poids \/ Dimensions (mm)<\/td>\n<td>2.7 Kg \/ 398 x 273 x 25.2<\/td>\n<\/tr>\n<\/tbody>\n<\/table>\n<\/figure>\n<div id=\"le-msi-bravo-17-c7vf-013fr-face-a-la-concurrence\" class=\"toc_title small-scrolltop\" data-slot-rendered-content=\"true\"><\/div>\n<div id=\"lapto-542417524\" class=\"lapto-top-2\"><\/div>\n<div class=\"wrap-col-lps-box-comparo\">\n<div class=\"col-lps-box-comparo-prix\">\n<div class=\"wrap-lps-box-comparo\">\n<div class=\"lps-box-comparo-ligne\"><\/div>\n<\/div>\n<\/div>\n<\/div>\n<\/div>\n<p>&nbsp;<\/p>\n<\/div>\n<\/div>\n<div id=\"advgb-col-4d0db762-4d77-4b75-8d37-ac9c71e50113\" class=\"wp-block-advgb-column advgb-column advgb-is-one-quarter-tablet advgb-is-full-mobile lps-column-sidebar\">\n<div class=\"advgb-column-inner\">\n<div class=\"is-layout-flow wp-block-group lps-sidebar\" data-slot-rendered-sidebarbtf=\"true\">\n<div class=\"is-layout-flex wp-block-group\">\n<p>&nbsp;<\/p>\n<\/div>\n<div id=\"sidebar_btf_placeholder\" class=\"sidebar_btf_placeholder\">\n<div id=\"sidebar_btf_sticky_wrapper\" class=\"stuck\">\n<div id=\"sidebar_btf_wrapper\" class=\"adunitwrapper sidebar_btf_wrapper mv-size-300x250 mv-dynamic-size\" data-wrapper=\"sidebar_btf\" data-nosnippet=\"\">\n<div id=\"sidebar_btf\" class=\"adunit\" data-google-query-id=\"CJHZ5YKZ7IMDFdenJwIdilUPOA\">\n<div id=\"google_ads_iframe_\/1030006,22680324807\/laptopspirit\/sticky_sidebar_0__container__\"><\/div>\n<\/div>\n<\/div>\n<\/div>\n<\/div>\n<\/div>\n<\/div>\n<\/div>\n","protected":false},"excerpt":{"rendered":"<p>Confortable gr\u00e2ce \u00e0 son grand format 17 pouces, le\u00a0<strong>MSI Bravo 17 C7VF-013FR<\/strong> est un PC portable gamer cr\u00e9ateur performant adapt\u00e9 aux jeux r\u00e9cents gr\u00e2ce \u00e0 sa carte graphique haut de gamme GeForce RTX 4060 ray tracing NVIDIA Ada Lovelace qui acc\u00e9l\u00e8re les traitements multim\u00e9dia \u00e0 l\u2019image du processeur AMD Hexa Core Ryzen 5 7535HS Rembrandt Refresh et des 16 Go de RAM performants. Pourvus d\u2019une dalle IPS antireflet qui am\u00e9liore la fluidit\u00e9 dans les jeux gr\u00e2ce \u00e0 sa fr\u00e9quence de 144Hz, cet ordinateur portable noir Windows 11 con\u00e7u pour jouer et cr\u00e9er profite d\u2019une r\u00e9activit\u00e9 renforc\u00e9e par le stockage SSD rapide de 512 Go, d\u2019un clavier r\u00e9tro \u00e9clair\u00e9 mais aussi d\u2019une connectique avec Wi-Fi 6E et USB-C.<\/p>\n","protected":false},"featured_media":1007196,"template":"","meta":{"_acf_changed":false},"pwb-brand":[],"product_brand":[],"product_cat":[122,121],"product_tag":[],"pcb_component_type":[],"class_list":{"0":"post-7204","1":"product","2":"type-product","3":"status-publish","4":"has-post-thumbnail","6":"product_cat-gaming","7":"product_cat-pc-portable","9":"first","10":"outofstock","11":"shipping-taxable","12":"product-type-simple"},"translation":{"provider":"WPGlobus","version":"3.0.2","language":"de","enabled_languages":["en","es","de","fr","ru"],"languages":{"en":{"title":true,"content":true,"excerpt":true},"es":{"title":false,"content":false,"excerpt":false},"de":{"title":false,"content":false,"excerpt":false},"fr":{"title":false,"content":false,"excerpt":false},"ru":{"title":false,"content":false,"excerpt":false}}},"acf":[],"yoast_head":"<!-- This site is optimized with the Yoast SEO plugin v27.2 - https:\/\/yoast.com\/product\/yoast-seo-wordpress\/ -->\n<title>MSI BRAVO 17 RYZEN 5 7535HS\/16GB\/512GB\/RTX4060 - Osaka<\/title>\n<meta name=\"robots\" content=\"index, follow, max-snippet:-1, max-image-preview:large, max-video-preview:-1\" \/>\n<link rel=\"canonical\" href=\"https:\/\/osaka.ma\/product\/msi-bravo-17-ryzen-5-7535hs-16gb-512gb-rtx4060\/\" \/>\n<meta property=\"og:locale\" content=\"de_DE\" \/>\n<meta property=\"og:type\" content=\"article\" \/>\n<meta property=\"og:title\" content=\"MSI BRAVO 17 RYZEN 5 7535HS\/16GB\/512GB\/RTX4060 - Osaka\" \/>\n<meta property=\"og:url\" content=\"https:\/\/osaka.ma\/product\/msi-bravo-17-ryzen-5-7535hs-16gb-512gb-rtx4060\/\" \/>\n<meta property=\"og:site_name\" content=\"Osaka\" \/>\n<meta property=\"article:modified_time\" content=\"2024-12-18T15:35:46+00:00\" \/>\n<meta property=\"og:image\" content=\"https:\/\/osaka.ma\/wp-content\/uploads\/2024\/01\/MSI-BRAVO-17-1.webp\" \/>\n\t<meta property=\"og:image:width\" content=\"1500\" \/>\n\t<meta property=\"og:image:height\" content=\"1000\" \/>\n\t<meta property=\"og:image:type\" content=\"image\/webp\" \/>\n<meta name=\"twitter:card\" content=\"summary_large_image\" \/>\n<meta name=\"twitter:label1\" content=\"Est. reading time\" \/>\n\t<meta name=\"twitter:data1\" content=\"1 minute\" \/>\n<script type=\"application\/ld+json\" class=\"yoast-schema-graph\">{\"@context\":\"https:\/\/schema.org\",\"@graph\":[{\"@type\":\"WebPage\",\"@id\":\"https:\/\/osaka.ma\/product\/msi-bravo-17-ryzen-5-7535hs-16gb-512gb-rtx4060\/\",\"url\":\"https:\/\/osaka.ma\/product\/msi-bravo-17-ryzen-5-7535hs-16gb-512gb-rtx4060\/\",\"name\":\"MSI BRAVO 17 RYZEN 5 7535HS\/16GB\/512GB\/RTX4060 - Osaka\",\"isPartOf\":{\"@id\":\"https:\/\/osaka.ma\/#website\"},\"primaryImageOfPage\":{\"@id\":\"https:\/\/osaka.ma\/product\/msi-bravo-17-ryzen-5-7535hs-16gb-512gb-rtx4060\/#primaryimage\"},\"image\":{\"@id\":\"https:\/\/osaka.ma\/product\/msi-bravo-17-ryzen-5-7535hs-16gb-512gb-rtx4060\/#primaryimage\"},\"thumbnailUrl\":\"https:\/\/osaka.ma\/wp-content\/uploads\/2024\/01\/MSI-BRAVO-17-1.webp\",\"datePublished\":\"2024-01-20T14:45:32+00:00\",\"dateModified\":\"2024-12-18T15:35:46+00:00\",\"breadcrumb\":{\"@id\":\"https:\/\/osaka.ma\/product\/msi-bravo-17-ryzen-5-7535hs-16gb-512gb-rtx4060\/#breadcrumb\"},\"inLanguage\":\"de-DE\",\"potentialAction\":[{\"@type\":\"ReadAction\",\"target\":[\"https:\/\/osaka.ma\/product\/msi-bravo-17-ryzen-5-7535hs-16gb-512gb-rtx4060\/\"]}]},{\"@type\":\"ImageObject\",\"inLanguage\":\"de-DE\",\"@id\":\"https:\/\/osaka.ma\/product\/msi-bravo-17-ryzen-5-7535hs-16gb-512gb-rtx4060\/#primaryimage\",\"url\":\"https:\/\/osaka.ma\/wp-content\/uploads\/2024\/01\/MSI-BRAVO-17-1.webp\",\"contentUrl\":\"https:\/\/osaka.ma\/wp-content\/uploads\/2024\/01\/MSI-BRAVO-17-1.webp\",\"width\":1500,\"height\":1000},{\"@type\":\"BreadcrumbList\",\"@id\":\"https:\/\/osaka.ma\/product\/msi-bravo-17-ryzen-5-7535hs-16gb-512gb-rtx4060\/#breadcrumb\",\"itemListElement\":[{\"@type\":\"ListItem\",\"position\":1,\"name\":\"Home\",\"item\":\"https:\/\/osaka.ma\/\"},{\"@type\":\"ListItem\",\"position\":2,\"name\":\"Shop\",\"item\":\"https:\/\/osaka.ma\/shop-2\/\"},{\"@type\":\"ListItem\",\"position\":3,\"name\":\"MSI BRAVO 17 RYZEN 5 7535HS\/16GB\/512GB\/RTX4060\"}]},{\"@type\":\"WebSite\",\"@id\":\"https:\/\/osaka.ma\/#website\",\"url\":\"https:\/\/osaka.ma\/\",\"name\":\"Osaka\",\"description\":\"\",\"publisher\":{\"@id\":\"https:\/\/osaka.ma\/#organization\"},\"potentialAction\":[{\"@type\":\"SearchAction\",\"target\":{\"@type\":\"EntryPoint\",\"urlTemplate\":\"https:\/\/osaka.ma\/?s={search_term_string}\"},\"query-input\":{\"@type\":\"PropertyValueSpecification\",\"valueRequired\":true,\"valueName\":\"search_term_string\"}}],\"inLanguage\":\"de-DE\"},{\"@type\":\"Organization\",\"@id\":\"https:\/\/osaka.ma\/#organization\",\"name\":\"Osaka\",\"url\":\"https:\/\/osaka.ma\/\",\"logo\":{\"@type\":\"ImageObject\",\"inLanguage\":\"de-DE\",\"@id\":\"https:\/\/osaka.ma\/#\/schema\/logo\/image\/\",\"url\":\"https:\/\/osaka.ma\/wp-content\/uploads\/2026\/01\/model-slogan-logo-2Plan-de-travail-1dksl-plus-finnn.png\",\"contentUrl\":\"https:\/\/osaka.ma\/wp-content\/uploads\/2026\/01\/model-slogan-logo-2Plan-de-travail-1dksl-plus-finnn.png\",\"width\":842,\"height\":226,\"caption\":\"Osaka\"},\"image\":{\"@id\":\"https:\/\/osaka.ma\/#\/schema\/logo\/image\/\"}}]}<\/script>\n<!-- \/ Yoast SEO plugin. -->","yoast_head_json":{"title":"MSI BRAVO 17 RYZEN 5 7535HS\/16GB\/512GB\/RTX4060 - Osaka","robots":{"index":"index","follow":"follow","max-snippet":"max-snippet:-1","max-image-preview":"max-image-preview:large","max-video-preview":"max-video-preview:-1"},"canonical":"https:\/\/osaka.ma\/product\/msi-bravo-17-ryzen-5-7535hs-16gb-512gb-rtx4060\/","og_locale":"de_DE","og_type":"article","og_title":"MSI BRAVO 17 RYZEN 5 7535HS\/16GB\/512GB\/RTX4060 - Osaka","og_url":"https:\/\/osaka.ma\/product\/msi-bravo-17-ryzen-5-7535hs-16gb-512gb-rtx4060\/","og_site_name":"Osaka","article_modified_time":"2024-12-18T15:35:46+00:00","og_image":[{"width":1500,"height":1000,"url":"https:\/\/osaka.ma\/wp-content\/uploads\/2024\/01\/MSI-BRAVO-17-1.webp","type":"image\/webp"}],"twitter_card":"summary_large_image","twitter_misc":{"Est. reading time":"1 minute"},"schema":{"@context":"https:\/\/schema.org","@graph":[{"@type":"WebPage","@id":"https:\/\/osaka.ma\/product\/msi-bravo-17-ryzen-5-7535hs-16gb-512gb-rtx4060\/","url":"https:\/\/osaka.ma\/product\/msi-bravo-17-ryzen-5-7535hs-16gb-512gb-rtx4060\/","name":"MSI BRAVO 17 RYZEN 5 7535HS\/16GB\/512GB\/RTX4060 - Osaka","isPartOf":{"@id":"https:\/\/osaka.ma\/#website"},"primaryImageOfPage":{"@id":"https:\/\/osaka.ma\/product\/msi-bravo-17-ryzen-5-7535hs-16gb-512gb-rtx4060\/#primaryimage"},"image":{"@id":"https:\/\/osaka.ma\/product\/msi-bravo-17-ryzen-5-7535hs-16gb-512gb-rtx4060\/#primaryimage"},"thumbnailUrl":"https:\/\/osaka.ma\/wp-content\/uploads\/2024\/01\/MSI-BRAVO-17-1.webp","datePublished":"2024-01-20T14:45:32+00:00","dateModified":"2024-12-18T15:35:46+00:00","breadcrumb":{"@id":"https:\/\/osaka.ma\/product\/msi-bravo-17-ryzen-5-7535hs-16gb-512gb-rtx4060\/#breadcrumb"},"inLanguage":"de-DE","potentialAction":[{"@type":"ReadAction","target":["https:\/\/osaka.ma\/product\/msi-bravo-17-ryzen-5-7535hs-16gb-512gb-rtx4060\/"]}]},{"@type":"ImageObject","inLanguage":"de-DE","@id":"https:\/\/osaka.ma\/product\/msi-bravo-17-ryzen-5-7535hs-16gb-512gb-rtx4060\/#primaryimage","url":"https:\/\/osaka.ma\/wp-content\/uploads\/2024\/01\/MSI-BRAVO-17-1.webp","contentUrl":"https:\/\/osaka.ma\/wp-content\/uploads\/2024\/01\/MSI-BRAVO-17-1.webp","width":1500,"height":1000},{"@type":"BreadcrumbList","@id":"https:\/\/osaka.ma\/product\/msi-bravo-17-ryzen-5-7535hs-16gb-512gb-rtx4060\/#breadcrumb","itemListElement":[{"@type":"ListItem","position":1,"name":"Home","item":"https:\/\/osaka.ma\/"},{"@type":"ListItem","position":2,"name":"Shop","item":"https:\/\/osaka.ma\/shop-2\/"},{"@type":"ListItem","position":3,"name":"MSI BRAVO 17 RYZEN 5 7535HS\/16GB\/512GB\/RTX4060"}]},{"@type":"WebSite","@id":"https:\/\/osaka.ma\/#website","url":"https:\/\/osaka.ma\/","name":"Osaka","description":"","publisher":{"@id":"https:\/\/osaka.ma\/#organization"},"potentialAction":[{"@type":"SearchAction","target":{"@type":"EntryPoint","urlTemplate":"https:\/\/osaka.ma\/?s={search_term_string}"},"query-input":{"@type":"PropertyValueSpecification","valueRequired":true,"valueName":"search_term_string"}}],"inLanguage":"de-DE"},{"@type":"Organization","@id":"https:\/\/osaka.ma\/#organization","name":"Osaka","url":"https:\/\/osaka.ma\/","logo":{"@type":"ImageObject","inLanguage":"de-DE","@id":"https:\/\/osaka.ma\/#\/schema\/logo\/image\/","url":"https:\/\/osaka.ma\/wp-content\/uploads\/2026\/01\/model-slogan-logo-2Plan-de-travail-1dksl-plus-finnn.png","contentUrl":"https:\/\/osaka.ma\/wp-content\/uploads\/2026\/01\/model-slogan-logo-2Plan-de-travail-1dksl-plus-finnn.png","width":842,"height":226,"caption":"Osaka"},"image":{"@id":"https:\/\/osaka.ma\/#\/schema\/logo\/image\/"}}]}},"jetpack_sharing_enabled":true,"brands":[],"_links":{"self":[{"href":"https:\/\/osaka.ma\/de\/wp-json\/wp\/v2\/product\/7204","targetHints":{"allow":["GET"]}}],"collection":[{"href":"https:\/\/osaka.ma\/de\/wp-json\/wp\/v2\/product"}],"about":[{"href":"https:\/\/osaka.ma\/de\/wp-json\/wp\/v2\/types\/product"}],"version-history":[{"count":0,"href":"https:\/\/osaka.ma\/de\/wp-json\/wp\/v2\/product\/7204\/revisions"}],"wp:featuredmedia":[{"embeddable":true,"href":"https:\/\/osaka.ma\/de\/wp-json\/wp\/v2\/media\/1007196"}],"wp:attachment":[{"href":"https:\/\/osaka.ma\/de\/wp-json\/wp\/v2\/media?parent=7204"}],"wp:term":[{"taxonomy":"pwb-brand","embeddable":true,"href":"https:\/\/osaka.ma\/de\/wp-json\/wp\/v2\/pwb-brand?post=7204"},{"taxonomy":"product_brand","embeddable":true,"href":"https:\/\/osaka.ma\/de\/wp-json\/wp\/v2\/product_brand?post=7204"},{"taxonomy":"product_cat","embeddable":true,"href":"https:\/\/osaka.ma\/de\/wp-json\/wp\/v2\/product_cat?post=7204"},{"taxonomy":"product_tag","embeddable":true,"href":"https:\/\/osaka.ma\/de\/wp-json\/wp\/v2\/product_tag?post=7204"},{"taxonomy":"pcb_component_type","embeddable":true,"href":"https:\/\/osaka.ma\/de\/wp-json\/wp\/v2\/pcb_component_type?post=7204"}],"curies":[{"name":"wp","href":"https:\/\/api.w.org\/{rel}","templated":true}]}}