{"id":7279,"date":"2024-02-05T17:21:27","date_gmt":"2024-02-05T17:21:27","guid":{"rendered":"https:\/\/osaka.ma\/?post_type=product&#038;p=7279"},"modified":"2024-12-18T15:35:46","modified_gmt":"2024-12-18T15:35:46","slug":"hybrok-27%e2%80%b3-flame-hf27ifl-ips-165hz","status":"publish","type":"product","link":"https:\/\/osaka.ma\/de\/product\/hybrok-27%e2%80%b3-flame-hf27ifl-ips-165hz\/","title":{"rendered":"HYBROK 27\u2033 FLAME HF27IFL IPS 165HZ"},"content":{"rendered":"<h1><strong>Moniteur Hybrok LIGHT HL27IFL Maroc IPS 165Hz<\/strong><\/h1>\n<p>Avec le\u00a0<strong>Moniteur Hybrok LIGHT HL27IFL<\/strong>, faites de votre environnement de jeu une zone \u00e0 fort potentiel de victoire ! Ce mod\u00e8le IPS Full HD de 27 pouces poss\u00e8de toutes les qualit\u00e9s gaming pour atteindre vos objectifs (1 ms, 165 Hz, FreeSync) et ainsi surpasser vos adversaires. Appr\u00e9ciez une prise en main confortable, un ajustement pratique de la position ainsi qu\u2019une connectique par\u00e9e pour r\u00e9pondre \u00e0 toutes vos envies.<\/p>\n<figure id=\"attachment_104187\" class=\"wp-caption alignnone\" aria-describedby=\"caption-attachment-104187\"><figcaption id=\"caption-attachment-104187\" class=\"wp-caption-text\">Moniteur Hybrok LIGHT HL27IFL Maroc IPS 165Hz<\/figcaption><\/figure>\n<h2>JOUEZ DANS LES MEILLEURES CONDITIONS<\/h2>\n<p>Avec sa\u00a0<strong>dalle IPS de 27 pouces<\/strong>, le moniteur Hybrok LIGHT HL27IFL offre \u00e0 chaque utilisateur un environnement de qualit\u00e9. Outre une\u00a0<strong>r\u00e9solution Full HD<\/strong>, ce mod\u00e8le dispose de couleurs riches et naturelles et d\u2019un contraste typique de 1000:1. Profitez d\u2019une connectique compl\u00e8te avec un port HDMI et un connecteur DisplayPort et b\u00e9n\u00e9ficiez d\u2019un confort oculaire optimis\u00e9 pour de longues parties agr\u00e9ables.<\/p>\n<h2>CARACT\u00c9RISTIQUES PRINCIPALES :<\/h2>\n<ul>\n<li>Moniteur de 27 pouces avec r\u00e9solution Full HD (1920 x 1080)<\/li>\n<li><strong>Dalle IPS<\/strong><\/li>\n<li>Technologie AMD\u00a0<strong>FreeSync<\/strong><\/li>\n<li>Taux de rafra\u00eechissement maximal de\u00a0<strong>165 Hz<\/strong><\/li>\n<li>Temps de r\u00e9ponse de 1 ms<\/li>\n<li><strong>Connecteurs<\/strong>\u00a0: 2 x HDMI 1.4 \/ 1 x DP1.2\u00a0 \/Jack 3,5mm<\/li>\n<\/ul>\n","protected":false},"excerpt":{"rendered":"<ul>\n<li>Moniteur de 27 pouces avec r\u00e9solution Full HD (1920 x 1080)<\/li>\n<li><strong>Dalle IPS<\/strong><\/li>\n<li>Technologie AMD\u00a0<strong>FreeSync<\/strong><\/li>\n<li>Taux de rafra\u00eechissement maximal de\u00a0<strong>165 Hz<\/strong><\/li>\n<li>Temps de r\u00e9ponse de 1 ms<\/li>\n<li><strong>Connecteurs<\/strong>\u00a0: 2 x HDMI 1.4 \/ 1 x DP1.2\u00a0 \/Jack 3,5mm<\/li>\n<\/ul>\n","protected":false},"featured_media":1007280,"template":"","meta":{"_acf_changed":false},"pwb-brand":[],"product_brand":[],"product_cat":[62,58],"product_tag":[],"pcb_component_type":[],"class_list":{"0":"post-7279","1":"product","2":"type-product","3":"status-publish","4":"has-post-thumbnail","6":"product_cat-27-pouce","7":"product_cat-ecrans-et-moniteurs-pc","9":"first","10":"outofstock","11":"shipping-taxable","12":"product-type-simple"},"translation":{"provider":"WPGlobus","version":"3.0.2","language":"de","enabled_languages":["en","es","de","fr","ru"],"languages":{"en":{"title":true,"content":true,"excerpt":true},"es":{"title":false,"content":false,"excerpt":false},"de":{"title":false,"content":false,"excerpt":false},"fr":{"title":false,"content":false,"excerpt":false},"ru":{"title":false,"content":false,"excerpt":false}}},"acf":[],"yoast_head":"<!-- This site is optimized with the Yoast SEO plugin v27.2 - https:\/\/yoast.com\/product\/yoast-seo-wordpress\/ -->\n<title>HYBROK 27\u2033 FLAME HF27IFL IPS 165HZ - Osaka<\/title>\n<meta name=\"robots\" content=\"index, follow, max-snippet:-1, max-image-preview:large, max-video-preview:-1\" \/>\n<link rel=\"canonical\" href=\"https:\/\/osaka.ma\/ru\/product\/hybrok-27\u2033-flame-hf27ifl-ips-165hz\/\" \/>\n<meta property=\"og:locale\" content=\"de_DE\" \/>\n<meta property=\"og:type\" content=\"article\" \/>\n<meta property=\"og:title\" content=\"HYBROK 27\u2033 FLAME HF27IFL IPS 165HZ - Osaka\" \/>\n<meta property=\"og:url\" content=\"https:\/\/osaka.ma\/ru\/product\/hybrok-27\u2033-flame-hf27ifl-ips-165hz\/\" \/>\n<meta property=\"og:site_name\" content=\"Osaka\" \/>\n<meta property=\"article:modified_time\" content=\"2024-12-18T15:35:46+00:00\" \/>\n<meta property=\"og:image\" content=\"https:\/\/osaka.ma\/wp-content\/uploads\/2024\/02\/Hybrok-LIGHT-HL27IFL-2722-Full-HD-IPS-165Hz-1ms.png\" \/>\n\t<meta property=\"og:image:width\" content=\"1620\" \/>\n\t<meta property=\"og:image:height\" content=\"1300\" \/>\n\t<meta property=\"og:image:type\" content=\"image\/png\" \/>\n<meta name=\"twitter:card\" content=\"summary_large_image\" \/>\n<meta name=\"twitter:label1\" content=\"Est. reading time\" \/>\n\t<meta name=\"twitter:data1\" content=\"1 minute\" \/>\n<script type=\"application\/ld+json\" class=\"yoast-schema-graph\">{\"@context\":\"https:\/\/schema.org\",\"@graph\":[{\"@type\":\"WebPage\",\"@id\":\"https:\/\/osaka.ma\/ru\/product\/hybrok-27%e2%80%b3-flame-hf27ifl-ips-165hz\/\",\"url\":\"https:\/\/osaka.ma\/ru\/product\/hybrok-27%e2%80%b3-flame-hf27ifl-ips-165hz\/\",\"name\":\"HYBROK 27\u2033 FLAME HF27IFL IPS 165HZ - Osaka\",\"isPartOf\":{\"@id\":\"https:\/\/osaka.ma\/#website\"},\"primaryImageOfPage\":{\"@id\":\"https:\/\/osaka.ma\/ru\/product\/hybrok-27%e2%80%b3-flame-hf27ifl-ips-165hz\/#primaryimage\"},\"image\":{\"@id\":\"https:\/\/osaka.ma\/ru\/product\/hybrok-27%e2%80%b3-flame-hf27ifl-ips-165hz\/#primaryimage\"},\"thumbnailUrl\":\"https:\/\/osaka.ma\/wp-content\/uploads\/2024\/02\/Hybrok-LIGHT-HL27IFL-2722-Full-HD-IPS-165Hz-1ms.png\",\"datePublished\":\"2024-02-05T17:21:27+00:00\",\"dateModified\":\"2024-12-18T15:35:46+00:00\",\"breadcrumb\":{\"@id\":\"https:\/\/osaka.ma\/ru\/product\/hybrok-27%e2%80%b3-flame-hf27ifl-ips-165hz\/#breadcrumb\"},\"inLanguage\":\"de-DE\",\"potentialAction\":[{\"@type\":\"ReadAction\",\"target\":[\"https:\/\/osaka.ma\/ru\/product\/hybrok-27%e2%80%b3-flame-hf27ifl-ips-165hz\/\"]}]},{\"@type\":\"ImageObject\",\"inLanguage\":\"de-DE\",\"@id\":\"https:\/\/osaka.ma\/ru\/product\/hybrok-27%e2%80%b3-flame-hf27ifl-ips-165hz\/#primaryimage\",\"url\":\"https:\/\/osaka.ma\/wp-content\/uploads\/2024\/02\/Hybrok-LIGHT-HL27IFL-2722-Full-HD-IPS-165Hz-1ms.png\",\"contentUrl\":\"https:\/\/osaka.ma\/wp-content\/uploads\/2024\/02\/Hybrok-LIGHT-HL27IFL-2722-Full-HD-IPS-165Hz-1ms.png\",\"width\":1620,\"height\":1300},{\"@type\":\"BreadcrumbList\",\"@id\":\"https:\/\/osaka.ma\/ru\/product\/hybrok-27%e2%80%b3-flame-hf27ifl-ips-165hz\/#breadcrumb\",\"itemListElement\":[{\"@type\":\"ListItem\",\"position\":1,\"name\":\"Home\",\"item\":\"https:\/\/osaka.ma\/\"},{\"@type\":\"ListItem\",\"position\":2,\"name\":\"Shop\",\"item\":\"https:\/\/osaka.ma\/shop-2\/\"},{\"@type\":\"ListItem\",\"position\":3,\"name\":\"HYBROK 27\u2033 FLAME HF27IFL IPS 165HZ\"}]},{\"@type\":\"WebSite\",\"@id\":\"https:\/\/osaka.ma\/#website\",\"url\":\"https:\/\/osaka.ma\/\",\"name\":\"Osaka\",\"description\":\"\",\"publisher\":{\"@id\":\"https:\/\/osaka.ma\/#organization\"},\"potentialAction\":[{\"@type\":\"SearchAction\",\"target\":{\"@type\":\"EntryPoint\",\"urlTemplate\":\"https:\/\/osaka.ma\/?s={search_term_string}\"},\"query-input\":{\"@type\":\"PropertyValueSpecification\",\"valueRequired\":true,\"valueName\":\"search_term_string\"}}],\"inLanguage\":\"de-DE\"},{\"@type\":\"Organization\",\"@id\":\"https:\/\/osaka.ma\/#organization\",\"name\":\"Osaka\",\"url\":\"https:\/\/osaka.ma\/\",\"logo\":{\"@type\":\"ImageObject\",\"inLanguage\":\"de-DE\",\"@id\":\"https:\/\/osaka.ma\/#\/schema\/logo\/image\/\",\"url\":\"https:\/\/osaka.ma\/wp-content\/uploads\/2026\/01\/model-slogan-logo-2Plan-de-travail-1dksl-plus-finnn.png\",\"contentUrl\":\"https:\/\/osaka.ma\/wp-content\/uploads\/2026\/01\/model-slogan-logo-2Plan-de-travail-1dksl-plus-finnn.png\",\"width\":842,\"height\":226,\"caption\":\"Osaka\"},\"image\":{\"@id\":\"https:\/\/osaka.ma\/#\/schema\/logo\/image\/\"}}]}<\/script>\n<!-- \/ Yoast SEO plugin. -->","yoast_head_json":{"title":"HYBROK 27\u2033 FLAME HF27IFL IPS 165HZ - Osaka","robots":{"index":"index","follow":"follow","max-snippet":"max-snippet:-1","max-image-preview":"max-image-preview:large","max-video-preview":"max-video-preview:-1"},"canonical":"https:\/\/osaka.ma\/ru\/product\/hybrok-27\u2033-flame-hf27ifl-ips-165hz\/","og_locale":"de_DE","og_type":"article","og_title":"HYBROK 27\u2033 FLAME HF27IFL IPS 165HZ - Osaka","og_url":"https:\/\/osaka.ma\/ru\/product\/hybrok-27\u2033-flame-hf27ifl-ips-165hz\/","og_site_name":"Osaka","article_modified_time":"2024-12-18T15:35:46+00:00","og_image":[{"width":1620,"height":1300,"url":"https:\/\/osaka.ma\/wp-content\/uploads\/2024\/02\/Hybrok-LIGHT-HL27IFL-2722-Full-HD-IPS-165Hz-1ms.png","type":"image\/png"}],"twitter_card":"summary_large_image","twitter_misc":{"Est. reading time":"1 minute"},"schema":{"@context":"https:\/\/schema.org","@graph":[{"@type":"WebPage","@id":"https:\/\/osaka.ma\/ru\/product\/hybrok-27%e2%80%b3-flame-hf27ifl-ips-165hz\/","url":"https:\/\/osaka.ma\/ru\/product\/hybrok-27%e2%80%b3-flame-hf27ifl-ips-165hz\/","name":"HYBROK 27\u2033 FLAME HF27IFL IPS 165HZ - Osaka","isPartOf":{"@id":"https:\/\/osaka.ma\/#website"},"primaryImageOfPage":{"@id":"https:\/\/osaka.ma\/ru\/product\/hybrok-27%e2%80%b3-flame-hf27ifl-ips-165hz\/#primaryimage"},"image":{"@id":"https:\/\/osaka.ma\/ru\/product\/hybrok-27%e2%80%b3-flame-hf27ifl-ips-165hz\/#primaryimage"},"thumbnailUrl":"https:\/\/osaka.ma\/wp-content\/uploads\/2024\/02\/Hybrok-LIGHT-HL27IFL-2722-Full-HD-IPS-165Hz-1ms.png","datePublished":"2024-02-05T17:21:27+00:00","dateModified":"2024-12-18T15:35:46+00:00","breadcrumb":{"@id":"https:\/\/osaka.ma\/ru\/product\/hybrok-27%e2%80%b3-flame-hf27ifl-ips-165hz\/#breadcrumb"},"inLanguage":"de-DE","potentialAction":[{"@type":"ReadAction","target":["https:\/\/osaka.ma\/ru\/product\/hybrok-27%e2%80%b3-flame-hf27ifl-ips-165hz\/"]}]},{"@type":"ImageObject","inLanguage":"de-DE","@id":"https:\/\/osaka.ma\/ru\/product\/hybrok-27%e2%80%b3-flame-hf27ifl-ips-165hz\/#primaryimage","url":"https:\/\/osaka.ma\/wp-content\/uploads\/2024\/02\/Hybrok-LIGHT-HL27IFL-2722-Full-HD-IPS-165Hz-1ms.png","contentUrl":"https:\/\/osaka.ma\/wp-content\/uploads\/2024\/02\/Hybrok-LIGHT-HL27IFL-2722-Full-HD-IPS-165Hz-1ms.png","width":1620,"height":1300},{"@type":"BreadcrumbList","@id":"https:\/\/osaka.ma\/ru\/product\/hybrok-27%e2%80%b3-flame-hf27ifl-ips-165hz\/#breadcrumb","itemListElement":[{"@type":"ListItem","position":1,"name":"Home","item":"https:\/\/osaka.ma\/"},{"@type":"ListItem","position":2,"name":"Shop","item":"https:\/\/osaka.ma\/shop-2\/"},{"@type":"ListItem","position":3,"name":"HYBROK 27\u2033 FLAME HF27IFL IPS 165HZ"}]},{"@type":"WebSite","@id":"https:\/\/osaka.ma\/#website","url":"https:\/\/osaka.ma\/","name":"Osaka","description":"","publisher":{"@id":"https:\/\/osaka.ma\/#organization"},"potentialAction":[{"@type":"SearchAction","target":{"@type":"EntryPoint","urlTemplate":"https:\/\/osaka.ma\/?s={search_term_string}"},"query-input":{"@type":"PropertyValueSpecification","valueRequired":true,"valueName":"search_term_string"}}],"inLanguage":"de-DE"},{"@type":"Organization","@id":"https:\/\/osaka.ma\/#organization","name":"Osaka","url":"https:\/\/osaka.ma\/","logo":{"@type":"ImageObject","inLanguage":"de-DE","@id":"https:\/\/osaka.ma\/#\/schema\/logo\/image\/","url":"https:\/\/osaka.ma\/wp-content\/uploads\/2026\/01\/model-slogan-logo-2Plan-de-travail-1dksl-plus-finnn.png","contentUrl":"https:\/\/osaka.ma\/wp-content\/uploads\/2026\/01\/model-slogan-logo-2Plan-de-travail-1dksl-plus-finnn.png","width":842,"height":226,"caption":"Osaka"},"image":{"@id":"https:\/\/osaka.ma\/#\/schema\/logo\/image\/"}}]}},"jetpack_sharing_enabled":true,"brands":[],"_links":{"self":[{"href":"https:\/\/osaka.ma\/de\/wp-json\/wp\/v2\/product\/7279","targetHints":{"allow":["GET"]}}],"collection":[{"href":"https:\/\/osaka.ma\/de\/wp-json\/wp\/v2\/product"}],"about":[{"href":"https:\/\/osaka.ma\/de\/wp-json\/wp\/v2\/types\/product"}],"version-history":[{"count":0,"href":"https:\/\/osaka.ma\/de\/wp-json\/wp\/v2\/product\/7279\/revisions"}],"wp:featuredmedia":[{"embeddable":true,"href":"https:\/\/osaka.ma\/de\/wp-json\/wp\/v2\/media\/1007280"}],"wp:attachment":[{"href":"https:\/\/osaka.ma\/de\/wp-json\/wp\/v2\/media?parent=7279"}],"wp:term":[{"taxonomy":"pwb-brand","embeddable":true,"href":"https:\/\/osaka.ma\/de\/wp-json\/wp\/v2\/pwb-brand?post=7279"},{"taxonomy":"product_brand","embeddable":true,"href":"https:\/\/osaka.ma\/de\/wp-json\/wp\/v2\/product_brand?post=7279"},{"taxonomy":"product_cat","embeddable":true,"href":"https:\/\/osaka.ma\/de\/wp-json\/wp\/v2\/product_cat?post=7279"},{"taxonomy":"product_tag","embeddable":true,"href":"https:\/\/osaka.ma\/de\/wp-json\/wp\/v2\/product_tag?post=7279"},{"taxonomy":"pcb_component_type","embeddable":true,"href":"https:\/\/osaka.ma\/de\/wp-json\/wp\/v2\/pcb_component_type?post=7279"}],"curies":[{"name":"wp","href":"https:\/\/api.w.org\/{rel}","templated":true}]}}